{"id":456434,"date":"2026-04-16T05:22:46","date_gmt":"2026-04-16T05:22:46","guid":{"rendered":"http:\/\/tourcruiser.com\/product\/custom-shoes-nike-hyperdunk-x-low-juice-pink"},"modified":"2026-04-16T05:22:46","modified_gmt":"2026-04-16T05:22:46","slug":"custom-shoes-nike-hyperdunk-x-low-juice-pink","status":"publish","type":"product","link":"https:\/\/tourcruiser.com\/uk\/products\/custom-shoes-nike-hyperdunk-x-low-juice-pink\/","title":{"rendered":"[Custom Shoes] Nike Hyperdunk X Low &#8216;Juice Pink&#8217;"},"content":{"rendered":"<p>Experience unparalleled performance with the Nike Hyperdunk X Low \u00e2\u20ac\u0153Juice Pink\u00e2\u20ac\u009d custom shoes. These stylish Trainers perfectly combine style and functionality and impress with their dynamic \u00e2\u20ac\u0153Juice Pink\u00e2\u20ac\u009d Colour, which causes a stir both on and off the court. Thanks to advanced cushioning, they offer superior comfort and secure support and guarantee maximum agility while playing. Step up your game and express your unique style with these must-have Trainers. Perfect for athletes and trendsetters.<br \/>\n Style Code: AR0465-100 (Team76-\u00e6\u017e\u0153\u00e6\u00b1\u0081\u00e7\u00b2\u2030S-BOX)<br \/>\n Colour: Pink<br \/>\n Style Code: AR0465-100 (Juice Pink)&#8230;<\/p>\n","protected":false},"excerpt":{"rendered":"<p>Experience unparalleled performance with the Nike Hyperdunk X Low \u00e2\u20ac\u0153Juice Pink\u00e2\u20ac\u009d custom shoes. These stylish Trainers perfectly combine style and functionality and impress with their dynamic \u00e2\u20ac\u0153Juice Pink\u00e2\u20ac\u009d Colour, which causes a stir both on and off the court. Thanks to advanced cushioning, they offer superior comfort and secure support and guarantee maximum agility while [&hellip;]<\/p>\n","protected":false},"featured_media":456435,"comment_status":"open","ping_status":"closed","template":"","meta":[],"product_brand":[],"product_cat":[73678,75144,73276,46879],"product_tag":[74860,74887,74847,75063,46867,74877],"class_list":{"0":"post-456434","1":"product","2":"type-product","3":"status-publish","4":"has-post-thumbnail","6":"product_cat-basketball-shoes","7":"product_cat-nike-hyperdunk-x","8":"product_cat-gender-men","9":"product_cat-nike","10":"product_tag-basketballschuhe","11":"product_tag-basketballschuhe-mit-kna-cheluntersta-tzung","12":"product_tag-geschenk-fa-r-ihn","13":"product_tag-maaygeschneiderte-schuhe","14":"product_tag-nike","15":"product_tag-performance-sportschuhe","16":"wcpa_has_options","18":"first","19":"instock","20":"taxable","21":"shipping-taxable","22":"purchasable","23":"product-type-simple"},"wcpa_form_fields":{"rules":{"pric_overide_base_price":false,"pric_overide_base_price_if_gt_zero":false,"pric_overide_base_price_fully":false,"pric_cal_option_once":false,"pric_use_as_fee":false,"bind_quantity":false,"quantity_bind_formula":false},"fields":[{"type":"color-group","required":true,"elementId":"wcpa-color-group-66866c84d99fd","label":"Size","inline":true,"priceOptions":"different_for_all","pricingType":"fixed","className":"hassizechart product-shoes-size-eu product-shoes-size","name":"color-group-66866c84d9a0e","disp_type":"square","selection_type":"tick-border","disp_size":"50","show_label_inside":true,"adjust_width":true,"cart_display_type":"text","other_text":"Other","cl_rule":"show","col":6,"values":[{"label":"UK","value":"UK","price":"","pimage":"","pimage_id":"","pthumb":"","color":"","selected":true},{"label":"EU","value":"EU","price":"","pimage":"","pimage_id":"","pthumb":"","color":""}],"relations":[{"operator":false,"rules":[{"operator":false,"rules":{"cl_field":"0","cl_relation":"is","cl_val":false}}]}],"form_id":429670,"form_rules":{"pric_cal_option_once":false,"exclude_from_discount":false,"pric_use_as_fee":false,"fee_label":"Fee","render_after_acb":false,"disp_hide_options_price":false}},{"type":"color-group","required":true,"elementId":"wcpa-color-group-1775151006647","label":"","inline":true,"priceOptions":"different_for_all","pricingType":"fixed","className":"product-shoes-size","name":"color-group-1775151006646","disp_type":"square","selection_type":"tick-border","disp_size":"50","show_label_inside":true,"adjust_width":true,"cart_display_type":"text","other_text":"Other","enableCl":true,"cl_rule":"show","cl_val":"UK","col":6,"values":[{"label":"3","value":"UK 3","price":"","pimage":"","pimage_id":"","pthumb":"","color":""},{"label":"3.5","value":"UK 3.5","price":"","pimage":"","pimage_id":"","pthumb":"","color":""},{"label":"4","value":"UK 4","price":"","pimage":"","pimage_id":"","pthumb":"","color":""},{"label":"4.5","value":"UK 4.5","price":"","pimage":"","pimage_id":"","pthumb":"","color":""},{"label":"5","value":"UK 5","price":"","pimage":"","pimage_id":"","pthumb":"","color":""},{"label":"5.5","value":"UK 5.5","price":"","pimage":"","pimage_id":"","pthumb":"","color":""},{"label":"6","value":"UK 6","price":"","pimage":"","pimage_id":"","pthumb":"","color":""},{"label":"6.5","value":"UK 6.5","price":"","pimage":"","pimage_id":"","pthumb":"","color":""},{"label":"7","value":"UK 7","price":"","pimage":"","pimage_id":"","pthumb":"","color":""},{"label":"7.5","value":"UK 7.5","price":"","pimage":"","pimage_id":"","pthumb":"","color":""},{"label":"8","value":"UK 8","price":"","pimage":"","pimage_id":"","pthumb":"","color":""},{"label":"8.5","value":"UK 8.5","price":"","pimage":"","pimage_id":"","pthumb":"","color":""},{"label":"9","value":"UK 9","price":"","pimage":"","pimage_id":"","pthumb":"","color":""},{"label":"9.5","value":"UK 9.5","price":"","pimage":"","pimage_id":"","pthumb":"","color":""},{"label":"10","value":"UK 10","price":"","pimage":"","pimage_id":"","pthumb":"","color":""},{"label":"10.5","value":"UK 10.5","price":"","pimage":"","pimage_id":"","pthumb":"","color":""},{"label":"11","value":"UK 11","price":"","pimage":"","pimage_id":"","pthumb":"","color":""},{"label":"11.5","value":"UK 11.5","price":"","pimage":"","pimage_id":"","pthumb":"","color":""},{"label":"12","value":"UK 12","price":"","pimage":"","pimage_id":"","pthumb":"","color":""},{"label":"12.5","value":"UK 12.5","price":"","pimage":"","pimage_id":"","pthumb":"","color":""}],"relations":[{"operator":false,"rules":[{"operator":false,"rules":{"cl_field":"wcpa-color-group-66866c84d99fd","cl_relation":"is","cl_val":{"i":"0","value":"UK"}}}]}],"form_id":429670,"form_rules":{"pric_cal_option_once":false,"exclude_from_discount":false,"pric_use_as_fee":false,"fee_label":"Fee","render_after_acb":false,"disp_hide_options_price":false}},{"type":"color-group","required":true,"elementId":"wcpa-color-group-66866c84d9a20","label":"","inline":true,"priceOptions":"different_for_all","pricingType":"fixed","className":"product-shoes-size","name":"color-group-66866c84d9a31","disp_type":"square","selection_type":"tick-border","disp_size":"50","show_label_inside":true,"adjust_width":true,"cart_display_type":"text","other_text":"Other","enableCl":true,"cl_rule":"show","cl_val":"EU","col":6,"values":[{"label":"35.5","value":"EU 35.5","price":"","pimage":"","pimage_id":"","pthumb":"","color":""},{"label":"36","value":"EU 36","price":"","pimage":"","pimage_id":"","pthumb":"","color":""},{"label":"36.5","value":"EU 36.5","price":"","pimage":"","pimage_id":"","pthumb":"","color":""},{"label":"37.5","value":"EU 37.5","price":"","pimage":"","pimage_id":"","pthumb":"","color":""},{"label":"38","value":"EU 38","price":"","pimage":"","pimage_id":"","pthumb":"","color":""},{"label":"38.5","value":"EU 38.5","price":"","pimage":"","pimage_id":"","pthumb":"","color":""},{"label":"39","value":"EU 39","price":"","pimage":"","pimage_id":"","pthumb":"","color":""},{"label":"40","value":"EU 40","price":"","pimage":"","pimage_id":"","pthumb":"","color":""},{"label":"40.5","value":"EU 40.5","price":"","pimage":"","pimage_id":"","pthumb":"","color":""},{"label":"41","value":"EU 41","price":"","pimage":"","pimage_id":"","pthumb":"","color":""},{"label":"42","value":"EU 42","price":"","pimage":"","pimage_id":"","pthumb":"","color":""},{"label":"42.5","value":"EU 42.5","price":"","pimage":"","pimage_id":"","pthumb":"","color":""},{"label":"43","value":"EU 43","price":"","pimage":"","pimage_id":"","pthumb":"","color":""},{"label":"44","value":"EU 44","price":"","pimage":"","pimage_id":"","pthumb":"","color":""},{"label":"44.5","value":"EU 44.5","price":"","pimage":"","pimage_id":"","pthumb":"","color":""},{"label":"45","value":"EU 45","price":"","pimage":"","pimage_id":"","pthumb":"","color":""},{"label":"45.5","value":"EU 45.5","price":"","pimage":"","pimage_id":"","pthumb":"","color":""},{"label":"46","value":"EU 46","price":"","pimage":"","pimage_id":"","pthumb":"","color":""},{"label":"47","value":"EU 47","price":"","pimage":"","pimage_id":"","pthumb":"","color":""},{"label":"47.5","value":"EU 47.5","price":"","pimage":"","pimage_id":"","pthumb":"","color":""},{"label":"48","value":"EU 48","price":"","pimage":"","pimage_id":"","pthumb":"","color":""}],"relations":[{"operator":false,"rules":[{"operator":false,"rules":{"cl_field":"wcpa-color-group-66866c84d99fd","cl_relation":"is","cl_val":{"i":"1","value":"EU"}}}]}],"form_id":429670,"form_rules":{"pric_cal_option_once":false,"exclude_from_discount":false,"pric_use_as_fee":false,"fee_label":"Fee","render_after_acb":false,"disp_hide_options_price":false}}]},"yoast_head":"<!-- This site is optimized with the Yoast SEO plugin v26.5 - https:\/\/yoast.com\/wordpress\/plugins\/seo\/ -->\n<title>[Custom Shoes] Nike Hyperdunk X Low &#039;Juice Pink&#039; - TOURCRUISER PTE. LTD<\/title>\n<meta name=\"robots\" content=\"index, follow, max-snippet:-1, max-image-preview:large, max-video-preview:-1\" \/>\n<link rel=\"canonical\" href=\"https:\/\/tourcruiser.com\/uk\/products\/custom-shoes-nike-hyperdunk-x-low-juice-pink\/\" \/>\n<meta property=\"og:locale\" content=\"en_GB\" \/>\n<meta property=\"og:type\" content=\"article\" \/>\n<meta property=\"og:title\" content=\"[Custom Shoes] Nike Hyperdunk X Low &#039;Juice Pink&#039; - TOURCRUISER PTE. LTD\" \/>\n<meta property=\"og:description\" content=\"Experience unparalleled performance with the Nike Hyperdunk X Low \u00e2\u20ac\u0153Juice Pink\u00e2\u20ac\u009d custom shoes. These stylish Trainers perfectly combine style and functionality and impress with their dynamic \u00e2\u20ac\u0153Juice Pink\u00e2\u20ac\u009d Colour, which causes a stir both on and off the court. Thanks to advanced cushioning, they offer superior comfort and secure support and guarantee maximum agility while [&hellip;]\" \/>\n<meta property=\"og:url\" content=\"https:\/\/tourcruiser.com\/uk\/products\/custom-shoes-nike-hyperdunk-x-low-juice-pink\/\" \/>\n<meta property=\"og:site_name\" content=\"Tourcruiser Sneaker Store\" \/>\n<meta name=\"twitter:card\" content=\"summary_large_image\" \/>\n<meta name=\"twitter:image\" content=\"https:\/\/images.novelship.com\/product\/_custom_shoes__nike_hyperdunk_x_low__juice_pink__0_16904.jpeg\" \/>\n<script type=\"application\/ld+json\" class=\"yoast-schema-graph\">{\"@context\":\"https:\/\/schema.org\",\"@graph\":[{\"@type\":\"WebPage\",\"@id\":\"https:\/\/tourcruiser.com\/uk\/products\/custom-shoes-nike-hyperdunk-x-low-juice-pink\/\",\"url\":\"https:\/\/tourcruiser.com\/uk\/products\/custom-shoes-nike-hyperdunk-x-low-juice-pink\/\",\"name\":\"[Custom Shoes] Nike Hyperdunk X Low 'Juice Pink' - TOURCRUISER PTE. LTD\",\"isPartOf\":{\"@id\":\"https:\/\/tourcruiser.com\/uk\/#website\"},\"primaryImageOfPage\":{\"@id\":\"https:\/\/tourcruiser.com\/uk\/products\/custom-shoes-nike-hyperdunk-x-low-juice-pink\/#primaryimage\"},\"image\":{\"@id\":\"https:\/\/tourcruiser.com\/uk\/products\/custom-shoes-nike-hyperdunk-x-low-juice-pink\/#primaryimage\"},\"thumbnailUrl\":\"https:\/\/images.novelship.com\/product\/_custom_shoes__nike_hyperdunk_x_low__juice_pink__0_16904.jpeg\",\"datePublished\":\"2026-04-16T05:22:46+00:00\",\"breadcrumb\":{\"@id\":\"https:\/\/tourcruiser.com\/uk\/products\/custom-shoes-nike-hyperdunk-x-low-juice-pink\/#breadcrumb\"},\"inLanguage\":\"en-GB\",\"potentialAction\":[{\"@type\":\"ReadAction\",\"target\":[\"https:\/\/tourcruiser.com\/uk\/products\/custom-shoes-nike-hyperdunk-x-low-juice-pink\/\"]}]},{\"@type\":\"ImageObject\",\"inLanguage\":\"en-GB\",\"@id\":\"https:\/\/tourcruiser.com\/uk\/products\/custom-shoes-nike-hyperdunk-x-low-juice-pink\/#primaryimage\",\"url\":\"https:\/\/images.novelship.com\/product\/_custom_shoes__nike_hyperdunk_x_low__juice_pink__0_16904.jpeg\",\"contentUrl\":\"https:\/\/images.novelship.com\/product\/_custom_shoes__nike_hyperdunk_x_low__juice_pink__0_16904.jpeg\"},{\"@type\":\"BreadcrumbList\",\"@id\":\"https:\/\/tourcruiser.com\/uk\/products\/custom-shoes-nike-hyperdunk-x-low-juice-pink\/#breadcrumb\",\"itemListElement\":[{\"@type\":\"ListItem\",\"position\":1,\"name\":\"Home\",\"item\":\"https:\/\/tourcruiser.com\/uk\/\"},{\"@type\":\"ListItem\",\"position\":2,\"name\":\"Shop\",\"item\":\"https:\/\/tourcruiser.com\/uk\/shop\/\"},{\"@type\":\"ListItem\",\"position\":3,\"name\":\"[Custom Shoes] Nike Hyperdunk X Low &#8216;Juice Pink&#8217;\"}]},{\"@type\":\"WebSite\",\"@id\":\"https:\/\/tourcruiser.com\/uk\/#website\",\"url\":\"https:\/\/tourcruiser.com\/uk\/\",\"name\":\"Styloral Jewelry Shop\",\"description\":\"Tourcruiser Sneaker Store \u2014 where the universe meets your individuality.\",\"publisher\":{\"@id\":\"https:\/\/tourcruiser.com\/uk\/#organization\"},\"potentialAction\":[{\"@type\":\"SearchAction\",\"target\":{\"@type\":\"EntryPoint\",\"urlTemplate\":\"https:\/\/tourcruiser.com\/uk\/?s={search_term_string}\"},\"query-input\":{\"@type\":\"PropertyValueSpecification\",\"valueRequired\":true,\"valueName\":\"search_term_string\"}}],\"inLanguage\":\"en-GB\"},{\"@type\":\"Organization\",\"@id\":\"https:\/\/tourcruiser.com\/uk\/#organization\",\"name\":\"STYLORAL PTE. LTD\",\"url\":\"https:\/\/tourcruiser.com\/uk\/\",\"logo\":{\"@type\":\"ImageObject\",\"inLanguage\":\"en-GB\",\"@id\":\"https:\/\/tourcruiser.com\/uk\/#\/schema\/logo\/image\/\",\"url\":\"https:\/\/www.tourcruiser.com\/wp-content\/uploads\/2025\/12\/logo.png\",\"contentUrl\":\"https:\/\/www.tourcruiser.com\/wp-content\/uploads\/2025\/12\/logo.png\",\"width\":200,\"height\":65,\"caption\":\"STYLORAL PTE. LTD\"},\"image\":{\"@id\":\"https:\/\/tourcruiser.com\/uk\/#\/schema\/logo\/image\/\"}}]}<\/script>\n<!-- \/ Yoast SEO plugin. -->","yoast_head_json":{"title":"[Custom Shoes] Nike Hyperdunk X Low 'Juice Pink' - TOURCRUISER PTE. LTD","robots":{"index":"index","follow":"follow","max-snippet":"max-snippet:-1","max-image-preview":"max-image-preview:large","max-video-preview":"max-video-preview:-1"},"canonical":"https:\/\/tourcruiser.com\/uk\/products\/custom-shoes-nike-hyperdunk-x-low-juice-pink\/","og_locale":"en_GB","og_type":"article","og_title":"[Custom Shoes] Nike Hyperdunk X Low 'Juice Pink' - TOURCRUISER PTE. LTD","og_description":"Experience unparalleled performance with the Nike Hyperdunk X Low \u00e2\u20ac\u0153Juice Pink\u00e2\u20ac\u009d custom shoes. These stylish Trainers perfectly combine style and functionality and impress with their dynamic \u00e2\u20ac\u0153Juice Pink\u00e2\u20ac\u009d Colour, which causes a stir both on and off the court. Thanks to advanced cushioning, they offer superior comfort and secure support and guarantee maximum agility while [&hellip;]","og_url":"https:\/\/tourcruiser.com\/uk\/products\/custom-shoes-nike-hyperdunk-x-low-juice-pink\/","og_site_name":"Tourcruiser Sneaker Store","twitter_card":"summary_large_image","twitter_image":"https:\/\/images.novelship.com\/product\/_custom_shoes__nike_hyperdunk_x_low__juice_pink__0_16904.jpeg","schema":{"@context":"https:\/\/schema.org","@graph":[{"@type":"WebPage","@id":"https:\/\/tourcruiser.com\/uk\/products\/custom-shoes-nike-hyperdunk-x-low-juice-pink\/","url":"https:\/\/tourcruiser.com\/uk\/products\/custom-shoes-nike-hyperdunk-x-low-juice-pink\/","name":"[Custom Shoes] Nike Hyperdunk X Low 'Juice Pink' - TOURCRUISER PTE. LTD","isPartOf":{"@id":"https:\/\/tourcruiser.com\/uk\/#website"},"primaryImageOfPage":{"@id":"https:\/\/tourcruiser.com\/uk\/products\/custom-shoes-nike-hyperdunk-x-low-juice-pink\/#primaryimage"},"image":{"@id":"https:\/\/tourcruiser.com\/uk\/products\/custom-shoes-nike-hyperdunk-x-low-juice-pink\/#primaryimage"},"thumbnailUrl":"https:\/\/images.novelship.com\/product\/_custom_shoes__nike_hyperdunk_x_low__juice_pink__0_16904.jpeg","datePublished":"2026-04-16T05:22:46+00:00","breadcrumb":{"@id":"https:\/\/tourcruiser.com\/uk\/products\/custom-shoes-nike-hyperdunk-x-low-juice-pink\/#breadcrumb"},"inLanguage":"en-GB","potentialAction":[{"@type":"ReadAction","target":["https:\/\/tourcruiser.com\/uk\/products\/custom-shoes-nike-hyperdunk-x-low-juice-pink\/"]}]},{"@type":"ImageObject","inLanguage":"en-GB","@id":"https:\/\/tourcruiser.com\/uk\/products\/custom-shoes-nike-hyperdunk-x-low-juice-pink\/#primaryimage","url":"https:\/\/images.novelship.com\/product\/_custom_shoes__nike_hyperdunk_x_low__juice_pink__0_16904.jpeg","contentUrl":"https:\/\/images.novelship.com\/product\/_custom_shoes__nike_hyperdunk_x_low__juice_pink__0_16904.jpeg"},{"@type":"BreadcrumbList","@id":"https:\/\/tourcruiser.com\/uk\/products\/custom-shoes-nike-hyperdunk-x-low-juice-pink\/#breadcrumb","itemListElement":[{"@type":"ListItem","position":1,"name":"Home","item":"https:\/\/tourcruiser.com\/uk\/"},{"@type":"ListItem","position":2,"name":"Shop","item":"https:\/\/tourcruiser.com\/uk\/shop\/"},{"@type":"ListItem","position":3,"name":"[Custom Shoes] Nike Hyperdunk X Low &#8216;Juice Pink&#8217;"}]},{"@type":"WebSite","@id":"https:\/\/tourcruiser.com\/uk\/#website","url":"https:\/\/tourcruiser.com\/uk\/","name":"Styloral Jewelry Shop","description":"Tourcruiser Sneaker Store \u2014 where the universe meets your individuality.","publisher":{"@id":"https:\/\/tourcruiser.com\/uk\/#organization"},"potentialAction":[{"@type":"SearchAction","target":{"@type":"EntryPoint","urlTemplate":"https:\/\/tourcruiser.com\/uk\/?s={search_term_string}"},"query-input":{"@type":"PropertyValueSpecification","valueRequired":true,"valueName":"search_term_string"}}],"inLanguage":"en-GB"},{"@type":"Organization","@id":"https:\/\/tourcruiser.com\/uk\/#organization","name":"STYLORAL PTE. LTD","url":"https:\/\/tourcruiser.com\/uk\/","logo":{"@type":"ImageObject","inLanguage":"en-GB","@id":"https:\/\/tourcruiser.com\/uk\/#\/schema\/logo\/image\/","url":"https:\/\/www.tourcruiser.com\/wp-content\/uploads\/2025\/12\/logo.png","contentUrl":"https:\/\/www.tourcruiser.com\/wp-content\/uploads\/2025\/12\/logo.png","width":200,"height":65,"caption":"STYLORAL PTE. LTD"},"image":{"@id":"https:\/\/tourcruiser.com\/uk\/#\/schema\/logo\/image\/"}}]}},"_links":{"self":[{"href":"https:\/\/tourcruiser.com\/uk\/wp-json\/wp\/v2\/product\/456434","targetHints":{"allow":["GET"]}}],"collection":[{"href":"https:\/\/tourcruiser.com\/uk\/wp-json\/wp\/v2\/product"}],"about":[{"href":"https:\/\/tourcruiser.com\/uk\/wp-json\/wp\/v2\/types\/product"}],"replies":[{"embeddable":true,"href":"https:\/\/tourcruiser.com\/uk\/wp-json\/wp\/v2\/comments?post=456434"}],"wp:featuredmedia":[{"embeddable":true,"href":"https:\/\/tourcruiser.com\/uk\/wp-json\/wp\/v2\/media\/456435"}],"wp:attachment":[{"href":"https:\/\/tourcruiser.com\/uk\/wp-json\/wp\/v2\/media?parent=456434"}],"wp:term":[{"taxonomy":"product_brand","embeddable":true,"href":"https:\/\/tourcruiser.com\/uk\/wp-json\/wp\/v2\/product_brand?post=456434"},{"taxonomy":"product_cat","embeddable":true,"href":"https:\/\/tourcruiser.com\/uk\/wp-json\/wp\/v2\/product_cat?post=456434"},{"taxonomy":"product_tag","embeddable":true,"href":"https:\/\/tourcruiser.com\/uk\/wp-json\/wp\/v2\/product_tag?post=456434"}],"curies":[{"name":"wp","href":"https:\/\/api.w.org\/{rel}","templated":true}]}}