{"id":456240,"date":"2026-04-16T05:22:07","date_gmt":"2026-04-16T05:22:07","guid":{"rendered":"http:\/\/tourcruiser.com\/product\/custom-shoes-women-nike-dunk-low-retro-sleepy-panda"},"modified":"2026-04-16T05:22:07","modified_gmt":"2026-04-16T05:22:07","slug":"custom-shoes-women-nike-dunk-low-retro-sleepy-panda","status":"publish","type":"product","link":"https:\/\/tourcruiser.com\/uk\/products\/custom-shoes-women-nike-dunk-low-retro-sleepy-panda\/","title":{"rendered":"[Custom Shoes] (Women) Nike Dunk Low Retro &#8216;Sleepy Panda&#8217;"},"content":{"rendered":"<p>Combine style and comfort with the Custom Shoes Nike Dunk Low Retro \u00e2\u20ac\u0153Sleepy Panda\u00e2\u20ac\u009d for women. The playful panda design makes this classic Trainer the perfect companion for any outfit. Made from high-quality materials for unmatched durability, it offers all-day comfort thanks to responsive cushioning and a secure fit. The unique, eye-catching panda accents will set you apart from the crowd and make it the ideal shoe for fashion-conscious women. Show yourself self-confidence and emphasize your personality with every step in these extraordinary Trainers.<\/p>\n<ul>\n<li><strong>Style Code:<\/strong> DD1503-101 (Team84-\u00e5\u00a5\u00b3\u00e6\u00ac\u00be\u00e7\u2020\u0160\u00e7\u0152\u00abS-BOX)<\/li>\n<li><strong>Colour:<\/strong> Black<\/li>\n<\/ul>\n","protected":false},"excerpt":{"rendered":"<p>Combine style and comfort with the Custom Shoes Nike Dunk Low Retro \u00e2\u20ac\u0153Sleepy Panda\u00e2\u20ac\u009d for women. The playful panda design makes this classic Trainer the perfect companion for any outfit. Made from high-quality materials for unmatched durability, it offers all-day comfort thanks to responsive cushioning and a secure fit. The unique, eye-catching panda accents will [&hellip;]<\/p>\n","protected":false},"featured_media":456241,"comment_status":"open","ping_status":"closed","template":"","meta":[],"product_brand":[],"product_cat":[73406,73398,46879,73289],"product_tag":[74869,74848,74965,75073,75063,46867,74852],"class_list":{"0":"post-456240","1":"product","2":"type-product","3":"status-publish","4":"has-post-thumbnail","6":"product_cat-nike-dunk-low","7":"product_cat-lifestyle-shoes-skateboarding-inspired","8":"product_cat-nike","9":"product_cat-gender-women","10":"product_tag-geschenk-fa-r-sie","11":"product_tag-lifestyle-freizeitschuhe","12":"product_tag-lifestyle-schuhe-basketball-inspiriert","13":"product_tag-lifestyle-schuhe-skateboarding-inspiriert","14":"product_tag-maaygeschneiderte-schuhe","15":"product_tag-nike","16":"product_tag-unter-retailpreis","17":"wcpa_has_options","19":"first","20":"instock","21":"taxable","22":"shipping-taxable","23":"purchasable","24":"product-type-simple"},"wcpa_form_fields":{"rules":{"pric_overide_base_price":false,"pric_overide_base_price_if_gt_zero":false,"pric_overide_base_price_fully":false,"pric_cal_option_once":false,"pric_use_as_fee":false,"bind_quantity":false,"quantity_bind_formula":false},"fields":[{"type":"color-group","required":true,"elementId":"wcpa-color-group-66866c84d99fd","label":"Size","inline":true,"priceOptions":"different_for_all","pricingType":"fixed","className":"hassizechart product-shoes-size-eu product-shoes-size","name":"color-group-66866c84d9a0e","disp_type":"square","selection_type":"tick-border","disp_size":"50","show_label_inside":true,"adjust_width":true,"cart_display_type":"text","other_text":"Other","cl_rule":"show","col":6,"values":[{"label":"UK","value":"UK","price":"","pimage":"","pimage_id":"","pthumb":"","color":"","selected":true},{"label":"EU","value":"EU","price":"","pimage":"","pimage_id":"","pthumb":"","color":""}],"relations":[{"operator":false,"rules":[{"operator":false,"rules":{"cl_field":"0","cl_relation":"is","cl_val":false}}]}],"form_id":429670,"form_rules":{"pric_cal_option_once":false,"exclude_from_discount":false,"pric_use_as_fee":false,"fee_label":"Fee","render_after_acb":false,"disp_hide_options_price":false}},{"type":"color-group","required":true,"elementId":"wcpa-color-group-1775151006647","label":"","inline":true,"priceOptions":"different_for_all","pricingType":"fixed","className":"product-shoes-size","name":"color-group-1775151006646","disp_type":"square","selection_type":"tick-border","disp_size":"50","show_label_inside":true,"adjust_width":true,"cart_display_type":"text","other_text":"Other","enableCl":true,"cl_rule":"show","cl_val":"UK","col":6,"values":[{"label":"3","value":"UK 3","price":"","pimage":"","pimage_id":"","pthumb":"","color":""},{"label":"3.5","value":"UK 3.5","price":"","pimage":"","pimage_id":"","pthumb":"","color":""},{"label":"4","value":"UK 4","price":"","pimage":"","pimage_id":"","pthumb":"","color":""},{"label":"4.5","value":"UK 4.5","price":"","pimage":"","pimage_id":"","pthumb":"","color":""},{"label":"5","value":"UK 5","price":"","pimage":"","pimage_id":"","pthumb":"","color":""},{"label":"5.5","value":"UK 5.5","price":"","pimage":"","pimage_id":"","pthumb":"","color":""},{"label":"6","value":"UK 6","price":"","pimage":"","pimage_id":"","pthumb":"","color":""},{"label":"6.5","value":"UK 6.5","price":"","pimage":"","pimage_id":"","pthumb":"","color":""},{"label":"7","value":"UK 7","price":"","pimage":"","pimage_id":"","pthumb":"","color":""},{"label":"7.5","value":"UK 7.5","price":"","pimage":"","pimage_id":"","pthumb":"","color":""},{"label":"8","value":"UK 8","price":"","pimage":"","pimage_id":"","pthumb":"","color":""},{"label":"8.5","value":"UK 8.5","price":"","pimage":"","pimage_id":"","pthumb":"","color":""},{"label":"9","value":"UK 9","price":"","pimage":"","pimage_id":"","pthumb":"","color":""},{"label":"9.5","value":"UK 9.5","price":"","pimage":"","pimage_id":"","pthumb":"","color":""},{"label":"10","value":"UK 10","price":"","pimage":"","pimage_id":"","pthumb":"","color":""},{"label":"10.5","value":"UK 10.5","price":"","pimage":"","pimage_id":"","pthumb":"","color":""},{"label":"11","value":"UK 11","price":"","pimage":"","pimage_id":"","pthumb":"","color":""},{"label":"11.5","value":"UK 11.5","price":"","pimage":"","pimage_id":"","pthumb":"","color":""},{"label":"12","value":"UK 12","price":"","pimage":"","pimage_id":"","pthumb":"","color":""},{"label":"12.5","value":"UK 12.5","price":"","pimage":"","pimage_id":"","pthumb":"","color":""}],"relations":[{"operator":false,"rules":[{"operator":false,"rules":{"cl_field":"wcpa-color-group-66866c84d99fd","cl_relation":"is","cl_val":{"i":"0","value":"UK"}}}]}],"form_id":429670,"form_rules":{"pric_cal_option_once":false,"exclude_from_discount":false,"pric_use_as_fee":false,"fee_label":"Fee","render_after_acb":false,"disp_hide_options_price":false}},{"type":"color-group","required":true,"elementId":"wcpa-color-group-66866c84d9a20","label":"","inline":true,"priceOptions":"different_for_all","pricingType":"fixed","className":"product-shoes-size","name":"color-group-66866c84d9a31","disp_type":"square","selection_type":"tick-border","disp_size":"50","show_label_inside":true,"adjust_width":true,"cart_display_type":"text","other_text":"Other","enableCl":true,"cl_rule":"show","cl_val":"EU","col":6,"values":[{"label":"35.5","value":"EU 35.5","price":"","pimage":"","pimage_id":"","pthumb":"","color":""},{"label":"36","value":"EU 36","price":"","pimage":"","pimage_id":"","pthumb":"","color":""},{"label":"36.5","value":"EU 36.5","price":"","pimage":"","pimage_id":"","pthumb":"","color":""},{"label":"37.5","value":"EU 37.5","price":"","pimage":"","pimage_id":"","pthumb":"","color":""},{"label":"38","value":"EU 38","price":"","pimage":"","pimage_id":"","pthumb":"","color":""},{"label":"38.5","value":"EU 38.5","price":"","pimage":"","pimage_id":"","pthumb":"","color":""},{"label":"39","value":"EU 39","price":"","pimage":"","pimage_id":"","pthumb":"","color":""},{"label":"40","value":"EU 40","price":"","pimage":"","pimage_id":"","pthumb":"","color":""},{"label":"40.5","value":"EU 40.5","price":"","pimage":"","pimage_id":"","pthumb":"","color":""},{"label":"41","value":"EU 41","price":"","pimage":"","pimage_id":"","pthumb":"","color":""},{"label":"42","value":"EU 42","price":"","pimage":"","pimage_id":"","pthumb":"","color":""},{"label":"42.5","value":"EU 42.5","price":"","pimage":"","pimage_id":"","pthumb":"","color":""},{"label":"43","value":"EU 43","price":"","pimage":"","pimage_id":"","pthumb":"","color":""},{"label":"44","value":"EU 44","price":"","pimage":"","pimage_id":"","pthumb":"","color":""},{"label":"44.5","value":"EU 44.5","price":"","pimage":"","pimage_id":"","pthumb":"","color":""},{"label":"45","value":"EU 45","price":"","pimage":"","pimage_id":"","pthumb":"","color":""},{"label":"45.5","value":"EU 45.5","price":"","pimage":"","pimage_id":"","pthumb":"","color":""},{"label":"46","value":"EU 46","price":"","pimage":"","pimage_id":"","pthumb":"","color":""},{"label":"47","value":"EU 47","price":"","pimage":"","pimage_id":"","pthumb":"","color":""},{"label":"47.5","value":"EU 47.5","price":"","pimage":"","pimage_id":"","pthumb":"","color":""},{"label":"48","value":"EU 48","price":"","pimage":"","pimage_id":"","pthumb":"","color":""}],"relations":[{"operator":false,"rules":[{"operator":false,"rules":{"cl_field":"wcpa-color-group-66866c84d99fd","cl_relation":"is","cl_val":{"i":"1","value":"EU"}}}]}],"form_id":429670,"form_rules":{"pric_cal_option_once":false,"exclude_from_discount":false,"pric_use_as_fee":false,"fee_label":"Fee","render_after_acb":false,"disp_hide_options_price":false}}]},"yoast_head":"<!-- This site is optimized with the Yoast SEO plugin v26.5 - https:\/\/yoast.com\/wordpress\/plugins\/seo\/ -->\n<title>[Custom Shoes] (Women) Nike Dunk Low Retro &#039;Sleepy Panda&#039; - TOURCRUISER PTE. LTD<\/title>\n<meta name=\"robots\" content=\"index, follow, max-snippet:-1, max-image-preview:large, max-video-preview:-1\" \/>\n<link rel=\"canonical\" href=\"https:\/\/tourcruiser.com\/\" \/>\n<meta property=\"og:locale\" content=\"en_GB\" \/>\n<meta property=\"og:type\" content=\"article\" \/>\n<meta property=\"og:title\" content=\"[Custom Shoes] (Women) Nike Dunk Low Retro &#039;Sleepy Panda&#039; - TOURCRUISER PTE. LTD\" \/>\n<meta property=\"og:description\" content=\"Combine style and comfort with the Custom Shoes Nike Dunk Low Retro \u00e2\u20ac\u0153Sleepy Panda\u00e2\u20ac\u009d for women. The playful panda design makes this classic Trainer the perfect companion for any outfit. Made from high-quality materials for unmatched durability, it offers all-day comfort thanks to responsive cushioning and a secure fit. The unique, eye-catching panda accents will [&hellip;]\" \/>\n<meta property=\"og:url\" content=\"\/\" \/>\n<meta property=\"og:site_name\" content=\"Tourcruiser Sneaker Store\" \/>\n<meta name=\"twitter:card\" content=\"summary_large_image\" \/>\n<meta name=\"twitter:image\" content=\"https:\/\/images.novelship.com\/product\/_custom_shoes___women__nike_dunk_low_retro__sleepy_0_13225.jpeg\" \/>\n<script type=\"application\/ld+json\" class=\"yoast-schema-graph\">{\"@context\":\"https:\/\/schema.org\",\"@graph\":[{\"@type\":\"WebPage\",\"@id\":\"\/\",\"url\":\"https:\/\/tourcruiser.com\/\",\"name\":\"[Custom Shoes] (Women) Nike Dunk Low Retro 'Sleepy Panda' - TOURCRUISER PTE. LTD\",\"isPartOf\":{\"@id\":\"\/#website\"},\"primaryImageOfPage\":{\"@id\":\"https:\/\/tourcruiser.com\/#primaryimage\"},\"image\":{\"@id\":\"https:\/\/tourcruiser.com\/#primaryimage\"},\"thumbnailUrl\":\"https:\/\/images.novelship.com\/product\/_custom_shoes___women__nike_dunk_low_retro__sleepy_0_13225.jpeg\",\"datePublished\":\"2026-04-16T05:22:07+00:00\",\"breadcrumb\":{\"@id\":\"https:\/\/tourcruiser.com\/#breadcrumb\"},\"inLanguage\":\"en-GB\",\"potentialAction\":[{\"@type\":\"ReadAction\",\"target\":[\"https:\/\/tourcruiser.com\/\"]}]},{\"@type\":\"ImageObject\",\"inLanguage\":\"en-GB\",\"@id\":\"https:\/\/tourcruiser.com\/#primaryimage\",\"url\":\"https:\/\/images.novelship.com\/product\/_custom_shoes___women__nike_dunk_low_retro__sleepy_0_13225.jpeg\",\"contentUrl\":\"https:\/\/images.novelship.com\/product\/_custom_shoes___women__nike_dunk_low_retro__sleepy_0_13225.jpeg\"},{\"@type\":\"BreadcrumbList\",\"@id\":\"https:\/\/tourcruiser.com\/#breadcrumb\",\"itemListElement\":[{\"@type\":\"ListItem\",\"position\":1,\"name\":\"Home\",\"item\":\"https:\/\/tourcruiser.com\/uk\/\"},{\"@type\":\"ListItem\",\"position\":2,\"name\":\"Shop\",\"item\":\"https:\/\/tourcruiser.com\/uk\/shop\/\"},{\"@type\":\"ListItem\",\"position\":3,\"name\":\"[Custom Shoes] (Women) Nike Dunk Low Retro &#8216;Sleepy Panda&#8217;\"}]},{\"@type\":\"WebSite\",\"@id\":\"\/#website\",\"url\":\"\/\",\"name\":\"Styloral Jewelry Shop\",\"description\":\"Tourcruiser Sneaker Store \u2014 where the universe meets your individuality.\",\"publisher\":{\"@id\":\"\/#organization\"},\"potentialAction\":[{\"@type\":\"SearchAction\",\"target\":{\"@type\":\"EntryPoint\",\"urlTemplate\":\"\/?s={search_term_string}\"},\"query-input\":{\"@type\":\"PropertyValueSpecification\",\"valueRequired\":true,\"valueName\":\"search_term_string\"}}],\"inLanguage\":\"en-GB\"},{\"@type\":\"Organization\",\"@id\":\"\/#organization\",\"name\":\"STYLORAL PTE. LTD\",\"url\":\"\/\",\"logo\":{\"@type\":\"ImageObject\",\"inLanguage\":\"en-GB\",\"@id\":\"\/#\/schema\/logo\/image\/\",\"url\":\"https:\/\/www.tourcruiser.com\/wp-content\/uploads\/2025\/12\/logo.png\",\"contentUrl\":\"https:\/\/www.tourcruiser.com\/wp-content\/uploads\/2025\/12\/logo.png\",\"width\":200,\"height\":65,\"caption\":\"STYLORAL PTE. LTD\"},\"image\":{\"@id\":\"\/#\/schema\/logo\/image\/\"}}]}<\/script>\n<!-- \/ Yoast SEO plugin. -->","yoast_head_json":{"title":"[Custom Shoes] (Women) Nike Dunk Low Retro 'Sleepy Panda' - TOURCRUISER PTE. LTD","robots":{"index":"index","follow":"follow","max-snippet":"max-snippet:-1","max-image-preview":"max-image-preview:large","max-video-preview":"max-video-preview:-1"},"canonical":"https:\/\/tourcruiser.com\/","og_locale":"en_GB","og_type":"article","og_title":"[Custom Shoes] (Women) Nike Dunk Low Retro 'Sleepy Panda' - TOURCRUISER PTE. LTD","og_description":"Combine style and comfort with the Custom Shoes Nike Dunk Low Retro \u00e2\u20ac\u0153Sleepy Panda\u00e2\u20ac\u009d for women. The playful panda design makes this classic Trainer the perfect companion for any outfit. Made from high-quality materials for unmatched durability, it offers all-day comfort thanks to responsive cushioning and a secure fit. The unique, eye-catching panda accents will [&hellip;]","og_url":"\/","og_site_name":"Tourcruiser Sneaker Store","twitter_card":"summary_large_image","twitter_image":"https:\/\/images.novelship.com\/product\/_custom_shoes___women__nike_dunk_low_retro__sleepy_0_13225.jpeg","schema":{"@context":"https:\/\/schema.org","@graph":[{"@type":"WebPage","@id":"\/","url":"https:\/\/tourcruiser.com\/","name":"[Custom Shoes] (Women) Nike Dunk Low Retro 'Sleepy Panda' - TOURCRUISER PTE. LTD","isPartOf":{"@id":"\/#website"},"primaryImageOfPage":{"@id":"https:\/\/tourcruiser.com\/#primaryimage"},"image":{"@id":"https:\/\/tourcruiser.com\/#primaryimage"},"thumbnailUrl":"https:\/\/images.novelship.com\/product\/_custom_shoes___women__nike_dunk_low_retro__sleepy_0_13225.jpeg","datePublished":"2026-04-16T05:22:07+00:00","breadcrumb":{"@id":"https:\/\/tourcruiser.com\/#breadcrumb"},"inLanguage":"en-GB","potentialAction":[{"@type":"ReadAction","target":["https:\/\/tourcruiser.com\/"]}]},{"@type":"ImageObject","inLanguage":"en-GB","@id":"https:\/\/tourcruiser.com\/#primaryimage","url":"https:\/\/images.novelship.com\/product\/_custom_shoes___women__nike_dunk_low_retro__sleepy_0_13225.jpeg","contentUrl":"https:\/\/images.novelship.com\/product\/_custom_shoes___women__nike_dunk_low_retro__sleepy_0_13225.jpeg"},{"@type":"BreadcrumbList","@id":"https:\/\/tourcruiser.com\/#breadcrumb","itemListElement":[{"@type":"ListItem","position":1,"name":"Home","item":"https:\/\/tourcruiser.com\/uk\/"},{"@type":"ListItem","position":2,"name":"Shop","item":"https:\/\/tourcruiser.com\/uk\/shop\/"},{"@type":"ListItem","position":3,"name":"[Custom Shoes] (Women) Nike Dunk Low Retro &#8216;Sleepy Panda&#8217;"}]},{"@type":"WebSite","@id":"\/#website","url":"\/","name":"Styloral Jewelry Shop","description":"Tourcruiser Sneaker Store \u2014 where the universe meets your individuality.","publisher":{"@id":"\/#organization"},"potentialAction":[{"@type":"SearchAction","target":{"@type":"EntryPoint","urlTemplate":"\/?s={search_term_string}"},"query-input":{"@type":"PropertyValueSpecification","valueRequired":true,"valueName":"search_term_string"}}],"inLanguage":"en-GB"},{"@type":"Organization","@id":"\/#organization","name":"STYLORAL PTE. LTD","url":"\/","logo":{"@type":"ImageObject","inLanguage":"en-GB","@id":"\/#\/schema\/logo\/image\/","url":"https:\/\/www.tourcruiser.com\/wp-content\/uploads\/2025\/12\/logo.png","contentUrl":"https:\/\/www.tourcruiser.com\/wp-content\/uploads\/2025\/12\/logo.png","width":200,"height":65,"caption":"STYLORAL PTE. LTD"},"image":{"@id":"\/#\/schema\/logo\/image\/"}}]}},"_links":{"self":[{"href":"https:\/\/tourcruiser.com\/uk\/wp-json\/wp\/v2\/product\/456240","targetHints":{"allow":["GET"]}}],"collection":[{"href":"https:\/\/tourcruiser.com\/uk\/wp-json\/wp\/v2\/product"}],"about":[{"href":"https:\/\/tourcruiser.com\/uk\/wp-json\/wp\/v2\/types\/product"}],"replies":[{"embeddable":true,"href":"https:\/\/tourcruiser.com\/uk\/wp-json\/wp\/v2\/comments?post=456240"}],"wp:featuredmedia":[{"embeddable":true,"href":"https:\/\/tourcruiser.com\/uk\/wp-json\/wp\/v2\/media\/456241"}],"wp:attachment":[{"href":"https:\/\/tourcruiser.com\/uk\/wp-json\/wp\/v2\/media?parent=456240"}],"wp:term":[{"taxonomy":"product_brand","embeddable":true,"href":"https:\/\/tourcruiser.com\/uk\/wp-json\/wp\/v2\/product_brand?post=456240"},{"taxonomy":"product_cat","embeddable":true,"href":"https:\/\/tourcruiser.com\/uk\/wp-json\/wp\/v2\/product_cat?post=456240"},{"taxonomy":"product_tag","embeddable":true,"href":"https:\/\/tourcruiser.com\/uk\/wp-json\/wp\/v2\/product_tag?post=456240"}],"curies":[{"name":"wp","href":"https:\/\/api.w.org\/{rel}","templated":true}]}}