{"id":89308,"date":"2026-03-02T15:25:49","date_gmt":"2026-03-02T08:25:49","guid":{"rendered":"http:\/\/tourcruiser.com\/product\/teddy-santis-x-new-balance-990v1-made-in-usa-marblehead"},"modified":"2026-03-14T18:58:07","modified_gmt":"2026-03-14T11:58:07","slug":"teddy-santis-x-new-balance-990v1-made-in-usa-marblehead","status":"publish","type":"product","link":"https:\/\/tourcruiser.com\/fr\/products\/teddy-santis-x-new-balance-990v1-made-in-usa-marblehead\/","title":{"rendered":"Teddy Santis x New Balance 990v1 Made In USA &lsquo;Marblehead&rsquo;"},"content":{"rendered":"<p>D\u00e9couvrez la sneaker Teddy Santis x New Balance 990v1 Made in USA Marblehead. Fruit d&rsquo;une collaboration, cette sneaker allie le design unique de Teddy Santis au savoir-faire renomm\u00e9 de New Balance. Fabriqu\u00e9e aux \u00c9tats-Unis, elle arbore un \u00e9l\u00e9gant coloris Marblehead et apportera style et polyvalence \u00e0 votre collection de chaussures. Offrant un \u00e9quilibre parfait entre confort et style, cette sneaker est un incontournable pour tout amateur de sneakers. <\/p>\n<p>Coloris\u00a0: Marblehead\/Incense<\/p>\n<p>Code article\u00a0: M990TA1<\/p>\n<p>Tige\u00a0: Daim<\/p>\n<p>Semelle interm\u00e9diaire\u00a0: ENCAP<\/p>\n<p>Coloris\u00a0: Gris<br \/>\nSaison\u00a0: Printemps<\/p>\n<p>Ann\u00e9e de sortie\u00a0: 2022<\/p>\n","protected":false},"excerpt":{"rendered":"<p>New Balance 990v1 \u201d\u201d Marblehead\/Incense<\/p>\n","protected":false},"featured_media":89309,"comment_status":"open","ping_status":"closed","template":"","meta":[],"product_brand":[],"product_cat":[10771],"product_tag":[10750,10753,10754,10765,10766,10767,10768,10785,10758],"class_list":{"0":"post-89308","1":"product","2":"type-product","3":"status-publish","4":"has-post-thumbnail","6":"product_cat-new-balance","7":"product_tag-athleisure-shoes","8":"product_tag-gift-for-him","9":"product_tag-lifestyle-casual-shoes","10":"product_tag-lifestyle-shoes-running-inspired","11":"product_tag-new-balance","12":"product_tag-new-balance-running-shoes","13":"product_tag-retro-running-shoes","14":"product_tag-trending-deals","15":"product_tag-under-retail","16":"wcpa_has_options","18":"first","19":"instock","20":"sale","21":"taxable","22":"shipping-taxable","23":"purchasable","24":"product-type-simple"},"wcpa_form_fields":{"rules":{"pric_overide_base_price":false,"pric_overide_base_price_if_gt_zero":false,"pric_overide_base_price_fully":false,"pric_cal_option_once":false,"pric_use_as_fee":false,"bind_quantity":false,"quantity_bind_formula":false},"fields":[{"type":"color-group","required":true,"elementId":"wcpa-color-group-66c4a928225d2","label":"Taille","inline":true,"priceOptions":"different_for_all","pricingType":"fixed","className":"hassizechart product-shoes-size-eu product-shoes-size","name":"color-group-66c4a928225e2","disp_type":"square","selection_type":"tick-border","disp_size":"50","show_label_inside":true,"adjust_width":true,"cart_display_type":"text","other_text":"Other","cl_rule":"show","col":6,"values":[{"label":"35","value":"EU 35","price":"","pimage":"","pimage_id":"","pthumb":"","color":""},{"label":"36","value":"EU 36","price":"","pimage":"","pimage_id":"","pthumb":"","color":"","selected":true},{"label":"37","value":"EU 37","price":"","pimage":"","pimage_id":"","pthumb":"","color":""},{"label":"37.5","value":"EU 37.5","price":"","pimage":"","pimage_id":"","pthumb":"","color":""},{"label":"38","value":"EU 38","price":"","pimage":"","pimage_id":"","pthumb":"","color":""},{"label":"38.5","value":"EU 38.5","price":"","pimage":"","pimage_id":"","pthumb":"","color":""},{"label":"39","value":"EU 39","price":"","pimage":"","pimage_id":"","pthumb":"","color":""},{"label":"39.5","value":"EU 39.5","price":"","pimage":"","pimage_id":"","pthumb":"","color":""},{"label":"40","value":"EU 40","price":"","pimage":"","pimage_id":"","pthumb":"","color":""},{"label":"40.5","value":"EU 40.5","price":"","pimage":"","pimage_id":"","pthumb":"","color":""},{"label":" 41.5","value":"EU 41.5","price":"","pimage":"","pimage_id":"","pthumb":"","color":""},{"label":"42","value":"EU 42","price":"","pimage":"","pimage_id":"","pthumb":"","color":""},{"label":"42.5","value":"EU 42.5","price":"","pimage":"","pimage_id":"","pthumb":"","color":""},{"label":"43","value":"EU 43","price":"","pimage":"","pimage_id":"","pthumb":"","color":""},{"label":"44","value":"EU 44","price":"","pimage":"","pimage_id":"","pthumb":"","color":""},{"label":"44.5","value":"EU 44.5","price":"","pimage":"","pimage_id":"","pthumb":"","color":""},{"label":"45","value":"EU 45","price":"","pimage":"","pimage_id":"","pthumb":"","color":""},{"label":"45.5","value":"EU 45.5","price":"","pimage":"","pimage_id":"","pthumb":"","color":""},{"label":"46","value":"EU 46","price":"","pimage":"","pimage_id":"","pthumb":"","color":""}],"relations":[{"operator":false,"rules":[]}],"form_id":24803,"form_rules":{"pric_cal_option_once":false,"exclude_from_discount":false,"pric_use_as_fee":false,"fee_label":"Fee","render_after_acb":false,"disp_hide_options_price":false}}]},"yoast_head":"<!-- This site is optimized with the Yoast SEO plugin v26.5 - https:\/\/yoast.com\/wordpress\/plugins\/seo\/ -->\n<title>Teddy Santis x New Balance 990v1 Made In USA &#039;Marblehead&#039; - TOURCRUISER PTE. LTD<\/title>\n<meta name=\"robots\" content=\"index, follow, max-snippet:-1, max-image-preview:large, max-video-preview:-1\" \/>\n<link rel=\"canonical\" href=\"https:\/\/tourcruiser.com\/fr\/products\/teddy-santis-x-new-balance-990v1-made-in-usa-marblehead\/\" \/>\n<meta property=\"og:locale\" content=\"fr_FR\" \/>\n<meta property=\"og:type\" content=\"article\" \/>\n<meta property=\"og:title\" content=\"Teddy Santis x New Balance 990v1 Made In USA &#039;Marblehead&#039; - TOURCRUISER PTE. LTD\" \/>\n<meta property=\"og:description\" content=\"New Balance 990v1 \u201d\u201d Marblehead\/Incense\" \/>\n<meta property=\"og:url\" content=\"https:\/\/tourcruiser.com\/fr\/products\/teddy-santis-x-new-balance-990v1-made-in-usa-marblehead\/\" \/>\n<meta property=\"og:site_name\" content=\"Tourcruiser Sneaker Store\" \/>\n<meta property=\"article:modified_time\" content=\"2026-03-14T11:58:07+00:00\" \/>\n<meta name=\"twitter:card\" content=\"summary_large_image\" \/>\n<meta name=\"twitter:image\" content=\"https:\/\/images.novelship.com\/product\/teddy_santis_x_new_balance_990v1_made_in_usa__marb_0_12976.jpeg\" \/>\n<script type=\"application\/ld+json\" class=\"yoast-schema-graph\">{\"@context\":\"https:\/\/schema.org\",\"@graph\":[{\"@type\":\"WebPage\",\"@id\":\"https:\/\/tourcruiser.com\/fr\/products\/teddy-santis-x-new-balance-990v1-made-in-usa-marblehead\/\",\"url\":\"https:\/\/tourcruiser.com\/fr\/products\/teddy-santis-x-new-balance-990v1-made-in-usa-marblehead\/\",\"name\":\"Teddy Santis x New Balance 990v1 Made In USA 'Marblehead' - TOURCRUISER PTE. LTD\",\"isPartOf\":{\"@id\":\"https:\/\/tourcruiser.com\/fr\/#website\"},\"primaryImageOfPage\":{\"@id\":\"https:\/\/tourcruiser.com\/fr\/products\/teddy-santis-x-new-balance-990v1-made-in-usa-marblehead\/#primaryimage\"},\"image\":{\"@id\":\"https:\/\/tourcruiser.com\/fr\/products\/teddy-santis-x-new-balance-990v1-made-in-usa-marblehead\/#primaryimage\"},\"thumbnailUrl\":\"https:\/\/images.novelship.com\/product\/teddy_santis_x_new_balance_990v1_made_in_usa__marb_0_12976.jpeg\",\"datePublished\":\"2026-03-02T08:25:49+00:00\",\"dateModified\":\"2026-03-14T11:58:07+00:00\",\"breadcrumb\":{\"@id\":\"https:\/\/tourcruiser.com\/fr\/products\/teddy-santis-x-new-balance-990v1-made-in-usa-marblehead\/#breadcrumb\"},\"inLanguage\":\"fr-FR\",\"potentialAction\":[{\"@type\":\"ReadAction\",\"target\":[\"https:\/\/tourcruiser.com\/fr\/products\/teddy-santis-x-new-balance-990v1-made-in-usa-marblehead\/\"]}]},{\"@type\":\"ImageObject\",\"inLanguage\":\"fr-FR\",\"@id\":\"https:\/\/tourcruiser.com\/fr\/products\/teddy-santis-x-new-balance-990v1-made-in-usa-marblehead\/#primaryimage\",\"url\":\"https:\/\/images.novelship.com\/product\/teddy_santis_x_new_balance_990v1_made_in_usa__marb_0_12976.jpeg\",\"contentUrl\":\"https:\/\/images.novelship.com\/product\/teddy_santis_x_new_balance_990v1_made_in_usa__marb_0_12976.jpeg\"},{\"@type\":\"BreadcrumbList\",\"@id\":\"https:\/\/tourcruiser.com\/fr\/products\/teddy-santis-x-new-balance-990v1-made-in-usa-marblehead\/#breadcrumb\",\"itemListElement\":[{\"@type\":\"ListItem\",\"position\":1,\"name\":\"Home\",\"item\":\"https:\/\/tourcruiser.com\/fr\/\"},{\"@type\":\"ListItem\",\"position\":2,\"name\":\"Shop\",\"item\":\"https:\/\/tourcruiser.com\/fr\/shop\/\"},{\"@type\":\"ListItem\",\"position\":3,\"name\":\"Teddy Santis x New Balance 990v1 Made In USA 'Marblehead'\"}]},{\"@type\":\"WebSite\",\"@id\":\"https:\/\/tourcruiser.com\/fr\/#website\",\"url\":\"https:\/\/tourcruiser.com\/fr\/\",\"name\":\"Styloral Jewelry Shop\",\"description\":\"Tourcruiser Sneaker Store \u2014 L\u2019endroit o\u00f9 l\u2019univers rencontre votre singularit\u00e9.\",\"publisher\":{\"@id\":\"https:\/\/tourcruiser.com\/fr\/#organization\"},\"potentialAction\":[{\"@type\":\"SearchAction\",\"target\":{\"@type\":\"EntryPoint\",\"urlTemplate\":\"https:\/\/tourcruiser.com\/fr\/?s={search_term_string}\"},\"query-input\":{\"@type\":\"PropertyValueSpecification\",\"valueRequired\":true,\"valueName\":\"search_term_string\"}}],\"inLanguage\":\"fr-FR\"},{\"@type\":\"Organization\",\"@id\":\"https:\/\/tourcruiser.com\/fr\/#organization\",\"name\":\"STYLORAL PTE. LTD\",\"url\":\"https:\/\/tourcruiser.com\/fr\/\",\"logo\":{\"@type\":\"ImageObject\",\"inLanguage\":\"fr-FR\",\"@id\":\"https:\/\/tourcruiser.com\/fr\/#\/schema\/logo\/image\/\",\"url\":\"https:\/\/www.tourcruiser.com\/wp-content\/uploads\/2025\/12\/logo.png\",\"contentUrl\":\"https:\/\/www.tourcruiser.com\/wp-content\/uploads\/2025\/12\/logo.png\",\"width\":200,\"height\":65,\"caption\":\"STYLORAL PTE. LTD\"},\"image\":{\"@id\":\"https:\/\/tourcruiser.com\/fr\/#\/schema\/logo\/image\/\"}}]}<\/script>\n<!-- \/ Yoast SEO plugin. -->","yoast_head_json":{"title":"Teddy Santis x New Balance 990v1 Made In USA 'Marblehead' - TOURCRUISER PTE. LTD","robots":{"index":"index","follow":"follow","max-snippet":"max-snippet:-1","max-image-preview":"max-image-preview:large","max-video-preview":"max-video-preview:-1"},"canonical":"https:\/\/tourcruiser.com\/fr\/products\/teddy-santis-x-new-balance-990v1-made-in-usa-marblehead\/","og_locale":"fr_FR","og_type":"article","og_title":"Teddy Santis x New Balance 990v1 Made In USA 'Marblehead' - TOURCRUISER PTE. LTD","og_description":"New Balance 990v1 \u201d\u201d Marblehead\/Incense","og_url":"https:\/\/tourcruiser.com\/fr\/products\/teddy-santis-x-new-balance-990v1-made-in-usa-marblehead\/","og_site_name":"Tourcruiser Sneaker Store","article_modified_time":"2026-03-14T11:58:07+00:00","twitter_card":"summary_large_image","twitter_image":"https:\/\/images.novelship.com\/product\/teddy_santis_x_new_balance_990v1_made_in_usa__marb_0_12976.jpeg","schema":{"@context":"https:\/\/schema.org","@graph":[{"@type":"WebPage","@id":"https:\/\/tourcruiser.com\/fr\/products\/teddy-santis-x-new-balance-990v1-made-in-usa-marblehead\/","url":"https:\/\/tourcruiser.com\/fr\/products\/teddy-santis-x-new-balance-990v1-made-in-usa-marblehead\/","name":"Teddy Santis x New Balance 990v1 Made In USA 'Marblehead' - TOURCRUISER PTE. LTD","isPartOf":{"@id":"https:\/\/tourcruiser.com\/fr\/#website"},"primaryImageOfPage":{"@id":"https:\/\/tourcruiser.com\/fr\/products\/teddy-santis-x-new-balance-990v1-made-in-usa-marblehead\/#primaryimage"},"image":{"@id":"https:\/\/tourcruiser.com\/fr\/products\/teddy-santis-x-new-balance-990v1-made-in-usa-marblehead\/#primaryimage"},"thumbnailUrl":"https:\/\/images.novelship.com\/product\/teddy_santis_x_new_balance_990v1_made_in_usa__marb_0_12976.jpeg","datePublished":"2026-03-02T08:25:49+00:00","dateModified":"2026-03-14T11:58:07+00:00","breadcrumb":{"@id":"https:\/\/tourcruiser.com\/fr\/products\/teddy-santis-x-new-balance-990v1-made-in-usa-marblehead\/#breadcrumb"},"inLanguage":"fr-FR","potentialAction":[{"@type":"ReadAction","target":["https:\/\/tourcruiser.com\/fr\/products\/teddy-santis-x-new-balance-990v1-made-in-usa-marblehead\/"]}]},{"@type":"ImageObject","inLanguage":"fr-FR","@id":"https:\/\/tourcruiser.com\/fr\/products\/teddy-santis-x-new-balance-990v1-made-in-usa-marblehead\/#primaryimage","url":"https:\/\/images.novelship.com\/product\/teddy_santis_x_new_balance_990v1_made_in_usa__marb_0_12976.jpeg","contentUrl":"https:\/\/images.novelship.com\/product\/teddy_santis_x_new_balance_990v1_made_in_usa__marb_0_12976.jpeg"},{"@type":"BreadcrumbList","@id":"https:\/\/tourcruiser.com\/fr\/products\/teddy-santis-x-new-balance-990v1-made-in-usa-marblehead\/#breadcrumb","itemListElement":[{"@type":"ListItem","position":1,"name":"Home","item":"https:\/\/tourcruiser.com\/fr\/"},{"@type":"ListItem","position":2,"name":"Shop","item":"https:\/\/tourcruiser.com\/fr\/shop\/"},{"@type":"ListItem","position":3,"name":"Teddy Santis x New Balance 990v1 Made In USA 'Marblehead'"}]},{"@type":"WebSite","@id":"https:\/\/tourcruiser.com\/fr\/#website","url":"https:\/\/tourcruiser.com\/fr\/","name":"Styloral Jewelry Shop","description":"Tourcruiser Sneaker Store \u2014 L\u2019endroit o\u00f9 l\u2019univers rencontre votre singularit\u00e9.","publisher":{"@id":"https:\/\/tourcruiser.com\/fr\/#organization"},"potentialAction":[{"@type":"SearchAction","target":{"@type":"EntryPoint","urlTemplate":"https:\/\/tourcruiser.com\/fr\/?s={search_term_string}"},"query-input":{"@type":"PropertyValueSpecification","valueRequired":true,"valueName":"search_term_string"}}],"inLanguage":"fr-FR"},{"@type":"Organization","@id":"https:\/\/tourcruiser.com\/fr\/#organization","name":"STYLORAL PTE. LTD","url":"https:\/\/tourcruiser.com\/fr\/","logo":{"@type":"ImageObject","inLanguage":"fr-FR","@id":"https:\/\/tourcruiser.com\/fr\/#\/schema\/logo\/image\/","url":"https:\/\/www.tourcruiser.com\/wp-content\/uploads\/2025\/12\/logo.png","contentUrl":"https:\/\/www.tourcruiser.com\/wp-content\/uploads\/2025\/12\/logo.png","width":200,"height":65,"caption":"STYLORAL PTE. LTD"},"image":{"@id":"https:\/\/tourcruiser.com\/fr\/#\/schema\/logo\/image\/"}}]}},"_links":{"self":[{"href":"https:\/\/tourcruiser.com\/fr\/wp-json\/wp\/v2\/product\/89308","targetHints":{"allow":["GET"]}}],"collection":[{"href":"https:\/\/tourcruiser.com\/fr\/wp-json\/wp\/v2\/product"}],"about":[{"href":"https:\/\/tourcruiser.com\/fr\/wp-json\/wp\/v2\/types\/product"}],"replies":[{"embeddable":true,"href":"https:\/\/tourcruiser.com\/fr\/wp-json\/wp\/v2\/comments?post=89308"}],"wp:featuredmedia":[{"embeddable":true,"href":"https:\/\/tourcruiser.com\/fr\/wp-json\/wp\/v2\/media\/89309"}],"wp:attachment":[{"href":"https:\/\/tourcruiser.com\/fr\/wp-json\/wp\/v2\/media?parent=89308"}],"wp:term":[{"taxonomy":"product_brand","embeddable":true,"href":"https:\/\/tourcruiser.com\/fr\/wp-json\/wp\/v2\/product_brand?post=89308"},{"taxonomy":"product_cat","embeddable":true,"href":"https:\/\/tourcruiser.com\/fr\/wp-json\/wp\/v2\/product_cat?post=89308"},{"taxonomy":"product_tag","embeddable":true,"href":"https:\/\/tourcruiser.com\/fr\/wp-json\/wp\/v2\/product_tag?post=89308"}],"curies":[{"name":"wp","href":"https:\/\/api.w.org\/{rel}","templated":true}]}}