{"id":876337,"date":"2026-04-23T11:39:46","date_gmt":"2026-04-23T04:39:46","guid":{"rendered":"http:\/\/tourcruiser.com\/product\/women-nike-dunk-low-ocean-dv3029-100"},"modified":"2026-04-23T11:39:46","modified_gmt":"2026-04-23T04:39:46","slug":"women-nike-dunk-low-ocean-dv3029-100","status":"publish","type":"product","link":"https:\/\/tourcruiser.com\/fr\/products\/women-nike-dunk-low-ocean-dv3029-100\/","title":{"rendered":"(Women) Nike Dunk Low &lsquo;Ocean&rsquo; DV3029-100"},"content":{"rendered":"<p>## Plongez dans le style avec la Nike Dunk Low &lsquo;Ocean&rsquo; (DV3029-100). \u00f0\u0178\u0152\u0160 <\/p>\n<p>Ces baskets pour femmes apportent une ambiance de plage \u00c3\u00a0 vos pieds avec leurs teintes bleues cool et leur silhouette classique.  Le cuir de qualit\u00c3\u00a9 sup\u00c3\u00a9rieure offre durabilit\u00c3\u00a9 et confort \u00c3\u00a0 porter toute la journ\u00c3\u00a9e.  Faites des vagues partout o\u00c3\u00b9 vous allez \u00e2\u20ac\u201c prenez votre paire avant qu&rsquo;elle ne disparaisse !<\/p>\n<p>Coloris: Summit White\/Bright Spruce<br \/>\nCode style: DV3029-100<br \/>\nTige: Leather<br \/>\nCouleur: Teal<br \/>\nDesigner: Peter Moore<br \/>\nSaison: Spring<br \/>\nAnn\u00c3\u00a9e de sortie: 2022<\/p>\n","protected":false},"excerpt":{"rendered":"<p>## Plongez dans le style avec la Nike Dunk Low &lsquo;Ocean&rsquo; (DV3029-100). \u00f0\u0178\u0152\u0160 Ces baskets pour femmes apportent une ambiance de plage \u00c3\u00a0 vos pieds avec leurs teintes bleues cool et leur silhouette classique. Le cuir de qualit\u00c3\u00a9 sup\u00c3\u00a9rieure offre durabilit\u00c3\u00a9 et confort \u00c3\u00a0 porter toute la journ\u00c3\u00a9e. Faites des vagues partout o\u00c3\u00b9 vous allez [&hellip;]<\/p>\n","protected":false},"featured_media":876338,"comment_status":"open","ping_status":"closed","template":"","meta":[],"product_brand":[],"product_cat":[40075,40076,10803,40052],"product_tag":[10847,40726,40727,40728,10926,10754,10777,40074,10801,10900,10785,10786,10758],"class_list":{"0":"post-876337","1":"product","2":"type-product","3":"status-publish","4":"has-post-thumbnail","6":"product_cat-nike-dunk-low","7":"product_cat-lifestyle-shoes-skateboarding-inspired","8":"product_cat-nike","9":"product_cat-gender-women","10":"product_tag-best-finds-under-100","11":"product_tag-equality-day-women-coll","12":"product_tag-equality-day-women-s-collection","13":"product_tag-equality-day-women-s-edition","14":"product_tag-gift-for-her","15":"product_tag-lifestyle-casual-shoes","16":"product_tag-lifestyle-shoes-basketball-inspired","17":"product_tag-lifestyle-shoes-skateboarding-inspired","18":"product_tag-nike","19":"product_tag-nike-skateboarding-shoes","20":"product_tag-trending-deals","21":"product_tag-trending-deals-under-150","22":"product_tag-under-retail","23":"wcpa_has_options","25":"first","26":"instock","27":"taxable","28":"shipping-taxable","29":"purchasable","30":"product-type-simple"},"wcpa_form_fields":{"rules":{"pric_overide_base_price":false,"pric_overide_base_price_if_gt_zero":false,"pric_overide_base_price_fully":false,"pric_cal_option_once":false,"pric_use_as_fee":false,"bind_quantity":false,"quantity_bind_formula":false},"fields":[{"type":"color-group","required":true,"elementId":"wcpa-color-group-66c4a75505e74","label":"Taille","inline":true,"priceOptions":"different_for_all","pricingType":"fixed","className":"hassizechart product-shoes-size-eu product-shoes-size","name":"color-group-66c4a75505e89","disp_type":"square","selection_type":"tick-border","disp_size":"44","show_label_inside":true,"adjust_width":true,"cart_display_type":"text","other_text":"Other","cl_rule":"show","col":6,"values":[{"label":"35.5","value":"EU 35.5","price":"","pimage":"","pimage_id":"","pthumb":"","color":""},{"label":"36","value":"EU 36","price":"","pimage":"","pimage_id":"","pthumb":"","color":"","selected":true},{"label":"36.5","value":"EU 36.5","price":"","pimage":"","pimage_id":"","pthumb":"","color":""},{"label":"37.5","value":"EU 37.5","price":"","pimage":"","pimage_id":"","pthumb":"","color":""},{"label":"38","value":"EU 38","price":"","pimage":"","pimage_id":"","pthumb":"","color":""},{"label":"38.5","value":"EU 38.5","price":"","pimage":"","pimage_id":"","pthumb":"","color":""},{"label":"39","value":"EU 39","price":"","pimage":"","pimage_id":"","pthumb":"","color":""},{"label":"40","value":"EU 40","price":"","pimage":"","pimage_id":"","pthumb":"","color":""},{"label":"40.5","value":"EU 40.5","price":"","pimage":"","pimage_id":"","pthumb":"","color":""},{"label":"41","value":"EU 41","price":"","pimage":"","pimage_id":"","pthumb":"","color":""},{"label":"42","value":"EU 42","price":"","pimage":"","pimage_id":"","pthumb":"","color":""},{"label":"42.5","value":"EU 42.5","price":"","pimage":"","pimage_id":"","pthumb":"","color":""},{"label":"43","value":"EU 43","price":"","pimage":"","pimage_id":"","pthumb":"","color":""},{"label":"44","value":"EU 44","price":"","pimage":"","pimage_id":"","pthumb":"","color":""},{"label":"44.5","value":"EU 44.5","price":"","pimage":"","pimage_id":"","pthumb":"","color":""},{"label":"45","value":"EU 45","price":"","pimage":"","pimage_id":"","pthumb":"","color":""},{"label":"45.5","value":"EU 45.5","price":"","pimage":"","pimage_id":"","pthumb":"","color":""},{"label":"46","value":"EU 46","price":"","pimage":"","pimage_id":"","pthumb":"","color":""},{"label":"47","value":"EU 47","price":"","pimage":"","pimage_id":"","pthumb":"","color":""},{"label":"47.5","value":"EU 47.5","price":"","pimage":"","pimage_id":"","pthumb":"","color":""},{"label":"48","value":"EU 48","price":"","pimage":"","pimage_id":"","pthumb":"","color":""}],"relations":[{"operator":false,"rules":[]}],"form_id":18106,"form_rules":{"pric_cal_option_once":false,"exclude_from_discount":false,"pric_use_as_fee":false,"fee_label":"Fee","render_after_acb":false,"disp_hide_options_price":false}}]},"yoast_head":"<!-- This site is optimized with the Yoast SEO plugin v26.5 - https:\/\/yoast.com\/wordpress\/plugins\/seo\/ -->\n<title>(Women) Nike Dunk Low &#039;Ocean&#039; DV3029-100 - TOURCRUISER PTE. LTD<\/title>\n<meta name=\"robots\" content=\"index, follow, max-snippet:-1, max-image-preview:large, max-video-preview:-1\" \/>\n<link rel=\"canonical\" href=\"https:\/\/tourcruiser.com\/fr\/products\/women-nike-dunk-low-ocean-dv3029-100\/\" \/>\n<meta property=\"og:locale\" content=\"fr_FR\" \/>\n<meta property=\"og:type\" content=\"article\" \/>\n<meta property=\"og:title\" content=\"(Women) Nike Dunk Low &#039;Ocean&#039; DV3029-100 - TOURCRUISER PTE. LTD\" \/>\n<meta property=\"og:description\" content=\"## Plongez dans le style avec la Nike Dunk Low &lsquo;Ocean&rsquo; (DV3029-100). \u00f0\u0178\u0152\u0160 Ces baskets pour femmes apportent une ambiance de plage \u00c3\u00a0 vos pieds avec leurs teintes bleues cool et leur silhouette classique. Le cuir de qualit\u00c3\u00a9 sup\u00c3\u00a9rieure offre durabilit\u00c3\u00a9 et confort \u00c3\u00a0 porter toute la journ\u00c3\u00a9e. Faites des vagues partout o\u00c3\u00b9 vous allez [&hellip;]\" \/>\n<meta property=\"og:url\" content=\"https:\/\/tourcruiser.com\/fr\/products\/women-nike-dunk-low-ocean-dv3029-100\/\" \/>\n<meta property=\"og:site_name\" content=\"Tourcruiser Sneaker Store\" \/>\n<meta name=\"twitter:card\" content=\"summary_large_image\" \/>\n<meta name=\"twitter:image\" content=\"https:\/\/images.novelship.com\/product\/_women__nike_dunk_low__ocean__dv3029_100_0_76694.jpeg\" \/>\n<script type=\"application\/ld+json\" class=\"yoast-schema-graph\">{\"@context\":\"https:\/\/schema.org\",\"@graph\":[{\"@type\":\"WebPage\",\"@id\":\"https:\/\/tourcruiser.com\/fr\/products\/women-nike-dunk-low-ocean-dv3029-100\/\",\"url\":\"https:\/\/tourcruiser.com\/fr\/products\/women-nike-dunk-low-ocean-dv3029-100\/\",\"name\":\"(Women) Nike Dunk Low 'Ocean' DV3029-100 - TOURCRUISER PTE. LTD\",\"isPartOf\":{\"@id\":\"\/#website\"},\"primaryImageOfPage\":{\"@id\":\"https:\/\/tourcruiser.com\/fr\/products\/women-nike-dunk-low-ocean-dv3029-100\/#primaryimage\"},\"image\":{\"@id\":\"https:\/\/tourcruiser.com\/fr\/products\/women-nike-dunk-low-ocean-dv3029-100\/#primaryimage\"},\"thumbnailUrl\":\"https:\/\/images.novelship.com\/product\/_women__nike_dunk_low__ocean__dv3029_100_0_76694.jpeg\",\"datePublished\":\"2026-04-23T04:39:46+00:00\",\"breadcrumb\":{\"@id\":\"https:\/\/tourcruiser.com\/fr\/products\/women-nike-dunk-low-ocean-dv3029-100\/#breadcrumb\"},\"inLanguage\":\"fr-FR\",\"potentialAction\":[{\"@type\":\"ReadAction\",\"target\":[\"https:\/\/tourcruiser.com\/fr\/products\/women-nike-dunk-low-ocean-dv3029-100\/\"]}]},{\"@type\":\"ImageObject\",\"inLanguage\":\"fr-FR\",\"@id\":\"https:\/\/tourcruiser.com\/fr\/products\/women-nike-dunk-low-ocean-dv3029-100\/#primaryimage\",\"url\":\"https:\/\/images.novelship.com\/product\/_women__nike_dunk_low__ocean__dv3029_100_0_76694.jpeg\",\"contentUrl\":\"https:\/\/images.novelship.com\/product\/_women__nike_dunk_low__ocean__dv3029_100_0_76694.jpeg\"},{\"@type\":\"BreadcrumbList\",\"@id\":\"https:\/\/tourcruiser.com\/fr\/products\/women-nike-dunk-low-ocean-dv3029-100\/#breadcrumb\",\"itemListElement\":[{\"@type\":\"ListItem\",\"position\":1,\"name\":\"Home\",\"item\":\"https:\/\/tourcruiser.com\/fr\/\"},{\"@type\":\"ListItem\",\"position\":2,\"name\":\"Shop\",\"item\":\"https:\/\/tourcruiser.com\/fr\/shop\/\"},{\"@type\":\"ListItem\",\"position\":3,\"name\":\"(Women) Nike Dunk Low 'Ocean' DV3029-100\"}]},{\"@type\":\"WebSite\",\"@id\":\"\/#website\",\"url\":\"\/\",\"name\":\"Styloral Jewelry Shop\",\"description\":\"Tourcruiser Sneaker Store \u2014 L\u2019endroit o\u00f9 l\u2019univers rencontre votre singularit\u00e9.\",\"publisher\":{\"@id\":\"\/#organization\"},\"potentialAction\":[{\"@type\":\"SearchAction\",\"target\":{\"@type\":\"EntryPoint\",\"urlTemplate\":\"\/?s={search_term_string}\"},\"query-input\":{\"@type\":\"PropertyValueSpecification\",\"valueRequired\":true,\"valueName\":\"search_term_string\"}}],\"inLanguage\":\"fr-FR\"},{\"@type\":\"Organization\",\"@id\":\"\/#organization\",\"name\":\"STYLORAL PTE. LTD\",\"url\":\"\/\",\"logo\":{\"@type\":\"ImageObject\",\"inLanguage\":\"fr-FR\",\"@id\":\"\/#\/schema\/logo\/image\/\",\"url\":\"https:\/\/www.tourcruiser.com\/wp-content\/uploads\/2025\/12\/logo.png\",\"contentUrl\":\"https:\/\/www.tourcruiser.com\/wp-content\/uploads\/2025\/12\/logo.png\",\"width\":200,\"height\":65,\"caption\":\"STYLORAL PTE. LTD\"},\"image\":{\"@id\":\"\/#\/schema\/logo\/image\/\"}}]}<\/script>\n<!-- \/ Yoast SEO plugin. -->","yoast_head_json":{"title":"(Women) Nike Dunk Low 'Ocean' DV3029-100 - TOURCRUISER PTE. LTD","robots":{"index":"index","follow":"follow","max-snippet":"max-snippet:-1","max-image-preview":"max-image-preview:large","max-video-preview":"max-video-preview:-1"},"canonical":"https:\/\/tourcruiser.com\/fr\/products\/women-nike-dunk-low-ocean-dv3029-100\/","og_locale":"fr_FR","og_type":"article","og_title":"(Women) Nike Dunk Low 'Ocean' DV3029-100 - TOURCRUISER PTE. LTD","og_description":"## Plongez dans le style avec la Nike Dunk Low &lsquo;Ocean&rsquo; (DV3029-100). \u00f0\u0178\u0152\u0160 Ces baskets pour femmes apportent une ambiance de plage \u00c3\u00a0 vos pieds avec leurs teintes bleues cool et leur silhouette classique. Le cuir de qualit\u00c3\u00a9 sup\u00c3\u00a9rieure offre durabilit\u00c3\u00a9 et confort \u00c3\u00a0 porter toute la journ\u00c3\u00a9e. Faites des vagues partout o\u00c3\u00b9 vous allez [&hellip;]","og_url":"https:\/\/tourcruiser.com\/fr\/products\/women-nike-dunk-low-ocean-dv3029-100\/","og_site_name":"Tourcruiser Sneaker Store","twitter_card":"summary_large_image","twitter_image":"https:\/\/images.novelship.com\/product\/_women__nike_dunk_low__ocean__dv3029_100_0_76694.jpeg","schema":{"@context":"https:\/\/schema.org","@graph":[{"@type":"WebPage","@id":"https:\/\/tourcruiser.com\/fr\/products\/women-nike-dunk-low-ocean-dv3029-100\/","url":"https:\/\/tourcruiser.com\/fr\/products\/women-nike-dunk-low-ocean-dv3029-100\/","name":"(Women) Nike Dunk Low 'Ocean' DV3029-100 - TOURCRUISER PTE. LTD","isPartOf":{"@id":"\/#website"},"primaryImageOfPage":{"@id":"https:\/\/tourcruiser.com\/fr\/products\/women-nike-dunk-low-ocean-dv3029-100\/#primaryimage"},"image":{"@id":"https:\/\/tourcruiser.com\/fr\/products\/women-nike-dunk-low-ocean-dv3029-100\/#primaryimage"},"thumbnailUrl":"https:\/\/images.novelship.com\/product\/_women__nike_dunk_low__ocean__dv3029_100_0_76694.jpeg","datePublished":"2026-04-23T04:39:46+00:00","breadcrumb":{"@id":"https:\/\/tourcruiser.com\/fr\/products\/women-nike-dunk-low-ocean-dv3029-100\/#breadcrumb"},"inLanguage":"fr-FR","potentialAction":[{"@type":"ReadAction","target":["https:\/\/tourcruiser.com\/fr\/products\/women-nike-dunk-low-ocean-dv3029-100\/"]}]},{"@type":"ImageObject","inLanguage":"fr-FR","@id":"https:\/\/tourcruiser.com\/fr\/products\/women-nike-dunk-low-ocean-dv3029-100\/#primaryimage","url":"https:\/\/images.novelship.com\/product\/_women__nike_dunk_low__ocean__dv3029_100_0_76694.jpeg","contentUrl":"https:\/\/images.novelship.com\/product\/_women__nike_dunk_low__ocean__dv3029_100_0_76694.jpeg"},{"@type":"BreadcrumbList","@id":"https:\/\/tourcruiser.com\/fr\/products\/women-nike-dunk-low-ocean-dv3029-100\/#breadcrumb","itemListElement":[{"@type":"ListItem","position":1,"name":"Home","item":"https:\/\/tourcruiser.com\/fr\/"},{"@type":"ListItem","position":2,"name":"Shop","item":"https:\/\/tourcruiser.com\/fr\/shop\/"},{"@type":"ListItem","position":3,"name":"(Women) Nike Dunk Low 'Ocean' DV3029-100"}]},{"@type":"WebSite","@id":"\/#website","url":"\/","name":"Styloral Jewelry Shop","description":"Tourcruiser Sneaker Store \u2014 L\u2019endroit o\u00f9 l\u2019univers rencontre votre singularit\u00e9.","publisher":{"@id":"\/#organization"},"potentialAction":[{"@type":"SearchAction","target":{"@type":"EntryPoint","urlTemplate":"\/?s={search_term_string}"},"query-input":{"@type":"PropertyValueSpecification","valueRequired":true,"valueName":"search_term_string"}}],"inLanguage":"fr-FR"},{"@type":"Organization","@id":"\/#organization","name":"STYLORAL PTE. LTD","url":"\/","logo":{"@type":"ImageObject","inLanguage":"fr-FR","@id":"\/#\/schema\/logo\/image\/","url":"https:\/\/www.tourcruiser.com\/wp-content\/uploads\/2025\/12\/logo.png","contentUrl":"https:\/\/www.tourcruiser.com\/wp-content\/uploads\/2025\/12\/logo.png","width":200,"height":65,"caption":"STYLORAL PTE. LTD"},"image":{"@id":"\/#\/schema\/logo\/image\/"}}]}},"_links":{"self":[{"href":"https:\/\/tourcruiser.com\/fr\/wp-json\/wp\/v2\/product\/876337","targetHints":{"allow":["GET"]}}],"collection":[{"href":"https:\/\/tourcruiser.com\/fr\/wp-json\/wp\/v2\/product"}],"about":[{"href":"https:\/\/tourcruiser.com\/fr\/wp-json\/wp\/v2\/types\/product"}],"replies":[{"embeddable":true,"href":"https:\/\/tourcruiser.com\/fr\/wp-json\/wp\/v2\/comments?post=876337"}],"wp:featuredmedia":[{"embeddable":true,"href":"https:\/\/tourcruiser.com\/fr\/wp-json\/wp\/v2\/media\/876338"}],"wp:attachment":[{"href":"https:\/\/tourcruiser.com\/fr\/wp-json\/wp\/v2\/media?parent=876337"}],"wp:term":[{"taxonomy":"product_brand","embeddable":true,"href":"https:\/\/tourcruiser.com\/fr\/wp-json\/wp\/v2\/product_brand?post=876337"},{"taxonomy":"product_cat","embeddable":true,"href":"https:\/\/tourcruiser.com\/fr\/wp-json\/wp\/v2\/product_cat?post=876337"},{"taxonomy":"product_tag","embeddable":true,"href":"https:\/\/tourcruiser.com\/fr\/wp-json\/wp\/v2\/product_tag?post=876337"}],"curies":[{"name":"wp","href":"https:\/\/api.w.org\/{rel}","templated":true}]}}