{"id":78319,"date":"2026-03-02T15:23:33","date_gmt":"2026-03-02T08:23:33","guid":{"rendered":"http:\/\/tourcruiser.com\/product\/women-asics-gel-cumulus-27-tokyo-running-shoes-creamedo-purple"},"modified":"2026-03-14T18:55:09","modified_gmt":"2026-03-14T11:55:09","slug":"women-asics-gel-cumulus-27-tokyo-running-shoes-creamedo-purple","status":"publish","type":"product","link":"https:\/\/tourcruiser.com\/fr\/products\/women-asics-gel-cumulus-27-tokyo-running-shoes-creamedo-purple\/","title":{"rendered":"(Women) ASICS GEL-CUMULUS 27 Tokyo Running Shoes Cream\/Edo Purple"},"content":{"rendered":"<p>D\u00e9couvrez un confort in\u00e9gal\u00e9 et des performances optimales avec les chaussures de running ASICS GEL-CUMULUS 27 Tokyo. Con\u00e7ue sp\u00e9cifiquement pour les femmes, cette chaussure high-tech offre une absorption des chocs optimale et un amorti am\u00e9lior\u00e9 gr\u00e2ce \u00e0 la technologie GEL avanc\u00e9e, pour une course fluide et sans effort. Son coloris cr\u00e8me et violet Edo lui conf\u00e8re un style \u00e9l\u00e9gant, tandis que sa tige en mesh respirant garde vos pieds au frais et au sec. Id\u00e9ale pour les coureuses sur courtes ou longues distances, elle offre une stabilit\u00e9 et un maintien exceptionnels gr\u00e2ce \u00e0 la qualit\u00e9 ASICS reconnue et \u00e0 un design innovant. Augmentez votre kilom\u00e9trage partout dans le monde.<\/p>\n","protected":false},"excerpt":{"rendered":"<p>ASICS GEL-CUMULUS 27 \u201d\u201d Cream\/Edo Purple<\/p>\n","protected":false},"featured_media":78320,"comment_status":"open","ping_status":"closed","template":"","meta":[],"product_brand":[],"product_cat":[11020],"product_tag":[10791,11053,10839,10802,10840,10758],"class_list":{"0":"post-78319","1":"product","2":"type-product","3":"status-publish","4":"has-post-thumbnail","6":"product_cat-asics-women","7":"product_tag-asics","8":"product_tag-lightweight-running-shoes","9":"product_tag-performance-running-shoes","10":"product_tag-performance-sport-shoes","11":"product_tag-running-shoes","12":"product_tag-under-retail","13":"wcpa_has_options","15":"first","16":"instock","17":"sale","18":"taxable","19":"shipping-taxable","20":"purchasable","21":"product-type-simple"},"wcpa_form_fields":{"rules":{"pric_overide_base_price":false,"pric_overide_base_price_if_gt_zero":false,"pric_overide_base_price_fully":false,"pric_cal_option_once":false,"pric_use_as_fee":false,"bind_quantity":false,"quantity_bind_formula":false},"fields":[{"type":"color-group","required":true,"elementId":"wcpa-color-group-69a5ac3f3e644","label":"Taille","inline":true,"priceOptions":"different_for_all","pricingType":"fixed","className":"hassizechart product-shoes-size-eu product-shoes-size","name":"color-group-69a5ac3f3e64e","disp_type":"square","selection_type":"tick-border","disp_size":"50","show_label_inside":true,"adjust_width":true,"cart_display_type":"text","other_text":"Other","cl_rule":"show","col":6,"values":[{"label":"34.5","value":"EU 34.5","price":"","pimage":"","pimage_id":"","pthumb":"","color":""},{"label":"35","value":"EU 35","price":"","pimage":"","pimage_id":"","pthumb":"","color":""},{"label":"35.5","value":"EU 35.5","price":"","pimage":"","pimage_id":"","pthumb":"","color":""},{"label":"36","value":"EU 36","price":"","pimage":"","pimage_id":"","pthumb":"","color":"","selected":true},{"label":"37","value":"EU 37","price":"","pimage":"","pimage_id":"","pthumb":"","color":""},{"label":"37.5","value":"EU 37.5","price":"","pimage":"","pimage_id":"","pthumb":"","color":""},{"label":"38","value":"EU 38","price":"","pimage":"","pimage_id":"","pthumb":"","color":""},{"label":"38.5","value":"EU 38.5","price":"","pimage":"","pimage_id":"","pthumb":"","color":""},{"label":"39","value":"EU 39","price":"","pimage":"","pimage_id":"","pthumb":"","color":""},{"label":"39.5","value":"EU 39.5","price":"","pimage":"","pimage_id":"","pthumb":"","color":""},{"label":"40","value":"EU 40","price":"","pimage":"","pimage_id":"","pthumb":"","color":""},{"label":"40.5","value":"EU 40.5","price":"","pimage":"","pimage_id":"","pthumb":"","color":""},{"label":" 41.5","value":"EU 41.5","price":"","pimage":"","pimage_id":"","pthumb":"","color":""},{"label":"42","value":"EU 42","price":"","pimage":"","pimage_id":"","pthumb":"","color":""},{"label":"42.5","value":"EU 42.5","price":"","pimage":"","pimage_id":"","pthumb":"","color":""},{"label":"43","value":"EU 43","price":"","pimage":"","pimage_id":"","pthumb":"","color":""},{"label":"44","value":"EU 44","price":"","pimage":"","pimage_id":"","pthumb":"","color":""},{"label":"44.5","value":"EU 44.5","price":"","pimage":"","pimage_id":"","pthumb":"","color":""},{"label":"45","value":"EU 45","price":"","pimage":"","pimage_id":"","pthumb":"","color":""},{"label":"45.5","value":"EU 45.5","price":"","pimage":"","pimage_id":"","pthumb":"","color":""},{"label":"46","value":"EU 46","price":"","pimage":"","pimage_id":"","pthumb":"","color":""}],"relations":[{"operator":false,"rules":[]}],"form_id":184312,"form_rules":{"pric_cal_option_once":false,"exclude_from_discount":false,"pric_use_as_fee":false,"fee_label":"Fee","render_after_acb":false,"disp_hide_options_price":false}}]},"yoast_head":"<!-- This site is optimized with the Yoast SEO plugin v26.5 - https:\/\/yoast.com\/wordpress\/plugins\/seo\/ -->\n<title>(Women) ASICS GEL-CUMULUS 27 Tokyo Running Shoes Cream\/Edo Purple - TOURCRUISER PTE. LTD<\/title>\n<meta name=\"robots\" content=\"index, follow, max-snippet:-1, max-image-preview:large, max-video-preview:-1\" \/>\n<link rel=\"canonical\" href=\"https:\/\/tourcruiser.com\/fr\/products\/women-asics-gel-cumulus-27-tokyo-running-shoes-creamedo-purple\/\" \/>\n<meta property=\"og:locale\" content=\"fr_FR\" \/>\n<meta property=\"og:type\" content=\"article\" \/>\n<meta property=\"og:title\" content=\"(Women) ASICS GEL-CUMULUS 27 Tokyo Running Shoes Cream\/Edo Purple - TOURCRUISER PTE. LTD\" \/>\n<meta property=\"og:description\" content=\"ASICS GEL-CUMULUS 27 \u201d\u201d Cream\/Edo Purple\" \/>\n<meta property=\"og:url\" content=\"https:\/\/tourcruiser.com\/fr\/products\/women-asics-gel-cumulus-27-tokyo-running-shoes-creamedo-purple\/\" \/>\n<meta property=\"og:site_name\" content=\"Tourcruiser Sneaker Store\" \/>\n<meta property=\"article:modified_time\" content=\"2026-03-14T11:55:09+00:00\" \/>\n<meta name=\"twitter:card\" content=\"summary_large_image\" \/>\n<meta name=\"twitter:image\" content=\"https:\/\/images.novelship.com\/product\/_women__asics_gel-cumulus_27_tokyo_running_shoes_c_0_11875.jpeg\" \/>\n<meta name=\"twitter:label1\" content=\"Dur\u00e9e de lecture estim\u00e9e\" \/>\n\t<meta name=\"twitter:data1\" content=\"1 minute\" \/>\n<script type=\"application\/ld+json\" class=\"yoast-schema-graph\">{\"@context\":\"https:\/\/schema.org\",\"@graph\":[{\"@type\":\"WebPage\",\"@id\":\"https:\/\/tourcruiser.com\/fr\/products\/women-asics-gel-cumulus-27-tokyo-running-shoes-creamedo-purple\/\",\"url\":\"https:\/\/tourcruiser.com\/fr\/products\/women-asics-gel-cumulus-27-tokyo-running-shoes-creamedo-purple\/\",\"name\":\"(Women) ASICS GEL-CUMULUS 27 Tokyo Running Shoes Cream\/Edo Purple - TOURCRUISER PTE. LTD\",\"isPartOf\":{\"@id\":\"https:\/\/tourcruiser.com\/fr\/#website\"},\"primaryImageOfPage\":{\"@id\":\"https:\/\/tourcruiser.com\/fr\/products\/women-asics-gel-cumulus-27-tokyo-running-shoes-creamedo-purple\/#primaryimage\"},\"image\":{\"@id\":\"https:\/\/tourcruiser.com\/fr\/products\/women-asics-gel-cumulus-27-tokyo-running-shoes-creamedo-purple\/#primaryimage\"},\"thumbnailUrl\":\"https:\/\/images.novelship.com\/product\/_women__asics_gel-cumulus_27_tokyo_running_shoes_c_0_11875.jpeg\",\"datePublished\":\"2026-03-02T08:23:33+00:00\",\"dateModified\":\"2026-03-14T11:55:09+00:00\",\"breadcrumb\":{\"@id\":\"https:\/\/tourcruiser.com\/fr\/products\/women-asics-gel-cumulus-27-tokyo-running-shoes-creamedo-purple\/#breadcrumb\"},\"inLanguage\":\"fr-FR\",\"potentialAction\":[{\"@type\":\"ReadAction\",\"target\":[\"https:\/\/tourcruiser.com\/fr\/products\/women-asics-gel-cumulus-27-tokyo-running-shoes-creamedo-purple\/\"]}]},{\"@type\":\"ImageObject\",\"inLanguage\":\"fr-FR\",\"@id\":\"https:\/\/tourcruiser.com\/fr\/products\/women-asics-gel-cumulus-27-tokyo-running-shoes-creamedo-purple\/#primaryimage\",\"url\":\"https:\/\/images.novelship.com\/product\/_women__asics_gel-cumulus_27_tokyo_running_shoes_c_0_11875.jpeg\",\"contentUrl\":\"https:\/\/images.novelship.com\/product\/_women__asics_gel-cumulus_27_tokyo_running_shoes_c_0_11875.jpeg\"},{\"@type\":\"BreadcrumbList\",\"@id\":\"https:\/\/tourcruiser.com\/fr\/products\/women-asics-gel-cumulus-27-tokyo-running-shoes-creamedo-purple\/#breadcrumb\",\"itemListElement\":[{\"@type\":\"ListItem\",\"position\":1,\"name\":\"Home\",\"item\":\"https:\/\/tourcruiser.com\/fr\/\"},{\"@type\":\"ListItem\",\"position\":2,\"name\":\"Shop\",\"item\":\"https:\/\/tourcruiser.com\/fr\/shop\/\"},{\"@type\":\"ListItem\",\"position\":3,\"name\":\"(Women) ASICS GEL-CUMULUS 27 Tokyo Running Shoes Cream\/Edo Purple\"}]},{\"@type\":\"WebSite\",\"@id\":\"https:\/\/tourcruiser.com\/fr\/#website\",\"url\":\"https:\/\/tourcruiser.com\/fr\/\",\"name\":\"Styloral Jewelry Shop\",\"description\":\"Tourcruiser Sneaker Store \u2014 L\u2019endroit o\u00f9 l\u2019univers rencontre votre singularit\u00e9.\",\"publisher\":{\"@id\":\"https:\/\/tourcruiser.com\/fr\/#organization\"},\"potentialAction\":[{\"@type\":\"SearchAction\",\"target\":{\"@type\":\"EntryPoint\",\"urlTemplate\":\"https:\/\/tourcruiser.com\/fr\/?s={search_term_string}\"},\"query-input\":{\"@type\":\"PropertyValueSpecification\",\"valueRequired\":true,\"valueName\":\"search_term_string\"}}],\"inLanguage\":\"fr-FR\"},{\"@type\":\"Organization\",\"@id\":\"https:\/\/tourcruiser.com\/fr\/#organization\",\"name\":\"STYLORAL PTE. LTD\",\"url\":\"https:\/\/tourcruiser.com\/fr\/\",\"logo\":{\"@type\":\"ImageObject\",\"inLanguage\":\"fr-FR\",\"@id\":\"https:\/\/tourcruiser.com\/fr\/#\/schema\/logo\/image\/\",\"url\":\"https:\/\/www.tourcruiser.com\/wp-content\/uploads\/2025\/12\/logo.png\",\"contentUrl\":\"https:\/\/www.tourcruiser.com\/wp-content\/uploads\/2025\/12\/logo.png\",\"width\":200,\"height\":65,\"caption\":\"STYLORAL PTE. LTD\"},\"image\":{\"@id\":\"https:\/\/tourcruiser.com\/fr\/#\/schema\/logo\/image\/\"}}]}<\/script>\n<!-- \/ Yoast SEO plugin. -->","yoast_head_json":{"title":"(Women) ASICS GEL-CUMULUS 27 Tokyo Running Shoes Cream\/Edo Purple - TOURCRUISER PTE. LTD","robots":{"index":"index","follow":"follow","max-snippet":"max-snippet:-1","max-image-preview":"max-image-preview:large","max-video-preview":"max-video-preview:-1"},"canonical":"https:\/\/tourcruiser.com\/fr\/products\/women-asics-gel-cumulus-27-tokyo-running-shoes-creamedo-purple\/","og_locale":"fr_FR","og_type":"article","og_title":"(Women) ASICS GEL-CUMULUS 27 Tokyo Running Shoes Cream\/Edo Purple - TOURCRUISER PTE. LTD","og_description":"ASICS GEL-CUMULUS 27 \u201d\u201d Cream\/Edo Purple","og_url":"https:\/\/tourcruiser.com\/fr\/products\/women-asics-gel-cumulus-27-tokyo-running-shoes-creamedo-purple\/","og_site_name":"Tourcruiser Sneaker Store","article_modified_time":"2026-03-14T11:55:09+00:00","twitter_card":"summary_large_image","twitter_image":"https:\/\/images.novelship.com\/product\/_women__asics_gel-cumulus_27_tokyo_running_shoes_c_0_11875.jpeg","twitter_misc":{"Dur\u00e9e de lecture estim\u00e9e":"1 minute"},"schema":{"@context":"https:\/\/schema.org","@graph":[{"@type":"WebPage","@id":"https:\/\/tourcruiser.com\/fr\/products\/women-asics-gel-cumulus-27-tokyo-running-shoes-creamedo-purple\/","url":"https:\/\/tourcruiser.com\/fr\/products\/women-asics-gel-cumulus-27-tokyo-running-shoes-creamedo-purple\/","name":"(Women) ASICS GEL-CUMULUS 27 Tokyo Running Shoes Cream\/Edo Purple - TOURCRUISER PTE. LTD","isPartOf":{"@id":"https:\/\/tourcruiser.com\/fr\/#website"},"primaryImageOfPage":{"@id":"https:\/\/tourcruiser.com\/fr\/products\/women-asics-gel-cumulus-27-tokyo-running-shoes-creamedo-purple\/#primaryimage"},"image":{"@id":"https:\/\/tourcruiser.com\/fr\/products\/women-asics-gel-cumulus-27-tokyo-running-shoes-creamedo-purple\/#primaryimage"},"thumbnailUrl":"https:\/\/images.novelship.com\/product\/_women__asics_gel-cumulus_27_tokyo_running_shoes_c_0_11875.jpeg","datePublished":"2026-03-02T08:23:33+00:00","dateModified":"2026-03-14T11:55:09+00:00","breadcrumb":{"@id":"https:\/\/tourcruiser.com\/fr\/products\/women-asics-gel-cumulus-27-tokyo-running-shoes-creamedo-purple\/#breadcrumb"},"inLanguage":"fr-FR","potentialAction":[{"@type":"ReadAction","target":["https:\/\/tourcruiser.com\/fr\/products\/women-asics-gel-cumulus-27-tokyo-running-shoes-creamedo-purple\/"]}]},{"@type":"ImageObject","inLanguage":"fr-FR","@id":"https:\/\/tourcruiser.com\/fr\/products\/women-asics-gel-cumulus-27-tokyo-running-shoes-creamedo-purple\/#primaryimage","url":"https:\/\/images.novelship.com\/product\/_women__asics_gel-cumulus_27_tokyo_running_shoes_c_0_11875.jpeg","contentUrl":"https:\/\/images.novelship.com\/product\/_women__asics_gel-cumulus_27_tokyo_running_shoes_c_0_11875.jpeg"},{"@type":"BreadcrumbList","@id":"https:\/\/tourcruiser.com\/fr\/products\/women-asics-gel-cumulus-27-tokyo-running-shoes-creamedo-purple\/#breadcrumb","itemListElement":[{"@type":"ListItem","position":1,"name":"Home","item":"https:\/\/tourcruiser.com\/fr\/"},{"@type":"ListItem","position":2,"name":"Shop","item":"https:\/\/tourcruiser.com\/fr\/shop\/"},{"@type":"ListItem","position":3,"name":"(Women) ASICS GEL-CUMULUS 27 Tokyo Running Shoes Cream\/Edo Purple"}]},{"@type":"WebSite","@id":"https:\/\/tourcruiser.com\/fr\/#website","url":"https:\/\/tourcruiser.com\/fr\/","name":"Styloral Jewelry Shop","description":"Tourcruiser Sneaker Store \u2014 L\u2019endroit o\u00f9 l\u2019univers rencontre votre singularit\u00e9.","publisher":{"@id":"https:\/\/tourcruiser.com\/fr\/#organization"},"potentialAction":[{"@type":"SearchAction","target":{"@type":"EntryPoint","urlTemplate":"https:\/\/tourcruiser.com\/fr\/?s={search_term_string}"},"query-input":{"@type":"PropertyValueSpecification","valueRequired":true,"valueName":"search_term_string"}}],"inLanguage":"fr-FR"},{"@type":"Organization","@id":"https:\/\/tourcruiser.com\/fr\/#organization","name":"STYLORAL PTE. LTD","url":"https:\/\/tourcruiser.com\/fr\/","logo":{"@type":"ImageObject","inLanguage":"fr-FR","@id":"https:\/\/tourcruiser.com\/fr\/#\/schema\/logo\/image\/","url":"https:\/\/www.tourcruiser.com\/wp-content\/uploads\/2025\/12\/logo.png","contentUrl":"https:\/\/www.tourcruiser.com\/wp-content\/uploads\/2025\/12\/logo.png","width":200,"height":65,"caption":"STYLORAL PTE. LTD"},"image":{"@id":"https:\/\/tourcruiser.com\/fr\/#\/schema\/logo\/image\/"}}]}},"_links":{"self":[{"href":"https:\/\/tourcruiser.com\/fr\/wp-json\/wp\/v2\/product\/78319","targetHints":{"allow":["GET"]}}],"collection":[{"href":"https:\/\/tourcruiser.com\/fr\/wp-json\/wp\/v2\/product"}],"about":[{"href":"https:\/\/tourcruiser.com\/fr\/wp-json\/wp\/v2\/types\/product"}],"replies":[{"embeddable":true,"href":"https:\/\/tourcruiser.com\/fr\/wp-json\/wp\/v2\/comments?post=78319"}],"wp:featuredmedia":[{"embeddable":true,"href":"https:\/\/tourcruiser.com\/fr\/wp-json\/wp\/v2\/media\/78320"}],"wp:attachment":[{"href":"https:\/\/tourcruiser.com\/fr\/wp-json\/wp\/v2\/media?parent=78319"}],"wp:term":[{"taxonomy":"product_brand","embeddable":true,"href":"https:\/\/tourcruiser.com\/fr\/wp-json\/wp\/v2\/product_brand?post=78319"},{"taxonomy":"product_cat","embeddable":true,"href":"https:\/\/tourcruiser.com\/fr\/wp-json\/wp\/v2\/product_cat?post=78319"},{"taxonomy":"product_tag","embeddable":true,"href":"https:\/\/tourcruiser.com\/fr\/wp-json\/wp\/v2\/product_tag?post=78319"}],"curies":[{"name":"wp","href":"https:\/\/api.w.org\/{rel}","templated":true}]}}