{"id":780836,"date":"2026-04-16T17:23:42","date_gmt":"2026-04-16T10:23:42","guid":{"rendered":"http:\/\/tourcruiser.com\/product\/palace-x-adidas-adilette-slides"},"modified":"2026-04-17T23:14:49","modified_gmt":"2026-04-17T16:14:49","slug":"palace-x-adidas-adilette-slides","status":"publish","type":"product","link":"https:\/\/tourcruiser.com\/fr\/products\/palace-x-adidas-adilette-slides\/","title":{"rendered":"Palace x adidas Adilette Slides"},"content":{"rendered":"<p>Avec les claquettes Palace x adidas Adilette B41582, soyez toujours styl\u00e9\u00b7e\u00a0: l\u2019alliance parfaite du confort et du style streetwear. Confectionn\u00e9es \u00e0 partir de mat\u00e9riaux haut de gamme, ces claquettes sont dot\u00e9es d\u2019une semelle int\u00e9rieure moelleuse qui amortit chaque pas. Orn\u00e9es des logos embl\u00e9matiques Palace et adidas, elles apportent une touche d\u2019exclusivit\u00e9 \u00e0 votre garde-robe d\u00e9contract\u00e9e. Que vous vous pr\u00e9lassiez au bord de la piscine ou fassiez vos courses, ces claquettes vous garantissent confort et style tout au long de la journ\u00e9e.<\/p>\n<p>Couleur\u00a0: Noir<\/p>\n<p>R\u00e9f\u00e9rence\u00a0: B41582<\/p>\n<p>Mati\u00e8re ext\u00e9rieure\u00a0: Cuir synth\u00e9tique<\/p>\n<p>Saison\u00a0: \u00c9t\u00e9<\/p>\n<p>Ann\u00e9e de sortie\u00a0: 2018<\/p>\n<p>\u00c2ge\u00a0: Adulte<\/p>\n<p>Couleur\u00a0: Blanc d\u00e9sert\/Blanc cass\u00e9\/Bleu cendr\u00e9<\/p>\n<p>Genre\u00a0: Homme<\/p>\n","protected":false},"excerpt":{"rendered":"<p>Avec les claquettes Palace x adidas Adilette B41582, soyez toujours styl\u00e9\u00b7e\u00a0: l\u2019alliance parfaite du confort et du style streetwear. Confectionn\u00e9es \u00e0 partir de mat\u00e9riaux haut de gamme, ces claquettes sont dot\u00e9es d\u2019une semelle int\u00e9rieure moelleuse qui amortit chaque pas. Orn\u00e9es des logos embl\u00e9matiques Palace et adidas, elles apportent une touche d\u2019exclusivit\u00e9 \u00e0 votre garde-robe d\u00e9contract\u00e9e. [&hellip;]<\/p>\n","protected":false},"featured_media":780837,"comment_status":"open","ping_status":"closed","template":"","meta":[],"product_brand":[],"product_cat":[10760],"product_tag":[10759,10864,10753,39035,10808],"class_list":{"0":"post-780836","1":"product","2":"type-product","3":"status-publish","4":"has-post-thumbnail","6":"product_cat-adidas","7":"product_tag-adidas","8":"product_tag-casual-sandals","9":"product_tag-gift-for-him","10":"product_tag-lifestyle-leisure-shoes","11":"product_tag-slides","12":"wcpa_has_options","14":"first","15":"instock","16":"taxable","17":"shipping-taxable","18":"purchasable","19":"product-type-simple"},"wcpa_form_fields":{"rules":{"pric_overide_base_price":false,"pric_overide_base_price_if_gt_zero":false,"pric_overide_base_price_fully":false,"pric_cal_option_once":false,"pric_use_as_fee":false,"bind_quantity":false,"quantity_bind_formula":false},"fields":[{"type":"color-group","required":true,"elementId":"wcpa-color-group-66c4a7f817afe","label":"Taille","inline":true,"priceOptions":"different_for_all","pricingType":"fixed","className":"hassizechart product-shoes-size-eu product-shoes-size","name":"color-group-66c4a7f817b18","disp_type":"square","selection_type":"tick-border","disp_size":"50","show_label_inside":true,"adjust_width":true,"cart_display_type":"text","other_text":"Other","cl_rule":"show","col":6,"values":[{"label":"35","value":"EU 35","price":"","pimage":"","pimage_id":"","pthumb":"","color":""},{"label":"35.5","value":"EU 35.5","price":"","pimage":"","pimage_id":"","pthumb":"","color":""},{"label":"36","value":"EU 36","price":"","pimage":"","pimage_id":"","pthumb":"","color":"","selected":true},{"label":"36 2\/3","value":"EU 36 2\/3","price":"","pimage":"","pimage_id":"","pthumb":"","color":""},{"label":"37 1\/3","value":"EU 37 1\/3","price":"","pimage":"","pimage_id":"","pthumb":"","color":""},{"label":"38","value":"EU 38","price":"","pimage":"","pimage_id":"","pthumb":"","color":""},{"label":"38 2\/3","value":"EU 38 2\/3","price":"","pimage":"","pimage_id":"","pthumb":"","color":""},{"label":"39 1\/3","value":"EU 39 1\/3","price":"","pimage":"","pimage_id":"","pthumb":"","color":""},{"label":"40","value":"EU 40","price":"","pimage":"","pimage_id":"","pthumb":"","color":""},{"label":"40 2\/3","value":"EU 40 2\/3","price":"","pimage":"","pimage_id":"","pthumb":"","color":""},{"label":"41 1\/3","value":"EU 41 1\/3","price":"","pimage":"","pimage_id":"","pthumb":"","color":""},{"label":"42","value":"EU 42","price":"","pimage":"","pimage_id":"","pthumb":"","color":""},{"label":"42 2\/3","value":"EU 42 2\/3","price":"","pimage":"","pimage_id":"","pthumb":"","color":""},{"label":"43 1\/3","value":"EU 43 1\/3","price":"","pimage":"","pimage_id":"","pthumb":"","color":""},{"label":"44","value":"EU 44","price":"","pimage":"","pimage_id":"","pthumb":"","color":""},{"label":"44 2\/3","value":"EU 44 2\/3","price":"","pimage":"","pimage_id":"","pthumb":"","color":""},{"label":"45 1\/3","value":"EU 45 1\/3","price":"","pimage":"","pimage_id":"","pthumb":"","color":""},{"label":"46","value":"EU 46","price":"","pimage":"","pimage_id":"","pthumb":"","color":""},{"label":"46 2\/3","value":"EU 46 2\/3","price":"","pimage":"","pimage_id":"","pthumb":"","color":""},{"label":"47 1\/3","value":"EU 47 1\/3","price":"","pimage":"","pimage_id":"","pthumb":"","color":""}],"relations":[{"operator":false,"rules":[]}],"form_id":24802,"form_rules":{"pric_cal_option_once":false,"exclude_from_discount":false,"pric_use_as_fee":false,"fee_label":"Fee","render_after_acb":false,"disp_hide_options_price":false}}]},"yoast_head":"<!-- This site is optimized with the Yoast SEO plugin v26.5 - https:\/\/yoast.com\/wordpress\/plugins\/seo\/ -->\n<title>Palace x adidas Adilette Slides - TOURCRUISER PTE. LTD<\/title>\n<meta name=\"robots\" content=\"index, follow, max-snippet:-1, max-image-preview:large, max-video-preview:-1\" \/>\n<link rel=\"canonical\" href=\"https:\/\/tourcruiser.com\/fr\/products\/palace-x-adidas-adilette-slides\/\" \/>\n<meta property=\"og:locale\" content=\"fr_FR\" \/>\n<meta property=\"og:type\" content=\"article\" \/>\n<meta property=\"og:title\" content=\"Palace x adidas Adilette Slides - TOURCRUISER PTE. LTD\" \/>\n<meta property=\"og:description\" content=\"Avec les claquettes Palace x adidas Adilette B41582, soyez toujours styl\u00e9\u00b7e\u00a0: l\u2019alliance parfaite du confort et du style streetwear. Confectionn\u00e9es \u00e0 partir de mat\u00e9riaux haut de gamme, ces claquettes sont dot\u00e9es d\u2019une semelle int\u00e9rieure moelleuse qui amortit chaque pas. Orn\u00e9es des logos embl\u00e9matiques Palace et adidas, elles apportent une touche d\u2019exclusivit\u00e9 \u00e0 votre garde-robe d\u00e9contract\u00e9e. [&hellip;]\" \/>\n<meta property=\"og:url\" content=\"https:\/\/tourcruiser.com\/fr\/products\/palace-x-adidas-adilette-slides\/\" \/>\n<meta property=\"og:site_name\" content=\"Tourcruiser Sneaker Store\" \/>\n<meta property=\"article:modified_time\" content=\"2026-04-17T16:14:49+00:00\" \/>\n<meta name=\"twitter:card\" content=\"summary_large_image\" \/>\n<meta name=\"twitter:image\" content=\"https:\/\/images.novelship.com\/product\/palace_x_adidas_adilette_slides_b41582_0_29875.jpeg;https:\/\/images.novelship.com\/product\/palace_x_adidas_adilette_slides_b41582_1_29875.jpeg;https:\/\/images.novelship.com\/product\/palace_x_adidas_adilette_slides_b41582_2_29875.jpeg;https:\/\/images.novelship.com\/product\/palace_x_adidas_adilette_slides_b41582_3_29875.jpeg;https:\/\/images.novelship.com\/product\/palace_x_adidas_adilette_slides_b41582_4_29875.jpeg\" \/>\n<meta name=\"twitter:label1\" content=\"Dur\u00e9e de lecture estim\u00e9e\" \/>\n\t<meta name=\"twitter:data1\" content=\"1 minute\" \/>\n<script type=\"application\/ld+json\" class=\"yoast-schema-graph\">{\"@context\":\"https:\/\/schema.org\",\"@graph\":[{\"@type\":\"WebPage\",\"@id\":\"https:\/\/tourcruiser.com\/fr\/products\/palace-x-adidas-adilette-slides\/\",\"url\":\"https:\/\/tourcruiser.com\/fr\/products\/palace-x-adidas-adilette-slides\/\",\"name\":\"Palace x adidas Adilette Slides - TOURCRUISER PTE. LTD\",\"isPartOf\":{\"@id\":\"\/#website\"},\"primaryImageOfPage\":{\"@id\":\"https:\/\/tourcruiser.com\/fr\/products\/palace-x-adidas-adilette-slides\/#primaryimage\"},\"image\":{\"@id\":\"https:\/\/tourcruiser.com\/fr\/products\/palace-x-adidas-adilette-slides\/#primaryimage\"},\"thumbnailUrl\":\"https:\/\/images.novelship.com\/product\/palace_x_adidas_adilette_slides_b41582_0_29875.jpeg;https:\/\/images.novelship.com\/product\/palace_x_adidas_adilette_slides_b41582_1_29875.jpeg;https:\/\/images.novelship.com\/product\/palace_x_adidas_adilette_slides_b41582_2_29875.jpeg;https:\/\/images.novelship.com\/product\/palace_x_adidas_adilette_slides_b41582_3_29875.jpeg;https:\/\/images.novelship.com\/product\/palace_x_adidas_adilette_slides_b41582_4_29875.jpeg\",\"datePublished\":\"2026-04-16T10:23:42+00:00\",\"dateModified\":\"2026-04-17T16:14:49+00:00\",\"breadcrumb\":{\"@id\":\"https:\/\/tourcruiser.com\/fr\/products\/palace-x-adidas-adilette-slides\/#breadcrumb\"},\"inLanguage\":\"fr-FR\",\"potentialAction\":[{\"@type\":\"ReadAction\",\"target\":[\"https:\/\/tourcruiser.com\/fr\/products\/palace-x-adidas-adilette-slides\/\"]}]},{\"@type\":\"ImageObject\",\"inLanguage\":\"fr-FR\",\"@id\":\"https:\/\/tourcruiser.com\/fr\/products\/palace-x-adidas-adilette-slides\/#primaryimage\",\"url\":\"https:\/\/images.novelship.com\/product\/palace_x_adidas_adilette_slides_b41582_0_29875.jpeg;https:\/\/images.novelship.com\/product\/palace_x_adidas_adilette_slides_b41582_1_29875.jpeg;https:\/\/images.novelship.com\/product\/palace_x_adidas_adilette_slides_b41582_2_29875.jpeg;https:\/\/images.novelship.com\/product\/palace_x_adidas_adilette_slides_b41582_3_29875.jpeg;https:\/\/images.novelship.com\/product\/palace_x_adidas_adilette_slides_b41582_4_29875.jpeg\",\"contentUrl\":\"https:\/\/images.novelship.com\/product\/palace_x_adidas_adilette_slides_b41582_0_29875.jpeg;https:\/\/images.novelship.com\/product\/palace_x_adidas_adilette_slides_b41582_1_29875.jpeg;https:\/\/images.novelship.com\/product\/palace_x_adidas_adilette_slides_b41582_2_29875.jpeg;https:\/\/images.novelship.com\/product\/palace_x_adidas_adilette_slides_b41582_3_29875.jpeg;https:\/\/images.novelship.com\/product\/palace_x_adidas_adilette_slides_b41582_4_29875.jpeg\"},{\"@type\":\"BreadcrumbList\",\"@id\":\"https:\/\/tourcruiser.com\/fr\/products\/palace-x-adidas-adilette-slides\/#breadcrumb\",\"itemListElement\":[{\"@type\":\"ListItem\",\"position\":1,\"name\":\"Home\",\"item\":\"https:\/\/tourcruiser.com\/fr\/\"},{\"@type\":\"ListItem\",\"position\":2,\"name\":\"Shop\",\"item\":\"https:\/\/tourcruiser.com\/fr\/shop\/\"},{\"@type\":\"ListItem\",\"position\":3,\"name\":\"Palace x adidas Adilette Slides\"}]},{\"@type\":\"WebSite\",\"@id\":\"\/#website\",\"url\":\"\/\",\"name\":\"Styloral Jewelry Shop\",\"description\":\"Tourcruiser Sneaker Store \u2014 L\u2019endroit o\u00f9 l\u2019univers rencontre votre singularit\u00e9.\",\"publisher\":{\"@id\":\"\/#organization\"},\"potentialAction\":[{\"@type\":\"SearchAction\",\"target\":{\"@type\":\"EntryPoint\",\"urlTemplate\":\"\/?s={search_term_string}\"},\"query-input\":{\"@type\":\"PropertyValueSpecification\",\"valueRequired\":true,\"valueName\":\"search_term_string\"}}],\"inLanguage\":\"fr-FR\"},{\"@type\":\"Organization\",\"@id\":\"\/#organization\",\"name\":\"STYLORAL PTE. LTD\",\"url\":\"\/\",\"logo\":{\"@type\":\"ImageObject\",\"inLanguage\":\"fr-FR\",\"@id\":\"\/#\/schema\/logo\/image\/\",\"url\":\"https:\/\/www.tourcruiser.com\/wp-content\/uploads\/2025\/12\/logo.png\",\"contentUrl\":\"https:\/\/www.tourcruiser.com\/wp-content\/uploads\/2025\/12\/logo.png\",\"width\":200,\"height\":65,\"caption\":\"STYLORAL PTE. LTD\"},\"image\":{\"@id\":\"\/#\/schema\/logo\/image\/\"}}]}<\/script>\n<!-- \/ Yoast SEO plugin. -->","yoast_head_json":{"title":"Palace x adidas Adilette Slides - TOURCRUISER PTE. LTD","robots":{"index":"index","follow":"follow","max-snippet":"max-snippet:-1","max-image-preview":"max-image-preview:large","max-video-preview":"max-video-preview:-1"},"canonical":"https:\/\/tourcruiser.com\/fr\/products\/palace-x-adidas-adilette-slides\/","og_locale":"fr_FR","og_type":"article","og_title":"Palace x adidas Adilette Slides - TOURCRUISER PTE. LTD","og_description":"Avec les claquettes Palace x adidas Adilette B41582, soyez toujours styl\u00e9\u00b7e\u00a0: l\u2019alliance parfaite du confort et du style streetwear. Confectionn\u00e9es \u00e0 partir de mat\u00e9riaux haut de gamme, ces claquettes sont dot\u00e9es d\u2019une semelle int\u00e9rieure moelleuse qui amortit chaque pas. Orn\u00e9es des logos embl\u00e9matiques Palace et adidas, elles apportent une touche d\u2019exclusivit\u00e9 \u00e0 votre garde-robe d\u00e9contract\u00e9e. [&hellip;]","og_url":"https:\/\/tourcruiser.com\/fr\/products\/palace-x-adidas-adilette-slides\/","og_site_name":"Tourcruiser Sneaker Store","article_modified_time":"2026-04-17T16:14:49+00:00","twitter_card":"summary_large_image","twitter_image":"https:\/\/images.novelship.com\/product\/palace_x_adidas_adilette_slides_b41582_0_29875.jpeg;https:\/\/images.novelship.com\/product\/palace_x_adidas_adilette_slides_b41582_1_29875.jpeg;https:\/\/images.novelship.com\/product\/palace_x_adidas_adilette_slides_b41582_2_29875.jpeg;https:\/\/images.novelship.com\/product\/palace_x_adidas_adilette_slides_b41582_3_29875.jpeg;https:\/\/images.novelship.com\/product\/palace_x_adidas_adilette_slides_b41582_4_29875.jpeg","twitter_misc":{"Dur\u00e9e de lecture estim\u00e9e":"1 minute"},"schema":{"@context":"https:\/\/schema.org","@graph":[{"@type":"WebPage","@id":"https:\/\/tourcruiser.com\/fr\/products\/palace-x-adidas-adilette-slides\/","url":"https:\/\/tourcruiser.com\/fr\/products\/palace-x-adidas-adilette-slides\/","name":"Palace x adidas Adilette Slides - TOURCRUISER PTE. LTD","isPartOf":{"@id":"\/#website"},"primaryImageOfPage":{"@id":"https:\/\/tourcruiser.com\/fr\/products\/palace-x-adidas-adilette-slides\/#primaryimage"},"image":{"@id":"https:\/\/tourcruiser.com\/fr\/products\/palace-x-adidas-adilette-slides\/#primaryimage"},"thumbnailUrl":"https:\/\/images.novelship.com\/product\/palace_x_adidas_adilette_slides_b41582_0_29875.jpeg;https:\/\/images.novelship.com\/product\/palace_x_adidas_adilette_slides_b41582_1_29875.jpeg;https:\/\/images.novelship.com\/product\/palace_x_adidas_adilette_slides_b41582_2_29875.jpeg;https:\/\/images.novelship.com\/product\/palace_x_adidas_adilette_slides_b41582_3_29875.jpeg;https:\/\/images.novelship.com\/product\/palace_x_adidas_adilette_slides_b41582_4_29875.jpeg","datePublished":"2026-04-16T10:23:42+00:00","dateModified":"2026-04-17T16:14:49+00:00","breadcrumb":{"@id":"https:\/\/tourcruiser.com\/fr\/products\/palace-x-adidas-adilette-slides\/#breadcrumb"},"inLanguage":"fr-FR","potentialAction":[{"@type":"ReadAction","target":["https:\/\/tourcruiser.com\/fr\/products\/palace-x-adidas-adilette-slides\/"]}]},{"@type":"ImageObject","inLanguage":"fr-FR","@id":"https:\/\/tourcruiser.com\/fr\/products\/palace-x-adidas-adilette-slides\/#primaryimage","url":"https:\/\/images.novelship.com\/product\/palace_x_adidas_adilette_slides_b41582_0_29875.jpeg;https:\/\/images.novelship.com\/product\/palace_x_adidas_adilette_slides_b41582_1_29875.jpeg;https:\/\/images.novelship.com\/product\/palace_x_adidas_adilette_slides_b41582_2_29875.jpeg;https:\/\/images.novelship.com\/product\/palace_x_adidas_adilette_slides_b41582_3_29875.jpeg;https:\/\/images.novelship.com\/product\/palace_x_adidas_adilette_slides_b41582_4_29875.jpeg","contentUrl":"https:\/\/images.novelship.com\/product\/palace_x_adidas_adilette_slides_b41582_0_29875.jpeg;https:\/\/images.novelship.com\/product\/palace_x_adidas_adilette_slides_b41582_1_29875.jpeg;https:\/\/images.novelship.com\/product\/palace_x_adidas_adilette_slides_b41582_2_29875.jpeg;https:\/\/images.novelship.com\/product\/palace_x_adidas_adilette_slides_b41582_3_29875.jpeg;https:\/\/images.novelship.com\/product\/palace_x_adidas_adilette_slides_b41582_4_29875.jpeg"},{"@type":"BreadcrumbList","@id":"https:\/\/tourcruiser.com\/fr\/products\/palace-x-adidas-adilette-slides\/#breadcrumb","itemListElement":[{"@type":"ListItem","position":1,"name":"Home","item":"https:\/\/tourcruiser.com\/fr\/"},{"@type":"ListItem","position":2,"name":"Shop","item":"https:\/\/tourcruiser.com\/fr\/shop\/"},{"@type":"ListItem","position":3,"name":"Palace x adidas Adilette Slides"}]},{"@type":"WebSite","@id":"\/#website","url":"\/","name":"Styloral Jewelry Shop","description":"Tourcruiser Sneaker Store \u2014 L\u2019endroit o\u00f9 l\u2019univers rencontre votre singularit\u00e9.","publisher":{"@id":"\/#organization"},"potentialAction":[{"@type":"SearchAction","target":{"@type":"EntryPoint","urlTemplate":"\/?s={search_term_string}"},"query-input":{"@type":"PropertyValueSpecification","valueRequired":true,"valueName":"search_term_string"}}],"inLanguage":"fr-FR"},{"@type":"Organization","@id":"\/#organization","name":"STYLORAL PTE. LTD","url":"\/","logo":{"@type":"ImageObject","inLanguage":"fr-FR","@id":"\/#\/schema\/logo\/image\/","url":"https:\/\/www.tourcruiser.com\/wp-content\/uploads\/2025\/12\/logo.png","contentUrl":"https:\/\/www.tourcruiser.com\/wp-content\/uploads\/2025\/12\/logo.png","width":200,"height":65,"caption":"STYLORAL PTE. LTD"},"image":{"@id":"\/#\/schema\/logo\/image\/"}}]}},"_links":{"self":[{"href":"https:\/\/tourcruiser.com\/fr\/wp-json\/wp\/v2\/product\/780836","targetHints":{"allow":["GET"]}}],"collection":[{"href":"https:\/\/tourcruiser.com\/fr\/wp-json\/wp\/v2\/product"}],"about":[{"href":"https:\/\/tourcruiser.com\/fr\/wp-json\/wp\/v2\/types\/product"}],"replies":[{"embeddable":true,"href":"https:\/\/tourcruiser.com\/fr\/wp-json\/wp\/v2\/comments?post=780836"}],"wp:featuredmedia":[{"embeddable":true,"href":"https:\/\/tourcruiser.com\/fr\/wp-json\/wp\/v2\/media\/780837"}],"wp:attachment":[{"href":"https:\/\/tourcruiser.com\/fr\/wp-json\/wp\/v2\/media?parent=780836"}],"wp:term":[{"taxonomy":"product_brand","embeddable":true,"href":"https:\/\/tourcruiser.com\/fr\/wp-json\/wp\/v2\/product_brand?post=780836"},{"taxonomy":"product_cat","embeddable":true,"href":"https:\/\/tourcruiser.com\/fr\/wp-json\/wp\/v2\/product_cat?post=780836"},{"taxonomy":"product_tag","embeddable":true,"href":"https:\/\/tourcruiser.com\/fr\/wp-json\/wp\/v2\/product_tag?post=780836"}],"curies":[{"name":"wp","href":"https:\/\/api.w.org\/{rel}","templated":true}]}}