{"id":780763,"date":"2026-04-16T17:23:05","date_gmt":"2026-04-16T10:23:05","guid":{"rendered":"http:\/\/tourcruiser.com\/product\/nike-solo-slide-white-black"},"modified":"2026-04-17T23:14:41","modified_gmt":"2026-04-17T16:14:41","slug":"nike-solo-slide-white-black","status":"publish","type":"product","link":"https:\/\/tourcruiser.com\/fr\/products\/nike-solo-slide-white-black\/","title":{"rendered":"Nike Solo Slide &lsquo;White Black&rsquo;"},"content":{"rendered":"<p>D\u00e9couvrez la sandale d&rsquo;\u00e9t\u00e9 par excellence\u00a0: la Nike Solo Slide Flightposite noire 644585-100. Avec leur design \u00e9l\u00e9gant et sportif, ces sandales rehausseront votre style d\u00e9contract\u00e9.<\/p>\n<p>Gr\u00e2ce \u00e0 leur semelle int\u00e9rieure souple et profil\u00e9e, elles offrent un amorti exceptionnel pour un confort optimal tout au long de la journ\u00e9e. La semelle ext\u00e9rieure adh\u00e9rente assure une stabilit\u00e9 parfaite, tandis que le logo Flightposite embl\u00e9matique apporte une touche sportive. Renouvelez votre garde-robe d&rsquo;\u00e9t\u00e9 avec ces sandales incontournables de Nike Solo\u00a0: un look tendance et styl\u00e9 en toutes circonstances.<\/p>\n<p>Couleur\u00a0: Noir\/Blanc<br \/>\nR\u00e9f\u00e9rence\u00a0: 644585-100<br \/>\nMati\u00e8re ext\u00e9rieure\u00a0: Foamposite<\/p>\n<p>Couleur\u00a0: Noir\/Blanc<br \/>\n\u00c2ge\u00a0: Adulte<br \/>\nCouleur\u00a0: Blanc\/Noir\/Vert menthe<br \/>\nGenre\u00a0: Homme<\/p>\n","protected":false},"excerpt":{"rendered":"<p>D\u00e9couvrez la sandale d&rsquo;\u00e9t\u00e9 par excellence\u00a0: la Nike Solo Slide Flightposite noire 644585-100. Avec leur design \u00e9l\u00e9gant et sportif, ces sandales rehausseront votre style d\u00e9contract\u00e9. Gr\u00e2ce \u00e0 leur semelle int\u00e9rieure souple et profil\u00e9e, elles offrent un amorti exceptionnel pour un confort optimal tout au long de la journ\u00e9e. La semelle ext\u00e9rieure adh\u00e9rente assure une stabilit\u00e9 [&hellip;]<\/p>\n","protected":false},"featured_media":780764,"comment_status":"open","ping_status":"closed","template":"","meta":[],"product_brand":[],"product_cat":[10803],"product_tag":[10750,10753,10754,10801,10808],"class_list":{"0":"post-780763","1":"product","2":"type-product","3":"status-publish","4":"has-post-thumbnail","6":"product_cat-nike","7":"product_tag-athleisure-shoes","8":"product_tag-gift-for-him","9":"product_tag-lifestyle-casual-shoes","10":"product_tag-nike","11":"product_tag-slides","12":"wcpa_has_options","14":"first","15":"instock","16":"taxable","17":"shipping-taxable","18":"purchasable","19":"product-type-simple"},"wcpa_form_fields":{"rules":{"pric_overide_base_price":false,"pric_overide_base_price_if_gt_zero":false,"pric_overide_base_price_fully":false,"pric_cal_option_once":false,"pric_use_as_fee":false,"bind_quantity":false,"quantity_bind_formula":false},"fields":[{"type":"color-group","required":true,"elementId":"wcpa-color-group-66c4a75505e74","label":"Taille","inline":true,"priceOptions":"different_for_all","pricingType":"fixed","className":"hassizechart product-shoes-size-eu product-shoes-size","name":"color-group-66c4a75505e89","disp_type":"square","selection_type":"tick-border","disp_size":"44","show_label_inside":true,"adjust_width":true,"cart_display_type":"text","other_text":"Other","cl_rule":"show","col":6,"values":[{"label":"35.5","value":"EU 35.5","price":"","pimage":"","pimage_id":"","pthumb":"","color":""},{"label":"36","value":"EU 36","price":"","pimage":"","pimage_id":"","pthumb":"","color":"","selected":true},{"label":"36.5","value":"EU 36.5","price":"","pimage":"","pimage_id":"","pthumb":"","color":""},{"label":"37.5","value":"EU 37.5","price":"","pimage":"","pimage_id":"","pthumb":"","color":""},{"label":"38","value":"EU 38","price":"","pimage":"","pimage_id":"","pthumb":"","color":""},{"label":"38.5","value":"EU 38.5","price":"","pimage":"","pimage_id":"","pthumb":"","color":""},{"label":"39","value":"EU 39","price":"","pimage":"","pimage_id":"","pthumb":"","color":""},{"label":"40","value":"EU 40","price":"","pimage":"","pimage_id":"","pthumb":"","color":""},{"label":"40.5","value":"EU 40.5","price":"","pimage":"","pimage_id":"","pthumb":"","color":""},{"label":"41","value":"EU 41","price":"","pimage":"","pimage_id":"","pthumb":"","color":""},{"label":"42","value":"EU 42","price":"","pimage":"","pimage_id":"","pthumb":"","color":""},{"label":"42.5","value":"EU 42.5","price":"","pimage":"","pimage_id":"","pthumb":"","color":""},{"label":"43","value":"EU 43","price":"","pimage":"","pimage_id":"","pthumb":"","color":""},{"label":"44","value":"EU 44","price":"","pimage":"","pimage_id":"","pthumb":"","color":""},{"label":"44.5","value":"EU 44.5","price":"","pimage":"","pimage_id":"","pthumb":"","color":""},{"label":"45","value":"EU 45","price":"","pimage":"","pimage_id":"","pthumb":"","color":""},{"label":"45.5","value":"EU 45.5","price":"","pimage":"","pimage_id":"","pthumb":"","color":""},{"label":"46","value":"EU 46","price":"","pimage":"","pimage_id":"","pthumb":"","color":""},{"label":"47","value":"EU 47","price":"","pimage":"","pimage_id":"","pthumb":"","color":""},{"label":"47.5","value":"EU 47.5","price":"","pimage":"","pimage_id":"","pthumb":"","color":""},{"label":"48","value":"EU 48","price":"","pimage":"","pimage_id":"","pthumb":"","color":""}],"relations":[{"operator":false,"rules":[]}],"form_id":18106,"form_rules":{"pric_cal_option_once":false,"exclude_from_discount":false,"pric_use_as_fee":false,"fee_label":"Fee","render_after_acb":false,"disp_hide_options_price":false}}]},"yoast_head":"<!-- This site is optimized with the Yoast SEO plugin v26.5 - https:\/\/yoast.com\/wordpress\/plugins\/seo\/ -->\n<title>Nike Solo Slide &#039;White Black&#039; - TOURCRUISER PTE. LTD<\/title>\n<meta name=\"robots\" content=\"index, follow, max-snippet:-1, max-image-preview:large, max-video-preview:-1\" \/>\n<link rel=\"canonical\" href=\"https:\/\/tourcruiser.com\/fr\/products\/nike-solo-slide-white-black\/\" \/>\n<meta property=\"og:locale\" content=\"fr_FR\" \/>\n<meta property=\"og:type\" content=\"article\" \/>\n<meta property=\"og:title\" content=\"Nike Solo Slide &#039;White Black&#039; - TOURCRUISER PTE. LTD\" \/>\n<meta property=\"og:description\" content=\"D\u00e9couvrez la sandale d&rsquo;\u00e9t\u00e9 par excellence\u00a0: la Nike Solo Slide Flightposite noire 644585-100. Avec leur design \u00e9l\u00e9gant et sportif, ces sandales rehausseront votre style d\u00e9contract\u00e9. Gr\u00e2ce \u00e0 leur semelle int\u00e9rieure souple et profil\u00e9e, elles offrent un amorti exceptionnel pour un confort optimal tout au long de la journ\u00e9e. La semelle ext\u00e9rieure adh\u00e9rente assure une stabilit\u00e9 [&hellip;]\" \/>\n<meta property=\"og:url\" content=\"https:\/\/tourcruiser.com\/fr\/products\/nike-solo-slide-white-black\/\" \/>\n<meta property=\"og:site_name\" content=\"Tourcruiser Sneaker Store\" \/>\n<meta property=\"article:modified_time\" content=\"2026-04-17T16:14:41+00:00\" \/>\n<meta name=\"twitter:card\" content=\"summary_large_image\" \/>\n<meta name=\"twitter:image\" content=\"https:\/\/images.novelship.com\/product\/nike_solo_slide__white_black__644585-100_0_70088.jpeg;https:\/\/images.novelship.com\/product\/nike_solo_slide__white_black__644585-100_1_70088.jpeg;https:\/\/images.novelship.com\/product\/nike_solo_slide__white_black__644585-100_2_70088.jpeg;https:\/\/images.novelship.com\/product\/nike_solo_slide__white_black__644585-100_3_70088.jpeg\" \/>\n<meta name=\"twitter:label1\" content=\"Dur\u00e9e de lecture estim\u00e9e\" \/>\n\t<meta name=\"twitter:data1\" content=\"1 minute\" \/>\n<script type=\"application\/ld+json\" class=\"yoast-schema-graph\">{\"@context\":\"https:\/\/schema.org\",\"@graph\":[{\"@type\":\"WebPage\",\"@id\":\"https:\/\/tourcruiser.com\/fr\/products\/nike-solo-slide-white-black\/\",\"url\":\"https:\/\/tourcruiser.com\/fr\/products\/nike-solo-slide-white-black\/\",\"name\":\"Nike Solo Slide 'White Black' - TOURCRUISER PTE. LTD\",\"isPartOf\":{\"@id\":\"\/#website\"},\"primaryImageOfPage\":{\"@id\":\"https:\/\/tourcruiser.com\/fr\/products\/nike-solo-slide-white-black\/#primaryimage\"},\"image\":{\"@id\":\"https:\/\/tourcruiser.com\/fr\/products\/nike-solo-slide-white-black\/#primaryimage\"},\"thumbnailUrl\":\"https:\/\/images.novelship.com\/product\/nike_solo_slide__white_black__644585-100_0_70088.jpeg;https:\/\/images.novelship.com\/product\/nike_solo_slide__white_black__644585-100_1_70088.jpeg;https:\/\/images.novelship.com\/product\/nike_solo_slide__white_black__644585-100_2_70088.jpeg;https:\/\/images.novelship.com\/product\/nike_solo_slide__white_black__644585-100_3_70088.jpeg\",\"datePublished\":\"2026-04-16T10:23:05+00:00\",\"dateModified\":\"2026-04-17T16:14:41+00:00\",\"breadcrumb\":{\"@id\":\"https:\/\/tourcruiser.com\/fr\/products\/nike-solo-slide-white-black\/#breadcrumb\"},\"inLanguage\":\"fr-FR\",\"potentialAction\":[{\"@type\":\"ReadAction\",\"target\":[\"https:\/\/tourcruiser.com\/fr\/products\/nike-solo-slide-white-black\/\"]}]},{\"@type\":\"ImageObject\",\"inLanguage\":\"fr-FR\",\"@id\":\"https:\/\/tourcruiser.com\/fr\/products\/nike-solo-slide-white-black\/#primaryimage\",\"url\":\"https:\/\/images.novelship.com\/product\/nike_solo_slide__white_black__644585-100_0_70088.jpeg;https:\/\/images.novelship.com\/product\/nike_solo_slide__white_black__644585-100_1_70088.jpeg;https:\/\/images.novelship.com\/product\/nike_solo_slide__white_black__644585-100_2_70088.jpeg;https:\/\/images.novelship.com\/product\/nike_solo_slide__white_black__644585-100_3_70088.jpeg\",\"contentUrl\":\"https:\/\/images.novelship.com\/product\/nike_solo_slide__white_black__644585-100_0_70088.jpeg;https:\/\/images.novelship.com\/product\/nike_solo_slide__white_black__644585-100_1_70088.jpeg;https:\/\/images.novelship.com\/product\/nike_solo_slide__white_black__644585-100_2_70088.jpeg;https:\/\/images.novelship.com\/product\/nike_solo_slide__white_black__644585-100_3_70088.jpeg\"},{\"@type\":\"BreadcrumbList\",\"@id\":\"https:\/\/tourcruiser.com\/fr\/products\/nike-solo-slide-white-black\/#breadcrumb\",\"itemListElement\":[{\"@type\":\"ListItem\",\"position\":1,\"name\":\"Home\",\"item\":\"https:\/\/tourcruiser.com\/fr\/\"},{\"@type\":\"ListItem\",\"position\":2,\"name\":\"Shop\",\"item\":\"https:\/\/tourcruiser.com\/fr\/shop\/\"},{\"@type\":\"ListItem\",\"position\":3,\"name\":\"Nike Solo Slide &#8216;White Black&#8217;\"}]},{\"@type\":\"WebSite\",\"@id\":\"\/#website\",\"url\":\"\/\",\"name\":\"Styloral Jewelry Shop\",\"description\":\"Tourcruiser Sneaker Store \u2014 L\u2019endroit o\u00f9 l\u2019univers rencontre votre singularit\u00e9.\",\"publisher\":{\"@id\":\"\/#organization\"},\"potentialAction\":[{\"@type\":\"SearchAction\",\"target\":{\"@type\":\"EntryPoint\",\"urlTemplate\":\"\/?s={search_term_string}\"},\"query-input\":{\"@type\":\"PropertyValueSpecification\",\"valueRequired\":true,\"valueName\":\"search_term_string\"}}],\"inLanguage\":\"fr-FR\"},{\"@type\":\"Organization\",\"@id\":\"\/#organization\",\"name\":\"STYLORAL PTE. LTD\",\"url\":\"\/\",\"logo\":{\"@type\":\"ImageObject\",\"inLanguage\":\"fr-FR\",\"@id\":\"\/#\/schema\/logo\/image\/\",\"url\":\"https:\/\/www.tourcruiser.com\/wp-content\/uploads\/2025\/12\/logo.png\",\"contentUrl\":\"https:\/\/www.tourcruiser.com\/wp-content\/uploads\/2025\/12\/logo.png\",\"width\":200,\"height\":65,\"caption\":\"STYLORAL PTE. LTD\"},\"image\":{\"@id\":\"\/#\/schema\/logo\/image\/\"}}]}<\/script>\n<!-- \/ Yoast SEO plugin. -->","yoast_head_json":{"title":"Nike Solo Slide 'White Black' - TOURCRUISER PTE. LTD","robots":{"index":"index","follow":"follow","max-snippet":"max-snippet:-1","max-image-preview":"max-image-preview:large","max-video-preview":"max-video-preview:-1"},"canonical":"https:\/\/tourcruiser.com\/fr\/products\/nike-solo-slide-white-black\/","og_locale":"fr_FR","og_type":"article","og_title":"Nike Solo Slide 'White Black' - TOURCRUISER PTE. LTD","og_description":"D\u00e9couvrez la sandale d&rsquo;\u00e9t\u00e9 par excellence\u00a0: la Nike Solo Slide Flightposite noire 644585-100. Avec leur design \u00e9l\u00e9gant et sportif, ces sandales rehausseront votre style d\u00e9contract\u00e9. Gr\u00e2ce \u00e0 leur semelle int\u00e9rieure souple et profil\u00e9e, elles offrent un amorti exceptionnel pour un confort optimal tout au long de la journ\u00e9e. La semelle ext\u00e9rieure adh\u00e9rente assure une stabilit\u00e9 [&hellip;]","og_url":"https:\/\/tourcruiser.com\/fr\/products\/nike-solo-slide-white-black\/","og_site_name":"Tourcruiser Sneaker Store","article_modified_time":"2026-04-17T16:14:41+00:00","twitter_card":"summary_large_image","twitter_image":"https:\/\/images.novelship.com\/product\/nike_solo_slide__white_black__644585-100_0_70088.jpeg;https:\/\/images.novelship.com\/product\/nike_solo_slide__white_black__644585-100_1_70088.jpeg;https:\/\/images.novelship.com\/product\/nike_solo_slide__white_black__644585-100_2_70088.jpeg;https:\/\/images.novelship.com\/product\/nike_solo_slide__white_black__644585-100_3_70088.jpeg","twitter_misc":{"Dur\u00e9e de lecture estim\u00e9e":"1 minute"},"schema":{"@context":"https:\/\/schema.org","@graph":[{"@type":"WebPage","@id":"https:\/\/tourcruiser.com\/fr\/products\/nike-solo-slide-white-black\/","url":"https:\/\/tourcruiser.com\/fr\/products\/nike-solo-slide-white-black\/","name":"Nike Solo Slide 'White Black' - TOURCRUISER PTE. LTD","isPartOf":{"@id":"\/#website"},"primaryImageOfPage":{"@id":"https:\/\/tourcruiser.com\/fr\/products\/nike-solo-slide-white-black\/#primaryimage"},"image":{"@id":"https:\/\/tourcruiser.com\/fr\/products\/nike-solo-slide-white-black\/#primaryimage"},"thumbnailUrl":"https:\/\/images.novelship.com\/product\/nike_solo_slide__white_black__644585-100_0_70088.jpeg;https:\/\/images.novelship.com\/product\/nike_solo_slide__white_black__644585-100_1_70088.jpeg;https:\/\/images.novelship.com\/product\/nike_solo_slide__white_black__644585-100_2_70088.jpeg;https:\/\/images.novelship.com\/product\/nike_solo_slide__white_black__644585-100_3_70088.jpeg","datePublished":"2026-04-16T10:23:05+00:00","dateModified":"2026-04-17T16:14:41+00:00","breadcrumb":{"@id":"https:\/\/tourcruiser.com\/fr\/products\/nike-solo-slide-white-black\/#breadcrumb"},"inLanguage":"fr-FR","potentialAction":[{"@type":"ReadAction","target":["https:\/\/tourcruiser.com\/fr\/products\/nike-solo-slide-white-black\/"]}]},{"@type":"ImageObject","inLanguage":"fr-FR","@id":"https:\/\/tourcruiser.com\/fr\/products\/nike-solo-slide-white-black\/#primaryimage","url":"https:\/\/images.novelship.com\/product\/nike_solo_slide__white_black__644585-100_0_70088.jpeg;https:\/\/images.novelship.com\/product\/nike_solo_slide__white_black__644585-100_1_70088.jpeg;https:\/\/images.novelship.com\/product\/nike_solo_slide__white_black__644585-100_2_70088.jpeg;https:\/\/images.novelship.com\/product\/nike_solo_slide__white_black__644585-100_3_70088.jpeg","contentUrl":"https:\/\/images.novelship.com\/product\/nike_solo_slide__white_black__644585-100_0_70088.jpeg;https:\/\/images.novelship.com\/product\/nike_solo_slide__white_black__644585-100_1_70088.jpeg;https:\/\/images.novelship.com\/product\/nike_solo_slide__white_black__644585-100_2_70088.jpeg;https:\/\/images.novelship.com\/product\/nike_solo_slide__white_black__644585-100_3_70088.jpeg"},{"@type":"BreadcrumbList","@id":"https:\/\/tourcruiser.com\/fr\/products\/nike-solo-slide-white-black\/#breadcrumb","itemListElement":[{"@type":"ListItem","position":1,"name":"Home","item":"https:\/\/tourcruiser.com\/fr\/"},{"@type":"ListItem","position":2,"name":"Shop","item":"https:\/\/tourcruiser.com\/fr\/shop\/"},{"@type":"ListItem","position":3,"name":"Nike Solo Slide &#8216;White Black&#8217;"}]},{"@type":"WebSite","@id":"\/#website","url":"\/","name":"Styloral Jewelry Shop","description":"Tourcruiser Sneaker Store \u2014 L\u2019endroit o\u00f9 l\u2019univers rencontre votre singularit\u00e9.","publisher":{"@id":"\/#organization"},"potentialAction":[{"@type":"SearchAction","target":{"@type":"EntryPoint","urlTemplate":"\/?s={search_term_string}"},"query-input":{"@type":"PropertyValueSpecification","valueRequired":true,"valueName":"search_term_string"}}],"inLanguage":"fr-FR"},{"@type":"Organization","@id":"\/#organization","name":"STYLORAL PTE. LTD","url":"\/","logo":{"@type":"ImageObject","inLanguage":"fr-FR","@id":"\/#\/schema\/logo\/image\/","url":"https:\/\/www.tourcruiser.com\/wp-content\/uploads\/2025\/12\/logo.png","contentUrl":"https:\/\/www.tourcruiser.com\/wp-content\/uploads\/2025\/12\/logo.png","width":200,"height":65,"caption":"STYLORAL PTE. LTD"},"image":{"@id":"\/#\/schema\/logo\/image\/"}}]}},"_links":{"self":[{"href":"https:\/\/tourcruiser.com\/fr\/wp-json\/wp\/v2\/product\/780763","targetHints":{"allow":["GET"]}}],"collection":[{"href":"https:\/\/tourcruiser.com\/fr\/wp-json\/wp\/v2\/product"}],"about":[{"href":"https:\/\/tourcruiser.com\/fr\/wp-json\/wp\/v2\/types\/product"}],"replies":[{"embeddable":true,"href":"https:\/\/tourcruiser.com\/fr\/wp-json\/wp\/v2\/comments?post=780763"}],"wp:featuredmedia":[{"embeddable":true,"href":"https:\/\/tourcruiser.com\/fr\/wp-json\/wp\/v2\/media\/780764"}],"wp:attachment":[{"href":"https:\/\/tourcruiser.com\/fr\/wp-json\/wp\/v2\/media?parent=780763"}],"wp:term":[{"taxonomy":"product_brand","embeddable":true,"href":"https:\/\/tourcruiser.com\/fr\/wp-json\/wp\/v2\/product_brand?post=780763"},{"taxonomy":"product_cat","embeddable":true,"href":"https:\/\/tourcruiser.com\/fr\/wp-json\/wp\/v2\/product_cat?post=780763"},{"taxonomy":"product_tag","embeddable":true,"href":"https:\/\/tourcruiser.com\/fr\/wp-json\/wp\/v2\/product_tag?post=780763"}],"curies":[{"name":"wp","href":"https:\/\/api.w.org\/{rel}","templated":true}]}}