{"id":780547,"date":"2026-04-16T17:22:51","date_gmt":"2026-04-16T10:22:51","guid":{"rendered":"http:\/\/tourcruiser.com\/product\/nike-victori-one-slide-polka-swooshkhaki"},"modified":"2026-04-17T23:14:37","modified_gmt":"2026-04-17T16:14:37","slug":"nike-victori-one-slide-polka-swooshkhaki","status":"publish","type":"product","link":"https:\/\/tourcruiser.com\/fr\/products\/nike-victori-one-slide-polka-swooshkhaki\/","title":{"rendered":"Nike Victori One Slide &lsquo;Polka Swoosh &#8211; Khaki&rsquo;"},"content":{"rendered":"<p>Adoptez un style d\u00e9contract\u00e9 avec la sandale Nike Victori One Slide \u00ab\u00a0Polka Swoosh &#8211; Khaki\u00a0\u00bb (CZ5478-200). \u00c9l\u00e9gante et confortable, cette sandale pr\u00e9sente une empeigne en cuir synth\u00e9tique souple et r\u00e9sistant, orn\u00e9e d&rsquo;un Swoosh \u00e0 pois ludique. La semelle interm\u00e9diaire en mousse souple assure un confort optimal tout au long de la journ\u00e9e, tandis que la semelle ext\u00e9rieure en caoutchouc r\u00e9sistant garantit une adh\u00e9rence parfaite. Id\u00e9ales pour une sortie d\u00e9contract\u00e9e ou pour se d\u00e9tendre apr\u00e8s une s\u00e9ance de sport, ces sandales apportent une touche sportive \u00e0 vos tenues casual.<\/p>\n<p>Couleur\u00a0: Kaki\/Kaki\/Noir<\/p>\n<p>R\u00e9f\u00e9rence\u00a0: CZ5478-200<\/p>\n<p>Mati\u00e8re ext\u00e9rieure\u00a0: Synth\u00e9tique<\/p>\n<p>Couleur\u00a0: Beige<\/p>\n<p>Ann\u00e9e de sortie\u00a0: 2021<\/p>\n<p>\u00c2ge\u00a0: Adulte<\/p>\n<p>Couleur\u00a0: Beige<\/p>\n<p>Genre\u00a0: Homme<\/p>\n","protected":false},"excerpt":{"rendered":"<p>Adoptez un style d\u00e9contract\u00e9 avec la sandale Nike Victori One Slide \u00ab\u00a0Polka Swoosh &#8211; Khaki\u00a0\u00bb (CZ5478-200). \u00c9l\u00e9gante et confortable, cette sandale pr\u00e9sente une empeigne en cuir synth\u00e9tique souple et r\u00e9sistant, orn\u00e9e d&rsquo;un Swoosh \u00e0 pois ludique. La semelle interm\u00e9diaire en mousse souple assure un confort optimal tout au long de la journ\u00e9e, tandis que la [&hellip;]<\/p>\n","protected":false},"featured_media":780548,"comment_status":"open","ping_status":"closed","template":"","meta":[],"product_brand":[],"product_cat":[10803],"product_tag":[10800,38839,38861,10847,10753,10754,10801,38846,10808,10785,10786],"class_list":{"0":"post-780547","1":"product","2":"type-product","3":"status-publish","4":"has-post-thumbnail","6":"product_cat-nike","7":"product_tag-basketball-shoes","8":"product_tag-basketball-shoes-with-ankle-support","9":"product_tag-below-retail-price","10":"product_tag-best-finds-under-100","11":"product_tag-gift-for-him","12":"product_tag-lifestyle-casual-shoes","13":"product_tag-nike","14":"product_tag-performance-sports-shoes","15":"product_tag-slides","16":"product_tag-trending-deals","17":"product_tag-trending-deals-under-150","18":"wcpa_has_options","20":"first","21":"instock","22":"taxable","23":"shipping-taxable","24":"purchasable","25":"product-type-simple"},"wcpa_form_fields":{"rules":{"pric_overide_base_price":false,"pric_overide_base_price_if_gt_zero":false,"pric_overide_base_price_fully":false,"pric_cal_option_once":false,"pric_use_as_fee":false,"bind_quantity":false,"quantity_bind_formula":false},"fields":[{"type":"color-group","required":true,"elementId":"wcpa-color-group-66c4a75505e74","label":"Taille","inline":true,"priceOptions":"different_for_all","pricingType":"fixed","className":"hassizechart product-shoes-size-eu product-shoes-size","name":"color-group-66c4a75505e89","disp_type":"square","selection_type":"tick-border","disp_size":"44","show_label_inside":true,"adjust_width":true,"cart_display_type":"text","other_text":"Other","cl_rule":"show","col":6,"values":[{"label":"35.5","value":"EU 35.5","price":"","pimage":"","pimage_id":"","pthumb":"","color":""},{"label":"36","value":"EU 36","price":"","pimage":"","pimage_id":"","pthumb":"","color":"","selected":true},{"label":"36.5","value":"EU 36.5","price":"","pimage":"","pimage_id":"","pthumb":"","color":""},{"label":"37.5","value":"EU 37.5","price":"","pimage":"","pimage_id":"","pthumb":"","color":""},{"label":"38","value":"EU 38","price":"","pimage":"","pimage_id":"","pthumb":"","color":""},{"label":"38.5","value":"EU 38.5","price":"","pimage":"","pimage_id":"","pthumb":"","color":""},{"label":"39","value":"EU 39","price":"","pimage":"","pimage_id":"","pthumb":"","color":""},{"label":"40","value":"EU 40","price":"","pimage":"","pimage_id":"","pthumb":"","color":""},{"label":"40.5","value":"EU 40.5","price":"","pimage":"","pimage_id":"","pthumb":"","color":""},{"label":"41","value":"EU 41","price":"","pimage":"","pimage_id":"","pthumb":"","color":""},{"label":"42","value":"EU 42","price":"","pimage":"","pimage_id":"","pthumb":"","color":""},{"label":"42.5","value":"EU 42.5","price":"","pimage":"","pimage_id":"","pthumb":"","color":""},{"label":"43","value":"EU 43","price":"","pimage":"","pimage_id":"","pthumb":"","color":""},{"label":"44","value":"EU 44","price":"","pimage":"","pimage_id":"","pthumb":"","color":""},{"label":"44.5","value":"EU 44.5","price":"","pimage":"","pimage_id":"","pthumb":"","color":""},{"label":"45","value":"EU 45","price":"","pimage":"","pimage_id":"","pthumb":"","color":""},{"label":"45.5","value":"EU 45.5","price":"","pimage":"","pimage_id":"","pthumb":"","color":""},{"label":"46","value":"EU 46","price":"","pimage":"","pimage_id":"","pthumb":"","color":""},{"label":"47","value":"EU 47","price":"","pimage":"","pimage_id":"","pthumb":"","color":""},{"label":"47.5","value":"EU 47.5","price":"","pimage":"","pimage_id":"","pthumb":"","color":""},{"label":"48","value":"EU 48","price":"","pimage":"","pimage_id":"","pthumb":"","color":""}],"relations":[{"operator":false,"rules":[]}],"form_id":18106,"form_rules":{"pric_cal_option_once":false,"exclude_from_discount":false,"pric_use_as_fee":false,"fee_label":"Fee","render_after_acb":false,"disp_hide_options_price":false}}]},"yoast_head":"<!-- This site is optimized with the Yoast SEO plugin v26.5 - https:\/\/yoast.com\/wordpress\/plugins\/seo\/ -->\n<title>Nike Victori One Slide &#039;Polka Swoosh - Khaki&#039; - TOURCRUISER PTE. LTD<\/title>\n<meta name=\"robots\" content=\"index, follow, max-snippet:-1, max-image-preview:large, max-video-preview:-1\" \/>\n<link rel=\"canonical\" href=\"https:\/\/tourcruiser.com\/fr\/products\/nike-victori-one-slide-polka-swooshkhaki\/\" \/>\n<meta property=\"og:locale\" content=\"fr_FR\" \/>\n<meta property=\"og:type\" content=\"article\" \/>\n<meta property=\"og:title\" content=\"Nike Victori One Slide &#039;Polka Swoosh - Khaki&#039; - TOURCRUISER PTE. LTD\" \/>\n<meta property=\"og:description\" content=\"Adoptez un style d\u00e9contract\u00e9 avec la sandale Nike Victori One Slide \u00ab\u00a0Polka Swoosh &#8211; Khaki\u00a0\u00bb (CZ5478-200). \u00c9l\u00e9gante et confortable, cette sandale pr\u00e9sente une empeigne en cuir synth\u00e9tique souple et r\u00e9sistant, orn\u00e9e d&rsquo;un Swoosh \u00e0 pois ludique. La semelle interm\u00e9diaire en mousse souple assure un confort optimal tout au long de la journ\u00e9e, tandis que la [&hellip;]\" \/>\n<meta property=\"og:url\" content=\"https:\/\/tourcruiser.com\/fr\/products\/nike-victori-one-slide-polka-swooshkhaki\/\" \/>\n<meta property=\"og:site_name\" content=\"Tourcruiser Sneaker Store\" \/>\n<meta property=\"article:modified_time\" content=\"2026-04-17T16:14:37+00:00\" \/>\n<meta name=\"twitter:card\" content=\"summary_large_image\" \/>\n<meta name=\"twitter:image\" content=\"https:\/\/images.novelship.com\/product\/nike_victori_one_slide__polka_swoosh_-_khaki__cz54_0_57645.jpeg;https:\/\/images.novelship.com\/product\/nike_victori_one_slide__polka_swoosh_-_khaki__cz54_1_57645.jpeg;https:\/\/images.novelship.com\/product\/nike_victori_one_slide__polka_swoosh_-_khaki__cz54_2_57645.jpeg;https:\/\/images.novelship.com\/product\/nike_victori_one_slide__polka_swoosh_-_khaki__cz54_3_57645.jpeg\" \/>\n<meta name=\"twitter:label1\" content=\"Dur\u00e9e de lecture estim\u00e9e\" \/>\n\t<meta name=\"twitter:data1\" content=\"1 minute\" \/>\n<script type=\"application\/ld+json\" class=\"yoast-schema-graph\">{\"@context\":\"https:\/\/schema.org\",\"@graph\":[{\"@type\":\"WebPage\",\"@id\":\"https:\/\/tourcruiser.com\/fr\/products\/nike-victori-one-slide-polka-swooshkhaki\/\",\"url\":\"https:\/\/tourcruiser.com\/fr\/products\/nike-victori-one-slide-polka-swooshkhaki\/\",\"name\":\"Nike Victori One Slide 'Polka Swoosh - Khaki' - TOURCRUISER PTE. LTD\",\"isPartOf\":{\"@id\":\"\/#website\"},\"primaryImageOfPage\":{\"@id\":\"https:\/\/tourcruiser.com\/fr\/products\/nike-victori-one-slide-polka-swooshkhaki\/#primaryimage\"},\"image\":{\"@id\":\"https:\/\/tourcruiser.com\/fr\/products\/nike-victori-one-slide-polka-swooshkhaki\/#primaryimage\"},\"thumbnailUrl\":\"https:\/\/images.novelship.com\/product\/nike_victori_one_slide__polka_swoosh_-_khaki__cz54_0_57645.jpeg;https:\/\/images.novelship.com\/product\/nike_victori_one_slide__polka_swoosh_-_khaki__cz54_1_57645.jpeg;https:\/\/images.novelship.com\/product\/nike_victori_one_slide__polka_swoosh_-_khaki__cz54_2_57645.jpeg;https:\/\/images.novelship.com\/product\/nike_victori_one_slide__polka_swoosh_-_khaki__cz54_3_57645.jpeg\",\"datePublished\":\"2026-04-16T10:22:51+00:00\",\"dateModified\":\"2026-04-17T16:14:37+00:00\",\"breadcrumb\":{\"@id\":\"https:\/\/tourcruiser.com\/fr\/products\/nike-victori-one-slide-polka-swooshkhaki\/#breadcrumb\"},\"inLanguage\":\"fr-FR\",\"potentialAction\":[{\"@type\":\"ReadAction\",\"target\":[\"https:\/\/tourcruiser.com\/fr\/products\/nike-victori-one-slide-polka-swooshkhaki\/\"]}]},{\"@type\":\"ImageObject\",\"inLanguage\":\"fr-FR\",\"@id\":\"https:\/\/tourcruiser.com\/fr\/products\/nike-victori-one-slide-polka-swooshkhaki\/#primaryimage\",\"url\":\"https:\/\/images.novelship.com\/product\/nike_victori_one_slide__polka_swoosh_-_khaki__cz54_0_57645.jpeg;https:\/\/images.novelship.com\/product\/nike_victori_one_slide__polka_swoosh_-_khaki__cz54_1_57645.jpeg;https:\/\/images.novelship.com\/product\/nike_victori_one_slide__polka_swoosh_-_khaki__cz54_2_57645.jpeg;https:\/\/images.novelship.com\/product\/nike_victori_one_slide__polka_swoosh_-_khaki__cz54_3_57645.jpeg\",\"contentUrl\":\"https:\/\/images.novelship.com\/product\/nike_victori_one_slide__polka_swoosh_-_khaki__cz54_0_57645.jpeg;https:\/\/images.novelship.com\/product\/nike_victori_one_slide__polka_swoosh_-_khaki__cz54_1_57645.jpeg;https:\/\/images.novelship.com\/product\/nike_victori_one_slide__polka_swoosh_-_khaki__cz54_2_57645.jpeg;https:\/\/images.novelship.com\/product\/nike_victori_one_slide__polka_swoosh_-_khaki__cz54_3_57645.jpeg\"},{\"@type\":\"BreadcrumbList\",\"@id\":\"https:\/\/tourcruiser.com\/fr\/products\/nike-victori-one-slide-polka-swooshkhaki\/#breadcrumb\",\"itemListElement\":[{\"@type\":\"ListItem\",\"position\":1,\"name\":\"Home\",\"item\":\"https:\/\/tourcruiser.com\/fr\/\"},{\"@type\":\"ListItem\",\"position\":2,\"name\":\"Shop\",\"item\":\"https:\/\/tourcruiser.com\/fr\/shop\/\"},{\"@type\":\"ListItem\",\"position\":3,\"name\":\"Nike Victori One Slide &#8216;Polka Swoosh &#8211; Khaki&#8217;\"}]},{\"@type\":\"WebSite\",\"@id\":\"\/#website\",\"url\":\"\/\",\"name\":\"Styloral Jewelry Shop\",\"description\":\"Tourcruiser Sneaker Store \u2014 L\u2019endroit o\u00f9 l\u2019univers rencontre votre singularit\u00e9.\",\"publisher\":{\"@id\":\"\/#organization\"},\"potentialAction\":[{\"@type\":\"SearchAction\",\"target\":{\"@type\":\"EntryPoint\",\"urlTemplate\":\"\/?s={search_term_string}\"},\"query-input\":{\"@type\":\"PropertyValueSpecification\",\"valueRequired\":true,\"valueName\":\"search_term_string\"}}],\"inLanguage\":\"fr-FR\"},{\"@type\":\"Organization\",\"@id\":\"\/#organization\",\"name\":\"STYLORAL PTE. LTD\",\"url\":\"\/\",\"logo\":{\"@type\":\"ImageObject\",\"inLanguage\":\"fr-FR\",\"@id\":\"\/#\/schema\/logo\/image\/\",\"url\":\"https:\/\/www.tourcruiser.com\/wp-content\/uploads\/2025\/12\/logo.png\",\"contentUrl\":\"https:\/\/www.tourcruiser.com\/wp-content\/uploads\/2025\/12\/logo.png\",\"width\":200,\"height\":65,\"caption\":\"STYLORAL PTE. LTD\"},\"image\":{\"@id\":\"\/#\/schema\/logo\/image\/\"}}]}<\/script>\n<!-- \/ Yoast SEO plugin. -->","yoast_head_json":{"title":"Nike Victori One Slide 'Polka Swoosh - Khaki' - TOURCRUISER PTE. LTD","robots":{"index":"index","follow":"follow","max-snippet":"max-snippet:-1","max-image-preview":"max-image-preview:large","max-video-preview":"max-video-preview:-1"},"canonical":"https:\/\/tourcruiser.com\/fr\/products\/nike-victori-one-slide-polka-swooshkhaki\/","og_locale":"fr_FR","og_type":"article","og_title":"Nike Victori One Slide 'Polka Swoosh - Khaki' - TOURCRUISER PTE. LTD","og_description":"Adoptez un style d\u00e9contract\u00e9 avec la sandale Nike Victori One Slide \u00ab\u00a0Polka Swoosh &#8211; Khaki\u00a0\u00bb (CZ5478-200). \u00c9l\u00e9gante et confortable, cette sandale pr\u00e9sente une empeigne en cuir synth\u00e9tique souple et r\u00e9sistant, orn\u00e9e d&rsquo;un Swoosh \u00e0 pois ludique. La semelle interm\u00e9diaire en mousse souple assure un confort optimal tout au long de la journ\u00e9e, tandis que la [&hellip;]","og_url":"https:\/\/tourcruiser.com\/fr\/products\/nike-victori-one-slide-polka-swooshkhaki\/","og_site_name":"Tourcruiser Sneaker Store","article_modified_time":"2026-04-17T16:14:37+00:00","twitter_card":"summary_large_image","twitter_image":"https:\/\/images.novelship.com\/product\/nike_victori_one_slide__polka_swoosh_-_khaki__cz54_0_57645.jpeg;https:\/\/images.novelship.com\/product\/nike_victori_one_slide__polka_swoosh_-_khaki__cz54_1_57645.jpeg;https:\/\/images.novelship.com\/product\/nike_victori_one_slide__polka_swoosh_-_khaki__cz54_2_57645.jpeg;https:\/\/images.novelship.com\/product\/nike_victori_one_slide__polka_swoosh_-_khaki__cz54_3_57645.jpeg","twitter_misc":{"Dur\u00e9e de lecture estim\u00e9e":"1 minute"},"schema":{"@context":"https:\/\/schema.org","@graph":[{"@type":"WebPage","@id":"https:\/\/tourcruiser.com\/fr\/products\/nike-victori-one-slide-polka-swooshkhaki\/","url":"https:\/\/tourcruiser.com\/fr\/products\/nike-victori-one-slide-polka-swooshkhaki\/","name":"Nike Victori One Slide 'Polka Swoosh - Khaki' - TOURCRUISER PTE. LTD","isPartOf":{"@id":"\/#website"},"primaryImageOfPage":{"@id":"https:\/\/tourcruiser.com\/fr\/products\/nike-victori-one-slide-polka-swooshkhaki\/#primaryimage"},"image":{"@id":"https:\/\/tourcruiser.com\/fr\/products\/nike-victori-one-slide-polka-swooshkhaki\/#primaryimage"},"thumbnailUrl":"https:\/\/images.novelship.com\/product\/nike_victori_one_slide__polka_swoosh_-_khaki__cz54_0_57645.jpeg;https:\/\/images.novelship.com\/product\/nike_victori_one_slide__polka_swoosh_-_khaki__cz54_1_57645.jpeg;https:\/\/images.novelship.com\/product\/nike_victori_one_slide__polka_swoosh_-_khaki__cz54_2_57645.jpeg;https:\/\/images.novelship.com\/product\/nike_victori_one_slide__polka_swoosh_-_khaki__cz54_3_57645.jpeg","datePublished":"2026-04-16T10:22:51+00:00","dateModified":"2026-04-17T16:14:37+00:00","breadcrumb":{"@id":"https:\/\/tourcruiser.com\/fr\/products\/nike-victori-one-slide-polka-swooshkhaki\/#breadcrumb"},"inLanguage":"fr-FR","potentialAction":[{"@type":"ReadAction","target":["https:\/\/tourcruiser.com\/fr\/products\/nike-victori-one-slide-polka-swooshkhaki\/"]}]},{"@type":"ImageObject","inLanguage":"fr-FR","@id":"https:\/\/tourcruiser.com\/fr\/products\/nike-victori-one-slide-polka-swooshkhaki\/#primaryimage","url":"https:\/\/images.novelship.com\/product\/nike_victori_one_slide__polka_swoosh_-_khaki__cz54_0_57645.jpeg;https:\/\/images.novelship.com\/product\/nike_victori_one_slide__polka_swoosh_-_khaki__cz54_1_57645.jpeg;https:\/\/images.novelship.com\/product\/nike_victori_one_slide__polka_swoosh_-_khaki__cz54_2_57645.jpeg;https:\/\/images.novelship.com\/product\/nike_victori_one_slide__polka_swoosh_-_khaki__cz54_3_57645.jpeg","contentUrl":"https:\/\/images.novelship.com\/product\/nike_victori_one_slide__polka_swoosh_-_khaki__cz54_0_57645.jpeg;https:\/\/images.novelship.com\/product\/nike_victori_one_slide__polka_swoosh_-_khaki__cz54_1_57645.jpeg;https:\/\/images.novelship.com\/product\/nike_victori_one_slide__polka_swoosh_-_khaki__cz54_2_57645.jpeg;https:\/\/images.novelship.com\/product\/nike_victori_one_slide__polka_swoosh_-_khaki__cz54_3_57645.jpeg"},{"@type":"BreadcrumbList","@id":"https:\/\/tourcruiser.com\/fr\/products\/nike-victori-one-slide-polka-swooshkhaki\/#breadcrumb","itemListElement":[{"@type":"ListItem","position":1,"name":"Home","item":"https:\/\/tourcruiser.com\/fr\/"},{"@type":"ListItem","position":2,"name":"Shop","item":"https:\/\/tourcruiser.com\/fr\/shop\/"},{"@type":"ListItem","position":3,"name":"Nike Victori One Slide &#8216;Polka Swoosh &#8211; Khaki&#8217;"}]},{"@type":"WebSite","@id":"\/#website","url":"\/","name":"Styloral Jewelry Shop","description":"Tourcruiser Sneaker Store \u2014 L\u2019endroit o\u00f9 l\u2019univers rencontre votre singularit\u00e9.","publisher":{"@id":"\/#organization"},"potentialAction":[{"@type":"SearchAction","target":{"@type":"EntryPoint","urlTemplate":"\/?s={search_term_string}"},"query-input":{"@type":"PropertyValueSpecification","valueRequired":true,"valueName":"search_term_string"}}],"inLanguage":"fr-FR"},{"@type":"Organization","@id":"\/#organization","name":"STYLORAL PTE. LTD","url":"\/","logo":{"@type":"ImageObject","inLanguage":"fr-FR","@id":"\/#\/schema\/logo\/image\/","url":"https:\/\/www.tourcruiser.com\/wp-content\/uploads\/2025\/12\/logo.png","contentUrl":"https:\/\/www.tourcruiser.com\/wp-content\/uploads\/2025\/12\/logo.png","width":200,"height":65,"caption":"STYLORAL PTE. LTD"},"image":{"@id":"\/#\/schema\/logo\/image\/"}}]}},"_links":{"self":[{"href":"https:\/\/tourcruiser.com\/fr\/wp-json\/wp\/v2\/product\/780547","targetHints":{"allow":["GET"]}}],"collection":[{"href":"https:\/\/tourcruiser.com\/fr\/wp-json\/wp\/v2\/product"}],"about":[{"href":"https:\/\/tourcruiser.com\/fr\/wp-json\/wp\/v2\/types\/product"}],"replies":[{"embeddable":true,"href":"https:\/\/tourcruiser.com\/fr\/wp-json\/wp\/v2\/comments?post=780547"}],"wp:featuredmedia":[{"embeddable":true,"href":"https:\/\/tourcruiser.com\/fr\/wp-json\/wp\/v2\/media\/780548"}],"wp:attachment":[{"href":"https:\/\/tourcruiser.com\/fr\/wp-json\/wp\/v2\/media?parent=780547"}],"wp:term":[{"taxonomy":"product_brand","embeddable":true,"href":"https:\/\/tourcruiser.com\/fr\/wp-json\/wp\/v2\/product_brand?post=780547"},{"taxonomy":"product_cat","embeddable":true,"href":"https:\/\/tourcruiser.com\/fr\/wp-json\/wp\/v2\/product_cat?post=780547"},{"taxonomy":"product_tag","embeddable":true,"href":"https:\/\/tourcruiser.com\/fr\/wp-json\/wp\/v2\/product_tag?post=780547"}],"curies":[{"name":"wp","href":"https:\/\/api.w.org\/{rel}","templated":true}]}}