{"id":780523,"date":"2026-04-16T17:22:49","date_gmt":"2026-04-16T10:22:49","guid":{"rendered":"http:\/\/tourcruiser.com\/product\/air-jordan-hydro-13-slide-white-red"},"modified":"2026-04-17T23:14:36","modified_gmt":"2026-04-17T16:14:36","slug":"air-jordan-hydro-13-slide-white-red","status":"publish","type":"product","link":"https:\/\/tourcruiser.com\/fr\/products\/air-jordan-hydro-13-slide-white-red\/","title":{"rendered":"Air Jordan Hydro 13 Slide &lsquo;White Red&rsquo;"},"content":{"rendered":"<p>La sandale Air Jordan Hydro 13 blanche et rouge est un mod\u00e8le \u00e9l\u00e9gant et confortable sign\u00e9 Jordan. Son association iconique de blanc et de rouge lui conf\u00e8re un style affirm\u00e9. Confectionn\u00e9e avec des mat\u00e9riaux haut de gamme, elle est dot\u00e9e d&rsquo;une semelle int\u00e9rieure rembourr\u00e9e pour un confort optimal tout au long de la journ\u00e9e. Parfaite pour se d\u00e9tendre au bord de la piscine ou au quotidien, cette sandale est un incontournable pour tout fan de Jordan.<\/p>\n<p>Coloris\u00a0: Blanc\/Rouge<\/p>\n<p>R\u00e9f\u00e9rence\u00a0: 684915-121<\/p>\n<p>Couleur\u00a0: Blanc<\/p>\n<p>Saison\u00a0: Printemps\/\u00c9t\u00e9\/Automne<\/p>\n<p>\u00c2ge\u00a0: Adulte<\/p>\n<p>Couleur\u00a0: Blanc<\/p>\n<p>Genre\u00a0: Homme<\/p>\n","protected":false},"excerpt":{"rendered":"<p>La sandale Air Jordan Hydro 13 blanche et rouge est un mod\u00e8le \u00e9l\u00e9gant et confortable sign\u00e9 Jordan. Son association iconique de blanc et de rouge lui conf\u00e8re un style affirm\u00e9. Confectionn\u00e9e avec des mat\u00e9riaux haut de gamme, elle est dot\u00e9e d&rsquo;une semelle int\u00e9rieure rembourr\u00e9e pour un confort optimal tout au long de la journ\u00e9e. Parfaite [&hellip;]<\/p>\n","protected":false},"featured_media":780524,"comment_status":"open","ping_status":"closed","template":"","meta":[],"product_brand":[],"product_cat":[38880],"product_tag":[10864,10753,10776,39035,10808],"class_list":{"0":"post-780523","1":"product","2":"type-product","3":"status-publish","4":"has-post-thumbnail","6":"product_cat-jordan","7":"product_tag-casual-sandals","8":"product_tag-gift-for-him","9":"product_tag-jordan","10":"product_tag-lifestyle-leisure-shoes","11":"product_tag-slides","13":"first","14":"instock","15":"taxable","16":"shipping-taxable","17":"purchasable","18":"product-type-simple"},"wcpa_form_fields":null,"yoast_head":"<!-- This site is optimized with the Yoast SEO plugin v26.5 - https:\/\/yoast.com\/wordpress\/plugins\/seo\/ -->\n<title>Air Jordan Hydro 13 Slide &#039;White Red&#039; - TOURCRUISER PTE. LTD<\/title>\n<meta name=\"robots\" content=\"index, follow, max-snippet:-1, max-image-preview:large, max-video-preview:-1\" \/>\n<link rel=\"canonical\" href=\"https:\/\/tourcruiser.com\/fr\/products\/air-jordan-hydro-13-slide-white-red\/\" \/>\n<meta property=\"og:locale\" content=\"fr_FR\" \/>\n<meta property=\"og:type\" content=\"article\" \/>\n<meta property=\"og:title\" content=\"Air Jordan Hydro 13 Slide &#039;White Red&#039; - TOURCRUISER PTE. LTD\" \/>\n<meta property=\"og:description\" content=\"La sandale Air Jordan Hydro 13 blanche et rouge est un mod\u00e8le \u00e9l\u00e9gant et confortable sign\u00e9 Jordan. Son association iconique de blanc et de rouge lui conf\u00e8re un style affirm\u00e9. Confectionn\u00e9e avec des mat\u00e9riaux haut de gamme, elle est dot\u00e9e d&rsquo;une semelle int\u00e9rieure rembourr\u00e9e pour un confort optimal tout au long de la journ\u00e9e. Parfaite [&hellip;]\" \/>\n<meta property=\"og:url\" content=\"https:\/\/tourcruiser.com\/fr\/products\/air-jordan-hydro-13-slide-white-red\/\" \/>\n<meta property=\"og:site_name\" content=\"Tourcruiser Sneaker Store\" \/>\n<meta property=\"article:modified_time\" content=\"2026-04-17T16:14:36+00:00\" \/>\n<meta name=\"twitter:card\" content=\"summary_large_image\" \/>\n<meta name=\"twitter:image\" content=\"https:\/\/images.novelship.com\/product\/air_jordan_hydro_13_slide__white_red__684915-121_0_76270.jpeg;https:\/\/images.novelship.com\/product\/air_jordan_hydro_13_slide__white_red__684915-121_1_76270.jpeg;https:\/\/images.novelship.com\/product\/air_jordan_hydro_13_slide__white_red__684915-121_2_76270.jpeg;https:\/\/images.novelship.com\/product\/air_jordan_hydro_13_slide__white_red__684915-121_3_76270.jpeg;https:\/\/images.novelship.com\/product\/air_jordan_hydro_13_slide__white_red__684915-121_4_76270.jpeg\" \/>\n<meta name=\"twitter:label1\" content=\"Dur\u00e9e de lecture estim\u00e9e\" \/>\n\t<meta name=\"twitter:data1\" content=\"1 minute\" \/>\n<script type=\"application\/ld+json\" class=\"yoast-schema-graph\">{\"@context\":\"https:\/\/schema.org\",\"@graph\":[{\"@type\":\"WebPage\",\"@id\":\"https:\/\/tourcruiser.com\/fr\/products\/air-jordan-hydro-13-slide-white-red\/\",\"url\":\"https:\/\/tourcruiser.com\/fr\/products\/air-jordan-hydro-13-slide-white-red\/\",\"name\":\"Air Jordan Hydro 13 Slide 'White Red' - TOURCRUISER PTE. LTD\",\"isPartOf\":{\"@id\":\"\/#website\"},\"primaryImageOfPage\":{\"@id\":\"https:\/\/tourcruiser.com\/fr\/products\/air-jordan-hydro-13-slide-white-red\/#primaryimage\"},\"image\":{\"@id\":\"https:\/\/tourcruiser.com\/fr\/products\/air-jordan-hydro-13-slide-white-red\/#primaryimage\"},\"thumbnailUrl\":\"https:\/\/images.novelship.com\/product\/air_jordan_hydro_13_slide__white_red__684915-121_0_76270.jpeg;https:\/\/images.novelship.com\/product\/air_jordan_hydro_13_slide__white_red__684915-121_1_76270.jpeg;https:\/\/images.novelship.com\/product\/air_jordan_hydro_13_slide__white_red__684915-121_2_76270.jpeg;https:\/\/images.novelship.com\/product\/air_jordan_hydro_13_slide__white_red__684915-121_3_76270.jpeg;https:\/\/images.novelship.com\/product\/air_jordan_hydro_13_slide__white_red__684915-121_4_76270.jpeg\",\"datePublished\":\"2026-04-16T10:22:49+00:00\",\"dateModified\":\"2026-04-17T16:14:36+00:00\",\"breadcrumb\":{\"@id\":\"https:\/\/tourcruiser.com\/fr\/products\/air-jordan-hydro-13-slide-white-red\/#breadcrumb\"},\"inLanguage\":\"fr-FR\",\"potentialAction\":[{\"@type\":\"ReadAction\",\"target\":[\"https:\/\/tourcruiser.com\/fr\/products\/air-jordan-hydro-13-slide-white-red\/\"]}]},{\"@type\":\"ImageObject\",\"inLanguage\":\"fr-FR\",\"@id\":\"https:\/\/tourcruiser.com\/fr\/products\/air-jordan-hydro-13-slide-white-red\/#primaryimage\",\"url\":\"https:\/\/images.novelship.com\/product\/air_jordan_hydro_13_slide__white_red__684915-121_0_76270.jpeg;https:\/\/images.novelship.com\/product\/air_jordan_hydro_13_slide__white_red__684915-121_1_76270.jpeg;https:\/\/images.novelship.com\/product\/air_jordan_hydro_13_slide__white_red__684915-121_2_76270.jpeg;https:\/\/images.novelship.com\/product\/air_jordan_hydro_13_slide__white_red__684915-121_3_76270.jpeg;https:\/\/images.novelship.com\/product\/air_jordan_hydro_13_slide__white_red__684915-121_4_76270.jpeg\",\"contentUrl\":\"https:\/\/images.novelship.com\/product\/air_jordan_hydro_13_slide__white_red__684915-121_0_76270.jpeg;https:\/\/images.novelship.com\/product\/air_jordan_hydro_13_slide__white_red__684915-121_1_76270.jpeg;https:\/\/images.novelship.com\/product\/air_jordan_hydro_13_slide__white_red__684915-121_2_76270.jpeg;https:\/\/images.novelship.com\/product\/air_jordan_hydro_13_slide__white_red__684915-121_3_76270.jpeg;https:\/\/images.novelship.com\/product\/air_jordan_hydro_13_slide__white_red__684915-121_4_76270.jpeg\"},{\"@type\":\"BreadcrumbList\",\"@id\":\"https:\/\/tourcruiser.com\/fr\/products\/air-jordan-hydro-13-slide-white-red\/#breadcrumb\",\"itemListElement\":[{\"@type\":\"ListItem\",\"position\":1,\"name\":\"Home\",\"item\":\"https:\/\/tourcruiser.com\/fr\/\"},{\"@type\":\"ListItem\",\"position\":2,\"name\":\"Shop\",\"item\":\"https:\/\/tourcruiser.com\/fr\/shop\/\"},{\"@type\":\"ListItem\",\"position\":3,\"name\":\"Air Jordan Hydro 13 Slide &#8216;White Red&#8217;\"}]},{\"@type\":\"WebSite\",\"@id\":\"\/#website\",\"url\":\"\/\",\"name\":\"Styloral Jewelry Shop\",\"description\":\"Tourcruiser Sneaker Store \u2014 L\u2019endroit o\u00f9 l\u2019univers rencontre votre singularit\u00e9.\",\"publisher\":{\"@id\":\"\/#organization\"},\"potentialAction\":[{\"@type\":\"SearchAction\",\"target\":{\"@type\":\"EntryPoint\",\"urlTemplate\":\"\/?s={search_term_string}\"},\"query-input\":{\"@type\":\"PropertyValueSpecification\",\"valueRequired\":true,\"valueName\":\"search_term_string\"}}],\"inLanguage\":\"fr-FR\"},{\"@type\":\"Organization\",\"@id\":\"\/#organization\",\"name\":\"STYLORAL PTE. LTD\",\"url\":\"\/\",\"logo\":{\"@type\":\"ImageObject\",\"inLanguage\":\"fr-FR\",\"@id\":\"\/#\/schema\/logo\/image\/\",\"url\":\"https:\/\/www.tourcruiser.com\/wp-content\/uploads\/2025\/12\/logo.png\",\"contentUrl\":\"https:\/\/www.tourcruiser.com\/wp-content\/uploads\/2025\/12\/logo.png\",\"width\":200,\"height\":65,\"caption\":\"STYLORAL PTE. LTD\"},\"image\":{\"@id\":\"\/#\/schema\/logo\/image\/\"}}]}<\/script>\n<!-- \/ Yoast SEO plugin. -->","yoast_head_json":{"title":"Air Jordan Hydro 13 Slide 'White Red' - TOURCRUISER PTE. LTD","robots":{"index":"index","follow":"follow","max-snippet":"max-snippet:-1","max-image-preview":"max-image-preview:large","max-video-preview":"max-video-preview:-1"},"canonical":"https:\/\/tourcruiser.com\/fr\/products\/air-jordan-hydro-13-slide-white-red\/","og_locale":"fr_FR","og_type":"article","og_title":"Air Jordan Hydro 13 Slide 'White Red' - TOURCRUISER PTE. LTD","og_description":"La sandale Air Jordan Hydro 13 blanche et rouge est un mod\u00e8le \u00e9l\u00e9gant et confortable sign\u00e9 Jordan. Son association iconique de blanc et de rouge lui conf\u00e8re un style affirm\u00e9. Confectionn\u00e9e avec des mat\u00e9riaux haut de gamme, elle est dot\u00e9e d&rsquo;une semelle int\u00e9rieure rembourr\u00e9e pour un confort optimal tout au long de la journ\u00e9e. Parfaite [&hellip;]","og_url":"https:\/\/tourcruiser.com\/fr\/products\/air-jordan-hydro-13-slide-white-red\/","og_site_name":"Tourcruiser Sneaker Store","article_modified_time":"2026-04-17T16:14:36+00:00","twitter_card":"summary_large_image","twitter_image":"https:\/\/images.novelship.com\/product\/air_jordan_hydro_13_slide__white_red__684915-121_0_76270.jpeg;https:\/\/images.novelship.com\/product\/air_jordan_hydro_13_slide__white_red__684915-121_1_76270.jpeg;https:\/\/images.novelship.com\/product\/air_jordan_hydro_13_slide__white_red__684915-121_2_76270.jpeg;https:\/\/images.novelship.com\/product\/air_jordan_hydro_13_slide__white_red__684915-121_3_76270.jpeg;https:\/\/images.novelship.com\/product\/air_jordan_hydro_13_slide__white_red__684915-121_4_76270.jpeg","twitter_misc":{"Dur\u00e9e de lecture estim\u00e9e":"1 minute"},"schema":{"@context":"https:\/\/schema.org","@graph":[{"@type":"WebPage","@id":"https:\/\/tourcruiser.com\/fr\/products\/air-jordan-hydro-13-slide-white-red\/","url":"https:\/\/tourcruiser.com\/fr\/products\/air-jordan-hydro-13-slide-white-red\/","name":"Air Jordan Hydro 13 Slide 'White Red' - TOURCRUISER PTE. LTD","isPartOf":{"@id":"\/#website"},"primaryImageOfPage":{"@id":"https:\/\/tourcruiser.com\/fr\/products\/air-jordan-hydro-13-slide-white-red\/#primaryimage"},"image":{"@id":"https:\/\/tourcruiser.com\/fr\/products\/air-jordan-hydro-13-slide-white-red\/#primaryimage"},"thumbnailUrl":"https:\/\/images.novelship.com\/product\/air_jordan_hydro_13_slide__white_red__684915-121_0_76270.jpeg;https:\/\/images.novelship.com\/product\/air_jordan_hydro_13_slide__white_red__684915-121_1_76270.jpeg;https:\/\/images.novelship.com\/product\/air_jordan_hydro_13_slide__white_red__684915-121_2_76270.jpeg;https:\/\/images.novelship.com\/product\/air_jordan_hydro_13_slide__white_red__684915-121_3_76270.jpeg;https:\/\/images.novelship.com\/product\/air_jordan_hydro_13_slide__white_red__684915-121_4_76270.jpeg","datePublished":"2026-04-16T10:22:49+00:00","dateModified":"2026-04-17T16:14:36+00:00","breadcrumb":{"@id":"https:\/\/tourcruiser.com\/fr\/products\/air-jordan-hydro-13-slide-white-red\/#breadcrumb"},"inLanguage":"fr-FR","potentialAction":[{"@type":"ReadAction","target":["https:\/\/tourcruiser.com\/fr\/products\/air-jordan-hydro-13-slide-white-red\/"]}]},{"@type":"ImageObject","inLanguage":"fr-FR","@id":"https:\/\/tourcruiser.com\/fr\/products\/air-jordan-hydro-13-slide-white-red\/#primaryimage","url":"https:\/\/images.novelship.com\/product\/air_jordan_hydro_13_slide__white_red__684915-121_0_76270.jpeg;https:\/\/images.novelship.com\/product\/air_jordan_hydro_13_slide__white_red__684915-121_1_76270.jpeg;https:\/\/images.novelship.com\/product\/air_jordan_hydro_13_slide__white_red__684915-121_2_76270.jpeg;https:\/\/images.novelship.com\/product\/air_jordan_hydro_13_slide__white_red__684915-121_3_76270.jpeg;https:\/\/images.novelship.com\/product\/air_jordan_hydro_13_slide__white_red__684915-121_4_76270.jpeg","contentUrl":"https:\/\/images.novelship.com\/product\/air_jordan_hydro_13_slide__white_red__684915-121_0_76270.jpeg;https:\/\/images.novelship.com\/product\/air_jordan_hydro_13_slide__white_red__684915-121_1_76270.jpeg;https:\/\/images.novelship.com\/product\/air_jordan_hydro_13_slide__white_red__684915-121_2_76270.jpeg;https:\/\/images.novelship.com\/product\/air_jordan_hydro_13_slide__white_red__684915-121_3_76270.jpeg;https:\/\/images.novelship.com\/product\/air_jordan_hydro_13_slide__white_red__684915-121_4_76270.jpeg"},{"@type":"BreadcrumbList","@id":"https:\/\/tourcruiser.com\/fr\/products\/air-jordan-hydro-13-slide-white-red\/#breadcrumb","itemListElement":[{"@type":"ListItem","position":1,"name":"Home","item":"https:\/\/tourcruiser.com\/fr\/"},{"@type":"ListItem","position":2,"name":"Shop","item":"https:\/\/tourcruiser.com\/fr\/shop\/"},{"@type":"ListItem","position":3,"name":"Air Jordan Hydro 13 Slide &#8216;White Red&#8217;"}]},{"@type":"WebSite","@id":"\/#website","url":"\/","name":"Styloral Jewelry Shop","description":"Tourcruiser Sneaker Store \u2014 L\u2019endroit o\u00f9 l\u2019univers rencontre votre singularit\u00e9.","publisher":{"@id":"\/#organization"},"potentialAction":[{"@type":"SearchAction","target":{"@type":"EntryPoint","urlTemplate":"\/?s={search_term_string}"},"query-input":{"@type":"PropertyValueSpecification","valueRequired":true,"valueName":"search_term_string"}}],"inLanguage":"fr-FR"},{"@type":"Organization","@id":"\/#organization","name":"STYLORAL PTE. LTD","url":"\/","logo":{"@type":"ImageObject","inLanguage":"fr-FR","@id":"\/#\/schema\/logo\/image\/","url":"https:\/\/www.tourcruiser.com\/wp-content\/uploads\/2025\/12\/logo.png","contentUrl":"https:\/\/www.tourcruiser.com\/wp-content\/uploads\/2025\/12\/logo.png","width":200,"height":65,"caption":"STYLORAL PTE. LTD"},"image":{"@id":"\/#\/schema\/logo\/image\/"}}]}},"_links":{"self":[{"href":"https:\/\/tourcruiser.com\/fr\/wp-json\/wp\/v2\/product\/780523","targetHints":{"allow":["GET"]}}],"collection":[{"href":"https:\/\/tourcruiser.com\/fr\/wp-json\/wp\/v2\/product"}],"about":[{"href":"https:\/\/tourcruiser.com\/fr\/wp-json\/wp\/v2\/types\/product"}],"replies":[{"embeddable":true,"href":"https:\/\/tourcruiser.com\/fr\/wp-json\/wp\/v2\/comments?post=780523"}],"wp:featuredmedia":[{"embeddable":true,"href":"https:\/\/tourcruiser.com\/fr\/wp-json\/wp\/v2\/media\/780524"}],"wp:attachment":[{"href":"https:\/\/tourcruiser.com\/fr\/wp-json\/wp\/v2\/media?parent=780523"}],"wp:term":[{"taxonomy":"product_brand","embeddable":true,"href":"https:\/\/tourcruiser.com\/fr\/wp-json\/wp\/v2\/product_brand?post=780523"},{"taxonomy":"product_cat","embeddable":true,"href":"https:\/\/tourcruiser.com\/fr\/wp-json\/wp\/v2\/product_cat?post=780523"},{"taxonomy":"product_tag","embeddable":true,"href":"https:\/\/tourcruiser.com\/fr\/wp-json\/wp\/v2\/product_tag?post=780523"}],"curies":[{"name":"wp","href":"https:\/\/api.w.org\/{rel}","templated":true}]}}