{"id":780436,"date":"2026-04-16T17:22:43","date_gmt":"2026-04-16T10:22:43","guid":{"rendered":"http:\/\/tourcruiser.com\/product\/air-jordan-hydro-6-slide-gym-red-black"},"modified":"2026-04-17T23:14:36","modified_gmt":"2026-04-17T16:14:36","slug":"air-jordan-hydro-6-slide-gym-red-black","status":"publish","type":"product","link":"https:\/\/tourcruiser.com\/fr\/products\/air-jordan-hydro-6-slide-gym-red-black\/","title":{"rendered":"Air Jordan Hydro 6 Slide &lsquo;Gym Red Black&rsquo;"},"content":{"rendered":"<p>D\u00e9couvrez le confort et le style avec les claquettes Air Jordan Hydro 6 \u00ab\u00a0Gym Red Black\u00a0\u00bb 881473-600. Ces \u00e9l\u00e9gantes claquettes, aux couleurs rouge et noir \u00e9clatantes, incarnent \u00e0 la perfection l&rsquo;essence de la l\u00e9gendaire marque Air Jordan. Gr\u00e2ce \u00e0 leur semelle int\u00e9rieure Solarsoft souple et \u00e0 leur bride ajustable, elles offrent un maintien optimal et un ajustement personnalis\u00e9. Que ce soit pour se d\u00e9tendre apr\u00e8s un match ou profiter de son temps libre, ces claquettes incontournables sublimeront votre style. Vivez une exp\u00e9rience luxueuse et embl\u00e9matique \u00e0 chaque pas.<\/p>\n<p>Coloris\u00a0: Rouge\/Noir<\/p>\n<p>R\u00e9f\u00e9rence\u00a0: 881473-600<\/p>\n<p>Couleur\u00a0: Rouge<\/p>\n<p>Saison\u00a0: Printemps\/\u00c9t\u00e9\/Automne<\/p>\n<p>\u00c2ge\u00a0: Adulte<\/p>\n<p>Couleur\u00a0: Rouge<\/p>\n<p>Genre\u00a0: Homme<\/p>\n","protected":false},"excerpt":{"rendered":"<p>D\u00e9couvrez le confort et le style avec les claquettes Air Jordan Hydro 6 \u00ab\u00a0Gym Red Black\u00a0\u00bb 881473-600. Ces \u00e9l\u00e9gantes claquettes, aux couleurs rouge et noir \u00e9clatantes, incarnent \u00e0 la perfection l&rsquo;essence de la l\u00e9gendaire marque Air Jordan. Gr\u00e2ce \u00e0 leur semelle int\u00e9rieure Solarsoft souple et \u00e0 leur bride ajustable, elles offrent un maintien optimal et [&hellip;]<\/p>\n","protected":false},"featured_media":780437,"comment_status":"open","ping_status":"closed","template":"","meta":[],"product_brand":[],"product_cat":[38880],"product_tag":[10750,10753,10776,10754,10808],"class_list":{"0":"post-780436","1":"product","2":"type-product","3":"status-publish","4":"has-post-thumbnail","6":"product_cat-jordan","7":"product_tag-athleisure-shoes","8":"product_tag-gift-for-him","9":"product_tag-jordan","10":"product_tag-lifestyle-casual-shoes","11":"product_tag-slides","13":"first","14":"instock","15":"taxable","16":"shipping-taxable","17":"purchasable","18":"product-type-simple"},"wcpa_form_fields":null,"yoast_head":"<!-- This site is optimized with the Yoast SEO plugin v26.5 - https:\/\/yoast.com\/wordpress\/plugins\/seo\/ -->\n<title>Air Jordan Hydro 6 Slide &#039;Gym Red Black&#039; - TOURCRUISER PTE. LTD<\/title>\n<meta name=\"robots\" content=\"index, follow, max-snippet:-1, max-image-preview:large, max-video-preview:-1\" \/>\n<link rel=\"canonical\" href=\"https:\/\/tourcruiser.com\/fr\/products\/air-jordan-hydro-6-slide-gym-red-black\/\" \/>\n<meta property=\"og:locale\" content=\"fr_FR\" \/>\n<meta property=\"og:type\" content=\"article\" \/>\n<meta property=\"og:title\" content=\"Air Jordan Hydro 6 Slide &#039;Gym Red Black&#039; - TOURCRUISER PTE. LTD\" \/>\n<meta property=\"og:description\" content=\"D\u00e9couvrez le confort et le style avec les claquettes Air Jordan Hydro 6 \u00ab\u00a0Gym Red Black\u00a0\u00bb 881473-600. Ces \u00e9l\u00e9gantes claquettes, aux couleurs rouge et noir \u00e9clatantes, incarnent \u00e0 la perfection l&rsquo;essence de la l\u00e9gendaire marque Air Jordan. Gr\u00e2ce \u00e0 leur semelle int\u00e9rieure Solarsoft souple et \u00e0 leur bride ajustable, elles offrent un maintien optimal et [&hellip;]\" \/>\n<meta property=\"og:url\" content=\"https:\/\/tourcruiser.com\/fr\/products\/air-jordan-hydro-6-slide-gym-red-black\/\" \/>\n<meta property=\"og:site_name\" content=\"Tourcruiser Sneaker Store\" \/>\n<meta property=\"article:modified_time\" content=\"2026-04-17T16:14:36+00:00\" \/>\n<meta name=\"twitter:card\" content=\"summary_large_image\" \/>\n<meta name=\"twitter:image\" content=\"https:\/\/images.novelship.com\/product\/air_jordan_hydro_6_slide__gym_red_black__881473-60_0_14640.jpeg;https:\/\/images.novelship.com\/product\/air_jordan_hydro_6_slide__gym_red_black__881473-60_1_14640.jpeg;https:\/\/images.novelship.com\/product\/air_jordan_hydro_6_slide__gym_red_black__881473-60_2_14640.jpeg;https:\/\/images.novelship.com\/product\/air_jordan_hydro_6_slide__gym_red_black__881473-60_3_14640.jpeg\" \/>\n<meta name=\"twitter:label1\" content=\"Dur\u00e9e de lecture estim\u00e9e\" \/>\n\t<meta name=\"twitter:data1\" content=\"1 minute\" \/>\n<script type=\"application\/ld+json\" class=\"yoast-schema-graph\">{\"@context\":\"https:\/\/schema.org\",\"@graph\":[{\"@type\":\"WebPage\",\"@id\":\"https:\/\/tourcruiser.com\/fr\/products\/air-jordan-hydro-6-slide-gym-red-black\/\",\"url\":\"https:\/\/tourcruiser.com\/fr\/products\/air-jordan-hydro-6-slide-gym-red-black\/\",\"name\":\"Air Jordan Hydro 6 Slide 'Gym Red Black' - TOURCRUISER PTE. LTD\",\"isPartOf\":{\"@id\":\"\/#website\"},\"primaryImageOfPage\":{\"@id\":\"https:\/\/tourcruiser.com\/fr\/products\/air-jordan-hydro-6-slide-gym-red-black\/#primaryimage\"},\"image\":{\"@id\":\"https:\/\/tourcruiser.com\/fr\/products\/air-jordan-hydro-6-slide-gym-red-black\/#primaryimage\"},\"thumbnailUrl\":\"https:\/\/images.novelship.com\/product\/air_jordan_hydro_6_slide__gym_red_black__881473-60_0_14640.jpeg;https:\/\/images.novelship.com\/product\/air_jordan_hydro_6_slide__gym_red_black__881473-60_1_14640.jpeg;https:\/\/images.novelship.com\/product\/air_jordan_hydro_6_slide__gym_red_black__881473-60_2_14640.jpeg;https:\/\/images.novelship.com\/product\/air_jordan_hydro_6_slide__gym_red_black__881473-60_3_14640.jpeg\",\"datePublished\":\"2026-04-16T10:22:43+00:00\",\"dateModified\":\"2026-04-17T16:14:36+00:00\",\"breadcrumb\":{\"@id\":\"https:\/\/tourcruiser.com\/fr\/products\/air-jordan-hydro-6-slide-gym-red-black\/#breadcrumb\"},\"inLanguage\":\"fr-FR\",\"potentialAction\":[{\"@type\":\"ReadAction\",\"target\":[\"https:\/\/tourcruiser.com\/fr\/products\/air-jordan-hydro-6-slide-gym-red-black\/\"]}]},{\"@type\":\"ImageObject\",\"inLanguage\":\"fr-FR\",\"@id\":\"https:\/\/tourcruiser.com\/fr\/products\/air-jordan-hydro-6-slide-gym-red-black\/#primaryimage\",\"url\":\"https:\/\/images.novelship.com\/product\/air_jordan_hydro_6_slide__gym_red_black__881473-60_0_14640.jpeg;https:\/\/images.novelship.com\/product\/air_jordan_hydro_6_slide__gym_red_black__881473-60_1_14640.jpeg;https:\/\/images.novelship.com\/product\/air_jordan_hydro_6_slide__gym_red_black__881473-60_2_14640.jpeg;https:\/\/images.novelship.com\/product\/air_jordan_hydro_6_slide__gym_red_black__881473-60_3_14640.jpeg\",\"contentUrl\":\"https:\/\/images.novelship.com\/product\/air_jordan_hydro_6_slide__gym_red_black__881473-60_0_14640.jpeg;https:\/\/images.novelship.com\/product\/air_jordan_hydro_6_slide__gym_red_black__881473-60_1_14640.jpeg;https:\/\/images.novelship.com\/product\/air_jordan_hydro_6_slide__gym_red_black__881473-60_2_14640.jpeg;https:\/\/images.novelship.com\/product\/air_jordan_hydro_6_slide__gym_red_black__881473-60_3_14640.jpeg\"},{\"@type\":\"BreadcrumbList\",\"@id\":\"https:\/\/tourcruiser.com\/fr\/products\/air-jordan-hydro-6-slide-gym-red-black\/#breadcrumb\",\"itemListElement\":[{\"@type\":\"ListItem\",\"position\":1,\"name\":\"Home\",\"item\":\"https:\/\/tourcruiser.com\/fr\/\"},{\"@type\":\"ListItem\",\"position\":2,\"name\":\"Shop\",\"item\":\"https:\/\/tourcruiser.com\/fr\/shop\/\"},{\"@type\":\"ListItem\",\"position\":3,\"name\":\"Air Jordan Hydro 6 Slide &#8216;Gym Red Black&#8217;\"}]},{\"@type\":\"WebSite\",\"@id\":\"\/#website\",\"url\":\"\/\",\"name\":\"Styloral Jewelry Shop\",\"description\":\"Tourcruiser Sneaker Store \u2014 L\u2019endroit o\u00f9 l\u2019univers rencontre votre singularit\u00e9.\",\"publisher\":{\"@id\":\"\/#organization\"},\"potentialAction\":[{\"@type\":\"SearchAction\",\"target\":{\"@type\":\"EntryPoint\",\"urlTemplate\":\"\/?s={search_term_string}\"},\"query-input\":{\"@type\":\"PropertyValueSpecification\",\"valueRequired\":true,\"valueName\":\"search_term_string\"}}],\"inLanguage\":\"fr-FR\"},{\"@type\":\"Organization\",\"@id\":\"\/#organization\",\"name\":\"STYLORAL PTE. LTD\",\"url\":\"\/\",\"logo\":{\"@type\":\"ImageObject\",\"inLanguage\":\"fr-FR\",\"@id\":\"\/#\/schema\/logo\/image\/\",\"url\":\"https:\/\/www.tourcruiser.com\/wp-content\/uploads\/2025\/12\/logo.png\",\"contentUrl\":\"https:\/\/www.tourcruiser.com\/wp-content\/uploads\/2025\/12\/logo.png\",\"width\":200,\"height\":65,\"caption\":\"STYLORAL PTE. LTD\"},\"image\":{\"@id\":\"\/#\/schema\/logo\/image\/\"}}]}<\/script>\n<!-- \/ Yoast SEO plugin. -->","yoast_head_json":{"title":"Air Jordan Hydro 6 Slide 'Gym Red Black' - TOURCRUISER PTE. LTD","robots":{"index":"index","follow":"follow","max-snippet":"max-snippet:-1","max-image-preview":"max-image-preview:large","max-video-preview":"max-video-preview:-1"},"canonical":"https:\/\/tourcruiser.com\/fr\/products\/air-jordan-hydro-6-slide-gym-red-black\/","og_locale":"fr_FR","og_type":"article","og_title":"Air Jordan Hydro 6 Slide 'Gym Red Black' - TOURCRUISER PTE. LTD","og_description":"D\u00e9couvrez le confort et le style avec les claquettes Air Jordan Hydro 6 \u00ab\u00a0Gym Red Black\u00a0\u00bb 881473-600. Ces \u00e9l\u00e9gantes claquettes, aux couleurs rouge et noir \u00e9clatantes, incarnent \u00e0 la perfection l&rsquo;essence de la l\u00e9gendaire marque Air Jordan. Gr\u00e2ce \u00e0 leur semelle int\u00e9rieure Solarsoft souple et \u00e0 leur bride ajustable, elles offrent un maintien optimal et [&hellip;]","og_url":"https:\/\/tourcruiser.com\/fr\/products\/air-jordan-hydro-6-slide-gym-red-black\/","og_site_name":"Tourcruiser Sneaker Store","article_modified_time":"2026-04-17T16:14:36+00:00","twitter_card":"summary_large_image","twitter_image":"https:\/\/images.novelship.com\/product\/air_jordan_hydro_6_slide__gym_red_black__881473-60_0_14640.jpeg;https:\/\/images.novelship.com\/product\/air_jordan_hydro_6_slide__gym_red_black__881473-60_1_14640.jpeg;https:\/\/images.novelship.com\/product\/air_jordan_hydro_6_slide__gym_red_black__881473-60_2_14640.jpeg;https:\/\/images.novelship.com\/product\/air_jordan_hydro_6_slide__gym_red_black__881473-60_3_14640.jpeg","twitter_misc":{"Dur\u00e9e de lecture estim\u00e9e":"1 minute"},"schema":{"@context":"https:\/\/schema.org","@graph":[{"@type":"WebPage","@id":"https:\/\/tourcruiser.com\/fr\/products\/air-jordan-hydro-6-slide-gym-red-black\/","url":"https:\/\/tourcruiser.com\/fr\/products\/air-jordan-hydro-6-slide-gym-red-black\/","name":"Air Jordan Hydro 6 Slide 'Gym Red Black' - TOURCRUISER PTE. LTD","isPartOf":{"@id":"\/#website"},"primaryImageOfPage":{"@id":"https:\/\/tourcruiser.com\/fr\/products\/air-jordan-hydro-6-slide-gym-red-black\/#primaryimage"},"image":{"@id":"https:\/\/tourcruiser.com\/fr\/products\/air-jordan-hydro-6-slide-gym-red-black\/#primaryimage"},"thumbnailUrl":"https:\/\/images.novelship.com\/product\/air_jordan_hydro_6_slide__gym_red_black__881473-60_0_14640.jpeg;https:\/\/images.novelship.com\/product\/air_jordan_hydro_6_slide__gym_red_black__881473-60_1_14640.jpeg;https:\/\/images.novelship.com\/product\/air_jordan_hydro_6_slide__gym_red_black__881473-60_2_14640.jpeg;https:\/\/images.novelship.com\/product\/air_jordan_hydro_6_slide__gym_red_black__881473-60_3_14640.jpeg","datePublished":"2026-04-16T10:22:43+00:00","dateModified":"2026-04-17T16:14:36+00:00","breadcrumb":{"@id":"https:\/\/tourcruiser.com\/fr\/products\/air-jordan-hydro-6-slide-gym-red-black\/#breadcrumb"},"inLanguage":"fr-FR","potentialAction":[{"@type":"ReadAction","target":["https:\/\/tourcruiser.com\/fr\/products\/air-jordan-hydro-6-slide-gym-red-black\/"]}]},{"@type":"ImageObject","inLanguage":"fr-FR","@id":"https:\/\/tourcruiser.com\/fr\/products\/air-jordan-hydro-6-slide-gym-red-black\/#primaryimage","url":"https:\/\/images.novelship.com\/product\/air_jordan_hydro_6_slide__gym_red_black__881473-60_0_14640.jpeg;https:\/\/images.novelship.com\/product\/air_jordan_hydro_6_slide__gym_red_black__881473-60_1_14640.jpeg;https:\/\/images.novelship.com\/product\/air_jordan_hydro_6_slide__gym_red_black__881473-60_2_14640.jpeg;https:\/\/images.novelship.com\/product\/air_jordan_hydro_6_slide__gym_red_black__881473-60_3_14640.jpeg","contentUrl":"https:\/\/images.novelship.com\/product\/air_jordan_hydro_6_slide__gym_red_black__881473-60_0_14640.jpeg;https:\/\/images.novelship.com\/product\/air_jordan_hydro_6_slide__gym_red_black__881473-60_1_14640.jpeg;https:\/\/images.novelship.com\/product\/air_jordan_hydro_6_slide__gym_red_black__881473-60_2_14640.jpeg;https:\/\/images.novelship.com\/product\/air_jordan_hydro_6_slide__gym_red_black__881473-60_3_14640.jpeg"},{"@type":"BreadcrumbList","@id":"https:\/\/tourcruiser.com\/fr\/products\/air-jordan-hydro-6-slide-gym-red-black\/#breadcrumb","itemListElement":[{"@type":"ListItem","position":1,"name":"Home","item":"https:\/\/tourcruiser.com\/fr\/"},{"@type":"ListItem","position":2,"name":"Shop","item":"https:\/\/tourcruiser.com\/fr\/shop\/"},{"@type":"ListItem","position":3,"name":"Air Jordan Hydro 6 Slide &#8216;Gym Red Black&#8217;"}]},{"@type":"WebSite","@id":"\/#website","url":"\/","name":"Styloral Jewelry Shop","description":"Tourcruiser Sneaker Store \u2014 L\u2019endroit o\u00f9 l\u2019univers rencontre votre singularit\u00e9.","publisher":{"@id":"\/#organization"},"potentialAction":[{"@type":"SearchAction","target":{"@type":"EntryPoint","urlTemplate":"\/?s={search_term_string}"},"query-input":{"@type":"PropertyValueSpecification","valueRequired":true,"valueName":"search_term_string"}}],"inLanguage":"fr-FR"},{"@type":"Organization","@id":"\/#organization","name":"STYLORAL PTE. LTD","url":"\/","logo":{"@type":"ImageObject","inLanguage":"fr-FR","@id":"\/#\/schema\/logo\/image\/","url":"https:\/\/www.tourcruiser.com\/wp-content\/uploads\/2025\/12\/logo.png","contentUrl":"https:\/\/www.tourcruiser.com\/wp-content\/uploads\/2025\/12\/logo.png","width":200,"height":65,"caption":"STYLORAL PTE. LTD"},"image":{"@id":"\/#\/schema\/logo\/image\/"}}]}},"_links":{"self":[{"href":"https:\/\/tourcruiser.com\/fr\/wp-json\/wp\/v2\/product\/780436","targetHints":{"allow":["GET"]}}],"collection":[{"href":"https:\/\/tourcruiser.com\/fr\/wp-json\/wp\/v2\/product"}],"about":[{"href":"https:\/\/tourcruiser.com\/fr\/wp-json\/wp\/v2\/types\/product"}],"replies":[{"embeddable":true,"href":"https:\/\/tourcruiser.com\/fr\/wp-json\/wp\/v2\/comments?post=780436"}],"wp:featuredmedia":[{"embeddable":true,"href":"https:\/\/tourcruiser.com\/fr\/wp-json\/wp\/v2\/media\/780437"}],"wp:attachment":[{"href":"https:\/\/tourcruiser.com\/fr\/wp-json\/wp\/v2\/media?parent=780436"}],"wp:term":[{"taxonomy":"product_brand","embeddable":true,"href":"https:\/\/tourcruiser.com\/fr\/wp-json\/wp\/v2\/product_brand?post=780436"},{"taxonomy":"product_cat","embeddable":true,"href":"https:\/\/tourcruiser.com\/fr\/wp-json\/wp\/v2\/product_cat?post=780436"},{"taxonomy":"product_tag","embeddable":true,"href":"https:\/\/tourcruiser.com\/fr\/wp-json\/wp\/v2\/product_tag?post=780436"}],"curies":[{"name":"wp","href":"https:\/\/api.w.org\/{rel}","templated":true}]}}