{"id":780343,"date":"2026-04-16T17:22:38","date_gmt":"2026-04-16T10:22:38","guid":{"rendered":"http:\/\/tourcruiser.com\/product\/adidas-adifom-sst-mule-low-slides-brown-desert"},"modified":"2026-04-17T23:14:34","modified_gmt":"2026-04-17T16:14:34","slug":"adidas-adifom-sst-mule-low-slides-brown-desert","status":"publish","type":"product","link":"https:\/\/tourcruiser.com\/fr\/products\/adidas-adifom-sst-mule-low-slides-brown-desert\/","title":{"rendered":"adidas Adifom SST Mule Low Slides &lsquo;Brown Desert&rsquo;"},"content":{"rendered":"<p>Les mules basses adidas Adifom SST \u00ab\u00a0Brown Desert\u00a0\u00bb (IE9084) allient confort d\u00e9contract\u00e9 et style intemporel. Leur design sans lacets est id\u00e9al au quotidien. Confectionn\u00e9es en mousse souple, elles offrent un amorti l\u00e9ger et une construction r\u00e9sistante pour un confort optimal tout au long de la journ\u00e9e. Le coloris \u00ab\u00a0Brown Desert\u00a0\u00bb apporte une touche chaleureuse et naturelle \u00e0 la mule classique, cr\u00e9ant une \u00e9l\u00e9gance discr\u00e8te. Avec leur d\u00e9tail embl\u00e9matique en forme de coquille et leur logo minimaliste, ces mules affichent une esth\u00e9tique moderne qui s&rsquo;accorde facilement avec de nombreuses tenues. Que vous vous d\u00e9tendiez \u00e0 la maison, fassiez des courses ou voyagiez, la mule Adifom SST vous offre un confort in\u00e9gal\u00e9 et une fonctionnalit\u00e9 optimale gr\u00e2ce \u00e0 son design confortable.<\/p>\n<p>Le coloris \u00ab\u00a0Brown Desert\u00a0\u00bb conf\u00e8re \u00e0 la mule classique une allure chaleureuse et naturelle, et ajoute une touche d&rsquo;\u00e9l\u00e9gance discr\u00e8te. R\u00e9f\u00e9rence : IE9084<\/p>\n<p>Mati\u00e8re ext\u00e9rieure : EVA<br \/>\nSemelle interm\u00e9diaire : Adiplus<\/p>\n<p>Couleur : Marron<\/p>\n<p>\u00c2ge : Adultes<\/p>\n<p>Couleur : Marron<\/p>\n<p>Genre : Homme<\/p>\n","protected":false},"excerpt":{"rendered":"<p>Les mules basses adidas Adifom SST \u00ab\u00a0Brown Desert\u00a0\u00bb (IE9084) allient confort d\u00e9contract\u00e9 et style intemporel. Leur design sans lacets est id\u00e9al au quotidien. Confectionn\u00e9es en mousse souple, elles offrent un amorti l\u00e9ger et une construction r\u00e9sistante pour un confort optimal tout au long de la journ\u00e9e. Le coloris \u00ab\u00a0Brown Desert\u00a0\u00bb apporte une touche chaleureuse et [&hellip;]<\/p>\n","protected":false},"featured_media":780344,"comment_status":"open","ping_status":"closed","template":"","meta":[],"product_brand":[],"product_cat":[10760],"product_tag":[10759,10750,38861,10753,10754,10808],"class_list":{"0":"post-780343","1":"product","2":"type-product","3":"status-publish","4":"has-post-thumbnail","6":"product_cat-adidas","7":"product_tag-adidas","8":"product_tag-athleisure-shoes","9":"product_tag-below-retail-price","10":"product_tag-gift-for-him","11":"product_tag-lifestyle-casual-shoes","12":"product_tag-slides","13":"wcpa_has_options","15":"first","16":"instock","17":"taxable","18":"shipping-taxable","19":"purchasable","20":"product-type-simple"},"wcpa_form_fields":{"rules":{"pric_overide_base_price":false,"pric_overide_base_price_if_gt_zero":false,"pric_overide_base_price_fully":false,"pric_cal_option_once":false,"pric_use_as_fee":false,"bind_quantity":false,"quantity_bind_formula":false},"fields":[{"type":"color-group","required":true,"elementId":"wcpa-color-group-66c4a7f817afe","label":"Taille","inline":true,"priceOptions":"different_for_all","pricingType":"fixed","className":"hassizechart product-shoes-size-eu product-shoes-size","name":"color-group-66c4a7f817b18","disp_type":"square","selection_type":"tick-border","disp_size":"50","show_label_inside":true,"adjust_width":true,"cart_display_type":"text","other_text":"Other","cl_rule":"show","col":6,"values":[{"label":"35","value":"EU 35","price":"","pimage":"","pimage_id":"","pthumb":"","color":""},{"label":"35.5","value":"EU 35.5","price":"","pimage":"","pimage_id":"","pthumb":"","color":""},{"label":"36","value":"EU 36","price":"","pimage":"","pimage_id":"","pthumb":"","color":"","selected":true},{"label":"36 2\/3","value":"EU 36 2\/3","price":"","pimage":"","pimage_id":"","pthumb":"","color":""},{"label":"37 1\/3","value":"EU 37 1\/3","price":"","pimage":"","pimage_id":"","pthumb":"","color":""},{"label":"38","value":"EU 38","price":"","pimage":"","pimage_id":"","pthumb":"","color":""},{"label":"38 2\/3","value":"EU 38 2\/3","price":"","pimage":"","pimage_id":"","pthumb":"","color":""},{"label":"39 1\/3","value":"EU 39 1\/3","price":"","pimage":"","pimage_id":"","pthumb":"","color":""},{"label":"40","value":"EU 40","price":"","pimage":"","pimage_id":"","pthumb":"","color":""},{"label":"40 2\/3","value":"EU 40 2\/3","price":"","pimage":"","pimage_id":"","pthumb":"","color":""},{"label":"41 1\/3","value":"EU 41 1\/3","price":"","pimage":"","pimage_id":"","pthumb":"","color":""},{"label":"42","value":"EU 42","price":"","pimage":"","pimage_id":"","pthumb":"","color":""},{"label":"42 2\/3","value":"EU 42 2\/3","price":"","pimage":"","pimage_id":"","pthumb":"","color":""},{"label":"43 1\/3","value":"EU 43 1\/3","price":"","pimage":"","pimage_id":"","pthumb":"","color":""},{"label":"44","value":"EU 44","price":"","pimage":"","pimage_id":"","pthumb":"","color":""},{"label":"44 2\/3","value":"EU 44 2\/3","price":"","pimage":"","pimage_id":"","pthumb":"","color":""},{"label":"45 1\/3","value":"EU 45 1\/3","price":"","pimage":"","pimage_id":"","pthumb":"","color":""},{"label":"46","value":"EU 46","price":"","pimage":"","pimage_id":"","pthumb":"","color":""},{"label":"46 2\/3","value":"EU 46 2\/3","price":"","pimage":"","pimage_id":"","pthumb":"","color":""},{"label":"47 1\/3","value":"EU 47 1\/3","price":"","pimage":"","pimage_id":"","pthumb":"","color":""}],"relations":[{"operator":false,"rules":[]}],"form_id":24802,"form_rules":{"pric_cal_option_once":false,"exclude_from_discount":false,"pric_use_as_fee":false,"fee_label":"Fee","render_after_acb":false,"disp_hide_options_price":false}}]},"yoast_head":"<!-- This site is optimized with the Yoast SEO plugin v26.5 - https:\/\/yoast.com\/wordpress\/plugins\/seo\/ -->\n<title>adidas Adifom SST Mule Low Slides &#039;Brown Desert&#039; - TOURCRUISER PTE. LTD<\/title>\n<meta name=\"robots\" content=\"index, follow, max-snippet:-1, max-image-preview:large, max-video-preview:-1\" \/>\n<link rel=\"canonical\" href=\"https:\/\/tourcruiser.com\/fr\/products\/adidas-adifom-sst-mule-low-slides-brown-desert\/\" \/>\n<meta property=\"og:locale\" content=\"fr_FR\" \/>\n<meta property=\"og:type\" content=\"article\" \/>\n<meta property=\"og:title\" content=\"adidas Adifom SST Mule Low Slides &#039;Brown Desert&#039; - TOURCRUISER PTE. LTD\" \/>\n<meta property=\"og:description\" content=\"Les mules basses adidas Adifom SST \u00ab\u00a0Brown Desert\u00a0\u00bb (IE9084) allient confort d\u00e9contract\u00e9 et style intemporel. Leur design sans lacets est id\u00e9al au quotidien. Confectionn\u00e9es en mousse souple, elles offrent un amorti l\u00e9ger et une construction r\u00e9sistante pour un confort optimal tout au long de la journ\u00e9e. Le coloris \u00ab\u00a0Brown Desert\u00a0\u00bb apporte une touche chaleureuse et [&hellip;]\" \/>\n<meta property=\"og:url\" content=\"https:\/\/tourcruiser.com\/fr\/products\/adidas-adifom-sst-mule-low-slides-brown-desert\/\" \/>\n<meta property=\"og:site_name\" content=\"Tourcruiser Sneaker Store\" \/>\n<meta property=\"article:modified_time\" content=\"2026-04-17T16:14:34+00:00\" \/>\n<meta name=\"twitter:card\" content=\"summary_large_image\" \/>\n<meta name=\"twitter:image\" content=\"https:\/\/images.novelship.com\/product\/adidas_adifom_sst_mule_low_slides__brown_desert__i_0_65394.jpeg;https:\/\/images.novelship.com\/product\/adidas_adifom_sst_mule_low_slides__brown_desert__i_1_65394.jpeg;https:\/\/images.novelship.com\/product\/adidas_adifom_sst_mule_low_slides__brown_desert__i_2_65394.jpeg;https:\/\/images.novelship.com\/product\/adidas_adifom_sst_mule_low_slides__brown_desert__i_3_65394.jpeg;https:\/\/images.novelship.com\/product\/adidas_adifom_sst_mule_low_slides__brown_desert__i_4_65394.jpeg;https:\/\/images.novelship.com\/product\/adidas_adifom_sst_mule_low_slides__brown_desert__i_5_65394.jpeg;https:\/\/images.novelship.com\/product\/adidas_adifom_sst_mule_low_slides__brown_desert__i_6_65394.jpeg;https:\/\/images.novelship.com\/product\/adidas_adifom_sst_mule_low_slides__brown_desert__i_7_65394.jpeg\" \/>\n<meta name=\"twitter:label1\" content=\"Dur\u00e9e de lecture estim\u00e9e\" \/>\n\t<meta name=\"twitter:data1\" content=\"1 minute\" \/>\n<script type=\"application\/ld+json\" class=\"yoast-schema-graph\">{\"@context\":\"https:\/\/schema.org\",\"@graph\":[{\"@type\":\"WebPage\",\"@id\":\"https:\/\/tourcruiser.com\/fr\/products\/adidas-adifom-sst-mule-low-slides-brown-desert\/\",\"url\":\"https:\/\/tourcruiser.com\/fr\/products\/adidas-adifom-sst-mule-low-slides-brown-desert\/\",\"name\":\"adidas Adifom SST Mule Low Slides 'Brown Desert' - TOURCRUISER PTE. LTD\",\"isPartOf\":{\"@id\":\"\/#website\"},\"primaryImageOfPage\":{\"@id\":\"https:\/\/tourcruiser.com\/fr\/products\/adidas-adifom-sst-mule-low-slides-brown-desert\/#primaryimage\"},\"image\":{\"@id\":\"https:\/\/tourcruiser.com\/fr\/products\/adidas-adifom-sst-mule-low-slides-brown-desert\/#primaryimage\"},\"thumbnailUrl\":\"https:\/\/images.novelship.com\/product\/adidas_adifom_sst_mule_low_slides__brown_desert__i_0_65394.jpeg;https:\/\/images.novelship.com\/product\/adidas_adifom_sst_mule_low_slides__brown_desert__i_1_65394.jpeg;https:\/\/images.novelship.com\/product\/adidas_adifom_sst_mule_low_slides__brown_desert__i_2_65394.jpeg;https:\/\/images.novelship.com\/product\/adidas_adifom_sst_mule_low_slides__brown_desert__i_3_65394.jpeg;https:\/\/images.novelship.com\/product\/adidas_adifom_sst_mule_low_slides__brown_desert__i_4_65394.jpeg;https:\/\/images.novelship.com\/product\/adidas_adifom_sst_mule_low_slides__brown_desert__i_5_65394.jpeg;https:\/\/images.novelship.com\/product\/adidas_adifom_sst_mule_low_slides__brown_desert__i_6_65394.jpeg;https:\/\/images.novelship.com\/product\/adidas_adifom_sst_mule_low_slides__brown_desert__i_7_65394.jpeg\",\"datePublished\":\"2026-04-16T10:22:38+00:00\",\"dateModified\":\"2026-04-17T16:14:34+00:00\",\"breadcrumb\":{\"@id\":\"https:\/\/tourcruiser.com\/fr\/products\/adidas-adifom-sst-mule-low-slides-brown-desert\/#breadcrumb\"},\"inLanguage\":\"fr-FR\",\"potentialAction\":[{\"@type\":\"ReadAction\",\"target\":[\"https:\/\/tourcruiser.com\/fr\/products\/adidas-adifom-sst-mule-low-slides-brown-desert\/\"]}]},{\"@type\":\"ImageObject\",\"inLanguage\":\"fr-FR\",\"@id\":\"https:\/\/tourcruiser.com\/fr\/products\/adidas-adifom-sst-mule-low-slides-brown-desert\/#primaryimage\",\"url\":\"https:\/\/images.novelship.com\/product\/adidas_adifom_sst_mule_low_slides__brown_desert__i_0_65394.jpeg;https:\/\/images.novelship.com\/product\/adidas_adifom_sst_mule_low_slides__brown_desert__i_1_65394.jpeg;https:\/\/images.novelship.com\/product\/adidas_adifom_sst_mule_low_slides__brown_desert__i_2_65394.jpeg;https:\/\/images.novelship.com\/product\/adidas_adifom_sst_mule_low_slides__brown_desert__i_3_65394.jpeg;https:\/\/images.novelship.com\/product\/adidas_adifom_sst_mule_low_slides__brown_desert__i_4_65394.jpeg;https:\/\/images.novelship.com\/product\/adidas_adifom_sst_mule_low_slides__brown_desert__i_5_65394.jpeg;https:\/\/images.novelship.com\/product\/adidas_adifom_sst_mule_low_slides__brown_desert__i_6_65394.jpeg;https:\/\/images.novelship.com\/product\/adidas_adifom_sst_mule_low_slides__brown_desert__i_7_65394.jpeg\",\"contentUrl\":\"https:\/\/images.novelship.com\/product\/adidas_adifom_sst_mule_low_slides__brown_desert__i_0_65394.jpeg;https:\/\/images.novelship.com\/product\/adidas_adifom_sst_mule_low_slides__brown_desert__i_1_65394.jpeg;https:\/\/images.novelship.com\/product\/adidas_adifom_sst_mule_low_slides__brown_desert__i_2_65394.jpeg;https:\/\/images.novelship.com\/product\/adidas_adifom_sst_mule_low_slides__brown_desert__i_3_65394.jpeg;https:\/\/images.novelship.com\/product\/adidas_adifom_sst_mule_low_slides__brown_desert__i_4_65394.jpeg;https:\/\/images.novelship.com\/product\/adidas_adifom_sst_mule_low_slides__brown_desert__i_5_65394.jpeg;https:\/\/images.novelship.com\/product\/adidas_adifom_sst_mule_low_slides__brown_desert__i_6_65394.jpeg;https:\/\/images.novelship.com\/product\/adidas_adifom_sst_mule_low_slides__brown_desert__i_7_65394.jpeg\"},{\"@type\":\"BreadcrumbList\",\"@id\":\"https:\/\/tourcruiser.com\/fr\/products\/adidas-adifom-sst-mule-low-slides-brown-desert\/#breadcrumb\",\"itemListElement\":[{\"@type\":\"ListItem\",\"position\":1,\"name\":\"Home\",\"item\":\"https:\/\/tourcruiser.com\/fr\/\"},{\"@type\":\"ListItem\",\"position\":2,\"name\":\"Shop\",\"item\":\"https:\/\/tourcruiser.com\/fr\/shop\/\"},{\"@type\":\"ListItem\",\"position\":3,\"name\":\"adidas Adifom SST Mule Low Slides &#8216;Brown Desert&#8217;\"}]},{\"@type\":\"WebSite\",\"@id\":\"\/#website\",\"url\":\"\/\",\"name\":\"Styloral Jewelry Shop\",\"description\":\"Tourcruiser Sneaker Store \u2014 L\u2019endroit o\u00f9 l\u2019univers rencontre votre singularit\u00e9.\",\"publisher\":{\"@id\":\"\/#organization\"},\"potentialAction\":[{\"@type\":\"SearchAction\",\"target\":{\"@type\":\"EntryPoint\",\"urlTemplate\":\"\/?s={search_term_string}\"},\"query-input\":{\"@type\":\"PropertyValueSpecification\",\"valueRequired\":true,\"valueName\":\"search_term_string\"}}],\"inLanguage\":\"fr-FR\"},{\"@type\":\"Organization\",\"@id\":\"\/#organization\",\"name\":\"STYLORAL PTE. LTD\",\"url\":\"\/\",\"logo\":{\"@type\":\"ImageObject\",\"inLanguage\":\"fr-FR\",\"@id\":\"\/#\/schema\/logo\/image\/\",\"url\":\"https:\/\/www.tourcruiser.com\/wp-content\/uploads\/2025\/12\/logo.png\",\"contentUrl\":\"https:\/\/www.tourcruiser.com\/wp-content\/uploads\/2025\/12\/logo.png\",\"width\":200,\"height\":65,\"caption\":\"STYLORAL PTE. LTD\"},\"image\":{\"@id\":\"\/#\/schema\/logo\/image\/\"}}]}<\/script>\n<!-- \/ Yoast SEO plugin. -->","yoast_head_json":{"title":"adidas Adifom SST Mule Low Slides 'Brown Desert' - TOURCRUISER PTE. LTD","robots":{"index":"index","follow":"follow","max-snippet":"max-snippet:-1","max-image-preview":"max-image-preview:large","max-video-preview":"max-video-preview:-1"},"canonical":"https:\/\/tourcruiser.com\/fr\/products\/adidas-adifom-sst-mule-low-slides-brown-desert\/","og_locale":"fr_FR","og_type":"article","og_title":"adidas Adifom SST Mule Low Slides 'Brown Desert' - TOURCRUISER PTE. LTD","og_description":"Les mules basses adidas Adifom SST \u00ab\u00a0Brown Desert\u00a0\u00bb (IE9084) allient confort d\u00e9contract\u00e9 et style intemporel. Leur design sans lacets est id\u00e9al au quotidien. Confectionn\u00e9es en mousse souple, elles offrent un amorti l\u00e9ger et une construction r\u00e9sistante pour un confort optimal tout au long de la journ\u00e9e. Le coloris \u00ab\u00a0Brown Desert\u00a0\u00bb apporte une touche chaleureuse et [&hellip;]","og_url":"https:\/\/tourcruiser.com\/fr\/products\/adidas-adifom-sst-mule-low-slides-brown-desert\/","og_site_name":"Tourcruiser Sneaker Store","article_modified_time":"2026-04-17T16:14:34+00:00","twitter_card":"summary_large_image","twitter_image":"https:\/\/images.novelship.com\/product\/adidas_adifom_sst_mule_low_slides__brown_desert__i_0_65394.jpeg;https:\/\/images.novelship.com\/product\/adidas_adifom_sst_mule_low_slides__brown_desert__i_1_65394.jpeg;https:\/\/images.novelship.com\/product\/adidas_adifom_sst_mule_low_slides__brown_desert__i_2_65394.jpeg;https:\/\/images.novelship.com\/product\/adidas_adifom_sst_mule_low_slides__brown_desert__i_3_65394.jpeg;https:\/\/images.novelship.com\/product\/adidas_adifom_sst_mule_low_slides__brown_desert__i_4_65394.jpeg;https:\/\/images.novelship.com\/product\/adidas_adifom_sst_mule_low_slides__brown_desert__i_5_65394.jpeg;https:\/\/images.novelship.com\/product\/adidas_adifom_sst_mule_low_slides__brown_desert__i_6_65394.jpeg;https:\/\/images.novelship.com\/product\/adidas_adifom_sst_mule_low_slides__brown_desert__i_7_65394.jpeg","twitter_misc":{"Dur\u00e9e de lecture estim\u00e9e":"1 minute"},"schema":{"@context":"https:\/\/schema.org","@graph":[{"@type":"WebPage","@id":"https:\/\/tourcruiser.com\/fr\/products\/adidas-adifom-sst-mule-low-slides-brown-desert\/","url":"https:\/\/tourcruiser.com\/fr\/products\/adidas-adifom-sst-mule-low-slides-brown-desert\/","name":"adidas Adifom SST Mule Low Slides 'Brown Desert' - TOURCRUISER PTE. LTD","isPartOf":{"@id":"\/#website"},"primaryImageOfPage":{"@id":"https:\/\/tourcruiser.com\/fr\/products\/adidas-adifom-sst-mule-low-slides-brown-desert\/#primaryimage"},"image":{"@id":"https:\/\/tourcruiser.com\/fr\/products\/adidas-adifom-sst-mule-low-slides-brown-desert\/#primaryimage"},"thumbnailUrl":"https:\/\/images.novelship.com\/product\/adidas_adifom_sst_mule_low_slides__brown_desert__i_0_65394.jpeg;https:\/\/images.novelship.com\/product\/adidas_adifom_sst_mule_low_slides__brown_desert__i_1_65394.jpeg;https:\/\/images.novelship.com\/product\/adidas_adifom_sst_mule_low_slides__brown_desert__i_2_65394.jpeg;https:\/\/images.novelship.com\/product\/adidas_adifom_sst_mule_low_slides__brown_desert__i_3_65394.jpeg;https:\/\/images.novelship.com\/product\/adidas_adifom_sst_mule_low_slides__brown_desert__i_4_65394.jpeg;https:\/\/images.novelship.com\/product\/adidas_adifom_sst_mule_low_slides__brown_desert__i_5_65394.jpeg;https:\/\/images.novelship.com\/product\/adidas_adifom_sst_mule_low_slides__brown_desert__i_6_65394.jpeg;https:\/\/images.novelship.com\/product\/adidas_adifom_sst_mule_low_slides__brown_desert__i_7_65394.jpeg","datePublished":"2026-04-16T10:22:38+00:00","dateModified":"2026-04-17T16:14:34+00:00","breadcrumb":{"@id":"https:\/\/tourcruiser.com\/fr\/products\/adidas-adifom-sst-mule-low-slides-brown-desert\/#breadcrumb"},"inLanguage":"fr-FR","potentialAction":[{"@type":"ReadAction","target":["https:\/\/tourcruiser.com\/fr\/products\/adidas-adifom-sst-mule-low-slides-brown-desert\/"]}]},{"@type":"ImageObject","inLanguage":"fr-FR","@id":"https:\/\/tourcruiser.com\/fr\/products\/adidas-adifom-sst-mule-low-slides-brown-desert\/#primaryimage","url":"https:\/\/images.novelship.com\/product\/adidas_adifom_sst_mule_low_slides__brown_desert__i_0_65394.jpeg;https:\/\/images.novelship.com\/product\/adidas_adifom_sst_mule_low_slides__brown_desert__i_1_65394.jpeg;https:\/\/images.novelship.com\/product\/adidas_adifom_sst_mule_low_slides__brown_desert__i_2_65394.jpeg;https:\/\/images.novelship.com\/product\/adidas_adifom_sst_mule_low_slides__brown_desert__i_3_65394.jpeg;https:\/\/images.novelship.com\/product\/adidas_adifom_sst_mule_low_slides__brown_desert__i_4_65394.jpeg;https:\/\/images.novelship.com\/product\/adidas_adifom_sst_mule_low_slides__brown_desert__i_5_65394.jpeg;https:\/\/images.novelship.com\/product\/adidas_adifom_sst_mule_low_slides__brown_desert__i_6_65394.jpeg;https:\/\/images.novelship.com\/product\/adidas_adifom_sst_mule_low_slides__brown_desert__i_7_65394.jpeg","contentUrl":"https:\/\/images.novelship.com\/product\/adidas_adifom_sst_mule_low_slides__brown_desert__i_0_65394.jpeg;https:\/\/images.novelship.com\/product\/adidas_adifom_sst_mule_low_slides__brown_desert__i_1_65394.jpeg;https:\/\/images.novelship.com\/product\/adidas_adifom_sst_mule_low_slides__brown_desert__i_2_65394.jpeg;https:\/\/images.novelship.com\/product\/adidas_adifom_sst_mule_low_slides__brown_desert__i_3_65394.jpeg;https:\/\/images.novelship.com\/product\/adidas_adifom_sst_mule_low_slides__brown_desert__i_4_65394.jpeg;https:\/\/images.novelship.com\/product\/adidas_adifom_sst_mule_low_slides__brown_desert__i_5_65394.jpeg;https:\/\/images.novelship.com\/product\/adidas_adifom_sst_mule_low_slides__brown_desert__i_6_65394.jpeg;https:\/\/images.novelship.com\/product\/adidas_adifom_sst_mule_low_slides__brown_desert__i_7_65394.jpeg"},{"@type":"BreadcrumbList","@id":"https:\/\/tourcruiser.com\/fr\/products\/adidas-adifom-sst-mule-low-slides-brown-desert\/#breadcrumb","itemListElement":[{"@type":"ListItem","position":1,"name":"Home","item":"https:\/\/tourcruiser.com\/fr\/"},{"@type":"ListItem","position":2,"name":"Shop","item":"https:\/\/tourcruiser.com\/fr\/shop\/"},{"@type":"ListItem","position":3,"name":"adidas Adifom SST Mule Low Slides &#8216;Brown Desert&#8217;"}]},{"@type":"WebSite","@id":"\/#website","url":"\/","name":"Styloral Jewelry Shop","description":"Tourcruiser Sneaker Store \u2014 L\u2019endroit o\u00f9 l\u2019univers rencontre votre singularit\u00e9.","publisher":{"@id":"\/#organization"},"potentialAction":[{"@type":"SearchAction","target":{"@type":"EntryPoint","urlTemplate":"\/?s={search_term_string}"},"query-input":{"@type":"PropertyValueSpecification","valueRequired":true,"valueName":"search_term_string"}}],"inLanguage":"fr-FR"},{"@type":"Organization","@id":"\/#organization","name":"STYLORAL PTE. LTD","url":"\/","logo":{"@type":"ImageObject","inLanguage":"fr-FR","@id":"\/#\/schema\/logo\/image\/","url":"https:\/\/www.tourcruiser.com\/wp-content\/uploads\/2025\/12\/logo.png","contentUrl":"https:\/\/www.tourcruiser.com\/wp-content\/uploads\/2025\/12\/logo.png","width":200,"height":65,"caption":"STYLORAL PTE. LTD"},"image":{"@id":"\/#\/schema\/logo\/image\/"}}]}},"_links":{"self":[{"href":"https:\/\/tourcruiser.com\/fr\/wp-json\/wp\/v2\/product\/780343","targetHints":{"allow":["GET"]}}],"collection":[{"href":"https:\/\/tourcruiser.com\/fr\/wp-json\/wp\/v2\/product"}],"about":[{"href":"https:\/\/tourcruiser.com\/fr\/wp-json\/wp\/v2\/types\/product"}],"replies":[{"embeddable":true,"href":"https:\/\/tourcruiser.com\/fr\/wp-json\/wp\/v2\/comments?post=780343"}],"wp:featuredmedia":[{"embeddable":true,"href":"https:\/\/tourcruiser.com\/fr\/wp-json\/wp\/v2\/media\/780344"}],"wp:attachment":[{"href":"https:\/\/tourcruiser.com\/fr\/wp-json\/wp\/v2\/media?parent=780343"}],"wp:term":[{"taxonomy":"product_brand","embeddable":true,"href":"https:\/\/tourcruiser.com\/fr\/wp-json\/wp\/v2\/product_brand?post=780343"},{"taxonomy":"product_cat","embeddable":true,"href":"https:\/\/tourcruiser.com\/fr\/wp-json\/wp\/v2\/product_cat?post=780343"},{"taxonomy":"product_tag","embeddable":true,"href":"https:\/\/tourcruiser.com\/fr\/wp-json\/wp\/v2\/product_tag?post=780343"}],"curies":[{"name":"wp","href":"https:\/\/api.w.org\/{rel}","templated":true}]}}