{"id":780147,"date":"2026-04-16T17:22:28","date_gmt":"2026-04-16T10:22:28","guid":{"rendered":"http:\/\/tourcruiser.com\/product\/air-jordan-break-slide-black-hyper-pink"},"modified":"2026-04-17T23:14:30","modified_gmt":"2026-04-17T16:14:30","slug":"air-jordan-break-slide-black-hyper-pink","status":"publish","type":"product","link":"https:\/\/tourcruiser.com\/fr\/products\/air-jordan-break-slide-black-hyper-pink\/","title":{"rendered":"Air Jordan Break Slide &lsquo;Black Hyper Pink&rsquo;"},"content":{"rendered":"<p>La sandale Air Jordan Break Slide noire et rose fluo de Jordan est un mod\u00e8le \u00e9l\u00e9gant et confortable, id\u00e9al pour tous ceux qui recherchent une sandale confortable. Avec son design \u00e9pur\u00e9 et ses touches de rose, elle est parfaite pour ajouter une note de couleur \u00e0 n&rsquo;importe quelle tenue. Que ce soit pour se d\u00e9tendre au bord de la piscine ou faire des courses, cette sandale est un incontournable pour tous les fans de sneakers.<\/p>\n<p>Coloris\u00a0: Noir\/Rose fluo<\/p>\n<p>R\u00e9f\u00e9rence\u00a0: AR6374-630<\/p>\n<p>Couleur\u00a0: Noir<\/p>\n<p>\u00c2ge\u00a0: Adulte<\/p>\n<p>Genre\u00a0: Homme<\/p>\n","protected":false},"excerpt":{"rendered":"<p>La sandale Air Jordan Break Slide noire et rose fluo de Jordan est un mod\u00e8le \u00e9l\u00e9gant et confortable, id\u00e9al pour tous ceux qui recherchent une sandale confortable. Avec son design \u00e9pur\u00e9 et ses touches de rose, elle est parfaite pour ajouter une note de couleur \u00e0 n&rsquo;importe quelle tenue. Que ce soit pour se d\u00e9tendre [&hellip;]<\/p>\n","protected":false},"featured_media":780148,"comment_status":"open","ping_status":"closed","template":"","meta":[],"product_brand":[],"product_cat":[38880],"product_tag":[38861,10753,10776,10754,10808],"class_list":{"0":"post-780147","1":"product","2":"type-product","3":"status-publish","4":"has-post-thumbnail","6":"product_cat-jordan","7":"product_tag-below-retail-price","8":"product_tag-gift-for-him","9":"product_tag-jordan","10":"product_tag-lifestyle-casual-shoes","11":"product_tag-slides","13":"first","14":"instock","15":"taxable","16":"shipping-taxable","17":"purchasable","18":"product-type-simple"},"wcpa_form_fields":null,"yoast_head":"<!-- This site is optimized with the Yoast SEO plugin v26.5 - https:\/\/yoast.com\/wordpress\/plugins\/seo\/ -->\n<title>Air Jordan Break Slide &#039;Black Hyper Pink&#039; - TOURCRUISER PTE. LTD<\/title>\n<meta name=\"robots\" content=\"index, follow, max-snippet:-1, max-image-preview:large, max-video-preview:-1\" \/>\n<link rel=\"canonical\" href=\"https:\/\/tourcruiser.com\/fr\/products\/air-jordan-break-slide-black-hyper-pink\/\" \/>\n<meta property=\"og:locale\" content=\"fr_FR\" \/>\n<meta property=\"og:type\" content=\"article\" \/>\n<meta property=\"og:title\" content=\"Air Jordan Break Slide &#039;Black Hyper Pink&#039; - TOURCRUISER PTE. LTD\" \/>\n<meta property=\"og:description\" content=\"La sandale Air Jordan Break Slide noire et rose fluo de Jordan est un mod\u00e8le \u00e9l\u00e9gant et confortable, id\u00e9al pour tous ceux qui recherchent une sandale confortable. Avec son design \u00e9pur\u00e9 et ses touches de rose, elle est parfaite pour ajouter une note de couleur \u00e0 n&rsquo;importe quelle tenue. Que ce soit pour se d\u00e9tendre [&hellip;]\" \/>\n<meta property=\"og:url\" content=\"https:\/\/tourcruiser.com\/fr\/products\/air-jordan-break-slide-black-hyper-pink\/\" \/>\n<meta property=\"og:site_name\" content=\"Tourcruiser Sneaker Store\" \/>\n<meta property=\"article:modified_time\" content=\"2026-04-17T16:14:30+00:00\" \/>\n<meta name=\"twitter:card\" content=\"summary_large_image\" \/>\n<meta name=\"twitter:image\" content=\"https:\/\/images.novelship.com\/product\/air_jordan_break_slide__black_hyper_pink__ar6374-6_0_1261.jpeg;https:\/\/images.novelship.com\/product\/air_jordan_break_slide__black_hyper_pink__ar6374-6_1_1261.jpeg;https:\/\/images.novelship.com\/product\/air_jordan_break_slide__black_hyper_pink__ar6374-6_2_1261.jpeg;https:\/\/images.novelship.com\/product\/air_jordan_break_slide__black_hyper_pink__ar6374-6_3_1261.jpeg\" \/>\n<script type=\"application\/ld+json\" class=\"yoast-schema-graph\">{\"@context\":\"https:\/\/schema.org\",\"@graph\":[{\"@type\":\"WebPage\",\"@id\":\"https:\/\/tourcruiser.com\/fr\/products\/air-jordan-break-slide-black-hyper-pink\/\",\"url\":\"https:\/\/tourcruiser.com\/fr\/products\/air-jordan-break-slide-black-hyper-pink\/\",\"name\":\"Air Jordan Break Slide 'Black Hyper Pink' - TOURCRUISER PTE. LTD\",\"isPartOf\":{\"@id\":\"\/#website\"},\"primaryImageOfPage\":{\"@id\":\"https:\/\/tourcruiser.com\/fr\/products\/air-jordan-break-slide-black-hyper-pink\/#primaryimage\"},\"image\":{\"@id\":\"https:\/\/tourcruiser.com\/fr\/products\/air-jordan-break-slide-black-hyper-pink\/#primaryimage\"},\"thumbnailUrl\":\"https:\/\/images.novelship.com\/product\/air_jordan_break_slide__black_hyper_pink__ar6374-6_0_1261.jpeg;https:\/\/images.novelship.com\/product\/air_jordan_break_slide__black_hyper_pink__ar6374-6_1_1261.jpeg;https:\/\/images.novelship.com\/product\/air_jordan_break_slide__black_hyper_pink__ar6374-6_2_1261.jpeg;https:\/\/images.novelship.com\/product\/air_jordan_break_slide__black_hyper_pink__ar6374-6_3_1261.jpeg\",\"datePublished\":\"2026-04-16T10:22:28+00:00\",\"dateModified\":\"2026-04-17T16:14:30+00:00\",\"breadcrumb\":{\"@id\":\"https:\/\/tourcruiser.com\/fr\/products\/air-jordan-break-slide-black-hyper-pink\/#breadcrumb\"},\"inLanguage\":\"fr-FR\",\"potentialAction\":[{\"@type\":\"ReadAction\",\"target\":[\"https:\/\/tourcruiser.com\/fr\/products\/air-jordan-break-slide-black-hyper-pink\/\"]}]},{\"@type\":\"ImageObject\",\"inLanguage\":\"fr-FR\",\"@id\":\"https:\/\/tourcruiser.com\/fr\/products\/air-jordan-break-slide-black-hyper-pink\/#primaryimage\",\"url\":\"https:\/\/images.novelship.com\/product\/air_jordan_break_slide__black_hyper_pink__ar6374-6_0_1261.jpeg;https:\/\/images.novelship.com\/product\/air_jordan_break_slide__black_hyper_pink__ar6374-6_1_1261.jpeg;https:\/\/images.novelship.com\/product\/air_jordan_break_slide__black_hyper_pink__ar6374-6_2_1261.jpeg;https:\/\/images.novelship.com\/product\/air_jordan_break_slide__black_hyper_pink__ar6374-6_3_1261.jpeg\",\"contentUrl\":\"https:\/\/images.novelship.com\/product\/air_jordan_break_slide__black_hyper_pink__ar6374-6_0_1261.jpeg;https:\/\/images.novelship.com\/product\/air_jordan_break_slide__black_hyper_pink__ar6374-6_1_1261.jpeg;https:\/\/images.novelship.com\/product\/air_jordan_break_slide__black_hyper_pink__ar6374-6_2_1261.jpeg;https:\/\/images.novelship.com\/product\/air_jordan_break_slide__black_hyper_pink__ar6374-6_3_1261.jpeg\"},{\"@type\":\"BreadcrumbList\",\"@id\":\"https:\/\/tourcruiser.com\/fr\/products\/air-jordan-break-slide-black-hyper-pink\/#breadcrumb\",\"itemListElement\":[{\"@type\":\"ListItem\",\"position\":1,\"name\":\"Home\",\"item\":\"https:\/\/tourcruiser.com\/fr\/\"},{\"@type\":\"ListItem\",\"position\":2,\"name\":\"Shop\",\"item\":\"https:\/\/tourcruiser.com\/fr\/shop\/\"},{\"@type\":\"ListItem\",\"position\":3,\"name\":\"Air Jordan Break Slide &#8216;Black Hyper Pink&#8217;\"}]},{\"@type\":\"WebSite\",\"@id\":\"\/#website\",\"url\":\"\/\",\"name\":\"Styloral Jewelry Shop\",\"description\":\"Tourcruiser Sneaker Store \u2014 L\u2019endroit o\u00f9 l\u2019univers rencontre votre singularit\u00e9.\",\"publisher\":{\"@id\":\"\/#organization\"},\"potentialAction\":[{\"@type\":\"SearchAction\",\"target\":{\"@type\":\"EntryPoint\",\"urlTemplate\":\"\/?s={search_term_string}\"},\"query-input\":{\"@type\":\"PropertyValueSpecification\",\"valueRequired\":true,\"valueName\":\"search_term_string\"}}],\"inLanguage\":\"fr-FR\"},{\"@type\":\"Organization\",\"@id\":\"\/#organization\",\"name\":\"STYLORAL PTE. LTD\",\"url\":\"\/\",\"logo\":{\"@type\":\"ImageObject\",\"inLanguage\":\"fr-FR\",\"@id\":\"\/#\/schema\/logo\/image\/\",\"url\":\"https:\/\/www.tourcruiser.com\/wp-content\/uploads\/2025\/12\/logo.png\",\"contentUrl\":\"https:\/\/www.tourcruiser.com\/wp-content\/uploads\/2025\/12\/logo.png\",\"width\":200,\"height\":65,\"caption\":\"STYLORAL PTE. LTD\"},\"image\":{\"@id\":\"\/#\/schema\/logo\/image\/\"}}]}<\/script>\n<!-- \/ Yoast SEO plugin. -->","yoast_head_json":{"title":"Air Jordan Break Slide 'Black Hyper Pink' - TOURCRUISER PTE. LTD","robots":{"index":"index","follow":"follow","max-snippet":"max-snippet:-1","max-image-preview":"max-image-preview:large","max-video-preview":"max-video-preview:-1"},"canonical":"https:\/\/tourcruiser.com\/fr\/products\/air-jordan-break-slide-black-hyper-pink\/","og_locale":"fr_FR","og_type":"article","og_title":"Air Jordan Break Slide 'Black Hyper Pink' - TOURCRUISER PTE. LTD","og_description":"La sandale Air Jordan Break Slide noire et rose fluo de Jordan est un mod\u00e8le \u00e9l\u00e9gant et confortable, id\u00e9al pour tous ceux qui recherchent une sandale confortable. Avec son design \u00e9pur\u00e9 et ses touches de rose, elle est parfaite pour ajouter une note de couleur \u00e0 n&rsquo;importe quelle tenue. Que ce soit pour se d\u00e9tendre [&hellip;]","og_url":"https:\/\/tourcruiser.com\/fr\/products\/air-jordan-break-slide-black-hyper-pink\/","og_site_name":"Tourcruiser Sneaker Store","article_modified_time":"2026-04-17T16:14:30+00:00","twitter_card":"summary_large_image","twitter_image":"https:\/\/images.novelship.com\/product\/air_jordan_break_slide__black_hyper_pink__ar6374-6_0_1261.jpeg;https:\/\/images.novelship.com\/product\/air_jordan_break_slide__black_hyper_pink__ar6374-6_1_1261.jpeg;https:\/\/images.novelship.com\/product\/air_jordan_break_slide__black_hyper_pink__ar6374-6_2_1261.jpeg;https:\/\/images.novelship.com\/product\/air_jordan_break_slide__black_hyper_pink__ar6374-6_3_1261.jpeg","schema":{"@context":"https:\/\/schema.org","@graph":[{"@type":"WebPage","@id":"https:\/\/tourcruiser.com\/fr\/products\/air-jordan-break-slide-black-hyper-pink\/","url":"https:\/\/tourcruiser.com\/fr\/products\/air-jordan-break-slide-black-hyper-pink\/","name":"Air Jordan Break Slide 'Black Hyper Pink' - TOURCRUISER PTE. LTD","isPartOf":{"@id":"\/#website"},"primaryImageOfPage":{"@id":"https:\/\/tourcruiser.com\/fr\/products\/air-jordan-break-slide-black-hyper-pink\/#primaryimage"},"image":{"@id":"https:\/\/tourcruiser.com\/fr\/products\/air-jordan-break-slide-black-hyper-pink\/#primaryimage"},"thumbnailUrl":"https:\/\/images.novelship.com\/product\/air_jordan_break_slide__black_hyper_pink__ar6374-6_0_1261.jpeg;https:\/\/images.novelship.com\/product\/air_jordan_break_slide__black_hyper_pink__ar6374-6_1_1261.jpeg;https:\/\/images.novelship.com\/product\/air_jordan_break_slide__black_hyper_pink__ar6374-6_2_1261.jpeg;https:\/\/images.novelship.com\/product\/air_jordan_break_slide__black_hyper_pink__ar6374-6_3_1261.jpeg","datePublished":"2026-04-16T10:22:28+00:00","dateModified":"2026-04-17T16:14:30+00:00","breadcrumb":{"@id":"https:\/\/tourcruiser.com\/fr\/products\/air-jordan-break-slide-black-hyper-pink\/#breadcrumb"},"inLanguage":"fr-FR","potentialAction":[{"@type":"ReadAction","target":["https:\/\/tourcruiser.com\/fr\/products\/air-jordan-break-slide-black-hyper-pink\/"]}]},{"@type":"ImageObject","inLanguage":"fr-FR","@id":"https:\/\/tourcruiser.com\/fr\/products\/air-jordan-break-slide-black-hyper-pink\/#primaryimage","url":"https:\/\/images.novelship.com\/product\/air_jordan_break_slide__black_hyper_pink__ar6374-6_0_1261.jpeg;https:\/\/images.novelship.com\/product\/air_jordan_break_slide__black_hyper_pink__ar6374-6_1_1261.jpeg;https:\/\/images.novelship.com\/product\/air_jordan_break_slide__black_hyper_pink__ar6374-6_2_1261.jpeg;https:\/\/images.novelship.com\/product\/air_jordan_break_slide__black_hyper_pink__ar6374-6_3_1261.jpeg","contentUrl":"https:\/\/images.novelship.com\/product\/air_jordan_break_slide__black_hyper_pink__ar6374-6_0_1261.jpeg;https:\/\/images.novelship.com\/product\/air_jordan_break_slide__black_hyper_pink__ar6374-6_1_1261.jpeg;https:\/\/images.novelship.com\/product\/air_jordan_break_slide__black_hyper_pink__ar6374-6_2_1261.jpeg;https:\/\/images.novelship.com\/product\/air_jordan_break_slide__black_hyper_pink__ar6374-6_3_1261.jpeg"},{"@type":"BreadcrumbList","@id":"https:\/\/tourcruiser.com\/fr\/products\/air-jordan-break-slide-black-hyper-pink\/#breadcrumb","itemListElement":[{"@type":"ListItem","position":1,"name":"Home","item":"https:\/\/tourcruiser.com\/fr\/"},{"@type":"ListItem","position":2,"name":"Shop","item":"https:\/\/tourcruiser.com\/fr\/shop\/"},{"@type":"ListItem","position":3,"name":"Air Jordan Break Slide &#8216;Black Hyper Pink&#8217;"}]},{"@type":"WebSite","@id":"\/#website","url":"\/","name":"Styloral Jewelry Shop","description":"Tourcruiser Sneaker Store \u2014 L\u2019endroit o\u00f9 l\u2019univers rencontre votre singularit\u00e9.","publisher":{"@id":"\/#organization"},"potentialAction":[{"@type":"SearchAction","target":{"@type":"EntryPoint","urlTemplate":"\/?s={search_term_string}"},"query-input":{"@type":"PropertyValueSpecification","valueRequired":true,"valueName":"search_term_string"}}],"inLanguage":"fr-FR"},{"@type":"Organization","@id":"\/#organization","name":"STYLORAL PTE. LTD","url":"\/","logo":{"@type":"ImageObject","inLanguage":"fr-FR","@id":"\/#\/schema\/logo\/image\/","url":"https:\/\/www.tourcruiser.com\/wp-content\/uploads\/2025\/12\/logo.png","contentUrl":"https:\/\/www.tourcruiser.com\/wp-content\/uploads\/2025\/12\/logo.png","width":200,"height":65,"caption":"STYLORAL PTE. LTD"},"image":{"@id":"\/#\/schema\/logo\/image\/"}}]}},"_links":{"self":[{"href":"https:\/\/tourcruiser.com\/fr\/wp-json\/wp\/v2\/product\/780147","targetHints":{"allow":["GET"]}}],"collection":[{"href":"https:\/\/tourcruiser.com\/fr\/wp-json\/wp\/v2\/product"}],"about":[{"href":"https:\/\/tourcruiser.com\/fr\/wp-json\/wp\/v2\/types\/product"}],"replies":[{"embeddable":true,"href":"https:\/\/tourcruiser.com\/fr\/wp-json\/wp\/v2\/comments?post=780147"}],"wp:featuredmedia":[{"embeddable":true,"href":"https:\/\/tourcruiser.com\/fr\/wp-json\/wp\/v2\/media\/780148"}],"wp:attachment":[{"href":"https:\/\/tourcruiser.com\/fr\/wp-json\/wp\/v2\/media?parent=780147"}],"wp:term":[{"taxonomy":"product_brand","embeddable":true,"href":"https:\/\/tourcruiser.com\/fr\/wp-json\/wp\/v2\/product_brand?post=780147"},{"taxonomy":"product_cat","embeddable":true,"href":"https:\/\/tourcruiser.com\/fr\/wp-json\/wp\/v2\/product_cat?post=780147"},{"taxonomy":"product_tag","embeddable":true,"href":"https:\/\/tourcruiser.com\/fr\/wp-json\/wp\/v2\/product_tag?post=780147"}],"curies":[{"name":"wp","href":"https:\/\/api.w.org\/{rel}","templated":true}]}}