{"id":780081,"date":"2026-04-16T17:22:22","date_gmt":"2026-04-16T10:22:22","guid":{"rendered":"http:\/\/tourcruiser.com\/product\/nike-asuna-slide-minimalistic-shoe-black-red"},"modified":"2026-04-17T23:14:28","modified_gmt":"2026-04-17T16:14:28","slug":"nike-asuna-slide-minimalistic-shoe-black-red","status":"publish","type":"product","link":"https:\/\/tourcruiser.com\/fr\/products\/nike-asuna-slide-minimalistic-shoe-black-red\/","title":{"rendered":"Nike Asuna Slide Minimalistic Shoe Black Red"},"content":{"rendered":"<p>D\u00e9couvrez un style d\u00e9contract\u00e9 et un confort in\u00e9gal\u00e9 avec la sandale minimaliste Nike Asuna Slide. Son design \u00e9l\u00e9gant noir et rouge respire la sophistication, tandis que son amorti souple assure un maintien optimal tout au long de la journ\u00e9e. Gr\u00e2ce \u00e0 sa mati\u00e8re l\u00e9g\u00e8re et \u00e0 sa conception facile \u00e0 enfiler, elle est id\u00e9ale pour les loisirs, les journ\u00e9es \u00e0 la plage ou la r\u00e9cup\u00e9ration apr\u00e8s l&rsquo;effort. Appr\u00e9ciez la fusion parfaite entre mode et fonctionnalit\u00e9 avec la Nike Asuna Slide\u00a0: le choix id\u00e9al pour tous ceux qui recherchent une chaussure \u00e0 la fois styl\u00e9e et confortable.<\/p>\n<p>Coloris\u00a0: Noir\/Rouge universitaire<br \/>\nR\u00e9f\u00e9rence\u00a0: CI8800-001<\/p>\n<p>\u00c2ge\u00a0: Adulte<br \/>\nCouleur\u00a0: Noir\/Rouge feu\/Gris raisin\/\u00c9meraude<br \/>\nGenre\u00a0: Homme<\/p>\n","protected":false},"excerpt":{"rendered":"<p>D\u00e9couvrez un style d\u00e9contract\u00e9 et un confort in\u00e9gal\u00e9 avec la sandale minimaliste Nike Asuna Slide. Son design \u00e9l\u00e9gant noir et rouge respire la sophistication, tandis que son amorti souple assure un maintien optimal tout au long de la journ\u00e9e. Gr\u00e2ce \u00e0 sa mati\u00e8re l\u00e9g\u00e8re et \u00e0 sa conception facile \u00e0 enfiler, elle est id\u00e9ale pour [&hellip;]<\/p>\n","protected":false},"featured_media":780082,"comment_status":"open","ping_status":"closed","template":"","meta":[],"product_brand":[],"product_cat":[10803],"product_tag":[38861,39775,10864,10753,39035,10801,10808,39001,39002],"class_list":{"0":"post-780081","1":"product","2":"type-product","3":"status-publish","4":"has-post-thumbnail","6":"product_cat-nike","7":"product_tag-below-retail-price","8":"product_tag-best-finds-under-a-100","9":"product_tag-casual-sandals","10":"product_tag-gift-for-him","11":"product_tag-lifestyle-leisure-shoes","12":"product_tag-nike","13":"product_tag-slides","14":"product_tag-trend-offers","15":"product_tag-trend-offers-under-a-150","16":"wcpa_has_options","18":"first","19":"instock","20":"taxable","21":"shipping-taxable","22":"purchasable","23":"product-type-simple"},"wcpa_form_fields":{"rules":{"pric_overide_base_price":false,"pric_overide_base_price_if_gt_zero":false,"pric_overide_base_price_fully":false,"pric_cal_option_once":false,"pric_use_as_fee":false,"bind_quantity":false,"quantity_bind_formula":false},"fields":[{"type":"color-group","required":true,"elementId":"wcpa-color-group-66c4a75505e74","label":"Taille","inline":true,"priceOptions":"different_for_all","pricingType":"fixed","className":"hassizechart product-shoes-size-eu product-shoes-size","name":"color-group-66c4a75505e89","disp_type":"square","selection_type":"tick-border","disp_size":"44","show_label_inside":true,"adjust_width":true,"cart_display_type":"text","other_text":"Other","cl_rule":"show","col":6,"values":[{"label":"35.5","value":"EU 35.5","price":"","pimage":"","pimage_id":"","pthumb":"","color":""},{"label":"36","value":"EU 36","price":"","pimage":"","pimage_id":"","pthumb":"","color":"","selected":true},{"label":"36.5","value":"EU 36.5","price":"","pimage":"","pimage_id":"","pthumb":"","color":""},{"label":"37.5","value":"EU 37.5","price":"","pimage":"","pimage_id":"","pthumb":"","color":""},{"label":"38","value":"EU 38","price":"","pimage":"","pimage_id":"","pthumb":"","color":""},{"label":"38.5","value":"EU 38.5","price":"","pimage":"","pimage_id":"","pthumb":"","color":""},{"label":"39","value":"EU 39","price":"","pimage":"","pimage_id":"","pthumb":"","color":""},{"label":"40","value":"EU 40","price":"","pimage":"","pimage_id":"","pthumb":"","color":""},{"label":"40.5","value":"EU 40.5","price":"","pimage":"","pimage_id":"","pthumb":"","color":""},{"label":"41","value":"EU 41","price":"","pimage":"","pimage_id":"","pthumb":"","color":""},{"label":"42","value":"EU 42","price":"","pimage":"","pimage_id":"","pthumb":"","color":""},{"label":"42.5","value":"EU 42.5","price":"","pimage":"","pimage_id":"","pthumb":"","color":""},{"label":"43","value":"EU 43","price":"","pimage":"","pimage_id":"","pthumb":"","color":""},{"label":"44","value":"EU 44","price":"","pimage":"","pimage_id":"","pthumb":"","color":""},{"label":"44.5","value":"EU 44.5","price":"","pimage":"","pimage_id":"","pthumb":"","color":""},{"label":"45","value":"EU 45","price":"","pimage":"","pimage_id":"","pthumb":"","color":""},{"label":"45.5","value":"EU 45.5","price":"","pimage":"","pimage_id":"","pthumb":"","color":""},{"label":"46","value":"EU 46","price":"","pimage":"","pimage_id":"","pthumb":"","color":""},{"label":"47","value":"EU 47","price":"","pimage":"","pimage_id":"","pthumb":"","color":""},{"label":"47.5","value":"EU 47.5","price":"","pimage":"","pimage_id":"","pthumb":"","color":""},{"label":"48","value":"EU 48","price":"","pimage":"","pimage_id":"","pthumb":"","color":""}],"relations":[{"operator":false,"rules":[]}],"form_id":18106,"form_rules":{"pric_cal_option_once":false,"exclude_from_discount":false,"pric_use_as_fee":false,"fee_label":"Fee","render_after_acb":false,"disp_hide_options_price":false}}]},"yoast_head":"<!-- This site is optimized with the Yoast SEO plugin v26.5 - https:\/\/yoast.com\/wordpress\/plugins\/seo\/ -->\n<title>Nike Asuna Slide Minimalistic Shoe Black Red - TOURCRUISER PTE. LTD<\/title>\n<meta name=\"robots\" content=\"index, follow, max-snippet:-1, max-image-preview:large, max-video-preview:-1\" \/>\n<link rel=\"canonical\" href=\"https:\/\/tourcruiser.com\/fr\/products\/nike-asuna-slide-minimalistic-shoe-black-red\/\" \/>\n<meta property=\"og:locale\" content=\"fr_FR\" \/>\n<meta property=\"og:type\" content=\"article\" \/>\n<meta property=\"og:title\" content=\"Nike Asuna Slide Minimalistic Shoe Black Red - TOURCRUISER PTE. LTD\" \/>\n<meta property=\"og:description\" content=\"D\u00e9couvrez un style d\u00e9contract\u00e9 et un confort in\u00e9gal\u00e9 avec la sandale minimaliste Nike Asuna Slide. Son design \u00e9l\u00e9gant noir et rouge respire la sophistication, tandis que son amorti souple assure un maintien optimal tout au long de la journ\u00e9e. Gr\u00e2ce \u00e0 sa mati\u00e8re l\u00e9g\u00e8re et \u00e0 sa conception facile \u00e0 enfiler, elle est id\u00e9ale pour [&hellip;]\" \/>\n<meta property=\"og:url\" content=\"https:\/\/tourcruiser.com\/fr\/products\/nike-asuna-slide-minimalistic-shoe-black-red\/\" \/>\n<meta property=\"og:site_name\" content=\"Tourcruiser Sneaker Store\" \/>\n<meta property=\"article:modified_time\" content=\"2026-04-17T16:14:28+00:00\" \/>\n<meta name=\"twitter:card\" content=\"summary_large_image\" \/>\n<meta name=\"twitter:image\" content=\"https:\/\/images.novelship.com\/product\/nike_asuna_slide_minimalistic_shoe_black_red_ci880_0_8730.jpeg;https:\/\/images.novelship.com\/product\/nike_asuna_slide_minimalistic_shoe_black_red_ci880_1_8730.jpeg;https:\/\/images.novelship.com\/product\/nike_asuna_slide_minimalistic_shoe_black_red_ci880_2_8730.jpeg;https:\/\/images.novelship.com\/product\/nike_asuna_slide_minimalistic_shoe_black_red_ci880_3_8730.jpeg\" \/>\n<meta name=\"twitter:label1\" content=\"Dur\u00e9e de lecture estim\u00e9e\" \/>\n\t<meta name=\"twitter:data1\" content=\"1 minute\" \/>\n<script type=\"application\/ld+json\" class=\"yoast-schema-graph\">{\"@context\":\"https:\/\/schema.org\",\"@graph\":[{\"@type\":\"WebPage\",\"@id\":\"https:\/\/tourcruiser.com\/fr\/products\/nike-asuna-slide-minimalistic-shoe-black-red\/\",\"url\":\"https:\/\/tourcruiser.com\/fr\/products\/nike-asuna-slide-minimalistic-shoe-black-red\/\",\"name\":\"Nike Asuna Slide Minimalistic Shoe Black Red - TOURCRUISER PTE. LTD\",\"isPartOf\":{\"@id\":\"\/#website\"},\"primaryImageOfPage\":{\"@id\":\"https:\/\/tourcruiser.com\/fr\/products\/nike-asuna-slide-minimalistic-shoe-black-red\/#primaryimage\"},\"image\":{\"@id\":\"https:\/\/tourcruiser.com\/fr\/products\/nike-asuna-slide-minimalistic-shoe-black-red\/#primaryimage\"},\"thumbnailUrl\":\"https:\/\/images.novelship.com\/product\/nike_asuna_slide_minimalistic_shoe_black_red_ci880_0_8730.jpeg;https:\/\/images.novelship.com\/product\/nike_asuna_slide_minimalistic_shoe_black_red_ci880_1_8730.jpeg;https:\/\/images.novelship.com\/product\/nike_asuna_slide_minimalistic_shoe_black_red_ci880_2_8730.jpeg;https:\/\/images.novelship.com\/product\/nike_asuna_slide_minimalistic_shoe_black_red_ci880_3_8730.jpeg\",\"datePublished\":\"2026-04-16T10:22:22+00:00\",\"dateModified\":\"2026-04-17T16:14:28+00:00\",\"breadcrumb\":{\"@id\":\"https:\/\/tourcruiser.com\/fr\/products\/nike-asuna-slide-minimalistic-shoe-black-red\/#breadcrumb\"},\"inLanguage\":\"fr-FR\",\"potentialAction\":[{\"@type\":\"ReadAction\",\"target\":[\"https:\/\/tourcruiser.com\/fr\/products\/nike-asuna-slide-minimalistic-shoe-black-red\/\"]}]},{\"@type\":\"ImageObject\",\"inLanguage\":\"fr-FR\",\"@id\":\"https:\/\/tourcruiser.com\/fr\/products\/nike-asuna-slide-minimalistic-shoe-black-red\/#primaryimage\",\"url\":\"https:\/\/images.novelship.com\/product\/nike_asuna_slide_minimalistic_shoe_black_red_ci880_0_8730.jpeg;https:\/\/images.novelship.com\/product\/nike_asuna_slide_minimalistic_shoe_black_red_ci880_1_8730.jpeg;https:\/\/images.novelship.com\/product\/nike_asuna_slide_minimalistic_shoe_black_red_ci880_2_8730.jpeg;https:\/\/images.novelship.com\/product\/nike_asuna_slide_minimalistic_shoe_black_red_ci880_3_8730.jpeg\",\"contentUrl\":\"https:\/\/images.novelship.com\/product\/nike_asuna_slide_minimalistic_shoe_black_red_ci880_0_8730.jpeg;https:\/\/images.novelship.com\/product\/nike_asuna_slide_minimalistic_shoe_black_red_ci880_1_8730.jpeg;https:\/\/images.novelship.com\/product\/nike_asuna_slide_minimalistic_shoe_black_red_ci880_2_8730.jpeg;https:\/\/images.novelship.com\/product\/nike_asuna_slide_minimalistic_shoe_black_red_ci880_3_8730.jpeg\"},{\"@type\":\"BreadcrumbList\",\"@id\":\"https:\/\/tourcruiser.com\/fr\/products\/nike-asuna-slide-minimalistic-shoe-black-red\/#breadcrumb\",\"itemListElement\":[{\"@type\":\"ListItem\",\"position\":1,\"name\":\"Home\",\"item\":\"https:\/\/tourcruiser.com\/fr\/\"},{\"@type\":\"ListItem\",\"position\":2,\"name\":\"Shop\",\"item\":\"https:\/\/tourcruiser.com\/fr\/shop\/\"},{\"@type\":\"ListItem\",\"position\":3,\"name\":\"Nike Asuna Slide Minimalistic Shoe Black Red\"}]},{\"@type\":\"WebSite\",\"@id\":\"\/#website\",\"url\":\"\/\",\"name\":\"Styloral Jewelry Shop\",\"description\":\"Tourcruiser Sneaker Store \u2014 L\u2019endroit o\u00f9 l\u2019univers rencontre votre singularit\u00e9.\",\"publisher\":{\"@id\":\"\/#organization\"},\"potentialAction\":[{\"@type\":\"SearchAction\",\"target\":{\"@type\":\"EntryPoint\",\"urlTemplate\":\"\/?s={search_term_string}\"},\"query-input\":{\"@type\":\"PropertyValueSpecification\",\"valueRequired\":true,\"valueName\":\"search_term_string\"}}],\"inLanguage\":\"fr-FR\"},{\"@type\":\"Organization\",\"@id\":\"\/#organization\",\"name\":\"STYLORAL PTE. LTD\",\"url\":\"\/\",\"logo\":{\"@type\":\"ImageObject\",\"inLanguage\":\"fr-FR\",\"@id\":\"\/#\/schema\/logo\/image\/\",\"url\":\"https:\/\/www.tourcruiser.com\/wp-content\/uploads\/2025\/12\/logo.png\",\"contentUrl\":\"https:\/\/www.tourcruiser.com\/wp-content\/uploads\/2025\/12\/logo.png\",\"width\":200,\"height\":65,\"caption\":\"STYLORAL PTE. LTD\"},\"image\":{\"@id\":\"\/#\/schema\/logo\/image\/\"}}]}<\/script>\n<!-- \/ Yoast SEO plugin. -->","yoast_head_json":{"title":"Nike Asuna Slide Minimalistic Shoe Black Red - TOURCRUISER PTE. LTD","robots":{"index":"index","follow":"follow","max-snippet":"max-snippet:-1","max-image-preview":"max-image-preview:large","max-video-preview":"max-video-preview:-1"},"canonical":"https:\/\/tourcruiser.com\/fr\/products\/nike-asuna-slide-minimalistic-shoe-black-red\/","og_locale":"fr_FR","og_type":"article","og_title":"Nike Asuna Slide Minimalistic Shoe Black Red - TOURCRUISER PTE. LTD","og_description":"D\u00e9couvrez un style d\u00e9contract\u00e9 et un confort in\u00e9gal\u00e9 avec la sandale minimaliste Nike Asuna Slide. Son design \u00e9l\u00e9gant noir et rouge respire la sophistication, tandis que son amorti souple assure un maintien optimal tout au long de la journ\u00e9e. Gr\u00e2ce \u00e0 sa mati\u00e8re l\u00e9g\u00e8re et \u00e0 sa conception facile \u00e0 enfiler, elle est id\u00e9ale pour [&hellip;]","og_url":"https:\/\/tourcruiser.com\/fr\/products\/nike-asuna-slide-minimalistic-shoe-black-red\/","og_site_name":"Tourcruiser Sneaker Store","article_modified_time":"2026-04-17T16:14:28+00:00","twitter_card":"summary_large_image","twitter_image":"https:\/\/images.novelship.com\/product\/nike_asuna_slide_minimalistic_shoe_black_red_ci880_0_8730.jpeg;https:\/\/images.novelship.com\/product\/nike_asuna_slide_minimalistic_shoe_black_red_ci880_1_8730.jpeg;https:\/\/images.novelship.com\/product\/nike_asuna_slide_minimalistic_shoe_black_red_ci880_2_8730.jpeg;https:\/\/images.novelship.com\/product\/nike_asuna_slide_minimalistic_shoe_black_red_ci880_3_8730.jpeg","twitter_misc":{"Dur\u00e9e de lecture estim\u00e9e":"1 minute"},"schema":{"@context":"https:\/\/schema.org","@graph":[{"@type":"WebPage","@id":"https:\/\/tourcruiser.com\/fr\/products\/nike-asuna-slide-minimalistic-shoe-black-red\/","url":"https:\/\/tourcruiser.com\/fr\/products\/nike-asuna-slide-minimalistic-shoe-black-red\/","name":"Nike Asuna Slide Minimalistic Shoe Black Red - TOURCRUISER PTE. LTD","isPartOf":{"@id":"\/#website"},"primaryImageOfPage":{"@id":"https:\/\/tourcruiser.com\/fr\/products\/nike-asuna-slide-minimalistic-shoe-black-red\/#primaryimage"},"image":{"@id":"https:\/\/tourcruiser.com\/fr\/products\/nike-asuna-slide-minimalistic-shoe-black-red\/#primaryimage"},"thumbnailUrl":"https:\/\/images.novelship.com\/product\/nike_asuna_slide_minimalistic_shoe_black_red_ci880_0_8730.jpeg;https:\/\/images.novelship.com\/product\/nike_asuna_slide_minimalistic_shoe_black_red_ci880_1_8730.jpeg;https:\/\/images.novelship.com\/product\/nike_asuna_slide_minimalistic_shoe_black_red_ci880_2_8730.jpeg;https:\/\/images.novelship.com\/product\/nike_asuna_slide_minimalistic_shoe_black_red_ci880_3_8730.jpeg","datePublished":"2026-04-16T10:22:22+00:00","dateModified":"2026-04-17T16:14:28+00:00","breadcrumb":{"@id":"https:\/\/tourcruiser.com\/fr\/products\/nike-asuna-slide-minimalistic-shoe-black-red\/#breadcrumb"},"inLanguage":"fr-FR","potentialAction":[{"@type":"ReadAction","target":["https:\/\/tourcruiser.com\/fr\/products\/nike-asuna-slide-minimalistic-shoe-black-red\/"]}]},{"@type":"ImageObject","inLanguage":"fr-FR","@id":"https:\/\/tourcruiser.com\/fr\/products\/nike-asuna-slide-minimalistic-shoe-black-red\/#primaryimage","url":"https:\/\/images.novelship.com\/product\/nike_asuna_slide_minimalistic_shoe_black_red_ci880_0_8730.jpeg;https:\/\/images.novelship.com\/product\/nike_asuna_slide_minimalistic_shoe_black_red_ci880_1_8730.jpeg;https:\/\/images.novelship.com\/product\/nike_asuna_slide_minimalistic_shoe_black_red_ci880_2_8730.jpeg;https:\/\/images.novelship.com\/product\/nike_asuna_slide_minimalistic_shoe_black_red_ci880_3_8730.jpeg","contentUrl":"https:\/\/images.novelship.com\/product\/nike_asuna_slide_minimalistic_shoe_black_red_ci880_0_8730.jpeg;https:\/\/images.novelship.com\/product\/nike_asuna_slide_minimalistic_shoe_black_red_ci880_1_8730.jpeg;https:\/\/images.novelship.com\/product\/nike_asuna_slide_minimalistic_shoe_black_red_ci880_2_8730.jpeg;https:\/\/images.novelship.com\/product\/nike_asuna_slide_minimalistic_shoe_black_red_ci880_3_8730.jpeg"},{"@type":"BreadcrumbList","@id":"https:\/\/tourcruiser.com\/fr\/products\/nike-asuna-slide-minimalistic-shoe-black-red\/#breadcrumb","itemListElement":[{"@type":"ListItem","position":1,"name":"Home","item":"https:\/\/tourcruiser.com\/fr\/"},{"@type":"ListItem","position":2,"name":"Shop","item":"https:\/\/tourcruiser.com\/fr\/shop\/"},{"@type":"ListItem","position":3,"name":"Nike Asuna Slide Minimalistic Shoe Black Red"}]},{"@type":"WebSite","@id":"\/#website","url":"\/","name":"Styloral Jewelry Shop","description":"Tourcruiser Sneaker Store \u2014 L\u2019endroit o\u00f9 l\u2019univers rencontre votre singularit\u00e9.","publisher":{"@id":"\/#organization"},"potentialAction":[{"@type":"SearchAction","target":{"@type":"EntryPoint","urlTemplate":"\/?s={search_term_string}"},"query-input":{"@type":"PropertyValueSpecification","valueRequired":true,"valueName":"search_term_string"}}],"inLanguage":"fr-FR"},{"@type":"Organization","@id":"\/#organization","name":"STYLORAL PTE. LTD","url":"\/","logo":{"@type":"ImageObject","inLanguage":"fr-FR","@id":"\/#\/schema\/logo\/image\/","url":"https:\/\/www.tourcruiser.com\/wp-content\/uploads\/2025\/12\/logo.png","contentUrl":"https:\/\/www.tourcruiser.com\/wp-content\/uploads\/2025\/12\/logo.png","width":200,"height":65,"caption":"STYLORAL PTE. LTD"},"image":{"@id":"\/#\/schema\/logo\/image\/"}}]}},"_links":{"self":[{"href":"https:\/\/tourcruiser.com\/fr\/wp-json\/wp\/v2\/product\/780081","targetHints":{"allow":["GET"]}}],"collection":[{"href":"https:\/\/tourcruiser.com\/fr\/wp-json\/wp\/v2\/product"}],"about":[{"href":"https:\/\/tourcruiser.com\/fr\/wp-json\/wp\/v2\/types\/product"}],"replies":[{"embeddable":true,"href":"https:\/\/tourcruiser.com\/fr\/wp-json\/wp\/v2\/comments?post=780081"}],"wp:featuredmedia":[{"embeddable":true,"href":"https:\/\/tourcruiser.com\/fr\/wp-json\/wp\/v2\/media\/780082"}],"wp:attachment":[{"href":"https:\/\/tourcruiser.com\/fr\/wp-json\/wp\/v2\/media?parent=780081"}],"wp:term":[{"taxonomy":"product_brand","embeddable":true,"href":"https:\/\/tourcruiser.com\/fr\/wp-json\/wp\/v2\/product_brand?post=780081"},{"taxonomy":"product_cat","embeddable":true,"href":"https:\/\/tourcruiser.com\/fr\/wp-json\/wp\/v2\/product_cat?post=780081"},{"taxonomy":"product_tag","embeddable":true,"href":"https:\/\/tourcruiser.com\/fr\/wp-json\/wp\/v2\/product_tag?post=780081"}],"curies":[{"name":"wp","href":"https:\/\/api.w.org\/{rel}","templated":true}]}}