{"id":780007,"date":"2026-04-16T17:22:14","date_gmt":"2026-04-16T10:22:14","guid":{"rendered":"http:\/\/tourcruiser.com\/product\/air-jordan-hydro-6-slide-black-university-red"},"modified":"2026-04-17T23:14:27","modified_gmt":"2026-04-17T16:14:27","slug":"air-jordan-hydro-6-slide-black-university-red","status":"publish","type":"product","link":"https:\/\/tourcruiser.com\/fr\/products\/air-jordan-hydro-6-slide-black-university-red\/","title":{"rendered":"Air Jordan Hydro 6 Slide &lsquo;Black University Red&rsquo;"},"content":{"rendered":"<p>D\u00e9couvrez un confort l\u00e9gendaire avec les claquettes Air Jordan Hydro 6 \u00ab\u00a0Black University Red\u00a0\u00bb. Ces claquettes allient style et sportivit\u00e9 et offrent un amorti optimal gr\u00e2ce \u00e0 leur semelle ext\u00e9rieure l\u00e9g\u00e8re Hydro 6. La bride ajustable assure un maintien parfait, tandis que l&rsquo;\u00e9l\u00e9gante combinaison de noir et de rouge apporte une touche de sophistication \u00e0 vos tenues d\u00e9contract\u00e9es. Profitez d&rsquo;un \u00e9quilibre parfait entre style et confort avec ces claquettes Jordan incontournables.<\/p>\n<p>Coloris\u00a0: Noir\/Rouge<\/p>\n<p>Code article\u00a0: 881473-005<\/p>\n<p>Mati\u00e8re ext\u00e9rieure\u00a0: Synth\u00e9tique<\/p>\n<p>Saison\u00a0: Printemps\/\u00c9t\u00e9\/Automne<\/p>\n<p>Ann\u00e9e de sortie\u00a0: 2018<\/p>\n<p>\u00c2ge\u00a0: Adulte<\/p>\n<p>Couleur\u00a0: Gris\/Gris<\/p>\n<p>Genre\u00a0: Homme<\/p>\n","protected":false},"excerpt":{"rendered":"<p>D\u00e9couvrez un confort l\u00e9gendaire avec les claquettes Air Jordan Hydro 6 \u00ab\u00a0Black University Red\u00a0\u00bb. Ces claquettes allient style et sportivit\u00e9 et offrent un amorti optimal gr\u00e2ce \u00e0 leur semelle ext\u00e9rieure l\u00e9g\u00e8re Hydro 6. La bride ajustable assure un maintien parfait, tandis que l&rsquo;\u00e9l\u00e9gante combinaison de noir et de rouge apporte une touche de sophistication \u00e0 [&hellip;]<\/p>\n","protected":false},"featured_media":780008,"comment_status":"open","ping_status":"closed","template":"","meta":[],"product_brand":[],"product_cat":[38880],"product_tag":[38861,39775,10864,10753,10776,39035,10808,39001,39002],"class_list":{"0":"post-780007","1":"product","2":"type-product","3":"status-publish","4":"has-post-thumbnail","6":"product_cat-jordan","7":"product_tag-below-retail-price","8":"product_tag-best-finds-under-a-100","9":"product_tag-casual-sandals","10":"product_tag-gift-for-him","11":"product_tag-jordan","12":"product_tag-lifestyle-leisure-shoes","13":"product_tag-slides","14":"product_tag-trend-offers","15":"product_tag-trend-offers-under-a-150","17":"first","18":"instock","19":"taxable","20":"shipping-taxable","21":"purchasable","22":"product-type-simple"},"wcpa_form_fields":null,"yoast_head":"<!-- This site is optimized with the Yoast SEO plugin v26.5 - https:\/\/yoast.com\/wordpress\/plugins\/seo\/ -->\n<title>Air Jordan Hydro 6 Slide &#039;Black University Red&#039; - TOURCRUISER PTE. LTD<\/title>\n<meta name=\"robots\" content=\"index, follow, max-snippet:-1, max-image-preview:large, max-video-preview:-1\" \/>\n<link rel=\"canonical\" href=\"https:\/\/tourcruiser.com\/fr\/products\/air-jordan-hydro-6-slide-black-university-red\/\" \/>\n<meta property=\"og:locale\" content=\"fr_FR\" \/>\n<meta property=\"og:type\" content=\"article\" \/>\n<meta property=\"og:title\" content=\"Air Jordan Hydro 6 Slide &#039;Black University Red&#039; - TOURCRUISER PTE. LTD\" \/>\n<meta property=\"og:description\" content=\"D\u00e9couvrez un confort l\u00e9gendaire avec les claquettes Air Jordan Hydro 6 \u00ab\u00a0Black University Red\u00a0\u00bb. Ces claquettes allient style et sportivit\u00e9 et offrent un amorti optimal gr\u00e2ce \u00e0 leur semelle ext\u00e9rieure l\u00e9g\u00e8re Hydro 6. La bride ajustable assure un maintien parfait, tandis que l&rsquo;\u00e9l\u00e9gante combinaison de noir et de rouge apporte une touche de sophistication \u00e0 [&hellip;]\" \/>\n<meta property=\"og:url\" content=\"https:\/\/tourcruiser.com\/fr\/products\/air-jordan-hydro-6-slide-black-university-red\/\" \/>\n<meta property=\"og:site_name\" content=\"Tourcruiser Sneaker Store\" \/>\n<meta property=\"article:modified_time\" content=\"2026-04-17T16:14:27+00:00\" \/>\n<meta name=\"twitter:card\" content=\"summary_large_image\" \/>\n<meta name=\"twitter:image\" content=\"https:\/\/images.novelship.com\/product\/air_jordan_hydro_6_slide__black_university_red__88_0_8024.jpeg;https:\/\/images.novelship.com\/product\/air_jordan_hydro_6_slide__black_university_red__88_1_8024.jpeg;https:\/\/images.novelship.com\/product\/air_jordan_hydro_6_slide__black_university_red__88_2_8024.jpeg;https:\/\/images.novelship.com\/product\/air_jordan_hydro_6_slide__black_university_red__88_3_8024.jpeg;https:\/\/images.novelship.com\/product\/air_jordan_hydro_6_slide__black_university_red__88_4_8024.jpeg;https:\/\/images.novelship.com\/product\/air_jordan_hydro_6_slide__black_university_red__88_5_8024.jpeg;https:\/\/images.novelship.com\/product\/air_jordan_hydro_6_slide__black_university_red__88_6_8024.jpeg;https:\/\/images.novelship.com\/product\/air_jordan_hydro_6_slide__black_university_red__88_7_8024.jpeg\" \/>\n<meta name=\"twitter:label1\" content=\"Dur\u00e9e de lecture estim\u00e9e\" \/>\n\t<meta name=\"twitter:data1\" content=\"1 minute\" \/>\n<script type=\"application\/ld+json\" class=\"yoast-schema-graph\">{\"@context\":\"https:\/\/schema.org\",\"@graph\":[{\"@type\":\"WebPage\",\"@id\":\"https:\/\/tourcruiser.com\/fr\/products\/air-jordan-hydro-6-slide-black-university-red\/\",\"url\":\"https:\/\/tourcruiser.com\/fr\/products\/air-jordan-hydro-6-slide-black-university-red\/\",\"name\":\"Air Jordan Hydro 6 Slide 'Black University Red' - TOURCRUISER PTE. LTD\",\"isPartOf\":{\"@id\":\"\/#website\"},\"primaryImageOfPage\":{\"@id\":\"https:\/\/tourcruiser.com\/fr\/products\/air-jordan-hydro-6-slide-black-university-red\/#primaryimage\"},\"image\":{\"@id\":\"https:\/\/tourcruiser.com\/fr\/products\/air-jordan-hydro-6-slide-black-university-red\/#primaryimage\"},\"thumbnailUrl\":\"https:\/\/images.novelship.com\/product\/air_jordan_hydro_6_slide__black_university_red__88_0_8024.jpeg;https:\/\/images.novelship.com\/product\/air_jordan_hydro_6_slide__black_university_red__88_1_8024.jpeg;https:\/\/images.novelship.com\/product\/air_jordan_hydro_6_slide__black_university_red__88_2_8024.jpeg;https:\/\/images.novelship.com\/product\/air_jordan_hydro_6_slide__black_university_red__88_3_8024.jpeg;https:\/\/images.novelship.com\/product\/air_jordan_hydro_6_slide__black_university_red__88_4_8024.jpeg;https:\/\/images.novelship.com\/product\/air_jordan_hydro_6_slide__black_university_red__88_5_8024.jpeg;https:\/\/images.novelship.com\/product\/air_jordan_hydro_6_slide__black_university_red__88_6_8024.jpeg;https:\/\/images.novelship.com\/product\/air_jordan_hydro_6_slide__black_university_red__88_7_8024.jpeg\",\"datePublished\":\"2026-04-16T10:22:14+00:00\",\"dateModified\":\"2026-04-17T16:14:27+00:00\",\"breadcrumb\":{\"@id\":\"https:\/\/tourcruiser.com\/fr\/products\/air-jordan-hydro-6-slide-black-university-red\/#breadcrumb\"},\"inLanguage\":\"fr-FR\",\"potentialAction\":[{\"@type\":\"ReadAction\",\"target\":[\"https:\/\/tourcruiser.com\/fr\/products\/air-jordan-hydro-6-slide-black-university-red\/\"]}]},{\"@type\":\"ImageObject\",\"inLanguage\":\"fr-FR\",\"@id\":\"https:\/\/tourcruiser.com\/fr\/products\/air-jordan-hydro-6-slide-black-university-red\/#primaryimage\",\"url\":\"https:\/\/images.novelship.com\/product\/air_jordan_hydro_6_slide__black_university_red__88_0_8024.jpeg;https:\/\/images.novelship.com\/product\/air_jordan_hydro_6_slide__black_university_red__88_1_8024.jpeg;https:\/\/images.novelship.com\/product\/air_jordan_hydro_6_slide__black_university_red__88_2_8024.jpeg;https:\/\/images.novelship.com\/product\/air_jordan_hydro_6_slide__black_university_red__88_3_8024.jpeg;https:\/\/images.novelship.com\/product\/air_jordan_hydro_6_slide__black_university_red__88_4_8024.jpeg;https:\/\/images.novelship.com\/product\/air_jordan_hydro_6_slide__black_university_red__88_5_8024.jpeg;https:\/\/images.novelship.com\/product\/air_jordan_hydro_6_slide__black_university_red__88_6_8024.jpeg;https:\/\/images.novelship.com\/product\/air_jordan_hydro_6_slide__black_university_red__88_7_8024.jpeg\",\"contentUrl\":\"https:\/\/images.novelship.com\/product\/air_jordan_hydro_6_slide__black_university_red__88_0_8024.jpeg;https:\/\/images.novelship.com\/product\/air_jordan_hydro_6_slide__black_university_red__88_1_8024.jpeg;https:\/\/images.novelship.com\/product\/air_jordan_hydro_6_slide__black_university_red__88_2_8024.jpeg;https:\/\/images.novelship.com\/product\/air_jordan_hydro_6_slide__black_university_red__88_3_8024.jpeg;https:\/\/images.novelship.com\/product\/air_jordan_hydro_6_slide__black_university_red__88_4_8024.jpeg;https:\/\/images.novelship.com\/product\/air_jordan_hydro_6_slide__black_university_red__88_5_8024.jpeg;https:\/\/images.novelship.com\/product\/air_jordan_hydro_6_slide__black_university_red__88_6_8024.jpeg;https:\/\/images.novelship.com\/product\/air_jordan_hydro_6_slide__black_university_red__88_7_8024.jpeg\"},{\"@type\":\"BreadcrumbList\",\"@id\":\"https:\/\/tourcruiser.com\/fr\/products\/air-jordan-hydro-6-slide-black-university-red\/#breadcrumb\",\"itemListElement\":[{\"@type\":\"ListItem\",\"position\":1,\"name\":\"Home\",\"item\":\"https:\/\/tourcruiser.com\/fr\/\"},{\"@type\":\"ListItem\",\"position\":2,\"name\":\"Shop\",\"item\":\"https:\/\/tourcruiser.com\/fr\/shop\/\"},{\"@type\":\"ListItem\",\"position\":3,\"name\":\"Air Jordan Hydro 6 Slide &#8216;Black University Red&#8217;\"}]},{\"@type\":\"WebSite\",\"@id\":\"\/#website\",\"url\":\"\/\",\"name\":\"Styloral Jewelry Shop\",\"description\":\"Tourcruiser Sneaker Store \u2014 L\u2019endroit o\u00f9 l\u2019univers rencontre votre singularit\u00e9.\",\"publisher\":{\"@id\":\"\/#organization\"},\"potentialAction\":[{\"@type\":\"SearchAction\",\"target\":{\"@type\":\"EntryPoint\",\"urlTemplate\":\"\/?s={search_term_string}\"},\"query-input\":{\"@type\":\"PropertyValueSpecification\",\"valueRequired\":true,\"valueName\":\"search_term_string\"}}],\"inLanguage\":\"fr-FR\"},{\"@type\":\"Organization\",\"@id\":\"\/#organization\",\"name\":\"STYLORAL PTE. LTD\",\"url\":\"\/\",\"logo\":{\"@type\":\"ImageObject\",\"inLanguage\":\"fr-FR\",\"@id\":\"\/#\/schema\/logo\/image\/\",\"url\":\"https:\/\/www.tourcruiser.com\/wp-content\/uploads\/2025\/12\/logo.png\",\"contentUrl\":\"https:\/\/www.tourcruiser.com\/wp-content\/uploads\/2025\/12\/logo.png\",\"width\":200,\"height\":65,\"caption\":\"STYLORAL PTE. LTD\"},\"image\":{\"@id\":\"\/#\/schema\/logo\/image\/\"}}]}<\/script>\n<!-- \/ Yoast SEO plugin. -->","yoast_head_json":{"title":"Air Jordan Hydro 6 Slide 'Black University Red' - TOURCRUISER PTE. LTD","robots":{"index":"index","follow":"follow","max-snippet":"max-snippet:-1","max-image-preview":"max-image-preview:large","max-video-preview":"max-video-preview:-1"},"canonical":"https:\/\/tourcruiser.com\/fr\/products\/air-jordan-hydro-6-slide-black-university-red\/","og_locale":"fr_FR","og_type":"article","og_title":"Air Jordan Hydro 6 Slide 'Black University Red' - TOURCRUISER PTE. LTD","og_description":"D\u00e9couvrez un confort l\u00e9gendaire avec les claquettes Air Jordan Hydro 6 \u00ab\u00a0Black University Red\u00a0\u00bb. Ces claquettes allient style et sportivit\u00e9 et offrent un amorti optimal gr\u00e2ce \u00e0 leur semelle ext\u00e9rieure l\u00e9g\u00e8re Hydro 6. La bride ajustable assure un maintien parfait, tandis que l&rsquo;\u00e9l\u00e9gante combinaison de noir et de rouge apporte une touche de sophistication \u00e0 [&hellip;]","og_url":"https:\/\/tourcruiser.com\/fr\/products\/air-jordan-hydro-6-slide-black-university-red\/","og_site_name":"Tourcruiser Sneaker Store","article_modified_time":"2026-04-17T16:14:27+00:00","twitter_card":"summary_large_image","twitter_image":"https:\/\/images.novelship.com\/product\/air_jordan_hydro_6_slide__black_university_red__88_0_8024.jpeg;https:\/\/images.novelship.com\/product\/air_jordan_hydro_6_slide__black_university_red__88_1_8024.jpeg;https:\/\/images.novelship.com\/product\/air_jordan_hydro_6_slide__black_university_red__88_2_8024.jpeg;https:\/\/images.novelship.com\/product\/air_jordan_hydro_6_slide__black_university_red__88_3_8024.jpeg;https:\/\/images.novelship.com\/product\/air_jordan_hydro_6_slide__black_university_red__88_4_8024.jpeg;https:\/\/images.novelship.com\/product\/air_jordan_hydro_6_slide__black_university_red__88_5_8024.jpeg;https:\/\/images.novelship.com\/product\/air_jordan_hydro_6_slide__black_university_red__88_6_8024.jpeg;https:\/\/images.novelship.com\/product\/air_jordan_hydro_6_slide__black_university_red__88_7_8024.jpeg","twitter_misc":{"Dur\u00e9e de lecture estim\u00e9e":"1 minute"},"schema":{"@context":"https:\/\/schema.org","@graph":[{"@type":"WebPage","@id":"https:\/\/tourcruiser.com\/fr\/products\/air-jordan-hydro-6-slide-black-university-red\/","url":"https:\/\/tourcruiser.com\/fr\/products\/air-jordan-hydro-6-slide-black-university-red\/","name":"Air Jordan Hydro 6 Slide 'Black University Red' - TOURCRUISER PTE. LTD","isPartOf":{"@id":"\/#website"},"primaryImageOfPage":{"@id":"https:\/\/tourcruiser.com\/fr\/products\/air-jordan-hydro-6-slide-black-university-red\/#primaryimage"},"image":{"@id":"https:\/\/tourcruiser.com\/fr\/products\/air-jordan-hydro-6-slide-black-university-red\/#primaryimage"},"thumbnailUrl":"https:\/\/images.novelship.com\/product\/air_jordan_hydro_6_slide__black_university_red__88_0_8024.jpeg;https:\/\/images.novelship.com\/product\/air_jordan_hydro_6_slide__black_university_red__88_1_8024.jpeg;https:\/\/images.novelship.com\/product\/air_jordan_hydro_6_slide__black_university_red__88_2_8024.jpeg;https:\/\/images.novelship.com\/product\/air_jordan_hydro_6_slide__black_university_red__88_3_8024.jpeg;https:\/\/images.novelship.com\/product\/air_jordan_hydro_6_slide__black_university_red__88_4_8024.jpeg;https:\/\/images.novelship.com\/product\/air_jordan_hydro_6_slide__black_university_red__88_5_8024.jpeg;https:\/\/images.novelship.com\/product\/air_jordan_hydro_6_slide__black_university_red__88_6_8024.jpeg;https:\/\/images.novelship.com\/product\/air_jordan_hydro_6_slide__black_university_red__88_7_8024.jpeg","datePublished":"2026-04-16T10:22:14+00:00","dateModified":"2026-04-17T16:14:27+00:00","breadcrumb":{"@id":"https:\/\/tourcruiser.com\/fr\/products\/air-jordan-hydro-6-slide-black-university-red\/#breadcrumb"},"inLanguage":"fr-FR","potentialAction":[{"@type":"ReadAction","target":["https:\/\/tourcruiser.com\/fr\/products\/air-jordan-hydro-6-slide-black-university-red\/"]}]},{"@type":"ImageObject","inLanguage":"fr-FR","@id":"https:\/\/tourcruiser.com\/fr\/products\/air-jordan-hydro-6-slide-black-university-red\/#primaryimage","url":"https:\/\/images.novelship.com\/product\/air_jordan_hydro_6_slide__black_university_red__88_0_8024.jpeg;https:\/\/images.novelship.com\/product\/air_jordan_hydro_6_slide__black_university_red__88_1_8024.jpeg;https:\/\/images.novelship.com\/product\/air_jordan_hydro_6_slide__black_university_red__88_2_8024.jpeg;https:\/\/images.novelship.com\/product\/air_jordan_hydro_6_slide__black_university_red__88_3_8024.jpeg;https:\/\/images.novelship.com\/product\/air_jordan_hydro_6_slide__black_university_red__88_4_8024.jpeg;https:\/\/images.novelship.com\/product\/air_jordan_hydro_6_slide__black_university_red__88_5_8024.jpeg;https:\/\/images.novelship.com\/product\/air_jordan_hydro_6_slide__black_university_red__88_6_8024.jpeg;https:\/\/images.novelship.com\/product\/air_jordan_hydro_6_slide__black_university_red__88_7_8024.jpeg","contentUrl":"https:\/\/images.novelship.com\/product\/air_jordan_hydro_6_slide__black_university_red__88_0_8024.jpeg;https:\/\/images.novelship.com\/product\/air_jordan_hydro_6_slide__black_university_red__88_1_8024.jpeg;https:\/\/images.novelship.com\/product\/air_jordan_hydro_6_slide__black_university_red__88_2_8024.jpeg;https:\/\/images.novelship.com\/product\/air_jordan_hydro_6_slide__black_university_red__88_3_8024.jpeg;https:\/\/images.novelship.com\/product\/air_jordan_hydro_6_slide__black_university_red__88_4_8024.jpeg;https:\/\/images.novelship.com\/product\/air_jordan_hydro_6_slide__black_university_red__88_5_8024.jpeg;https:\/\/images.novelship.com\/product\/air_jordan_hydro_6_slide__black_university_red__88_6_8024.jpeg;https:\/\/images.novelship.com\/product\/air_jordan_hydro_6_slide__black_university_red__88_7_8024.jpeg"},{"@type":"BreadcrumbList","@id":"https:\/\/tourcruiser.com\/fr\/products\/air-jordan-hydro-6-slide-black-university-red\/#breadcrumb","itemListElement":[{"@type":"ListItem","position":1,"name":"Home","item":"https:\/\/tourcruiser.com\/fr\/"},{"@type":"ListItem","position":2,"name":"Shop","item":"https:\/\/tourcruiser.com\/fr\/shop\/"},{"@type":"ListItem","position":3,"name":"Air Jordan Hydro 6 Slide &#8216;Black University Red&#8217;"}]},{"@type":"WebSite","@id":"\/#website","url":"\/","name":"Styloral Jewelry Shop","description":"Tourcruiser Sneaker Store \u2014 L\u2019endroit o\u00f9 l\u2019univers rencontre votre singularit\u00e9.","publisher":{"@id":"\/#organization"},"potentialAction":[{"@type":"SearchAction","target":{"@type":"EntryPoint","urlTemplate":"\/?s={search_term_string}"},"query-input":{"@type":"PropertyValueSpecification","valueRequired":true,"valueName":"search_term_string"}}],"inLanguage":"fr-FR"},{"@type":"Organization","@id":"\/#organization","name":"STYLORAL PTE. LTD","url":"\/","logo":{"@type":"ImageObject","inLanguage":"fr-FR","@id":"\/#\/schema\/logo\/image\/","url":"https:\/\/www.tourcruiser.com\/wp-content\/uploads\/2025\/12\/logo.png","contentUrl":"https:\/\/www.tourcruiser.com\/wp-content\/uploads\/2025\/12\/logo.png","width":200,"height":65,"caption":"STYLORAL PTE. LTD"},"image":{"@id":"\/#\/schema\/logo\/image\/"}}]}},"_links":{"self":[{"href":"https:\/\/tourcruiser.com\/fr\/wp-json\/wp\/v2\/product\/780007","targetHints":{"allow":["GET"]}}],"collection":[{"href":"https:\/\/tourcruiser.com\/fr\/wp-json\/wp\/v2\/product"}],"about":[{"href":"https:\/\/tourcruiser.com\/fr\/wp-json\/wp\/v2\/types\/product"}],"replies":[{"embeddable":true,"href":"https:\/\/tourcruiser.com\/fr\/wp-json\/wp\/v2\/comments?post=780007"}],"wp:featuredmedia":[{"embeddable":true,"href":"https:\/\/tourcruiser.com\/fr\/wp-json\/wp\/v2\/media\/780008"}],"wp:attachment":[{"href":"https:\/\/tourcruiser.com\/fr\/wp-json\/wp\/v2\/media?parent=780007"}],"wp:term":[{"taxonomy":"product_brand","embeddable":true,"href":"https:\/\/tourcruiser.com\/fr\/wp-json\/wp\/v2\/product_brand?post=780007"},{"taxonomy":"product_cat","embeddable":true,"href":"https:\/\/tourcruiser.com\/fr\/wp-json\/wp\/v2\/product_cat?post=780007"},{"taxonomy":"product_tag","embeddable":true,"href":"https:\/\/tourcruiser.com\/fr\/wp-json\/wp\/v2\/product_tag?post=780007"}],"curies":[{"name":"wp","href":"https:\/\/api.w.org\/{rel}","templated":true}]}}