{"id":779970,"date":"2026-04-16T17:22:13","date_gmt":"2026-04-16T10:22:13","guid":{"rendered":"http:\/\/tourcruiser.com\/product\/air-jordan-hydro-8-slides-khaki-white"},"modified":"2026-04-17T23:14:26","modified_gmt":"2026-04-17T16:14:26","slug":"air-jordan-hydro-8-slides-khaki-white","status":"publish","type":"product","link":"https:\/\/tourcruiser.com\/fr\/products\/air-jordan-hydro-8-slides-khaki-white\/","title":{"rendered":"Air Jordan Hydro 8 Slides &lsquo;Khaki White&rsquo;"},"content":{"rendered":"<p>D\u00e9couvrez un confort l\u00e9gendaire avec les claquettes Air Jordan Hydro 8 \u00ab\u00a0Khaki White\u00a0\u00bb. Gr\u00e2ce \u00e0 leur semelle int\u00e9rieure moul\u00e9e et souple et \u00e0 leur bride ajustable, ces claquettes offrent un ajustement personnalis\u00e9 et un amorti exceptionnel. L&rsquo;association de kaki et de blanc cr\u00e9e un look polyvalent, tandis que le logo Jumpman embl\u00e9matique apporte une touche vintage. Que ce soit pour se d\u00e9tendre apr\u00e8s un match ou pour les porter au quotidien, les claquettes Hydro 8 sont un incontournable pour tout amateur de sneakers.<\/p>\n<p>Combinaison de couleurs\u00a0: Beige Vachetta\/Rouge Gym\/Jade Aura<\/p>\n<p>Code article\u00a0: CD2803-200<br \/>\nSemelle interm\u00e9diaire\u00a0: Air<\/p>\n<p>Couleur\u00a0: Beige<\/p>\n<p>\u00c2ge\u00a0: Adulte<\/p>\n<p>Couleur\u00a0: Beige<\/p>\n<p>Genre\u00a0: Homme<\/p>\n","protected":false},"excerpt":{"rendered":"<p>D\u00e9couvrez un confort l\u00e9gendaire avec les claquettes Air Jordan Hydro 8 \u00ab\u00a0Khaki White\u00a0\u00bb. Gr\u00e2ce \u00e0 leur semelle int\u00e9rieure moul\u00e9e et souple et \u00e0 leur bride ajustable, ces claquettes offrent un ajustement personnalis\u00e9 et un amorti exceptionnel. L&rsquo;association de kaki et de blanc cr\u00e9e un look polyvalent, tandis que le logo Jumpman embl\u00e9matique apporte une touche [&hellip;]<\/p>\n","protected":false},"featured_media":779971,"comment_status":"open","ping_status":"closed","template":"","meta":[],"product_brand":[],"product_cat":[38880],"product_tag":[10750,38861,39890,10776,10754,10808,38902,38936],"class_list":{"0":"post-779970","1":"product","2":"type-product","3":"status-publish","4":"has-post-thumbnail","6":"product_cat-jordan","7":"product_tag-athleisure-shoes","8":"product_tag-below-retail-price","9":"product_tag-gifts-for-him","10":"product_tag-jordan","11":"product_tag-lifestyle-casual-shoes","12":"product_tag-slides","13":"product_tag-trendy-offers","14":"product_tag-trendy-offers-under-a-150","16":"first","17":"instock","18":"taxable","19":"shipping-taxable","20":"purchasable","21":"product-type-simple"},"wcpa_form_fields":null,"yoast_head":"<!-- This site is optimized with the Yoast SEO plugin v26.5 - https:\/\/yoast.com\/wordpress\/plugins\/seo\/ -->\n<title>Air Jordan Hydro 8 Slides &#039;Khaki White&#039; - TOURCRUISER PTE. LTD<\/title>\n<meta name=\"robots\" content=\"index, follow, max-snippet:-1, max-image-preview:large, max-video-preview:-1\" \/>\n<link rel=\"canonical\" href=\"https:\/\/tourcruiser.com\/fr\/products\/air-jordan-hydro-8-slides-khaki-white\/\" \/>\n<meta property=\"og:locale\" content=\"fr_FR\" \/>\n<meta property=\"og:type\" content=\"article\" \/>\n<meta property=\"og:title\" content=\"Air Jordan Hydro 8 Slides &#039;Khaki White&#039; - TOURCRUISER PTE. LTD\" \/>\n<meta property=\"og:description\" content=\"D\u00e9couvrez un confort l\u00e9gendaire avec les claquettes Air Jordan Hydro 8 \u00ab\u00a0Khaki White\u00a0\u00bb. Gr\u00e2ce \u00e0 leur semelle int\u00e9rieure moul\u00e9e et souple et \u00e0 leur bride ajustable, ces claquettes offrent un ajustement personnalis\u00e9 et un amorti exceptionnel. L&rsquo;association de kaki et de blanc cr\u00e9e un look polyvalent, tandis que le logo Jumpman embl\u00e9matique apporte une touche [&hellip;]\" \/>\n<meta property=\"og:url\" content=\"https:\/\/tourcruiser.com\/fr\/products\/air-jordan-hydro-8-slides-khaki-white\/\" \/>\n<meta property=\"og:site_name\" content=\"Tourcruiser Sneaker Store\" \/>\n<meta property=\"article:modified_time\" content=\"2026-04-17T16:14:26+00:00\" \/>\n<meta name=\"twitter:card\" content=\"summary_large_image\" \/>\n<meta name=\"twitter:image\" content=\"https:\/\/images.novelship.com\/product\/air_jordan_hydro_8_slides__khaki_white__cd2803-200_0_93968.jpeg;https:\/\/images.novelship.com\/product\/air_jordan_hydro_8_slides__khaki_white__cd2803-200_1_93968.jpeg;https:\/\/images.novelship.com\/product\/air_jordan_hydro_8_slides__khaki_white__cd2803-200_2_93968.jpeg;https:\/\/images.novelship.com\/product\/air_jordan_hydro_8_slides__khaki_white__cd2803-200_3_93968.jpeg;https:\/\/images.novelship.com\/product\/air_jordan_hydro_8_slides__khaki_white__cd2803-200_4_93968.jpeg\" \/>\n<meta name=\"twitter:label1\" content=\"Dur\u00e9e de lecture estim\u00e9e\" \/>\n\t<meta name=\"twitter:data1\" content=\"1 minute\" \/>\n<script type=\"application\/ld+json\" class=\"yoast-schema-graph\">{\"@context\":\"https:\/\/schema.org\",\"@graph\":[{\"@type\":\"WebPage\",\"@id\":\"https:\/\/tourcruiser.com\/fr\/products\/air-jordan-hydro-8-slides-khaki-white\/\",\"url\":\"https:\/\/tourcruiser.com\/fr\/products\/air-jordan-hydro-8-slides-khaki-white\/\",\"name\":\"Air Jordan Hydro 8 Slides 'Khaki White' - TOURCRUISER PTE. LTD\",\"isPartOf\":{\"@id\":\"\/#website\"},\"primaryImageOfPage\":{\"@id\":\"https:\/\/tourcruiser.com\/fr\/products\/air-jordan-hydro-8-slides-khaki-white\/#primaryimage\"},\"image\":{\"@id\":\"https:\/\/tourcruiser.com\/fr\/products\/air-jordan-hydro-8-slides-khaki-white\/#primaryimage\"},\"thumbnailUrl\":\"https:\/\/images.novelship.com\/product\/air_jordan_hydro_8_slides__khaki_white__cd2803-200_0_93968.jpeg;https:\/\/images.novelship.com\/product\/air_jordan_hydro_8_slides__khaki_white__cd2803-200_1_93968.jpeg;https:\/\/images.novelship.com\/product\/air_jordan_hydro_8_slides__khaki_white__cd2803-200_2_93968.jpeg;https:\/\/images.novelship.com\/product\/air_jordan_hydro_8_slides__khaki_white__cd2803-200_3_93968.jpeg;https:\/\/images.novelship.com\/product\/air_jordan_hydro_8_slides__khaki_white__cd2803-200_4_93968.jpeg\",\"datePublished\":\"2026-04-16T10:22:13+00:00\",\"dateModified\":\"2026-04-17T16:14:26+00:00\",\"breadcrumb\":{\"@id\":\"https:\/\/tourcruiser.com\/fr\/products\/air-jordan-hydro-8-slides-khaki-white\/#breadcrumb\"},\"inLanguage\":\"fr-FR\",\"potentialAction\":[{\"@type\":\"ReadAction\",\"target\":[\"https:\/\/tourcruiser.com\/fr\/products\/air-jordan-hydro-8-slides-khaki-white\/\"]}]},{\"@type\":\"ImageObject\",\"inLanguage\":\"fr-FR\",\"@id\":\"https:\/\/tourcruiser.com\/fr\/products\/air-jordan-hydro-8-slides-khaki-white\/#primaryimage\",\"url\":\"https:\/\/images.novelship.com\/product\/air_jordan_hydro_8_slides__khaki_white__cd2803-200_0_93968.jpeg;https:\/\/images.novelship.com\/product\/air_jordan_hydro_8_slides__khaki_white__cd2803-200_1_93968.jpeg;https:\/\/images.novelship.com\/product\/air_jordan_hydro_8_slides__khaki_white__cd2803-200_2_93968.jpeg;https:\/\/images.novelship.com\/product\/air_jordan_hydro_8_slides__khaki_white__cd2803-200_3_93968.jpeg;https:\/\/images.novelship.com\/product\/air_jordan_hydro_8_slides__khaki_white__cd2803-200_4_93968.jpeg\",\"contentUrl\":\"https:\/\/images.novelship.com\/product\/air_jordan_hydro_8_slides__khaki_white__cd2803-200_0_93968.jpeg;https:\/\/images.novelship.com\/product\/air_jordan_hydro_8_slides__khaki_white__cd2803-200_1_93968.jpeg;https:\/\/images.novelship.com\/product\/air_jordan_hydro_8_slides__khaki_white__cd2803-200_2_93968.jpeg;https:\/\/images.novelship.com\/product\/air_jordan_hydro_8_slides__khaki_white__cd2803-200_3_93968.jpeg;https:\/\/images.novelship.com\/product\/air_jordan_hydro_8_slides__khaki_white__cd2803-200_4_93968.jpeg\"},{\"@type\":\"BreadcrumbList\",\"@id\":\"https:\/\/tourcruiser.com\/fr\/products\/air-jordan-hydro-8-slides-khaki-white\/#breadcrumb\",\"itemListElement\":[{\"@type\":\"ListItem\",\"position\":1,\"name\":\"Home\",\"item\":\"https:\/\/tourcruiser.com\/fr\/\"},{\"@type\":\"ListItem\",\"position\":2,\"name\":\"Shop\",\"item\":\"https:\/\/tourcruiser.com\/fr\/shop\/\"},{\"@type\":\"ListItem\",\"position\":3,\"name\":\"Air Jordan Hydro 8 Slides &#8216;Khaki White&#8217;\"}]},{\"@type\":\"WebSite\",\"@id\":\"\/#website\",\"url\":\"\/\",\"name\":\"Styloral Jewelry Shop\",\"description\":\"Tourcruiser Sneaker Store \u2014 L\u2019endroit o\u00f9 l\u2019univers rencontre votre singularit\u00e9.\",\"publisher\":{\"@id\":\"\/#organization\"},\"potentialAction\":[{\"@type\":\"SearchAction\",\"target\":{\"@type\":\"EntryPoint\",\"urlTemplate\":\"\/?s={search_term_string}\"},\"query-input\":{\"@type\":\"PropertyValueSpecification\",\"valueRequired\":true,\"valueName\":\"search_term_string\"}}],\"inLanguage\":\"fr-FR\"},{\"@type\":\"Organization\",\"@id\":\"\/#organization\",\"name\":\"STYLORAL PTE. LTD\",\"url\":\"\/\",\"logo\":{\"@type\":\"ImageObject\",\"inLanguage\":\"fr-FR\",\"@id\":\"\/#\/schema\/logo\/image\/\",\"url\":\"https:\/\/www.tourcruiser.com\/wp-content\/uploads\/2025\/12\/logo.png\",\"contentUrl\":\"https:\/\/www.tourcruiser.com\/wp-content\/uploads\/2025\/12\/logo.png\",\"width\":200,\"height\":65,\"caption\":\"STYLORAL PTE. LTD\"},\"image\":{\"@id\":\"\/#\/schema\/logo\/image\/\"}}]}<\/script>\n<!-- \/ Yoast SEO plugin. -->","yoast_head_json":{"title":"Air Jordan Hydro 8 Slides 'Khaki White' - TOURCRUISER PTE. LTD","robots":{"index":"index","follow":"follow","max-snippet":"max-snippet:-1","max-image-preview":"max-image-preview:large","max-video-preview":"max-video-preview:-1"},"canonical":"https:\/\/tourcruiser.com\/fr\/products\/air-jordan-hydro-8-slides-khaki-white\/","og_locale":"fr_FR","og_type":"article","og_title":"Air Jordan Hydro 8 Slides 'Khaki White' - TOURCRUISER PTE. LTD","og_description":"D\u00e9couvrez un confort l\u00e9gendaire avec les claquettes Air Jordan Hydro 8 \u00ab\u00a0Khaki White\u00a0\u00bb. Gr\u00e2ce \u00e0 leur semelle int\u00e9rieure moul\u00e9e et souple et \u00e0 leur bride ajustable, ces claquettes offrent un ajustement personnalis\u00e9 et un amorti exceptionnel. L&rsquo;association de kaki et de blanc cr\u00e9e un look polyvalent, tandis que le logo Jumpman embl\u00e9matique apporte une touche [&hellip;]","og_url":"https:\/\/tourcruiser.com\/fr\/products\/air-jordan-hydro-8-slides-khaki-white\/","og_site_name":"Tourcruiser Sneaker Store","article_modified_time":"2026-04-17T16:14:26+00:00","twitter_card":"summary_large_image","twitter_image":"https:\/\/images.novelship.com\/product\/air_jordan_hydro_8_slides__khaki_white__cd2803-200_0_93968.jpeg;https:\/\/images.novelship.com\/product\/air_jordan_hydro_8_slides__khaki_white__cd2803-200_1_93968.jpeg;https:\/\/images.novelship.com\/product\/air_jordan_hydro_8_slides__khaki_white__cd2803-200_2_93968.jpeg;https:\/\/images.novelship.com\/product\/air_jordan_hydro_8_slides__khaki_white__cd2803-200_3_93968.jpeg;https:\/\/images.novelship.com\/product\/air_jordan_hydro_8_slides__khaki_white__cd2803-200_4_93968.jpeg","twitter_misc":{"Dur\u00e9e de lecture estim\u00e9e":"1 minute"},"schema":{"@context":"https:\/\/schema.org","@graph":[{"@type":"WebPage","@id":"https:\/\/tourcruiser.com\/fr\/products\/air-jordan-hydro-8-slides-khaki-white\/","url":"https:\/\/tourcruiser.com\/fr\/products\/air-jordan-hydro-8-slides-khaki-white\/","name":"Air Jordan Hydro 8 Slides 'Khaki White' - TOURCRUISER PTE. LTD","isPartOf":{"@id":"\/#website"},"primaryImageOfPage":{"@id":"https:\/\/tourcruiser.com\/fr\/products\/air-jordan-hydro-8-slides-khaki-white\/#primaryimage"},"image":{"@id":"https:\/\/tourcruiser.com\/fr\/products\/air-jordan-hydro-8-slides-khaki-white\/#primaryimage"},"thumbnailUrl":"https:\/\/images.novelship.com\/product\/air_jordan_hydro_8_slides__khaki_white__cd2803-200_0_93968.jpeg;https:\/\/images.novelship.com\/product\/air_jordan_hydro_8_slides__khaki_white__cd2803-200_1_93968.jpeg;https:\/\/images.novelship.com\/product\/air_jordan_hydro_8_slides__khaki_white__cd2803-200_2_93968.jpeg;https:\/\/images.novelship.com\/product\/air_jordan_hydro_8_slides__khaki_white__cd2803-200_3_93968.jpeg;https:\/\/images.novelship.com\/product\/air_jordan_hydro_8_slides__khaki_white__cd2803-200_4_93968.jpeg","datePublished":"2026-04-16T10:22:13+00:00","dateModified":"2026-04-17T16:14:26+00:00","breadcrumb":{"@id":"https:\/\/tourcruiser.com\/fr\/products\/air-jordan-hydro-8-slides-khaki-white\/#breadcrumb"},"inLanguage":"fr-FR","potentialAction":[{"@type":"ReadAction","target":["https:\/\/tourcruiser.com\/fr\/products\/air-jordan-hydro-8-slides-khaki-white\/"]}]},{"@type":"ImageObject","inLanguage":"fr-FR","@id":"https:\/\/tourcruiser.com\/fr\/products\/air-jordan-hydro-8-slides-khaki-white\/#primaryimage","url":"https:\/\/images.novelship.com\/product\/air_jordan_hydro_8_slides__khaki_white__cd2803-200_0_93968.jpeg;https:\/\/images.novelship.com\/product\/air_jordan_hydro_8_slides__khaki_white__cd2803-200_1_93968.jpeg;https:\/\/images.novelship.com\/product\/air_jordan_hydro_8_slides__khaki_white__cd2803-200_2_93968.jpeg;https:\/\/images.novelship.com\/product\/air_jordan_hydro_8_slides__khaki_white__cd2803-200_3_93968.jpeg;https:\/\/images.novelship.com\/product\/air_jordan_hydro_8_slides__khaki_white__cd2803-200_4_93968.jpeg","contentUrl":"https:\/\/images.novelship.com\/product\/air_jordan_hydro_8_slides__khaki_white__cd2803-200_0_93968.jpeg;https:\/\/images.novelship.com\/product\/air_jordan_hydro_8_slides__khaki_white__cd2803-200_1_93968.jpeg;https:\/\/images.novelship.com\/product\/air_jordan_hydro_8_slides__khaki_white__cd2803-200_2_93968.jpeg;https:\/\/images.novelship.com\/product\/air_jordan_hydro_8_slides__khaki_white__cd2803-200_3_93968.jpeg;https:\/\/images.novelship.com\/product\/air_jordan_hydro_8_slides__khaki_white__cd2803-200_4_93968.jpeg"},{"@type":"BreadcrumbList","@id":"https:\/\/tourcruiser.com\/fr\/products\/air-jordan-hydro-8-slides-khaki-white\/#breadcrumb","itemListElement":[{"@type":"ListItem","position":1,"name":"Home","item":"https:\/\/tourcruiser.com\/fr\/"},{"@type":"ListItem","position":2,"name":"Shop","item":"https:\/\/tourcruiser.com\/fr\/shop\/"},{"@type":"ListItem","position":3,"name":"Air Jordan Hydro 8 Slides &#8216;Khaki White&#8217;"}]},{"@type":"WebSite","@id":"\/#website","url":"\/","name":"Styloral Jewelry Shop","description":"Tourcruiser Sneaker Store \u2014 L\u2019endroit o\u00f9 l\u2019univers rencontre votre singularit\u00e9.","publisher":{"@id":"\/#organization"},"potentialAction":[{"@type":"SearchAction","target":{"@type":"EntryPoint","urlTemplate":"\/?s={search_term_string}"},"query-input":{"@type":"PropertyValueSpecification","valueRequired":true,"valueName":"search_term_string"}}],"inLanguage":"fr-FR"},{"@type":"Organization","@id":"\/#organization","name":"STYLORAL PTE. LTD","url":"\/","logo":{"@type":"ImageObject","inLanguage":"fr-FR","@id":"\/#\/schema\/logo\/image\/","url":"https:\/\/www.tourcruiser.com\/wp-content\/uploads\/2025\/12\/logo.png","contentUrl":"https:\/\/www.tourcruiser.com\/wp-content\/uploads\/2025\/12\/logo.png","width":200,"height":65,"caption":"STYLORAL PTE. LTD"},"image":{"@id":"\/#\/schema\/logo\/image\/"}}]}},"_links":{"self":[{"href":"https:\/\/tourcruiser.com\/fr\/wp-json\/wp\/v2\/product\/779970","targetHints":{"allow":["GET"]}}],"collection":[{"href":"https:\/\/tourcruiser.com\/fr\/wp-json\/wp\/v2\/product"}],"about":[{"href":"https:\/\/tourcruiser.com\/fr\/wp-json\/wp\/v2\/types\/product"}],"replies":[{"embeddable":true,"href":"https:\/\/tourcruiser.com\/fr\/wp-json\/wp\/v2\/comments?post=779970"}],"wp:featuredmedia":[{"embeddable":true,"href":"https:\/\/tourcruiser.com\/fr\/wp-json\/wp\/v2\/media\/779971"}],"wp:attachment":[{"href":"https:\/\/tourcruiser.com\/fr\/wp-json\/wp\/v2\/media?parent=779970"}],"wp:term":[{"taxonomy":"product_brand","embeddable":true,"href":"https:\/\/tourcruiser.com\/fr\/wp-json\/wp\/v2\/product_brand?post=779970"},{"taxonomy":"product_cat","embeddable":true,"href":"https:\/\/tourcruiser.com\/fr\/wp-json\/wp\/v2\/product_cat?post=779970"},{"taxonomy":"product_tag","embeddable":true,"href":"https:\/\/tourcruiser.com\/fr\/wp-json\/wp\/v2\/product_tag?post=779970"}],"curies":[{"name":"wp","href":"https:\/\/api.w.org\/{rel}","templated":true}]}}