{"id":779938,"date":"2026-04-16T17:22:10","date_gmt":"2026-04-16T10:22:10","guid":{"rendered":"http:\/\/tourcruiser.com\/product\/air-jordan-hydro-3-retro-slide-black-red-grey"},"modified":"2026-04-17T23:14:25","modified_gmt":"2026-04-17T16:14:25","slug":"air-jordan-hydro-3-retro-slide-black-red-grey","status":"publish","type":"product","link":"https:\/\/tourcruiser.com\/fr\/products\/air-jordan-hydro-3-retro-slide-black-red-grey\/","title":{"rendered":"Air Jordan Hydro 3 Retro Slide &lsquo;Black Red Grey&rsquo;"},"content":{"rendered":"<p>D\u00e9couvrez le confort et le style avec la sandale Air Jordan Hydro 3 Retro Slide \u00ab\u00a0Noir Rouge Gris\u00a0\u00bb 854556-003. Avec sa base noire \u00e9l\u00e9gante, ses touches de rouge \u00e9clatant et ses subtiles nuances de gris, cette sandale allie \u00e0 la perfection luxe et fonctionnalit\u00e9. La bride ajustable assure un maintien personnalis\u00e9, tandis que l&rsquo;amorti Solarsoft offre un confort exceptionnel tout au long de la journ\u00e9e. Id\u00e9ales pour se d\u00e9tendre apr\u00e8s une s\u00e9ance de sport ou au quotidien, ces sandales Jordan embl\u00e9matiques rehausseront votre style.<\/p>\n<p>Coloris\u00a0: Noir\/Rouge Universitaire\/Gris Ciment<\/p>\n<p>R\u00e9f\u00e9rence\u00a0: 854556-003<\/p>\n<p>Couleur\u00a0: Noir<\/p>\n<p>Saison\u00a0: Printemps\/\u00c9t\u00e9\/Automne<\/p>\n<p>\u00c2ge\u00a0: Adulte<\/p>\n<p>Couleur\u00a0: Noir<\/p>\n<p>Genre\u00a0: Homme<\/p>\n","protected":false},"excerpt":{"rendered":"<p>D\u00e9couvrez le confort et le style avec la sandale Air Jordan Hydro 3 Retro Slide \u00ab\u00a0Noir Rouge Gris\u00a0\u00bb 854556-003. Avec sa base noire \u00e9l\u00e9gante, ses touches de rouge \u00e9clatant et ses subtiles nuances de gris, cette sandale allie \u00e0 la perfection luxe et fonctionnalit\u00e9. La bride ajustable assure un maintien personnalis\u00e9, tandis que l&rsquo;amorti Solarsoft [&hellip;]<\/p>\n","protected":false},"featured_media":779939,"comment_status":"open","ping_status":"closed","template":"","meta":[],"product_brand":[],"product_cat":[38880],"product_tag":[10864,10753,10776,39035,10808],"class_list":{"0":"post-779938","1":"product","2":"type-product","3":"status-publish","4":"has-post-thumbnail","6":"product_cat-jordan","7":"product_tag-casual-sandals","8":"product_tag-gift-for-him","9":"product_tag-jordan","10":"product_tag-lifestyle-leisure-shoes","11":"product_tag-slides","13":"first","14":"instock","15":"taxable","16":"shipping-taxable","17":"purchasable","18":"product-type-simple"},"wcpa_form_fields":null,"yoast_head":"<!-- This site is optimized with the Yoast SEO plugin v26.5 - https:\/\/yoast.com\/wordpress\/plugins\/seo\/ -->\n<title>Air Jordan Hydro 3 Retro Slide &#039;Black Red Grey&#039; - TOURCRUISER PTE. LTD<\/title>\n<meta name=\"robots\" content=\"index, follow, max-snippet:-1, max-image-preview:large, max-video-preview:-1\" \/>\n<link rel=\"canonical\" href=\"https:\/\/tourcruiser.com\/fr\/products\/air-jordan-hydro-3-retro-slide-black-red-grey\/\" \/>\n<meta property=\"og:locale\" content=\"fr_FR\" \/>\n<meta property=\"og:type\" content=\"article\" \/>\n<meta property=\"og:title\" content=\"Air Jordan Hydro 3 Retro Slide &#039;Black Red Grey&#039; - TOURCRUISER PTE. LTD\" \/>\n<meta property=\"og:description\" content=\"D\u00e9couvrez le confort et le style avec la sandale Air Jordan Hydro 3 Retro Slide \u00ab\u00a0Noir Rouge Gris\u00a0\u00bb 854556-003. Avec sa base noire \u00e9l\u00e9gante, ses touches de rouge \u00e9clatant et ses subtiles nuances de gris, cette sandale allie \u00e0 la perfection luxe et fonctionnalit\u00e9. La bride ajustable assure un maintien personnalis\u00e9, tandis que l&rsquo;amorti Solarsoft [&hellip;]\" \/>\n<meta property=\"og:url\" content=\"https:\/\/tourcruiser.com\/fr\/products\/air-jordan-hydro-3-retro-slide-black-red-grey\/\" \/>\n<meta property=\"og:site_name\" content=\"Tourcruiser Sneaker Store\" \/>\n<meta property=\"article:modified_time\" content=\"2026-04-17T16:14:25+00:00\" \/>\n<meta name=\"twitter:card\" content=\"summary_large_image\" \/>\n<meta name=\"twitter:image\" content=\"https:\/\/images.novelship.com\/product\/air_jordan_hydro_3_retro_slide__black_red_grey__85_0_65072.jpeg;https:\/\/images.novelship.com\/product\/air_jordan_hydro_3_retro_slide__black_red_grey__85_1_65072.jpeg;https:\/\/images.novelship.com\/product\/air_jordan_hydro_3_retro_slide__black_red_grey__85_2_65072.jpeg;https:\/\/images.novelship.com\/product\/air_jordan_hydro_3_retro_slide__black_red_grey__85_3_65072.jpeg;https:\/\/images.novelship.com\/product\/air_jordan_hydro_3_retro_slide__black_red_grey__85_4_65072.jpeg\" \/>\n<meta name=\"twitter:label1\" content=\"Dur\u00e9e de lecture estim\u00e9e\" \/>\n\t<meta name=\"twitter:data1\" content=\"1 minute\" \/>\n<script type=\"application\/ld+json\" class=\"yoast-schema-graph\">{\"@context\":\"https:\/\/schema.org\",\"@graph\":[{\"@type\":\"WebPage\",\"@id\":\"https:\/\/tourcruiser.com\/fr\/products\/air-jordan-hydro-3-retro-slide-black-red-grey\/\",\"url\":\"https:\/\/tourcruiser.com\/fr\/products\/air-jordan-hydro-3-retro-slide-black-red-grey\/\",\"name\":\"Air Jordan Hydro 3 Retro Slide 'Black Red Grey' - TOURCRUISER PTE. LTD\",\"isPartOf\":{\"@id\":\"\/#website\"},\"primaryImageOfPage\":{\"@id\":\"https:\/\/tourcruiser.com\/fr\/products\/air-jordan-hydro-3-retro-slide-black-red-grey\/#primaryimage\"},\"image\":{\"@id\":\"https:\/\/tourcruiser.com\/fr\/products\/air-jordan-hydro-3-retro-slide-black-red-grey\/#primaryimage\"},\"thumbnailUrl\":\"https:\/\/images.novelship.com\/product\/air_jordan_hydro_3_retro_slide__black_red_grey__85_0_65072.jpeg;https:\/\/images.novelship.com\/product\/air_jordan_hydro_3_retro_slide__black_red_grey__85_1_65072.jpeg;https:\/\/images.novelship.com\/product\/air_jordan_hydro_3_retro_slide__black_red_grey__85_2_65072.jpeg;https:\/\/images.novelship.com\/product\/air_jordan_hydro_3_retro_slide__black_red_grey__85_3_65072.jpeg;https:\/\/images.novelship.com\/product\/air_jordan_hydro_3_retro_slide__black_red_grey__85_4_65072.jpeg\",\"datePublished\":\"2026-04-16T10:22:10+00:00\",\"dateModified\":\"2026-04-17T16:14:25+00:00\",\"breadcrumb\":{\"@id\":\"https:\/\/tourcruiser.com\/fr\/products\/air-jordan-hydro-3-retro-slide-black-red-grey\/#breadcrumb\"},\"inLanguage\":\"fr-FR\",\"potentialAction\":[{\"@type\":\"ReadAction\",\"target\":[\"https:\/\/tourcruiser.com\/fr\/products\/air-jordan-hydro-3-retro-slide-black-red-grey\/\"]}]},{\"@type\":\"ImageObject\",\"inLanguage\":\"fr-FR\",\"@id\":\"https:\/\/tourcruiser.com\/fr\/products\/air-jordan-hydro-3-retro-slide-black-red-grey\/#primaryimage\",\"url\":\"https:\/\/images.novelship.com\/product\/air_jordan_hydro_3_retro_slide__black_red_grey__85_0_65072.jpeg;https:\/\/images.novelship.com\/product\/air_jordan_hydro_3_retro_slide__black_red_grey__85_1_65072.jpeg;https:\/\/images.novelship.com\/product\/air_jordan_hydro_3_retro_slide__black_red_grey__85_2_65072.jpeg;https:\/\/images.novelship.com\/product\/air_jordan_hydro_3_retro_slide__black_red_grey__85_3_65072.jpeg;https:\/\/images.novelship.com\/product\/air_jordan_hydro_3_retro_slide__black_red_grey__85_4_65072.jpeg\",\"contentUrl\":\"https:\/\/images.novelship.com\/product\/air_jordan_hydro_3_retro_slide__black_red_grey__85_0_65072.jpeg;https:\/\/images.novelship.com\/product\/air_jordan_hydro_3_retro_slide__black_red_grey__85_1_65072.jpeg;https:\/\/images.novelship.com\/product\/air_jordan_hydro_3_retro_slide__black_red_grey__85_2_65072.jpeg;https:\/\/images.novelship.com\/product\/air_jordan_hydro_3_retro_slide__black_red_grey__85_3_65072.jpeg;https:\/\/images.novelship.com\/product\/air_jordan_hydro_3_retro_slide__black_red_grey__85_4_65072.jpeg\"},{\"@type\":\"BreadcrumbList\",\"@id\":\"https:\/\/tourcruiser.com\/fr\/products\/air-jordan-hydro-3-retro-slide-black-red-grey\/#breadcrumb\",\"itemListElement\":[{\"@type\":\"ListItem\",\"position\":1,\"name\":\"Home\",\"item\":\"https:\/\/tourcruiser.com\/fr\/\"},{\"@type\":\"ListItem\",\"position\":2,\"name\":\"Shop\",\"item\":\"https:\/\/tourcruiser.com\/fr\/shop\/\"},{\"@type\":\"ListItem\",\"position\":3,\"name\":\"Air Jordan Hydro 3 Retro Slide &#8216;Black Red Grey&#8217;\"}]},{\"@type\":\"WebSite\",\"@id\":\"\/#website\",\"url\":\"\/\",\"name\":\"Styloral Jewelry Shop\",\"description\":\"Tourcruiser Sneaker Store \u2014 L\u2019endroit o\u00f9 l\u2019univers rencontre votre singularit\u00e9.\",\"publisher\":{\"@id\":\"\/#organization\"},\"potentialAction\":[{\"@type\":\"SearchAction\",\"target\":{\"@type\":\"EntryPoint\",\"urlTemplate\":\"\/?s={search_term_string}\"},\"query-input\":{\"@type\":\"PropertyValueSpecification\",\"valueRequired\":true,\"valueName\":\"search_term_string\"}}],\"inLanguage\":\"fr-FR\"},{\"@type\":\"Organization\",\"@id\":\"\/#organization\",\"name\":\"STYLORAL PTE. LTD\",\"url\":\"\/\",\"logo\":{\"@type\":\"ImageObject\",\"inLanguage\":\"fr-FR\",\"@id\":\"\/#\/schema\/logo\/image\/\",\"url\":\"https:\/\/www.tourcruiser.com\/wp-content\/uploads\/2025\/12\/logo.png\",\"contentUrl\":\"https:\/\/www.tourcruiser.com\/wp-content\/uploads\/2025\/12\/logo.png\",\"width\":200,\"height\":65,\"caption\":\"STYLORAL PTE. LTD\"},\"image\":{\"@id\":\"\/#\/schema\/logo\/image\/\"}}]}<\/script>\n<!-- \/ Yoast SEO plugin. -->","yoast_head_json":{"title":"Air Jordan Hydro 3 Retro Slide 'Black Red Grey' - TOURCRUISER PTE. LTD","robots":{"index":"index","follow":"follow","max-snippet":"max-snippet:-1","max-image-preview":"max-image-preview:large","max-video-preview":"max-video-preview:-1"},"canonical":"https:\/\/tourcruiser.com\/fr\/products\/air-jordan-hydro-3-retro-slide-black-red-grey\/","og_locale":"fr_FR","og_type":"article","og_title":"Air Jordan Hydro 3 Retro Slide 'Black Red Grey' - TOURCRUISER PTE. LTD","og_description":"D\u00e9couvrez le confort et le style avec la sandale Air Jordan Hydro 3 Retro Slide \u00ab\u00a0Noir Rouge Gris\u00a0\u00bb 854556-003. Avec sa base noire \u00e9l\u00e9gante, ses touches de rouge \u00e9clatant et ses subtiles nuances de gris, cette sandale allie \u00e0 la perfection luxe et fonctionnalit\u00e9. La bride ajustable assure un maintien personnalis\u00e9, tandis que l&rsquo;amorti Solarsoft [&hellip;]","og_url":"https:\/\/tourcruiser.com\/fr\/products\/air-jordan-hydro-3-retro-slide-black-red-grey\/","og_site_name":"Tourcruiser Sneaker Store","article_modified_time":"2026-04-17T16:14:25+00:00","twitter_card":"summary_large_image","twitter_image":"https:\/\/images.novelship.com\/product\/air_jordan_hydro_3_retro_slide__black_red_grey__85_0_65072.jpeg;https:\/\/images.novelship.com\/product\/air_jordan_hydro_3_retro_slide__black_red_grey__85_1_65072.jpeg;https:\/\/images.novelship.com\/product\/air_jordan_hydro_3_retro_slide__black_red_grey__85_2_65072.jpeg;https:\/\/images.novelship.com\/product\/air_jordan_hydro_3_retro_slide__black_red_grey__85_3_65072.jpeg;https:\/\/images.novelship.com\/product\/air_jordan_hydro_3_retro_slide__black_red_grey__85_4_65072.jpeg","twitter_misc":{"Dur\u00e9e de lecture estim\u00e9e":"1 minute"},"schema":{"@context":"https:\/\/schema.org","@graph":[{"@type":"WebPage","@id":"https:\/\/tourcruiser.com\/fr\/products\/air-jordan-hydro-3-retro-slide-black-red-grey\/","url":"https:\/\/tourcruiser.com\/fr\/products\/air-jordan-hydro-3-retro-slide-black-red-grey\/","name":"Air Jordan Hydro 3 Retro Slide 'Black Red Grey' - TOURCRUISER PTE. LTD","isPartOf":{"@id":"\/#website"},"primaryImageOfPage":{"@id":"https:\/\/tourcruiser.com\/fr\/products\/air-jordan-hydro-3-retro-slide-black-red-grey\/#primaryimage"},"image":{"@id":"https:\/\/tourcruiser.com\/fr\/products\/air-jordan-hydro-3-retro-slide-black-red-grey\/#primaryimage"},"thumbnailUrl":"https:\/\/images.novelship.com\/product\/air_jordan_hydro_3_retro_slide__black_red_grey__85_0_65072.jpeg;https:\/\/images.novelship.com\/product\/air_jordan_hydro_3_retro_slide__black_red_grey__85_1_65072.jpeg;https:\/\/images.novelship.com\/product\/air_jordan_hydro_3_retro_slide__black_red_grey__85_2_65072.jpeg;https:\/\/images.novelship.com\/product\/air_jordan_hydro_3_retro_slide__black_red_grey__85_3_65072.jpeg;https:\/\/images.novelship.com\/product\/air_jordan_hydro_3_retro_slide__black_red_grey__85_4_65072.jpeg","datePublished":"2026-04-16T10:22:10+00:00","dateModified":"2026-04-17T16:14:25+00:00","breadcrumb":{"@id":"https:\/\/tourcruiser.com\/fr\/products\/air-jordan-hydro-3-retro-slide-black-red-grey\/#breadcrumb"},"inLanguage":"fr-FR","potentialAction":[{"@type":"ReadAction","target":["https:\/\/tourcruiser.com\/fr\/products\/air-jordan-hydro-3-retro-slide-black-red-grey\/"]}]},{"@type":"ImageObject","inLanguage":"fr-FR","@id":"https:\/\/tourcruiser.com\/fr\/products\/air-jordan-hydro-3-retro-slide-black-red-grey\/#primaryimage","url":"https:\/\/images.novelship.com\/product\/air_jordan_hydro_3_retro_slide__black_red_grey__85_0_65072.jpeg;https:\/\/images.novelship.com\/product\/air_jordan_hydro_3_retro_slide__black_red_grey__85_1_65072.jpeg;https:\/\/images.novelship.com\/product\/air_jordan_hydro_3_retro_slide__black_red_grey__85_2_65072.jpeg;https:\/\/images.novelship.com\/product\/air_jordan_hydro_3_retro_slide__black_red_grey__85_3_65072.jpeg;https:\/\/images.novelship.com\/product\/air_jordan_hydro_3_retro_slide__black_red_grey__85_4_65072.jpeg","contentUrl":"https:\/\/images.novelship.com\/product\/air_jordan_hydro_3_retro_slide__black_red_grey__85_0_65072.jpeg;https:\/\/images.novelship.com\/product\/air_jordan_hydro_3_retro_slide__black_red_grey__85_1_65072.jpeg;https:\/\/images.novelship.com\/product\/air_jordan_hydro_3_retro_slide__black_red_grey__85_2_65072.jpeg;https:\/\/images.novelship.com\/product\/air_jordan_hydro_3_retro_slide__black_red_grey__85_3_65072.jpeg;https:\/\/images.novelship.com\/product\/air_jordan_hydro_3_retro_slide__black_red_grey__85_4_65072.jpeg"},{"@type":"BreadcrumbList","@id":"https:\/\/tourcruiser.com\/fr\/products\/air-jordan-hydro-3-retro-slide-black-red-grey\/#breadcrumb","itemListElement":[{"@type":"ListItem","position":1,"name":"Home","item":"https:\/\/tourcruiser.com\/fr\/"},{"@type":"ListItem","position":2,"name":"Shop","item":"https:\/\/tourcruiser.com\/fr\/shop\/"},{"@type":"ListItem","position":3,"name":"Air Jordan Hydro 3 Retro Slide &#8216;Black Red Grey&#8217;"}]},{"@type":"WebSite","@id":"\/#website","url":"\/","name":"Styloral Jewelry Shop","description":"Tourcruiser Sneaker Store \u2014 L\u2019endroit o\u00f9 l\u2019univers rencontre votre singularit\u00e9.","publisher":{"@id":"\/#organization"},"potentialAction":[{"@type":"SearchAction","target":{"@type":"EntryPoint","urlTemplate":"\/?s={search_term_string}"},"query-input":{"@type":"PropertyValueSpecification","valueRequired":true,"valueName":"search_term_string"}}],"inLanguage":"fr-FR"},{"@type":"Organization","@id":"\/#organization","name":"STYLORAL PTE. LTD","url":"\/","logo":{"@type":"ImageObject","inLanguage":"fr-FR","@id":"\/#\/schema\/logo\/image\/","url":"https:\/\/www.tourcruiser.com\/wp-content\/uploads\/2025\/12\/logo.png","contentUrl":"https:\/\/www.tourcruiser.com\/wp-content\/uploads\/2025\/12\/logo.png","width":200,"height":65,"caption":"STYLORAL PTE. LTD"},"image":{"@id":"\/#\/schema\/logo\/image\/"}}]}},"_links":{"self":[{"href":"https:\/\/tourcruiser.com\/fr\/wp-json\/wp\/v2\/product\/779938","targetHints":{"allow":["GET"]}}],"collection":[{"href":"https:\/\/tourcruiser.com\/fr\/wp-json\/wp\/v2\/product"}],"about":[{"href":"https:\/\/tourcruiser.com\/fr\/wp-json\/wp\/v2\/types\/product"}],"replies":[{"embeddable":true,"href":"https:\/\/tourcruiser.com\/fr\/wp-json\/wp\/v2\/comments?post=779938"}],"wp:featuredmedia":[{"embeddable":true,"href":"https:\/\/tourcruiser.com\/fr\/wp-json\/wp\/v2\/media\/779939"}],"wp:attachment":[{"href":"https:\/\/tourcruiser.com\/fr\/wp-json\/wp\/v2\/media?parent=779938"}],"wp:term":[{"taxonomy":"product_brand","embeddable":true,"href":"https:\/\/tourcruiser.com\/fr\/wp-json\/wp\/v2\/product_brand?post=779938"},{"taxonomy":"product_cat","embeddable":true,"href":"https:\/\/tourcruiser.com\/fr\/wp-json\/wp\/v2\/product_cat?post=779938"},{"taxonomy":"product_tag","embeddable":true,"href":"https:\/\/tourcruiser.com\/fr\/wp-json\/wp\/v2\/product_tag?post=779938"}],"curies":[{"name":"wp","href":"https:\/\/api.w.org\/{rel}","templated":true}]}}