{"id":779480,"date":"2026-04-16T17:21:26","date_gmt":"2026-04-16T10:21:26","guid":{"rendered":"http:\/\/tourcruiser.com\/product\/nike-air-max-90-slide-black"},"modified":"2026-04-17T23:14:23","modified_gmt":"2026-04-17T16:14:23","slug":"nike-air-max-90-slide-black","status":"publish","type":"product","link":"https:\/\/tourcruiser.com\/fr\/products\/nike-air-max-90-slide-black\/","title":{"rendered":"Nike Air Max 90 Slide &lsquo;Black&rsquo;"},"content":{"rendered":"<p>D\u00e9couvrez la claquette Nike Air Max 90 noire. Cette \u00e9l\u00e9gante claquette est sign\u00e9e Nike, la c\u00e9l\u00e8bre marque reconnue pour sa qualit\u00e9 et son confort. Son coloris enti\u00e8rement noir apporte une touche moderne et raffin\u00e9e \u00e0 toutes vos tenues. La claquette Nike Air Max 90 noire allie style et confort \u00e0 la perfection.<\/p>\n<p>&#8230; \u00c2ge\u00a0: Adultes<br \/>\nCouleur\u00a0: Noir<br \/>\nGenre\u00a0: Homme<\/p>\n","protected":false},"excerpt":{"rendered":"<p>D\u00e9couvrez la claquette Nike Air Max 90 noire. Cette \u00e9l\u00e9gante claquette est sign\u00e9e Nike, la c\u00e9l\u00e8bre marque reconnue pour sa qualit\u00e9 et son confort. Son coloris enti\u00e8rement noir apporte une touche moderne et raffin\u00e9e \u00e0 toutes vos tenues. La claquette Nike Air Max 90 noire allie style et confort \u00e0 la perfection. &#8230; \u00c2ge\u00a0: Adultes [&hellip;]<\/p>\n","protected":false},"featured_media":779481,"comment_status":"open","ping_status":"closed","template":"","meta":[],"product_brand":[],"product_cat":[10803],"product_tag":[10800,38839,10754,10801,38846,10808],"class_list":{"0":"post-779480","1":"product","2":"type-product","3":"status-publish","4":"has-post-thumbnail","6":"product_cat-nike","7":"product_tag-basketball-shoes","8":"product_tag-basketball-shoes-with-ankle-support","9":"product_tag-lifestyle-casual-shoes","10":"product_tag-nike","11":"product_tag-performance-sports-shoes","12":"product_tag-slides","13":"wcpa_has_options","15":"first","16":"instock","17":"taxable","18":"shipping-taxable","19":"purchasable","20":"product-type-simple"},"wcpa_form_fields":{"rules":{"pric_overide_base_price":false,"pric_overide_base_price_if_gt_zero":false,"pric_overide_base_price_fully":false,"pric_cal_option_once":false,"pric_use_as_fee":false,"bind_quantity":false,"quantity_bind_formula":false},"fields":[{"type":"color-group","required":true,"elementId":"wcpa-color-group-66c4a75505e74","label":"Taille","inline":true,"priceOptions":"different_for_all","pricingType":"fixed","className":"hassizechart product-shoes-size-eu product-shoes-size","name":"color-group-66c4a75505e89","disp_type":"square","selection_type":"tick-border","disp_size":"44","show_label_inside":true,"adjust_width":true,"cart_display_type":"text","other_text":"Other","cl_rule":"show","col":6,"values":[{"label":"35.5","value":"EU 35.5","price":"","pimage":"","pimage_id":"","pthumb":"","color":""},{"label":"36","value":"EU 36","price":"","pimage":"","pimage_id":"","pthumb":"","color":"","selected":true},{"label":"36.5","value":"EU 36.5","price":"","pimage":"","pimage_id":"","pthumb":"","color":""},{"label":"37.5","value":"EU 37.5","price":"","pimage":"","pimage_id":"","pthumb":"","color":""},{"label":"38","value":"EU 38","price":"","pimage":"","pimage_id":"","pthumb":"","color":""},{"label":"38.5","value":"EU 38.5","price":"","pimage":"","pimage_id":"","pthumb":"","color":""},{"label":"39","value":"EU 39","price":"","pimage":"","pimage_id":"","pthumb":"","color":""},{"label":"40","value":"EU 40","price":"","pimage":"","pimage_id":"","pthumb":"","color":""},{"label":"40.5","value":"EU 40.5","price":"","pimage":"","pimage_id":"","pthumb":"","color":""},{"label":"41","value":"EU 41","price":"","pimage":"","pimage_id":"","pthumb":"","color":""},{"label":"42","value":"EU 42","price":"","pimage":"","pimage_id":"","pthumb":"","color":""},{"label":"42.5","value":"EU 42.5","price":"","pimage":"","pimage_id":"","pthumb":"","color":""},{"label":"43","value":"EU 43","price":"","pimage":"","pimage_id":"","pthumb":"","color":""},{"label":"44","value":"EU 44","price":"","pimage":"","pimage_id":"","pthumb":"","color":""},{"label":"44.5","value":"EU 44.5","price":"","pimage":"","pimage_id":"","pthumb":"","color":""},{"label":"45","value":"EU 45","price":"","pimage":"","pimage_id":"","pthumb":"","color":""},{"label":"45.5","value":"EU 45.5","price":"","pimage":"","pimage_id":"","pthumb":"","color":""},{"label":"46","value":"EU 46","price":"","pimage":"","pimage_id":"","pthumb":"","color":""},{"label":"47","value":"EU 47","price":"","pimage":"","pimage_id":"","pthumb":"","color":""},{"label":"47.5","value":"EU 47.5","price":"","pimage":"","pimage_id":"","pthumb":"","color":""},{"label":"48","value":"EU 48","price":"","pimage":"","pimage_id":"","pthumb":"","color":""}],"relations":[{"operator":false,"rules":[]}],"form_id":18106,"form_rules":{"pric_cal_option_once":false,"exclude_from_discount":false,"pric_use_as_fee":false,"fee_label":"Fee","render_after_acb":false,"disp_hide_options_price":false}}]},"yoast_head":"<!-- This site is optimized with the Yoast SEO plugin v26.5 - https:\/\/yoast.com\/wordpress\/plugins\/seo\/ -->\n<title>Nike Air Max 90 Slide &#039;Black&#039; - TOURCRUISER PTE. LTD<\/title>\n<meta name=\"robots\" content=\"index, follow, max-snippet:-1, max-image-preview:large, max-video-preview:-1\" \/>\n<link rel=\"canonical\" href=\"https:\/\/tourcruiser.com\/fr\/products\/nike-air-max-90-slide-black\/\" \/>\n<meta property=\"og:locale\" content=\"fr_FR\" \/>\n<meta property=\"og:type\" content=\"article\" \/>\n<meta property=\"og:title\" content=\"Nike Air Max 90 Slide &#039;Black&#039; - TOURCRUISER PTE. LTD\" \/>\n<meta property=\"og:description\" content=\"D\u00e9couvrez la claquette Nike Air Max 90 noire. Cette \u00e9l\u00e9gante claquette est sign\u00e9e Nike, la c\u00e9l\u00e8bre marque reconnue pour sa qualit\u00e9 et son confort. Son coloris enti\u00e8rement noir apporte une touche moderne et raffin\u00e9e \u00e0 toutes vos tenues. La claquette Nike Air Max 90 noire allie style et confort \u00e0 la perfection. &#8230; \u00c2ge\u00a0: Adultes [&hellip;]\" \/>\n<meta property=\"og:url\" content=\"https:\/\/tourcruiser.com\/fr\/products\/nike-air-max-90-slide-black\/\" \/>\n<meta property=\"og:site_name\" content=\"Tourcruiser Sneaker Store\" \/>\n<meta property=\"article:modified_time\" content=\"2026-04-17T16:14:23+00:00\" \/>\n<meta name=\"twitter:card\" content=\"summary_large_image\" \/>\n<meta name=\"twitter:image\" content=\"https:\/\/images.novelship.com\/product\/nike_air_max_90_slide__black__bq4635_002_0_57369.jpeg;https:\/\/images.novelship.com\/product\/nike_air_max_90_slide__black__bq4635_002_1_57369.jpeg;https:\/\/images.novelship.com\/product\/nike_air_max_90_slide__black__bq4635_002_2_57369.jpeg;https:\/\/images.novelship.com\/product\/nike_air_max_90_slide__black__bq4635_002_3_57369.jpeg;https:\/\/images.novelship.com\/product\/nike_air_max_90_slide__black__bq4635_002_4_57370.jpeg;https:\/\/images.novelship.com\/product\/nike_air_max_90_slide__black__bq4635_002_5_57370.jpeg;https:\/\/images.novelship.com\/product\/nike_air_max_90_slide__black__bq4635_002_6_57370.jpeg;https:\/\/images.novelship.com\/product\/nike_air_max_90_slide__black__bq4635_002_7_57370.jpeg\" \/>\n<script type=\"application\/ld+json\" class=\"yoast-schema-graph\">{\"@context\":\"https:\/\/schema.org\",\"@graph\":[{\"@type\":\"WebPage\",\"@id\":\"https:\/\/tourcruiser.com\/fr\/products\/nike-air-max-90-slide-black\/\",\"url\":\"https:\/\/tourcruiser.com\/fr\/products\/nike-air-max-90-slide-black\/\",\"name\":\"Nike Air Max 90 Slide 'Black' - TOURCRUISER PTE. LTD\",\"isPartOf\":{\"@id\":\"https:\/\/tourcruiser.com\/fr\/#website\"},\"primaryImageOfPage\":{\"@id\":\"https:\/\/tourcruiser.com\/fr\/products\/nike-air-max-90-slide-black\/#primaryimage\"},\"image\":{\"@id\":\"https:\/\/tourcruiser.com\/fr\/products\/nike-air-max-90-slide-black\/#primaryimage\"},\"thumbnailUrl\":\"https:\/\/images.novelship.com\/product\/nike_air_max_90_slide__black__bq4635_002_0_57369.jpeg;https:\/\/images.novelship.com\/product\/nike_air_max_90_slide__black__bq4635_002_1_57369.jpeg;https:\/\/images.novelship.com\/product\/nike_air_max_90_slide__black__bq4635_002_2_57369.jpeg;https:\/\/images.novelship.com\/product\/nike_air_max_90_slide__black__bq4635_002_3_57369.jpeg;https:\/\/images.novelship.com\/product\/nike_air_max_90_slide__black__bq4635_002_4_57370.jpeg;https:\/\/images.novelship.com\/product\/nike_air_max_90_slide__black__bq4635_002_5_57370.jpeg;https:\/\/images.novelship.com\/product\/nike_air_max_90_slide__black__bq4635_002_6_57370.jpeg;https:\/\/images.novelship.com\/product\/nike_air_max_90_slide__black__bq4635_002_7_57370.jpeg\",\"datePublished\":\"2026-04-16T10:21:26+00:00\",\"dateModified\":\"2026-04-17T16:14:23+00:00\",\"breadcrumb\":{\"@id\":\"https:\/\/tourcruiser.com\/fr\/products\/nike-air-max-90-slide-black\/#breadcrumb\"},\"inLanguage\":\"fr-FR\",\"potentialAction\":[{\"@type\":\"ReadAction\",\"target\":[\"https:\/\/tourcruiser.com\/fr\/products\/nike-air-max-90-slide-black\/\"]}]},{\"@type\":\"ImageObject\",\"inLanguage\":\"fr-FR\",\"@id\":\"https:\/\/tourcruiser.com\/fr\/products\/nike-air-max-90-slide-black\/#primaryimage\",\"url\":\"https:\/\/images.novelship.com\/product\/nike_air_max_90_slide__black__bq4635_002_0_57369.jpeg;https:\/\/images.novelship.com\/product\/nike_air_max_90_slide__black__bq4635_002_1_57369.jpeg;https:\/\/images.novelship.com\/product\/nike_air_max_90_slide__black__bq4635_002_2_57369.jpeg;https:\/\/images.novelship.com\/product\/nike_air_max_90_slide__black__bq4635_002_3_57369.jpeg;https:\/\/images.novelship.com\/product\/nike_air_max_90_slide__black__bq4635_002_4_57370.jpeg;https:\/\/images.novelship.com\/product\/nike_air_max_90_slide__black__bq4635_002_5_57370.jpeg;https:\/\/images.novelship.com\/product\/nike_air_max_90_slide__black__bq4635_002_6_57370.jpeg;https:\/\/images.novelship.com\/product\/nike_air_max_90_slide__black__bq4635_002_7_57370.jpeg\",\"contentUrl\":\"https:\/\/images.novelship.com\/product\/nike_air_max_90_slide__black__bq4635_002_0_57369.jpeg;https:\/\/images.novelship.com\/product\/nike_air_max_90_slide__black__bq4635_002_1_57369.jpeg;https:\/\/images.novelship.com\/product\/nike_air_max_90_slide__black__bq4635_002_2_57369.jpeg;https:\/\/images.novelship.com\/product\/nike_air_max_90_slide__black__bq4635_002_3_57369.jpeg;https:\/\/images.novelship.com\/product\/nike_air_max_90_slide__black__bq4635_002_4_57370.jpeg;https:\/\/images.novelship.com\/product\/nike_air_max_90_slide__black__bq4635_002_5_57370.jpeg;https:\/\/images.novelship.com\/product\/nike_air_max_90_slide__black__bq4635_002_6_57370.jpeg;https:\/\/images.novelship.com\/product\/nike_air_max_90_slide__black__bq4635_002_7_57370.jpeg\"},{\"@type\":\"BreadcrumbList\",\"@id\":\"https:\/\/tourcruiser.com\/fr\/products\/nike-air-max-90-slide-black\/#breadcrumb\",\"itemListElement\":[{\"@type\":\"ListItem\",\"position\":1,\"name\":\"Home\",\"item\":\"https:\/\/tourcruiser.com\/fr\/\"},{\"@type\":\"ListItem\",\"position\":2,\"name\":\"Shop\",\"item\":\"https:\/\/tourcruiser.com\/fr\/shop\/\"},{\"@type\":\"ListItem\",\"position\":3,\"name\":\"Nike Air Max 90 Slide &#8216;Black&#8217;\"}]},{\"@type\":\"WebSite\",\"@id\":\"https:\/\/tourcruiser.com\/fr\/#website\",\"url\":\"https:\/\/tourcruiser.com\/fr\/\",\"name\":\"Styloral Jewelry Shop\",\"description\":\"Tourcruiser Sneaker Store \u2014 L\u2019endroit o\u00f9 l\u2019univers rencontre votre singularit\u00e9.\",\"publisher\":{\"@id\":\"https:\/\/tourcruiser.com\/fr\/#organization\"},\"potentialAction\":[{\"@type\":\"SearchAction\",\"target\":{\"@type\":\"EntryPoint\",\"urlTemplate\":\"https:\/\/tourcruiser.com\/fr\/?s={search_term_string}\"},\"query-input\":{\"@type\":\"PropertyValueSpecification\",\"valueRequired\":true,\"valueName\":\"search_term_string\"}}],\"inLanguage\":\"fr-FR\"},{\"@type\":\"Organization\",\"@id\":\"https:\/\/tourcruiser.com\/fr\/#organization\",\"name\":\"STYLORAL PTE. LTD\",\"url\":\"https:\/\/tourcruiser.com\/fr\/\",\"logo\":{\"@type\":\"ImageObject\",\"inLanguage\":\"fr-FR\",\"@id\":\"https:\/\/tourcruiser.com\/fr\/#\/schema\/logo\/image\/\",\"url\":\"https:\/\/www.tourcruiser.com\/wp-content\/uploads\/2025\/12\/logo.png\",\"contentUrl\":\"https:\/\/www.tourcruiser.com\/wp-content\/uploads\/2025\/12\/logo.png\",\"width\":200,\"height\":65,\"caption\":\"STYLORAL PTE. LTD\"},\"image\":{\"@id\":\"https:\/\/tourcruiser.com\/fr\/#\/schema\/logo\/image\/\"}}]}<\/script>\n<!-- \/ Yoast SEO plugin. -->","yoast_head_json":{"title":"Nike Air Max 90 Slide 'Black' - TOURCRUISER PTE. LTD","robots":{"index":"index","follow":"follow","max-snippet":"max-snippet:-1","max-image-preview":"max-image-preview:large","max-video-preview":"max-video-preview:-1"},"canonical":"https:\/\/tourcruiser.com\/fr\/products\/nike-air-max-90-slide-black\/","og_locale":"fr_FR","og_type":"article","og_title":"Nike Air Max 90 Slide 'Black' - TOURCRUISER PTE. LTD","og_description":"D\u00e9couvrez la claquette Nike Air Max 90 noire. Cette \u00e9l\u00e9gante claquette est sign\u00e9e Nike, la c\u00e9l\u00e8bre marque reconnue pour sa qualit\u00e9 et son confort. Son coloris enti\u00e8rement noir apporte une touche moderne et raffin\u00e9e \u00e0 toutes vos tenues. La claquette Nike Air Max 90 noire allie style et confort \u00e0 la perfection. &#8230; \u00c2ge\u00a0: Adultes [&hellip;]","og_url":"https:\/\/tourcruiser.com\/fr\/products\/nike-air-max-90-slide-black\/","og_site_name":"Tourcruiser Sneaker Store","article_modified_time":"2026-04-17T16:14:23+00:00","twitter_card":"summary_large_image","twitter_image":"https:\/\/images.novelship.com\/product\/nike_air_max_90_slide__black__bq4635_002_0_57369.jpeg;https:\/\/images.novelship.com\/product\/nike_air_max_90_slide__black__bq4635_002_1_57369.jpeg;https:\/\/images.novelship.com\/product\/nike_air_max_90_slide__black__bq4635_002_2_57369.jpeg;https:\/\/images.novelship.com\/product\/nike_air_max_90_slide__black__bq4635_002_3_57369.jpeg;https:\/\/images.novelship.com\/product\/nike_air_max_90_slide__black__bq4635_002_4_57370.jpeg;https:\/\/images.novelship.com\/product\/nike_air_max_90_slide__black__bq4635_002_5_57370.jpeg;https:\/\/images.novelship.com\/product\/nike_air_max_90_slide__black__bq4635_002_6_57370.jpeg;https:\/\/images.novelship.com\/product\/nike_air_max_90_slide__black__bq4635_002_7_57370.jpeg","schema":{"@context":"https:\/\/schema.org","@graph":[{"@type":"WebPage","@id":"https:\/\/tourcruiser.com\/fr\/products\/nike-air-max-90-slide-black\/","url":"https:\/\/tourcruiser.com\/fr\/products\/nike-air-max-90-slide-black\/","name":"Nike Air Max 90 Slide 'Black' - TOURCRUISER PTE. LTD","isPartOf":{"@id":"https:\/\/tourcruiser.com\/fr\/#website"},"primaryImageOfPage":{"@id":"https:\/\/tourcruiser.com\/fr\/products\/nike-air-max-90-slide-black\/#primaryimage"},"image":{"@id":"https:\/\/tourcruiser.com\/fr\/products\/nike-air-max-90-slide-black\/#primaryimage"},"thumbnailUrl":"https:\/\/images.novelship.com\/product\/nike_air_max_90_slide__black__bq4635_002_0_57369.jpeg;https:\/\/images.novelship.com\/product\/nike_air_max_90_slide__black__bq4635_002_1_57369.jpeg;https:\/\/images.novelship.com\/product\/nike_air_max_90_slide__black__bq4635_002_2_57369.jpeg;https:\/\/images.novelship.com\/product\/nike_air_max_90_slide__black__bq4635_002_3_57369.jpeg;https:\/\/images.novelship.com\/product\/nike_air_max_90_slide__black__bq4635_002_4_57370.jpeg;https:\/\/images.novelship.com\/product\/nike_air_max_90_slide__black__bq4635_002_5_57370.jpeg;https:\/\/images.novelship.com\/product\/nike_air_max_90_slide__black__bq4635_002_6_57370.jpeg;https:\/\/images.novelship.com\/product\/nike_air_max_90_slide__black__bq4635_002_7_57370.jpeg","datePublished":"2026-04-16T10:21:26+00:00","dateModified":"2026-04-17T16:14:23+00:00","breadcrumb":{"@id":"https:\/\/tourcruiser.com\/fr\/products\/nike-air-max-90-slide-black\/#breadcrumb"},"inLanguage":"fr-FR","potentialAction":[{"@type":"ReadAction","target":["https:\/\/tourcruiser.com\/fr\/products\/nike-air-max-90-slide-black\/"]}]},{"@type":"ImageObject","inLanguage":"fr-FR","@id":"https:\/\/tourcruiser.com\/fr\/products\/nike-air-max-90-slide-black\/#primaryimage","url":"https:\/\/images.novelship.com\/product\/nike_air_max_90_slide__black__bq4635_002_0_57369.jpeg;https:\/\/images.novelship.com\/product\/nike_air_max_90_slide__black__bq4635_002_1_57369.jpeg;https:\/\/images.novelship.com\/product\/nike_air_max_90_slide__black__bq4635_002_2_57369.jpeg;https:\/\/images.novelship.com\/product\/nike_air_max_90_slide__black__bq4635_002_3_57369.jpeg;https:\/\/images.novelship.com\/product\/nike_air_max_90_slide__black__bq4635_002_4_57370.jpeg;https:\/\/images.novelship.com\/product\/nike_air_max_90_slide__black__bq4635_002_5_57370.jpeg;https:\/\/images.novelship.com\/product\/nike_air_max_90_slide__black__bq4635_002_6_57370.jpeg;https:\/\/images.novelship.com\/product\/nike_air_max_90_slide__black__bq4635_002_7_57370.jpeg","contentUrl":"https:\/\/images.novelship.com\/product\/nike_air_max_90_slide__black__bq4635_002_0_57369.jpeg;https:\/\/images.novelship.com\/product\/nike_air_max_90_slide__black__bq4635_002_1_57369.jpeg;https:\/\/images.novelship.com\/product\/nike_air_max_90_slide__black__bq4635_002_2_57369.jpeg;https:\/\/images.novelship.com\/product\/nike_air_max_90_slide__black__bq4635_002_3_57369.jpeg;https:\/\/images.novelship.com\/product\/nike_air_max_90_slide__black__bq4635_002_4_57370.jpeg;https:\/\/images.novelship.com\/product\/nike_air_max_90_slide__black__bq4635_002_5_57370.jpeg;https:\/\/images.novelship.com\/product\/nike_air_max_90_slide__black__bq4635_002_6_57370.jpeg;https:\/\/images.novelship.com\/product\/nike_air_max_90_slide__black__bq4635_002_7_57370.jpeg"},{"@type":"BreadcrumbList","@id":"https:\/\/tourcruiser.com\/fr\/products\/nike-air-max-90-slide-black\/#breadcrumb","itemListElement":[{"@type":"ListItem","position":1,"name":"Home","item":"https:\/\/tourcruiser.com\/fr\/"},{"@type":"ListItem","position":2,"name":"Shop","item":"https:\/\/tourcruiser.com\/fr\/shop\/"},{"@type":"ListItem","position":3,"name":"Nike Air Max 90 Slide &#8216;Black&#8217;"}]},{"@type":"WebSite","@id":"https:\/\/tourcruiser.com\/fr\/#website","url":"https:\/\/tourcruiser.com\/fr\/","name":"Styloral Jewelry Shop","description":"Tourcruiser Sneaker Store \u2014 L\u2019endroit o\u00f9 l\u2019univers rencontre votre singularit\u00e9.","publisher":{"@id":"https:\/\/tourcruiser.com\/fr\/#organization"},"potentialAction":[{"@type":"SearchAction","target":{"@type":"EntryPoint","urlTemplate":"https:\/\/tourcruiser.com\/fr\/?s={search_term_string}"},"query-input":{"@type":"PropertyValueSpecification","valueRequired":true,"valueName":"search_term_string"}}],"inLanguage":"fr-FR"},{"@type":"Organization","@id":"https:\/\/tourcruiser.com\/fr\/#organization","name":"STYLORAL PTE. LTD","url":"https:\/\/tourcruiser.com\/fr\/","logo":{"@type":"ImageObject","inLanguage":"fr-FR","@id":"https:\/\/tourcruiser.com\/fr\/#\/schema\/logo\/image\/","url":"https:\/\/www.tourcruiser.com\/wp-content\/uploads\/2025\/12\/logo.png","contentUrl":"https:\/\/www.tourcruiser.com\/wp-content\/uploads\/2025\/12\/logo.png","width":200,"height":65,"caption":"STYLORAL PTE. LTD"},"image":{"@id":"https:\/\/tourcruiser.com\/fr\/#\/schema\/logo\/image\/"}}]}},"_links":{"self":[{"href":"https:\/\/tourcruiser.com\/fr\/wp-json\/wp\/v2\/product\/779480","targetHints":{"allow":["GET"]}}],"collection":[{"href":"https:\/\/tourcruiser.com\/fr\/wp-json\/wp\/v2\/product"}],"about":[{"href":"https:\/\/tourcruiser.com\/fr\/wp-json\/wp\/v2\/types\/product"}],"replies":[{"embeddable":true,"href":"https:\/\/tourcruiser.com\/fr\/wp-json\/wp\/v2\/comments?post=779480"}],"wp:featuredmedia":[{"embeddable":true,"href":"https:\/\/tourcruiser.com\/fr\/wp-json\/wp\/v2\/media\/779481"}],"wp:attachment":[{"href":"https:\/\/tourcruiser.com\/fr\/wp-json\/wp\/v2\/media?parent=779480"}],"wp:term":[{"taxonomy":"product_brand","embeddable":true,"href":"https:\/\/tourcruiser.com\/fr\/wp-json\/wp\/v2\/product_brand?post=779480"},{"taxonomy":"product_cat","embeddable":true,"href":"https:\/\/tourcruiser.com\/fr\/wp-json\/wp\/v2\/product_cat?post=779480"},{"taxonomy":"product_tag","embeddable":true,"href":"https:\/\/tourcruiser.com\/fr\/wp-json\/wp\/v2\/product_tag?post=779480"}],"curies":[{"name":"wp","href":"https:\/\/api.w.org\/{rel}","templated":true}]}}