{"id":779472,"date":"2026-04-16T17:21:25","date_gmt":"2026-04-16T10:21:25","guid":{"rendered":"http:\/\/tourcruiser.com\/product\/nike-benassi-jdi-print-slide-purple"},"modified":"2026-04-17T23:14:22","modified_gmt":"2026-04-17T16:14:22","slug":"nike-benassi-jdi-print-slide-purple","status":"publish","type":"product","link":"https:\/\/tourcruiser.com\/fr\/products\/nike-benassi-jdi-print-slide-purple\/","title":{"rendered":"Nike Benassi JDI Print Slide &lsquo;Purple&rsquo;"},"content":{"rendered":"<p>Rehaussez votre style d\u00e9contract\u00e9 avec les claquettes Nike Benassi JDI Print \u00ab\u00a0Violet\u00a0\u00bb (CI5927-551). Leur empeigne en cuir synth\u00e9tique souple offre un confort exceptionnel. L&rsquo;imprim\u00e9 \u00ab\u00a0Just Do It\u00a0\u00bb (JDI) apporte une touche sportive. La semelle l\u00e9g\u00e8re assure une adh\u00e9rence optimale. Que ce soit pour vos loisirs, un moment de d\u00e9tente au bord de la piscine ou pour r\u00e9cup\u00e9rer apr\u00e8s l&rsquo;effort, ces claquettes vous garantissent un look et un confort irr\u00e9prochables.<\/p>\n<p>Coloris\u00a0: Violet\/Blanc<\/p>\n<p>R\u00e9f\u00e9rence\u00a0: CI5927-551<\/p>\n<p>Saison\u00a0: Printemps\/\u00c9t\u00e9\/Automne<\/p>\n<p>\u00c2ge\u00a0: Adulte<\/p>\n<p>Couleur\u00a0: Ivoire p\u00e2le\/Or c\u00e9leste<\/p>\n<p>Genre\u00a0: Homme<\/p>\n","protected":false},"excerpt":{"rendered":"<p>Rehaussez votre style d\u00e9contract\u00e9 avec les claquettes Nike Benassi JDI Print \u00ab\u00a0Violet\u00a0\u00bb (CI5927-551). Leur empeigne en cuir synth\u00e9tique souple offre un confort exceptionnel. L&rsquo;imprim\u00e9 \u00ab\u00a0Just Do It\u00a0\u00bb (JDI) apporte une touche sportive. La semelle l\u00e9g\u00e8re assure une adh\u00e9rence optimale. Que ce soit pour vos loisirs, un moment de d\u00e9tente au bord de la piscine ou [&hellip;]<\/p>\n","protected":false},"featured_media":779473,"comment_status":"open","ping_status":"closed","template":"","meta":[],"product_brand":[],"product_cat":[10803],"product_tag":[10800,38839,38861,10847,10753,10754,10801,38846,10808,10785,10786],"class_list":{"0":"post-779472","1":"product","2":"type-product","3":"status-publish","4":"has-post-thumbnail","6":"product_cat-nike","7":"product_tag-basketball-shoes","8":"product_tag-basketball-shoes-with-ankle-support","9":"product_tag-below-retail-price","10":"product_tag-best-finds-under-100","11":"product_tag-gift-for-him","12":"product_tag-lifestyle-casual-shoes","13":"product_tag-nike","14":"product_tag-performance-sports-shoes","15":"product_tag-slides","16":"product_tag-trending-deals","17":"product_tag-trending-deals-under-150","18":"wcpa_has_options","20":"first","21":"instock","22":"taxable","23":"shipping-taxable","24":"purchasable","25":"product-type-simple"},"wcpa_form_fields":{"rules":{"pric_overide_base_price":false,"pric_overide_base_price_if_gt_zero":false,"pric_overide_base_price_fully":false,"pric_cal_option_once":false,"pric_use_as_fee":false,"bind_quantity":false,"quantity_bind_formula":false},"fields":[{"type":"color-group","required":true,"elementId":"wcpa-color-group-66c4a75505e74","label":"Taille","inline":true,"priceOptions":"different_for_all","pricingType":"fixed","className":"hassizechart product-shoes-size-eu product-shoes-size","name":"color-group-66c4a75505e89","disp_type":"square","selection_type":"tick-border","disp_size":"44","show_label_inside":true,"adjust_width":true,"cart_display_type":"text","other_text":"Other","cl_rule":"show","col":6,"values":[{"label":"35.5","value":"EU 35.5","price":"","pimage":"","pimage_id":"","pthumb":"","color":""},{"label":"36","value":"EU 36","price":"","pimage":"","pimage_id":"","pthumb":"","color":"","selected":true},{"label":"36.5","value":"EU 36.5","price":"","pimage":"","pimage_id":"","pthumb":"","color":""},{"label":"37.5","value":"EU 37.5","price":"","pimage":"","pimage_id":"","pthumb":"","color":""},{"label":"38","value":"EU 38","price":"","pimage":"","pimage_id":"","pthumb":"","color":""},{"label":"38.5","value":"EU 38.5","price":"","pimage":"","pimage_id":"","pthumb":"","color":""},{"label":"39","value":"EU 39","price":"","pimage":"","pimage_id":"","pthumb":"","color":""},{"label":"40","value":"EU 40","price":"","pimage":"","pimage_id":"","pthumb":"","color":""},{"label":"40.5","value":"EU 40.5","price":"","pimage":"","pimage_id":"","pthumb":"","color":""},{"label":"41","value":"EU 41","price":"","pimage":"","pimage_id":"","pthumb":"","color":""},{"label":"42","value":"EU 42","price":"","pimage":"","pimage_id":"","pthumb":"","color":""},{"label":"42.5","value":"EU 42.5","price":"","pimage":"","pimage_id":"","pthumb":"","color":""},{"label":"43","value":"EU 43","price":"","pimage":"","pimage_id":"","pthumb":"","color":""},{"label":"44","value":"EU 44","price":"","pimage":"","pimage_id":"","pthumb":"","color":""},{"label":"44.5","value":"EU 44.5","price":"","pimage":"","pimage_id":"","pthumb":"","color":""},{"label":"45","value":"EU 45","price":"","pimage":"","pimage_id":"","pthumb":"","color":""},{"label":"45.5","value":"EU 45.5","price":"","pimage":"","pimage_id":"","pthumb":"","color":""},{"label":"46","value":"EU 46","price":"","pimage":"","pimage_id":"","pthumb":"","color":""},{"label":"47","value":"EU 47","price":"","pimage":"","pimage_id":"","pthumb":"","color":""},{"label":"47.5","value":"EU 47.5","price":"","pimage":"","pimage_id":"","pthumb":"","color":""},{"label":"48","value":"EU 48","price":"","pimage":"","pimage_id":"","pthumb":"","color":""}],"relations":[{"operator":false,"rules":[]}],"form_id":18106,"form_rules":{"pric_cal_option_once":false,"exclude_from_discount":false,"pric_use_as_fee":false,"fee_label":"Fee","render_after_acb":false,"disp_hide_options_price":false}}]},"yoast_head":"<!-- This site is optimized with the Yoast SEO plugin v26.5 - https:\/\/yoast.com\/wordpress\/plugins\/seo\/ -->\n<title>Nike Benassi JDI Print Slide &#039;Purple&#039; - TOURCRUISER PTE. LTD<\/title>\n<meta name=\"robots\" content=\"index, follow, max-snippet:-1, max-image-preview:large, max-video-preview:-1\" \/>\n<link rel=\"canonical\" href=\"https:\/\/tourcruiser.com\/fr\/products\/nike-benassi-jdi-print-slide-purple\/\" \/>\n<meta property=\"og:locale\" content=\"fr_FR\" \/>\n<meta property=\"og:type\" content=\"article\" \/>\n<meta property=\"og:title\" content=\"Nike Benassi JDI Print Slide &#039;Purple&#039; - TOURCRUISER PTE. LTD\" \/>\n<meta property=\"og:description\" content=\"Rehaussez votre style d\u00e9contract\u00e9 avec les claquettes Nike Benassi JDI Print \u00ab\u00a0Violet\u00a0\u00bb (CI5927-551). Leur empeigne en cuir synth\u00e9tique souple offre un confort exceptionnel. L&rsquo;imprim\u00e9 \u00ab\u00a0Just Do It\u00a0\u00bb (JDI) apporte une touche sportive. La semelle l\u00e9g\u00e8re assure une adh\u00e9rence optimale. Que ce soit pour vos loisirs, un moment de d\u00e9tente au bord de la piscine ou [&hellip;]\" \/>\n<meta property=\"og:url\" content=\"https:\/\/tourcruiser.com\/fr\/products\/nike-benassi-jdi-print-slide-purple\/\" \/>\n<meta property=\"og:site_name\" content=\"Tourcruiser Sneaker Store\" \/>\n<meta property=\"article:modified_time\" content=\"2026-04-17T16:14:22+00:00\" \/>\n<meta name=\"twitter:card\" content=\"summary_large_image\" \/>\n<meta name=\"twitter:image\" content=\"https:\/\/images.novelship.com\/product\/nike_benassi_jdi_print_slide__purple__ci5927_551_0_69290.jpeg;https:\/\/images.novelship.com\/product\/nike_benassi_jdi_print_slide__purple__ci5927_551_1_69290.jpeg;https:\/\/images.novelship.com\/product\/nike_benassi_jdi_print_slide__purple__ci5927_551_2_69290.jpeg;https:\/\/images.novelship.com\/product\/nike_benassi_jdi_print_slide__purple__ci5927_551_3_69290.jpeg;https:\/\/images.novelship.com\/product\/nike_benassi_jdi_print_slide__purple__ci5927_551_4_69290.jpeg\" \/>\n<meta name=\"twitter:label1\" content=\"Dur\u00e9e de lecture estim\u00e9e\" \/>\n\t<meta name=\"twitter:data1\" content=\"1 minute\" \/>\n<script type=\"application\/ld+json\" class=\"yoast-schema-graph\">{\"@context\":\"https:\/\/schema.org\",\"@graph\":[{\"@type\":\"WebPage\",\"@id\":\"https:\/\/tourcruiser.com\/fr\/products\/nike-benassi-jdi-print-slide-purple\/\",\"url\":\"https:\/\/tourcruiser.com\/fr\/products\/nike-benassi-jdi-print-slide-purple\/\",\"name\":\"Nike Benassi JDI Print Slide 'Purple' - TOURCRUISER PTE. LTD\",\"isPartOf\":{\"@id\":\"\/#website\"},\"primaryImageOfPage\":{\"@id\":\"https:\/\/tourcruiser.com\/fr\/products\/nike-benassi-jdi-print-slide-purple\/#primaryimage\"},\"image\":{\"@id\":\"https:\/\/tourcruiser.com\/fr\/products\/nike-benassi-jdi-print-slide-purple\/#primaryimage\"},\"thumbnailUrl\":\"https:\/\/images.novelship.com\/product\/nike_benassi_jdi_print_slide__purple__ci5927_551_0_69290.jpeg;https:\/\/images.novelship.com\/product\/nike_benassi_jdi_print_slide__purple__ci5927_551_1_69290.jpeg;https:\/\/images.novelship.com\/product\/nike_benassi_jdi_print_slide__purple__ci5927_551_2_69290.jpeg;https:\/\/images.novelship.com\/product\/nike_benassi_jdi_print_slide__purple__ci5927_551_3_69290.jpeg;https:\/\/images.novelship.com\/product\/nike_benassi_jdi_print_slide__purple__ci5927_551_4_69290.jpeg\",\"datePublished\":\"2026-04-16T10:21:25+00:00\",\"dateModified\":\"2026-04-17T16:14:22+00:00\",\"breadcrumb\":{\"@id\":\"https:\/\/tourcruiser.com\/fr\/products\/nike-benassi-jdi-print-slide-purple\/#breadcrumb\"},\"inLanguage\":\"fr-FR\",\"potentialAction\":[{\"@type\":\"ReadAction\",\"target\":[\"https:\/\/tourcruiser.com\/fr\/products\/nike-benassi-jdi-print-slide-purple\/\"]}]},{\"@type\":\"ImageObject\",\"inLanguage\":\"fr-FR\",\"@id\":\"https:\/\/tourcruiser.com\/fr\/products\/nike-benassi-jdi-print-slide-purple\/#primaryimage\",\"url\":\"https:\/\/images.novelship.com\/product\/nike_benassi_jdi_print_slide__purple__ci5927_551_0_69290.jpeg;https:\/\/images.novelship.com\/product\/nike_benassi_jdi_print_slide__purple__ci5927_551_1_69290.jpeg;https:\/\/images.novelship.com\/product\/nike_benassi_jdi_print_slide__purple__ci5927_551_2_69290.jpeg;https:\/\/images.novelship.com\/product\/nike_benassi_jdi_print_slide__purple__ci5927_551_3_69290.jpeg;https:\/\/images.novelship.com\/product\/nike_benassi_jdi_print_slide__purple__ci5927_551_4_69290.jpeg\",\"contentUrl\":\"https:\/\/images.novelship.com\/product\/nike_benassi_jdi_print_slide__purple__ci5927_551_0_69290.jpeg;https:\/\/images.novelship.com\/product\/nike_benassi_jdi_print_slide__purple__ci5927_551_1_69290.jpeg;https:\/\/images.novelship.com\/product\/nike_benassi_jdi_print_slide__purple__ci5927_551_2_69290.jpeg;https:\/\/images.novelship.com\/product\/nike_benassi_jdi_print_slide__purple__ci5927_551_3_69290.jpeg;https:\/\/images.novelship.com\/product\/nike_benassi_jdi_print_slide__purple__ci5927_551_4_69290.jpeg\"},{\"@type\":\"BreadcrumbList\",\"@id\":\"https:\/\/tourcruiser.com\/fr\/products\/nike-benassi-jdi-print-slide-purple\/#breadcrumb\",\"itemListElement\":[{\"@type\":\"ListItem\",\"position\":1,\"name\":\"Home\",\"item\":\"https:\/\/tourcruiser.com\/fr\/\"},{\"@type\":\"ListItem\",\"position\":2,\"name\":\"Shop\",\"item\":\"https:\/\/tourcruiser.com\/fr\/shop\/\"},{\"@type\":\"ListItem\",\"position\":3,\"name\":\"Nike Benassi JDI Print Slide &#8216;Purple&#8217;\"}]},{\"@type\":\"WebSite\",\"@id\":\"\/#website\",\"url\":\"\/\",\"name\":\"Styloral Jewelry Shop\",\"description\":\"Tourcruiser Sneaker Store \u2014 L\u2019endroit o\u00f9 l\u2019univers rencontre votre singularit\u00e9.\",\"publisher\":{\"@id\":\"\/#organization\"},\"potentialAction\":[{\"@type\":\"SearchAction\",\"target\":{\"@type\":\"EntryPoint\",\"urlTemplate\":\"\/?s={search_term_string}\"},\"query-input\":{\"@type\":\"PropertyValueSpecification\",\"valueRequired\":true,\"valueName\":\"search_term_string\"}}],\"inLanguage\":\"fr-FR\"},{\"@type\":\"Organization\",\"@id\":\"\/#organization\",\"name\":\"STYLORAL PTE. LTD\",\"url\":\"\/\",\"logo\":{\"@type\":\"ImageObject\",\"inLanguage\":\"fr-FR\",\"@id\":\"\/#\/schema\/logo\/image\/\",\"url\":\"https:\/\/www.tourcruiser.com\/wp-content\/uploads\/2025\/12\/logo.png\",\"contentUrl\":\"https:\/\/www.tourcruiser.com\/wp-content\/uploads\/2025\/12\/logo.png\",\"width\":200,\"height\":65,\"caption\":\"STYLORAL PTE. LTD\"},\"image\":{\"@id\":\"\/#\/schema\/logo\/image\/\"}}]}<\/script>\n<!-- \/ Yoast SEO plugin. -->","yoast_head_json":{"title":"Nike Benassi JDI Print Slide 'Purple' - TOURCRUISER PTE. LTD","robots":{"index":"index","follow":"follow","max-snippet":"max-snippet:-1","max-image-preview":"max-image-preview:large","max-video-preview":"max-video-preview:-1"},"canonical":"https:\/\/tourcruiser.com\/fr\/products\/nike-benassi-jdi-print-slide-purple\/","og_locale":"fr_FR","og_type":"article","og_title":"Nike Benassi JDI Print Slide 'Purple' - TOURCRUISER PTE. LTD","og_description":"Rehaussez votre style d\u00e9contract\u00e9 avec les claquettes Nike Benassi JDI Print \u00ab\u00a0Violet\u00a0\u00bb (CI5927-551). Leur empeigne en cuir synth\u00e9tique souple offre un confort exceptionnel. L&rsquo;imprim\u00e9 \u00ab\u00a0Just Do It\u00a0\u00bb (JDI) apporte une touche sportive. La semelle l\u00e9g\u00e8re assure une adh\u00e9rence optimale. Que ce soit pour vos loisirs, un moment de d\u00e9tente au bord de la piscine ou [&hellip;]","og_url":"https:\/\/tourcruiser.com\/fr\/products\/nike-benassi-jdi-print-slide-purple\/","og_site_name":"Tourcruiser Sneaker Store","article_modified_time":"2026-04-17T16:14:22+00:00","twitter_card":"summary_large_image","twitter_image":"https:\/\/images.novelship.com\/product\/nike_benassi_jdi_print_slide__purple__ci5927_551_0_69290.jpeg;https:\/\/images.novelship.com\/product\/nike_benassi_jdi_print_slide__purple__ci5927_551_1_69290.jpeg;https:\/\/images.novelship.com\/product\/nike_benassi_jdi_print_slide__purple__ci5927_551_2_69290.jpeg;https:\/\/images.novelship.com\/product\/nike_benassi_jdi_print_slide__purple__ci5927_551_3_69290.jpeg;https:\/\/images.novelship.com\/product\/nike_benassi_jdi_print_slide__purple__ci5927_551_4_69290.jpeg","twitter_misc":{"Dur\u00e9e de lecture estim\u00e9e":"1 minute"},"schema":{"@context":"https:\/\/schema.org","@graph":[{"@type":"WebPage","@id":"https:\/\/tourcruiser.com\/fr\/products\/nike-benassi-jdi-print-slide-purple\/","url":"https:\/\/tourcruiser.com\/fr\/products\/nike-benassi-jdi-print-slide-purple\/","name":"Nike Benassi JDI Print Slide 'Purple' - TOURCRUISER PTE. LTD","isPartOf":{"@id":"\/#website"},"primaryImageOfPage":{"@id":"https:\/\/tourcruiser.com\/fr\/products\/nike-benassi-jdi-print-slide-purple\/#primaryimage"},"image":{"@id":"https:\/\/tourcruiser.com\/fr\/products\/nike-benassi-jdi-print-slide-purple\/#primaryimage"},"thumbnailUrl":"https:\/\/images.novelship.com\/product\/nike_benassi_jdi_print_slide__purple__ci5927_551_0_69290.jpeg;https:\/\/images.novelship.com\/product\/nike_benassi_jdi_print_slide__purple__ci5927_551_1_69290.jpeg;https:\/\/images.novelship.com\/product\/nike_benassi_jdi_print_slide__purple__ci5927_551_2_69290.jpeg;https:\/\/images.novelship.com\/product\/nike_benassi_jdi_print_slide__purple__ci5927_551_3_69290.jpeg;https:\/\/images.novelship.com\/product\/nike_benassi_jdi_print_slide__purple__ci5927_551_4_69290.jpeg","datePublished":"2026-04-16T10:21:25+00:00","dateModified":"2026-04-17T16:14:22+00:00","breadcrumb":{"@id":"https:\/\/tourcruiser.com\/fr\/products\/nike-benassi-jdi-print-slide-purple\/#breadcrumb"},"inLanguage":"fr-FR","potentialAction":[{"@type":"ReadAction","target":["https:\/\/tourcruiser.com\/fr\/products\/nike-benassi-jdi-print-slide-purple\/"]}]},{"@type":"ImageObject","inLanguage":"fr-FR","@id":"https:\/\/tourcruiser.com\/fr\/products\/nike-benassi-jdi-print-slide-purple\/#primaryimage","url":"https:\/\/images.novelship.com\/product\/nike_benassi_jdi_print_slide__purple__ci5927_551_0_69290.jpeg;https:\/\/images.novelship.com\/product\/nike_benassi_jdi_print_slide__purple__ci5927_551_1_69290.jpeg;https:\/\/images.novelship.com\/product\/nike_benassi_jdi_print_slide__purple__ci5927_551_2_69290.jpeg;https:\/\/images.novelship.com\/product\/nike_benassi_jdi_print_slide__purple__ci5927_551_3_69290.jpeg;https:\/\/images.novelship.com\/product\/nike_benassi_jdi_print_slide__purple__ci5927_551_4_69290.jpeg","contentUrl":"https:\/\/images.novelship.com\/product\/nike_benassi_jdi_print_slide__purple__ci5927_551_0_69290.jpeg;https:\/\/images.novelship.com\/product\/nike_benassi_jdi_print_slide__purple__ci5927_551_1_69290.jpeg;https:\/\/images.novelship.com\/product\/nike_benassi_jdi_print_slide__purple__ci5927_551_2_69290.jpeg;https:\/\/images.novelship.com\/product\/nike_benassi_jdi_print_slide__purple__ci5927_551_3_69290.jpeg;https:\/\/images.novelship.com\/product\/nike_benassi_jdi_print_slide__purple__ci5927_551_4_69290.jpeg"},{"@type":"BreadcrumbList","@id":"https:\/\/tourcruiser.com\/fr\/products\/nike-benassi-jdi-print-slide-purple\/#breadcrumb","itemListElement":[{"@type":"ListItem","position":1,"name":"Home","item":"https:\/\/tourcruiser.com\/fr\/"},{"@type":"ListItem","position":2,"name":"Shop","item":"https:\/\/tourcruiser.com\/fr\/shop\/"},{"@type":"ListItem","position":3,"name":"Nike Benassi JDI Print Slide &#8216;Purple&#8217;"}]},{"@type":"WebSite","@id":"\/#website","url":"\/","name":"Styloral Jewelry Shop","description":"Tourcruiser Sneaker Store \u2014 L\u2019endroit o\u00f9 l\u2019univers rencontre votre singularit\u00e9.","publisher":{"@id":"\/#organization"},"potentialAction":[{"@type":"SearchAction","target":{"@type":"EntryPoint","urlTemplate":"\/?s={search_term_string}"},"query-input":{"@type":"PropertyValueSpecification","valueRequired":true,"valueName":"search_term_string"}}],"inLanguage":"fr-FR"},{"@type":"Organization","@id":"\/#organization","name":"STYLORAL PTE. LTD","url":"\/","logo":{"@type":"ImageObject","inLanguage":"fr-FR","@id":"\/#\/schema\/logo\/image\/","url":"https:\/\/www.tourcruiser.com\/wp-content\/uploads\/2025\/12\/logo.png","contentUrl":"https:\/\/www.tourcruiser.com\/wp-content\/uploads\/2025\/12\/logo.png","width":200,"height":65,"caption":"STYLORAL PTE. LTD"},"image":{"@id":"\/#\/schema\/logo\/image\/"}}]}},"_links":{"self":[{"href":"https:\/\/tourcruiser.com\/fr\/wp-json\/wp\/v2\/product\/779472","targetHints":{"allow":["GET"]}}],"collection":[{"href":"https:\/\/tourcruiser.com\/fr\/wp-json\/wp\/v2\/product"}],"about":[{"href":"https:\/\/tourcruiser.com\/fr\/wp-json\/wp\/v2\/types\/product"}],"replies":[{"embeddable":true,"href":"https:\/\/tourcruiser.com\/fr\/wp-json\/wp\/v2\/comments?post=779472"}],"wp:featuredmedia":[{"embeddable":true,"href":"https:\/\/tourcruiser.com\/fr\/wp-json\/wp\/v2\/media\/779473"}],"wp:attachment":[{"href":"https:\/\/tourcruiser.com\/fr\/wp-json\/wp\/v2\/media?parent=779472"}],"wp:term":[{"taxonomy":"product_brand","embeddable":true,"href":"https:\/\/tourcruiser.com\/fr\/wp-json\/wp\/v2\/product_brand?post=779472"},{"taxonomy":"product_cat","embeddable":true,"href":"https:\/\/tourcruiser.com\/fr\/wp-json\/wp\/v2\/product_cat?post=779472"},{"taxonomy":"product_tag","embeddable":true,"href":"https:\/\/tourcruiser.com\/fr\/wp-json\/wp\/v2\/product_tag?post=779472"}],"curies":[{"name":"wp","href":"https:\/\/api.w.org\/{rel}","templated":true}]}}