{"id":779277,"date":"2026-04-16T17:21:06","date_gmt":"2026-04-16T10:21:06","guid":{"rendered":"http:\/\/tourcruiser.com\/product\/adidas-adifom-adilette-slide-off-white"},"modified":"2026-04-17T23:14:16","modified_gmt":"2026-04-17T16:14:16","slug":"adidas-adifom-adilette-slide-off-white","status":"publish","type":"product","link":"https:\/\/tourcruiser.com\/fr\/products\/adidas-adifom-adilette-slide-off-white\/","title":{"rendered":"adidas adiFOM Adilette Slide &lsquo;Off White&rsquo;"},"content":{"rendered":"<p>La sandale adidas adiFOM Adilette Off White est \u00e0 la fois \u00e9l\u00e9gante et confortable. Gr\u00e2ce \u00e0 l&rsquo;amorti adiFOM, elle offre un confort et un maintien optimaux. Sa couleur blanc cass\u00e9 apporte une touche tendance \u00e0 toutes vos tenues d\u00e9contract\u00e9es. Que ce soit pour se d\u00e9tendre au bord de la piscine ou faire des courses, cette sandale est un incontournable pour tous les fans d&rsquo;adidas.<\/p>\n<p>Couleur : Blanc cass\u00e9\/Blanc cass\u00e9\/Noir<\/p>\n<p>R\u00e9f\u00e9rence : HQ8748<\/p>\n<p>Mati\u00e8re ext\u00e9rieure : Caoutchouc<\/p>\n<p>Couleur : Blanc<\/p>\n<p>Couleur : Blanc<\/p>\n<p>\u00c2ge : Adulte<\/p>\n<p>Couleur : Blanc<\/p>\n<p>Genre : Homme<\/p>\n","protected":false},"excerpt":{"rendered":"<p>La sandale adidas adiFOM Adilette Off White est \u00e0 la fois \u00e9l\u00e9gante et confortable. Gr\u00e2ce \u00e0 l&rsquo;amorti adiFOM, elle offre un confort et un maintien optimaux. Sa couleur blanc cass\u00e9 apporte une touche tendance \u00e0 toutes vos tenues d\u00e9contract\u00e9es. Que ce soit pour se d\u00e9tendre au bord de la piscine ou faire des courses, cette [&hellip;]<\/p>\n","protected":false},"featured_media":779278,"comment_status":"open","ping_status":"closed","template":"","meta":[],"product_brand":[],"product_cat":[10760],"product_tag":[10759,38861,10864,10753,39035,10808],"class_list":{"0":"post-779277","1":"product","2":"type-product","3":"status-publish","4":"has-post-thumbnail","6":"product_cat-adidas","7":"product_tag-adidas","8":"product_tag-below-retail-price","9":"product_tag-casual-sandals","10":"product_tag-gift-for-him","11":"product_tag-lifestyle-leisure-shoes","12":"product_tag-slides","13":"wcpa_has_options","15":"first","16":"instock","17":"taxable","18":"shipping-taxable","19":"purchasable","20":"product-type-simple"},"wcpa_form_fields":{"rules":{"pric_overide_base_price":false,"pric_overide_base_price_if_gt_zero":false,"pric_overide_base_price_fully":false,"pric_cal_option_once":false,"pric_use_as_fee":false,"bind_quantity":false,"quantity_bind_formula":false},"fields":[{"type":"color-group","required":true,"elementId":"wcpa-color-group-66c4a7f817afe","label":"Taille","inline":true,"priceOptions":"different_for_all","pricingType":"fixed","className":"hassizechart product-shoes-size-eu product-shoes-size","name":"color-group-66c4a7f817b18","disp_type":"square","selection_type":"tick-border","disp_size":"50","show_label_inside":true,"adjust_width":true,"cart_display_type":"text","other_text":"Other","cl_rule":"show","col":6,"values":[{"label":"35","value":"EU 35","price":"","pimage":"","pimage_id":"","pthumb":"","color":""},{"label":"35.5","value":"EU 35.5","price":"","pimage":"","pimage_id":"","pthumb":"","color":""},{"label":"36","value":"EU 36","price":"","pimage":"","pimage_id":"","pthumb":"","color":"","selected":true},{"label":"36 2\/3","value":"EU 36 2\/3","price":"","pimage":"","pimage_id":"","pthumb":"","color":""},{"label":"37 1\/3","value":"EU 37 1\/3","price":"","pimage":"","pimage_id":"","pthumb":"","color":""},{"label":"38","value":"EU 38","price":"","pimage":"","pimage_id":"","pthumb":"","color":""},{"label":"38 2\/3","value":"EU 38 2\/3","price":"","pimage":"","pimage_id":"","pthumb":"","color":""},{"label":"39 1\/3","value":"EU 39 1\/3","price":"","pimage":"","pimage_id":"","pthumb":"","color":""},{"label":"40","value":"EU 40","price":"","pimage":"","pimage_id":"","pthumb":"","color":""},{"label":"40 2\/3","value":"EU 40 2\/3","price":"","pimage":"","pimage_id":"","pthumb":"","color":""},{"label":"41 1\/3","value":"EU 41 1\/3","price":"","pimage":"","pimage_id":"","pthumb":"","color":""},{"label":"42","value":"EU 42","price":"","pimage":"","pimage_id":"","pthumb":"","color":""},{"label":"42 2\/3","value":"EU 42 2\/3","price":"","pimage":"","pimage_id":"","pthumb":"","color":""},{"label":"43 1\/3","value":"EU 43 1\/3","price":"","pimage":"","pimage_id":"","pthumb":"","color":""},{"label":"44","value":"EU 44","price":"","pimage":"","pimage_id":"","pthumb":"","color":""},{"label":"44 2\/3","value":"EU 44 2\/3","price":"","pimage":"","pimage_id":"","pthumb":"","color":""},{"label":"45 1\/3","value":"EU 45 1\/3","price":"","pimage":"","pimage_id":"","pthumb":"","color":""},{"label":"46","value":"EU 46","price":"","pimage":"","pimage_id":"","pthumb":"","color":""},{"label":"46 2\/3","value":"EU 46 2\/3","price":"","pimage":"","pimage_id":"","pthumb":"","color":""},{"label":"47 1\/3","value":"EU 47 1\/3","price":"","pimage":"","pimage_id":"","pthumb":"","color":""}],"relations":[{"operator":false,"rules":[]}],"form_id":24802,"form_rules":{"pric_cal_option_once":false,"exclude_from_discount":false,"pric_use_as_fee":false,"fee_label":"Fee","render_after_acb":false,"disp_hide_options_price":false}}]},"yoast_head":"<!-- This site is optimized with the Yoast SEO plugin v26.5 - https:\/\/yoast.com\/wordpress\/plugins\/seo\/ -->\n<title>adidas adiFOM Adilette Slide &#039;Off White&#039; - TOURCRUISER PTE. LTD<\/title>\n<meta name=\"robots\" content=\"index, follow, max-snippet:-1, max-image-preview:large, max-video-preview:-1\" \/>\n<link rel=\"canonical\" href=\"https:\/\/tourcruiser.com\/fr\/products\/adidas-adifom-adilette-slide-off-white\/\" \/>\n<meta property=\"og:locale\" content=\"fr_FR\" \/>\n<meta property=\"og:type\" content=\"article\" \/>\n<meta property=\"og:title\" content=\"adidas adiFOM Adilette Slide &#039;Off White&#039; - TOURCRUISER PTE. LTD\" \/>\n<meta property=\"og:description\" content=\"La sandale adidas adiFOM Adilette Off White est \u00e0 la fois \u00e9l\u00e9gante et confortable. Gr\u00e2ce \u00e0 l&rsquo;amorti adiFOM, elle offre un confort et un maintien optimaux. Sa couleur blanc cass\u00e9 apporte une touche tendance \u00e0 toutes vos tenues d\u00e9contract\u00e9es. Que ce soit pour se d\u00e9tendre au bord de la piscine ou faire des courses, cette [&hellip;]\" \/>\n<meta property=\"og:url\" content=\"https:\/\/tourcruiser.com\/fr\/products\/adidas-adifom-adilette-slide-off-white\/\" \/>\n<meta property=\"og:site_name\" content=\"Tourcruiser Sneaker Store\" \/>\n<meta property=\"article:modified_time\" content=\"2026-04-17T16:14:16+00:00\" \/>\n<meta name=\"twitter:card\" content=\"summary_large_image\" \/>\n<meta name=\"twitter:image\" content=\"https:\/\/images.novelship.com\/product\/adidas_adifom_adilette_slide__off_white__hq8748_0_57450.png;https:\/\/images.novelship.com\/product\/adidas_adifom_adilette_slide__off_white__hq8748_1_57450.png;https:\/\/images.novelship.com\/product\/adidas_adifom_adilette_slide__off_white__hq8748_2_57450.png;https:\/\/images.novelship.com\/product\/adidas_adifom_adilette_slide__off_white__hq8748_3_57450.png;https:\/\/images.novelship.com\/product\/adidas_adifom_adilette_slide__off_white__hq8748_4_57450.png\" \/>\n<script type=\"application\/ld+json\" class=\"yoast-schema-graph\">{\"@context\":\"https:\/\/schema.org\",\"@graph\":[{\"@type\":\"WebPage\",\"@id\":\"https:\/\/tourcruiser.com\/fr\/products\/adidas-adifom-adilette-slide-off-white\/\",\"url\":\"https:\/\/tourcruiser.com\/fr\/products\/adidas-adifom-adilette-slide-off-white\/\",\"name\":\"adidas adiFOM Adilette Slide 'Off White' - TOURCRUISER PTE. LTD\",\"isPartOf\":{\"@id\":\"\/#website\"},\"primaryImageOfPage\":{\"@id\":\"https:\/\/tourcruiser.com\/fr\/products\/adidas-adifom-adilette-slide-off-white\/#primaryimage\"},\"image\":{\"@id\":\"https:\/\/tourcruiser.com\/fr\/products\/adidas-adifom-adilette-slide-off-white\/#primaryimage\"},\"thumbnailUrl\":\"https:\/\/images.novelship.com\/product\/adidas_adifom_adilette_slide__off_white__hq8748_0_57450.png;https:\/\/images.novelship.com\/product\/adidas_adifom_adilette_slide__off_white__hq8748_1_57450.png;https:\/\/images.novelship.com\/product\/adidas_adifom_adilette_slide__off_white__hq8748_2_57450.png;https:\/\/images.novelship.com\/product\/adidas_adifom_adilette_slide__off_white__hq8748_3_57450.png;https:\/\/images.novelship.com\/product\/adidas_adifom_adilette_slide__off_white__hq8748_4_57450.png\",\"datePublished\":\"2026-04-16T10:21:06+00:00\",\"dateModified\":\"2026-04-17T16:14:16+00:00\",\"breadcrumb\":{\"@id\":\"https:\/\/tourcruiser.com\/fr\/products\/adidas-adifom-adilette-slide-off-white\/#breadcrumb\"},\"inLanguage\":\"fr-FR\",\"potentialAction\":[{\"@type\":\"ReadAction\",\"target\":[\"https:\/\/tourcruiser.com\/fr\/products\/adidas-adifom-adilette-slide-off-white\/\"]}]},{\"@type\":\"ImageObject\",\"inLanguage\":\"fr-FR\",\"@id\":\"https:\/\/tourcruiser.com\/fr\/products\/adidas-adifom-adilette-slide-off-white\/#primaryimage\",\"url\":\"https:\/\/images.novelship.com\/product\/adidas_adifom_adilette_slide__off_white__hq8748_0_57450.png;https:\/\/images.novelship.com\/product\/adidas_adifom_adilette_slide__off_white__hq8748_1_57450.png;https:\/\/images.novelship.com\/product\/adidas_adifom_adilette_slide__off_white__hq8748_2_57450.png;https:\/\/images.novelship.com\/product\/adidas_adifom_adilette_slide__off_white__hq8748_3_57450.png;https:\/\/images.novelship.com\/product\/adidas_adifom_adilette_slide__off_white__hq8748_4_57450.png\",\"contentUrl\":\"https:\/\/images.novelship.com\/product\/adidas_adifom_adilette_slide__off_white__hq8748_0_57450.png;https:\/\/images.novelship.com\/product\/adidas_adifom_adilette_slide__off_white__hq8748_1_57450.png;https:\/\/images.novelship.com\/product\/adidas_adifom_adilette_slide__off_white__hq8748_2_57450.png;https:\/\/images.novelship.com\/product\/adidas_adifom_adilette_slide__off_white__hq8748_3_57450.png;https:\/\/images.novelship.com\/product\/adidas_adifom_adilette_slide__off_white__hq8748_4_57450.png\"},{\"@type\":\"BreadcrumbList\",\"@id\":\"https:\/\/tourcruiser.com\/fr\/products\/adidas-adifom-adilette-slide-off-white\/#breadcrumb\",\"itemListElement\":[{\"@type\":\"ListItem\",\"position\":1,\"name\":\"Home\",\"item\":\"https:\/\/tourcruiser.com\/fr\/\"},{\"@type\":\"ListItem\",\"position\":2,\"name\":\"Shop\",\"item\":\"https:\/\/tourcruiser.com\/fr\/shop\/\"},{\"@type\":\"ListItem\",\"position\":3,\"name\":\"adidas adiFOM Adilette Slide &#8216;Off White&#8217;\"}]},{\"@type\":\"WebSite\",\"@id\":\"\/#website\",\"url\":\"\/\",\"name\":\"Styloral Jewelry Shop\",\"description\":\"Tourcruiser Sneaker Store \u2014 L\u2019endroit o\u00f9 l\u2019univers rencontre votre singularit\u00e9.\",\"publisher\":{\"@id\":\"\/#organization\"},\"potentialAction\":[{\"@type\":\"SearchAction\",\"target\":{\"@type\":\"EntryPoint\",\"urlTemplate\":\"\/?s={search_term_string}\"},\"query-input\":{\"@type\":\"PropertyValueSpecification\",\"valueRequired\":true,\"valueName\":\"search_term_string\"}}],\"inLanguage\":\"fr-FR\"},{\"@type\":\"Organization\",\"@id\":\"\/#organization\",\"name\":\"STYLORAL PTE. LTD\",\"url\":\"\/\",\"logo\":{\"@type\":\"ImageObject\",\"inLanguage\":\"fr-FR\",\"@id\":\"\/#\/schema\/logo\/image\/\",\"url\":\"https:\/\/www.tourcruiser.com\/wp-content\/uploads\/2025\/12\/logo.png\",\"contentUrl\":\"https:\/\/www.tourcruiser.com\/wp-content\/uploads\/2025\/12\/logo.png\",\"width\":200,\"height\":65,\"caption\":\"STYLORAL PTE. LTD\"},\"image\":{\"@id\":\"\/#\/schema\/logo\/image\/\"}}]}<\/script>\n<!-- \/ Yoast SEO plugin. -->","yoast_head_json":{"title":"adidas adiFOM Adilette Slide 'Off White' - TOURCRUISER PTE. LTD","robots":{"index":"index","follow":"follow","max-snippet":"max-snippet:-1","max-image-preview":"max-image-preview:large","max-video-preview":"max-video-preview:-1"},"canonical":"https:\/\/tourcruiser.com\/fr\/products\/adidas-adifom-adilette-slide-off-white\/","og_locale":"fr_FR","og_type":"article","og_title":"adidas adiFOM Adilette Slide 'Off White' - TOURCRUISER PTE. LTD","og_description":"La sandale adidas adiFOM Adilette Off White est \u00e0 la fois \u00e9l\u00e9gante et confortable. Gr\u00e2ce \u00e0 l&rsquo;amorti adiFOM, elle offre un confort et un maintien optimaux. Sa couleur blanc cass\u00e9 apporte une touche tendance \u00e0 toutes vos tenues d\u00e9contract\u00e9es. Que ce soit pour se d\u00e9tendre au bord de la piscine ou faire des courses, cette [&hellip;]","og_url":"https:\/\/tourcruiser.com\/fr\/products\/adidas-adifom-adilette-slide-off-white\/","og_site_name":"Tourcruiser Sneaker Store","article_modified_time":"2026-04-17T16:14:16+00:00","twitter_card":"summary_large_image","twitter_image":"https:\/\/images.novelship.com\/product\/adidas_adifom_adilette_slide__off_white__hq8748_0_57450.png;https:\/\/images.novelship.com\/product\/adidas_adifom_adilette_slide__off_white__hq8748_1_57450.png;https:\/\/images.novelship.com\/product\/adidas_adifom_adilette_slide__off_white__hq8748_2_57450.png;https:\/\/images.novelship.com\/product\/adidas_adifom_adilette_slide__off_white__hq8748_3_57450.png;https:\/\/images.novelship.com\/product\/adidas_adifom_adilette_slide__off_white__hq8748_4_57450.png","schema":{"@context":"https:\/\/schema.org","@graph":[{"@type":"WebPage","@id":"https:\/\/tourcruiser.com\/fr\/products\/adidas-adifom-adilette-slide-off-white\/","url":"https:\/\/tourcruiser.com\/fr\/products\/adidas-adifom-adilette-slide-off-white\/","name":"adidas adiFOM Adilette Slide 'Off White' - TOURCRUISER PTE. LTD","isPartOf":{"@id":"\/#website"},"primaryImageOfPage":{"@id":"https:\/\/tourcruiser.com\/fr\/products\/adidas-adifom-adilette-slide-off-white\/#primaryimage"},"image":{"@id":"https:\/\/tourcruiser.com\/fr\/products\/adidas-adifom-adilette-slide-off-white\/#primaryimage"},"thumbnailUrl":"https:\/\/images.novelship.com\/product\/adidas_adifom_adilette_slide__off_white__hq8748_0_57450.png;https:\/\/images.novelship.com\/product\/adidas_adifom_adilette_slide__off_white__hq8748_1_57450.png;https:\/\/images.novelship.com\/product\/adidas_adifom_adilette_slide__off_white__hq8748_2_57450.png;https:\/\/images.novelship.com\/product\/adidas_adifom_adilette_slide__off_white__hq8748_3_57450.png;https:\/\/images.novelship.com\/product\/adidas_adifom_adilette_slide__off_white__hq8748_4_57450.png","datePublished":"2026-04-16T10:21:06+00:00","dateModified":"2026-04-17T16:14:16+00:00","breadcrumb":{"@id":"https:\/\/tourcruiser.com\/fr\/products\/adidas-adifom-adilette-slide-off-white\/#breadcrumb"},"inLanguage":"fr-FR","potentialAction":[{"@type":"ReadAction","target":["https:\/\/tourcruiser.com\/fr\/products\/adidas-adifom-adilette-slide-off-white\/"]}]},{"@type":"ImageObject","inLanguage":"fr-FR","@id":"https:\/\/tourcruiser.com\/fr\/products\/adidas-adifom-adilette-slide-off-white\/#primaryimage","url":"https:\/\/images.novelship.com\/product\/adidas_adifom_adilette_slide__off_white__hq8748_0_57450.png;https:\/\/images.novelship.com\/product\/adidas_adifom_adilette_slide__off_white__hq8748_1_57450.png;https:\/\/images.novelship.com\/product\/adidas_adifom_adilette_slide__off_white__hq8748_2_57450.png;https:\/\/images.novelship.com\/product\/adidas_adifom_adilette_slide__off_white__hq8748_3_57450.png;https:\/\/images.novelship.com\/product\/adidas_adifom_adilette_slide__off_white__hq8748_4_57450.png","contentUrl":"https:\/\/images.novelship.com\/product\/adidas_adifom_adilette_slide__off_white__hq8748_0_57450.png;https:\/\/images.novelship.com\/product\/adidas_adifom_adilette_slide__off_white__hq8748_1_57450.png;https:\/\/images.novelship.com\/product\/adidas_adifom_adilette_slide__off_white__hq8748_2_57450.png;https:\/\/images.novelship.com\/product\/adidas_adifom_adilette_slide__off_white__hq8748_3_57450.png;https:\/\/images.novelship.com\/product\/adidas_adifom_adilette_slide__off_white__hq8748_4_57450.png"},{"@type":"BreadcrumbList","@id":"https:\/\/tourcruiser.com\/fr\/products\/adidas-adifom-adilette-slide-off-white\/#breadcrumb","itemListElement":[{"@type":"ListItem","position":1,"name":"Home","item":"https:\/\/tourcruiser.com\/fr\/"},{"@type":"ListItem","position":2,"name":"Shop","item":"https:\/\/tourcruiser.com\/fr\/shop\/"},{"@type":"ListItem","position":3,"name":"adidas adiFOM Adilette Slide &#8216;Off White&#8217;"}]},{"@type":"WebSite","@id":"\/#website","url":"\/","name":"Styloral Jewelry Shop","description":"Tourcruiser Sneaker Store \u2014 L\u2019endroit o\u00f9 l\u2019univers rencontre votre singularit\u00e9.","publisher":{"@id":"\/#organization"},"potentialAction":[{"@type":"SearchAction","target":{"@type":"EntryPoint","urlTemplate":"\/?s={search_term_string}"},"query-input":{"@type":"PropertyValueSpecification","valueRequired":true,"valueName":"search_term_string"}}],"inLanguage":"fr-FR"},{"@type":"Organization","@id":"\/#organization","name":"STYLORAL PTE. LTD","url":"\/","logo":{"@type":"ImageObject","inLanguage":"fr-FR","@id":"\/#\/schema\/logo\/image\/","url":"https:\/\/www.tourcruiser.com\/wp-content\/uploads\/2025\/12\/logo.png","contentUrl":"https:\/\/www.tourcruiser.com\/wp-content\/uploads\/2025\/12\/logo.png","width":200,"height":65,"caption":"STYLORAL PTE. LTD"},"image":{"@id":"\/#\/schema\/logo\/image\/"}}]}},"_links":{"self":[{"href":"https:\/\/tourcruiser.com\/fr\/wp-json\/wp\/v2\/product\/779277","targetHints":{"allow":["GET"]}}],"collection":[{"href":"https:\/\/tourcruiser.com\/fr\/wp-json\/wp\/v2\/product"}],"about":[{"href":"https:\/\/tourcruiser.com\/fr\/wp-json\/wp\/v2\/types\/product"}],"replies":[{"embeddable":true,"href":"https:\/\/tourcruiser.com\/fr\/wp-json\/wp\/v2\/comments?post=779277"}],"wp:featuredmedia":[{"embeddable":true,"href":"https:\/\/tourcruiser.com\/fr\/wp-json\/wp\/v2\/media\/779278"}],"wp:attachment":[{"href":"https:\/\/tourcruiser.com\/fr\/wp-json\/wp\/v2\/media?parent=779277"}],"wp:term":[{"taxonomy":"product_brand","embeddable":true,"href":"https:\/\/tourcruiser.com\/fr\/wp-json\/wp\/v2\/product_brand?post=779277"},{"taxonomy":"product_cat","embeddable":true,"href":"https:\/\/tourcruiser.com\/fr\/wp-json\/wp\/v2\/product_cat?post=779277"},{"taxonomy":"product_tag","embeddable":true,"href":"https:\/\/tourcruiser.com\/fr\/wp-json\/wp\/v2\/product_tag?post=779277"}],"curies":[{"name":"wp","href":"https:\/\/api.w.org\/{rel}","templated":true}]}}