{"id":778886,"date":"2026-04-16T17:20:44","date_gmt":"2026-04-16T10:20:44","guid":{"rendered":"http:\/\/tourcruiser.com\/product\/air-jordan-hydro-7-slide-clay-green"},"modified":"2026-04-17T23:14:07","modified_gmt":"2026-04-17T16:14:07","slug":"air-jordan-hydro-7-slide-clay-green","status":"publish","type":"product","link":"https:\/\/tourcruiser.com\/fr\/products\/air-jordan-hydro-7-slide-clay-green\/","title":{"rendered":"Air Jordan Hydro 7 Slide &lsquo;Clay Green&rsquo;"},"content":{"rendered":"<p>Affirmez votre style avec les claquettes Air Jordan Hydro 7 \u00ab\u00a0Clay Green\u00a0\u00bb AA2517-035. Ces claquettes allient design \u00e9l\u00e9gant et confort exceptionnel. Gr\u00e2ce \u00e0 leur mousse souple et textur\u00e9e, elles offrent un maintien et un confort optimaux. Leur teinte vert argile \u00e9clatante apporte une touche d&rsquo;originalit\u00e9, tandis que la semelle int\u00e9rieure moul\u00e9e et la semelle ext\u00e9rieure adh\u00e9rente garantissent stabilit\u00e9 et durabilit\u00e9. Id\u00e9ales pour vos loisirs ou pour vous d\u00e9tendre apr\u00e8s l&rsquo;effort, les claquettes Air Jordan Hydro 7 \u00ab\u00a0Clay Green\u00a0\u00bb allient style et fonctionnalit\u00e9.<\/p>\n<p>Couleur\u00a0: Gris fonc\u00e9-Vert argile<\/p>\n<p>Code article\u00a0: AA2517-035<\/p>\n<p>Couleur\u00a0: Gris<\/p>\n<p>Saison\u00a0: Toute l&rsquo;ann\u00e9e<\/p>\n<p>\u00c2ge\u00a0: Adultes<\/p>\n<p>Couleur\u00a0: Gris<\/p>\n<p>Genre\u00a0: Homme<\/p>\n","protected":false},"excerpt":{"rendered":"<p>Affirmez votre style avec les claquettes Air Jordan Hydro 7 \u00ab\u00a0Clay Green\u00a0\u00bb AA2517-035. Ces claquettes allient design \u00e9l\u00e9gant et confort exceptionnel. Gr\u00e2ce \u00e0 leur mousse souple et textur\u00e9e, elles offrent un maintien et un confort optimaux. Leur teinte vert argile \u00e9clatante apporte une touche d&rsquo;originalit\u00e9, tandis que la semelle int\u00e9rieure moul\u00e9e et la semelle ext\u00e9rieure [&hellip;]<\/p>\n","protected":false},"featured_media":778887,"comment_status":"open","ping_status":"closed","template":"","meta":[],"product_brand":[],"product_cat":[38880],"product_tag":[38861,10864,10753,10776,10754,10808,38902],"class_list":{"0":"post-778886","1":"product","2":"type-product","3":"status-publish","4":"has-post-thumbnail","6":"product_cat-jordan","7":"product_tag-below-retail-price","8":"product_tag-casual-sandals","9":"product_tag-gift-for-him","10":"product_tag-jordan","11":"product_tag-lifestyle-casual-shoes","12":"product_tag-slides","13":"product_tag-trendy-offers","15":"first","16":"instock","17":"sale","18":"taxable","19":"shipping-taxable","20":"purchasable","21":"product-type-simple"},"wcpa_form_fields":null,"yoast_head":"<!-- This site is optimized with the Yoast SEO plugin v26.5 - https:\/\/yoast.com\/wordpress\/plugins\/seo\/ -->\n<title>Air Jordan Hydro 7 Slide &#039;Clay Green&#039; - TOURCRUISER PTE. LTD<\/title>\n<meta name=\"robots\" content=\"index, follow, max-snippet:-1, max-image-preview:large, max-video-preview:-1\" \/>\n<link rel=\"canonical\" href=\"https:\/\/tourcruiser.com\/fr\/products\/air-jordan-hydro-7-slide-clay-green\/\" \/>\n<meta property=\"og:locale\" content=\"fr_FR\" \/>\n<meta property=\"og:type\" content=\"article\" \/>\n<meta property=\"og:title\" content=\"Air Jordan Hydro 7 Slide &#039;Clay Green&#039; - TOURCRUISER PTE. LTD\" \/>\n<meta property=\"og:description\" content=\"Affirmez votre style avec les claquettes Air Jordan Hydro 7 \u00ab\u00a0Clay Green\u00a0\u00bb AA2517-035. Ces claquettes allient design \u00e9l\u00e9gant et confort exceptionnel. Gr\u00e2ce \u00e0 leur mousse souple et textur\u00e9e, elles offrent un maintien et un confort optimaux. Leur teinte vert argile \u00e9clatante apporte une touche d&rsquo;originalit\u00e9, tandis que la semelle int\u00e9rieure moul\u00e9e et la semelle ext\u00e9rieure [&hellip;]\" \/>\n<meta property=\"og:url\" content=\"https:\/\/tourcruiser.com\/fr\/products\/air-jordan-hydro-7-slide-clay-green\/\" \/>\n<meta property=\"og:site_name\" content=\"Tourcruiser Sneaker Store\" \/>\n<meta property=\"article:modified_time\" content=\"2026-04-17T16:14:07+00:00\" \/>\n<meta name=\"twitter:card\" content=\"summary_large_image\" \/>\n<meta name=\"twitter:image\" content=\"https:\/\/images.novelship.com\/product\/air_jordan_hydro_7_slide__clay_green__aa2517-035_0_53788.jpeg;https:\/\/images.novelship.com\/product\/air_jordan_hydro_7_slide__clay_green__aa2517-035_1_53788.jpeg;https:\/\/images.novelship.com\/product\/air_jordan_hydro_7_slide__clay_green__aa2517-035_2_53788.jpeg;https:\/\/images.novelship.com\/product\/air_jordan_hydro_7_slide__clay_green__aa2517-035_3_53788.jpeg;https:\/\/images.novelship.com\/product\/air_jordan_hydro_7_slide__clay_green__aa2517-035_4_53788.jpeg\" \/>\n<meta name=\"twitter:label1\" content=\"Dur\u00e9e de lecture estim\u00e9e\" \/>\n\t<meta name=\"twitter:data1\" content=\"1 minute\" \/>\n<script type=\"application\/ld+json\" class=\"yoast-schema-graph\">{\"@context\":\"https:\/\/schema.org\",\"@graph\":[{\"@type\":\"WebPage\",\"@id\":\"https:\/\/tourcruiser.com\/fr\/products\/air-jordan-hydro-7-slide-clay-green\/\",\"url\":\"https:\/\/tourcruiser.com\/fr\/products\/air-jordan-hydro-7-slide-clay-green\/\",\"name\":\"Air Jordan Hydro 7 Slide 'Clay Green' - TOURCRUISER PTE. LTD\",\"isPartOf\":{\"@id\":\"\/#website\"},\"primaryImageOfPage\":{\"@id\":\"https:\/\/tourcruiser.com\/fr\/products\/air-jordan-hydro-7-slide-clay-green\/#primaryimage\"},\"image\":{\"@id\":\"https:\/\/tourcruiser.com\/fr\/products\/air-jordan-hydro-7-slide-clay-green\/#primaryimage\"},\"thumbnailUrl\":\"https:\/\/images.novelship.com\/product\/air_jordan_hydro_7_slide__clay_green__aa2517-035_0_53788.jpeg;https:\/\/images.novelship.com\/product\/air_jordan_hydro_7_slide__clay_green__aa2517-035_1_53788.jpeg;https:\/\/images.novelship.com\/product\/air_jordan_hydro_7_slide__clay_green__aa2517-035_2_53788.jpeg;https:\/\/images.novelship.com\/product\/air_jordan_hydro_7_slide__clay_green__aa2517-035_3_53788.jpeg;https:\/\/images.novelship.com\/product\/air_jordan_hydro_7_slide__clay_green__aa2517-035_4_53788.jpeg\",\"datePublished\":\"2026-04-16T10:20:44+00:00\",\"dateModified\":\"2026-04-17T16:14:07+00:00\",\"breadcrumb\":{\"@id\":\"https:\/\/tourcruiser.com\/fr\/products\/air-jordan-hydro-7-slide-clay-green\/#breadcrumb\"},\"inLanguage\":\"fr-FR\",\"potentialAction\":[{\"@type\":\"ReadAction\",\"target\":[\"https:\/\/tourcruiser.com\/fr\/products\/air-jordan-hydro-7-slide-clay-green\/\"]}]},{\"@type\":\"ImageObject\",\"inLanguage\":\"fr-FR\",\"@id\":\"https:\/\/tourcruiser.com\/fr\/products\/air-jordan-hydro-7-slide-clay-green\/#primaryimage\",\"url\":\"https:\/\/images.novelship.com\/product\/air_jordan_hydro_7_slide__clay_green__aa2517-035_0_53788.jpeg;https:\/\/images.novelship.com\/product\/air_jordan_hydro_7_slide__clay_green__aa2517-035_1_53788.jpeg;https:\/\/images.novelship.com\/product\/air_jordan_hydro_7_slide__clay_green__aa2517-035_2_53788.jpeg;https:\/\/images.novelship.com\/product\/air_jordan_hydro_7_slide__clay_green__aa2517-035_3_53788.jpeg;https:\/\/images.novelship.com\/product\/air_jordan_hydro_7_slide__clay_green__aa2517-035_4_53788.jpeg\",\"contentUrl\":\"https:\/\/images.novelship.com\/product\/air_jordan_hydro_7_slide__clay_green__aa2517-035_0_53788.jpeg;https:\/\/images.novelship.com\/product\/air_jordan_hydro_7_slide__clay_green__aa2517-035_1_53788.jpeg;https:\/\/images.novelship.com\/product\/air_jordan_hydro_7_slide__clay_green__aa2517-035_2_53788.jpeg;https:\/\/images.novelship.com\/product\/air_jordan_hydro_7_slide__clay_green__aa2517-035_3_53788.jpeg;https:\/\/images.novelship.com\/product\/air_jordan_hydro_7_slide__clay_green__aa2517-035_4_53788.jpeg\"},{\"@type\":\"BreadcrumbList\",\"@id\":\"https:\/\/tourcruiser.com\/fr\/products\/air-jordan-hydro-7-slide-clay-green\/#breadcrumb\",\"itemListElement\":[{\"@type\":\"ListItem\",\"position\":1,\"name\":\"Home\",\"item\":\"https:\/\/tourcruiser.com\/fr\/\"},{\"@type\":\"ListItem\",\"position\":2,\"name\":\"Shop\",\"item\":\"https:\/\/tourcruiser.com\/fr\/shop\/\"},{\"@type\":\"ListItem\",\"position\":3,\"name\":\"Air Jordan Hydro 7 Slide &#8216;Clay Green&#8217;\"}]},{\"@type\":\"WebSite\",\"@id\":\"\/#website\",\"url\":\"\/\",\"name\":\"Styloral Jewelry Shop\",\"description\":\"Tourcruiser Sneaker Store \u2014 L\u2019endroit o\u00f9 l\u2019univers rencontre votre singularit\u00e9.\",\"publisher\":{\"@id\":\"\/#organization\"},\"potentialAction\":[{\"@type\":\"SearchAction\",\"target\":{\"@type\":\"EntryPoint\",\"urlTemplate\":\"\/?s={search_term_string}\"},\"query-input\":{\"@type\":\"PropertyValueSpecification\",\"valueRequired\":true,\"valueName\":\"search_term_string\"}}],\"inLanguage\":\"fr-FR\"},{\"@type\":\"Organization\",\"@id\":\"\/#organization\",\"name\":\"STYLORAL PTE. LTD\",\"url\":\"\/\",\"logo\":{\"@type\":\"ImageObject\",\"inLanguage\":\"fr-FR\",\"@id\":\"\/#\/schema\/logo\/image\/\",\"url\":\"https:\/\/www.tourcruiser.com\/wp-content\/uploads\/2025\/12\/logo.png\",\"contentUrl\":\"https:\/\/www.tourcruiser.com\/wp-content\/uploads\/2025\/12\/logo.png\",\"width\":200,\"height\":65,\"caption\":\"STYLORAL PTE. LTD\"},\"image\":{\"@id\":\"\/#\/schema\/logo\/image\/\"}}]}<\/script>\n<!-- \/ Yoast SEO plugin. -->","yoast_head_json":{"title":"Air Jordan Hydro 7 Slide 'Clay Green' - TOURCRUISER PTE. LTD","robots":{"index":"index","follow":"follow","max-snippet":"max-snippet:-1","max-image-preview":"max-image-preview:large","max-video-preview":"max-video-preview:-1"},"canonical":"https:\/\/tourcruiser.com\/fr\/products\/air-jordan-hydro-7-slide-clay-green\/","og_locale":"fr_FR","og_type":"article","og_title":"Air Jordan Hydro 7 Slide 'Clay Green' - TOURCRUISER PTE. LTD","og_description":"Affirmez votre style avec les claquettes Air Jordan Hydro 7 \u00ab\u00a0Clay Green\u00a0\u00bb AA2517-035. Ces claquettes allient design \u00e9l\u00e9gant et confort exceptionnel. Gr\u00e2ce \u00e0 leur mousse souple et textur\u00e9e, elles offrent un maintien et un confort optimaux. Leur teinte vert argile \u00e9clatante apporte une touche d&rsquo;originalit\u00e9, tandis que la semelle int\u00e9rieure moul\u00e9e et la semelle ext\u00e9rieure [&hellip;]","og_url":"https:\/\/tourcruiser.com\/fr\/products\/air-jordan-hydro-7-slide-clay-green\/","og_site_name":"Tourcruiser Sneaker Store","article_modified_time":"2026-04-17T16:14:07+00:00","twitter_card":"summary_large_image","twitter_image":"https:\/\/images.novelship.com\/product\/air_jordan_hydro_7_slide__clay_green__aa2517-035_0_53788.jpeg;https:\/\/images.novelship.com\/product\/air_jordan_hydro_7_slide__clay_green__aa2517-035_1_53788.jpeg;https:\/\/images.novelship.com\/product\/air_jordan_hydro_7_slide__clay_green__aa2517-035_2_53788.jpeg;https:\/\/images.novelship.com\/product\/air_jordan_hydro_7_slide__clay_green__aa2517-035_3_53788.jpeg;https:\/\/images.novelship.com\/product\/air_jordan_hydro_7_slide__clay_green__aa2517-035_4_53788.jpeg","twitter_misc":{"Dur\u00e9e de lecture estim\u00e9e":"1 minute"},"schema":{"@context":"https:\/\/schema.org","@graph":[{"@type":"WebPage","@id":"https:\/\/tourcruiser.com\/fr\/products\/air-jordan-hydro-7-slide-clay-green\/","url":"https:\/\/tourcruiser.com\/fr\/products\/air-jordan-hydro-7-slide-clay-green\/","name":"Air Jordan Hydro 7 Slide 'Clay Green' - TOURCRUISER PTE. LTD","isPartOf":{"@id":"\/#website"},"primaryImageOfPage":{"@id":"https:\/\/tourcruiser.com\/fr\/products\/air-jordan-hydro-7-slide-clay-green\/#primaryimage"},"image":{"@id":"https:\/\/tourcruiser.com\/fr\/products\/air-jordan-hydro-7-slide-clay-green\/#primaryimage"},"thumbnailUrl":"https:\/\/images.novelship.com\/product\/air_jordan_hydro_7_slide__clay_green__aa2517-035_0_53788.jpeg;https:\/\/images.novelship.com\/product\/air_jordan_hydro_7_slide__clay_green__aa2517-035_1_53788.jpeg;https:\/\/images.novelship.com\/product\/air_jordan_hydro_7_slide__clay_green__aa2517-035_2_53788.jpeg;https:\/\/images.novelship.com\/product\/air_jordan_hydro_7_slide__clay_green__aa2517-035_3_53788.jpeg;https:\/\/images.novelship.com\/product\/air_jordan_hydro_7_slide__clay_green__aa2517-035_4_53788.jpeg","datePublished":"2026-04-16T10:20:44+00:00","dateModified":"2026-04-17T16:14:07+00:00","breadcrumb":{"@id":"https:\/\/tourcruiser.com\/fr\/products\/air-jordan-hydro-7-slide-clay-green\/#breadcrumb"},"inLanguage":"fr-FR","potentialAction":[{"@type":"ReadAction","target":["https:\/\/tourcruiser.com\/fr\/products\/air-jordan-hydro-7-slide-clay-green\/"]}]},{"@type":"ImageObject","inLanguage":"fr-FR","@id":"https:\/\/tourcruiser.com\/fr\/products\/air-jordan-hydro-7-slide-clay-green\/#primaryimage","url":"https:\/\/images.novelship.com\/product\/air_jordan_hydro_7_slide__clay_green__aa2517-035_0_53788.jpeg;https:\/\/images.novelship.com\/product\/air_jordan_hydro_7_slide__clay_green__aa2517-035_1_53788.jpeg;https:\/\/images.novelship.com\/product\/air_jordan_hydro_7_slide__clay_green__aa2517-035_2_53788.jpeg;https:\/\/images.novelship.com\/product\/air_jordan_hydro_7_slide__clay_green__aa2517-035_3_53788.jpeg;https:\/\/images.novelship.com\/product\/air_jordan_hydro_7_slide__clay_green__aa2517-035_4_53788.jpeg","contentUrl":"https:\/\/images.novelship.com\/product\/air_jordan_hydro_7_slide__clay_green__aa2517-035_0_53788.jpeg;https:\/\/images.novelship.com\/product\/air_jordan_hydro_7_slide__clay_green__aa2517-035_1_53788.jpeg;https:\/\/images.novelship.com\/product\/air_jordan_hydro_7_slide__clay_green__aa2517-035_2_53788.jpeg;https:\/\/images.novelship.com\/product\/air_jordan_hydro_7_slide__clay_green__aa2517-035_3_53788.jpeg;https:\/\/images.novelship.com\/product\/air_jordan_hydro_7_slide__clay_green__aa2517-035_4_53788.jpeg"},{"@type":"BreadcrumbList","@id":"https:\/\/tourcruiser.com\/fr\/products\/air-jordan-hydro-7-slide-clay-green\/#breadcrumb","itemListElement":[{"@type":"ListItem","position":1,"name":"Home","item":"https:\/\/tourcruiser.com\/fr\/"},{"@type":"ListItem","position":2,"name":"Shop","item":"https:\/\/tourcruiser.com\/fr\/shop\/"},{"@type":"ListItem","position":3,"name":"Air Jordan Hydro 7 Slide &#8216;Clay Green&#8217;"}]},{"@type":"WebSite","@id":"\/#website","url":"\/","name":"Styloral Jewelry Shop","description":"Tourcruiser Sneaker Store \u2014 L\u2019endroit o\u00f9 l\u2019univers rencontre votre singularit\u00e9.","publisher":{"@id":"\/#organization"},"potentialAction":[{"@type":"SearchAction","target":{"@type":"EntryPoint","urlTemplate":"\/?s={search_term_string}"},"query-input":{"@type":"PropertyValueSpecification","valueRequired":true,"valueName":"search_term_string"}}],"inLanguage":"fr-FR"},{"@type":"Organization","@id":"\/#organization","name":"STYLORAL PTE. LTD","url":"\/","logo":{"@type":"ImageObject","inLanguage":"fr-FR","@id":"\/#\/schema\/logo\/image\/","url":"https:\/\/www.tourcruiser.com\/wp-content\/uploads\/2025\/12\/logo.png","contentUrl":"https:\/\/www.tourcruiser.com\/wp-content\/uploads\/2025\/12\/logo.png","width":200,"height":65,"caption":"STYLORAL PTE. LTD"},"image":{"@id":"\/#\/schema\/logo\/image\/"}}]}},"_links":{"self":[{"href":"https:\/\/tourcruiser.com\/fr\/wp-json\/wp\/v2\/product\/778886","targetHints":{"allow":["GET"]}}],"collection":[{"href":"https:\/\/tourcruiser.com\/fr\/wp-json\/wp\/v2\/product"}],"about":[{"href":"https:\/\/tourcruiser.com\/fr\/wp-json\/wp\/v2\/types\/product"}],"replies":[{"embeddable":true,"href":"https:\/\/tourcruiser.com\/fr\/wp-json\/wp\/v2\/comments?post=778886"}],"wp:featuredmedia":[{"embeddable":true,"href":"https:\/\/tourcruiser.com\/fr\/wp-json\/wp\/v2\/media\/778887"}],"wp:attachment":[{"href":"https:\/\/tourcruiser.com\/fr\/wp-json\/wp\/v2\/media?parent=778886"}],"wp:term":[{"taxonomy":"product_brand","embeddable":true,"href":"https:\/\/tourcruiser.com\/fr\/wp-json\/wp\/v2\/product_brand?post=778886"},{"taxonomy":"product_cat","embeddable":true,"href":"https:\/\/tourcruiser.com\/fr\/wp-json\/wp\/v2\/product_cat?post=778886"},{"taxonomy":"product_tag","embeddable":true,"href":"https:\/\/tourcruiser.com\/fr\/wp-json\/wp\/v2\/product_tag?post=778886"}],"curies":[{"name":"wp","href":"https:\/\/api.w.org\/{rel}","templated":true}]}}