{"id":778718,"date":"2026-04-16T17:20:25","date_gmt":"2026-04-16T10:20:25","guid":{"rendered":"http:\/\/tourcruiser.com\/product\/air-jordan-hydro-7-slides-white"},"modified":"2026-04-17T23:13:59","modified_gmt":"2026-04-17T16:13:59","slug":"air-jordan-hydro-7-slides-white","status":"publish","type":"product","link":"https:\/\/tourcruiser.com\/fr\/products\/air-jordan-hydro-7-slides-white\/","title":{"rendered":"Air Jordan Hydro 7 Slides &lsquo;White&rsquo;"},"content":{"rendered":"<p>D\u00e9tendez-vous avec les claquettes Air Jordan Hydro 7 d&rsquo;un blanc \u00e9clatant et adoptez un style l\u00e9gendaire. Ces claquettes offrent un confort optimal gr\u00e2ce \u00e0 leur semelle int\u00e9rieure moul\u00e9e et souple et \u00e0 leur bride ajustable. La semelle ext\u00e9rieure l\u00e9g\u00e8re et r\u00e9sistante garantit une durabilit\u00e9 exceptionnelle, tandis que le logo Jumpman embl\u00e9matique incarne l&rsquo;ADN Jordan inimitable. Que ce soit pour se relaxer apr\u00e8s un match ou pour les porter au quotidien, les claquettes Hydro 7 allient confort et style \u00e0 la perfection.<\/p>\n<p>Coloris\u00a0: Noir\/Blanc-Rouge<\/p>\n<p>Code article\u00a0: AA2517-001<\/p>\n<p>Couleur\u00a0: Blanc<\/p>\n<p>Saison\u00a0: Hiver<br \/>\nAnn\u00e9e de sortie\u00a0: 2018<\/p>\n<p>\u00c2ge\u00a0: Adulte<\/p>\n<p>Couleur\u00a0: Blanc<\/p>\n<p>Genre\u00a0: Homme<\/p>\n","protected":false},"excerpt":{"rendered":"<p>D\u00e9tendez-vous avec les claquettes Air Jordan Hydro 7 d&rsquo;un blanc \u00e9clatant et adoptez un style l\u00e9gendaire. Ces claquettes offrent un confort optimal gr\u00e2ce \u00e0 leur semelle int\u00e9rieure moul\u00e9e et souple et \u00e0 leur bride ajustable. La semelle ext\u00e9rieure l\u00e9g\u00e8re et r\u00e9sistante garantit une durabilit\u00e9 exceptionnelle, tandis que le logo Jumpman embl\u00e9matique incarne l&rsquo;ADN Jordan inimitable. [&hellip;]<\/p>\n","protected":false},"featured_media":778719,"comment_status":"open","ping_status":"closed","template":"","meta":[],"product_brand":[],"product_cat":[38880],"product_tag":[10864,10776,39035,10808],"class_list":{"0":"post-778718","1":"product","2":"type-product","3":"status-publish","4":"has-post-thumbnail","6":"product_cat-jordan","7":"product_tag-casual-sandals","8":"product_tag-jordan","9":"product_tag-lifestyle-leisure-shoes","10":"product_tag-slides","12":"first","13":"instock","14":"taxable","15":"shipping-taxable","16":"purchasable","17":"product-type-simple"},"wcpa_form_fields":null,"yoast_head":"<!-- This site is optimized with the Yoast SEO plugin v26.5 - https:\/\/yoast.com\/wordpress\/plugins\/seo\/ -->\n<title>Air Jordan Hydro 7 Slides &#039;White&#039; - TOURCRUISER PTE. LTD<\/title>\n<meta name=\"robots\" content=\"index, follow, max-snippet:-1, max-image-preview:large, max-video-preview:-1\" \/>\n<link rel=\"canonical\" href=\"https:\/\/tourcruiser.com\/fr\/products\/air-jordan-hydro-7-slides-white\/\" \/>\n<meta property=\"og:locale\" content=\"fr_FR\" \/>\n<meta property=\"og:type\" content=\"article\" \/>\n<meta property=\"og:title\" content=\"Air Jordan Hydro 7 Slides &#039;White&#039; - TOURCRUISER PTE. LTD\" \/>\n<meta property=\"og:description\" content=\"D\u00e9tendez-vous avec les claquettes Air Jordan Hydro 7 d&rsquo;un blanc \u00e9clatant et adoptez un style l\u00e9gendaire. Ces claquettes offrent un confort optimal gr\u00e2ce \u00e0 leur semelle int\u00e9rieure moul\u00e9e et souple et \u00e0 leur bride ajustable. La semelle ext\u00e9rieure l\u00e9g\u00e8re et r\u00e9sistante garantit une durabilit\u00e9 exceptionnelle, tandis que le logo Jumpman embl\u00e9matique incarne l&rsquo;ADN Jordan inimitable. [&hellip;]\" \/>\n<meta property=\"og:url\" content=\"https:\/\/tourcruiser.com\/fr\/products\/air-jordan-hydro-7-slides-white\/\" \/>\n<meta property=\"og:site_name\" content=\"Tourcruiser Sneaker Store\" \/>\n<meta property=\"article:modified_time\" content=\"2026-04-17T16:13:59+00:00\" \/>\n<meta name=\"twitter:card\" content=\"summary_large_image\" \/>\n<meta name=\"twitter:image\" content=\"https:\/\/images.novelship.com\/product\/air_jordan_hydro_7_slides__white__aa2517-001_0_17824.jpeg;https:\/\/images.novelship.com\/product\/air_jordan_hydro_7_slides__white__aa2517-001_1_17824.jpeg;https:\/\/images.novelship.com\/product\/air_jordan_hydro_7_slides__white__aa2517-001_2_17825.jpeg;https:\/\/images.novelship.com\/product\/air_jordan_hydro_7_slides__white__aa2517-001_3_17825.jpeg;https:\/\/images.novelship.com\/product\/air_jordan_hydro_7_slides__white__aa2517-001_4_17825.jpeg\" \/>\n<meta name=\"twitter:label1\" content=\"Dur\u00e9e de lecture estim\u00e9e\" \/>\n\t<meta name=\"twitter:data1\" content=\"1 minute\" \/>\n<script type=\"application\/ld+json\" class=\"yoast-schema-graph\">{\"@context\":\"https:\/\/schema.org\",\"@graph\":[{\"@type\":\"WebPage\",\"@id\":\"https:\/\/tourcruiser.com\/fr\/products\/air-jordan-hydro-7-slides-white\/\",\"url\":\"https:\/\/tourcruiser.com\/fr\/products\/air-jordan-hydro-7-slides-white\/\",\"name\":\"Air Jordan Hydro 7 Slides 'White' - TOURCRUISER PTE. LTD\",\"isPartOf\":{\"@id\":\"\/#website\"},\"primaryImageOfPage\":{\"@id\":\"https:\/\/tourcruiser.com\/fr\/products\/air-jordan-hydro-7-slides-white\/#primaryimage\"},\"image\":{\"@id\":\"https:\/\/tourcruiser.com\/fr\/products\/air-jordan-hydro-7-slides-white\/#primaryimage\"},\"thumbnailUrl\":\"https:\/\/images.novelship.com\/product\/air_jordan_hydro_7_slides__white__aa2517-001_0_17824.jpeg;https:\/\/images.novelship.com\/product\/air_jordan_hydro_7_slides__white__aa2517-001_1_17824.jpeg;https:\/\/images.novelship.com\/product\/air_jordan_hydro_7_slides__white__aa2517-001_2_17825.jpeg;https:\/\/images.novelship.com\/product\/air_jordan_hydro_7_slides__white__aa2517-001_3_17825.jpeg;https:\/\/images.novelship.com\/product\/air_jordan_hydro_7_slides__white__aa2517-001_4_17825.jpeg\",\"datePublished\":\"2026-04-16T10:20:25+00:00\",\"dateModified\":\"2026-04-17T16:13:59+00:00\",\"breadcrumb\":{\"@id\":\"https:\/\/tourcruiser.com\/fr\/products\/air-jordan-hydro-7-slides-white\/#breadcrumb\"},\"inLanguage\":\"fr-FR\",\"potentialAction\":[{\"@type\":\"ReadAction\",\"target\":[\"https:\/\/tourcruiser.com\/fr\/products\/air-jordan-hydro-7-slides-white\/\"]}]},{\"@type\":\"ImageObject\",\"inLanguage\":\"fr-FR\",\"@id\":\"https:\/\/tourcruiser.com\/fr\/products\/air-jordan-hydro-7-slides-white\/#primaryimage\",\"url\":\"https:\/\/images.novelship.com\/product\/air_jordan_hydro_7_slides__white__aa2517-001_0_17824.jpeg;https:\/\/images.novelship.com\/product\/air_jordan_hydro_7_slides__white__aa2517-001_1_17824.jpeg;https:\/\/images.novelship.com\/product\/air_jordan_hydro_7_slides__white__aa2517-001_2_17825.jpeg;https:\/\/images.novelship.com\/product\/air_jordan_hydro_7_slides__white__aa2517-001_3_17825.jpeg;https:\/\/images.novelship.com\/product\/air_jordan_hydro_7_slides__white__aa2517-001_4_17825.jpeg\",\"contentUrl\":\"https:\/\/images.novelship.com\/product\/air_jordan_hydro_7_slides__white__aa2517-001_0_17824.jpeg;https:\/\/images.novelship.com\/product\/air_jordan_hydro_7_slides__white__aa2517-001_1_17824.jpeg;https:\/\/images.novelship.com\/product\/air_jordan_hydro_7_slides__white__aa2517-001_2_17825.jpeg;https:\/\/images.novelship.com\/product\/air_jordan_hydro_7_slides__white__aa2517-001_3_17825.jpeg;https:\/\/images.novelship.com\/product\/air_jordan_hydro_7_slides__white__aa2517-001_4_17825.jpeg\"},{\"@type\":\"BreadcrumbList\",\"@id\":\"https:\/\/tourcruiser.com\/fr\/products\/air-jordan-hydro-7-slides-white\/#breadcrumb\",\"itemListElement\":[{\"@type\":\"ListItem\",\"position\":1,\"name\":\"Home\",\"item\":\"https:\/\/tourcruiser.com\/fr\/\"},{\"@type\":\"ListItem\",\"position\":2,\"name\":\"Shop\",\"item\":\"https:\/\/tourcruiser.com\/fr\/shop\/\"},{\"@type\":\"ListItem\",\"position\":3,\"name\":\"Air Jordan Hydro 7 Slides &#8216;White&#8217;\"}]},{\"@type\":\"WebSite\",\"@id\":\"\/#website\",\"url\":\"\/\",\"name\":\"Styloral Jewelry Shop\",\"description\":\"Tourcruiser Sneaker Store \u2014 L\u2019endroit o\u00f9 l\u2019univers rencontre votre singularit\u00e9.\",\"publisher\":{\"@id\":\"\/#organization\"},\"potentialAction\":[{\"@type\":\"SearchAction\",\"target\":{\"@type\":\"EntryPoint\",\"urlTemplate\":\"\/?s={search_term_string}\"},\"query-input\":{\"@type\":\"PropertyValueSpecification\",\"valueRequired\":true,\"valueName\":\"search_term_string\"}}],\"inLanguage\":\"fr-FR\"},{\"@type\":\"Organization\",\"@id\":\"\/#organization\",\"name\":\"STYLORAL PTE. LTD\",\"url\":\"\/\",\"logo\":{\"@type\":\"ImageObject\",\"inLanguage\":\"fr-FR\",\"@id\":\"\/#\/schema\/logo\/image\/\",\"url\":\"https:\/\/www.tourcruiser.com\/wp-content\/uploads\/2025\/12\/logo.png\",\"contentUrl\":\"https:\/\/www.tourcruiser.com\/wp-content\/uploads\/2025\/12\/logo.png\",\"width\":200,\"height\":65,\"caption\":\"STYLORAL PTE. LTD\"},\"image\":{\"@id\":\"\/#\/schema\/logo\/image\/\"}}]}<\/script>\n<!-- \/ Yoast SEO plugin. -->","yoast_head_json":{"title":"Air Jordan Hydro 7 Slides 'White' - TOURCRUISER PTE. LTD","robots":{"index":"index","follow":"follow","max-snippet":"max-snippet:-1","max-image-preview":"max-image-preview:large","max-video-preview":"max-video-preview:-1"},"canonical":"https:\/\/tourcruiser.com\/fr\/products\/air-jordan-hydro-7-slides-white\/","og_locale":"fr_FR","og_type":"article","og_title":"Air Jordan Hydro 7 Slides 'White' - TOURCRUISER PTE. LTD","og_description":"D\u00e9tendez-vous avec les claquettes Air Jordan Hydro 7 d&rsquo;un blanc \u00e9clatant et adoptez un style l\u00e9gendaire. Ces claquettes offrent un confort optimal gr\u00e2ce \u00e0 leur semelle int\u00e9rieure moul\u00e9e et souple et \u00e0 leur bride ajustable. La semelle ext\u00e9rieure l\u00e9g\u00e8re et r\u00e9sistante garantit une durabilit\u00e9 exceptionnelle, tandis que le logo Jumpman embl\u00e9matique incarne l&rsquo;ADN Jordan inimitable. [&hellip;]","og_url":"https:\/\/tourcruiser.com\/fr\/products\/air-jordan-hydro-7-slides-white\/","og_site_name":"Tourcruiser Sneaker Store","article_modified_time":"2026-04-17T16:13:59+00:00","twitter_card":"summary_large_image","twitter_image":"https:\/\/images.novelship.com\/product\/air_jordan_hydro_7_slides__white__aa2517-001_0_17824.jpeg;https:\/\/images.novelship.com\/product\/air_jordan_hydro_7_slides__white__aa2517-001_1_17824.jpeg;https:\/\/images.novelship.com\/product\/air_jordan_hydro_7_slides__white__aa2517-001_2_17825.jpeg;https:\/\/images.novelship.com\/product\/air_jordan_hydro_7_slides__white__aa2517-001_3_17825.jpeg;https:\/\/images.novelship.com\/product\/air_jordan_hydro_7_slides__white__aa2517-001_4_17825.jpeg","twitter_misc":{"Dur\u00e9e de lecture estim\u00e9e":"1 minute"},"schema":{"@context":"https:\/\/schema.org","@graph":[{"@type":"WebPage","@id":"https:\/\/tourcruiser.com\/fr\/products\/air-jordan-hydro-7-slides-white\/","url":"https:\/\/tourcruiser.com\/fr\/products\/air-jordan-hydro-7-slides-white\/","name":"Air Jordan Hydro 7 Slides 'White' - TOURCRUISER PTE. LTD","isPartOf":{"@id":"\/#website"},"primaryImageOfPage":{"@id":"https:\/\/tourcruiser.com\/fr\/products\/air-jordan-hydro-7-slides-white\/#primaryimage"},"image":{"@id":"https:\/\/tourcruiser.com\/fr\/products\/air-jordan-hydro-7-slides-white\/#primaryimage"},"thumbnailUrl":"https:\/\/images.novelship.com\/product\/air_jordan_hydro_7_slides__white__aa2517-001_0_17824.jpeg;https:\/\/images.novelship.com\/product\/air_jordan_hydro_7_slides__white__aa2517-001_1_17824.jpeg;https:\/\/images.novelship.com\/product\/air_jordan_hydro_7_slides__white__aa2517-001_2_17825.jpeg;https:\/\/images.novelship.com\/product\/air_jordan_hydro_7_slides__white__aa2517-001_3_17825.jpeg;https:\/\/images.novelship.com\/product\/air_jordan_hydro_7_slides__white__aa2517-001_4_17825.jpeg","datePublished":"2026-04-16T10:20:25+00:00","dateModified":"2026-04-17T16:13:59+00:00","breadcrumb":{"@id":"https:\/\/tourcruiser.com\/fr\/products\/air-jordan-hydro-7-slides-white\/#breadcrumb"},"inLanguage":"fr-FR","potentialAction":[{"@type":"ReadAction","target":["https:\/\/tourcruiser.com\/fr\/products\/air-jordan-hydro-7-slides-white\/"]}]},{"@type":"ImageObject","inLanguage":"fr-FR","@id":"https:\/\/tourcruiser.com\/fr\/products\/air-jordan-hydro-7-slides-white\/#primaryimage","url":"https:\/\/images.novelship.com\/product\/air_jordan_hydro_7_slides__white__aa2517-001_0_17824.jpeg;https:\/\/images.novelship.com\/product\/air_jordan_hydro_7_slides__white__aa2517-001_1_17824.jpeg;https:\/\/images.novelship.com\/product\/air_jordan_hydro_7_slides__white__aa2517-001_2_17825.jpeg;https:\/\/images.novelship.com\/product\/air_jordan_hydro_7_slides__white__aa2517-001_3_17825.jpeg;https:\/\/images.novelship.com\/product\/air_jordan_hydro_7_slides__white__aa2517-001_4_17825.jpeg","contentUrl":"https:\/\/images.novelship.com\/product\/air_jordan_hydro_7_slides__white__aa2517-001_0_17824.jpeg;https:\/\/images.novelship.com\/product\/air_jordan_hydro_7_slides__white__aa2517-001_1_17824.jpeg;https:\/\/images.novelship.com\/product\/air_jordan_hydro_7_slides__white__aa2517-001_2_17825.jpeg;https:\/\/images.novelship.com\/product\/air_jordan_hydro_7_slides__white__aa2517-001_3_17825.jpeg;https:\/\/images.novelship.com\/product\/air_jordan_hydro_7_slides__white__aa2517-001_4_17825.jpeg"},{"@type":"BreadcrumbList","@id":"https:\/\/tourcruiser.com\/fr\/products\/air-jordan-hydro-7-slides-white\/#breadcrumb","itemListElement":[{"@type":"ListItem","position":1,"name":"Home","item":"https:\/\/tourcruiser.com\/fr\/"},{"@type":"ListItem","position":2,"name":"Shop","item":"https:\/\/tourcruiser.com\/fr\/shop\/"},{"@type":"ListItem","position":3,"name":"Air Jordan Hydro 7 Slides &#8216;White&#8217;"}]},{"@type":"WebSite","@id":"\/#website","url":"\/","name":"Styloral Jewelry Shop","description":"Tourcruiser Sneaker Store \u2014 L\u2019endroit o\u00f9 l\u2019univers rencontre votre singularit\u00e9.","publisher":{"@id":"\/#organization"},"potentialAction":[{"@type":"SearchAction","target":{"@type":"EntryPoint","urlTemplate":"\/?s={search_term_string}"},"query-input":{"@type":"PropertyValueSpecification","valueRequired":true,"valueName":"search_term_string"}}],"inLanguage":"fr-FR"},{"@type":"Organization","@id":"\/#organization","name":"STYLORAL PTE. LTD","url":"\/","logo":{"@type":"ImageObject","inLanguage":"fr-FR","@id":"\/#\/schema\/logo\/image\/","url":"https:\/\/www.tourcruiser.com\/wp-content\/uploads\/2025\/12\/logo.png","contentUrl":"https:\/\/www.tourcruiser.com\/wp-content\/uploads\/2025\/12\/logo.png","width":200,"height":65,"caption":"STYLORAL PTE. LTD"},"image":{"@id":"\/#\/schema\/logo\/image\/"}}]}},"_links":{"self":[{"href":"https:\/\/tourcruiser.com\/fr\/wp-json\/wp\/v2\/product\/778718","targetHints":{"allow":["GET"]}}],"collection":[{"href":"https:\/\/tourcruiser.com\/fr\/wp-json\/wp\/v2\/product"}],"about":[{"href":"https:\/\/tourcruiser.com\/fr\/wp-json\/wp\/v2\/types\/product"}],"replies":[{"embeddable":true,"href":"https:\/\/tourcruiser.com\/fr\/wp-json\/wp\/v2\/comments?post=778718"}],"wp:featuredmedia":[{"embeddable":true,"href":"https:\/\/tourcruiser.com\/fr\/wp-json\/wp\/v2\/media\/778719"}],"wp:attachment":[{"href":"https:\/\/tourcruiser.com\/fr\/wp-json\/wp\/v2\/media?parent=778718"}],"wp:term":[{"taxonomy":"product_brand","embeddable":true,"href":"https:\/\/tourcruiser.com\/fr\/wp-json\/wp\/v2\/product_brand?post=778718"},{"taxonomy":"product_cat","embeddable":true,"href":"https:\/\/tourcruiser.com\/fr\/wp-json\/wp\/v2\/product_cat?post=778718"},{"taxonomy":"product_tag","embeddable":true,"href":"https:\/\/tourcruiser.com\/fr\/wp-json\/wp\/v2\/product_tag?post=778718"}],"curies":[{"name":"wp","href":"https:\/\/api.w.org\/{rel}","templated":true}]}}