{"id":778577,"date":"2026-04-16T17:20:05","date_gmt":"2026-04-16T10:20:05","guid":{"rendered":"http:\/\/tourcruiser.com\/product\/j-balvin-x-air-jordan-super-play-slide"},"modified":"2026-04-17T23:13:47","modified_gmt":"2026-04-17T16:13:47","slug":"j-balvin-x-air-jordan-super-play-slide","status":"publish","type":"product","link":"https:\/\/tourcruiser.com\/fr\/products\/j-balvin-x-air-jordan-super-play-slide\/","title":{"rendered":"J. Balvin x Air Jordan Super Play Slide"},"content":{"rendered":"<p>D\u00e9couvrez la claquette J. Balvin x Air Jordan Super Play de Jordan. Ces sneakers tendance offrent un confort et un style incomparables. Avec leur design \u00e9pur\u00e9 et moderne, ces claquettes sont parfaites au quotidien. Orn\u00e9es du logo iconique Air Jordan, elles sont un incontournable pour tous les fans de sneakers. Affirmez votre style avec la claquette J. Balvin x Air Jordan Super Play.<\/p>\n<p>Coloris : Bleu C\u00e9lestine\/Blanc\/Vert \u00c9mail<\/p>\n<p>R\u00e9f\u00e9rence : DR1330-413<\/p>\n<p>Mati\u00e8re ext\u00e9rieure : Synth\u00e9tique<\/p>\n<p>Couleur : Bleu<\/p>\n<p>Saison : Automne<\/p>\n<p>Ann\u00e9e de sortie : 2022<\/p>\n<p>Couleur : Bleu C\u00e9lestine\/Blanc\/Vert \u00c9mail<\/p>\n<p>\u00c2ge : Adulte<\/p>\n<p>Couleur : Bleu<\/p>\n<p>Genre : Homme<\/p>\n","protected":false},"excerpt":{"rendered":"<p>D\u00e9couvrez la claquette J. Balvin x Air Jordan Super Play de Jordan. Ces sneakers tendance offrent un confort et un style incomparables. Avec leur design \u00e9pur\u00e9 et moderne, ces claquettes sont parfaites au quotidien. Orn\u00e9es du logo iconique Air Jordan, elles sont un incontournable pour tous les fans de sneakers. Affirmez votre style avec la [&hellip;]<\/p>\n","protected":false},"featured_media":778578,"comment_status":"open","ping_status":"closed","template":"","meta":[],"product_brand":[],"product_cat":[38880],"product_tag":[10750,38861,10753,10776,10754,10808],"class_list":{"0":"post-778577","1":"product","2":"type-product","3":"status-publish","4":"has-post-thumbnail","6":"product_cat-jordan","7":"product_tag-athleisure-shoes","8":"product_tag-below-retail-price","9":"product_tag-gift-for-him","10":"product_tag-jordan","11":"product_tag-lifestyle-casual-shoes","12":"product_tag-slides","14":"first","15":"instock","16":"taxable","17":"shipping-taxable","18":"purchasable","19":"product-type-simple"},"wcpa_form_fields":null,"yoast_head":"<!-- This site is optimized with the Yoast SEO plugin v26.5 - https:\/\/yoast.com\/wordpress\/plugins\/seo\/ -->\n<title>J. Balvin x Air Jordan Super Play Slide - TOURCRUISER PTE. LTD<\/title>\n<meta name=\"robots\" content=\"index, follow, max-snippet:-1, max-image-preview:large, max-video-preview:-1\" \/>\n<link rel=\"canonical\" href=\"https:\/\/tourcruiser.com\/fr\/products\/j-balvin-x-air-jordan-super-play-slide\/\" \/>\n<meta property=\"og:locale\" content=\"fr_FR\" \/>\n<meta property=\"og:type\" content=\"article\" \/>\n<meta property=\"og:title\" content=\"J. Balvin x Air Jordan Super Play Slide - TOURCRUISER PTE. LTD\" \/>\n<meta property=\"og:description\" content=\"D\u00e9couvrez la claquette J. Balvin x Air Jordan Super Play de Jordan. Ces sneakers tendance offrent un confort et un style incomparables. Avec leur design \u00e9pur\u00e9 et moderne, ces claquettes sont parfaites au quotidien. Orn\u00e9es du logo iconique Air Jordan, elles sont un incontournable pour tous les fans de sneakers. Affirmez votre style avec la [&hellip;]\" \/>\n<meta property=\"og:url\" content=\"https:\/\/tourcruiser.com\/fr\/products\/j-balvin-x-air-jordan-super-play-slide\/\" \/>\n<meta property=\"og:site_name\" content=\"Tourcruiser Sneaker Store\" \/>\n<meta property=\"article:modified_time\" content=\"2026-04-17T16:13:47+00:00\" \/>\n<meta name=\"twitter:card\" content=\"summary_large_image\" \/>\n<meta name=\"twitter:image\" content=\"https:\/\/images.novelship.com\/product\/j__balvin_x_air_jordan_super_play_slide_dr1330_413_0_70760.jpeg;https:\/\/images.novelship.com\/product\/j__balvin_x_air_jordan_super_play_slide_dr1330_413_1_70760.jpeg;https:\/\/images.novelship.com\/product\/j__balvin_x_air_jordan_super_play_slide_dr1330_413_2_70760.jpeg;https:\/\/images.novelship.com\/product\/j__balvin_x_air_jordan_super_play_slide_dr1330_413_3_70760.jpeg;https:\/\/images.novelship.com\/product\/j__balvin_x_air_jordan_super_play_slide_dr1330_413_4_70760.jpeg;https:\/\/images.novelship.com\/product\/j__balvin_x_air_jordan_super_play_slide_dr1330_413_5_70760.jpeg;https:\/\/images.novelship.com\/product\/j__balvin_x_air_jordan_super_play_slide_dr1330_413_6_70760.jpeg;https:\/\/images.novelship.com\/product\/j__balvin_x_air_jordan_super_play_slide_dr1330_413_7_70760.jpeg\" \/>\n<meta name=\"twitter:label1\" content=\"Dur\u00e9e de lecture estim\u00e9e\" \/>\n\t<meta name=\"twitter:data1\" content=\"1 minute\" \/>\n<script type=\"application\/ld+json\" class=\"yoast-schema-graph\">{\"@context\":\"https:\/\/schema.org\",\"@graph\":[{\"@type\":\"WebPage\",\"@id\":\"https:\/\/tourcruiser.com\/fr\/products\/j-balvin-x-air-jordan-super-play-slide\/\",\"url\":\"https:\/\/tourcruiser.com\/fr\/products\/j-balvin-x-air-jordan-super-play-slide\/\",\"name\":\"J. Balvin x Air Jordan Super Play Slide - TOURCRUISER PTE. LTD\",\"isPartOf\":{\"@id\":\"\/#website\"},\"primaryImageOfPage\":{\"@id\":\"https:\/\/tourcruiser.com\/fr\/products\/j-balvin-x-air-jordan-super-play-slide\/#primaryimage\"},\"image\":{\"@id\":\"https:\/\/tourcruiser.com\/fr\/products\/j-balvin-x-air-jordan-super-play-slide\/#primaryimage\"},\"thumbnailUrl\":\"https:\/\/images.novelship.com\/product\/j__balvin_x_air_jordan_super_play_slide_dr1330_413_0_70760.jpeg;https:\/\/images.novelship.com\/product\/j__balvin_x_air_jordan_super_play_slide_dr1330_413_1_70760.jpeg;https:\/\/images.novelship.com\/product\/j__balvin_x_air_jordan_super_play_slide_dr1330_413_2_70760.jpeg;https:\/\/images.novelship.com\/product\/j__balvin_x_air_jordan_super_play_slide_dr1330_413_3_70760.jpeg;https:\/\/images.novelship.com\/product\/j__balvin_x_air_jordan_super_play_slide_dr1330_413_4_70760.jpeg;https:\/\/images.novelship.com\/product\/j__balvin_x_air_jordan_super_play_slide_dr1330_413_5_70760.jpeg;https:\/\/images.novelship.com\/product\/j__balvin_x_air_jordan_super_play_slide_dr1330_413_6_70760.jpeg;https:\/\/images.novelship.com\/product\/j__balvin_x_air_jordan_super_play_slide_dr1330_413_7_70760.jpeg\",\"datePublished\":\"2026-04-16T10:20:05+00:00\",\"dateModified\":\"2026-04-17T16:13:47+00:00\",\"breadcrumb\":{\"@id\":\"https:\/\/tourcruiser.com\/fr\/products\/j-balvin-x-air-jordan-super-play-slide\/#breadcrumb\"},\"inLanguage\":\"fr-FR\",\"potentialAction\":[{\"@type\":\"ReadAction\",\"target\":[\"https:\/\/tourcruiser.com\/fr\/products\/j-balvin-x-air-jordan-super-play-slide\/\"]}]},{\"@type\":\"ImageObject\",\"inLanguage\":\"fr-FR\",\"@id\":\"https:\/\/tourcruiser.com\/fr\/products\/j-balvin-x-air-jordan-super-play-slide\/#primaryimage\",\"url\":\"https:\/\/images.novelship.com\/product\/j__balvin_x_air_jordan_super_play_slide_dr1330_413_0_70760.jpeg;https:\/\/images.novelship.com\/product\/j__balvin_x_air_jordan_super_play_slide_dr1330_413_1_70760.jpeg;https:\/\/images.novelship.com\/product\/j__balvin_x_air_jordan_super_play_slide_dr1330_413_2_70760.jpeg;https:\/\/images.novelship.com\/product\/j__balvin_x_air_jordan_super_play_slide_dr1330_413_3_70760.jpeg;https:\/\/images.novelship.com\/product\/j__balvin_x_air_jordan_super_play_slide_dr1330_413_4_70760.jpeg;https:\/\/images.novelship.com\/product\/j__balvin_x_air_jordan_super_play_slide_dr1330_413_5_70760.jpeg;https:\/\/images.novelship.com\/product\/j__balvin_x_air_jordan_super_play_slide_dr1330_413_6_70760.jpeg;https:\/\/images.novelship.com\/product\/j__balvin_x_air_jordan_super_play_slide_dr1330_413_7_70760.jpeg\",\"contentUrl\":\"https:\/\/images.novelship.com\/product\/j__balvin_x_air_jordan_super_play_slide_dr1330_413_0_70760.jpeg;https:\/\/images.novelship.com\/product\/j__balvin_x_air_jordan_super_play_slide_dr1330_413_1_70760.jpeg;https:\/\/images.novelship.com\/product\/j__balvin_x_air_jordan_super_play_slide_dr1330_413_2_70760.jpeg;https:\/\/images.novelship.com\/product\/j__balvin_x_air_jordan_super_play_slide_dr1330_413_3_70760.jpeg;https:\/\/images.novelship.com\/product\/j__balvin_x_air_jordan_super_play_slide_dr1330_413_4_70760.jpeg;https:\/\/images.novelship.com\/product\/j__balvin_x_air_jordan_super_play_slide_dr1330_413_5_70760.jpeg;https:\/\/images.novelship.com\/product\/j__balvin_x_air_jordan_super_play_slide_dr1330_413_6_70760.jpeg;https:\/\/images.novelship.com\/product\/j__balvin_x_air_jordan_super_play_slide_dr1330_413_7_70760.jpeg\"},{\"@type\":\"BreadcrumbList\",\"@id\":\"https:\/\/tourcruiser.com\/fr\/products\/j-balvin-x-air-jordan-super-play-slide\/#breadcrumb\",\"itemListElement\":[{\"@type\":\"ListItem\",\"position\":1,\"name\":\"Home\",\"item\":\"https:\/\/tourcruiser.com\/fr\/\"},{\"@type\":\"ListItem\",\"position\":2,\"name\":\"Shop\",\"item\":\"https:\/\/tourcruiser.com\/fr\/shop\/\"},{\"@type\":\"ListItem\",\"position\":3,\"name\":\"J. Balvin x Air Jordan Super Play Slide\"}]},{\"@type\":\"WebSite\",\"@id\":\"\/#website\",\"url\":\"\/\",\"name\":\"Styloral Jewelry Shop\",\"description\":\"Tourcruiser Sneaker Store \u2014 L\u2019endroit o\u00f9 l\u2019univers rencontre votre singularit\u00e9.\",\"publisher\":{\"@id\":\"\/#organization\"},\"potentialAction\":[{\"@type\":\"SearchAction\",\"target\":{\"@type\":\"EntryPoint\",\"urlTemplate\":\"\/?s={search_term_string}\"},\"query-input\":{\"@type\":\"PropertyValueSpecification\",\"valueRequired\":true,\"valueName\":\"search_term_string\"}}],\"inLanguage\":\"fr-FR\"},{\"@type\":\"Organization\",\"@id\":\"\/#organization\",\"name\":\"STYLORAL PTE. LTD\",\"url\":\"\/\",\"logo\":{\"@type\":\"ImageObject\",\"inLanguage\":\"fr-FR\",\"@id\":\"\/#\/schema\/logo\/image\/\",\"url\":\"https:\/\/www.tourcruiser.com\/wp-content\/uploads\/2025\/12\/logo.png\",\"contentUrl\":\"https:\/\/www.tourcruiser.com\/wp-content\/uploads\/2025\/12\/logo.png\",\"width\":200,\"height\":65,\"caption\":\"STYLORAL PTE. LTD\"},\"image\":{\"@id\":\"\/#\/schema\/logo\/image\/\"}}]}<\/script>\n<!-- \/ Yoast SEO plugin. -->","yoast_head_json":{"title":"J. Balvin x Air Jordan Super Play Slide - TOURCRUISER PTE. LTD","robots":{"index":"index","follow":"follow","max-snippet":"max-snippet:-1","max-image-preview":"max-image-preview:large","max-video-preview":"max-video-preview:-1"},"canonical":"https:\/\/tourcruiser.com\/fr\/products\/j-balvin-x-air-jordan-super-play-slide\/","og_locale":"fr_FR","og_type":"article","og_title":"J. Balvin x Air Jordan Super Play Slide - TOURCRUISER PTE. LTD","og_description":"D\u00e9couvrez la claquette J. Balvin x Air Jordan Super Play de Jordan. Ces sneakers tendance offrent un confort et un style incomparables. Avec leur design \u00e9pur\u00e9 et moderne, ces claquettes sont parfaites au quotidien. Orn\u00e9es du logo iconique Air Jordan, elles sont un incontournable pour tous les fans de sneakers. Affirmez votre style avec la [&hellip;]","og_url":"https:\/\/tourcruiser.com\/fr\/products\/j-balvin-x-air-jordan-super-play-slide\/","og_site_name":"Tourcruiser Sneaker Store","article_modified_time":"2026-04-17T16:13:47+00:00","twitter_card":"summary_large_image","twitter_image":"https:\/\/images.novelship.com\/product\/j__balvin_x_air_jordan_super_play_slide_dr1330_413_0_70760.jpeg;https:\/\/images.novelship.com\/product\/j__balvin_x_air_jordan_super_play_slide_dr1330_413_1_70760.jpeg;https:\/\/images.novelship.com\/product\/j__balvin_x_air_jordan_super_play_slide_dr1330_413_2_70760.jpeg;https:\/\/images.novelship.com\/product\/j__balvin_x_air_jordan_super_play_slide_dr1330_413_3_70760.jpeg;https:\/\/images.novelship.com\/product\/j__balvin_x_air_jordan_super_play_slide_dr1330_413_4_70760.jpeg;https:\/\/images.novelship.com\/product\/j__balvin_x_air_jordan_super_play_slide_dr1330_413_5_70760.jpeg;https:\/\/images.novelship.com\/product\/j__balvin_x_air_jordan_super_play_slide_dr1330_413_6_70760.jpeg;https:\/\/images.novelship.com\/product\/j__balvin_x_air_jordan_super_play_slide_dr1330_413_7_70760.jpeg","twitter_misc":{"Dur\u00e9e de lecture estim\u00e9e":"1 minute"},"schema":{"@context":"https:\/\/schema.org","@graph":[{"@type":"WebPage","@id":"https:\/\/tourcruiser.com\/fr\/products\/j-balvin-x-air-jordan-super-play-slide\/","url":"https:\/\/tourcruiser.com\/fr\/products\/j-balvin-x-air-jordan-super-play-slide\/","name":"J. Balvin x Air Jordan Super Play Slide - TOURCRUISER PTE. LTD","isPartOf":{"@id":"\/#website"},"primaryImageOfPage":{"@id":"https:\/\/tourcruiser.com\/fr\/products\/j-balvin-x-air-jordan-super-play-slide\/#primaryimage"},"image":{"@id":"https:\/\/tourcruiser.com\/fr\/products\/j-balvin-x-air-jordan-super-play-slide\/#primaryimage"},"thumbnailUrl":"https:\/\/images.novelship.com\/product\/j__balvin_x_air_jordan_super_play_slide_dr1330_413_0_70760.jpeg;https:\/\/images.novelship.com\/product\/j__balvin_x_air_jordan_super_play_slide_dr1330_413_1_70760.jpeg;https:\/\/images.novelship.com\/product\/j__balvin_x_air_jordan_super_play_slide_dr1330_413_2_70760.jpeg;https:\/\/images.novelship.com\/product\/j__balvin_x_air_jordan_super_play_slide_dr1330_413_3_70760.jpeg;https:\/\/images.novelship.com\/product\/j__balvin_x_air_jordan_super_play_slide_dr1330_413_4_70760.jpeg;https:\/\/images.novelship.com\/product\/j__balvin_x_air_jordan_super_play_slide_dr1330_413_5_70760.jpeg;https:\/\/images.novelship.com\/product\/j__balvin_x_air_jordan_super_play_slide_dr1330_413_6_70760.jpeg;https:\/\/images.novelship.com\/product\/j__balvin_x_air_jordan_super_play_slide_dr1330_413_7_70760.jpeg","datePublished":"2026-04-16T10:20:05+00:00","dateModified":"2026-04-17T16:13:47+00:00","breadcrumb":{"@id":"https:\/\/tourcruiser.com\/fr\/products\/j-balvin-x-air-jordan-super-play-slide\/#breadcrumb"},"inLanguage":"fr-FR","potentialAction":[{"@type":"ReadAction","target":["https:\/\/tourcruiser.com\/fr\/products\/j-balvin-x-air-jordan-super-play-slide\/"]}]},{"@type":"ImageObject","inLanguage":"fr-FR","@id":"https:\/\/tourcruiser.com\/fr\/products\/j-balvin-x-air-jordan-super-play-slide\/#primaryimage","url":"https:\/\/images.novelship.com\/product\/j__balvin_x_air_jordan_super_play_slide_dr1330_413_0_70760.jpeg;https:\/\/images.novelship.com\/product\/j__balvin_x_air_jordan_super_play_slide_dr1330_413_1_70760.jpeg;https:\/\/images.novelship.com\/product\/j__balvin_x_air_jordan_super_play_slide_dr1330_413_2_70760.jpeg;https:\/\/images.novelship.com\/product\/j__balvin_x_air_jordan_super_play_slide_dr1330_413_3_70760.jpeg;https:\/\/images.novelship.com\/product\/j__balvin_x_air_jordan_super_play_slide_dr1330_413_4_70760.jpeg;https:\/\/images.novelship.com\/product\/j__balvin_x_air_jordan_super_play_slide_dr1330_413_5_70760.jpeg;https:\/\/images.novelship.com\/product\/j__balvin_x_air_jordan_super_play_slide_dr1330_413_6_70760.jpeg;https:\/\/images.novelship.com\/product\/j__balvin_x_air_jordan_super_play_slide_dr1330_413_7_70760.jpeg","contentUrl":"https:\/\/images.novelship.com\/product\/j__balvin_x_air_jordan_super_play_slide_dr1330_413_0_70760.jpeg;https:\/\/images.novelship.com\/product\/j__balvin_x_air_jordan_super_play_slide_dr1330_413_1_70760.jpeg;https:\/\/images.novelship.com\/product\/j__balvin_x_air_jordan_super_play_slide_dr1330_413_2_70760.jpeg;https:\/\/images.novelship.com\/product\/j__balvin_x_air_jordan_super_play_slide_dr1330_413_3_70760.jpeg;https:\/\/images.novelship.com\/product\/j__balvin_x_air_jordan_super_play_slide_dr1330_413_4_70760.jpeg;https:\/\/images.novelship.com\/product\/j__balvin_x_air_jordan_super_play_slide_dr1330_413_5_70760.jpeg;https:\/\/images.novelship.com\/product\/j__balvin_x_air_jordan_super_play_slide_dr1330_413_6_70760.jpeg;https:\/\/images.novelship.com\/product\/j__balvin_x_air_jordan_super_play_slide_dr1330_413_7_70760.jpeg"},{"@type":"BreadcrumbList","@id":"https:\/\/tourcruiser.com\/fr\/products\/j-balvin-x-air-jordan-super-play-slide\/#breadcrumb","itemListElement":[{"@type":"ListItem","position":1,"name":"Home","item":"https:\/\/tourcruiser.com\/fr\/"},{"@type":"ListItem","position":2,"name":"Shop","item":"https:\/\/tourcruiser.com\/fr\/shop\/"},{"@type":"ListItem","position":3,"name":"J. Balvin x Air Jordan Super Play Slide"}]},{"@type":"WebSite","@id":"\/#website","url":"\/","name":"Styloral Jewelry Shop","description":"Tourcruiser Sneaker Store \u2014 L\u2019endroit o\u00f9 l\u2019univers rencontre votre singularit\u00e9.","publisher":{"@id":"\/#organization"},"potentialAction":[{"@type":"SearchAction","target":{"@type":"EntryPoint","urlTemplate":"\/?s={search_term_string}"},"query-input":{"@type":"PropertyValueSpecification","valueRequired":true,"valueName":"search_term_string"}}],"inLanguage":"fr-FR"},{"@type":"Organization","@id":"\/#organization","name":"STYLORAL PTE. LTD","url":"\/","logo":{"@type":"ImageObject","inLanguage":"fr-FR","@id":"\/#\/schema\/logo\/image\/","url":"https:\/\/www.tourcruiser.com\/wp-content\/uploads\/2025\/12\/logo.png","contentUrl":"https:\/\/www.tourcruiser.com\/wp-content\/uploads\/2025\/12\/logo.png","width":200,"height":65,"caption":"STYLORAL PTE. LTD"},"image":{"@id":"\/#\/schema\/logo\/image\/"}}]}},"_links":{"self":[{"href":"https:\/\/tourcruiser.com\/fr\/wp-json\/wp\/v2\/product\/778577","targetHints":{"allow":["GET"]}}],"collection":[{"href":"https:\/\/tourcruiser.com\/fr\/wp-json\/wp\/v2\/product"}],"about":[{"href":"https:\/\/tourcruiser.com\/fr\/wp-json\/wp\/v2\/types\/product"}],"replies":[{"embeddable":true,"href":"https:\/\/tourcruiser.com\/fr\/wp-json\/wp\/v2\/comments?post=778577"}],"wp:featuredmedia":[{"embeddable":true,"href":"https:\/\/tourcruiser.com\/fr\/wp-json\/wp\/v2\/media\/778578"}],"wp:attachment":[{"href":"https:\/\/tourcruiser.com\/fr\/wp-json\/wp\/v2\/media?parent=778577"}],"wp:term":[{"taxonomy":"product_brand","embeddable":true,"href":"https:\/\/tourcruiser.com\/fr\/wp-json\/wp\/v2\/product_brand?post=778577"},{"taxonomy":"product_cat","embeddable":true,"href":"https:\/\/tourcruiser.com\/fr\/wp-json\/wp\/v2\/product_cat?post=778577"},{"taxonomy":"product_tag","embeddable":true,"href":"https:\/\/tourcruiser.com\/fr\/wp-json\/wp\/v2\/product_tag?post=778577"}],"curies":[{"name":"wp","href":"https:\/\/api.w.org\/{rel}","templated":true}]}}