{"id":778529,"date":"2026-04-16T17:19:47","date_gmt":"2026-04-16T10:19:47","guid":{"rendered":"http:\/\/tourcruiser.com\/product\/adidas-adifom-iiinfinity-slides-team-victory-redredred"},"modified":"2026-04-17T23:13:32","modified_gmt":"2026-04-17T16:13:32","slug":"adidas-adifom-iiinfinity-slides-team-victory-redredred","status":"publish","type":"product","link":"https:\/\/tourcruiser.com\/fr\/products\/adidas-adifom-iiinfinity-slides-team-victory-redredred\/","title":{"rendered":"Adidas Adifom IIINFINITY Slides Team Victory Red\/Red\/Red"},"content":{"rendered":"<p>D\u00e9couvrez le confort et le style avec les claquettes Adidas Adifom IIINFINITY, arborant le coloris rouge \u00e9clatant \u00ab\u00a0Team Victory Red\u00a0\u00bb. Id\u00e9ales pour la femme moderne et soucieuse de son style, ces claquettes offrent un maintien optimal et un confort exceptionnel, parfaites au quotidien comme en loisirs. Confectionn\u00e9es \u00e0 partir de mat\u00e9riaux de haute qualit\u00e9, elles garantissent une grande durabilit\u00e9, tandis que la semelle int\u00e9rieure profil\u00e9e assure un confort accru. Que ce soit au bord de la piscine ou en ville, affirmez votre style avec ces claquettes polyvalentes. Compl\u00e9tez votre collection de chaussures avec Adidas.<\/p>\n<p>Coloris\u00a0: Rouge \u00ab\u00a0Team Victory Red\u00a0\u00bb\/Rouge\/Rouge<\/p>\n<p>R\u00e9f\u00e9rence\u00a0: JI4552<br \/>\nTige\u00a0: EVA<br \/>\nSemelle interm\u00e9diaire\u00a0: EVA<\/p>\n<p>Couleur\u00a0: Rouge<\/p>\n<p>\u00c2ge\u00a0: Adulte<\/p>\n<p>Couleur\u00a0: Rouge<\/p>\n<p>Genre\u00a0: Homme<\/p>\n","protected":false},"excerpt":{"rendered":"<p>D\u00e9couvrez le confort et le style avec les claquettes Adidas Adifom IIINFINITY, arborant le coloris rouge \u00e9clatant \u00ab\u00a0Team Victory Red\u00a0\u00bb. Id\u00e9ales pour la femme moderne et soucieuse de son style, ces claquettes offrent un maintien optimal et un confort exceptionnel, parfaites au quotidien comme en loisirs. Confectionn\u00e9es \u00e0 partir de mat\u00e9riaux de haute qualit\u00e9, elles [&hellip;]<\/p>\n","protected":false},"featured_media":778530,"comment_status":"open","ping_status":"closed","template":"","meta":[],"product_brand":[],"product_cat":[10760],"product_tag":[10759,10750,10754,10808],"class_list":{"0":"post-778529","1":"product","2":"type-product","3":"status-publish","4":"has-post-thumbnail","6":"product_cat-adidas","7":"product_tag-adidas","8":"product_tag-athleisure-shoes","9":"product_tag-lifestyle-casual-shoes","10":"product_tag-slides","11":"wcpa_has_options","13":"first","14":"instock","15":"taxable","16":"shipping-taxable","17":"purchasable","18":"product-type-simple"},"wcpa_form_fields":{"rules":{"pric_overide_base_price":false,"pric_overide_base_price_if_gt_zero":false,"pric_overide_base_price_fully":false,"pric_cal_option_once":false,"pric_use_as_fee":false,"bind_quantity":false,"quantity_bind_formula":false},"fields":[{"type":"color-group","required":true,"elementId":"wcpa-color-group-66c4a7f817afe","label":"Taille","inline":true,"priceOptions":"different_for_all","pricingType":"fixed","className":"hassizechart product-shoes-size-eu product-shoes-size","name":"color-group-66c4a7f817b18","disp_type":"square","selection_type":"tick-border","disp_size":"50","show_label_inside":true,"adjust_width":true,"cart_display_type":"text","other_text":"Other","cl_rule":"show","col":6,"values":[{"label":"35","value":"EU 35","price":"","pimage":"","pimage_id":"","pthumb":"","color":""},{"label":"35.5","value":"EU 35.5","price":"","pimage":"","pimage_id":"","pthumb":"","color":""},{"label":"36","value":"EU 36","price":"","pimage":"","pimage_id":"","pthumb":"","color":"","selected":true},{"label":"36 2\/3","value":"EU 36 2\/3","price":"","pimage":"","pimage_id":"","pthumb":"","color":""},{"label":"37 1\/3","value":"EU 37 1\/3","price":"","pimage":"","pimage_id":"","pthumb":"","color":""},{"label":"38","value":"EU 38","price":"","pimage":"","pimage_id":"","pthumb":"","color":""},{"label":"38 2\/3","value":"EU 38 2\/3","price":"","pimage":"","pimage_id":"","pthumb":"","color":""},{"label":"39 1\/3","value":"EU 39 1\/3","price":"","pimage":"","pimage_id":"","pthumb":"","color":""},{"label":"40","value":"EU 40","price":"","pimage":"","pimage_id":"","pthumb":"","color":""},{"label":"40 2\/3","value":"EU 40 2\/3","price":"","pimage":"","pimage_id":"","pthumb":"","color":""},{"label":"41 1\/3","value":"EU 41 1\/3","price":"","pimage":"","pimage_id":"","pthumb":"","color":""},{"label":"42","value":"EU 42","price":"","pimage":"","pimage_id":"","pthumb":"","color":""},{"label":"42 2\/3","value":"EU 42 2\/3","price":"","pimage":"","pimage_id":"","pthumb":"","color":""},{"label":"43 1\/3","value":"EU 43 1\/3","price":"","pimage":"","pimage_id":"","pthumb":"","color":""},{"label":"44","value":"EU 44","price":"","pimage":"","pimage_id":"","pthumb":"","color":""},{"label":"44 2\/3","value":"EU 44 2\/3","price":"","pimage":"","pimage_id":"","pthumb":"","color":""},{"label":"45 1\/3","value":"EU 45 1\/3","price":"","pimage":"","pimage_id":"","pthumb":"","color":""},{"label":"46","value":"EU 46","price":"","pimage":"","pimage_id":"","pthumb":"","color":""},{"label":"46 2\/3","value":"EU 46 2\/3","price":"","pimage":"","pimage_id":"","pthumb":"","color":""},{"label":"47 1\/3","value":"EU 47 1\/3","price":"","pimage":"","pimage_id":"","pthumb":"","color":""}],"relations":[{"operator":false,"rules":[]}],"form_id":24802,"form_rules":{"pric_cal_option_once":false,"exclude_from_discount":false,"pric_use_as_fee":false,"fee_label":"Fee","render_after_acb":false,"disp_hide_options_price":false}}]},"yoast_head":"<!-- This site is optimized with the Yoast SEO plugin v26.5 - https:\/\/yoast.com\/wordpress\/plugins\/seo\/ -->\n<title>Adidas Adifom IIINFINITY Slides Team Victory Red\/Red\/Red - TOURCRUISER PTE. LTD<\/title>\n<meta name=\"robots\" content=\"index, follow, max-snippet:-1, max-image-preview:large, max-video-preview:-1\" \/>\n<link rel=\"canonical\" href=\"https:\/\/tourcruiser.com\/fr\/products\/adidas-adifom-iiinfinity-slides-team-victory-redredred\/\" \/>\n<meta property=\"og:locale\" content=\"fr_FR\" \/>\n<meta property=\"og:type\" content=\"article\" \/>\n<meta property=\"og:title\" content=\"Adidas Adifom IIINFINITY Slides Team Victory Red\/Red\/Red - TOURCRUISER PTE. LTD\" \/>\n<meta property=\"og:description\" content=\"D\u00e9couvrez le confort et le style avec les claquettes Adidas Adifom IIINFINITY, arborant le coloris rouge \u00e9clatant \u00ab\u00a0Team Victory Red\u00a0\u00bb. Id\u00e9ales pour la femme moderne et soucieuse de son style, ces claquettes offrent un maintien optimal et un confort exceptionnel, parfaites au quotidien comme en loisirs. Confectionn\u00e9es \u00e0 partir de mat\u00e9riaux de haute qualit\u00e9, elles [&hellip;]\" \/>\n<meta property=\"og:url\" content=\"https:\/\/tourcruiser.com\/fr\/products\/adidas-adifom-iiinfinity-slides-team-victory-redredred\/\" \/>\n<meta property=\"og:site_name\" content=\"Tourcruiser Sneaker Store\" \/>\n<meta property=\"article:modified_time\" content=\"2026-04-17T16:13:32+00:00\" \/>\n<meta name=\"twitter:card\" content=\"summary_large_image\" \/>\n<meta name=\"twitter:image\" content=\"https:\/\/images.novelship.com\/product\/_women__adidas_adifom_iiinfinity_slides_team_victo_0_95462.jpeg;https:\/\/images.novelship.com\/product\/_women__adidas_adifom_iiinfinity_slides_team_victo_1_95462.jpeg;https:\/\/images.novelship.com\/product\/_women__adidas_adifom_iiinfinity_slides_team_victo_2_95462.jpeg;https:\/\/images.novelship.com\/product\/_women__adidas_adifom_iiinfinity_slides_team_victo_3_95462.jpeg;https:\/\/images.novelship.com\/product\/_women__adidas_adifom_iiinfinity_slides_team_victo_4_95462.jpeg;https:\/\/images.novelship.com\/product\/_women__adidas_adifom_iiinfinity_slides_team_victo_5_95462.jpeg;https:\/\/images.novelship.com\/product\/_women__adidas_adifom_iiinfinity_slides_team_victo_6_95462.jpeg;https:\/\/images.novelship.com\/product\/_women__adidas_adifom_iiinfinity_slides_team_victo_7_95462.jpeg;https:\/\/images.novelship.com\/product\/_women__adidas_adifom_iiinfinity_slides_team_victo_8_95462.jpeg\" \/>\n<meta name=\"twitter:label1\" content=\"Dur\u00e9e de lecture estim\u00e9e\" \/>\n\t<meta name=\"twitter:data1\" content=\"1 minute\" \/>\n<script type=\"application\/ld+json\" class=\"yoast-schema-graph\">{\"@context\":\"https:\/\/schema.org\",\"@graph\":[{\"@type\":\"WebPage\",\"@id\":\"https:\/\/tourcruiser.com\/fr\/products\/adidas-adifom-iiinfinity-slides-team-victory-redredred\/\",\"url\":\"https:\/\/tourcruiser.com\/fr\/products\/adidas-adifom-iiinfinity-slides-team-victory-redredred\/\",\"name\":\"Adidas Adifom IIINFINITY Slides Team Victory Red\/Red\/Red - TOURCRUISER PTE. LTD\",\"isPartOf\":{\"@id\":\"\/#website\"},\"primaryImageOfPage\":{\"@id\":\"https:\/\/tourcruiser.com\/fr\/products\/adidas-adifom-iiinfinity-slides-team-victory-redredred\/#primaryimage\"},\"image\":{\"@id\":\"https:\/\/tourcruiser.com\/fr\/products\/adidas-adifom-iiinfinity-slides-team-victory-redredred\/#primaryimage\"},\"thumbnailUrl\":\"https:\/\/images.novelship.com\/product\/_women__adidas_adifom_iiinfinity_slides_team_victo_0_95462.jpeg;https:\/\/images.novelship.com\/product\/_women__adidas_adifom_iiinfinity_slides_team_victo_1_95462.jpeg;https:\/\/images.novelship.com\/product\/_women__adidas_adifom_iiinfinity_slides_team_victo_2_95462.jpeg;https:\/\/images.novelship.com\/product\/_women__adidas_adifom_iiinfinity_slides_team_victo_3_95462.jpeg;https:\/\/images.novelship.com\/product\/_women__adidas_adifom_iiinfinity_slides_team_victo_4_95462.jpeg;https:\/\/images.novelship.com\/product\/_women__adidas_adifom_iiinfinity_slides_team_victo_5_95462.jpeg;https:\/\/images.novelship.com\/product\/_women__adidas_adifom_iiinfinity_slides_team_victo_6_95462.jpeg;https:\/\/images.novelship.com\/product\/_women__adidas_adifom_iiinfinity_slides_team_victo_7_95462.jpeg;https:\/\/images.novelship.com\/product\/_women__adidas_adifom_iiinfinity_slides_team_victo_8_95462.jpeg\",\"datePublished\":\"2026-04-16T10:19:47+00:00\",\"dateModified\":\"2026-04-17T16:13:32+00:00\",\"breadcrumb\":{\"@id\":\"https:\/\/tourcruiser.com\/fr\/products\/adidas-adifom-iiinfinity-slides-team-victory-redredred\/#breadcrumb\"},\"inLanguage\":\"fr-FR\",\"potentialAction\":[{\"@type\":\"ReadAction\",\"target\":[\"https:\/\/tourcruiser.com\/fr\/products\/adidas-adifom-iiinfinity-slides-team-victory-redredred\/\"]}]},{\"@type\":\"ImageObject\",\"inLanguage\":\"fr-FR\",\"@id\":\"https:\/\/tourcruiser.com\/fr\/products\/adidas-adifom-iiinfinity-slides-team-victory-redredred\/#primaryimage\",\"url\":\"https:\/\/images.novelship.com\/product\/_women__adidas_adifom_iiinfinity_slides_team_victo_0_95462.jpeg;https:\/\/images.novelship.com\/product\/_women__adidas_adifom_iiinfinity_slides_team_victo_1_95462.jpeg;https:\/\/images.novelship.com\/product\/_women__adidas_adifom_iiinfinity_slides_team_victo_2_95462.jpeg;https:\/\/images.novelship.com\/product\/_women__adidas_adifom_iiinfinity_slides_team_victo_3_95462.jpeg;https:\/\/images.novelship.com\/product\/_women__adidas_adifom_iiinfinity_slides_team_victo_4_95462.jpeg;https:\/\/images.novelship.com\/product\/_women__adidas_adifom_iiinfinity_slides_team_victo_5_95462.jpeg;https:\/\/images.novelship.com\/product\/_women__adidas_adifom_iiinfinity_slides_team_victo_6_95462.jpeg;https:\/\/images.novelship.com\/product\/_women__adidas_adifom_iiinfinity_slides_team_victo_7_95462.jpeg;https:\/\/images.novelship.com\/product\/_women__adidas_adifom_iiinfinity_slides_team_victo_8_95462.jpeg\",\"contentUrl\":\"https:\/\/images.novelship.com\/product\/_women__adidas_adifom_iiinfinity_slides_team_victo_0_95462.jpeg;https:\/\/images.novelship.com\/product\/_women__adidas_adifom_iiinfinity_slides_team_victo_1_95462.jpeg;https:\/\/images.novelship.com\/product\/_women__adidas_adifom_iiinfinity_slides_team_victo_2_95462.jpeg;https:\/\/images.novelship.com\/product\/_women__adidas_adifom_iiinfinity_slides_team_victo_3_95462.jpeg;https:\/\/images.novelship.com\/product\/_women__adidas_adifom_iiinfinity_slides_team_victo_4_95462.jpeg;https:\/\/images.novelship.com\/product\/_women__adidas_adifom_iiinfinity_slides_team_victo_5_95462.jpeg;https:\/\/images.novelship.com\/product\/_women__adidas_adifom_iiinfinity_slides_team_victo_6_95462.jpeg;https:\/\/images.novelship.com\/product\/_women__adidas_adifom_iiinfinity_slides_team_victo_7_95462.jpeg;https:\/\/images.novelship.com\/product\/_women__adidas_adifom_iiinfinity_slides_team_victo_8_95462.jpeg\"},{\"@type\":\"BreadcrumbList\",\"@id\":\"https:\/\/tourcruiser.com\/fr\/products\/adidas-adifom-iiinfinity-slides-team-victory-redredred\/#breadcrumb\",\"itemListElement\":[{\"@type\":\"ListItem\",\"position\":1,\"name\":\"Home\",\"item\":\"https:\/\/tourcruiser.com\/fr\/\"},{\"@type\":\"ListItem\",\"position\":2,\"name\":\"Shop\",\"item\":\"https:\/\/tourcruiser.com\/fr\/shop\/\"},{\"@type\":\"ListItem\",\"position\":3,\"name\":\"Adidas Adifom IIINFINITY Slides Team Victory Red\/Red\/Red\"}]},{\"@type\":\"WebSite\",\"@id\":\"\/#website\",\"url\":\"\/\",\"name\":\"Styloral Jewelry Shop\",\"description\":\"Tourcruiser Sneaker Store \u2014 L\u2019endroit o\u00f9 l\u2019univers rencontre votre singularit\u00e9.\",\"publisher\":{\"@id\":\"\/#organization\"},\"potentialAction\":[{\"@type\":\"SearchAction\",\"target\":{\"@type\":\"EntryPoint\",\"urlTemplate\":\"\/?s={search_term_string}\"},\"query-input\":{\"@type\":\"PropertyValueSpecification\",\"valueRequired\":true,\"valueName\":\"search_term_string\"}}],\"inLanguage\":\"fr-FR\"},{\"@type\":\"Organization\",\"@id\":\"\/#organization\",\"name\":\"STYLORAL PTE. LTD\",\"url\":\"\/\",\"logo\":{\"@type\":\"ImageObject\",\"inLanguage\":\"fr-FR\",\"@id\":\"\/#\/schema\/logo\/image\/\",\"url\":\"https:\/\/www.tourcruiser.com\/wp-content\/uploads\/2025\/12\/logo.png\",\"contentUrl\":\"https:\/\/www.tourcruiser.com\/wp-content\/uploads\/2025\/12\/logo.png\",\"width\":200,\"height\":65,\"caption\":\"STYLORAL PTE. LTD\"},\"image\":{\"@id\":\"\/#\/schema\/logo\/image\/\"}}]}<\/script>\n<!-- \/ Yoast SEO plugin. -->","yoast_head_json":{"title":"Adidas Adifom IIINFINITY Slides Team Victory Red\/Red\/Red - TOURCRUISER PTE. LTD","robots":{"index":"index","follow":"follow","max-snippet":"max-snippet:-1","max-image-preview":"max-image-preview:large","max-video-preview":"max-video-preview:-1"},"canonical":"https:\/\/tourcruiser.com\/fr\/products\/adidas-adifom-iiinfinity-slides-team-victory-redredred\/","og_locale":"fr_FR","og_type":"article","og_title":"Adidas Adifom IIINFINITY Slides Team Victory Red\/Red\/Red - TOURCRUISER PTE. LTD","og_description":"D\u00e9couvrez le confort et le style avec les claquettes Adidas Adifom IIINFINITY, arborant le coloris rouge \u00e9clatant \u00ab\u00a0Team Victory Red\u00a0\u00bb. Id\u00e9ales pour la femme moderne et soucieuse de son style, ces claquettes offrent un maintien optimal et un confort exceptionnel, parfaites au quotidien comme en loisirs. Confectionn\u00e9es \u00e0 partir de mat\u00e9riaux de haute qualit\u00e9, elles [&hellip;]","og_url":"https:\/\/tourcruiser.com\/fr\/products\/adidas-adifom-iiinfinity-slides-team-victory-redredred\/","og_site_name":"Tourcruiser Sneaker Store","article_modified_time":"2026-04-17T16:13:32+00:00","twitter_card":"summary_large_image","twitter_image":"https:\/\/images.novelship.com\/product\/_women__adidas_adifom_iiinfinity_slides_team_victo_0_95462.jpeg;https:\/\/images.novelship.com\/product\/_women__adidas_adifom_iiinfinity_slides_team_victo_1_95462.jpeg;https:\/\/images.novelship.com\/product\/_women__adidas_adifom_iiinfinity_slides_team_victo_2_95462.jpeg;https:\/\/images.novelship.com\/product\/_women__adidas_adifom_iiinfinity_slides_team_victo_3_95462.jpeg;https:\/\/images.novelship.com\/product\/_women__adidas_adifom_iiinfinity_slides_team_victo_4_95462.jpeg;https:\/\/images.novelship.com\/product\/_women__adidas_adifom_iiinfinity_slides_team_victo_5_95462.jpeg;https:\/\/images.novelship.com\/product\/_women__adidas_adifom_iiinfinity_slides_team_victo_6_95462.jpeg;https:\/\/images.novelship.com\/product\/_women__adidas_adifom_iiinfinity_slides_team_victo_7_95462.jpeg;https:\/\/images.novelship.com\/product\/_women__adidas_adifom_iiinfinity_slides_team_victo_8_95462.jpeg","twitter_misc":{"Dur\u00e9e de lecture estim\u00e9e":"1 minute"},"schema":{"@context":"https:\/\/schema.org","@graph":[{"@type":"WebPage","@id":"https:\/\/tourcruiser.com\/fr\/products\/adidas-adifom-iiinfinity-slides-team-victory-redredred\/","url":"https:\/\/tourcruiser.com\/fr\/products\/adidas-adifom-iiinfinity-slides-team-victory-redredred\/","name":"Adidas Adifom IIINFINITY Slides Team Victory Red\/Red\/Red - TOURCRUISER PTE. LTD","isPartOf":{"@id":"\/#website"},"primaryImageOfPage":{"@id":"https:\/\/tourcruiser.com\/fr\/products\/adidas-adifom-iiinfinity-slides-team-victory-redredred\/#primaryimage"},"image":{"@id":"https:\/\/tourcruiser.com\/fr\/products\/adidas-adifom-iiinfinity-slides-team-victory-redredred\/#primaryimage"},"thumbnailUrl":"https:\/\/images.novelship.com\/product\/_women__adidas_adifom_iiinfinity_slides_team_victo_0_95462.jpeg;https:\/\/images.novelship.com\/product\/_women__adidas_adifom_iiinfinity_slides_team_victo_1_95462.jpeg;https:\/\/images.novelship.com\/product\/_women__adidas_adifom_iiinfinity_slides_team_victo_2_95462.jpeg;https:\/\/images.novelship.com\/product\/_women__adidas_adifom_iiinfinity_slides_team_victo_3_95462.jpeg;https:\/\/images.novelship.com\/product\/_women__adidas_adifom_iiinfinity_slides_team_victo_4_95462.jpeg;https:\/\/images.novelship.com\/product\/_women__adidas_adifom_iiinfinity_slides_team_victo_5_95462.jpeg;https:\/\/images.novelship.com\/product\/_women__adidas_adifom_iiinfinity_slides_team_victo_6_95462.jpeg;https:\/\/images.novelship.com\/product\/_women__adidas_adifom_iiinfinity_slides_team_victo_7_95462.jpeg;https:\/\/images.novelship.com\/product\/_women__adidas_adifom_iiinfinity_slides_team_victo_8_95462.jpeg","datePublished":"2026-04-16T10:19:47+00:00","dateModified":"2026-04-17T16:13:32+00:00","breadcrumb":{"@id":"https:\/\/tourcruiser.com\/fr\/products\/adidas-adifom-iiinfinity-slides-team-victory-redredred\/#breadcrumb"},"inLanguage":"fr-FR","potentialAction":[{"@type":"ReadAction","target":["https:\/\/tourcruiser.com\/fr\/products\/adidas-adifom-iiinfinity-slides-team-victory-redredred\/"]}]},{"@type":"ImageObject","inLanguage":"fr-FR","@id":"https:\/\/tourcruiser.com\/fr\/products\/adidas-adifom-iiinfinity-slides-team-victory-redredred\/#primaryimage","url":"https:\/\/images.novelship.com\/product\/_women__adidas_adifom_iiinfinity_slides_team_victo_0_95462.jpeg;https:\/\/images.novelship.com\/product\/_women__adidas_adifom_iiinfinity_slides_team_victo_1_95462.jpeg;https:\/\/images.novelship.com\/product\/_women__adidas_adifom_iiinfinity_slides_team_victo_2_95462.jpeg;https:\/\/images.novelship.com\/product\/_women__adidas_adifom_iiinfinity_slides_team_victo_3_95462.jpeg;https:\/\/images.novelship.com\/product\/_women__adidas_adifom_iiinfinity_slides_team_victo_4_95462.jpeg;https:\/\/images.novelship.com\/product\/_women__adidas_adifom_iiinfinity_slides_team_victo_5_95462.jpeg;https:\/\/images.novelship.com\/product\/_women__adidas_adifom_iiinfinity_slides_team_victo_6_95462.jpeg;https:\/\/images.novelship.com\/product\/_women__adidas_adifom_iiinfinity_slides_team_victo_7_95462.jpeg;https:\/\/images.novelship.com\/product\/_women__adidas_adifom_iiinfinity_slides_team_victo_8_95462.jpeg","contentUrl":"https:\/\/images.novelship.com\/product\/_women__adidas_adifom_iiinfinity_slides_team_victo_0_95462.jpeg;https:\/\/images.novelship.com\/product\/_women__adidas_adifom_iiinfinity_slides_team_victo_1_95462.jpeg;https:\/\/images.novelship.com\/product\/_women__adidas_adifom_iiinfinity_slides_team_victo_2_95462.jpeg;https:\/\/images.novelship.com\/product\/_women__adidas_adifom_iiinfinity_slides_team_victo_3_95462.jpeg;https:\/\/images.novelship.com\/product\/_women__adidas_adifom_iiinfinity_slides_team_victo_4_95462.jpeg;https:\/\/images.novelship.com\/product\/_women__adidas_adifom_iiinfinity_slides_team_victo_5_95462.jpeg;https:\/\/images.novelship.com\/product\/_women__adidas_adifom_iiinfinity_slides_team_victo_6_95462.jpeg;https:\/\/images.novelship.com\/product\/_women__adidas_adifom_iiinfinity_slides_team_victo_7_95462.jpeg;https:\/\/images.novelship.com\/product\/_women__adidas_adifom_iiinfinity_slides_team_victo_8_95462.jpeg"},{"@type":"BreadcrumbList","@id":"https:\/\/tourcruiser.com\/fr\/products\/adidas-adifom-iiinfinity-slides-team-victory-redredred\/#breadcrumb","itemListElement":[{"@type":"ListItem","position":1,"name":"Home","item":"https:\/\/tourcruiser.com\/fr\/"},{"@type":"ListItem","position":2,"name":"Shop","item":"https:\/\/tourcruiser.com\/fr\/shop\/"},{"@type":"ListItem","position":3,"name":"Adidas Adifom IIINFINITY Slides Team Victory Red\/Red\/Red"}]},{"@type":"WebSite","@id":"\/#website","url":"\/","name":"Styloral Jewelry Shop","description":"Tourcruiser Sneaker Store \u2014 L\u2019endroit o\u00f9 l\u2019univers rencontre votre singularit\u00e9.","publisher":{"@id":"\/#organization"},"potentialAction":[{"@type":"SearchAction","target":{"@type":"EntryPoint","urlTemplate":"\/?s={search_term_string}"},"query-input":{"@type":"PropertyValueSpecification","valueRequired":true,"valueName":"search_term_string"}}],"inLanguage":"fr-FR"},{"@type":"Organization","@id":"\/#organization","name":"STYLORAL PTE. LTD","url":"\/","logo":{"@type":"ImageObject","inLanguage":"fr-FR","@id":"\/#\/schema\/logo\/image\/","url":"https:\/\/www.tourcruiser.com\/wp-content\/uploads\/2025\/12\/logo.png","contentUrl":"https:\/\/www.tourcruiser.com\/wp-content\/uploads\/2025\/12\/logo.png","width":200,"height":65,"caption":"STYLORAL PTE. LTD"},"image":{"@id":"\/#\/schema\/logo\/image\/"}}]}},"_links":{"self":[{"href":"https:\/\/tourcruiser.com\/fr\/wp-json\/wp\/v2\/product\/778529","targetHints":{"allow":["GET"]}}],"collection":[{"href":"https:\/\/tourcruiser.com\/fr\/wp-json\/wp\/v2\/product"}],"about":[{"href":"https:\/\/tourcruiser.com\/fr\/wp-json\/wp\/v2\/types\/product"}],"replies":[{"embeddable":true,"href":"https:\/\/tourcruiser.com\/fr\/wp-json\/wp\/v2\/comments?post=778529"}],"wp:featuredmedia":[{"embeddable":true,"href":"https:\/\/tourcruiser.com\/fr\/wp-json\/wp\/v2\/media\/778530"}],"wp:attachment":[{"href":"https:\/\/tourcruiser.com\/fr\/wp-json\/wp\/v2\/media?parent=778529"}],"wp:term":[{"taxonomy":"product_brand","embeddable":true,"href":"https:\/\/tourcruiser.com\/fr\/wp-json\/wp\/v2\/product_brand?post=778529"},{"taxonomy":"product_cat","embeddable":true,"href":"https:\/\/tourcruiser.com\/fr\/wp-json\/wp\/v2\/product_cat?post=778529"},{"taxonomy":"product_tag","embeddable":true,"href":"https:\/\/tourcruiser.com\/fr\/wp-json\/wp\/v2\/product_tag?post=778529"}],"curies":[{"name":"wp","href":"https:\/\/api.w.org\/{rel}","templated":true}]}}