{"id":778499,"date":"2026-04-16T17:19:45","date_gmt":"2026-04-16T10:19:45","guid":{"rendered":"http:\/\/tourcruiser.com\/product\/yeezy-slides-slate-marine"},"modified":"2026-04-17T23:13:30","modified_gmt":"2026-04-17T16:13:30","slug":"yeezy-slides-slate-marine","status":"publish","type":"product","link":"https:\/\/tourcruiser.com\/fr\/products\/yeezy-slides-slate-marine\/","title":{"rendered":"Yeezy Slides &lsquo;Slate Marine&rsquo;"},"content":{"rendered":"<p>D\u00e9couvrez les tr\u00e8s convoit\u00e9es Yeezy Slides \u00ab\u00a0Slate Marine\u00a0\u00bb ID2349. Ces sandales ultra-styl\u00e9es rehaussent votre style quotidien gr\u00e2ce \u00e0 leur silhouette \u00e9l\u00e9gante et leur teinte inspir\u00e9e de l&rsquo;oc\u00e9an. Confectionn\u00e9es \u00e0 partir de mat\u00e9riaux haut de gamme, elles offrent un confort et une respirabilit\u00e9 exceptionnels. Le logo iconique Yeezy leur conf\u00e8re une exclusivit\u00e9 qui en fait un incontournable pour les passionn\u00e9s de sneakers et de mode. Vivez l&rsquo;exp\u00e9rience streetwear ultime avec les Yeezy Slides \u00ab\u00a0Slate Marine\u00a0\u00bb ID2349.<\/p>\n<p>Coloris\u00a0: Slate Marine\/Slate Marine\/Slate Marine<br \/>\nCode article\u00a0: ID2349<br \/>\nTige\u00a0: EVA<br \/>\nSemelle interm\u00e9diaire\u00a0: EVA<br \/>\nCouleur\u00a0: Vert<br \/>\nCr\u00e9ateur\u00a0: Kanye West<br \/>\nAnn\u00e9e de sortie\u00a0: 2023<\/p>\n<p>\u00c2ge\u00a0: Adulte<br \/>\nCouleur\u00a0: Vert<br \/>\nGenre\u00a0: Homme<\/p>\n","protected":false},"excerpt":{"rendered":"<p>D\u00e9couvrez les tr\u00e8s convoit\u00e9es Yeezy Slides \u00ab\u00a0Slate Marine\u00a0\u00bb ID2349. Ces sandales ultra-styl\u00e9es rehaussent votre style quotidien gr\u00e2ce \u00e0 leur silhouette \u00e9l\u00e9gante et leur teinte inspir\u00e9e de l&rsquo;oc\u00e9an. Confectionn\u00e9es \u00e0 partir de mat\u00e9riaux haut de gamme, elles offrent un confort et une respirabilit\u00e9 exceptionnels. Le logo iconique Yeezy leur conf\u00e8re une exclusivit\u00e9 qui en fait un [&hellip;]<\/p>\n","protected":false},"featured_media":778500,"comment_status":"open","ping_status":"closed","template":"","meta":[],"product_brand":[],"product_cat":[10760],"product_tag":[10759,10864,10753,39035,10808],"class_list":{"0":"post-778499","1":"product","2":"type-product","3":"status-publish","4":"has-post-thumbnail","6":"product_cat-adidas","7":"product_tag-adidas","8":"product_tag-casual-sandals","9":"product_tag-gift-for-him","10":"product_tag-lifestyle-leisure-shoes","11":"product_tag-slides","12":"wcpa_has_options","14":"first","15":"instock","16":"taxable","17":"shipping-taxable","18":"purchasable","19":"product-type-simple"},"wcpa_form_fields":{"rules":{"pric_overide_base_price":false,"pric_overide_base_price_if_gt_zero":false,"pric_overide_base_price_fully":false,"pric_cal_option_once":false,"pric_use_as_fee":false,"bind_quantity":false,"quantity_bind_formula":false},"fields":[{"type":"color-group","required":true,"elementId":"wcpa-color-group-66c4a7f817afe","label":"Taille","inline":true,"priceOptions":"different_for_all","pricingType":"fixed","className":"hassizechart product-shoes-size-eu product-shoes-size","name":"color-group-66c4a7f817b18","disp_type":"square","selection_type":"tick-border","disp_size":"50","show_label_inside":true,"adjust_width":true,"cart_display_type":"text","other_text":"Other","cl_rule":"show","col":6,"values":[{"label":"35","value":"EU 35","price":"","pimage":"","pimage_id":"","pthumb":"","color":""},{"label":"35.5","value":"EU 35.5","price":"","pimage":"","pimage_id":"","pthumb":"","color":""},{"label":"36","value":"EU 36","price":"","pimage":"","pimage_id":"","pthumb":"","color":"","selected":true},{"label":"36 2\/3","value":"EU 36 2\/3","price":"","pimage":"","pimage_id":"","pthumb":"","color":""},{"label":"37 1\/3","value":"EU 37 1\/3","price":"","pimage":"","pimage_id":"","pthumb":"","color":""},{"label":"38","value":"EU 38","price":"","pimage":"","pimage_id":"","pthumb":"","color":""},{"label":"38 2\/3","value":"EU 38 2\/3","price":"","pimage":"","pimage_id":"","pthumb":"","color":""},{"label":"39 1\/3","value":"EU 39 1\/3","price":"","pimage":"","pimage_id":"","pthumb":"","color":""},{"label":"40","value":"EU 40","price":"","pimage":"","pimage_id":"","pthumb":"","color":""},{"label":"40 2\/3","value":"EU 40 2\/3","price":"","pimage":"","pimage_id":"","pthumb":"","color":""},{"label":"41 1\/3","value":"EU 41 1\/3","price":"","pimage":"","pimage_id":"","pthumb":"","color":""},{"label":"42","value":"EU 42","price":"","pimage":"","pimage_id":"","pthumb":"","color":""},{"label":"42 2\/3","value":"EU 42 2\/3","price":"","pimage":"","pimage_id":"","pthumb":"","color":""},{"label":"43 1\/3","value":"EU 43 1\/3","price":"","pimage":"","pimage_id":"","pthumb":"","color":""},{"label":"44","value":"EU 44","price":"","pimage":"","pimage_id":"","pthumb":"","color":""},{"label":"44 2\/3","value":"EU 44 2\/3","price":"","pimage":"","pimage_id":"","pthumb":"","color":""},{"label":"45 1\/3","value":"EU 45 1\/3","price":"","pimage":"","pimage_id":"","pthumb":"","color":""},{"label":"46","value":"EU 46","price":"","pimage":"","pimage_id":"","pthumb":"","color":""},{"label":"46 2\/3","value":"EU 46 2\/3","price":"","pimage":"","pimage_id":"","pthumb":"","color":""},{"label":"47 1\/3","value":"EU 47 1\/3","price":"","pimage":"","pimage_id":"","pthumb":"","color":""}],"relations":[{"operator":false,"rules":[]}],"form_id":24802,"form_rules":{"pric_cal_option_once":false,"exclude_from_discount":false,"pric_use_as_fee":false,"fee_label":"Fee","render_after_acb":false,"disp_hide_options_price":false}}]},"yoast_head":"<!-- This site is optimized with the Yoast SEO plugin v26.5 - https:\/\/yoast.com\/wordpress\/plugins\/seo\/ -->\n<title>Yeezy Slides &#039;Slate Marine&#039; - TOURCRUISER PTE. LTD<\/title>\n<meta name=\"robots\" content=\"index, follow, max-snippet:-1, max-image-preview:large, max-video-preview:-1\" \/>\n<link rel=\"canonical\" href=\"https:\/\/tourcruiser.com\/fr\/products\/yeezy-slides-slate-marine\/\" \/>\n<meta property=\"og:locale\" content=\"fr_FR\" \/>\n<meta property=\"og:type\" content=\"article\" \/>\n<meta property=\"og:title\" content=\"Yeezy Slides &#039;Slate Marine&#039; - TOURCRUISER PTE. LTD\" \/>\n<meta property=\"og:description\" content=\"D\u00e9couvrez les tr\u00e8s convoit\u00e9es Yeezy Slides \u00ab\u00a0Slate Marine\u00a0\u00bb ID2349. Ces sandales ultra-styl\u00e9es rehaussent votre style quotidien gr\u00e2ce \u00e0 leur silhouette \u00e9l\u00e9gante et leur teinte inspir\u00e9e de l&rsquo;oc\u00e9an. Confectionn\u00e9es \u00e0 partir de mat\u00e9riaux haut de gamme, elles offrent un confort et une respirabilit\u00e9 exceptionnels. Le logo iconique Yeezy leur conf\u00e8re une exclusivit\u00e9 qui en fait un [&hellip;]\" \/>\n<meta property=\"og:url\" content=\"https:\/\/tourcruiser.com\/fr\/products\/yeezy-slides-slate-marine\/\" \/>\n<meta property=\"og:site_name\" content=\"Tourcruiser Sneaker Store\" \/>\n<meta property=\"article:modified_time\" content=\"2026-04-17T16:13:30+00:00\" \/>\n<meta name=\"twitter:card\" content=\"summary_large_image\" \/>\n<meta name=\"twitter:image\" content=\"https:\/\/images.novelship.com\/product\/yeezy_slides__slate_marine__id2349_0_84752.jpeg;https:\/\/images.novelship.com\/product\/yeezy_slides__slate_marine__id2349_1_84752.jpeg;https:\/\/images.novelship.com\/product\/yeezy_slides__slate_marine__id2349_2_84752.jpeg;https:\/\/images.novelship.com\/product\/yeezy_slides__slate_marine__id2349_3_84752.jpeg;https:\/\/images.novelship.com\/product\/yeezy_slides__slate_marine__id2349_4_84752.jpeg;https:\/\/images.novelship.com\/product\/yeezy_slides__slate_marine__id2349_5_84752.jpeg;https:\/\/images.novelship.com\/product\/yeezy_slides__slate_marine__id2349_6_84752.jpeg;https:\/\/images.novelship.com\/product\/yeezy_slides__slate_marine__id2349_7_84752.jpeg\" \/>\n<meta name=\"twitter:label1\" content=\"Dur\u00e9e de lecture estim\u00e9e\" \/>\n\t<meta name=\"twitter:data1\" content=\"1 minute\" \/>\n<script type=\"application\/ld+json\" class=\"yoast-schema-graph\">{\"@context\":\"https:\/\/schema.org\",\"@graph\":[{\"@type\":\"WebPage\",\"@id\":\"https:\/\/tourcruiser.com\/fr\/products\/yeezy-slides-slate-marine\/\",\"url\":\"https:\/\/tourcruiser.com\/fr\/products\/yeezy-slides-slate-marine\/\",\"name\":\"Yeezy Slides 'Slate Marine' - TOURCRUISER PTE. LTD\",\"isPartOf\":{\"@id\":\"https:\/\/tourcruiser.com\/fr\/#website\"},\"primaryImageOfPage\":{\"@id\":\"https:\/\/tourcruiser.com\/fr\/products\/yeezy-slides-slate-marine\/#primaryimage\"},\"image\":{\"@id\":\"https:\/\/tourcruiser.com\/fr\/products\/yeezy-slides-slate-marine\/#primaryimage\"},\"thumbnailUrl\":\"https:\/\/images.novelship.com\/product\/yeezy_slides__slate_marine__id2349_0_84752.jpeg;https:\/\/images.novelship.com\/product\/yeezy_slides__slate_marine__id2349_1_84752.jpeg;https:\/\/images.novelship.com\/product\/yeezy_slides__slate_marine__id2349_2_84752.jpeg;https:\/\/images.novelship.com\/product\/yeezy_slides__slate_marine__id2349_3_84752.jpeg;https:\/\/images.novelship.com\/product\/yeezy_slides__slate_marine__id2349_4_84752.jpeg;https:\/\/images.novelship.com\/product\/yeezy_slides__slate_marine__id2349_5_84752.jpeg;https:\/\/images.novelship.com\/product\/yeezy_slides__slate_marine__id2349_6_84752.jpeg;https:\/\/images.novelship.com\/product\/yeezy_slides__slate_marine__id2349_7_84752.jpeg\",\"datePublished\":\"2026-04-16T10:19:45+00:00\",\"dateModified\":\"2026-04-17T16:13:30+00:00\",\"breadcrumb\":{\"@id\":\"https:\/\/tourcruiser.com\/fr\/products\/yeezy-slides-slate-marine\/#breadcrumb\"},\"inLanguage\":\"fr-FR\",\"potentialAction\":[{\"@type\":\"ReadAction\",\"target\":[\"https:\/\/tourcruiser.com\/fr\/products\/yeezy-slides-slate-marine\/\"]}]},{\"@type\":\"ImageObject\",\"inLanguage\":\"fr-FR\",\"@id\":\"https:\/\/tourcruiser.com\/fr\/products\/yeezy-slides-slate-marine\/#primaryimage\",\"url\":\"https:\/\/images.novelship.com\/product\/yeezy_slides__slate_marine__id2349_0_84752.jpeg;https:\/\/images.novelship.com\/product\/yeezy_slides__slate_marine__id2349_1_84752.jpeg;https:\/\/images.novelship.com\/product\/yeezy_slides__slate_marine__id2349_2_84752.jpeg;https:\/\/images.novelship.com\/product\/yeezy_slides__slate_marine__id2349_3_84752.jpeg;https:\/\/images.novelship.com\/product\/yeezy_slides__slate_marine__id2349_4_84752.jpeg;https:\/\/images.novelship.com\/product\/yeezy_slides__slate_marine__id2349_5_84752.jpeg;https:\/\/images.novelship.com\/product\/yeezy_slides__slate_marine__id2349_6_84752.jpeg;https:\/\/images.novelship.com\/product\/yeezy_slides__slate_marine__id2349_7_84752.jpeg\",\"contentUrl\":\"https:\/\/images.novelship.com\/product\/yeezy_slides__slate_marine__id2349_0_84752.jpeg;https:\/\/images.novelship.com\/product\/yeezy_slides__slate_marine__id2349_1_84752.jpeg;https:\/\/images.novelship.com\/product\/yeezy_slides__slate_marine__id2349_2_84752.jpeg;https:\/\/images.novelship.com\/product\/yeezy_slides__slate_marine__id2349_3_84752.jpeg;https:\/\/images.novelship.com\/product\/yeezy_slides__slate_marine__id2349_4_84752.jpeg;https:\/\/images.novelship.com\/product\/yeezy_slides__slate_marine__id2349_5_84752.jpeg;https:\/\/images.novelship.com\/product\/yeezy_slides__slate_marine__id2349_6_84752.jpeg;https:\/\/images.novelship.com\/product\/yeezy_slides__slate_marine__id2349_7_84752.jpeg\"},{\"@type\":\"BreadcrumbList\",\"@id\":\"https:\/\/tourcruiser.com\/fr\/products\/yeezy-slides-slate-marine\/#breadcrumb\",\"itemListElement\":[{\"@type\":\"ListItem\",\"position\":1,\"name\":\"Home\",\"item\":\"https:\/\/tourcruiser.com\/fr\/\"},{\"@type\":\"ListItem\",\"position\":2,\"name\":\"Shop\",\"item\":\"https:\/\/tourcruiser.com\/fr\/shop\/\"},{\"@type\":\"ListItem\",\"position\":3,\"name\":\"Yeezy Slides &#8216;Slate Marine&#8217;\"}]},{\"@type\":\"WebSite\",\"@id\":\"https:\/\/tourcruiser.com\/fr\/#website\",\"url\":\"https:\/\/tourcruiser.com\/fr\/\",\"name\":\"Styloral Jewelry Shop\",\"description\":\"Tourcruiser Sneaker Store \u2014 L\u2019endroit o\u00f9 l\u2019univers rencontre votre singularit\u00e9.\",\"publisher\":{\"@id\":\"https:\/\/tourcruiser.com\/fr\/#organization\"},\"potentialAction\":[{\"@type\":\"SearchAction\",\"target\":{\"@type\":\"EntryPoint\",\"urlTemplate\":\"https:\/\/tourcruiser.com\/fr\/?s={search_term_string}\"},\"query-input\":{\"@type\":\"PropertyValueSpecification\",\"valueRequired\":true,\"valueName\":\"search_term_string\"}}],\"inLanguage\":\"fr-FR\"},{\"@type\":\"Organization\",\"@id\":\"https:\/\/tourcruiser.com\/fr\/#organization\",\"name\":\"STYLORAL PTE. LTD\",\"url\":\"https:\/\/tourcruiser.com\/fr\/\",\"logo\":{\"@type\":\"ImageObject\",\"inLanguage\":\"fr-FR\",\"@id\":\"https:\/\/tourcruiser.com\/fr\/#\/schema\/logo\/image\/\",\"url\":\"https:\/\/www.tourcruiser.com\/wp-content\/uploads\/2025\/12\/logo.png\",\"contentUrl\":\"https:\/\/www.tourcruiser.com\/wp-content\/uploads\/2025\/12\/logo.png\",\"width\":200,\"height\":65,\"caption\":\"STYLORAL PTE. LTD\"},\"image\":{\"@id\":\"https:\/\/tourcruiser.com\/fr\/#\/schema\/logo\/image\/\"}}]}<\/script>\n<!-- \/ Yoast SEO plugin. -->","yoast_head_json":{"title":"Yeezy Slides 'Slate Marine' - TOURCRUISER PTE. LTD","robots":{"index":"index","follow":"follow","max-snippet":"max-snippet:-1","max-image-preview":"max-image-preview:large","max-video-preview":"max-video-preview:-1"},"canonical":"https:\/\/tourcruiser.com\/fr\/products\/yeezy-slides-slate-marine\/","og_locale":"fr_FR","og_type":"article","og_title":"Yeezy Slides 'Slate Marine' - TOURCRUISER PTE. LTD","og_description":"D\u00e9couvrez les tr\u00e8s convoit\u00e9es Yeezy Slides \u00ab\u00a0Slate Marine\u00a0\u00bb ID2349. Ces sandales ultra-styl\u00e9es rehaussent votre style quotidien gr\u00e2ce \u00e0 leur silhouette \u00e9l\u00e9gante et leur teinte inspir\u00e9e de l&rsquo;oc\u00e9an. Confectionn\u00e9es \u00e0 partir de mat\u00e9riaux haut de gamme, elles offrent un confort et une respirabilit\u00e9 exceptionnels. Le logo iconique Yeezy leur conf\u00e8re une exclusivit\u00e9 qui en fait un [&hellip;]","og_url":"https:\/\/tourcruiser.com\/fr\/products\/yeezy-slides-slate-marine\/","og_site_name":"Tourcruiser Sneaker Store","article_modified_time":"2026-04-17T16:13:30+00:00","twitter_card":"summary_large_image","twitter_image":"https:\/\/images.novelship.com\/product\/yeezy_slides__slate_marine__id2349_0_84752.jpeg;https:\/\/images.novelship.com\/product\/yeezy_slides__slate_marine__id2349_1_84752.jpeg;https:\/\/images.novelship.com\/product\/yeezy_slides__slate_marine__id2349_2_84752.jpeg;https:\/\/images.novelship.com\/product\/yeezy_slides__slate_marine__id2349_3_84752.jpeg;https:\/\/images.novelship.com\/product\/yeezy_slides__slate_marine__id2349_4_84752.jpeg;https:\/\/images.novelship.com\/product\/yeezy_slides__slate_marine__id2349_5_84752.jpeg;https:\/\/images.novelship.com\/product\/yeezy_slides__slate_marine__id2349_6_84752.jpeg;https:\/\/images.novelship.com\/product\/yeezy_slides__slate_marine__id2349_7_84752.jpeg","twitter_misc":{"Dur\u00e9e de lecture estim\u00e9e":"1 minute"},"schema":{"@context":"https:\/\/schema.org","@graph":[{"@type":"WebPage","@id":"https:\/\/tourcruiser.com\/fr\/products\/yeezy-slides-slate-marine\/","url":"https:\/\/tourcruiser.com\/fr\/products\/yeezy-slides-slate-marine\/","name":"Yeezy Slides 'Slate Marine' - TOURCRUISER PTE. LTD","isPartOf":{"@id":"https:\/\/tourcruiser.com\/fr\/#website"},"primaryImageOfPage":{"@id":"https:\/\/tourcruiser.com\/fr\/products\/yeezy-slides-slate-marine\/#primaryimage"},"image":{"@id":"https:\/\/tourcruiser.com\/fr\/products\/yeezy-slides-slate-marine\/#primaryimage"},"thumbnailUrl":"https:\/\/images.novelship.com\/product\/yeezy_slides__slate_marine__id2349_0_84752.jpeg;https:\/\/images.novelship.com\/product\/yeezy_slides__slate_marine__id2349_1_84752.jpeg;https:\/\/images.novelship.com\/product\/yeezy_slides__slate_marine__id2349_2_84752.jpeg;https:\/\/images.novelship.com\/product\/yeezy_slides__slate_marine__id2349_3_84752.jpeg;https:\/\/images.novelship.com\/product\/yeezy_slides__slate_marine__id2349_4_84752.jpeg;https:\/\/images.novelship.com\/product\/yeezy_slides__slate_marine__id2349_5_84752.jpeg;https:\/\/images.novelship.com\/product\/yeezy_slides__slate_marine__id2349_6_84752.jpeg;https:\/\/images.novelship.com\/product\/yeezy_slides__slate_marine__id2349_7_84752.jpeg","datePublished":"2026-04-16T10:19:45+00:00","dateModified":"2026-04-17T16:13:30+00:00","breadcrumb":{"@id":"https:\/\/tourcruiser.com\/fr\/products\/yeezy-slides-slate-marine\/#breadcrumb"},"inLanguage":"fr-FR","potentialAction":[{"@type":"ReadAction","target":["https:\/\/tourcruiser.com\/fr\/products\/yeezy-slides-slate-marine\/"]}]},{"@type":"ImageObject","inLanguage":"fr-FR","@id":"https:\/\/tourcruiser.com\/fr\/products\/yeezy-slides-slate-marine\/#primaryimage","url":"https:\/\/images.novelship.com\/product\/yeezy_slides__slate_marine__id2349_0_84752.jpeg;https:\/\/images.novelship.com\/product\/yeezy_slides__slate_marine__id2349_1_84752.jpeg;https:\/\/images.novelship.com\/product\/yeezy_slides__slate_marine__id2349_2_84752.jpeg;https:\/\/images.novelship.com\/product\/yeezy_slides__slate_marine__id2349_3_84752.jpeg;https:\/\/images.novelship.com\/product\/yeezy_slides__slate_marine__id2349_4_84752.jpeg;https:\/\/images.novelship.com\/product\/yeezy_slides__slate_marine__id2349_5_84752.jpeg;https:\/\/images.novelship.com\/product\/yeezy_slides__slate_marine__id2349_6_84752.jpeg;https:\/\/images.novelship.com\/product\/yeezy_slides__slate_marine__id2349_7_84752.jpeg","contentUrl":"https:\/\/images.novelship.com\/product\/yeezy_slides__slate_marine__id2349_0_84752.jpeg;https:\/\/images.novelship.com\/product\/yeezy_slides__slate_marine__id2349_1_84752.jpeg;https:\/\/images.novelship.com\/product\/yeezy_slides__slate_marine__id2349_2_84752.jpeg;https:\/\/images.novelship.com\/product\/yeezy_slides__slate_marine__id2349_3_84752.jpeg;https:\/\/images.novelship.com\/product\/yeezy_slides__slate_marine__id2349_4_84752.jpeg;https:\/\/images.novelship.com\/product\/yeezy_slides__slate_marine__id2349_5_84752.jpeg;https:\/\/images.novelship.com\/product\/yeezy_slides__slate_marine__id2349_6_84752.jpeg;https:\/\/images.novelship.com\/product\/yeezy_slides__slate_marine__id2349_7_84752.jpeg"},{"@type":"BreadcrumbList","@id":"https:\/\/tourcruiser.com\/fr\/products\/yeezy-slides-slate-marine\/#breadcrumb","itemListElement":[{"@type":"ListItem","position":1,"name":"Home","item":"https:\/\/tourcruiser.com\/fr\/"},{"@type":"ListItem","position":2,"name":"Shop","item":"https:\/\/tourcruiser.com\/fr\/shop\/"},{"@type":"ListItem","position":3,"name":"Yeezy Slides &#8216;Slate Marine&#8217;"}]},{"@type":"WebSite","@id":"https:\/\/tourcruiser.com\/fr\/#website","url":"https:\/\/tourcruiser.com\/fr\/","name":"Styloral Jewelry Shop","description":"Tourcruiser Sneaker Store \u2014 L\u2019endroit o\u00f9 l\u2019univers rencontre votre singularit\u00e9.","publisher":{"@id":"https:\/\/tourcruiser.com\/fr\/#organization"},"potentialAction":[{"@type":"SearchAction","target":{"@type":"EntryPoint","urlTemplate":"https:\/\/tourcruiser.com\/fr\/?s={search_term_string}"},"query-input":{"@type":"PropertyValueSpecification","valueRequired":true,"valueName":"search_term_string"}}],"inLanguage":"fr-FR"},{"@type":"Organization","@id":"https:\/\/tourcruiser.com\/fr\/#organization","name":"STYLORAL PTE. LTD","url":"https:\/\/tourcruiser.com\/fr\/","logo":{"@type":"ImageObject","inLanguage":"fr-FR","@id":"https:\/\/tourcruiser.com\/fr\/#\/schema\/logo\/image\/","url":"https:\/\/www.tourcruiser.com\/wp-content\/uploads\/2025\/12\/logo.png","contentUrl":"https:\/\/www.tourcruiser.com\/wp-content\/uploads\/2025\/12\/logo.png","width":200,"height":65,"caption":"STYLORAL PTE. LTD"},"image":{"@id":"https:\/\/tourcruiser.com\/fr\/#\/schema\/logo\/image\/"}}]}},"_links":{"self":[{"href":"https:\/\/tourcruiser.com\/fr\/wp-json\/wp\/v2\/product\/778499","targetHints":{"allow":["GET"]}}],"collection":[{"href":"https:\/\/tourcruiser.com\/fr\/wp-json\/wp\/v2\/product"}],"about":[{"href":"https:\/\/tourcruiser.com\/fr\/wp-json\/wp\/v2\/types\/product"}],"replies":[{"embeddable":true,"href":"https:\/\/tourcruiser.com\/fr\/wp-json\/wp\/v2\/comments?post=778499"}],"wp:featuredmedia":[{"embeddable":true,"href":"https:\/\/tourcruiser.com\/fr\/wp-json\/wp\/v2\/media\/778500"}],"wp:attachment":[{"href":"https:\/\/tourcruiser.com\/fr\/wp-json\/wp\/v2\/media?parent=778499"}],"wp:term":[{"taxonomy":"product_brand","embeddable":true,"href":"https:\/\/tourcruiser.com\/fr\/wp-json\/wp\/v2\/product_brand?post=778499"},{"taxonomy":"product_cat","embeddable":true,"href":"https:\/\/tourcruiser.com\/fr\/wp-json\/wp\/v2\/product_cat?post=778499"},{"taxonomy":"product_tag","embeddable":true,"href":"https:\/\/tourcruiser.com\/fr\/wp-json\/wp\/v2\/product_tag?post=778499"}],"curies":[{"name":"wp","href":"https:\/\/api.w.org\/{rel}","templated":true}]}}