{"id":778454,"date":"2026-04-16T17:19:44","date_gmt":"2026-04-16T10:19:44","guid":{"rendered":"http:\/\/tourcruiser.com\/product\/nike-air-max-cirro-slides-black-metallic-silver"},"modified":"2026-04-17T23:13:27","modified_gmt":"2026-04-17T16:13:27","slug":"nike-air-max-cirro-slides-black-metallic-silver","status":"publish","type":"product","link":"https:\/\/tourcruiser.com\/fr\/products\/nike-air-max-cirro-slides-black-metallic-silver\/","title":{"rendered":"Nike Air Max Cirro Slides &lsquo;Black Metallic Silver&rsquo;"},"content":{"rendered":"<p>D\u00e9couvrez les claquettes Nike Air Max Cirro noires et argent\u00e9es m\u00e9tallis\u00e9es. Ces sneakers \u00e9l\u00e9gantes et styl\u00e9es de Nike s\u00e9duisent par leur combinaison de couleurs noir et argent m\u00e9tallis\u00e9. Id\u00e9ales pour les loisirs et le sport, ces claquettes offrent un confort et un maintien optimaux tout au long de la journ\u00e9e. Apportez une touche de sophistication \u00e0 votre style avec les claquettes Nike Air Max Cirro.<\/p>\n<p>Coloris\u00a0: Noir\/Argent m\u00e9tallis\u00e9\/Blanc\/Noir<\/p>\n<p>Code article\u00a0: DC1460-004<\/p>\n<p>Mati\u00e8re ext\u00e9rieure\u00a0: Synth\u00e9tique<\/p>\n<p>Semelle interm\u00e9diaire\u00a0: Air<\/p>\n<p>Couleur\u00a0: Noir<\/p>\n<p>Saison\u00a0: Printemps<\/p>\n<p>Ann\u00e9e de sortie\u00a0: 2022<br \/>\n\u00c2ge\u00a0: Adulte<br \/>\nCouleur\u00a0: Noir<br \/>\nGenre\u00a0: Homme<\/p>\n","protected":false},"excerpt":{"rendered":"<p>D\u00e9couvrez les claquettes Nike Air Max Cirro noires et argent\u00e9es m\u00e9tallis\u00e9es. Ces sneakers \u00e9l\u00e9gantes et styl\u00e9es de Nike s\u00e9duisent par leur combinaison de couleurs noir et argent m\u00e9tallis\u00e9. Id\u00e9ales pour les loisirs et le sport, ces claquettes offrent un confort et un maintien optimaux tout au long de la journ\u00e9e. Apportez une touche de sophistication [&hellip;]<\/p>\n","protected":false},"featured_media":778455,"comment_status":"open","ping_status":"closed","template":"","meta":[],"product_brand":[],"product_cat":[10803],"product_tag":[10750,10753,10754,10801,10768,10808],"class_list":{"0":"post-778454","1":"product","2":"type-product","3":"status-publish","4":"has-post-thumbnail","6":"product_cat-nike","7":"product_tag-athleisure-shoes","8":"product_tag-gift-for-him","9":"product_tag-lifestyle-casual-shoes","10":"product_tag-nike","11":"product_tag-retro-running-shoes","12":"product_tag-slides","13":"wcpa_has_options","15":"first","16":"instock","17":"taxable","18":"shipping-taxable","19":"purchasable","20":"product-type-simple"},"wcpa_form_fields":{"rules":{"pric_overide_base_price":false,"pric_overide_base_price_if_gt_zero":false,"pric_overide_base_price_fully":false,"pric_cal_option_once":false,"pric_use_as_fee":false,"bind_quantity":false,"quantity_bind_formula":false},"fields":[{"type":"color-group","required":true,"elementId":"wcpa-color-group-66c4a75505e74","label":"Taille","inline":true,"priceOptions":"different_for_all","pricingType":"fixed","className":"hassizechart product-shoes-size-eu product-shoes-size","name":"color-group-66c4a75505e89","disp_type":"square","selection_type":"tick-border","disp_size":"44","show_label_inside":true,"adjust_width":true,"cart_display_type":"text","other_text":"Other","cl_rule":"show","col":6,"values":[{"label":"35.5","value":"EU 35.5","price":"","pimage":"","pimage_id":"","pthumb":"","color":""},{"label":"36","value":"EU 36","price":"","pimage":"","pimage_id":"","pthumb":"","color":"","selected":true},{"label":"36.5","value":"EU 36.5","price":"","pimage":"","pimage_id":"","pthumb":"","color":""},{"label":"37.5","value":"EU 37.5","price":"","pimage":"","pimage_id":"","pthumb":"","color":""},{"label":"38","value":"EU 38","price":"","pimage":"","pimage_id":"","pthumb":"","color":""},{"label":"38.5","value":"EU 38.5","price":"","pimage":"","pimage_id":"","pthumb":"","color":""},{"label":"39","value":"EU 39","price":"","pimage":"","pimage_id":"","pthumb":"","color":""},{"label":"40","value":"EU 40","price":"","pimage":"","pimage_id":"","pthumb":"","color":""},{"label":"40.5","value":"EU 40.5","price":"","pimage":"","pimage_id":"","pthumb":"","color":""},{"label":"41","value":"EU 41","price":"","pimage":"","pimage_id":"","pthumb":"","color":""},{"label":"42","value":"EU 42","price":"","pimage":"","pimage_id":"","pthumb":"","color":""},{"label":"42.5","value":"EU 42.5","price":"","pimage":"","pimage_id":"","pthumb":"","color":""},{"label":"43","value":"EU 43","price":"","pimage":"","pimage_id":"","pthumb":"","color":""},{"label":"44","value":"EU 44","price":"","pimage":"","pimage_id":"","pthumb":"","color":""},{"label":"44.5","value":"EU 44.5","price":"","pimage":"","pimage_id":"","pthumb":"","color":""},{"label":"45","value":"EU 45","price":"","pimage":"","pimage_id":"","pthumb":"","color":""},{"label":"45.5","value":"EU 45.5","price":"","pimage":"","pimage_id":"","pthumb":"","color":""},{"label":"46","value":"EU 46","price":"","pimage":"","pimage_id":"","pthumb":"","color":""},{"label":"47","value":"EU 47","price":"","pimage":"","pimage_id":"","pthumb":"","color":""},{"label":"47.5","value":"EU 47.5","price":"","pimage":"","pimage_id":"","pthumb":"","color":""},{"label":"48","value":"EU 48","price":"","pimage":"","pimage_id":"","pthumb":"","color":""}],"relations":[{"operator":false,"rules":[]}],"form_id":18106,"form_rules":{"pric_cal_option_once":false,"exclude_from_discount":false,"pric_use_as_fee":false,"fee_label":"Fee","render_after_acb":false,"disp_hide_options_price":false}}]},"yoast_head":"<!-- This site is optimized with the Yoast SEO plugin v26.5 - https:\/\/yoast.com\/wordpress\/plugins\/seo\/ -->\n<title>Nike Air Max Cirro Slides &#039;Black Metallic Silver&#039; - TOURCRUISER PTE. LTD<\/title>\n<meta name=\"robots\" content=\"index, follow, max-snippet:-1, max-image-preview:large, max-video-preview:-1\" \/>\n<link rel=\"canonical\" href=\"https:\/\/tourcruiser.com\/fr\/products\/nike-air-max-cirro-slides-black-metallic-silver\/\" \/>\n<meta property=\"og:locale\" content=\"fr_FR\" \/>\n<meta property=\"og:type\" content=\"article\" \/>\n<meta property=\"og:title\" content=\"Nike Air Max Cirro Slides &#039;Black Metallic Silver&#039; - TOURCRUISER PTE. LTD\" \/>\n<meta property=\"og:description\" content=\"D\u00e9couvrez les claquettes Nike Air Max Cirro noires et argent\u00e9es m\u00e9tallis\u00e9es. Ces sneakers \u00e9l\u00e9gantes et styl\u00e9es de Nike s\u00e9duisent par leur combinaison de couleurs noir et argent m\u00e9tallis\u00e9. Id\u00e9ales pour les loisirs et le sport, ces claquettes offrent un confort et un maintien optimaux tout au long de la journ\u00e9e. Apportez une touche de sophistication [&hellip;]\" \/>\n<meta property=\"og:url\" content=\"https:\/\/tourcruiser.com\/fr\/products\/nike-air-max-cirro-slides-black-metallic-silver\/\" \/>\n<meta property=\"og:site_name\" content=\"Tourcruiser Sneaker Store\" \/>\n<meta property=\"article:modified_time\" content=\"2026-04-17T16:13:27+00:00\" \/>\n<meta name=\"twitter:card\" content=\"summary_large_image\" \/>\n<meta name=\"twitter:image\" content=\"https:\/\/images.novelship.com\/product\/nike_air_max_cirro_slides__black_metallic_silver___0_2392.jpeg;https:\/\/images.novelship.com\/product\/nike_air_max_cirro_slides__black_metallic_silver___1_2392.jpeg;https:\/\/images.novelship.com\/product\/nike_air_max_cirro_slides__black_metallic_silver___2_2392.jpeg;https:\/\/images.novelship.com\/product\/nike_air_max_cirro_slides__black_metallic_silver___3_2392.jpeg;https:\/\/images.novelship.com\/product\/nike_air_max_cirro_slides__black_metallic_silver___4_2392.jpeg;https:\/\/images.novelship.com\/product\/nike_air_max_cirro_slides__black_metallic_silver___5_2392.jpeg;https:\/\/images.novelship.com\/product\/nike_air_max_cirro_slides__black_metallic_silver___6_2392.jpeg;https:\/\/images.novelship.com\/product\/nike_air_max_cirro_slides__black_metallic_silver___7_2392.jpeg\" \/>\n<meta name=\"twitter:label1\" content=\"Dur\u00e9e de lecture estim\u00e9e\" \/>\n\t<meta name=\"twitter:data1\" content=\"1 minute\" \/>\n<script type=\"application\/ld+json\" class=\"yoast-schema-graph\">{\"@context\":\"https:\/\/schema.org\",\"@graph\":[{\"@type\":\"WebPage\",\"@id\":\"https:\/\/tourcruiser.com\/fr\/products\/nike-air-max-cirro-slides-black-metallic-silver\/\",\"url\":\"https:\/\/tourcruiser.com\/fr\/products\/nike-air-max-cirro-slides-black-metallic-silver\/\",\"name\":\"Nike Air Max Cirro Slides 'Black Metallic Silver' - TOURCRUISER PTE. LTD\",\"isPartOf\":{\"@id\":\"\/#website\"},\"primaryImageOfPage\":{\"@id\":\"https:\/\/tourcruiser.com\/fr\/products\/nike-air-max-cirro-slides-black-metallic-silver\/#primaryimage\"},\"image\":{\"@id\":\"https:\/\/tourcruiser.com\/fr\/products\/nike-air-max-cirro-slides-black-metallic-silver\/#primaryimage\"},\"thumbnailUrl\":\"https:\/\/images.novelship.com\/product\/nike_air_max_cirro_slides__black_metallic_silver___0_2392.jpeg;https:\/\/images.novelship.com\/product\/nike_air_max_cirro_slides__black_metallic_silver___1_2392.jpeg;https:\/\/images.novelship.com\/product\/nike_air_max_cirro_slides__black_metallic_silver___2_2392.jpeg;https:\/\/images.novelship.com\/product\/nike_air_max_cirro_slides__black_metallic_silver___3_2392.jpeg;https:\/\/images.novelship.com\/product\/nike_air_max_cirro_slides__black_metallic_silver___4_2392.jpeg;https:\/\/images.novelship.com\/product\/nike_air_max_cirro_slides__black_metallic_silver___5_2392.jpeg;https:\/\/images.novelship.com\/product\/nike_air_max_cirro_slides__black_metallic_silver___6_2392.jpeg;https:\/\/images.novelship.com\/product\/nike_air_max_cirro_slides__black_metallic_silver___7_2392.jpeg\",\"datePublished\":\"2026-04-16T10:19:44+00:00\",\"dateModified\":\"2026-04-17T16:13:27+00:00\",\"breadcrumb\":{\"@id\":\"https:\/\/tourcruiser.com\/fr\/products\/nike-air-max-cirro-slides-black-metallic-silver\/#breadcrumb\"},\"inLanguage\":\"fr-FR\",\"potentialAction\":[{\"@type\":\"ReadAction\",\"target\":[\"https:\/\/tourcruiser.com\/fr\/products\/nike-air-max-cirro-slides-black-metallic-silver\/\"]}]},{\"@type\":\"ImageObject\",\"inLanguage\":\"fr-FR\",\"@id\":\"https:\/\/tourcruiser.com\/fr\/products\/nike-air-max-cirro-slides-black-metallic-silver\/#primaryimage\",\"url\":\"https:\/\/images.novelship.com\/product\/nike_air_max_cirro_slides__black_metallic_silver___0_2392.jpeg;https:\/\/images.novelship.com\/product\/nike_air_max_cirro_slides__black_metallic_silver___1_2392.jpeg;https:\/\/images.novelship.com\/product\/nike_air_max_cirro_slides__black_metallic_silver___2_2392.jpeg;https:\/\/images.novelship.com\/product\/nike_air_max_cirro_slides__black_metallic_silver___3_2392.jpeg;https:\/\/images.novelship.com\/product\/nike_air_max_cirro_slides__black_metallic_silver___4_2392.jpeg;https:\/\/images.novelship.com\/product\/nike_air_max_cirro_slides__black_metallic_silver___5_2392.jpeg;https:\/\/images.novelship.com\/product\/nike_air_max_cirro_slides__black_metallic_silver___6_2392.jpeg;https:\/\/images.novelship.com\/product\/nike_air_max_cirro_slides__black_metallic_silver___7_2392.jpeg\",\"contentUrl\":\"https:\/\/images.novelship.com\/product\/nike_air_max_cirro_slides__black_metallic_silver___0_2392.jpeg;https:\/\/images.novelship.com\/product\/nike_air_max_cirro_slides__black_metallic_silver___1_2392.jpeg;https:\/\/images.novelship.com\/product\/nike_air_max_cirro_slides__black_metallic_silver___2_2392.jpeg;https:\/\/images.novelship.com\/product\/nike_air_max_cirro_slides__black_metallic_silver___3_2392.jpeg;https:\/\/images.novelship.com\/product\/nike_air_max_cirro_slides__black_metallic_silver___4_2392.jpeg;https:\/\/images.novelship.com\/product\/nike_air_max_cirro_slides__black_metallic_silver___5_2392.jpeg;https:\/\/images.novelship.com\/product\/nike_air_max_cirro_slides__black_metallic_silver___6_2392.jpeg;https:\/\/images.novelship.com\/product\/nike_air_max_cirro_slides__black_metallic_silver___7_2392.jpeg\"},{\"@type\":\"BreadcrumbList\",\"@id\":\"https:\/\/tourcruiser.com\/fr\/products\/nike-air-max-cirro-slides-black-metallic-silver\/#breadcrumb\",\"itemListElement\":[{\"@type\":\"ListItem\",\"position\":1,\"name\":\"Home\",\"item\":\"https:\/\/tourcruiser.com\/fr\/\"},{\"@type\":\"ListItem\",\"position\":2,\"name\":\"Shop\",\"item\":\"https:\/\/tourcruiser.com\/fr\/shop\/\"},{\"@type\":\"ListItem\",\"position\":3,\"name\":\"Nike Air Max Cirro Slides &#8216;Black Metallic Silver&#8217;\"}]},{\"@type\":\"WebSite\",\"@id\":\"\/#website\",\"url\":\"\/\",\"name\":\"Styloral Jewelry Shop\",\"description\":\"Tourcruiser Sneaker Store \u2014 L\u2019endroit o\u00f9 l\u2019univers rencontre votre singularit\u00e9.\",\"publisher\":{\"@id\":\"\/#organization\"},\"potentialAction\":[{\"@type\":\"SearchAction\",\"target\":{\"@type\":\"EntryPoint\",\"urlTemplate\":\"\/?s={search_term_string}\"},\"query-input\":{\"@type\":\"PropertyValueSpecification\",\"valueRequired\":true,\"valueName\":\"search_term_string\"}}],\"inLanguage\":\"fr-FR\"},{\"@type\":\"Organization\",\"@id\":\"\/#organization\",\"name\":\"STYLORAL PTE. LTD\",\"url\":\"\/\",\"logo\":{\"@type\":\"ImageObject\",\"inLanguage\":\"fr-FR\",\"@id\":\"\/#\/schema\/logo\/image\/\",\"url\":\"https:\/\/www.tourcruiser.com\/wp-content\/uploads\/2025\/12\/logo.png\",\"contentUrl\":\"https:\/\/www.tourcruiser.com\/wp-content\/uploads\/2025\/12\/logo.png\",\"width\":200,\"height\":65,\"caption\":\"STYLORAL PTE. LTD\"},\"image\":{\"@id\":\"\/#\/schema\/logo\/image\/\"}}]}<\/script>\n<!-- \/ Yoast SEO plugin. -->","yoast_head_json":{"title":"Nike Air Max Cirro Slides 'Black Metallic Silver' - TOURCRUISER PTE. LTD","robots":{"index":"index","follow":"follow","max-snippet":"max-snippet:-1","max-image-preview":"max-image-preview:large","max-video-preview":"max-video-preview:-1"},"canonical":"https:\/\/tourcruiser.com\/fr\/products\/nike-air-max-cirro-slides-black-metallic-silver\/","og_locale":"fr_FR","og_type":"article","og_title":"Nike Air Max Cirro Slides 'Black Metallic Silver' - TOURCRUISER PTE. LTD","og_description":"D\u00e9couvrez les claquettes Nike Air Max Cirro noires et argent\u00e9es m\u00e9tallis\u00e9es. Ces sneakers \u00e9l\u00e9gantes et styl\u00e9es de Nike s\u00e9duisent par leur combinaison de couleurs noir et argent m\u00e9tallis\u00e9. Id\u00e9ales pour les loisirs et le sport, ces claquettes offrent un confort et un maintien optimaux tout au long de la journ\u00e9e. Apportez une touche de sophistication [&hellip;]","og_url":"https:\/\/tourcruiser.com\/fr\/products\/nike-air-max-cirro-slides-black-metallic-silver\/","og_site_name":"Tourcruiser Sneaker Store","article_modified_time":"2026-04-17T16:13:27+00:00","twitter_card":"summary_large_image","twitter_image":"https:\/\/images.novelship.com\/product\/nike_air_max_cirro_slides__black_metallic_silver___0_2392.jpeg;https:\/\/images.novelship.com\/product\/nike_air_max_cirro_slides__black_metallic_silver___1_2392.jpeg;https:\/\/images.novelship.com\/product\/nike_air_max_cirro_slides__black_metallic_silver___2_2392.jpeg;https:\/\/images.novelship.com\/product\/nike_air_max_cirro_slides__black_metallic_silver___3_2392.jpeg;https:\/\/images.novelship.com\/product\/nike_air_max_cirro_slides__black_metallic_silver___4_2392.jpeg;https:\/\/images.novelship.com\/product\/nike_air_max_cirro_slides__black_metallic_silver___5_2392.jpeg;https:\/\/images.novelship.com\/product\/nike_air_max_cirro_slides__black_metallic_silver___6_2392.jpeg;https:\/\/images.novelship.com\/product\/nike_air_max_cirro_slides__black_metallic_silver___7_2392.jpeg","twitter_misc":{"Dur\u00e9e de lecture estim\u00e9e":"1 minute"},"schema":{"@context":"https:\/\/schema.org","@graph":[{"@type":"WebPage","@id":"https:\/\/tourcruiser.com\/fr\/products\/nike-air-max-cirro-slides-black-metallic-silver\/","url":"https:\/\/tourcruiser.com\/fr\/products\/nike-air-max-cirro-slides-black-metallic-silver\/","name":"Nike Air Max Cirro Slides 'Black Metallic Silver' - TOURCRUISER PTE. LTD","isPartOf":{"@id":"\/#website"},"primaryImageOfPage":{"@id":"https:\/\/tourcruiser.com\/fr\/products\/nike-air-max-cirro-slides-black-metallic-silver\/#primaryimage"},"image":{"@id":"https:\/\/tourcruiser.com\/fr\/products\/nike-air-max-cirro-slides-black-metallic-silver\/#primaryimage"},"thumbnailUrl":"https:\/\/images.novelship.com\/product\/nike_air_max_cirro_slides__black_metallic_silver___0_2392.jpeg;https:\/\/images.novelship.com\/product\/nike_air_max_cirro_slides__black_metallic_silver___1_2392.jpeg;https:\/\/images.novelship.com\/product\/nike_air_max_cirro_slides__black_metallic_silver___2_2392.jpeg;https:\/\/images.novelship.com\/product\/nike_air_max_cirro_slides__black_metallic_silver___3_2392.jpeg;https:\/\/images.novelship.com\/product\/nike_air_max_cirro_slides__black_metallic_silver___4_2392.jpeg;https:\/\/images.novelship.com\/product\/nike_air_max_cirro_slides__black_metallic_silver___5_2392.jpeg;https:\/\/images.novelship.com\/product\/nike_air_max_cirro_slides__black_metallic_silver___6_2392.jpeg;https:\/\/images.novelship.com\/product\/nike_air_max_cirro_slides__black_metallic_silver___7_2392.jpeg","datePublished":"2026-04-16T10:19:44+00:00","dateModified":"2026-04-17T16:13:27+00:00","breadcrumb":{"@id":"https:\/\/tourcruiser.com\/fr\/products\/nike-air-max-cirro-slides-black-metallic-silver\/#breadcrumb"},"inLanguage":"fr-FR","potentialAction":[{"@type":"ReadAction","target":["https:\/\/tourcruiser.com\/fr\/products\/nike-air-max-cirro-slides-black-metallic-silver\/"]}]},{"@type":"ImageObject","inLanguage":"fr-FR","@id":"https:\/\/tourcruiser.com\/fr\/products\/nike-air-max-cirro-slides-black-metallic-silver\/#primaryimage","url":"https:\/\/images.novelship.com\/product\/nike_air_max_cirro_slides__black_metallic_silver___0_2392.jpeg;https:\/\/images.novelship.com\/product\/nike_air_max_cirro_slides__black_metallic_silver___1_2392.jpeg;https:\/\/images.novelship.com\/product\/nike_air_max_cirro_slides__black_metallic_silver___2_2392.jpeg;https:\/\/images.novelship.com\/product\/nike_air_max_cirro_slides__black_metallic_silver___3_2392.jpeg;https:\/\/images.novelship.com\/product\/nike_air_max_cirro_slides__black_metallic_silver___4_2392.jpeg;https:\/\/images.novelship.com\/product\/nike_air_max_cirro_slides__black_metallic_silver___5_2392.jpeg;https:\/\/images.novelship.com\/product\/nike_air_max_cirro_slides__black_metallic_silver___6_2392.jpeg;https:\/\/images.novelship.com\/product\/nike_air_max_cirro_slides__black_metallic_silver___7_2392.jpeg","contentUrl":"https:\/\/images.novelship.com\/product\/nike_air_max_cirro_slides__black_metallic_silver___0_2392.jpeg;https:\/\/images.novelship.com\/product\/nike_air_max_cirro_slides__black_metallic_silver___1_2392.jpeg;https:\/\/images.novelship.com\/product\/nike_air_max_cirro_slides__black_metallic_silver___2_2392.jpeg;https:\/\/images.novelship.com\/product\/nike_air_max_cirro_slides__black_metallic_silver___3_2392.jpeg;https:\/\/images.novelship.com\/product\/nike_air_max_cirro_slides__black_metallic_silver___4_2392.jpeg;https:\/\/images.novelship.com\/product\/nike_air_max_cirro_slides__black_metallic_silver___5_2392.jpeg;https:\/\/images.novelship.com\/product\/nike_air_max_cirro_slides__black_metallic_silver___6_2392.jpeg;https:\/\/images.novelship.com\/product\/nike_air_max_cirro_slides__black_metallic_silver___7_2392.jpeg"},{"@type":"BreadcrumbList","@id":"https:\/\/tourcruiser.com\/fr\/products\/nike-air-max-cirro-slides-black-metallic-silver\/#breadcrumb","itemListElement":[{"@type":"ListItem","position":1,"name":"Home","item":"https:\/\/tourcruiser.com\/fr\/"},{"@type":"ListItem","position":2,"name":"Shop","item":"https:\/\/tourcruiser.com\/fr\/shop\/"},{"@type":"ListItem","position":3,"name":"Nike Air Max Cirro Slides &#8216;Black Metallic Silver&#8217;"}]},{"@type":"WebSite","@id":"\/#website","url":"\/","name":"Styloral Jewelry Shop","description":"Tourcruiser Sneaker Store \u2014 L\u2019endroit o\u00f9 l\u2019univers rencontre votre singularit\u00e9.","publisher":{"@id":"\/#organization"},"potentialAction":[{"@type":"SearchAction","target":{"@type":"EntryPoint","urlTemplate":"\/?s={search_term_string}"},"query-input":{"@type":"PropertyValueSpecification","valueRequired":true,"valueName":"search_term_string"}}],"inLanguage":"fr-FR"},{"@type":"Organization","@id":"\/#organization","name":"STYLORAL PTE. LTD","url":"\/","logo":{"@type":"ImageObject","inLanguage":"fr-FR","@id":"\/#\/schema\/logo\/image\/","url":"https:\/\/www.tourcruiser.com\/wp-content\/uploads\/2025\/12\/logo.png","contentUrl":"https:\/\/www.tourcruiser.com\/wp-content\/uploads\/2025\/12\/logo.png","width":200,"height":65,"caption":"STYLORAL PTE. LTD"},"image":{"@id":"\/#\/schema\/logo\/image\/"}}]}},"_links":{"self":[{"href":"https:\/\/tourcruiser.com\/fr\/wp-json\/wp\/v2\/product\/778454","targetHints":{"allow":["GET"]}}],"collection":[{"href":"https:\/\/tourcruiser.com\/fr\/wp-json\/wp\/v2\/product"}],"about":[{"href":"https:\/\/tourcruiser.com\/fr\/wp-json\/wp\/v2\/types\/product"}],"replies":[{"embeddable":true,"href":"https:\/\/tourcruiser.com\/fr\/wp-json\/wp\/v2\/comments?post=778454"}],"wp:featuredmedia":[{"embeddable":true,"href":"https:\/\/tourcruiser.com\/fr\/wp-json\/wp\/v2\/media\/778455"}],"wp:attachment":[{"href":"https:\/\/tourcruiser.com\/fr\/wp-json\/wp\/v2\/media?parent=778454"}],"wp:term":[{"taxonomy":"product_brand","embeddable":true,"href":"https:\/\/tourcruiser.com\/fr\/wp-json\/wp\/v2\/product_brand?post=778454"},{"taxonomy":"product_cat","embeddable":true,"href":"https:\/\/tourcruiser.com\/fr\/wp-json\/wp\/v2\/product_cat?post=778454"},{"taxonomy":"product_tag","embeddable":true,"href":"https:\/\/tourcruiser.com\/fr\/wp-json\/wp\/v2\/product_tag?post=778454"}],"curies":[{"name":"wp","href":"https:\/\/api.w.org\/{rel}","templated":true}]}}