{"id":778427,"date":"2026-04-16T17:19:43","date_gmt":"2026-04-16T10:19:43","guid":{"rendered":"http:\/\/tourcruiser.com\/product\/women-air-jordan-sophia-slide-pistachio-frost"},"modified":"2026-04-17T23:13:25","modified_gmt":"2026-04-17T16:13:25","slug":"women-air-jordan-sophia-slide-pistachio-frost","status":"publish","type":"product","link":"https:\/\/tourcruiser.com\/fr\/products\/women-air-jordan-sophia-slide-pistachio-frost\/","title":{"rendered":"(Women) Air Jordan Sophia Slide &lsquo;Pistachio Frost&rsquo;"},"content":{"rendered":"<p>Adoptez un style d\u00e9contract\u00e9 avec les sandales Air Jordan Sophia Slide \u00ab\u00a0Pistachio Frost\u00a0\u00bb. Ces sandales pour femme sont dot\u00e9es d&rsquo;une bride souple et rembourr\u00e9e orn\u00e9e du logo Jumpman embl\u00e9matique et d&rsquo;une semelle interm\u00e9diaire amortissante pour un confort optimal tout au long de la journ\u00e9e. Leur coloris \u00ab\u00a0Pistachio Frost\u00a0\u00bb polyvalent apporte une touche de couleur subtile \u00e0 toutes vos tenues. Que ce soit pour une sortie d\u00e9contract\u00e9e ou pour r\u00e9cup\u00e9rer apr\u00e8s une s\u00e9ance de sport, ces sandales allient style et fonctionnalit\u00e9 \u00e0 la perfection. Compl\u00e9tez votre collection de chaussures avec les Air Jordan Sophia Slide et d\u00e9couvrez le confort incomparable et le look tendance de la marque Jumpman.<\/p>\n<p>Couleur\u00a0: Vert<\/p>\n<p>Code article\u00a0: DO8863-300<\/p>\n<p>\u00c2ge\u00a0: Adulte<\/p>\n<p>Couleur\u00a0: Blanc\/Vert lin\/Vert lin<\/p>\n<p>Genre\u00a0: Femme<\/p>\n","protected":false},"excerpt":{"rendered":"<p>Adoptez un style d\u00e9contract\u00e9 avec les sandales Air Jordan Sophia Slide \u00ab\u00a0Pistachio Frost\u00a0\u00bb. Ces sandales pour femme sont dot\u00e9es d&rsquo;une bride souple et rembourr\u00e9e orn\u00e9e du logo Jumpman embl\u00e9matique et d&rsquo;une semelle interm\u00e9diaire amortissante pour un confort optimal tout au long de la journ\u00e9e. Leur coloris \u00ab\u00a0Pistachio Frost\u00a0\u00bb polyvalent apporte une touche de couleur subtile [&hellip;]<\/p>\n","protected":false},"featured_media":778428,"comment_status":"open","ping_status":"closed","template":"","meta":[],"product_brand":[],"product_cat":[38880],"product_tag":[38861,10864,10926,10776,39035,10808],"class_list":{"0":"post-778427","1":"product","2":"type-product","3":"status-publish","4":"has-post-thumbnail","6":"product_cat-jordan","7":"product_tag-below-retail-price","8":"product_tag-casual-sandals","9":"product_tag-gift-for-her","10":"product_tag-jordan","11":"product_tag-lifestyle-leisure-shoes","12":"product_tag-slides","14":"first","15":"instock","16":"taxable","17":"shipping-taxable","18":"purchasable","19":"product-type-simple"},"wcpa_form_fields":null,"yoast_head":"<!-- This site is optimized with the Yoast SEO plugin v26.5 - https:\/\/yoast.com\/wordpress\/plugins\/seo\/ -->\n<title>(Women) Air Jordan Sophia Slide &#039;Pistachio Frost&#039; - TOURCRUISER PTE. LTD<\/title>\n<meta name=\"robots\" content=\"index, follow, max-snippet:-1, max-image-preview:large, max-video-preview:-1\" \/>\n<link rel=\"canonical\" href=\"https:\/\/tourcruiser.com\/fr\/products\/women-air-jordan-sophia-slide-pistachio-frost\/\" \/>\n<meta property=\"og:locale\" content=\"fr_FR\" \/>\n<meta property=\"og:type\" content=\"article\" \/>\n<meta property=\"og:title\" content=\"(Women) Air Jordan Sophia Slide &#039;Pistachio Frost&#039; - TOURCRUISER PTE. LTD\" \/>\n<meta property=\"og:description\" content=\"Adoptez un style d\u00e9contract\u00e9 avec les sandales Air Jordan Sophia Slide \u00ab\u00a0Pistachio Frost\u00a0\u00bb. Ces sandales pour femme sont dot\u00e9es d&rsquo;une bride souple et rembourr\u00e9e orn\u00e9e du logo Jumpman embl\u00e9matique et d&rsquo;une semelle interm\u00e9diaire amortissante pour un confort optimal tout au long de la journ\u00e9e. Leur coloris \u00ab\u00a0Pistachio Frost\u00a0\u00bb polyvalent apporte une touche de couleur subtile [&hellip;]\" \/>\n<meta property=\"og:url\" content=\"https:\/\/tourcruiser.com\/fr\/products\/women-air-jordan-sophia-slide-pistachio-frost\/\" \/>\n<meta property=\"og:site_name\" content=\"Tourcruiser Sneaker Store\" \/>\n<meta property=\"article:modified_time\" content=\"2026-04-17T16:13:25+00:00\" \/>\n<meta name=\"twitter:card\" content=\"summary_large_image\" \/>\n<meta name=\"twitter:image\" content=\"https:\/\/images.novelship.com\/product\/_women__air_jordan_sophia_slide__pistachio_frost___0_9350.jpeg;https:\/\/images.novelship.com\/product\/_women__air_jordan_sophia_slide__pistachio_frost___1_9350.jpeg;https:\/\/images.novelship.com\/product\/_women__air_jordan_sophia_slide__pistachio_frost___2_9350.jpeg;https:\/\/images.novelship.com\/product\/_women__air_jordan_sophia_slide__pistachio_frost___3_9350.jpeg\" \/>\n<meta name=\"twitter:label1\" content=\"Dur\u00e9e de lecture estim\u00e9e\" \/>\n\t<meta name=\"twitter:data1\" content=\"1 minute\" \/>\n<script type=\"application\/ld+json\" class=\"yoast-schema-graph\">{\"@context\":\"https:\/\/schema.org\",\"@graph\":[{\"@type\":\"WebPage\",\"@id\":\"https:\/\/tourcruiser.com\/fr\/products\/women-air-jordan-sophia-slide-pistachio-frost\/\",\"url\":\"https:\/\/tourcruiser.com\/fr\/products\/women-air-jordan-sophia-slide-pistachio-frost\/\",\"name\":\"(Women) Air Jordan Sophia Slide 'Pistachio Frost' - TOURCRUISER PTE. LTD\",\"isPartOf\":{\"@id\":\"\/#website\"},\"primaryImageOfPage\":{\"@id\":\"https:\/\/tourcruiser.com\/fr\/products\/women-air-jordan-sophia-slide-pistachio-frost\/#primaryimage\"},\"image\":{\"@id\":\"https:\/\/tourcruiser.com\/fr\/products\/women-air-jordan-sophia-slide-pistachio-frost\/#primaryimage\"},\"thumbnailUrl\":\"https:\/\/images.novelship.com\/product\/_women__air_jordan_sophia_slide__pistachio_frost___0_9350.jpeg;https:\/\/images.novelship.com\/product\/_women__air_jordan_sophia_slide__pistachio_frost___1_9350.jpeg;https:\/\/images.novelship.com\/product\/_women__air_jordan_sophia_slide__pistachio_frost___2_9350.jpeg;https:\/\/images.novelship.com\/product\/_women__air_jordan_sophia_slide__pistachio_frost___3_9350.jpeg\",\"datePublished\":\"2026-04-16T10:19:43+00:00\",\"dateModified\":\"2026-04-17T16:13:25+00:00\",\"breadcrumb\":{\"@id\":\"https:\/\/tourcruiser.com\/fr\/products\/women-air-jordan-sophia-slide-pistachio-frost\/#breadcrumb\"},\"inLanguage\":\"fr-FR\",\"potentialAction\":[{\"@type\":\"ReadAction\",\"target\":[\"https:\/\/tourcruiser.com\/fr\/products\/women-air-jordan-sophia-slide-pistachio-frost\/\"]}]},{\"@type\":\"ImageObject\",\"inLanguage\":\"fr-FR\",\"@id\":\"https:\/\/tourcruiser.com\/fr\/products\/women-air-jordan-sophia-slide-pistachio-frost\/#primaryimage\",\"url\":\"https:\/\/images.novelship.com\/product\/_women__air_jordan_sophia_slide__pistachio_frost___0_9350.jpeg;https:\/\/images.novelship.com\/product\/_women__air_jordan_sophia_slide__pistachio_frost___1_9350.jpeg;https:\/\/images.novelship.com\/product\/_women__air_jordan_sophia_slide__pistachio_frost___2_9350.jpeg;https:\/\/images.novelship.com\/product\/_women__air_jordan_sophia_slide__pistachio_frost___3_9350.jpeg\",\"contentUrl\":\"https:\/\/images.novelship.com\/product\/_women__air_jordan_sophia_slide__pistachio_frost___0_9350.jpeg;https:\/\/images.novelship.com\/product\/_women__air_jordan_sophia_slide__pistachio_frost___1_9350.jpeg;https:\/\/images.novelship.com\/product\/_women__air_jordan_sophia_slide__pistachio_frost___2_9350.jpeg;https:\/\/images.novelship.com\/product\/_women__air_jordan_sophia_slide__pistachio_frost___3_9350.jpeg\"},{\"@type\":\"BreadcrumbList\",\"@id\":\"https:\/\/tourcruiser.com\/fr\/products\/women-air-jordan-sophia-slide-pistachio-frost\/#breadcrumb\",\"itemListElement\":[{\"@type\":\"ListItem\",\"position\":1,\"name\":\"Home\",\"item\":\"https:\/\/tourcruiser.com\/fr\/\"},{\"@type\":\"ListItem\",\"position\":2,\"name\":\"Shop\",\"item\":\"https:\/\/tourcruiser.com\/fr\/shop\/\"},{\"@type\":\"ListItem\",\"position\":3,\"name\":\"(Women) Air Jordan Sophia Slide &#8216;Pistachio Frost&#8217;\"}]},{\"@type\":\"WebSite\",\"@id\":\"\/#website\",\"url\":\"\/\",\"name\":\"Styloral Jewelry Shop\",\"description\":\"Tourcruiser Sneaker Store \u2014 L\u2019endroit o\u00f9 l\u2019univers rencontre votre singularit\u00e9.\",\"publisher\":{\"@id\":\"\/#organization\"},\"potentialAction\":[{\"@type\":\"SearchAction\",\"target\":{\"@type\":\"EntryPoint\",\"urlTemplate\":\"\/?s={search_term_string}\"},\"query-input\":{\"@type\":\"PropertyValueSpecification\",\"valueRequired\":true,\"valueName\":\"search_term_string\"}}],\"inLanguage\":\"fr-FR\"},{\"@type\":\"Organization\",\"@id\":\"\/#organization\",\"name\":\"STYLORAL PTE. LTD\",\"url\":\"\/\",\"logo\":{\"@type\":\"ImageObject\",\"inLanguage\":\"fr-FR\",\"@id\":\"\/#\/schema\/logo\/image\/\",\"url\":\"https:\/\/www.tourcruiser.com\/wp-content\/uploads\/2025\/12\/logo.png\",\"contentUrl\":\"https:\/\/www.tourcruiser.com\/wp-content\/uploads\/2025\/12\/logo.png\",\"width\":200,\"height\":65,\"caption\":\"STYLORAL PTE. LTD\"},\"image\":{\"@id\":\"\/#\/schema\/logo\/image\/\"}}]}<\/script>\n<!-- \/ Yoast SEO plugin. -->","yoast_head_json":{"title":"(Women) Air Jordan Sophia Slide 'Pistachio Frost' - TOURCRUISER PTE. LTD","robots":{"index":"index","follow":"follow","max-snippet":"max-snippet:-1","max-image-preview":"max-image-preview:large","max-video-preview":"max-video-preview:-1"},"canonical":"https:\/\/tourcruiser.com\/fr\/products\/women-air-jordan-sophia-slide-pistachio-frost\/","og_locale":"fr_FR","og_type":"article","og_title":"(Women) Air Jordan Sophia Slide 'Pistachio Frost' - TOURCRUISER PTE. LTD","og_description":"Adoptez un style d\u00e9contract\u00e9 avec les sandales Air Jordan Sophia Slide \u00ab\u00a0Pistachio Frost\u00a0\u00bb. Ces sandales pour femme sont dot\u00e9es d&rsquo;une bride souple et rembourr\u00e9e orn\u00e9e du logo Jumpman embl\u00e9matique et d&rsquo;une semelle interm\u00e9diaire amortissante pour un confort optimal tout au long de la journ\u00e9e. Leur coloris \u00ab\u00a0Pistachio Frost\u00a0\u00bb polyvalent apporte une touche de couleur subtile [&hellip;]","og_url":"https:\/\/tourcruiser.com\/fr\/products\/women-air-jordan-sophia-slide-pistachio-frost\/","og_site_name":"Tourcruiser Sneaker Store","article_modified_time":"2026-04-17T16:13:25+00:00","twitter_card":"summary_large_image","twitter_image":"https:\/\/images.novelship.com\/product\/_women__air_jordan_sophia_slide__pistachio_frost___0_9350.jpeg;https:\/\/images.novelship.com\/product\/_women__air_jordan_sophia_slide__pistachio_frost___1_9350.jpeg;https:\/\/images.novelship.com\/product\/_women__air_jordan_sophia_slide__pistachio_frost___2_9350.jpeg;https:\/\/images.novelship.com\/product\/_women__air_jordan_sophia_slide__pistachio_frost___3_9350.jpeg","twitter_misc":{"Dur\u00e9e de lecture estim\u00e9e":"1 minute"},"schema":{"@context":"https:\/\/schema.org","@graph":[{"@type":"WebPage","@id":"https:\/\/tourcruiser.com\/fr\/products\/women-air-jordan-sophia-slide-pistachio-frost\/","url":"https:\/\/tourcruiser.com\/fr\/products\/women-air-jordan-sophia-slide-pistachio-frost\/","name":"(Women) Air Jordan Sophia Slide 'Pistachio Frost' - TOURCRUISER PTE. LTD","isPartOf":{"@id":"\/#website"},"primaryImageOfPage":{"@id":"https:\/\/tourcruiser.com\/fr\/products\/women-air-jordan-sophia-slide-pistachio-frost\/#primaryimage"},"image":{"@id":"https:\/\/tourcruiser.com\/fr\/products\/women-air-jordan-sophia-slide-pistachio-frost\/#primaryimage"},"thumbnailUrl":"https:\/\/images.novelship.com\/product\/_women__air_jordan_sophia_slide__pistachio_frost___0_9350.jpeg;https:\/\/images.novelship.com\/product\/_women__air_jordan_sophia_slide__pistachio_frost___1_9350.jpeg;https:\/\/images.novelship.com\/product\/_women__air_jordan_sophia_slide__pistachio_frost___2_9350.jpeg;https:\/\/images.novelship.com\/product\/_women__air_jordan_sophia_slide__pistachio_frost___3_9350.jpeg","datePublished":"2026-04-16T10:19:43+00:00","dateModified":"2026-04-17T16:13:25+00:00","breadcrumb":{"@id":"https:\/\/tourcruiser.com\/fr\/products\/women-air-jordan-sophia-slide-pistachio-frost\/#breadcrumb"},"inLanguage":"fr-FR","potentialAction":[{"@type":"ReadAction","target":["https:\/\/tourcruiser.com\/fr\/products\/women-air-jordan-sophia-slide-pistachio-frost\/"]}]},{"@type":"ImageObject","inLanguage":"fr-FR","@id":"https:\/\/tourcruiser.com\/fr\/products\/women-air-jordan-sophia-slide-pistachio-frost\/#primaryimage","url":"https:\/\/images.novelship.com\/product\/_women__air_jordan_sophia_slide__pistachio_frost___0_9350.jpeg;https:\/\/images.novelship.com\/product\/_women__air_jordan_sophia_slide__pistachio_frost___1_9350.jpeg;https:\/\/images.novelship.com\/product\/_women__air_jordan_sophia_slide__pistachio_frost___2_9350.jpeg;https:\/\/images.novelship.com\/product\/_women__air_jordan_sophia_slide__pistachio_frost___3_9350.jpeg","contentUrl":"https:\/\/images.novelship.com\/product\/_women__air_jordan_sophia_slide__pistachio_frost___0_9350.jpeg;https:\/\/images.novelship.com\/product\/_women__air_jordan_sophia_slide__pistachio_frost___1_9350.jpeg;https:\/\/images.novelship.com\/product\/_women__air_jordan_sophia_slide__pistachio_frost___2_9350.jpeg;https:\/\/images.novelship.com\/product\/_women__air_jordan_sophia_slide__pistachio_frost___3_9350.jpeg"},{"@type":"BreadcrumbList","@id":"https:\/\/tourcruiser.com\/fr\/products\/women-air-jordan-sophia-slide-pistachio-frost\/#breadcrumb","itemListElement":[{"@type":"ListItem","position":1,"name":"Home","item":"https:\/\/tourcruiser.com\/fr\/"},{"@type":"ListItem","position":2,"name":"Shop","item":"https:\/\/tourcruiser.com\/fr\/shop\/"},{"@type":"ListItem","position":3,"name":"(Women) Air Jordan Sophia Slide &#8216;Pistachio Frost&#8217;"}]},{"@type":"WebSite","@id":"\/#website","url":"\/","name":"Styloral Jewelry Shop","description":"Tourcruiser Sneaker Store \u2014 L\u2019endroit o\u00f9 l\u2019univers rencontre votre singularit\u00e9.","publisher":{"@id":"\/#organization"},"potentialAction":[{"@type":"SearchAction","target":{"@type":"EntryPoint","urlTemplate":"\/?s={search_term_string}"},"query-input":{"@type":"PropertyValueSpecification","valueRequired":true,"valueName":"search_term_string"}}],"inLanguage":"fr-FR"},{"@type":"Organization","@id":"\/#organization","name":"STYLORAL PTE. LTD","url":"\/","logo":{"@type":"ImageObject","inLanguage":"fr-FR","@id":"\/#\/schema\/logo\/image\/","url":"https:\/\/www.tourcruiser.com\/wp-content\/uploads\/2025\/12\/logo.png","contentUrl":"https:\/\/www.tourcruiser.com\/wp-content\/uploads\/2025\/12\/logo.png","width":200,"height":65,"caption":"STYLORAL PTE. LTD"},"image":{"@id":"\/#\/schema\/logo\/image\/"}}]}},"_links":{"self":[{"href":"https:\/\/tourcruiser.com\/fr\/wp-json\/wp\/v2\/product\/778427","targetHints":{"allow":["GET"]}}],"collection":[{"href":"https:\/\/tourcruiser.com\/fr\/wp-json\/wp\/v2\/product"}],"about":[{"href":"https:\/\/tourcruiser.com\/fr\/wp-json\/wp\/v2\/types\/product"}],"replies":[{"embeddable":true,"href":"https:\/\/tourcruiser.com\/fr\/wp-json\/wp\/v2\/comments?post=778427"}],"wp:featuredmedia":[{"embeddable":true,"href":"https:\/\/tourcruiser.com\/fr\/wp-json\/wp\/v2\/media\/778428"}],"wp:attachment":[{"href":"https:\/\/tourcruiser.com\/fr\/wp-json\/wp\/v2\/media?parent=778427"}],"wp:term":[{"taxonomy":"product_brand","embeddable":true,"href":"https:\/\/tourcruiser.com\/fr\/wp-json\/wp\/v2\/product_brand?post=778427"},{"taxonomy":"product_cat","embeddable":true,"href":"https:\/\/tourcruiser.com\/fr\/wp-json\/wp\/v2\/product_cat?post=778427"},{"taxonomy":"product_tag","embeddable":true,"href":"https:\/\/tourcruiser.com\/fr\/wp-json\/wp\/v2\/product_tag?post=778427"}],"curies":[{"name":"wp","href":"https:\/\/api.w.org\/{rel}","templated":true}]}}