{"id":778415,"date":"2026-04-16T17:19:42","date_gmt":"2026-04-16T10:19:42","guid":{"rendered":"http:\/\/tourcruiser.com\/product\/adidas-adifom-adilette-slide-white-black"},"modified":"2026-04-17T23:13:24","modified_gmt":"2026-04-17T16:13:24","slug":"adidas-adifom-adilette-slide-white-black","status":"publish","type":"product","link":"https:\/\/tourcruiser.com\/fr\/products\/adidas-adifom-adilette-slide-white-black\/","title":{"rendered":"adidas adiFOM Adilette Slide &lsquo;White Black&rsquo;"},"content":{"rendered":"<p>D\u00e9couvrez la sandale adidas adiFOM Adilette blanche et noire. Cette sandale adidas allie un design classique \u00e0 une touche de modernit\u00e9. Le blanc lui conf\u00e8re un look frais et \u00e9pur\u00e9, tandis que les d\u00e9tails noirs ajoutent une note d&rsquo;\u00e9l\u00e9gance. Parfaites pour se d\u00e9tendre au bord de la piscine ou faire des courses, ces sandales offrent un confort et un style incomparables.<\/p>\n<p>Coloris\u00a0: Blanc nuage\/Noir\/Blanc nuage<\/p>\n<p>R\u00e9f\u00e9rence\u00a0: HQ7219<\/p>\n<p>Mati\u00e8re ext\u00e9rieure\u00a0: Caoutchouc<\/p>\n<p>Mati\u00e8re ext\u00e9rieure\u00a0: Caoutchouc<\/p>\n<p>\u00c2ge\u00a0: Adultes<\/p>\n<p>Couleur\u00a0: Noir\/Bleu voile\/Noir\/Blanc<\/p>\n<p>Genre\u00a0: Homme<\/p>\n","protected":false},"excerpt":{"rendered":"<p>D\u00e9couvrez la sandale adidas adiFOM Adilette blanche et noire. Cette sandale adidas allie un design classique \u00e0 une touche de modernit\u00e9. Le blanc lui conf\u00e8re un look frais et \u00e9pur\u00e9, tandis que les d\u00e9tails noirs ajoutent une note d&rsquo;\u00e9l\u00e9gance. Parfaites pour se d\u00e9tendre au bord de la piscine ou faire des courses, ces sandales offrent [&hellip;]<\/p>\n","protected":false},"featured_media":778416,"comment_status":"open","ping_status":"closed","template":"","meta":[],"product_brand":[],"product_cat":[10760],"product_tag":[10759,10864,10753,39035,10808],"class_list":{"0":"post-778415","1":"product","2":"type-product","3":"status-publish","4":"has-post-thumbnail","6":"product_cat-adidas","7":"product_tag-adidas","8":"product_tag-casual-sandals","9":"product_tag-gift-for-him","10":"product_tag-lifestyle-leisure-shoes","11":"product_tag-slides","12":"wcpa_has_options","14":"first","15":"instock","16":"taxable","17":"shipping-taxable","18":"purchasable","19":"product-type-simple"},"wcpa_form_fields":{"rules":{"pric_overide_base_price":false,"pric_overide_base_price_if_gt_zero":false,"pric_overide_base_price_fully":false,"pric_cal_option_once":false,"pric_use_as_fee":false,"bind_quantity":false,"quantity_bind_formula":false},"fields":[{"type":"color-group","required":true,"elementId":"wcpa-color-group-66c4a7f817afe","label":"Taille","inline":true,"priceOptions":"different_for_all","pricingType":"fixed","className":"hassizechart product-shoes-size-eu product-shoes-size","name":"color-group-66c4a7f817b18","disp_type":"square","selection_type":"tick-border","disp_size":"50","show_label_inside":true,"adjust_width":true,"cart_display_type":"text","other_text":"Other","cl_rule":"show","col":6,"values":[{"label":"35","value":"EU 35","price":"","pimage":"","pimage_id":"","pthumb":"","color":""},{"label":"35.5","value":"EU 35.5","price":"","pimage":"","pimage_id":"","pthumb":"","color":""},{"label":"36","value":"EU 36","price":"","pimage":"","pimage_id":"","pthumb":"","color":"","selected":true},{"label":"36 2\/3","value":"EU 36 2\/3","price":"","pimage":"","pimage_id":"","pthumb":"","color":""},{"label":"37 1\/3","value":"EU 37 1\/3","price":"","pimage":"","pimage_id":"","pthumb":"","color":""},{"label":"38","value":"EU 38","price":"","pimage":"","pimage_id":"","pthumb":"","color":""},{"label":"38 2\/3","value":"EU 38 2\/3","price":"","pimage":"","pimage_id":"","pthumb":"","color":""},{"label":"39 1\/3","value":"EU 39 1\/3","price":"","pimage":"","pimage_id":"","pthumb":"","color":""},{"label":"40","value":"EU 40","price":"","pimage":"","pimage_id":"","pthumb":"","color":""},{"label":"40 2\/3","value":"EU 40 2\/3","price":"","pimage":"","pimage_id":"","pthumb":"","color":""},{"label":"41 1\/3","value":"EU 41 1\/3","price":"","pimage":"","pimage_id":"","pthumb":"","color":""},{"label":"42","value":"EU 42","price":"","pimage":"","pimage_id":"","pthumb":"","color":""},{"label":"42 2\/3","value":"EU 42 2\/3","price":"","pimage":"","pimage_id":"","pthumb":"","color":""},{"label":"43 1\/3","value":"EU 43 1\/3","price":"","pimage":"","pimage_id":"","pthumb":"","color":""},{"label":"44","value":"EU 44","price":"","pimage":"","pimage_id":"","pthumb":"","color":""},{"label":"44 2\/3","value":"EU 44 2\/3","price":"","pimage":"","pimage_id":"","pthumb":"","color":""},{"label":"45 1\/3","value":"EU 45 1\/3","price":"","pimage":"","pimage_id":"","pthumb":"","color":""},{"label":"46","value":"EU 46","price":"","pimage":"","pimage_id":"","pthumb":"","color":""},{"label":"46 2\/3","value":"EU 46 2\/3","price":"","pimage":"","pimage_id":"","pthumb":"","color":""},{"label":"47 1\/3","value":"EU 47 1\/3","price":"","pimage":"","pimage_id":"","pthumb":"","color":""}],"relations":[{"operator":false,"rules":[]}],"form_id":24802,"form_rules":{"pric_cal_option_once":false,"exclude_from_discount":false,"pric_use_as_fee":false,"fee_label":"Fee","render_after_acb":false,"disp_hide_options_price":false}}]},"yoast_head":"<!-- This site is optimized with the Yoast SEO plugin v26.5 - https:\/\/yoast.com\/wordpress\/plugins\/seo\/ -->\n<title>adidas adiFOM Adilette Slide &#039;White Black&#039; - TOURCRUISER PTE. LTD<\/title>\n<meta name=\"robots\" content=\"index, follow, max-snippet:-1, max-image-preview:large, max-video-preview:-1\" \/>\n<link rel=\"canonical\" href=\"https:\/\/tourcruiser.com\/fr\/products\/adidas-adifom-adilette-slide-white-black\/\" \/>\n<meta property=\"og:locale\" content=\"fr_FR\" \/>\n<meta property=\"og:type\" content=\"article\" \/>\n<meta property=\"og:title\" content=\"adidas adiFOM Adilette Slide &#039;White Black&#039; - TOURCRUISER PTE. LTD\" \/>\n<meta property=\"og:description\" content=\"D\u00e9couvrez la sandale adidas adiFOM Adilette blanche et noire. Cette sandale adidas allie un design classique \u00e0 une touche de modernit\u00e9. Le blanc lui conf\u00e8re un look frais et \u00e9pur\u00e9, tandis que les d\u00e9tails noirs ajoutent une note d&rsquo;\u00e9l\u00e9gance. Parfaites pour se d\u00e9tendre au bord de la piscine ou faire des courses, ces sandales offrent [&hellip;]\" \/>\n<meta property=\"og:url\" content=\"https:\/\/tourcruiser.com\/fr\/products\/adidas-adifom-adilette-slide-white-black\/\" \/>\n<meta property=\"og:site_name\" content=\"Tourcruiser Sneaker Store\" \/>\n<meta property=\"article:modified_time\" content=\"2026-04-17T16:13:24+00:00\" \/>\n<meta name=\"twitter:card\" content=\"summary_large_image\" \/>\n<meta name=\"twitter:image\" content=\"https:\/\/images.novelship.com\/product\/adidas_adifom_adilette_slide__white_black__hq7219_0_61087.jpeg;https:\/\/images.novelship.com\/product\/adidas_adifom_adilette_slide__white_black__hq7219_1_61087.jpeg;https:\/\/images.novelship.com\/product\/adidas_adifom_adilette_slide__white_black__hq7219_2_61087.jpeg;https:\/\/images.novelship.com\/product\/adidas_adifom_adilette_slide__white_black__hq7219_3_61087.jpeg;https:\/\/images.novelship.com\/product\/adidas_adifom_adilette_slide__white_black__hq7219_4_61087.jpeg;https:\/\/images.novelship.com\/product\/adidas_adifom_adilette_slide__white_black__hq7219_5_61087.jpeg\" \/>\n<script type=\"application\/ld+json\" class=\"yoast-schema-graph\">{\"@context\":\"https:\/\/schema.org\",\"@graph\":[{\"@type\":\"WebPage\",\"@id\":\"https:\/\/tourcruiser.com\/fr\/products\/adidas-adifom-adilette-slide-white-black\/\",\"url\":\"https:\/\/tourcruiser.com\/fr\/products\/adidas-adifom-adilette-slide-white-black\/\",\"name\":\"adidas adiFOM Adilette Slide 'White Black' - TOURCRUISER PTE. LTD\",\"isPartOf\":{\"@id\":\"\/#website\"},\"primaryImageOfPage\":{\"@id\":\"https:\/\/tourcruiser.com\/fr\/products\/adidas-adifom-adilette-slide-white-black\/#primaryimage\"},\"image\":{\"@id\":\"https:\/\/tourcruiser.com\/fr\/products\/adidas-adifom-adilette-slide-white-black\/#primaryimage\"},\"thumbnailUrl\":\"https:\/\/images.novelship.com\/product\/adidas_adifom_adilette_slide__white_black__hq7219_0_61087.jpeg;https:\/\/images.novelship.com\/product\/adidas_adifom_adilette_slide__white_black__hq7219_1_61087.jpeg;https:\/\/images.novelship.com\/product\/adidas_adifom_adilette_slide__white_black__hq7219_2_61087.jpeg;https:\/\/images.novelship.com\/product\/adidas_adifom_adilette_slide__white_black__hq7219_3_61087.jpeg;https:\/\/images.novelship.com\/product\/adidas_adifom_adilette_slide__white_black__hq7219_4_61087.jpeg;https:\/\/images.novelship.com\/product\/adidas_adifom_adilette_slide__white_black__hq7219_5_61087.jpeg\",\"datePublished\":\"2026-04-16T10:19:42+00:00\",\"dateModified\":\"2026-04-17T16:13:24+00:00\",\"breadcrumb\":{\"@id\":\"https:\/\/tourcruiser.com\/fr\/products\/adidas-adifom-adilette-slide-white-black\/#breadcrumb\"},\"inLanguage\":\"fr-FR\",\"potentialAction\":[{\"@type\":\"ReadAction\",\"target\":[\"https:\/\/tourcruiser.com\/fr\/products\/adidas-adifom-adilette-slide-white-black\/\"]}]},{\"@type\":\"ImageObject\",\"inLanguage\":\"fr-FR\",\"@id\":\"https:\/\/tourcruiser.com\/fr\/products\/adidas-adifom-adilette-slide-white-black\/#primaryimage\",\"url\":\"https:\/\/images.novelship.com\/product\/adidas_adifom_adilette_slide__white_black__hq7219_0_61087.jpeg;https:\/\/images.novelship.com\/product\/adidas_adifom_adilette_slide__white_black__hq7219_1_61087.jpeg;https:\/\/images.novelship.com\/product\/adidas_adifom_adilette_slide__white_black__hq7219_2_61087.jpeg;https:\/\/images.novelship.com\/product\/adidas_adifom_adilette_slide__white_black__hq7219_3_61087.jpeg;https:\/\/images.novelship.com\/product\/adidas_adifom_adilette_slide__white_black__hq7219_4_61087.jpeg;https:\/\/images.novelship.com\/product\/adidas_adifom_adilette_slide__white_black__hq7219_5_61087.jpeg\",\"contentUrl\":\"https:\/\/images.novelship.com\/product\/adidas_adifom_adilette_slide__white_black__hq7219_0_61087.jpeg;https:\/\/images.novelship.com\/product\/adidas_adifom_adilette_slide__white_black__hq7219_1_61087.jpeg;https:\/\/images.novelship.com\/product\/adidas_adifom_adilette_slide__white_black__hq7219_2_61087.jpeg;https:\/\/images.novelship.com\/product\/adidas_adifom_adilette_slide__white_black__hq7219_3_61087.jpeg;https:\/\/images.novelship.com\/product\/adidas_adifom_adilette_slide__white_black__hq7219_4_61087.jpeg;https:\/\/images.novelship.com\/product\/adidas_adifom_adilette_slide__white_black__hq7219_5_61087.jpeg\"},{\"@type\":\"BreadcrumbList\",\"@id\":\"https:\/\/tourcruiser.com\/fr\/products\/adidas-adifom-adilette-slide-white-black\/#breadcrumb\",\"itemListElement\":[{\"@type\":\"ListItem\",\"position\":1,\"name\":\"Home\",\"item\":\"https:\/\/tourcruiser.com\/fr\/\"},{\"@type\":\"ListItem\",\"position\":2,\"name\":\"Shop\",\"item\":\"https:\/\/tourcruiser.com\/fr\/shop\/\"},{\"@type\":\"ListItem\",\"position\":3,\"name\":\"adidas adiFOM Adilette Slide &#8216;White Black&#8217;\"}]},{\"@type\":\"WebSite\",\"@id\":\"\/#website\",\"url\":\"\/\",\"name\":\"Styloral Jewelry Shop\",\"description\":\"Tourcruiser Sneaker Store \u2014 L\u2019endroit o\u00f9 l\u2019univers rencontre votre singularit\u00e9.\",\"publisher\":{\"@id\":\"\/#organization\"},\"potentialAction\":[{\"@type\":\"SearchAction\",\"target\":{\"@type\":\"EntryPoint\",\"urlTemplate\":\"\/?s={search_term_string}\"},\"query-input\":{\"@type\":\"PropertyValueSpecification\",\"valueRequired\":true,\"valueName\":\"search_term_string\"}}],\"inLanguage\":\"fr-FR\"},{\"@type\":\"Organization\",\"@id\":\"\/#organization\",\"name\":\"STYLORAL PTE. LTD\",\"url\":\"\/\",\"logo\":{\"@type\":\"ImageObject\",\"inLanguage\":\"fr-FR\",\"@id\":\"\/#\/schema\/logo\/image\/\",\"url\":\"https:\/\/www.tourcruiser.com\/wp-content\/uploads\/2025\/12\/logo.png\",\"contentUrl\":\"https:\/\/www.tourcruiser.com\/wp-content\/uploads\/2025\/12\/logo.png\",\"width\":200,\"height\":65,\"caption\":\"STYLORAL PTE. LTD\"},\"image\":{\"@id\":\"\/#\/schema\/logo\/image\/\"}}]}<\/script>\n<!-- \/ Yoast SEO plugin. -->","yoast_head_json":{"title":"adidas adiFOM Adilette Slide 'White Black' - TOURCRUISER PTE. LTD","robots":{"index":"index","follow":"follow","max-snippet":"max-snippet:-1","max-image-preview":"max-image-preview:large","max-video-preview":"max-video-preview:-1"},"canonical":"https:\/\/tourcruiser.com\/fr\/products\/adidas-adifom-adilette-slide-white-black\/","og_locale":"fr_FR","og_type":"article","og_title":"adidas adiFOM Adilette Slide 'White Black' - TOURCRUISER PTE. LTD","og_description":"D\u00e9couvrez la sandale adidas adiFOM Adilette blanche et noire. Cette sandale adidas allie un design classique \u00e0 une touche de modernit\u00e9. Le blanc lui conf\u00e8re un look frais et \u00e9pur\u00e9, tandis que les d\u00e9tails noirs ajoutent une note d&rsquo;\u00e9l\u00e9gance. Parfaites pour se d\u00e9tendre au bord de la piscine ou faire des courses, ces sandales offrent [&hellip;]","og_url":"https:\/\/tourcruiser.com\/fr\/products\/adidas-adifom-adilette-slide-white-black\/","og_site_name":"Tourcruiser Sneaker Store","article_modified_time":"2026-04-17T16:13:24+00:00","twitter_card":"summary_large_image","twitter_image":"https:\/\/images.novelship.com\/product\/adidas_adifom_adilette_slide__white_black__hq7219_0_61087.jpeg;https:\/\/images.novelship.com\/product\/adidas_adifom_adilette_slide__white_black__hq7219_1_61087.jpeg;https:\/\/images.novelship.com\/product\/adidas_adifom_adilette_slide__white_black__hq7219_2_61087.jpeg;https:\/\/images.novelship.com\/product\/adidas_adifom_adilette_slide__white_black__hq7219_3_61087.jpeg;https:\/\/images.novelship.com\/product\/adidas_adifom_adilette_slide__white_black__hq7219_4_61087.jpeg;https:\/\/images.novelship.com\/product\/adidas_adifom_adilette_slide__white_black__hq7219_5_61087.jpeg","schema":{"@context":"https:\/\/schema.org","@graph":[{"@type":"WebPage","@id":"https:\/\/tourcruiser.com\/fr\/products\/adidas-adifom-adilette-slide-white-black\/","url":"https:\/\/tourcruiser.com\/fr\/products\/adidas-adifom-adilette-slide-white-black\/","name":"adidas adiFOM Adilette Slide 'White Black' - TOURCRUISER PTE. LTD","isPartOf":{"@id":"\/#website"},"primaryImageOfPage":{"@id":"https:\/\/tourcruiser.com\/fr\/products\/adidas-adifom-adilette-slide-white-black\/#primaryimage"},"image":{"@id":"https:\/\/tourcruiser.com\/fr\/products\/adidas-adifom-adilette-slide-white-black\/#primaryimage"},"thumbnailUrl":"https:\/\/images.novelship.com\/product\/adidas_adifom_adilette_slide__white_black__hq7219_0_61087.jpeg;https:\/\/images.novelship.com\/product\/adidas_adifom_adilette_slide__white_black__hq7219_1_61087.jpeg;https:\/\/images.novelship.com\/product\/adidas_adifom_adilette_slide__white_black__hq7219_2_61087.jpeg;https:\/\/images.novelship.com\/product\/adidas_adifom_adilette_slide__white_black__hq7219_3_61087.jpeg;https:\/\/images.novelship.com\/product\/adidas_adifom_adilette_slide__white_black__hq7219_4_61087.jpeg;https:\/\/images.novelship.com\/product\/adidas_adifom_adilette_slide__white_black__hq7219_5_61087.jpeg","datePublished":"2026-04-16T10:19:42+00:00","dateModified":"2026-04-17T16:13:24+00:00","breadcrumb":{"@id":"https:\/\/tourcruiser.com\/fr\/products\/adidas-adifom-adilette-slide-white-black\/#breadcrumb"},"inLanguage":"fr-FR","potentialAction":[{"@type":"ReadAction","target":["https:\/\/tourcruiser.com\/fr\/products\/adidas-adifom-adilette-slide-white-black\/"]}]},{"@type":"ImageObject","inLanguage":"fr-FR","@id":"https:\/\/tourcruiser.com\/fr\/products\/adidas-adifom-adilette-slide-white-black\/#primaryimage","url":"https:\/\/images.novelship.com\/product\/adidas_adifom_adilette_slide__white_black__hq7219_0_61087.jpeg;https:\/\/images.novelship.com\/product\/adidas_adifom_adilette_slide__white_black__hq7219_1_61087.jpeg;https:\/\/images.novelship.com\/product\/adidas_adifom_adilette_slide__white_black__hq7219_2_61087.jpeg;https:\/\/images.novelship.com\/product\/adidas_adifom_adilette_slide__white_black__hq7219_3_61087.jpeg;https:\/\/images.novelship.com\/product\/adidas_adifom_adilette_slide__white_black__hq7219_4_61087.jpeg;https:\/\/images.novelship.com\/product\/adidas_adifom_adilette_slide__white_black__hq7219_5_61087.jpeg","contentUrl":"https:\/\/images.novelship.com\/product\/adidas_adifom_adilette_slide__white_black__hq7219_0_61087.jpeg;https:\/\/images.novelship.com\/product\/adidas_adifom_adilette_slide__white_black__hq7219_1_61087.jpeg;https:\/\/images.novelship.com\/product\/adidas_adifom_adilette_slide__white_black__hq7219_2_61087.jpeg;https:\/\/images.novelship.com\/product\/adidas_adifom_adilette_slide__white_black__hq7219_3_61087.jpeg;https:\/\/images.novelship.com\/product\/adidas_adifom_adilette_slide__white_black__hq7219_4_61087.jpeg;https:\/\/images.novelship.com\/product\/adidas_adifom_adilette_slide__white_black__hq7219_5_61087.jpeg"},{"@type":"BreadcrumbList","@id":"https:\/\/tourcruiser.com\/fr\/products\/adidas-adifom-adilette-slide-white-black\/#breadcrumb","itemListElement":[{"@type":"ListItem","position":1,"name":"Home","item":"https:\/\/tourcruiser.com\/fr\/"},{"@type":"ListItem","position":2,"name":"Shop","item":"https:\/\/tourcruiser.com\/fr\/shop\/"},{"@type":"ListItem","position":3,"name":"adidas adiFOM Adilette Slide &#8216;White Black&#8217;"}]},{"@type":"WebSite","@id":"\/#website","url":"\/","name":"Styloral Jewelry Shop","description":"Tourcruiser Sneaker Store \u2014 L\u2019endroit o\u00f9 l\u2019univers rencontre votre singularit\u00e9.","publisher":{"@id":"\/#organization"},"potentialAction":[{"@type":"SearchAction","target":{"@type":"EntryPoint","urlTemplate":"\/?s={search_term_string}"},"query-input":{"@type":"PropertyValueSpecification","valueRequired":true,"valueName":"search_term_string"}}],"inLanguage":"fr-FR"},{"@type":"Organization","@id":"\/#organization","name":"STYLORAL PTE. LTD","url":"\/","logo":{"@type":"ImageObject","inLanguage":"fr-FR","@id":"\/#\/schema\/logo\/image\/","url":"https:\/\/www.tourcruiser.com\/wp-content\/uploads\/2025\/12\/logo.png","contentUrl":"https:\/\/www.tourcruiser.com\/wp-content\/uploads\/2025\/12\/logo.png","width":200,"height":65,"caption":"STYLORAL PTE. LTD"},"image":{"@id":"\/#\/schema\/logo\/image\/"}}]}},"_links":{"self":[{"href":"https:\/\/tourcruiser.com\/fr\/wp-json\/wp\/v2\/product\/778415","targetHints":{"allow":["GET"]}}],"collection":[{"href":"https:\/\/tourcruiser.com\/fr\/wp-json\/wp\/v2\/product"}],"about":[{"href":"https:\/\/tourcruiser.com\/fr\/wp-json\/wp\/v2\/types\/product"}],"replies":[{"embeddable":true,"href":"https:\/\/tourcruiser.com\/fr\/wp-json\/wp\/v2\/comments?post=778415"}],"wp:featuredmedia":[{"embeddable":true,"href":"https:\/\/tourcruiser.com\/fr\/wp-json\/wp\/v2\/media\/778416"}],"wp:attachment":[{"href":"https:\/\/tourcruiser.com\/fr\/wp-json\/wp\/v2\/media?parent=778415"}],"wp:term":[{"taxonomy":"product_brand","embeddable":true,"href":"https:\/\/tourcruiser.com\/fr\/wp-json\/wp\/v2\/product_brand?post=778415"},{"taxonomy":"product_cat","embeddable":true,"href":"https:\/\/tourcruiser.com\/fr\/wp-json\/wp\/v2\/product_cat?post=778415"},{"taxonomy":"product_tag","embeddable":true,"href":"https:\/\/tourcruiser.com\/fr\/wp-json\/wp\/v2\/product_tag?post=778415"}],"curies":[{"name":"wp","href":"https:\/\/api.w.org\/{rel}","templated":true}]}}