{"id":778405,"date":"2026-04-16T17:19:42","date_gmt":"2026-04-16T10:19:42","guid":{"rendered":"http:\/\/tourcruiser.com\/product\/air-jordan-roam-slides-sail-rattan"},"modified":"2026-04-17T23:13:23","modified_gmt":"2026-04-17T16:13:23","slug":"air-jordan-roam-slides-sail-rattan","status":"publish","type":"product","link":"https:\/\/tourcruiser.com\/fr\/products\/air-jordan-roam-slides-sail-rattan\/","title":{"rendered":"Air Jordan Roam Slides &lsquo;Sail Rattan&rsquo;"},"content":{"rendered":"<p>D\u00e9couvrez un confort in\u00e9gal\u00e9 et un style iconique avec la sandale Air Jordan Roam Slide Rattan Sail. Cette sandale \u00e9l\u00e9gante est confectionn\u00e9e avec des mat\u00e9riaux haut de gamme pour une durabilit\u00e9 maximale et un confort optimal. Arborant le coloris moderne Rattan Sail, elle allie avec \u00e9l\u00e9gance et d\u00e9contraction, ce qui en fait le choix id\u00e9al pour toutes les occasions. La semelle int\u00e9rieure profil\u00e9e et la semelle interm\u00e9diaire en mousse offrent un soutien l\u00e9ger et garantissent un confort optimal tout au long de la journ\u00e9e, que vous soyez chez vous ou en d\u00e9placement. Ces claquettes sont parfaites pour les fans de la l\u00e9gende Jordan et rendent un hommage subtil \u00e0 son illustre h\u00e9ritage, tout en combinant un design fonctionnel et tendance.<\/p>\n<p>Combinaison de couleurs\u00a0: Rotin\/Voile\/Ivoire p\u00e2le\/Noir<\/p>\n<p>Code article\u00a0: FQ0227-201<\/p>\n<p>Mati\u00e8re ext\u00e9rieure\u00a0: Caoutchouc<\/p>\n<p>Couleur\u00a0: Beige<\/p>\n<p>\u00c2ge\u00a0: Adulte<\/p>\n<p>Couleur\u00a0: Beige<br \/>\nGenre\u00a0: Homme<\/p>\n","protected":false},"excerpt":{"rendered":"<p>D\u00e9couvrez un confort in\u00e9gal\u00e9 et un style iconique avec la sandale Air Jordan Roam Slide Rattan Sail. Cette sandale \u00e9l\u00e9gante est confectionn\u00e9e avec des mat\u00e9riaux haut de gamme pour une durabilit\u00e9 maximale et un confort optimal. Arborant le coloris moderne Rattan Sail, elle allie avec \u00e9l\u00e9gance et d\u00e9contraction, ce qui en fait le choix id\u00e9al [&hellip;]<\/p>\n","protected":false},"featured_media":778406,"comment_status":"open","ping_status":"closed","template":"","meta":[],"product_brand":[],"product_cat":[38880],"product_tag":[10750,38861,10776,10754,10808],"class_list":{"0":"post-778405","1":"product","2":"type-product","3":"status-publish","4":"has-post-thumbnail","6":"product_cat-jordan","7":"product_tag-athleisure-shoes","8":"product_tag-below-retail-price","9":"product_tag-jordan","10":"product_tag-lifestyle-casual-shoes","11":"product_tag-slides","13":"first","14":"instock","15":"taxable","16":"shipping-taxable","17":"purchasable","18":"product-type-simple"},"wcpa_form_fields":null,"yoast_head":"<!-- This site is optimized with the Yoast SEO plugin v26.5 - https:\/\/yoast.com\/wordpress\/plugins\/seo\/ -->\n<title>Air Jordan Roam Slides &#039;Sail Rattan&#039; - TOURCRUISER PTE. LTD<\/title>\n<meta name=\"robots\" content=\"index, follow, max-snippet:-1, max-image-preview:large, max-video-preview:-1\" \/>\n<link rel=\"canonical\" href=\"https:\/\/tourcruiser.com\/fr\/products\/air-jordan-roam-slides-sail-rattan\/\" \/>\n<meta property=\"og:locale\" content=\"fr_FR\" \/>\n<meta property=\"og:type\" content=\"article\" \/>\n<meta property=\"og:title\" content=\"Air Jordan Roam Slides &#039;Sail Rattan&#039; - TOURCRUISER PTE. LTD\" \/>\n<meta property=\"og:description\" content=\"D\u00e9couvrez un confort in\u00e9gal\u00e9 et un style iconique avec la sandale Air Jordan Roam Slide Rattan Sail. Cette sandale \u00e9l\u00e9gante est confectionn\u00e9e avec des mat\u00e9riaux haut de gamme pour une durabilit\u00e9 maximale et un confort optimal. Arborant le coloris moderne Rattan Sail, elle allie avec \u00e9l\u00e9gance et d\u00e9contraction, ce qui en fait le choix id\u00e9al [&hellip;]\" \/>\n<meta property=\"og:url\" content=\"https:\/\/tourcruiser.com\/fr\/products\/air-jordan-roam-slides-sail-rattan\/\" \/>\n<meta property=\"og:site_name\" content=\"Tourcruiser Sneaker Store\" \/>\n<meta property=\"article:modified_time\" content=\"2026-04-17T16:13:23+00:00\" \/>\n<meta name=\"twitter:card\" content=\"summary_large_image\" \/>\n<meta name=\"twitter:image\" content=\"https:\/\/images.novelship.com\/product\/air_jordan_roam_slide_rattan_sail_fq0227-201_0_62258.jpeg\" \/>\n<meta name=\"twitter:label1\" content=\"Dur\u00e9e de lecture estim\u00e9e\" \/>\n\t<meta name=\"twitter:data1\" content=\"1 minute\" \/>\n<script type=\"application\/ld+json\" class=\"yoast-schema-graph\">{\"@context\":\"https:\/\/schema.org\",\"@graph\":[{\"@type\":\"WebPage\",\"@id\":\"https:\/\/tourcruiser.com\/fr\/products\/air-jordan-roam-slides-sail-rattan\/\",\"url\":\"https:\/\/tourcruiser.com\/fr\/products\/air-jordan-roam-slides-sail-rattan\/\",\"name\":\"Air Jordan Roam Slides 'Sail Rattan' - TOURCRUISER PTE. LTD\",\"isPartOf\":{\"@id\":\"\/#website\"},\"primaryImageOfPage\":{\"@id\":\"https:\/\/tourcruiser.com\/fr\/products\/air-jordan-roam-slides-sail-rattan\/#primaryimage\"},\"image\":{\"@id\":\"https:\/\/tourcruiser.com\/fr\/products\/air-jordan-roam-slides-sail-rattan\/#primaryimage\"},\"thumbnailUrl\":\"https:\/\/images.novelship.com\/product\/air_jordan_roam_slide_rattan_sail_fq0227-201_0_62258.jpeg\",\"datePublished\":\"2026-04-16T10:19:42+00:00\",\"dateModified\":\"2026-04-17T16:13:23+00:00\",\"breadcrumb\":{\"@id\":\"https:\/\/tourcruiser.com\/fr\/products\/air-jordan-roam-slides-sail-rattan\/#breadcrumb\"},\"inLanguage\":\"fr-FR\",\"potentialAction\":[{\"@type\":\"ReadAction\",\"target\":[\"https:\/\/tourcruiser.com\/fr\/products\/air-jordan-roam-slides-sail-rattan\/\"]}]},{\"@type\":\"ImageObject\",\"inLanguage\":\"fr-FR\",\"@id\":\"https:\/\/tourcruiser.com\/fr\/products\/air-jordan-roam-slides-sail-rattan\/#primaryimage\",\"url\":\"https:\/\/images.novelship.com\/product\/air_jordan_roam_slide_rattan_sail_fq0227-201_0_62258.jpeg\",\"contentUrl\":\"https:\/\/images.novelship.com\/product\/air_jordan_roam_slide_rattan_sail_fq0227-201_0_62258.jpeg\"},{\"@type\":\"BreadcrumbList\",\"@id\":\"https:\/\/tourcruiser.com\/fr\/products\/air-jordan-roam-slides-sail-rattan\/#breadcrumb\",\"itemListElement\":[{\"@type\":\"ListItem\",\"position\":1,\"name\":\"Home\",\"item\":\"https:\/\/tourcruiser.com\/fr\/\"},{\"@type\":\"ListItem\",\"position\":2,\"name\":\"Shop\",\"item\":\"https:\/\/tourcruiser.com\/fr\/shop\/\"},{\"@type\":\"ListItem\",\"position\":3,\"name\":\"Air Jordan Roam Slides &#8216;Sail Rattan&#8217;\"}]},{\"@type\":\"WebSite\",\"@id\":\"\/#website\",\"url\":\"\/\",\"name\":\"Styloral Jewelry Shop\",\"description\":\"Tourcruiser Sneaker Store \u2014 L\u2019endroit o\u00f9 l\u2019univers rencontre votre singularit\u00e9.\",\"publisher\":{\"@id\":\"\/#organization\"},\"potentialAction\":[{\"@type\":\"SearchAction\",\"target\":{\"@type\":\"EntryPoint\",\"urlTemplate\":\"\/?s={search_term_string}\"},\"query-input\":{\"@type\":\"PropertyValueSpecification\",\"valueRequired\":true,\"valueName\":\"search_term_string\"}}],\"inLanguage\":\"fr-FR\"},{\"@type\":\"Organization\",\"@id\":\"\/#organization\",\"name\":\"STYLORAL PTE. LTD\",\"url\":\"\/\",\"logo\":{\"@type\":\"ImageObject\",\"inLanguage\":\"fr-FR\",\"@id\":\"\/#\/schema\/logo\/image\/\",\"url\":\"https:\/\/www.tourcruiser.com\/wp-content\/uploads\/2025\/12\/logo.png\",\"contentUrl\":\"https:\/\/www.tourcruiser.com\/wp-content\/uploads\/2025\/12\/logo.png\",\"width\":200,\"height\":65,\"caption\":\"STYLORAL PTE. LTD\"},\"image\":{\"@id\":\"\/#\/schema\/logo\/image\/\"}}]}<\/script>\n<!-- \/ Yoast SEO plugin. -->","yoast_head_json":{"title":"Air Jordan Roam Slides 'Sail Rattan' - TOURCRUISER PTE. LTD","robots":{"index":"index","follow":"follow","max-snippet":"max-snippet:-1","max-image-preview":"max-image-preview:large","max-video-preview":"max-video-preview:-1"},"canonical":"https:\/\/tourcruiser.com\/fr\/products\/air-jordan-roam-slides-sail-rattan\/","og_locale":"fr_FR","og_type":"article","og_title":"Air Jordan Roam Slides 'Sail Rattan' - TOURCRUISER PTE. LTD","og_description":"D\u00e9couvrez un confort in\u00e9gal\u00e9 et un style iconique avec la sandale Air Jordan Roam Slide Rattan Sail. Cette sandale \u00e9l\u00e9gante est confectionn\u00e9e avec des mat\u00e9riaux haut de gamme pour une durabilit\u00e9 maximale et un confort optimal. Arborant le coloris moderne Rattan Sail, elle allie avec \u00e9l\u00e9gance et d\u00e9contraction, ce qui en fait le choix id\u00e9al [&hellip;]","og_url":"https:\/\/tourcruiser.com\/fr\/products\/air-jordan-roam-slides-sail-rattan\/","og_site_name":"Tourcruiser Sneaker Store","article_modified_time":"2026-04-17T16:13:23+00:00","twitter_card":"summary_large_image","twitter_image":"https:\/\/images.novelship.com\/product\/air_jordan_roam_slide_rattan_sail_fq0227-201_0_62258.jpeg","twitter_misc":{"Dur\u00e9e de lecture estim\u00e9e":"1 minute"},"schema":{"@context":"https:\/\/schema.org","@graph":[{"@type":"WebPage","@id":"https:\/\/tourcruiser.com\/fr\/products\/air-jordan-roam-slides-sail-rattan\/","url":"https:\/\/tourcruiser.com\/fr\/products\/air-jordan-roam-slides-sail-rattan\/","name":"Air Jordan Roam Slides 'Sail Rattan' - TOURCRUISER PTE. LTD","isPartOf":{"@id":"\/#website"},"primaryImageOfPage":{"@id":"https:\/\/tourcruiser.com\/fr\/products\/air-jordan-roam-slides-sail-rattan\/#primaryimage"},"image":{"@id":"https:\/\/tourcruiser.com\/fr\/products\/air-jordan-roam-slides-sail-rattan\/#primaryimage"},"thumbnailUrl":"https:\/\/images.novelship.com\/product\/air_jordan_roam_slide_rattan_sail_fq0227-201_0_62258.jpeg","datePublished":"2026-04-16T10:19:42+00:00","dateModified":"2026-04-17T16:13:23+00:00","breadcrumb":{"@id":"https:\/\/tourcruiser.com\/fr\/products\/air-jordan-roam-slides-sail-rattan\/#breadcrumb"},"inLanguage":"fr-FR","potentialAction":[{"@type":"ReadAction","target":["https:\/\/tourcruiser.com\/fr\/products\/air-jordan-roam-slides-sail-rattan\/"]}]},{"@type":"ImageObject","inLanguage":"fr-FR","@id":"https:\/\/tourcruiser.com\/fr\/products\/air-jordan-roam-slides-sail-rattan\/#primaryimage","url":"https:\/\/images.novelship.com\/product\/air_jordan_roam_slide_rattan_sail_fq0227-201_0_62258.jpeg","contentUrl":"https:\/\/images.novelship.com\/product\/air_jordan_roam_slide_rattan_sail_fq0227-201_0_62258.jpeg"},{"@type":"BreadcrumbList","@id":"https:\/\/tourcruiser.com\/fr\/products\/air-jordan-roam-slides-sail-rattan\/#breadcrumb","itemListElement":[{"@type":"ListItem","position":1,"name":"Home","item":"https:\/\/tourcruiser.com\/fr\/"},{"@type":"ListItem","position":2,"name":"Shop","item":"https:\/\/tourcruiser.com\/fr\/shop\/"},{"@type":"ListItem","position":3,"name":"Air Jordan Roam Slides &#8216;Sail Rattan&#8217;"}]},{"@type":"WebSite","@id":"\/#website","url":"\/","name":"Styloral Jewelry Shop","description":"Tourcruiser Sneaker Store \u2014 L\u2019endroit o\u00f9 l\u2019univers rencontre votre singularit\u00e9.","publisher":{"@id":"\/#organization"},"potentialAction":[{"@type":"SearchAction","target":{"@type":"EntryPoint","urlTemplate":"\/?s={search_term_string}"},"query-input":{"@type":"PropertyValueSpecification","valueRequired":true,"valueName":"search_term_string"}}],"inLanguage":"fr-FR"},{"@type":"Organization","@id":"\/#organization","name":"STYLORAL PTE. LTD","url":"\/","logo":{"@type":"ImageObject","inLanguage":"fr-FR","@id":"\/#\/schema\/logo\/image\/","url":"https:\/\/www.tourcruiser.com\/wp-content\/uploads\/2025\/12\/logo.png","contentUrl":"https:\/\/www.tourcruiser.com\/wp-content\/uploads\/2025\/12\/logo.png","width":200,"height":65,"caption":"STYLORAL PTE. LTD"},"image":{"@id":"\/#\/schema\/logo\/image\/"}}]}},"_links":{"self":[{"href":"https:\/\/tourcruiser.com\/fr\/wp-json\/wp\/v2\/product\/778405","targetHints":{"allow":["GET"]}}],"collection":[{"href":"https:\/\/tourcruiser.com\/fr\/wp-json\/wp\/v2\/product"}],"about":[{"href":"https:\/\/tourcruiser.com\/fr\/wp-json\/wp\/v2\/types\/product"}],"replies":[{"embeddable":true,"href":"https:\/\/tourcruiser.com\/fr\/wp-json\/wp\/v2\/comments?post=778405"}],"wp:featuredmedia":[{"embeddable":true,"href":"https:\/\/tourcruiser.com\/fr\/wp-json\/wp\/v2\/media\/778406"}],"wp:attachment":[{"href":"https:\/\/tourcruiser.com\/fr\/wp-json\/wp\/v2\/media?parent=778405"}],"wp:term":[{"taxonomy":"product_brand","embeddable":true,"href":"https:\/\/tourcruiser.com\/fr\/wp-json\/wp\/v2\/product_brand?post=778405"},{"taxonomy":"product_cat","embeddable":true,"href":"https:\/\/tourcruiser.com\/fr\/wp-json\/wp\/v2\/product_cat?post=778405"},{"taxonomy":"product_tag","embeddable":true,"href":"https:\/\/tourcruiser.com\/fr\/wp-json\/wp\/v2\/product_tag?post=778405"}],"curies":[{"name":"wp","href":"https:\/\/api.w.org\/{rel}","templated":true}]}}