{"id":778326,"date":"2026-04-16T17:19:38","date_gmt":"2026-04-16T10:19:38","guid":{"rendered":"http:\/\/tourcruiser.com\/product\/air-jordan-hydro-5-retro-slides-white-fire-red"},"modified":"2026-04-17T23:13:19","modified_gmt":"2026-04-17T16:13:19","slug":"air-jordan-hydro-5-retro-slides-white-fire-red","status":"publish","type":"product","link":"https:\/\/tourcruiser.com\/fr\/products\/air-jordan-hydro-5-retro-slides-white-fire-red\/","title":{"rendered":"Air Jordan Hydro 5 Retro Slides &lsquo;White Fire Red&rsquo;"},"content":{"rendered":"<p>Les claquettes Air Jordan Hydro 5 Retro blanches et rouge feu de Jordan sont des chaussures \u00e0 la fois \u00e9l\u00e9gantes et confortables. Avec leur coloris blanc et leurs touches de rouge feu, ces claquettes sont parfaites pour se d\u00e9tendre apr\u00e8s une s\u00e9ance de sport. Leur design r\u00e9tro apporte une note de nostalgie, tandis que le logo Jordan garantit leur authenticit\u00e9. Restez \u00e0 la fois confortable et tendance avec ces claquettes.<\/p>\n<p>Coloris\u00a0: Blanc\/Rouge feu\/Noir<\/p>\n<p>R\u00e9f\u00e9rence\u00a0: 555501-101<\/p>\n<p>Tige\u00a0: Cuir<\/p>\n<p>Semelle interm\u00e9diaire\u00a0: Air<\/p>\n<p>Couleur\u00a0: Blanc<\/p>\n<p>Saison\u00a0: \u00c9t\u00e9<\/p>\n<p>Couleur\u00a0: Blanc<\/p>\n<p>\u00c2ge\u00a0: Adulte<\/p>\n<p>Couleur\u00a0: Blanc<\/p>\n<p>Genre\u00a0: Homme<\/p>\n","protected":false},"excerpt":{"rendered":"<p>Les claquettes Air Jordan Hydro 5 Retro blanches et rouge feu de Jordan sont des chaussures \u00e0 la fois \u00e9l\u00e9gantes et confortables. Avec leur coloris blanc et leurs touches de rouge feu, ces claquettes sont parfaites pour se d\u00e9tendre apr\u00e8s une s\u00e9ance de sport. Leur design r\u00e9tro apporte une note de nostalgie, tandis que le [&hellip;]<\/p>\n","protected":false},"featured_media":778327,"comment_status":"open","ping_status":"closed","template":"","meta":[],"product_brand":[],"product_cat":[38880],"product_tag":[10864,10753,10776,39035,10808],"class_list":{"0":"post-778326","1":"product","2":"type-product","3":"status-publish","4":"has-post-thumbnail","6":"product_cat-jordan","7":"product_tag-casual-sandals","8":"product_tag-gift-for-him","9":"product_tag-jordan","10":"product_tag-lifestyle-leisure-shoes","11":"product_tag-slides","13":"first","14":"instock","15":"taxable","16":"shipping-taxable","17":"purchasable","18":"product-type-simple"},"wcpa_form_fields":null,"yoast_head":"<!-- This site is optimized with the Yoast SEO plugin v26.5 - https:\/\/yoast.com\/wordpress\/plugins\/seo\/ -->\n<title>Air Jordan Hydro 5 Retro Slides &#039;White Fire Red&#039; - TOURCRUISER PTE. LTD<\/title>\n<meta name=\"robots\" content=\"index, follow, max-snippet:-1, max-image-preview:large, max-video-preview:-1\" \/>\n<link rel=\"canonical\" href=\"https:\/\/tourcruiser.com\/fr\/products\/air-jordan-hydro-5-retro-slides-white-fire-red\/\" \/>\n<meta property=\"og:locale\" content=\"fr_FR\" \/>\n<meta property=\"og:type\" content=\"article\" \/>\n<meta property=\"og:title\" content=\"Air Jordan Hydro 5 Retro Slides &#039;White Fire Red&#039; - TOURCRUISER PTE. LTD\" \/>\n<meta property=\"og:description\" content=\"Les claquettes Air Jordan Hydro 5 Retro blanches et rouge feu de Jordan sont des chaussures \u00e0 la fois \u00e9l\u00e9gantes et confortables. Avec leur coloris blanc et leurs touches de rouge feu, ces claquettes sont parfaites pour se d\u00e9tendre apr\u00e8s une s\u00e9ance de sport. Leur design r\u00e9tro apporte une note de nostalgie, tandis que le [&hellip;]\" \/>\n<meta property=\"og:url\" content=\"https:\/\/tourcruiser.com\/fr\/products\/air-jordan-hydro-5-retro-slides-white-fire-red\/\" \/>\n<meta property=\"og:site_name\" content=\"Tourcruiser Sneaker Store\" \/>\n<meta property=\"article:modified_time\" content=\"2026-04-17T16:13:19+00:00\" \/>\n<meta name=\"twitter:card\" content=\"summary_large_image\" \/>\n<meta name=\"twitter:image\" content=\"https:\/\/images.novelship.com\/product\/air_jordan_hydro_5_retro_slides__white_fire_red__5_0_92510.jpeg;https:\/\/images.novelship.com\/product\/air_jordan_hydro_5_retro_slides__white_fire_red__5_1_92510.jpeg;https:\/\/images.novelship.com\/product\/air_jordan_hydro_5_retro_slides__white_fire_red__5_2_92510.jpeg;https:\/\/images.novelship.com\/product\/air_jordan_hydro_5_retro_slides__white_fire_red__5_3_92510.jpeg;https:\/\/images.novelship.com\/product\/air_jordan_hydro_5_retro_slides__white_fire_red__5_4_92510.jpeg;https:\/\/images.novelship.com\/product\/air_jordan_hydro_5_retro_slides__white_fire_red__5_5_92510.jpeg;https:\/\/images.novelship.com\/product\/air_jordan_hydro_5_retro_slides__white_fire_red__5_6_92510.jpeg;https:\/\/images.novelship.com\/product\/air_jordan_hydro_5_retro_slides__white_fire_red__5_7_92510.jpeg\" \/>\n<script type=\"application\/ld+json\" class=\"yoast-schema-graph\">{\"@context\":\"https:\/\/schema.org\",\"@graph\":[{\"@type\":\"WebPage\",\"@id\":\"https:\/\/tourcruiser.com\/fr\/products\/air-jordan-hydro-5-retro-slides-white-fire-red\/\",\"url\":\"https:\/\/tourcruiser.com\/fr\/products\/air-jordan-hydro-5-retro-slides-white-fire-red\/\",\"name\":\"Air Jordan Hydro 5 Retro Slides 'White Fire Red' - TOURCRUISER PTE. LTD\",\"isPartOf\":{\"@id\":\"\/#website\"},\"primaryImageOfPage\":{\"@id\":\"https:\/\/tourcruiser.com\/fr\/products\/air-jordan-hydro-5-retro-slides-white-fire-red\/#primaryimage\"},\"image\":{\"@id\":\"https:\/\/tourcruiser.com\/fr\/products\/air-jordan-hydro-5-retro-slides-white-fire-red\/#primaryimage\"},\"thumbnailUrl\":\"https:\/\/images.novelship.com\/product\/air_jordan_hydro_5_retro_slides__white_fire_red__5_0_92510.jpeg;https:\/\/images.novelship.com\/product\/air_jordan_hydro_5_retro_slides__white_fire_red__5_1_92510.jpeg;https:\/\/images.novelship.com\/product\/air_jordan_hydro_5_retro_slides__white_fire_red__5_2_92510.jpeg;https:\/\/images.novelship.com\/product\/air_jordan_hydro_5_retro_slides__white_fire_red__5_3_92510.jpeg;https:\/\/images.novelship.com\/product\/air_jordan_hydro_5_retro_slides__white_fire_red__5_4_92510.jpeg;https:\/\/images.novelship.com\/product\/air_jordan_hydro_5_retro_slides__white_fire_red__5_5_92510.jpeg;https:\/\/images.novelship.com\/product\/air_jordan_hydro_5_retro_slides__white_fire_red__5_6_92510.jpeg;https:\/\/images.novelship.com\/product\/air_jordan_hydro_5_retro_slides__white_fire_red__5_7_92510.jpeg\",\"datePublished\":\"2026-04-16T10:19:38+00:00\",\"dateModified\":\"2026-04-17T16:13:19+00:00\",\"breadcrumb\":{\"@id\":\"https:\/\/tourcruiser.com\/fr\/products\/air-jordan-hydro-5-retro-slides-white-fire-red\/#breadcrumb\"},\"inLanguage\":\"fr-FR\",\"potentialAction\":[{\"@type\":\"ReadAction\",\"target\":[\"https:\/\/tourcruiser.com\/fr\/products\/air-jordan-hydro-5-retro-slides-white-fire-red\/\"]}]},{\"@type\":\"ImageObject\",\"inLanguage\":\"fr-FR\",\"@id\":\"https:\/\/tourcruiser.com\/fr\/products\/air-jordan-hydro-5-retro-slides-white-fire-red\/#primaryimage\",\"url\":\"https:\/\/images.novelship.com\/product\/air_jordan_hydro_5_retro_slides__white_fire_red__5_0_92510.jpeg;https:\/\/images.novelship.com\/product\/air_jordan_hydro_5_retro_slides__white_fire_red__5_1_92510.jpeg;https:\/\/images.novelship.com\/product\/air_jordan_hydro_5_retro_slides__white_fire_red__5_2_92510.jpeg;https:\/\/images.novelship.com\/product\/air_jordan_hydro_5_retro_slides__white_fire_red__5_3_92510.jpeg;https:\/\/images.novelship.com\/product\/air_jordan_hydro_5_retro_slides__white_fire_red__5_4_92510.jpeg;https:\/\/images.novelship.com\/product\/air_jordan_hydro_5_retro_slides__white_fire_red__5_5_92510.jpeg;https:\/\/images.novelship.com\/product\/air_jordan_hydro_5_retro_slides__white_fire_red__5_6_92510.jpeg;https:\/\/images.novelship.com\/product\/air_jordan_hydro_5_retro_slides__white_fire_red__5_7_92510.jpeg\",\"contentUrl\":\"https:\/\/images.novelship.com\/product\/air_jordan_hydro_5_retro_slides__white_fire_red__5_0_92510.jpeg;https:\/\/images.novelship.com\/product\/air_jordan_hydro_5_retro_slides__white_fire_red__5_1_92510.jpeg;https:\/\/images.novelship.com\/product\/air_jordan_hydro_5_retro_slides__white_fire_red__5_2_92510.jpeg;https:\/\/images.novelship.com\/product\/air_jordan_hydro_5_retro_slides__white_fire_red__5_3_92510.jpeg;https:\/\/images.novelship.com\/product\/air_jordan_hydro_5_retro_slides__white_fire_red__5_4_92510.jpeg;https:\/\/images.novelship.com\/product\/air_jordan_hydro_5_retro_slides__white_fire_red__5_5_92510.jpeg;https:\/\/images.novelship.com\/product\/air_jordan_hydro_5_retro_slides__white_fire_red__5_6_92510.jpeg;https:\/\/images.novelship.com\/product\/air_jordan_hydro_5_retro_slides__white_fire_red__5_7_92510.jpeg\"},{\"@type\":\"BreadcrumbList\",\"@id\":\"https:\/\/tourcruiser.com\/fr\/products\/air-jordan-hydro-5-retro-slides-white-fire-red\/#breadcrumb\",\"itemListElement\":[{\"@type\":\"ListItem\",\"position\":1,\"name\":\"Home\",\"item\":\"https:\/\/tourcruiser.com\/fr\/\"},{\"@type\":\"ListItem\",\"position\":2,\"name\":\"Shop\",\"item\":\"https:\/\/tourcruiser.com\/fr\/shop\/\"},{\"@type\":\"ListItem\",\"position\":3,\"name\":\"Air Jordan Hydro 5 Retro Slides &#8216;White Fire Red&#8217;\"}]},{\"@type\":\"WebSite\",\"@id\":\"\/#website\",\"url\":\"\/\",\"name\":\"Styloral Jewelry Shop\",\"description\":\"Tourcruiser Sneaker Store \u2014 L\u2019endroit o\u00f9 l\u2019univers rencontre votre singularit\u00e9.\",\"publisher\":{\"@id\":\"\/#organization\"},\"potentialAction\":[{\"@type\":\"SearchAction\",\"target\":{\"@type\":\"EntryPoint\",\"urlTemplate\":\"\/?s={search_term_string}\"},\"query-input\":{\"@type\":\"PropertyValueSpecification\",\"valueRequired\":true,\"valueName\":\"search_term_string\"}}],\"inLanguage\":\"fr-FR\"},{\"@type\":\"Organization\",\"@id\":\"\/#organization\",\"name\":\"STYLORAL PTE. LTD\",\"url\":\"\/\",\"logo\":{\"@type\":\"ImageObject\",\"inLanguage\":\"fr-FR\",\"@id\":\"\/#\/schema\/logo\/image\/\",\"url\":\"https:\/\/www.tourcruiser.com\/wp-content\/uploads\/2025\/12\/logo.png\",\"contentUrl\":\"https:\/\/www.tourcruiser.com\/wp-content\/uploads\/2025\/12\/logo.png\",\"width\":200,\"height\":65,\"caption\":\"STYLORAL PTE. LTD\"},\"image\":{\"@id\":\"\/#\/schema\/logo\/image\/\"}}]}<\/script>\n<!-- \/ Yoast SEO plugin. -->","yoast_head_json":{"title":"Air Jordan Hydro 5 Retro Slides 'White Fire Red' - TOURCRUISER PTE. LTD","robots":{"index":"index","follow":"follow","max-snippet":"max-snippet:-1","max-image-preview":"max-image-preview:large","max-video-preview":"max-video-preview:-1"},"canonical":"https:\/\/tourcruiser.com\/fr\/products\/air-jordan-hydro-5-retro-slides-white-fire-red\/","og_locale":"fr_FR","og_type":"article","og_title":"Air Jordan Hydro 5 Retro Slides 'White Fire Red' - TOURCRUISER PTE. LTD","og_description":"Les claquettes Air Jordan Hydro 5 Retro blanches et rouge feu de Jordan sont des chaussures \u00e0 la fois \u00e9l\u00e9gantes et confortables. Avec leur coloris blanc et leurs touches de rouge feu, ces claquettes sont parfaites pour se d\u00e9tendre apr\u00e8s une s\u00e9ance de sport. Leur design r\u00e9tro apporte une note de nostalgie, tandis que le [&hellip;]","og_url":"https:\/\/tourcruiser.com\/fr\/products\/air-jordan-hydro-5-retro-slides-white-fire-red\/","og_site_name":"Tourcruiser Sneaker Store","article_modified_time":"2026-04-17T16:13:19+00:00","twitter_card":"summary_large_image","twitter_image":"https:\/\/images.novelship.com\/product\/air_jordan_hydro_5_retro_slides__white_fire_red__5_0_92510.jpeg;https:\/\/images.novelship.com\/product\/air_jordan_hydro_5_retro_slides__white_fire_red__5_1_92510.jpeg;https:\/\/images.novelship.com\/product\/air_jordan_hydro_5_retro_slides__white_fire_red__5_2_92510.jpeg;https:\/\/images.novelship.com\/product\/air_jordan_hydro_5_retro_slides__white_fire_red__5_3_92510.jpeg;https:\/\/images.novelship.com\/product\/air_jordan_hydro_5_retro_slides__white_fire_red__5_4_92510.jpeg;https:\/\/images.novelship.com\/product\/air_jordan_hydro_5_retro_slides__white_fire_red__5_5_92510.jpeg;https:\/\/images.novelship.com\/product\/air_jordan_hydro_5_retro_slides__white_fire_red__5_6_92510.jpeg;https:\/\/images.novelship.com\/product\/air_jordan_hydro_5_retro_slides__white_fire_red__5_7_92510.jpeg","schema":{"@context":"https:\/\/schema.org","@graph":[{"@type":"WebPage","@id":"https:\/\/tourcruiser.com\/fr\/products\/air-jordan-hydro-5-retro-slides-white-fire-red\/","url":"https:\/\/tourcruiser.com\/fr\/products\/air-jordan-hydro-5-retro-slides-white-fire-red\/","name":"Air Jordan Hydro 5 Retro Slides 'White Fire Red' - TOURCRUISER PTE. LTD","isPartOf":{"@id":"\/#website"},"primaryImageOfPage":{"@id":"https:\/\/tourcruiser.com\/fr\/products\/air-jordan-hydro-5-retro-slides-white-fire-red\/#primaryimage"},"image":{"@id":"https:\/\/tourcruiser.com\/fr\/products\/air-jordan-hydro-5-retro-slides-white-fire-red\/#primaryimage"},"thumbnailUrl":"https:\/\/images.novelship.com\/product\/air_jordan_hydro_5_retro_slides__white_fire_red__5_0_92510.jpeg;https:\/\/images.novelship.com\/product\/air_jordan_hydro_5_retro_slides__white_fire_red__5_1_92510.jpeg;https:\/\/images.novelship.com\/product\/air_jordan_hydro_5_retro_slides__white_fire_red__5_2_92510.jpeg;https:\/\/images.novelship.com\/product\/air_jordan_hydro_5_retro_slides__white_fire_red__5_3_92510.jpeg;https:\/\/images.novelship.com\/product\/air_jordan_hydro_5_retro_slides__white_fire_red__5_4_92510.jpeg;https:\/\/images.novelship.com\/product\/air_jordan_hydro_5_retro_slides__white_fire_red__5_5_92510.jpeg;https:\/\/images.novelship.com\/product\/air_jordan_hydro_5_retro_slides__white_fire_red__5_6_92510.jpeg;https:\/\/images.novelship.com\/product\/air_jordan_hydro_5_retro_slides__white_fire_red__5_7_92510.jpeg","datePublished":"2026-04-16T10:19:38+00:00","dateModified":"2026-04-17T16:13:19+00:00","breadcrumb":{"@id":"https:\/\/tourcruiser.com\/fr\/products\/air-jordan-hydro-5-retro-slides-white-fire-red\/#breadcrumb"},"inLanguage":"fr-FR","potentialAction":[{"@type":"ReadAction","target":["https:\/\/tourcruiser.com\/fr\/products\/air-jordan-hydro-5-retro-slides-white-fire-red\/"]}]},{"@type":"ImageObject","inLanguage":"fr-FR","@id":"https:\/\/tourcruiser.com\/fr\/products\/air-jordan-hydro-5-retro-slides-white-fire-red\/#primaryimage","url":"https:\/\/images.novelship.com\/product\/air_jordan_hydro_5_retro_slides__white_fire_red__5_0_92510.jpeg;https:\/\/images.novelship.com\/product\/air_jordan_hydro_5_retro_slides__white_fire_red__5_1_92510.jpeg;https:\/\/images.novelship.com\/product\/air_jordan_hydro_5_retro_slides__white_fire_red__5_2_92510.jpeg;https:\/\/images.novelship.com\/product\/air_jordan_hydro_5_retro_slides__white_fire_red__5_3_92510.jpeg;https:\/\/images.novelship.com\/product\/air_jordan_hydro_5_retro_slides__white_fire_red__5_4_92510.jpeg;https:\/\/images.novelship.com\/product\/air_jordan_hydro_5_retro_slides__white_fire_red__5_5_92510.jpeg;https:\/\/images.novelship.com\/product\/air_jordan_hydro_5_retro_slides__white_fire_red__5_6_92510.jpeg;https:\/\/images.novelship.com\/product\/air_jordan_hydro_5_retro_slides__white_fire_red__5_7_92510.jpeg","contentUrl":"https:\/\/images.novelship.com\/product\/air_jordan_hydro_5_retro_slides__white_fire_red__5_0_92510.jpeg;https:\/\/images.novelship.com\/product\/air_jordan_hydro_5_retro_slides__white_fire_red__5_1_92510.jpeg;https:\/\/images.novelship.com\/product\/air_jordan_hydro_5_retro_slides__white_fire_red__5_2_92510.jpeg;https:\/\/images.novelship.com\/product\/air_jordan_hydro_5_retro_slides__white_fire_red__5_3_92510.jpeg;https:\/\/images.novelship.com\/product\/air_jordan_hydro_5_retro_slides__white_fire_red__5_4_92510.jpeg;https:\/\/images.novelship.com\/product\/air_jordan_hydro_5_retro_slides__white_fire_red__5_5_92510.jpeg;https:\/\/images.novelship.com\/product\/air_jordan_hydro_5_retro_slides__white_fire_red__5_6_92510.jpeg;https:\/\/images.novelship.com\/product\/air_jordan_hydro_5_retro_slides__white_fire_red__5_7_92510.jpeg"},{"@type":"BreadcrumbList","@id":"https:\/\/tourcruiser.com\/fr\/products\/air-jordan-hydro-5-retro-slides-white-fire-red\/#breadcrumb","itemListElement":[{"@type":"ListItem","position":1,"name":"Home","item":"https:\/\/tourcruiser.com\/fr\/"},{"@type":"ListItem","position":2,"name":"Shop","item":"https:\/\/tourcruiser.com\/fr\/shop\/"},{"@type":"ListItem","position":3,"name":"Air Jordan Hydro 5 Retro Slides &#8216;White Fire Red&#8217;"}]},{"@type":"WebSite","@id":"\/#website","url":"\/","name":"Styloral Jewelry Shop","description":"Tourcruiser Sneaker Store \u2014 L\u2019endroit o\u00f9 l\u2019univers rencontre votre singularit\u00e9.","publisher":{"@id":"\/#organization"},"potentialAction":[{"@type":"SearchAction","target":{"@type":"EntryPoint","urlTemplate":"\/?s={search_term_string}"},"query-input":{"@type":"PropertyValueSpecification","valueRequired":true,"valueName":"search_term_string"}}],"inLanguage":"fr-FR"},{"@type":"Organization","@id":"\/#organization","name":"STYLORAL PTE. LTD","url":"\/","logo":{"@type":"ImageObject","inLanguage":"fr-FR","@id":"\/#\/schema\/logo\/image\/","url":"https:\/\/www.tourcruiser.com\/wp-content\/uploads\/2025\/12\/logo.png","contentUrl":"https:\/\/www.tourcruiser.com\/wp-content\/uploads\/2025\/12\/logo.png","width":200,"height":65,"caption":"STYLORAL PTE. LTD"},"image":{"@id":"\/#\/schema\/logo\/image\/"}}]}},"_links":{"self":[{"href":"https:\/\/tourcruiser.com\/fr\/wp-json\/wp\/v2\/product\/778326","targetHints":{"allow":["GET"]}}],"collection":[{"href":"https:\/\/tourcruiser.com\/fr\/wp-json\/wp\/v2\/product"}],"about":[{"href":"https:\/\/tourcruiser.com\/fr\/wp-json\/wp\/v2\/types\/product"}],"replies":[{"embeddable":true,"href":"https:\/\/tourcruiser.com\/fr\/wp-json\/wp\/v2\/comments?post=778326"}],"wp:featuredmedia":[{"embeddable":true,"href":"https:\/\/tourcruiser.com\/fr\/wp-json\/wp\/v2\/media\/778327"}],"wp:attachment":[{"href":"https:\/\/tourcruiser.com\/fr\/wp-json\/wp\/v2\/media?parent=778326"}],"wp:term":[{"taxonomy":"product_brand","embeddable":true,"href":"https:\/\/tourcruiser.com\/fr\/wp-json\/wp\/v2\/product_brand?post=778326"},{"taxonomy":"product_cat","embeddable":true,"href":"https:\/\/tourcruiser.com\/fr\/wp-json\/wp\/v2\/product_cat?post=778326"},{"taxonomy":"product_tag","embeddable":true,"href":"https:\/\/tourcruiser.com\/fr\/wp-json\/wp\/v2\/product_tag?post=778326"}],"curies":[{"name":"wp","href":"https:\/\/api.w.org\/{rel}","templated":true}]}}