{"id":778272,"date":"2026-04-16T17:19:36","date_gmt":"2026-04-16T10:19:36","guid":{"rendered":"http:\/\/tourcruiser.com\/product\/nike-calm-slide-black-gum"},"modified":"2026-04-17T23:13:16","modified_gmt":"2026-04-17T16:13:16","slug":"nike-calm-slide-black-gum","status":"publish","type":"product","link":"https:\/\/tourcruiser.com\/fr\/products\/nike-calm-slide-black-gum\/","title":{"rendered":"Nike Calm Slide &lsquo;Black Gum&rsquo;"},"content":{"rendered":"<p>D\u00e9couvrez le confort et le style avec les claquettes Nike Calm Slide \u00ab\u00a0Black Gum\u00a0\u00bb FD4116-003. Ces claquettes \u00e9l\u00e9gantes arborent un design noir minimaliste et une semelle en caoutchouc classique, offrant un look polyvalent pour toutes les occasions d\u00e9contract\u00e9es. Gr\u00e2ce \u00e0 leur mati\u00e8re \u00e0 la fois souple et r\u00e9sistante, elles garantissent un confort et un maintien optimaux tout au long de la journ\u00e9e. Que ce soit pour se d\u00e9tendre apr\u00e8s une s\u00e9ance de sport ou pour un usage quotidien, les claquettes Nike Calm Slide allient fonctionnalit\u00e9 et esth\u00e9tique moderne. Compl\u00e9tez votre collection de chaussures avec ce mod\u00e8le essentiel et styl\u00e9.<\/p>\n<p>Coloris\u00a0: Noir\/Caoutchouc marron moyen<\/p>\n<p>R\u00e9f\u00e9rence\u00a0: FD4116-003<\/p>\n<p>Tige\u00a0: EVA<\/p>\n<p>Semelle interm\u00e9diaire\u00a0: EVA<\/p>\n<p>Couleur\u00a0: Noir<\/p>\n<p>\u00c2ge\u00a0: Adulte<\/p>\n<p>Couleur\u00a0: Noir<\/p>\n<p>Genre\u00a0: Homme<\/p>\n","protected":false},"excerpt":{"rendered":"<p>D\u00e9couvrez le confort et le style avec les claquettes Nike Calm Slide \u00ab\u00a0Black Gum\u00a0\u00bb FD4116-003. Ces claquettes \u00e9l\u00e9gantes arborent un design noir minimaliste et une semelle en caoutchouc classique, offrant un look polyvalent pour toutes les occasions d\u00e9contract\u00e9es. Gr\u00e2ce \u00e0 leur mati\u00e8re \u00e0 la fois souple et r\u00e9sistante, elles garantissent un confort et un maintien [&hellip;]<\/p>\n","protected":false},"featured_media":778273,"comment_status":"open","ping_status":"closed","template":"","meta":[],"product_brand":[],"product_cat":[10803],"product_tag":[10864,10753,39035,10801,10808],"class_list":{"0":"post-778272","1":"product","2":"type-product","3":"status-publish","4":"has-post-thumbnail","6":"product_cat-nike","7":"product_tag-casual-sandals","8":"product_tag-gift-for-him","9":"product_tag-lifestyle-leisure-shoes","10":"product_tag-nike","11":"product_tag-slides","12":"wcpa_has_options","14":"first","15":"instock","16":"taxable","17":"shipping-taxable","18":"purchasable","19":"product-type-simple"},"wcpa_form_fields":{"rules":{"pric_overide_base_price":false,"pric_overide_base_price_if_gt_zero":false,"pric_overide_base_price_fully":false,"pric_cal_option_once":false,"pric_use_as_fee":false,"bind_quantity":false,"quantity_bind_formula":false},"fields":[{"type":"color-group","required":true,"elementId":"wcpa-color-group-66c4a75505e74","label":"Taille","inline":true,"priceOptions":"different_for_all","pricingType":"fixed","className":"hassizechart product-shoes-size-eu product-shoes-size","name":"color-group-66c4a75505e89","disp_type":"square","selection_type":"tick-border","disp_size":"44","show_label_inside":true,"adjust_width":true,"cart_display_type":"text","other_text":"Other","cl_rule":"show","col":6,"values":[{"label":"35.5","value":"EU 35.5","price":"","pimage":"","pimage_id":"","pthumb":"","color":""},{"label":"36","value":"EU 36","price":"","pimage":"","pimage_id":"","pthumb":"","color":"","selected":true},{"label":"36.5","value":"EU 36.5","price":"","pimage":"","pimage_id":"","pthumb":"","color":""},{"label":"37.5","value":"EU 37.5","price":"","pimage":"","pimage_id":"","pthumb":"","color":""},{"label":"38","value":"EU 38","price":"","pimage":"","pimage_id":"","pthumb":"","color":""},{"label":"38.5","value":"EU 38.5","price":"","pimage":"","pimage_id":"","pthumb":"","color":""},{"label":"39","value":"EU 39","price":"","pimage":"","pimage_id":"","pthumb":"","color":""},{"label":"40","value":"EU 40","price":"","pimage":"","pimage_id":"","pthumb":"","color":""},{"label":"40.5","value":"EU 40.5","price":"","pimage":"","pimage_id":"","pthumb":"","color":""},{"label":"41","value":"EU 41","price":"","pimage":"","pimage_id":"","pthumb":"","color":""},{"label":"42","value":"EU 42","price":"","pimage":"","pimage_id":"","pthumb":"","color":""},{"label":"42.5","value":"EU 42.5","price":"","pimage":"","pimage_id":"","pthumb":"","color":""},{"label":"43","value":"EU 43","price":"","pimage":"","pimage_id":"","pthumb":"","color":""},{"label":"44","value":"EU 44","price":"","pimage":"","pimage_id":"","pthumb":"","color":""},{"label":"44.5","value":"EU 44.5","price":"","pimage":"","pimage_id":"","pthumb":"","color":""},{"label":"45","value":"EU 45","price":"","pimage":"","pimage_id":"","pthumb":"","color":""},{"label":"45.5","value":"EU 45.5","price":"","pimage":"","pimage_id":"","pthumb":"","color":""},{"label":"46","value":"EU 46","price":"","pimage":"","pimage_id":"","pthumb":"","color":""},{"label":"47","value":"EU 47","price":"","pimage":"","pimage_id":"","pthumb":"","color":""},{"label":"47.5","value":"EU 47.5","price":"","pimage":"","pimage_id":"","pthumb":"","color":""},{"label":"48","value":"EU 48","price":"","pimage":"","pimage_id":"","pthumb":"","color":""}],"relations":[{"operator":false,"rules":[]}],"form_id":18106,"form_rules":{"pric_cal_option_once":false,"exclude_from_discount":false,"pric_use_as_fee":false,"fee_label":"Fee","render_after_acb":false,"disp_hide_options_price":false}}]},"yoast_head":"<!-- This site is optimized with the Yoast SEO plugin v26.5 - https:\/\/yoast.com\/wordpress\/plugins\/seo\/ -->\n<title>Nike Calm Slide &#039;Black Gum&#039; - TOURCRUISER PTE. LTD<\/title>\n<meta name=\"robots\" content=\"index, follow, max-snippet:-1, max-image-preview:large, max-video-preview:-1\" \/>\n<link rel=\"canonical\" href=\"https:\/\/tourcruiser.com\/fr\/products\/nike-calm-slide-black-gum\/\" \/>\n<meta property=\"og:locale\" content=\"fr_FR\" \/>\n<meta property=\"og:type\" content=\"article\" \/>\n<meta property=\"og:title\" content=\"Nike Calm Slide &#039;Black Gum&#039; - TOURCRUISER PTE. LTD\" \/>\n<meta property=\"og:description\" content=\"D\u00e9couvrez le confort et le style avec les claquettes Nike Calm Slide \u00ab\u00a0Black Gum\u00a0\u00bb FD4116-003. Ces claquettes \u00e9l\u00e9gantes arborent un design noir minimaliste et une semelle en caoutchouc classique, offrant un look polyvalent pour toutes les occasions d\u00e9contract\u00e9es. Gr\u00e2ce \u00e0 leur mati\u00e8re \u00e0 la fois souple et r\u00e9sistante, elles garantissent un confort et un maintien [&hellip;]\" \/>\n<meta property=\"og:url\" content=\"https:\/\/tourcruiser.com\/fr\/products\/nike-calm-slide-black-gum\/\" \/>\n<meta property=\"og:site_name\" content=\"Tourcruiser Sneaker Store\" \/>\n<meta property=\"article:modified_time\" content=\"2026-04-17T16:13:16+00:00\" \/>\n<meta name=\"twitter:card\" content=\"summary_large_image\" \/>\n<meta name=\"twitter:image\" content=\"https:\/\/images.novelship.com\/product\/nike_calm_slide__black_gum__fd4116-003_0_88157.jpeg;https:\/\/images.novelship.com\/product\/nike_calm_slide__black_gum__fd4116-003_1_88157.jpeg;https:\/\/images.novelship.com\/product\/nike_calm_slide__black_gum__fd4116-003_2_88157.jpeg;https:\/\/images.novelship.com\/product\/nike_calm_slide__black_gum__fd4116-003_3_88157.jpeg;https:\/\/images.novelship.com\/product\/nike_calm_slide__black_gum__fd4116-003_4_88157.jpeg;https:\/\/images.novelship.com\/product\/nike_calm_slide__black_gum__fd4116-003_5_88157.jpeg;https:\/\/images.novelship.com\/product\/nike_calm_slide__black_gum__fd4116-003_6_88157.jpeg;https:\/\/images.novelship.com\/product\/nike_calm_slide__black_gum__fd4116-003_7_88157.jpeg\" \/>\n<meta name=\"twitter:label1\" content=\"Dur\u00e9e de lecture estim\u00e9e\" \/>\n\t<meta name=\"twitter:data1\" content=\"1 minute\" \/>\n<script type=\"application\/ld+json\" class=\"yoast-schema-graph\">{\"@context\":\"https:\/\/schema.org\",\"@graph\":[{\"@type\":\"WebPage\",\"@id\":\"https:\/\/tourcruiser.com\/fr\/products\/nike-calm-slide-black-gum\/\",\"url\":\"https:\/\/tourcruiser.com\/fr\/products\/nike-calm-slide-black-gum\/\",\"name\":\"Nike Calm Slide 'Black Gum' - TOURCRUISER PTE. LTD\",\"isPartOf\":{\"@id\":\"https:\/\/tourcruiser.com\/fr\/#website\"},\"primaryImageOfPage\":{\"@id\":\"https:\/\/tourcruiser.com\/fr\/products\/nike-calm-slide-black-gum\/#primaryimage\"},\"image\":{\"@id\":\"https:\/\/tourcruiser.com\/fr\/products\/nike-calm-slide-black-gum\/#primaryimage\"},\"thumbnailUrl\":\"https:\/\/images.novelship.com\/product\/nike_calm_slide__black_gum__fd4116-003_0_88157.jpeg;https:\/\/images.novelship.com\/product\/nike_calm_slide__black_gum__fd4116-003_1_88157.jpeg;https:\/\/images.novelship.com\/product\/nike_calm_slide__black_gum__fd4116-003_2_88157.jpeg;https:\/\/images.novelship.com\/product\/nike_calm_slide__black_gum__fd4116-003_3_88157.jpeg;https:\/\/images.novelship.com\/product\/nike_calm_slide__black_gum__fd4116-003_4_88157.jpeg;https:\/\/images.novelship.com\/product\/nike_calm_slide__black_gum__fd4116-003_5_88157.jpeg;https:\/\/images.novelship.com\/product\/nike_calm_slide__black_gum__fd4116-003_6_88157.jpeg;https:\/\/images.novelship.com\/product\/nike_calm_slide__black_gum__fd4116-003_7_88157.jpeg\",\"datePublished\":\"2026-04-16T10:19:36+00:00\",\"dateModified\":\"2026-04-17T16:13:16+00:00\",\"breadcrumb\":{\"@id\":\"https:\/\/tourcruiser.com\/fr\/products\/nike-calm-slide-black-gum\/#breadcrumb\"},\"inLanguage\":\"fr-FR\",\"potentialAction\":[{\"@type\":\"ReadAction\",\"target\":[\"https:\/\/tourcruiser.com\/fr\/products\/nike-calm-slide-black-gum\/\"]}]},{\"@type\":\"ImageObject\",\"inLanguage\":\"fr-FR\",\"@id\":\"https:\/\/tourcruiser.com\/fr\/products\/nike-calm-slide-black-gum\/#primaryimage\",\"url\":\"https:\/\/images.novelship.com\/product\/nike_calm_slide__black_gum__fd4116-003_0_88157.jpeg;https:\/\/images.novelship.com\/product\/nike_calm_slide__black_gum__fd4116-003_1_88157.jpeg;https:\/\/images.novelship.com\/product\/nike_calm_slide__black_gum__fd4116-003_2_88157.jpeg;https:\/\/images.novelship.com\/product\/nike_calm_slide__black_gum__fd4116-003_3_88157.jpeg;https:\/\/images.novelship.com\/product\/nike_calm_slide__black_gum__fd4116-003_4_88157.jpeg;https:\/\/images.novelship.com\/product\/nike_calm_slide__black_gum__fd4116-003_5_88157.jpeg;https:\/\/images.novelship.com\/product\/nike_calm_slide__black_gum__fd4116-003_6_88157.jpeg;https:\/\/images.novelship.com\/product\/nike_calm_slide__black_gum__fd4116-003_7_88157.jpeg\",\"contentUrl\":\"https:\/\/images.novelship.com\/product\/nike_calm_slide__black_gum__fd4116-003_0_88157.jpeg;https:\/\/images.novelship.com\/product\/nike_calm_slide__black_gum__fd4116-003_1_88157.jpeg;https:\/\/images.novelship.com\/product\/nike_calm_slide__black_gum__fd4116-003_2_88157.jpeg;https:\/\/images.novelship.com\/product\/nike_calm_slide__black_gum__fd4116-003_3_88157.jpeg;https:\/\/images.novelship.com\/product\/nike_calm_slide__black_gum__fd4116-003_4_88157.jpeg;https:\/\/images.novelship.com\/product\/nike_calm_slide__black_gum__fd4116-003_5_88157.jpeg;https:\/\/images.novelship.com\/product\/nike_calm_slide__black_gum__fd4116-003_6_88157.jpeg;https:\/\/images.novelship.com\/product\/nike_calm_slide__black_gum__fd4116-003_7_88157.jpeg\"},{\"@type\":\"BreadcrumbList\",\"@id\":\"https:\/\/tourcruiser.com\/fr\/products\/nike-calm-slide-black-gum\/#breadcrumb\",\"itemListElement\":[{\"@type\":\"ListItem\",\"position\":1,\"name\":\"Home\",\"item\":\"https:\/\/tourcruiser.com\/fr\/\"},{\"@type\":\"ListItem\",\"position\":2,\"name\":\"Shop\",\"item\":\"https:\/\/tourcruiser.com\/fr\/shop\/\"},{\"@type\":\"ListItem\",\"position\":3,\"name\":\"Nike Calm Slide &#8216;Black Gum&#8217;\"}]},{\"@type\":\"WebSite\",\"@id\":\"https:\/\/tourcruiser.com\/fr\/#website\",\"url\":\"https:\/\/tourcruiser.com\/fr\/\",\"name\":\"Styloral Jewelry Shop\",\"description\":\"Tourcruiser Sneaker Store \u2014 L\u2019endroit o\u00f9 l\u2019univers rencontre votre singularit\u00e9.\",\"publisher\":{\"@id\":\"https:\/\/tourcruiser.com\/fr\/#organization\"},\"potentialAction\":[{\"@type\":\"SearchAction\",\"target\":{\"@type\":\"EntryPoint\",\"urlTemplate\":\"https:\/\/tourcruiser.com\/fr\/?s={search_term_string}\"},\"query-input\":{\"@type\":\"PropertyValueSpecification\",\"valueRequired\":true,\"valueName\":\"search_term_string\"}}],\"inLanguage\":\"fr-FR\"},{\"@type\":\"Organization\",\"@id\":\"https:\/\/tourcruiser.com\/fr\/#organization\",\"name\":\"STYLORAL PTE. LTD\",\"url\":\"https:\/\/tourcruiser.com\/fr\/\",\"logo\":{\"@type\":\"ImageObject\",\"inLanguage\":\"fr-FR\",\"@id\":\"https:\/\/tourcruiser.com\/fr\/#\/schema\/logo\/image\/\",\"url\":\"https:\/\/www.tourcruiser.com\/wp-content\/uploads\/2025\/12\/logo.png\",\"contentUrl\":\"https:\/\/www.tourcruiser.com\/wp-content\/uploads\/2025\/12\/logo.png\",\"width\":200,\"height\":65,\"caption\":\"STYLORAL PTE. LTD\"},\"image\":{\"@id\":\"https:\/\/tourcruiser.com\/fr\/#\/schema\/logo\/image\/\"}}]}<\/script>\n<!-- \/ Yoast SEO plugin. -->","yoast_head_json":{"title":"Nike Calm Slide 'Black Gum' - TOURCRUISER PTE. LTD","robots":{"index":"index","follow":"follow","max-snippet":"max-snippet:-1","max-image-preview":"max-image-preview:large","max-video-preview":"max-video-preview:-1"},"canonical":"https:\/\/tourcruiser.com\/fr\/products\/nike-calm-slide-black-gum\/","og_locale":"fr_FR","og_type":"article","og_title":"Nike Calm Slide 'Black Gum' - TOURCRUISER PTE. LTD","og_description":"D\u00e9couvrez le confort et le style avec les claquettes Nike Calm Slide \u00ab\u00a0Black Gum\u00a0\u00bb FD4116-003. Ces claquettes \u00e9l\u00e9gantes arborent un design noir minimaliste et une semelle en caoutchouc classique, offrant un look polyvalent pour toutes les occasions d\u00e9contract\u00e9es. Gr\u00e2ce \u00e0 leur mati\u00e8re \u00e0 la fois souple et r\u00e9sistante, elles garantissent un confort et un maintien [&hellip;]","og_url":"https:\/\/tourcruiser.com\/fr\/products\/nike-calm-slide-black-gum\/","og_site_name":"Tourcruiser Sneaker Store","article_modified_time":"2026-04-17T16:13:16+00:00","twitter_card":"summary_large_image","twitter_image":"https:\/\/images.novelship.com\/product\/nike_calm_slide__black_gum__fd4116-003_0_88157.jpeg;https:\/\/images.novelship.com\/product\/nike_calm_slide__black_gum__fd4116-003_1_88157.jpeg;https:\/\/images.novelship.com\/product\/nike_calm_slide__black_gum__fd4116-003_2_88157.jpeg;https:\/\/images.novelship.com\/product\/nike_calm_slide__black_gum__fd4116-003_3_88157.jpeg;https:\/\/images.novelship.com\/product\/nike_calm_slide__black_gum__fd4116-003_4_88157.jpeg;https:\/\/images.novelship.com\/product\/nike_calm_slide__black_gum__fd4116-003_5_88157.jpeg;https:\/\/images.novelship.com\/product\/nike_calm_slide__black_gum__fd4116-003_6_88157.jpeg;https:\/\/images.novelship.com\/product\/nike_calm_slide__black_gum__fd4116-003_7_88157.jpeg","twitter_misc":{"Dur\u00e9e de lecture estim\u00e9e":"1 minute"},"schema":{"@context":"https:\/\/schema.org","@graph":[{"@type":"WebPage","@id":"https:\/\/tourcruiser.com\/fr\/products\/nike-calm-slide-black-gum\/","url":"https:\/\/tourcruiser.com\/fr\/products\/nike-calm-slide-black-gum\/","name":"Nike Calm Slide 'Black Gum' - TOURCRUISER PTE. LTD","isPartOf":{"@id":"https:\/\/tourcruiser.com\/fr\/#website"},"primaryImageOfPage":{"@id":"https:\/\/tourcruiser.com\/fr\/products\/nike-calm-slide-black-gum\/#primaryimage"},"image":{"@id":"https:\/\/tourcruiser.com\/fr\/products\/nike-calm-slide-black-gum\/#primaryimage"},"thumbnailUrl":"https:\/\/images.novelship.com\/product\/nike_calm_slide__black_gum__fd4116-003_0_88157.jpeg;https:\/\/images.novelship.com\/product\/nike_calm_slide__black_gum__fd4116-003_1_88157.jpeg;https:\/\/images.novelship.com\/product\/nike_calm_slide__black_gum__fd4116-003_2_88157.jpeg;https:\/\/images.novelship.com\/product\/nike_calm_slide__black_gum__fd4116-003_3_88157.jpeg;https:\/\/images.novelship.com\/product\/nike_calm_slide__black_gum__fd4116-003_4_88157.jpeg;https:\/\/images.novelship.com\/product\/nike_calm_slide__black_gum__fd4116-003_5_88157.jpeg;https:\/\/images.novelship.com\/product\/nike_calm_slide__black_gum__fd4116-003_6_88157.jpeg;https:\/\/images.novelship.com\/product\/nike_calm_slide__black_gum__fd4116-003_7_88157.jpeg","datePublished":"2026-04-16T10:19:36+00:00","dateModified":"2026-04-17T16:13:16+00:00","breadcrumb":{"@id":"https:\/\/tourcruiser.com\/fr\/products\/nike-calm-slide-black-gum\/#breadcrumb"},"inLanguage":"fr-FR","potentialAction":[{"@type":"ReadAction","target":["https:\/\/tourcruiser.com\/fr\/products\/nike-calm-slide-black-gum\/"]}]},{"@type":"ImageObject","inLanguage":"fr-FR","@id":"https:\/\/tourcruiser.com\/fr\/products\/nike-calm-slide-black-gum\/#primaryimage","url":"https:\/\/images.novelship.com\/product\/nike_calm_slide__black_gum__fd4116-003_0_88157.jpeg;https:\/\/images.novelship.com\/product\/nike_calm_slide__black_gum__fd4116-003_1_88157.jpeg;https:\/\/images.novelship.com\/product\/nike_calm_slide__black_gum__fd4116-003_2_88157.jpeg;https:\/\/images.novelship.com\/product\/nike_calm_slide__black_gum__fd4116-003_3_88157.jpeg;https:\/\/images.novelship.com\/product\/nike_calm_slide__black_gum__fd4116-003_4_88157.jpeg;https:\/\/images.novelship.com\/product\/nike_calm_slide__black_gum__fd4116-003_5_88157.jpeg;https:\/\/images.novelship.com\/product\/nike_calm_slide__black_gum__fd4116-003_6_88157.jpeg;https:\/\/images.novelship.com\/product\/nike_calm_slide__black_gum__fd4116-003_7_88157.jpeg","contentUrl":"https:\/\/images.novelship.com\/product\/nike_calm_slide__black_gum__fd4116-003_0_88157.jpeg;https:\/\/images.novelship.com\/product\/nike_calm_slide__black_gum__fd4116-003_1_88157.jpeg;https:\/\/images.novelship.com\/product\/nike_calm_slide__black_gum__fd4116-003_2_88157.jpeg;https:\/\/images.novelship.com\/product\/nike_calm_slide__black_gum__fd4116-003_3_88157.jpeg;https:\/\/images.novelship.com\/product\/nike_calm_slide__black_gum__fd4116-003_4_88157.jpeg;https:\/\/images.novelship.com\/product\/nike_calm_slide__black_gum__fd4116-003_5_88157.jpeg;https:\/\/images.novelship.com\/product\/nike_calm_slide__black_gum__fd4116-003_6_88157.jpeg;https:\/\/images.novelship.com\/product\/nike_calm_slide__black_gum__fd4116-003_7_88157.jpeg"},{"@type":"BreadcrumbList","@id":"https:\/\/tourcruiser.com\/fr\/products\/nike-calm-slide-black-gum\/#breadcrumb","itemListElement":[{"@type":"ListItem","position":1,"name":"Home","item":"https:\/\/tourcruiser.com\/fr\/"},{"@type":"ListItem","position":2,"name":"Shop","item":"https:\/\/tourcruiser.com\/fr\/shop\/"},{"@type":"ListItem","position":3,"name":"Nike Calm Slide &#8216;Black Gum&#8217;"}]},{"@type":"WebSite","@id":"https:\/\/tourcruiser.com\/fr\/#website","url":"https:\/\/tourcruiser.com\/fr\/","name":"Styloral Jewelry Shop","description":"Tourcruiser Sneaker Store \u2014 L\u2019endroit o\u00f9 l\u2019univers rencontre votre singularit\u00e9.","publisher":{"@id":"https:\/\/tourcruiser.com\/fr\/#organization"},"potentialAction":[{"@type":"SearchAction","target":{"@type":"EntryPoint","urlTemplate":"https:\/\/tourcruiser.com\/fr\/?s={search_term_string}"},"query-input":{"@type":"PropertyValueSpecification","valueRequired":true,"valueName":"search_term_string"}}],"inLanguage":"fr-FR"},{"@type":"Organization","@id":"https:\/\/tourcruiser.com\/fr\/#organization","name":"STYLORAL PTE. LTD","url":"https:\/\/tourcruiser.com\/fr\/","logo":{"@type":"ImageObject","inLanguage":"fr-FR","@id":"https:\/\/tourcruiser.com\/fr\/#\/schema\/logo\/image\/","url":"https:\/\/www.tourcruiser.com\/wp-content\/uploads\/2025\/12\/logo.png","contentUrl":"https:\/\/www.tourcruiser.com\/wp-content\/uploads\/2025\/12\/logo.png","width":200,"height":65,"caption":"STYLORAL PTE. LTD"},"image":{"@id":"https:\/\/tourcruiser.com\/fr\/#\/schema\/logo\/image\/"}}]}},"_links":{"self":[{"href":"https:\/\/tourcruiser.com\/fr\/wp-json\/wp\/v2\/product\/778272","targetHints":{"allow":["GET"]}}],"collection":[{"href":"https:\/\/tourcruiser.com\/fr\/wp-json\/wp\/v2\/product"}],"about":[{"href":"https:\/\/tourcruiser.com\/fr\/wp-json\/wp\/v2\/types\/product"}],"replies":[{"embeddable":true,"href":"https:\/\/tourcruiser.com\/fr\/wp-json\/wp\/v2\/comments?post=778272"}],"wp:featuredmedia":[{"embeddable":true,"href":"https:\/\/tourcruiser.com\/fr\/wp-json\/wp\/v2\/media\/778273"}],"wp:attachment":[{"href":"https:\/\/tourcruiser.com\/fr\/wp-json\/wp\/v2\/media?parent=778272"}],"wp:term":[{"taxonomy":"product_brand","embeddable":true,"href":"https:\/\/tourcruiser.com\/fr\/wp-json\/wp\/v2\/product_brand?post=778272"},{"taxonomy":"product_cat","embeddable":true,"href":"https:\/\/tourcruiser.com\/fr\/wp-json\/wp\/v2\/product_cat?post=778272"},{"taxonomy":"product_tag","embeddable":true,"href":"https:\/\/tourcruiser.com\/fr\/wp-json\/wp\/v2\/product_tag?post=778272"}],"curies":[{"name":"wp","href":"https:\/\/api.w.org\/{rel}","templated":true}]}}