{"id":778189,"date":"2026-04-16T17:19:34","date_gmt":"2026-04-16T10:19:34","guid":{"rendered":"http:\/\/tourcruiser.com\/product\/air-jordan-roam-slide-light-silver-pumice"},"modified":"2026-04-17T23:13:12","modified_gmt":"2026-04-17T16:13:12","slug":"air-jordan-roam-slide-light-silver-pumice","status":"publish","type":"product","link":"https:\/\/tourcruiser.com\/fr\/products\/air-jordan-roam-slide-light-silver-pumice\/","title":{"rendered":"Air Jordan Roam Slide &lsquo;Light Silver Pumice&rsquo;"},"content":{"rendered":"<p>D\u00e9couvrez un confort et un style ultimes avec la Air Jordan Roam Slide \u00ab\u00a0Light Silver Pumice\u00a0\u00bb FQ0227-002. Son design \u00e9pur\u00e9, son amorti moelleux et sa construction r\u00e9sistante en font le mod\u00e8le id\u00e9al pour \u00eatre port\u00e9 toute la journ\u00e9e.<\/p>\n<p>Couleur\u00a0: Argent clair\/Pierre ponce claire<br \/>\nCode article\u00a0: FQ0227-002<br \/>\nTige\u00a0: EVA<br \/>\nSemelle interm\u00e9diaire\u00a0: EVA<br \/>\nCouleur\u00a0: Argent<br \/>\nSaison\u00a0: \u00c9t\u00e9<br \/>\nAnn\u00e9e de sortie\u00a0: 2024<\/p>\n<p>\u00c2ge\u00a0: Adulte<br \/>\nCouleur\u00a0: Argent<br \/>\nGenre\u00a0: Homme<\/p>\n","protected":false},"excerpt":{"rendered":"<p>D\u00e9couvrez un confort et un style ultimes avec la Air Jordan Roam Slide \u00ab\u00a0Light Silver Pumice\u00a0\u00bb FQ0227-002. Son design \u00e9pur\u00e9, son amorti moelleux et sa construction r\u00e9sistante en font le mod\u00e8le id\u00e9al pour \u00eatre port\u00e9 toute la journ\u00e9e. Couleur\u00a0: Argent clair\/Pierre ponce claire Code article\u00a0: FQ0227-002 Tige\u00a0: EVA Semelle interm\u00e9diaire\u00a0: EVA Couleur\u00a0: Argent Saison\u00a0: \u00c9t\u00e9 [&hellip;]<\/p>\n","protected":false},"featured_media":778190,"comment_status":"open","ping_status":"closed","template":"","meta":[],"product_brand":[],"product_cat":[38880],"product_tag":[38861,10864,10752,10776,39035,10808],"class_list":{"0":"post-778189","1":"product","2":"type-product","3":"status-publish","4":"has-post-thumbnail","6":"product_cat-jordan","7":"product_tag-below-retail-price","8":"product_tag-casual-sandals","9":"product_tag-gallery-look","10":"product_tag-jordan","11":"product_tag-lifestyle-leisure-shoes","12":"product_tag-slides","14":"first","15":"instock","16":"taxable","17":"shipping-taxable","18":"purchasable","19":"product-type-simple"},"wcpa_form_fields":null,"yoast_head":"<!-- This site is optimized with the Yoast SEO plugin v26.5 - https:\/\/yoast.com\/wordpress\/plugins\/seo\/ -->\n<title>Air Jordan Roam Slide &#039;Light Silver Pumice&#039; - TOURCRUISER PTE. LTD<\/title>\n<meta name=\"robots\" content=\"index, follow, max-snippet:-1, max-image-preview:large, max-video-preview:-1\" \/>\n<link rel=\"canonical\" href=\"https:\/\/tourcruiser.com\/fr\/products\/air-jordan-roam-slide-light-silver-pumice\/\" \/>\n<meta property=\"og:locale\" content=\"fr_FR\" \/>\n<meta property=\"og:type\" content=\"article\" \/>\n<meta property=\"og:title\" content=\"Air Jordan Roam Slide &#039;Light Silver Pumice&#039; - TOURCRUISER PTE. LTD\" \/>\n<meta property=\"og:description\" content=\"D\u00e9couvrez un confort et un style ultimes avec la Air Jordan Roam Slide \u00ab\u00a0Light Silver Pumice\u00a0\u00bb FQ0227-002. Son design \u00e9pur\u00e9, son amorti moelleux et sa construction r\u00e9sistante en font le mod\u00e8le id\u00e9al pour \u00eatre port\u00e9 toute la journ\u00e9e. Couleur\u00a0: Argent clair\/Pierre ponce claire Code article\u00a0: FQ0227-002 Tige\u00a0: EVA Semelle interm\u00e9diaire\u00a0: EVA Couleur\u00a0: Argent Saison\u00a0: \u00c9t\u00e9 [&hellip;]\" \/>\n<meta property=\"og:url\" content=\"https:\/\/tourcruiser.com\/fr\/products\/air-jordan-roam-slide-light-silver-pumice\/\" \/>\n<meta property=\"og:site_name\" content=\"Tourcruiser Sneaker Store\" \/>\n<meta property=\"article:modified_time\" content=\"2026-04-17T16:13:12+00:00\" \/>\n<meta name=\"twitter:card\" content=\"summary_large_image\" \/>\n<meta name=\"twitter:image\" content=\"https:\/\/images.novelship.com\/product\/air_jordan_roam_slide__light_silver_pumice__fq0227_0_30274.jpeg;https:\/\/images.novelship.com\/product\/air_jordan_roam_slide__light_silver_pumice__fq0227_1_30274.png;https:\/\/images.novelship.com\/product\/air_jordan_roam_slide__light_silver_pumice__fq0227_2_30274.png;https:\/\/images.novelship.com\/product\/air_jordan_roam_slide__light_silver_pumice__fq0227_3_30274.jpeg;https:\/\/images.novelship.com\/product\/air_jordan_roam_slide__light_silver_pumice__fq0227_4_30275.jpeg;https:\/\/images.novelship.com\/product\/air_jordan_roam_slide__light_silver_pumice__fq0227_5_30275.jpeg;https:\/\/images.novelship.com\/product\/air_jordan_roam_slide__light_silver_pumice__fq0227_6_30275.jpeg\" \/>\n<script type=\"application\/ld+json\" class=\"yoast-schema-graph\">{\"@context\":\"https:\/\/schema.org\",\"@graph\":[{\"@type\":\"WebPage\",\"@id\":\"https:\/\/tourcruiser.com\/fr\/products\/air-jordan-roam-slide-light-silver-pumice\/\",\"url\":\"https:\/\/tourcruiser.com\/fr\/products\/air-jordan-roam-slide-light-silver-pumice\/\",\"name\":\"Air Jordan Roam Slide 'Light Silver Pumice' - TOURCRUISER PTE. LTD\",\"isPartOf\":{\"@id\":\"\/#website\"},\"primaryImageOfPage\":{\"@id\":\"https:\/\/tourcruiser.com\/fr\/products\/air-jordan-roam-slide-light-silver-pumice\/#primaryimage\"},\"image\":{\"@id\":\"https:\/\/tourcruiser.com\/fr\/products\/air-jordan-roam-slide-light-silver-pumice\/#primaryimage\"},\"thumbnailUrl\":\"https:\/\/images.novelship.com\/product\/air_jordan_roam_slide__light_silver_pumice__fq0227_0_30274.jpeg;https:\/\/images.novelship.com\/product\/air_jordan_roam_slide__light_silver_pumice__fq0227_1_30274.png;https:\/\/images.novelship.com\/product\/air_jordan_roam_slide__light_silver_pumice__fq0227_2_30274.png;https:\/\/images.novelship.com\/product\/air_jordan_roam_slide__light_silver_pumice__fq0227_3_30274.jpeg;https:\/\/images.novelship.com\/product\/air_jordan_roam_slide__light_silver_pumice__fq0227_4_30275.jpeg;https:\/\/images.novelship.com\/product\/air_jordan_roam_slide__light_silver_pumice__fq0227_5_30275.jpeg;https:\/\/images.novelship.com\/product\/air_jordan_roam_slide__light_silver_pumice__fq0227_6_30275.jpeg\",\"datePublished\":\"2026-04-16T10:19:34+00:00\",\"dateModified\":\"2026-04-17T16:13:12+00:00\",\"breadcrumb\":{\"@id\":\"https:\/\/tourcruiser.com\/fr\/products\/air-jordan-roam-slide-light-silver-pumice\/#breadcrumb\"},\"inLanguage\":\"fr-FR\",\"potentialAction\":[{\"@type\":\"ReadAction\",\"target\":[\"https:\/\/tourcruiser.com\/fr\/products\/air-jordan-roam-slide-light-silver-pumice\/\"]}]},{\"@type\":\"ImageObject\",\"inLanguage\":\"fr-FR\",\"@id\":\"https:\/\/tourcruiser.com\/fr\/products\/air-jordan-roam-slide-light-silver-pumice\/#primaryimage\",\"url\":\"https:\/\/images.novelship.com\/product\/air_jordan_roam_slide__light_silver_pumice__fq0227_0_30274.jpeg;https:\/\/images.novelship.com\/product\/air_jordan_roam_slide__light_silver_pumice__fq0227_1_30274.png;https:\/\/images.novelship.com\/product\/air_jordan_roam_slide__light_silver_pumice__fq0227_2_30274.png;https:\/\/images.novelship.com\/product\/air_jordan_roam_slide__light_silver_pumice__fq0227_3_30274.jpeg;https:\/\/images.novelship.com\/product\/air_jordan_roam_slide__light_silver_pumice__fq0227_4_30275.jpeg;https:\/\/images.novelship.com\/product\/air_jordan_roam_slide__light_silver_pumice__fq0227_5_30275.jpeg;https:\/\/images.novelship.com\/product\/air_jordan_roam_slide__light_silver_pumice__fq0227_6_30275.jpeg\",\"contentUrl\":\"https:\/\/images.novelship.com\/product\/air_jordan_roam_slide__light_silver_pumice__fq0227_0_30274.jpeg;https:\/\/images.novelship.com\/product\/air_jordan_roam_slide__light_silver_pumice__fq0227_1_30274.png;https:\/\/images.novelship.com\/product\/air_jordan_roam_slide__light_silver_pumice__fq0227_2_30274.png;https:\/\/images.novelship.com\/product\/air_jordan_roam_slide__light_silver_pumice__fq0227_3_30274.jpeg;https:\/\/images.novelship.com\/product\/air_jordan_roam_slide__light_silver_pumice__fq0227_4_30275.jpeg;https:\/\/images.novelship.com\/product\/air_jordan_roam_slide__light_silver_pumice__fq0227_5_30275.jpeg;https:\/\/images.novelship.com\/product\/air_jordan_roam_slide__light_silver_pumice__fq0227_6_30275.jpeg\"},{\"@type\":\"BreadcrumbList\",\"@id\":\"https:\/\/tourcruiser.com\/fr\/products\/air-jordan-roam-slide-light-silver-pumice\/#breadcrumb\",\"itemListElement\":[{\"@type\":\"ListItem\",\"position\":1,\"name\":\"Home\",\"item\":\"https:\/\/tourcruiser.com\/fr\/\"},{\"@type\":\"ListItem\",\"position\":2,\"name\":\"Shop\",\"item\":\"https:\/\/tourcruiser.com\/fr\/shop\/\"},{\"@type\":\"ListItem\",\"position\":3,\"name\":\"Air Jordan Roam Slide &#8216;Light Silver Pumice&#8217;\"}]},{\"@type\":\"WebSite\",\"@id\":\"\/#website\",\"url\":\"\/\",\"name\":\"Styloral Jewelry Shop\",\"description\":\"Tourcruiser Sneaker Store \u2014 L\u2019endroit o\u00f9 l\u2019univers rencontre votre singularit\u00e9.\",\"publisher\":{\"@id\":\"\/#organization\"},\"potentialAction\":[{\"@type\":\"SearchAction\",\"target\":{\"@type\":\"EntryPoint\",\"urlTemplate\":\"\/?s={search_term_string}\"},\"query-input\":{\"@type\":\"PropertyValueSpecification\",\"valueRequired\":true,\"valueName\":\"search_term_string\"}}],\"inLanguage\":\"fr-FR\"},{\"@type\":\"Organization\",\"@id\":\"\/#organization\",\"name\":\"STYLORAL PTE. LTD\",\"url\":\"\/\",\"logo\":{\"@type\":\"ImageObject\",\"inLanguage\":\"fr-FR\",\"@id\":\"\/#\/schema\/logo\/image\/\",\"url\":\"https:\/\/www.tourcruiser.com\/wp-content\/uploads\/2025\/12\/logo.png\",\"contentUrl\":\"https:\/\/www.tourcruiser.com\/wp-content\/uploads\/2025\/12\/logo.png\",\"width\":200,\"height\":65,\"caption\":\"STYLORAL PTE. LTD\"},\"image\":{\"@id\":\"\/#\/schema\/logo\/image\/\"}}]}<\/script>\n<!-- \/ Yoast SEO plugin. -->","yoast_head_json":{"title":"Air Jordan Roam Slide 'Light Silver Pumice' - TOURCRUISER PTE. LTD","robots":{"index":"index","follow":"follow","max-snippet":"max-snippet:-1","max-image-preview":"max-image-preview:large","max-video-preview":"max-video-preview:-1"},"canonical":"https:\/\/tourcruiser.com\/fr\/products\/air-jordan-roam-slide-light-silver-pumice\/","og_locale":"fr_FR","og_type":"article","og_title":"Air Jordan Roam Slide 'Light Silver Pumice' - TOURCRUISER PTE. LTD","og_description":"D\u00e9couvrez un confort et un style ultimes avec la Air Jordan Roam Slide \u00ab\u00a0Light Silver Pumice\u00a0\u00bb FQ0227-002. Son design \u00e9pur\u00e9, son amorti moelleux et sa construction r\u00e9sistante en font le mod\u00e8le id\u00e9al pour \u00eatre port\u00e9 toute la journ\u00e9e. Couleur\u00a0: Argent clair\/Pierre ponce claire Code article\u00a0: FQ0227-002 Tige\u00a0: EVA Semelle interm\u00e9diaire\u00a0: EVA Couleur\u00a0: Argent Saison\u00a0: \u00c9t\u00e9 [&hellip;]","og_url":"https:\/\/tourcruiser.com\/fr\/products\/air-jordan-roam-slide-light-silver-pumice\/","og_site_name":"Tourcruiser Sneaker Store","article_modified_time":"2026-04-17T16:13:12+00:00","twitter_card":"summary_large_image","twitter_image":"https:\/\/images.novelship.com\/product\/air_jordan_roam_slide__light_silver_pumice__fq0227_0_30274.jpeg;https:\/\/images.novelship.com\/product\/air_jordan_roam_slide__light_silver_pumice__fq0227_1_30274.png;https:\/\/images.novelship.com\/product\/air_jordan_roam_slide__light_silver_pumice__fq0227_2_30274.png;https:\/\/images.novelship.com\/product\/air_jordan_roam_slide__light_silver_pumice__fq0227_3_30274.jpeg;https:\/\/images.novelship.com\/product\/air_jordan_roam_slide__light_silver_pumice__fq0227_4_30275.jpeg;https:\/\/images.novelship.com\/product\/air_jordan_roam_slide__light_silver_pumice__fq0227_5_30275.jpeg;https:\/\/images.novelship.com\/product\/air_jordan_roam_slide__light_silver_pumice__fq0227_6_30275.jpeg","schema":{"@context":"https:\/\/schema.org","@graph":[{"@type":"WebPage","@id":"https:\/\/tourcruiser.com\/fr\/products\/air-jordan-roam-slide-light-silver-pumice\/","url":"https:\/\/tourcruiser.com\/fr\/products\/air-jordan-roam-slide-light-silver-pumice\/","name":"Air Jordan Roam Slide 'Light Silver Pumice' - TOURCRUISER PTE. LTD","isPartOf":{"@id":"\/#website"},"primaryImageOfPage":{"@id":"https:\/\/tourcruiser.com\/fr\/products\/air-jordan-roam-slide-light-silver-pumice\/#primaryimage"},"image":{"@id":"https:\/\/tourcruiser.com\/fr\/products\/air-jordan-roam-slide-light-silver-pumice\/#primaryimage"},"thumbnailUrl":"https:\/\/images.novelship.com\/product\/air_jordan_roam_slide__light_silver_pumice__fq0227_0_30274.jpeg;https:\/\/images.novelship.com\/product\/air_jordan_roam_slide__light_silver_pumice__fq0227_1_30274.png;https:\/\/images.novelship.com\/product\/air_jordan_roam_slide__light_silver_pumice__fq0227_2_30274.png;https:\/\/images.novelship.com\/product\/air_jordan_roam_slide__light_silver_pumice__fq0227_3_30274.jpeg;https:\/\/images.novelship.com\/product\/air_jordan_roam_slide__light_silver_pumice__fq0227_4_30275.jpeg;https:\/\/images.novelship.com\/product\/air_jordan_roam_slide__light_silver_pumice__fq0227_5_30275.jpeg;https:\/\/images.novelship.com\/product\/air_jordan_roam_slide__light_silver_pumice__fq0227_6_30275.jpeg","datePublished":"2026-04-16T10:19:34+00:00","dateModified":"2026-04-17T16:13:12+00:00","breadcrumb":{"@id":"https:\/\/tourcruiser.com\/fr\/products\/air-jordan-roam-slide-light-silver-pumice\/#breadcrumb"},"inLanguage":"fr-FR","potentialAction":[{"@type":"ReadAction","target":["https:\/\/tourcruiser.com\/fr\/products\/air-jordan-roam-slide-light-silver-pumice\/"]}]},{"@type":"ImageObject","inLanguage":"fr-FR","@id":"https:\/\/tourcruiser.com\/fr\/products\/air-jordan-roam-slide-light-silver-pumice\/#primaryimage","url":"https:\/\/images.novelship.com\/product\/air_jordan_roam_slide__light_silver_pumice__fq0227_0_30274.jpeg;https:\/\/images.novelship.com\/product\/air_jordan_roam_slide__light_silver_pumice__fq0227_1_30274.png;https:\/\/images.novelship.com\/product\/air_jordan_roam_slide__light_silver_pumice__fq0227_2_30274.png;https:\/\/images.novelship.com\/product\/air_jordan_roam_slide__light_silver_pumice__fq0227_3_30274.jpeg;https:\/\/images.novelship.com\/product\/air_jordan_roam_slide__light_silver_pumice__fq0227_4_30275.jpeg;https:\/\/images.novelship.com\/product\/air_jordan_roam_slide__light_silver_pumice__fq0227_5_30275.jpeg;https:\/\/images.novelship.com\/product\/air_jordan_roam_slide__light_silver_pumice__fq0227_6_30275.jpeg","contentUrl":"https:\/\/images.novelship.com\/product\/air_jordan_roam_slide__light_silver_pumice__fq0227_0_30274.jpeg;https:\/\/images.novelship.com\/product\/air_jordan_roam_slide__light_silver_pumice__fq0227_1_30274.png;https:\/\/images.novelship.com\/product\/air_jordan_roam_slide__light_silver_pumice__fq0227_2_30274.png;https:\/\/images.novelship.com\/product\/air_jordan_roam_slide__light_silver_pumice__fq0227_3_30274.jpeg;https:\/\/images.novelship.com\/product\/air_jordan_roam_slide__light_silver_pumice__fq0227_4_30275.jpeg;https:\/\/images.novelship.com\/product\/air_jordan_roam_slide__light_silver_pumice__fq0227_5_30275.jpeg;https:\/\/images.novelship.com\/product\/air_jordan_roam_slide__light_silver_pumice__fq0227_6_30275.jpeg"},{"@type":"BreadcrumbList","@id":"https:\/\/tourcruiser.com\/fr\/products\/air-jordan-roam-slide-light-silver-pumice\/#breadcrumb","itemListElement":[{"@type":"ListItem","position":1,"name":"Home","item":"https:\/\/tourcruiser.com\/fr\/"},{"@type":"ListItem","position":2,"name":"Shop","item":"https:\/\/tourcruiser.com\/fr\/shop\/"},{"@type":"ListItem","position":3,"name":"Air Jordan Roam Slide &#8216;Light Silver Pumice&#8217;"}]},{"@type":"WebSite","@id":"\/#website","url":"\/","name":"Styloral Jewelry Shop","description":"Tourcruiser Sneaker Store \u2014 L\u2019endroit o\u00f9 l\u2019univers rencontre votre singularit\u00e9.","publisher":{"@id":"\/#organization"},"potentialAction":[{"@type":"SearchAction","target":{"@type":"EntryPoint","urlTemplate":"\/?s={search_term_string}"},"query-input":{"@type":"PropertyValueSpecification","valueRequired":true,"valueName":"search_term_string"}}],"inLanguage":"fr-FR"},{"@type":"Organization","@id":"\/#organization","name":"STYLORAL PTE. LTD","url":"\/","logo":{"@type":"ImageObject","inLanguage":"fr-FR","@id":"\/#\/schema\/logo\/image\/","url":"https:\/\/www.tourcruiser.com\/wp-content\/uploads\/2025\/12\/logo.png","contentUrl":"https:\/\/www.tourcruiser.com\/wp-content\/uploads\/2025\/12\/logo.png","width":200,"height":65,"caption":"STYLORAL PTE. LTD"},"image":{"@id":"\/#\/schema\/logo\/image\/"}}]}},"_links":{"self":[{"href":"https:\/\/tourcruiser.com\/fr\/wp-json\/wp\/v2\/product\/778189","targetHints":{"allow":["GET"]}}],"collection":[{"href":"https:\/\/tourcruiser.com\/fr\/wp-json\/wp\/v2\/product"}],"about":[{"href":"https:\/\/tourcruiser.com\/fr\/wp-json\/wp\/v2\/types\/product"}],"replies":[{"embeddable":true,"href":"https:\/\/tourcruiser.com\/fr\/wp-json\/wp\/v2\/comments?post=778189"}],"wp:featuredmedia":[{"embeddable":true,"href":"https:\/\/tourcruiser.com\/fr\/wp-json\/wp\/v2\/media\/778190"}],"wp:attachment":[{"href":"https:\/\/tourcruiser.com\/fr\/wp-json\/wp\/v2\/media?parent=778189"}],"wp:term":[{"taxonomy":"product_brand","embeddable":true,"href":"https:\/\/tourcruiser.com\/fr\/wp-json\/wp\/v2\/product_brand?post=778189"},{"taxonomy":"product_cat","embeddable":true,"href":"https:\/\/tourcruiser.com\/fr\/wp-json\/wp\/v2\/product_cat?post=778189"},{"taxonomy":"product_tag","embeddable":true,"href":"https:\/\/tourcruiser.com\/fr\/wp-json\/wp\/v2\/product_tag?post=778189"}],"curies":[{"name":"wp","href":"https:\/\/api.w.org\/{rel}","templated":true}]}}