{"id":778023,"date":"2026-04-16T17:19:28","date_gmt":"2026-04-16T10:19:28","guid":{"rendered":"http:\/\/tourcruiser.com\/product\/air-jordan-hydro-4-retro-slide-thunder"},"modified":"2026-04-17T23:13:01","modified_gmt":"2026-04-17T16:13:01","slug":"air-jordan-hydro-4-retro-slide-thunder","status":"publish","type":"product","link":"https:\/\/tourcruiser.com\/fr\/products\/air-jordan-hydro-4-retro-slide-thunder\/","title":{"rendered":"Air Jordan Hydro 4 Retro Slide &lsquo;Thunder&rsquo;"},"content":{"rendered":"<p>La Air Jordan Hydro 4 Retro Slide Thunder de Jordan allie style et confort dans une sneaker polyvalente. Avec son design r\u00e9tro et le logo iconique Air Jordan, cette sandale est id\u00e9ale pour les moments de d\u00e9tente ou apr\u00e8s une s\u00e9ance de sport. La bride ajustable assure un maintien optimal, tandis que la semelle int\u00e9rieure rembourr\u00e9e offre un confort durable. Avec la Air Jordan Hydro 4 Retro Slide Thunder, soyez toujours styl\u00e9.<\/p>\n<p>Coloris\u00a0: Noir\/Jaune Tour<br \/>\nR\u00e9f\u00e9rence\u00a0: 532225-017<br \/>\nMati\u00e8re ext\u00e9rieure\u00a0: Synth\u00e9tique<br \/>\nCouleur\u00a0: Noir<br \/>\nAnn\u00e9e de sortie\u00a0: 2023<\/p>\n<p>Couleur\u00a0: Noir<\/p>\n<p>\u00c2ge\u00a0: Adulte<\/p>\n<p>Couleur\u00a0: Noir<br \/>\nGenre\u00a0: Homme<\/p>\n","protected":false},"excerpt":{"rendered":"<p>La Air Jordan Hydro 4 Retro Slide Thunder de Jordan allie style et confort dans une sneaker polyvalente. Avec son design r\u00e9tro et le logo iconique Air Jordan, cette sandale est id\u00e9ale pour les moments de d\u00e9tente ou apr\u00e8s une s\u00e9ance de sport. La bride ajustable assure un maintien optimal, tandis que la semelle int\u00e9rieure [&hellip;]<\/p>\n","protected":false},"featured_media":778024,"comment_status":"open","ping_status":"closed","template":"","meta":[],"product_brand":[],"product_cat":[38880],"product_tag":[10864,10753,10776,39035,10808,38902,39636],"class_list":{"0":"post-778023","1":"product","2":"type-product","3":"status-publish","4":"has-post-thumbnail","6":"product_cat-jordan","7":"product_tag-casual-sandals","8":"product_tag-gift-for-him","9":"product_tag-jordan","10":"product_tag-lifestyle-leisure-shoes","11":"product_tag-slides","12":"product_tag-trendy-offers","13":"product_tag-trendy-offers-under-150","15":"first","16":"instock","17":"taxable","18":"shipping-taxable","19":"purchasable","20":"product-type-simple"},"wcpa_form_fields":null,"yoast_head":"<!-- This site is optimized with the Yoast SEO plugin v26.5 - https:\/\/yoast.com\/wordpress\/plugins\/seo\/ -->\n<title>Air Jordan Hydro 4 Retro Slide &#039;Thunder&#039; - TOURCRUISER PTE. LTD<\/title>\n<meta name=\"robots\" content=\"index, follow, max-snippet:-1, max-image-preview:large, max-video-preview:-1\" \/>\n<link rel=\"canonical\" href=\"https:\/\/tourcruiser.com\/fr\/products\/air-jordan-hydro-4-retro-slide-thunder\/\" \/>\n<meta property=\"og:locale\" content=\"fr_FR\" \/>\n<meta property=\"og:type\" content=\"article\" \/>\n<meta property=\"og:title\" content=\"Air Jordan Hydro 4 Retro Slide &#039;Thunder&#039; - TOURCRUISER PTE. LTD\" \/>\n<meta property=\"og:description\" content=\"La Air Jordan Hydro 4 Retro Slide Thunder de Jordan allie style et confort dans une sneaker polyvalente. Avec son design r\u00e9tro et le logo iconique Air Jordan, cette sandale est id\u00e9ale pour les moments de d\u00e9tente ou apr\u00e8s une s\u00e9ance de sport. La bride ajustable assure un maintien optimal, tandis que la semelle int\u00e9rieure [&hellip;]\" \/>\n<meta property=\"og:url\" content=\"https:\/\/tourcruiser.com\/fr\/products\/air-jordan-hydro-4-retro-slide-thunder\/\" \/>\n<meta property=\"og:site_name\" content=\"Tourcruiser Sneaker Store\" \/>\n<meta property=\"article:modified_time\" content=\"2026-04-17T16:13:01+00:00\" \/>\n<meta name=\"twitter:card\" content=\"summary_large_image\" \/>\n<meta name=\"twitter:image\" content=\"https:\/\/images.novelship.com\/product\/air_jordan_hydro_4_retro_slide__thunder__532225_01_0_14570.jpeg;https:\/\/images.novelship.com\/product\/air_jordan_hydro_4_retro_slide__thunder__532225_01_1_14570.jpeg;https:\/\/images.novelship.com\/product\/air_jordan_hydro_4_retro_slide__thunder__532225_01_2_14570.jpeg;https:\/\/images.novelship.com\/product\/air_jordan_hydro_4_retro_slide__thunder__532225_01_3_14570.jpeg;https:\/\/images.novelship.com\/product\/air_jordan_hydro_4_retro_slide__thunder__532225_01_4_14570.jpeg;https:\/\/images.novelship.com\/product\/air_jordan_hydro_4_retro_slide__thunder__532225_01_5_14570.jpeg;https:\/\/images.novelship.com\/product\/air_jordan_hydro_4_retro_slide__thunder__532225_01_6_14570.jpeg;https:\/\/images.novelship.com\/product\/air_jordan_hydro_4_retro_slide__thunder__532225_01_7_14570.jpeg\" \/>\n<meta name=\"twitter:label1\" content=\"Dur\u00e9e de lecture estim\u00e9e\" \/>\n\t<meta name=\"twitter:data1\" content=\"1 minute\" \/>\n<script type=\"application\/ld+json\" class=\"yoast-schema-graph\">{\"@context\":\"https:\/\/schema.org\",\"@graph\":[{\"@type\":\"WebPage\",\"@id\":\"https:\/\/tourcruiser.com\/fr\/products\/air-jordan-hydro-4-retro-slide-thunder\/\",\"url\":\"https:\/\/tourcruiser.com\/fr\/products\/air-jordan-hydro-4-retro-slide-thunder\/\",\"name\":\"Air Jordan Hydro 4 Retro Slide 'Thunder' - TOURCRUISER PTE. LTD\",\"isPartOf\":{\"@id\":\"\/#website\"},\"primaryImageOfPage\":{\"@id\":\"https:\/\/tourcruiser.com\/fr\/products\/air-jordan-hydro-4-retro-slide-thunder\/#primaryimage\"},\"image\":{\"@id\":\"https:\/\/tourcruiser.com\/fr\/products\/air-jordan-hydro-4-retro-slide-thunder\/#primaryimage\"},\"thumbnailUrl\":\"https:\/\/images.novelship.com\/product\/air_jordan_hydro_4_retro_slide__thunder__532225_01_0_14570.jpeg;https:\/\/images.novelship.com\/product\/air_jordan_hydro_4_retro_slide__thunder__532225_01_1_14570.jpeg;https:\/\/images.novelship.com\/product\/air_jordan_hydro_4_retro_slide__thunder__532225_01_2_14570.jpeg;https:\/\/images.novelship.com\/product\/air_jordan_hydro_4_retro_slide__thunder__532225_01_3_14570.jpeg;https:\/\/images.novelship.com\/product\/air_jordan_hydro_4_retro_slide__thunder__532225_01_4_14570.jpeg;https:\/\/images.novelship.com\/product\/air_jordan_hydro_4_retro_slide__thunder__532225_01_5_14570.jpeg;https:\/\/images.novelship.com\/product\/air_jordan_hydro_4_retro_slide__thunder__532225_01_6_14570.jpeg;https:\/\/images.novelship.com\/product\/air_jordan_hydro_4_retro_slide__thunder__532225_01_7_14570.jpeg\",\"datePublished\":\"2026-04-16T10:19:28+00:00\",\"dateModified\":\"2026-04-17T16:13:01+00:00\",\"breadcrumb\":{\"@id\":\"https:\/\/tourcruiser.com\/fr\/products\/air-jordan-hydro-4-retro-slide-thunder\/#breadcrumb\"},\"inLanguage\":\"fr-FR\",\"potentialAction\":[{\"@type\":\"ReadAction\",\"target\":[\"https:\/\/tourcruiser.com\/fr\/products\/air-jordan-hydro-4-retro-slide-thunder\/\"]}]},{\"@type\":\"ImageObject\",\"inLanguage\":\"fr-FR\",\"@id\":\"https:\/\/tourcruiser.com\/fr\/products\/air-jordan-hydro-4-retro-slide-thunder\/#primaryimage\",\"url\":\"https:\/\/images.novelship.com\/product\/air_jordan_hydro_4_retro_slide__thunder__532225_01_0_14570.jpeg;https:\/\/images.novelship.com\/product\/air_jordan_hydro_4_retro_slide__thunder__532225_01_1_14570.jpeg;https:\/\/images.novelship.com\/product\/air_jordan_hydro_4_retro_slide__thunder__532225_01_2_14570.jpeg;https:\/\/images.novelship.com\/product\/air_jordan_hydro_4_retro_slide__thunder__532225_01_3_14570.jpeg;https:\/\/images.novelship.com\/product\/air_jordan_hydro_4_retro_slide__thunder__532225_01_4_14570.jpeg;https:\/\/images.novelship.com\/product\/air_jordan_hydro_4_retro_slide__thunder__532225_01_5_14570.jpeg;https:\/\/images.novelship.com\/product\/air_jordan_hydro_4_retro_slide__thunder__532225_01_6_14570.jpeg;https:\/\/images.novelship.com\/product\/air_jordan_hydro_4_retro_slide__thunder__532225_01_7_14570.jpeg\",\"contentUrl\":\"https:\/\/images.novelship.com\/product\/air_jordan_hydro_4_retro_slide__thunder__532225_01_0_14570.jpeg;https:\/\/images.novelship.com\/product\/air_jordan_hydro_4_retro_slide__thunder__532225_01_1_14570.jpeg;https:\/\/images.novelship.com\/product\/air_jordan_hydro_4_retro_slide__thunder__532225_01_2_14570.jpeg;https:\/\/images.novelship.com\/product\/air_jordan_hydro_4_retro_slide__thunder__532225_01_3_14570.jpeg;https:\/\/images.novelship.com\/product\/air_jordan_hydro_4_retro_slide__thunder__532225_01_4_14570.jpeg;https:\/\/images.novelship.com\/product\/air_jordan_hydro_4_retro_slide__thunder__532225_01_5_14570.jpeg;https:\/\/images.novelship.com\/product\/air_jordan_hydro_4_retro_slide__thunder__532225_01_6_14570.jpeg;https:\/\/images.novelship.com\/product\/air_jordan_hydro_4_retro_slide__thunder__532225_01_7_14570.jpeg\"},{\"@type\":\"BreadcrumbList\",\"@id\":\"https:\/\/tourcruiser.com\/fr\/products\/air-jordan-hydro-4-retro-slide-thunder\/#breadcrumb\",\"itemListElement\":[{\"@type\":\"ListItem\",\"position\":1,\"name\":\"Home\",\"item\":\"https:\/\/tourcruiser.com\/fr\/\"},{\"@type\":\"ListItem\",\"position\":2,\"name\":\"Shop\",\"item\":\"https:\/\/tourcruiser.com\/fr\/shop\/\"},{\"@type\":\"ListItem\",\"position\":3,\"name\":\"Air Jordan Hydro 4 Retro Slide &#8216;Thunder&#8217;\"}]},{\"@type\":\"WebSite\",\"@id\":\"\/#website\",\"url\":\"\/\",\"name\":\"Styloral Jewelry Shop\",\"description\":\"Tourcruiser Sneaker Store \u2014 L\u2019endroit o\u00f9 l\u2019univers rencontre votre singularit\u00e9.\",\"publisher\":{\"@id\":\"\/#organization\"},\"potentialAction\":[{\"@type\":\"SearchAction\",\"target\":{\"@type\":\"EntryPoint\",\"urlTemplate\":\"\/?s={search_term_string}\"},\"query-input\":{\"@type\":\"PropertyValueSpecification\",\"valueRequired\":true,\"valueName\":\"search_term_string\"}}],\"inLanguage\":\"fr-FR\"},{\"@type\":\"Organization\",\"@id\":\"\/#organization\",\"name\":\"STYLORAL PTE. LTD\",\"url\":\"\/\",\"logo\":{\"@type\":\"ImageObject\",\"inLanguage\":\"fr-FR\",\"@id\":\"\/#\/schema\/logo\/image\/\",\"url\":\"https:\/\/www.tourcruiser.com\/wp-content\/uploads\/2025\/12\/logo.png\",\"contentUrl\":\"https:\/\/www.tourcruiser.com\/wp-content\/uploads\/2025\/12\/logo.png\",\"width\":200,\"height\":65,\"caption\":\"STYLORAL PTE. LTD\"},\"image\":{\"@id\":\"\/#\/schema\/logo\/image\/\"}}]}<\/script>\n<!-- \/ Yoast SEO plugin. -->","yoast_head_json":{"title":"Air Jordan Hydro 4 Retro Slide 'Thunder' - TOURCRUISER PTE. LTD","robots":{"index":"index","follow":"follow","max-snippet":"max-snippet:-1","max-image-preview":"max-image-preview:large","max-video-preview":"max-video-preview:-1"},"canonical":"https:\/\/tourcruiser.com\/fr\/products\/air-jordan-hydro-4-retro-slide-thunder\/","og_locale":"fr_FR","og_type":"article","og_title":"Air Jordan Hydro 4 Retro Slide 'Thunder' - TOURCRUISER PTE. LTD","og_description":"La Air Jordan Hydro 4 Retro Slide Thunder de Jordan allie style et confort dans une sneaker polyvalente. Avec son design r\u00e9tro et le logo iconique Air Jordan, cette sandale est id\u00e9ale pour les moments de d\u00e9tente ou apr\u00e8s une s\u00e9ance de sport. La bride ajustable assure un maintien optimal, tandis que la semelle int\u00e9rieure [&hellip;]","og_url":"https:\/\/tourcruiser.com\/fr\/products\/air-jordan-hydro-4-retro-slide-thunder\/","og_site_name":"Tourcruiser Sneaker Store","article_modified_time":"2026-04-17T16:13:01+00:00","twitter_card":"summary_large_image","twitter_image":"https:\/\/images.novelship.com\/product\/air_jordan_hydro_4_retro_slide__thunder__532225_01_0_14570.jpeg;https:\/\/images.novelship.com\/product\/air_jordan_hydro_4_retro_slide__thunder__532225_01_1_14570.jpeg;https:\/\/images.novelship.com\/product\/air_jordan_hydro_4_retro_slide__thunder__532225_01_2_14570.jpeg;https:\/\/images.novelship.com\/product\/air_jordan_hydro_4_retro_slide__thunder__532225_01_3_14570.jpeg;https:\/\/images.novelship.com\/product\/air_jordan_hydro_4_retro_slide__thunder__532225_01_4_14570.jpeg;https:\/\/images.novelship.com\/product\/air_jordan_hydro_4_retro_slide__thunder__532225_01_5_14570.jpeg;https:\/\/images.novelship.com\/product\/air_jordan_hydro_4_retro_slide__thunder__532225_01_6_14570.jpeg;https:\/\/images.novelship.com\/product\/air_jordan_hydro_4_retro_slide__thunder__532225_01_7_14570.jpeg","twitter_misc":{"Dur\u00e9e de lecture estim\u00e9e":"1 minute"},"schema":{"@context":"https:\/\/schema.org","@graph":[{"@type":"WebPage","@id":"https:\/\/tourcruiser.com\/fr\/products\/air-jordan-hydro-4-retro-slide-thunder\/","url":"https:\/\/tourcruiser.com\/fr\/products\/air-jordan-hydro-4-retro-slide-thunder\/","name":"Air Jordan Hydro 4 Retro Slide 'Thunder' - TOURCRUISER PTE. LTD","isPartOf":{"@id":"\/#website"},"primaryImageOfPage":{"@id":"https:\/\/tourcruiser.com\/fr\/products\/air-jordan-hydro-4-retro-slide-thunder\/#primaryimage"},"image":{"@id":"https:\/\/tourcruiser.com\/fr\/products\/air-jordan-hydro-4-retro-slide-thunder\/#primaryimage"},"thumbnailUrl":"https:\/\/images.novelship.com\/product\/air_jordan_hydro_4_retro_slide__thunder__532225_01_0_14570.jpeg;https:\/\/images.novelship.com\/product\/air_jordan_hydro_4_retro_slide__thunder__532225_01_1_14570.jpeg;https:\/\/images.novelship.com\/product\/air_jordan_hydro_4_retro_slide__thunder__532225_01_2_14570.jpeg;https:\/\/images.novelship.com\/product\/air_jordan_hydro_4_retro_slide__thunder__532225_01_3_14570.jpeg;https:\/\/images.novelship.com\/product\/air_jordan_hydro_4_retro_slide__thunder__532225_01_4_14570.jpeg;https:\/\/images.novelship.com\/product\/air_jordan_hydro_4_retro_slide__thunder__532225_01_5_14570.jpeg;https:\/\/images.novelship.com\/product\/air_jordan_hydro_4_retro_slide__thunder__532225_01_6_14570.jpeg;https:\/\/images.novelship.com\/product\/air_jordan_hydro_4_retro_slide__thunder__532225_01_7_14570.jpeg","datePublished":"2026-04-16T10:19:28+00:00","dateModified":"2026-04-17T16:13:01+00:00","breadcrumb":{"@id":"https:\/\/tourcruiser.com\/fr\/products\/air-jordan-hydro-4-retro-slide-thunder\/#breadcrumb"},"inLanguage":"fr-FR","potentialAction":[{"@type":"ReadAction","target":["https:\/\/tourcruiser.com\/fr\/products\/air-jordan-hydro-4-retro-slide-thunder\/"]}]},{"@type":"ImageObject","inLanguage":"fr-FR","@id":"https:\/\/tourcruiser.com\/fr\/products\/air-jordan-hydro-4-retro-slide-thunder\/#primaryimage","url":"https:\/\/images.novelship.com\/product\/air_jordan_hydro_4_retro_slide__thunder__532225_01_0_14570.jpeg;https:\/\/images.novelship.com\/product\/air_jordan_hydro_4_retro_slide__thunder__532225_01_1_14570.jpeg;https:\/\/images.novelship.com\/product\/air_jordan_hydro_4_retro_slide__thunder__532225_01_2_14570.jpeg;https:\/\/images.novelship.com\/product\/air_jordan_hydro_4_retro_slide__thunder__532225_01_3_14570.jpeg;https:\/\/images.novelship.com\/product\/air_jordan_hydro_4_retro_slide__thunder__532225_01_4_14570.jpeg;https:\/\/images.novelship.com\/product\/air_jordan_hydro_4_retro_slide__thunder__532225_01_5_14570.jpeg;https:\/\/images.novelship.com\/product\/air_jordan_hydro_4_retro_slide__thunder__532225_01_6_14570.jpeg;https:\/\/images.novelship.com\/product\/air_jordan_hydro_4_retro_slide__thunder__532225_01_7_14570.jpeg","contentUrl":"https:\/\/images.novelship.com\/product\/air_jordan_hydro_4_retro_slide__thunder__532225_01_0_14570.jpeg;https:\/\/images.novelship.com\/product\/air_jordan_hydro_4_retro_slide__thunder__532225_01_1_14570.jpeg;https:\/\/images.novelship.com\/product\/air_jordan_hydro_4_retro_slide__thunder__532225_01_2_14570.jpeg;https:\/\/images.novelship.com\/product\/air_jordan_hydro_4_retro_slide__thunder__532225_01_3_14570.jpeg;https:\/\/images.novelship.com\/product\/air_jordan_hydro_4_retro_slide__thunder__532225_01_4_14570.jpeg;https:\/\/images.novelship.com\/product\/air_jordan_hydro_4_retro_slide__thunder__532225_01_5_14570.jpeg;https:\/\/images.novelship.com\/product\/air_jordan_hydro_4_retro_slide__thunder__532225_01_6_14570.jpeg;https:\/\/images.novelship.com\/product\/air_jordan_hydro_4_retro_slide__thunder__532225_01_7_14570.jpeg"},{"@type":"BreadcrumbList","@id":"https:\/\/tourcruiser.com\/fr\/products\/air-jordan-hydro-4-retro-slide-thunder\/#breadcrumb","itemListElement":[{"@type":"ListItem","position":1,"name":"Home","item":"https:\/\/tourcruiser.com\/fr\/"},{"@type":"ListItem","position":2,"name":"Shop","item":"https:\/\/tourcruiser.com\/fr\/shop\/"},{"@type":"ListItem","position":3,"name":"Air Jordan Hydro 4 Retro Slide &#8216;Thunder&#8217;"}]},{"@type":"WebSite","@id":"\/#website","url":"\/","name":"Styloral Jewelry Shop","description":"Tourcruiser Sneaker Store \u2014 L\u2019endroit o\u00f9 l\u2019univers rencontre votre singularit\u00e9.","publisher":{"@id":"\/#organization"},"potentialAction":[{"@type":"SearchAction","target":{"@type":"EntryPoint","urlTemplate":"\/?s={search_term_string}"},"query-input":{"@type":"PropertyValueSpecification","valueRequired":true,"valueName":"search_term_string"}}],"inLanguage":"fr-FR"},{"@type":"Organization","@id":"\/#organization","name":"STYLORAL PTE. LTD","url":"\/","logo":{"@type":"ImageObject","inLanguage":"fr-FR","@id":"\/#\/schema\/logo\/image\/","url":"https:\/\/www.tourcruiser.com\/wp-content\/uploads\/2025\/12\/logo.png","contentUrl":"https:\/\/www.tourcruiser.com\/wp-content\/uploads\/2025\/12\/logo.png","width":200,"height":65,"caption":"STYLORAL PTE. LTD"},"image":{"@id":"\/#\/schema\/logo\/image\/"}}]}},"_links":{"self":[{"href":"https:\/\/tourcruiser.com\/fr\/wp-json\/wp\/v2\/product\/778023","targetHints":{"allow":["GET"]}}],"collection":[{"href":"https:\/\/tourcruiser.com\/fr\/wp-json\/wp\/v2\/product"}],"about":[{"href":"https:\/\/tourcruiser.com\/fr\/wp-json\/wp\/v2\/types\/product"}],"replies":[{"embeddable":true,"href":"https:\/\/tourcruiser.com\/fr\/wp-json\/wp\/v2\/comments?post=778023"}],"wp:featuredmedia":[{"embeddable":true,"href":"https:\/\/tourcruiser.com\/fr\/wp-json\/wp\/v2\/media\/778024"}],"wp:attachment":[{"href":"https:\/\/tourcruiser.com\/fr\/wp-json\/wp\/v2\/media?parent=778023"}],"wp:term":[{"taxonomy":"product_brand","embeddable":true,"href":"https:\/\/tourcruiser.com\/fr\/wp-json\/wp\/v2\/product_brand?post=778023"},{"taxonomy":"product_cat","embeddable":true,"href":"https:\/\/tourcruiser.com\/fr\/wp-json\/wp\/v2\/product_cat?post=778023"},{"taxonomy":"product_tag","embeddable":true,"href":"https:\/\/tourcruiser.com\/fr\/wp-json\/wp\/v2\/product_tag?post=778023"}],"curies":[{"name":"wp","href":"https:\/\/api.w.org\/{rel}","templated":true}]}}