{"id":777996,"date":"2026-04-16T17:19:27","date_gmt":"2026-04-16T10:19:27","guid":{"rendered":"http:\/\/tourcruiser.com\/product\/nike-calm-slide-black"},"modified":"2026-04-17T23:12:59","modified_gmt":"2026-04-17T16:12:59","slug":"nike-calm-slide-black","status":"publish","type":"product","link":"https:\/\/tourcruiser.com\/fr\/products\/nike-calm-slide-black\/","title":{"rendered":"Nike Calm Slide &lsquo;Black&rsquo;"},"content":{"rendered":"<p>La Nike Calm Slide noire est une basket \u00e9l\u00e9gante et styl\u00e9e de la c\u00e9l\u00e8bre marque Nike. Son coloris noir en fait l&rsquo;accessoire id\u00e9al pour toutes vos tenues, d\u00e9contract\u00e9es ou sportives. Confortable et r\u00e9sistante, cette sandale allie style et fonctionnalit\u00e9. Que ce soit pour le sport ou vos courses, cette basket Nike est un incontournable de toute collection.<\/p>\n<p>Couleur : Noir<br \/>\nR\u00e9f\u00e9rence : FD4116-001<br \/>\nMati\u00e8re ext\u00e9rieure : EVA<br \/>\nSemelle interm\u00e9diaire : EVA<br \/>\nCouleur : Noir<br \/>\nSaison : \u00c9t\u00e9<br \/>\nAnn\u00e9e de sortie : 2023<br \/>\n\u00c2ge : Adulte<br \/>\nCouleur : Noir<br \/>\nGenre : Homme<\/p>\n","protected":false},"excerpt":{"rendered":"<p>La Nike Calm Slide noire est une basket \u00e9l\u00e9gante et styl\u00e9e de la c\u00e9l\u00e8bre marque Nike. Son coloris noir en fait l&rsquo;accessoire id\u00e9al pour toutes vos tenues, d\u00e9contract\u00e9es ou sportives. Confortable et r\u00e9sistante, cette sandale allie style et fonctionnalit\u00e9. Que ce soit pour le sport ou vos courses, cette basket Nike est un incontournable de [&hellip;]<\/p>\n","protected":false},"featured_media":777997,"comment_status":"open","ping_status":"closed","template":"","meta":[],"product_brand":[],"product_cat":[10803],"product_tag":[38861,10864,10753,39035,10801,10808],"class_list":{"0":"post-777996","1":"product","2":"type-product","3":"status-publish","4":"has-post-thumbnail","6":"product_cat-nike","7":"product_tag-below-retail-price","8":"product_tag-casual-sandals","9":"product_tag-gift-for-him","10":"product_tag-lifestyle-leisure-shoes","11":"product_tag-nike","12":"product_tag-slides","13":"wcpa_has_options","15":"first","16":"instock","17":"taxable","18":"shipping-taxable","19":"purchasable","20":"product-type-simple"},"wcpa_form_fields":{"rules":{"pric_overide_base_price":false,"pric_overide_base_price_if_gt_zero":false,"pric_overide_base_price_fully":false,"pric_cal_option_once":false,"pric_use_as_fee":false,"bind_quantity":false,"quantity_bind_formula":false},"fields":[{"type":"color-group","required":true,"elementId":"wcpa-color-group-66c4a75505e74","label":"Taille","inline":true,"priceOptions":"different_for_all","pricingType":"fixed","className":"hassizechart product-shoes-size-eu product-shoes-size","name":"color-group-66c4a75505e89","disp_type":"square","selection_type":"tick-border","disp_size":"44","show_label_inside":true,"adjust_width":true,"cart_display_type":"text","other_text":"Other","cl_rule":"show","col":6,"values":[{"label":"35.5","value":"EU 35.5","price":"","pimage":"","pimage_id":"","pthumb":"","color":""},{"label":"36","value":"EU 36","price":"","pimage":"","pimage_id":"","pthumb":"","color":"","selected":true},{"label":"36.5","value":"EU 36.5","price":"","pimage":"","pimage_id":"","pthumb":"","color":""},{"label":"37.5","value":"EU 37.5","price":"","pimage":"","pimage_id":"","pthumb":"","color":""},{"label":"38","value":"EU 38","price":"","pimage":"","pimage_id":"","pthumb":"","color":""},{"label":"38.5","value":"EU 38.5","price":"","pimage":"","pimage_id":"","pthumb":"","color":""},{"label":"39","value":"EU 39","price":"","pimage":"","pimage_id":"","pthumb":"","color":""},{"label":"40","value":"EU 40","price":"","pimage":"","pimage_id":"","pthumb":"","color":""},{"label":"40.5","value":"EU 40.5","price":"","pimage":"","pimage_id":"","pthumb":"","color":""},{"label":"41","value":"EU 41","price":"","pimage":"","pimage_id":"","pthumb":"","color":""},{"label":"42","value":"EU 42","price":"","pimage":"","pimage_id":"","pthumb":"","color":""},{"label":"42.5","value":"EU 42.5","price":"","pimage":"","pimage_id":"","pthumb":"","color":""},{"label":"43","value":"EU 43","price":"","pimage":"","pimage_id":"","pthumb":"","color":""},{"label":"44","value":"EU 44","price":"","pimage":"","pimage_id":"","pthumb":"","color":""},{"label":"44.5","value":"EU 44.5","price":"","pimage":"","pimage_id":"","pthumb":"","color":""},{"label":"45","value":"EU 45","price":"","pimage":"","pimage_id":"","pthumb":"","color":""},{"label":"45.5","value":"EU 45.5","price":"","pimage":"","pimage_id":"","pthumb":"","color":""},{"label":"46","value":"EU 46","price":"","pimage":"","pimage_id":"","pthumb":"","color":""},{"label":"47","value":"EU 47","price":"","pimage":"","pimage_id":"","pthumb":"","color":""},{"label":"47.5","value":"EU 47.5","price":"","pimage":"","pimage_id":"","pthumb":"","color":""},{"label":"48","value":"EU 48","price":"","pimage":"","pimage_id":"","pthumb":"","color":""}],"relations":[{"operator":false,"rules":[]}],"form_id":18106,"form_rules":{"pric_cal_option_once":false,"exclude_from_discount":false,"pric_use_as_fee":false,"fee_label":"Fee","render_after_acb":false,"disp_hide_options_price":false}}]},"yoast_head":"<!-- This site is optimized with the Yoast SEO plugin v26.5 - https:\/\/yoast.com\/wordpress\/plugins\/seo\/ -->\n<title>Nike Calm Slide &#039;Black&#039; - TOURCRUISER PTE. LTD<\/title>\n<meta name=\"robots\" content=\"index, follow, max-snippet:-1, max-image-preview:large, max-video-preview:-1\" \/>\n<link rel=\"canonical\" href=\"https:\/\/tourcruiser.com\/fr\/products\/nike-calm-slide-black\/\" \/>\n<meta property=\"og:locale\" content=\"fr_FR\" \/>\n<meta property=\"og:type\" content=\"article\" \/>\n<meta property=\"og:title\" content=\"Nike Calm Slide &#039;Black&#039; - TOURCRUISER PTE. LTD\" \/>\n<meta property=\"og:description\" content=\"La Nike Calm Slide noire est une basket \u00e9l\u00e9gante et styl\u00e9e de la c\u00e9l\u00e8bre marque Nike. Son coloris noir en fait l&rsquo;accessoire id\u00e9al pour toutes vos tenues, d\u00e9contract\u00e9es ou sportives. Confortable et r\u00e9sistante, cette sandale allie style et fonctionnalit\u00e9. Que ce soit pour le sport ou vos courses, cette basket Nike est un incontournable de [&hellip;]\" \/>\n<meta property=\"og:url\" content=\"https:\/\/tourcruiser.com\/fr\/products\/nike-calm-slide-black\/\" \/>\n<meta property=\"og:site_name\" content=\"Tourcruiser Sneaker Store\" \/>\n<meta property=\"article:modified_time\" content=\"2026-04-17T16:12:59+00:00\" \/>\n<meta name=\"twitter:card\" content=\"summary_large_image\" \/>\n<meta name=\"twitter:image\" content=\"https:\/\/images.novelship.com\/product\/nike_calm_slide__black__fd4116_001_0_28660.jpeg;https:\/\/images.novelship.com\/product\/nike_calm_slide__black__fd4116_001_1_28661.jpeg;https:\/\/images.novelship.com\/product\/nike_calm_slide__black__fd4116_001_2_28661.jpeg;https:\/\/images.novelship.com\/product\/nike_calm_slide__black__fd4116_001_3_28661.jpeg;https:\/\/images.novelship.com\/product\/nike_calm_slide__black__fd4116_001_4_28661.jpeg;https:\/\/images.novelship.com\/product\/nike_calm_slide__black__fd4116_001_5_28661.jpeg;https:\/\/images.novelship.com\/product\/nike_calm_slide__black__fd4116_001_6_28661.jpeg;https:\/\/images.novelship.com\/product\/nike_calm_slide__black__fd4116_001_7_28661.jpeg\" \/>\n<script type=\"application\/ld+json\" class=\"yoast-schema-graph\">{\"@context\":\"https:\/\/schema.org\",\"@graph\":[{\"@type\":\"WebPage\",\"@id\":\"https:\/\/tourcruiser.com\/fr\/products\/nike-calm-slide-black\/\",\"url\":\"https:\/\/tourcruiser.com\/fr\/products\/nike-calm-slide-black\/\",\"name\":\"Nike Calm Slide 'Black' - TOURCRUISER PTE. LTD\",\"isPartOf\":{\"@id\":\"https:\/\/tourcruiser.com\/fr\/#website\"},\"primaryImageOfPage\":{\"@id\":\"https:\/\/tourcruiser.com\/fr\/products\/nike-calm-slide-black\/#primaryimage\"},\"image\":{\"@id\":\"https:\/\/tourcruiser.com\/fr\/products\/nike-calm-slide-black\/#primaryimage\"},\"thumbnailUrl\":\"https:\/\/images.novelship.com\/product\/nike_calm_slide__black__fd4116_001_0_28660.jpeg;https:\/\/images.novelship.com\/product\/nike_calm_slide__black__fd4116_001_1_28661.jpeg;https:\/\/images.novelship.com\/product\/nike_calm_slide__black__fd4116_001_2_28661.jpeg;https:\/\/images.novelship.com\/product\/nike_calm_slide__black__fd4116_001_3_28661.jpeg;https:\/\/images.novelship.com\/product\/nike_calm_slide__black__fd4116_001_4_28661.jpeg;https:\/\/images.novelship.com\/product\/nike_calm_slide__black__fd4116_001_5_28661.jpeg;https:\/\/images.novelship.com\/product\/nike_calm_slide__black__fd4116_001_6_28661.jpeg;https:\/\/images.novelship.com\/product\/nike_calm_slide__black__fd4116_001_7_28661.jpeg\",\"datePublished\":\"2026-04-16T10:19:27+00:00\",\"dateModified\":\"2026-04-17T16:12:59+00:00\",\"breadcrumb\":{\"@id\":\"https:\/\/tourcruiser.com\/fr\/products\/nike-calm-slide-black\/#breadcrumb\"},\"inLanguage\":\"fr-FR\",\"potentialAction\":[{\"@type\":\"ReadAction\",\"target\":[\"https:\/\/tourcruiser.com\/fr\/products\/nike-calm-slide-black\/\"]}]},{\"@type\":\"ImageObject\",\"inLanguage\":\"fr-FR\",\"@id\":\"https:\/\/tourcruiser.com\/fr\/products\/nike-calm-slide-black\/#primaryimage\",\"url\":\"https:\/\/images.novelship.com\/product\/nike_calm_slide__black__fd4116_001_0_28660.jpeg;https:\/\/images.novelship.com\/product\/nike_calm_slide__black__fd4116_001_1_28661.jpeg;https:\/\/images.novelship.com\/product\/nike_calm_slide__black__fd4116_001_2_28661.jpeg;https:\/\/images.novelship.com\/product\/nike_calm_slide__black__fd4116_001_3_28661.jpeg;https:\/\/images.novelship.com\/product\/nike_calm_slide__black__fd4116_001_4_28661.jpeg;https:\/\/images.novelship.com\/product\/nike_calm_slide__black__fd4116_001_5_28661.jpeg;https:\/\/images.novelship.com\/product\/nike_calm_slide__black__fd4116_001_6_28661.jpeg;https:\/\/images.novelship.com\/product\/nike_calm_slide__black__fd4116_001_7_28661.jpeg\",\"contentUrl\":\"https:\/\/images.novelship.com\/product\/nike_calm_slide__black__fd4116_001_0_28660.jpeg;https:\/\/images.novelship.com\/product\/nike_calm_slide__black__fd4116_001_1_28661.jpeg;https:\/\/images.novelship.com\/product\/nike_calm_slide__black__fd4116_001_2_28661.jpeg;https:\/\/images.novelship.com\/product\/nike_calm_slide__black__fd4116_001_3_28661.jpeg;https:\/\/images.novelship.com\/product\/nike_calm_slide__black__fd4116_001_4_28661.jpeg;https:\/\/images.novelship.com\/product\/nike_calm_slide__black__fd4116_001_5_28661.jpeg;https:\/\/images.novelship.com\/product\/nike_calm_slide__black__fd4116_001_6_28661.jpeg;https:\/\/images.novelship.com\/product\/nike_calm_slide__black__fd4116_001_7_28661.jpeg\"},{\"@type\":\"BreadcrumbList\",\"@id\":\"https:\/\/tourcruiser.com\/fr\/products\/nike-calm-slide-black\/#breadcrumb\",\"itemListElement\":[{\"@type\":\"ListItem\",\"position\":1,\"name\":\"Home\",\"item\":\"https:\/\/tourcruiser.com\/fr\/\"},{\"@type\":\"ListItem\",\"position\":2,\"name\":\"Shop\",\"item\":\"https:\/\/tourcruiser.com\/fr\/shop\/\"},{\"@type\":\"ListItem\",\"position\":3,\"name\":\"Nike Calm Slide &#8216;Black&#8217;\"}]},{\"@type\":\"WebSite\",\"@id\":\"https:\/\/tourcruiser.com\/fr\/#website\",\"url\":\"https:\/\/tourcruiser.com\/fr\/\",\"name\":\"Styloral Jewelry Shop\",\"description\":\"Tourcruiser Sneaker Store \u2014 L\u2019endroit o\u00f9 l\u2019univers rencontre votre singularit\u00e9.\",\"publisher\":{\"@id\":\"https:\/\/tourcruiser.com\/fr\/#organization\"},\"potentialAction\":[{\"@type\":\"SearchAction\",\"target\":{\"@type\":\"EntryPoint\",\"urlTemplate\":\"https:\/\/tourcruiser.com\/fr\/?s={search_term_string}\"},\"query-input\":{\"@type\":\"PropertyValueSpecification\",\"valueRequired\":true,\"valueName\":\"search_term_string\"}}],\"inLanguage\":\"fr-FR\"},{\"@type\":\"Organization\",\"@id\":\"https:\/\/tourcruiser.com\/fr\/#organization\",\"name\":\"STYLORAL PTE. LTD\",\"url\":\"https:\/\/tourcruiser.com\/fr\/\",\"logo\":{\"@type\":\"ImageObject\",\"inLanguage\":\"fr-FR\",\"@id\":\"https:\/\/tourcruiser.com\/fr\/#\/schema\/logo\/image\/\",\"url\":\"https:\/\/www.tourcruiser.com\/wp-content\/uploads\/2025\/12\/logo.png\",\"contentUrl\":\"https:\/\/www.tourcruiser.com\/wp-content\/uploads\/2025\/12\/logo.png\",\"width\":200,\"height\":65,\"caption\":\"STYLORAL PTE. LTD\"},\"image\":{\"@id\":\"https:\/\/tourcruiser.com\/fr\/#\/schema\/logo\/image\/\"}}]}<\/script>\n<!-- \/ Yoast SEO plugin. -->","yoast_head_json":{"title":"Nike Calm Slide 'Black' - TOURCRUISER PTE. LTD","robots":{"index":"index","follow":"follow","max-snippet":"max-snippet:-1","max-image-preview":"max-image-preview:large","max-video-preview":"max-video-preview:-1"},"canonical":"https:\/\/tourcruiser.com\/fr\/products\/nike-calm-slide-black\/","og_locale":"fr_FR","og_type":"article","og_title":"Nike Calm Slide 'Black' - TOURCRUISER PTE. LTD","og_description":"La Nike Calm Slide noire est une basket \u00e9l\u00e9gante et styl\u00e9e de la c\u00e9l\u00e8bre marque Nike. Son coloris noir en fait l&rsquo;accessoire id\u00e9al pour toutes vos tenues, d\u00e9contract\u00e9es ou sportives. Confortable et r\u00e9sistante, cette sandale allie style et fonctionnalit\u00e9. Que ce soit pour le sport ou vos courses, cette basket Nike est un incontournable de [&hellip;]","og_url":"https:\/\/tourcruiser.com\/fr\/products\/nike-calm-slide-black\/","og_site_name":"Tourcruiser Sneaker Store","article_modified_time":"2026-04-17T16:12:59+00:00","twitter_card":"summary_large_image","twitter_image":"https:\/\/images.novelship.com\/product\/nike_calm_slide__black__fd4116_001_0_28660.jpeg;https:\/\/images.novelship.com\/product\/nike_calm_slide__black__fd4116_001_1_28661.jpeg;https:\/\/images.novelship.com\/product\/nike_calm_slide__black__fd4116_001_2_28661.jpeg;https:\/\/images.novelship.com\/product\/nike_calm_slide__black__fd4116_001_3_28661.jpeg;https:\/\/images.novelship.com\/product\/nike_calm_slide__black__fd4116_001_4_28661.jpeg;https:\/\/images.novelship.com\/product\/nike_calm_slide__black__fd4116_001_5_28661.jpeg;https:\/\/images.novelship.com\/product\/nike_calm_slide__black__fd4116_001_6_28661.jpeg;https:\/\/images.novelship.com\/product\/nike_calm_slide__black__fd4116_001_7_28661.jpeg","schema":{"@context":"https:\/\/schema.org","@graph":[{"@type":"WebPage","@id":"https:\/\/tourcruiser.com\/fr\/products\/nike-calm-slide-black\/","url":"https:\/\/tourcruiser.com\/fr\/products\/nike-calm-slide-black\/","name":"Nike Calm Slide 'Black' - TOURCRUISER PTE. LTD","isPartOf":{"@id":"https:\/\/tourcruiser.com\/fr\/#website"},"primaryImageOfPage":{"@id":"https:\/\/tourcruiser.com\/fr\/products\/nike-calm-slide-black\/#primaryimage"},"image":{"@id":"https:\/\/tourcruiser.com\/fr\/products\/nike-calm-slide-black\/#primaryimage"},"thumbnailUrl":"https:\/\/images.novelship.com\/product\/nike_calm_slide__black__fd4116_001_0_28660.jpeg;https:\/\/images.novelship.com\/product\/nike_calm_slide__black__fd4116_001_1_28661.jpeg;https:\/\/images.novelship.com\/product\/nike_calm_slide__black__fd4116_001_2_28661.jpeg;https:\/\/images.novelship.com\/product\/nike_calm_slide__black__fd4116_001_3_28661.jpeg;https:\/\/images.novelship.com\/product\/nike_calm_slide__black__fd4116_001_4_28661.jpeg;https:\/\/images.novelship.com\/product\/nike_calm_slide__black__fd4116_001_5_28661.jpeg;https:\/\/images.novelship.com\/product\/nike_calm_slide__black__fd4116_001_6_28661.jpeg;https:\/\/images.novelship.com\/product\/nike_calm_slide__black__fd4116_001_7_28661.jpeg","datePublished":"2026-04-16T10:19:27+00:00","dateModified":"2026-04-17T16:12:59+00:00","breadcrumb":{"@id":"https:\/\/tourcruiser.com\/fr\/products\/nike-calm-slide-black\/#breadcrumb"},"inLanguage":"fr-FR","potentialAction":[{"@type":"ReadAction","target":["https:\/\/tourcruiser.com\/fr\/products\/nike-calm-slide-black\/"]}]},{"@type":"ImageObject","inLanguage":"fr-FR","@id":"https:\/\/tourcruiser.com\/fr\/products\/nike-calm-slide-black\/#primaryimage","url":"https:\/\/images.novelship.com\/product\/nike_calm_slide__black__fd4116_001_0_28660.jpeg;https:\/\/images.novelship.com\/product\/nike_calm_slide__black__fd4116_001_1_28661.jpeg;https:\/\/images.novelship.com\/product\/nike_calm_slide__black__fd4116_001_2_28661.jpeg;https:\/\/images.novelship.com\/product\/nike_calm_slide__black__fd4116_001_3_28661.jpeg;https:\/\/images.novelship.com\/product\/nike_calm_slide__black__fd4116_001_4_28661.jpeg;https:\/\/images.novelship.com\/product\/nike_calm_slide__black__fd4116_001_5_28661.jpeg;https:\/\/images.novelship.com\/product\/nike_calm_slide__black__fd4116_001_6_28661.jpeg;https:\/\/images.novelship.com\/product\/nike_calm_slide__black__fd4116_001_7_28661.jpeg","contentUrl":"https:\/\/images.novelship.com\/product\/nike_calm_slide__black__fd4116_001_0_28660.jpeg;https:\/\/images.novelship.com\/product\/nike_calm_slide__black__fd4116_001_1_28661.jpeg;https:\/\/images.novelship.com\/product\/nike_calm_slide__black__fd4116_001_2_28661.jpeg;https:\/\/images.novelship.com\/product\/nike_calm_slide__black__fd4116_001_3_28661.jpeg;https:\/\/images.novelship.com\/product\/nike_calm_slide__black__fd4116_001_4_28661.jpeg;https:\/\/images.novelship.com\/product\/nike_calm_slide__black__fd4116_001_5_28661.jpeg;https:\/\/images.novelship.com\/product\/nike_calm_slide__black__fd4116_001_6_28661.jpeg;https:\/\/images.novelship.com\/product\/nike_calm_slide__black__fd4116_001_7_28661.jpeg"},{"@type":"BreadcrumbList","@id":"https:\/\/tourcruiser.com\/fr\/products\/nike-calm-slide-black\/#breadcrumb","itemListElement":[{"@type":"ListItem","position":1,"name":"Home","item":"https:\/\/tourcruiser.com\/fr\/"},{"@type":"ListItem","position":2,"name":"Shop","item":"https:\/\/tourcruiser.com\/fr\/shop\/"},{"@type":"ListItem","position":3,"name":"Nike Calm Slide &#8216;Black&#8217;"}]},{"@type":"WebSite","@id":"https:\/\/tourcruiser.com\/fr\/#website","url":"https:\/\/tourcruiser.com\/fr\/","name":"Styloral Jewelry Shop","description":"Tourcruiser Sneaker Store \u2014 L\u2019endroit o\u00f9 l\u2019univers rencontre votre singularit\u00e9.","publisher":{"@id":"https:\/\/tourcruiser.com\/fr\/#organization"},"potentialAction":[{"@type":"SearchAction","target":{"@type":"EntryPoint","urlTemplate":"https:\/\/tourcruiser.com\/fr\/?s={search_term_string}"},"query-input":{"@type":"PropertyValueSpecification","valueRequired":true,"valueName":"search_term_string"}}],"inLanguage":"fr-FR"},{"@type":"Organization","@id":"https:\/\/tourcruiser.com\/fr\/#organization","name":"STYLORAL PTE. LTD","url":"https:\/\/tourcruiser.com\/fr\/","logo":{"@type":"ImageObject","inLanguage":"fr-FR","@id":"https:\/\/tourcruiser.com\/fr\/#\/schema\/logo\/image\/","url":"https:\/\/www.tourcruiser.com\/wp-content\/uploads\/2025\/12\/logo.png","contentUrl":"https:\/\/www.tourcruiser.com\/wp-content\/uploads\/2025\/12\/logo.png","width":200,"height":65,"caption":"STYLORAL PTE. LTD"},"image":{"@id":"https:\/\/tourcruiser.com\/fr\/#\/schema\/logo\/image\/"}}]}},"_links":{"self":[{"href":"https:\/\/tourcruiser.com\/fr\/wp-json\/wp\/v2\/product\/777996","targetHints":{"allow":["GET"]}}],"collection":[{"href":"https:\/\/tourcruiser.com\/fr\/wp-json\/wp\/v2\/product"}],"about":[{"href":"https:\/\/tourcruiser.com\/fr\/wp-json\/wp\/v2\/types\/product"}],"replies":[{"embeddable":true,"href":"https:\/\/tourcruiser.com\/fr\/wp-json\/wp\/v2\/comments?post=777996"}],"wp:featuredmedia":[{"embeddable":true,"href":"https:\/\/tourcruiser.com\/fr\/wp-json\/wp\/v2\/media\/777997"}],"wp:attachment":[{"href":"https:\/\/tourcruiser.com\/fr\/wp-json\/wp\/v2\/media?parent=777996"}],"wp:term":[{"taxonomy":"product_brand","embeddable":true,"href":"https:\/\/tourcruiser.com\/fr\/wp-json\/wp\/v2\/product_brand?post=777996"},{"taxonomy":"product_cat","embeddable":true,"href":"https:\/\/tourcruiser.com\/fr\/wp-json\/wp\/v2\/product_cat?post=777996"},{"taxonomy":"product_tag","embeddable":true,"href":"https:\/\/tourcruiser.com\/fr\/wp-json\/wp\/v2\/product_tag?post=777996"}],"curies":[{"name":"wp","href":"https:\/\/api.w.org\/{rel}","templated":true}]}}