{"id":777888,"date":"2026-04-16T17:19:15","date_gmt":"2026-04-16T10:19:15","guid":{"rendered":"http:\/\/tourcruiser.com\/product\/women-a-ma-manire-x-air-jordan-air-4-retro-phantom-fz4810-001"},"modified":"2026-04-17T23:12:53","modified_gmt":"2026-04-17T16:12:53","slug":"women-a-ma-manire-x-air-jordan-air-4-retro-phantom-fz4810-001","status":"publish","type":"product","link":"https:\/\/tourcruiser.com\/fr\/products\/women-a-ma-manire-x-air-jordan-air-4-retro-phantom-fz4810-001\/","title":{"rendered":"(Women) A Ma Mani\u00c3\u00a9re x Air Jordan Air 4 Retro &lsquo;Phantom&rsquo; FZ4810-001"},"content":{"rendered":"<p>Sublimez votre style sneakers avec la A Ma Mani\u00e9re x Air Jordan 4 Retro \u00ab Phantom \u00bb (FZ4810-001) pour femme. Ces chaussures exclusives arborent un design minimaliste et luxueux, avec une empeigne en daim premium dans une teinte Phantom sophistiqu\u00e9e. La doublure matelass\u00e9e signature A Ma Mani\u00e9re et les d\u00e9tails discrets du logo ajoutent une touche de raffinement. L&rsquo;amorti Air l\u00e9gendaire offre un confort in\u00e9gal\u00e9, faisant d&rsquo;elles le compagnon id\u00e9al des femmes soucieuses de leur style. \u00c9dition limit\u00e9e, confectionn\u00e9e avec un souci du d\u00e9tail exceptionnel\u00a0: ces sneakers sont un incontournable\u00a0!<\/p>\n<p>\u00c9dition limit\u00e9e, ces sneakers sont un v\u00e9ritable must-have. Coloris\u00a0: Phantom\/\u00c9tain m\u00e9tallis\u00e9\/Moreau violet\/Moreau de fer clair\/Mousseline\/Bordeaux<br \/>\nCode article\u00a0: FZ4810-001<br \/>\nTige\u00a0: Cuir nubuck<br \/>\nSemelle interm\u00e9diaire\u00a0: Air<br \/>\nCouleur\u00a0: Blanc<br \/>\nCr\u00e9ateur\u00a0: Tinker Hatfield<br \/>\nAnn\u00e9e de sortie\u00a0: 2024<\/p>\n<p>\u00c2ge\u00a0: Adulte<br \/>\nCouleur\u00a0: Multicolore<br \/>\nGenre\u00a0: Femme<\/p>\n","protected":false},"excerpt":{"rendered":"<p>Sublimez votre style sneakers avec la A Ma Mani\u00e9re x Air Jordan 4 Retro \u00ab Phantom \u00bb (FZ4810-001) pour femme. Ces chaussures exclusives arborent un design minimaliste et luxueux, avec une empeigne en daim premium dans une teinte Phantom sophistiqu\u00e9e. La doublure matelass\u00e9e signature A Ma Mani\u00e9re et les d\u00e9tails discrets du logo ajoutent une [&hellip;]<\/p>\n","protected":false},"featured_media":777889,"comment_status":"open","ping_status":"closed","template":"","meta":[],"product_brand":[],"product_cat":[38880],"product_tag":[38841,38872,10776,10777,10756],"class_list":{"0":"post-777888","1":"product","2":"type-product","3":"status-publish","4":"has-post-thumbnail","6":"product_cat-jordan","7":"product_tag-casual-shoes","8":"product_tag-gift-idea-for-her","9":"product_tag-jordan","10":"product_tag-lifestyle-shoes-basketball-inspired","11":"product_tag-retro-casual-shoes","13":"first","14":"instock","15":"taxable","16":"shipping-taxable","17":"purchasable","18":"product-type-simple"},"wcpa_form_fields":null,"yoast_head":"<!-- This site is optimized with the Yoast SEO plugin v26.5 - https:\/\/yoast.com\/wordpress\/plugins\/seo\/ -->\n<title>(Women) A Ma Mani\u00c3\u00a9re x Air Jordan Air 4 Retro &#039;Phantom&#039; FZ4810-001 - TOURCRUISER PTE. LTD<\/title>\n<meta name=\"robots\" content=\"index, follow, max-snippet:-1, max-image-preview:large, max-video-preview:-1\" \/>\n<link rel=\"canonical\" href=\"https:\/\/tourcruiser.com\/fr\/products\/women-a-ma-manire-x-air-jordan-air-4-retro-phantom-fz4810-001\/\" \/>\n<meta property=\"og:locale\" content=\"fr_FR\" \/>\n<meta property=\"og:type\" content=\"article\" \/>\n<meta property=\"og:title\" content=\"(Women) A Ma Mani\u00c3\u00a9re x Air Jordan Air 4 Retro &#039;Phantom&#039; FZ4810-001 - TOURCRUISER PTE. LTD\" \/>\n<meta property=\"og:description\" content=\"Sublimez votre style sneakers avec la A Ma Mani\u00e9re x Air Jordan 4 Retro \u00ab Phantom \u00bb (FZ4810-001) pour femme. Ces chaussures exclusives arborent un design minimaliste et luxueux, avec une empeigne en daim premium dans une teinte Phantom sophistiqu\u00e9e. La doublure matelass\u00e9e signature A Ma Mani\u00e9re et les d\u00e9tails discrets du logo ajoutent une [&hellip;]\" \/>\n<meta property=\"og:url\" content=\"https:\/\/tourcruiser.com\/fr\/products\/women-a-ma-manire-x-air-jordan-air-4-retro-phantom-fz4810-001\/\" \/>\n<meta property=\"og:site_name\" content=\"Tourcruiser Sneaker Store\" \/>\n<meta property=\"article:modified_time\" content=\"2026-04-17T16:12:53+00:00\" \/>\n<meta name=\"twitter:card\" content=\"summary_large_image\" \/>\n<meta name=\"twitter:image\" content=\"https:\/\/images.novelship.com\/product\/_women__a_ma_mani_re_x_air_jordan_air_4_retro__pha_0_43307.jpeg\" \/>\n<meta name=\"twitter:label1\" content=\"Dur\u00e9e de lecture estim\u00e9e\" \/>\n\t<meta name=\"twitter:data1\" content=\"1 minute\" \/>\n<script type=\"application\/ld+json\" class=\"yoast-schema-graph\">{\"@context\":\"https:\/\/schema.org\",\"@graph\":[{\"@type\":\"WebPage\",\"@id\":\"https:\/\/tourcruiser.com\/fr\/products\/women-a-ma-manire-x-air-jordan-air-4-retro-phantom-fz4810-001\/\",\"url\":\"https:\/\/tourcruiser.com\/fr\/products\/women-a-ma-manire-x-air-jordan-air-4-retro-phantom-fz4810-001\/\",\"name\":\"(Women) A Ma Mani\u00c3\u00a9re x Air Jordan Air 4 Retro 'Phantom' FZ4810-001 - TOURCRUISER PTE. LTD\",\"isPartOf\":{\"@id\":\"\/#website\"},\"primaryImageOfPage\":{\"@id\":\"https:\/\/tourcruiser.com\/fr\/products\/women-a-ma-manire-x-air-jordan-air-4-retro-phantom-fz4810-001\/#primaryimage\"},\"image\":{\"@id\":\"https:\/\/tourcruiser.com\/fr\/products\/women-a-ma-manire-x-air-jordan-air-4-retro-phantom-fz4810-001\/#primaryimage\"},\"thumbnailUrl\":\"https:\/\/images.novelship.com\/product\/_women__a_ma_mani_re_x_air_jordan_air_4_retro__pha_0_43307.jpeg\",\"datePublished\":\"2026-04-16T10:19:15+00:00\",\"dateModified\":\"2026-04-17T16:12:53+00:00\",\"breadcrumb\":{\"@id\":\"https:\/\/tourcruiser.com\/fr\/products\/women-a-ma-manire-x-air-jordan-air-4-retro-phantom-fz4810-001\/#breadcrumb\"},\"inLanguage\":\"fr-FR\",\"potentialAction\":[{\"@type\":\"ReadAction\",\"target\":[\"https:\/\/tourcruiser.com\/fr\/products\/women-a-ma-manire-x-air-jordan-air-4-retro-phantom-fz4810-001\/\"]}]},{\"@type\":\"ImageObject\",\"inLanguage\":\"fr-FR\",\"@id\":\"https:\/\/tourcruiser.com\/fr\/products\/women-a-ma-manire-x-air-jordan-air-4-retro-phantom-fz4810-001\/#primaryimage\",\"url\":\"https:\/\/images.novelship.com\/product\/_women__a_ma_mani_re_x_air_jordan_air_4_retro__pha_0_43307.jpeg\",\"contentUrl\":\"https:\/\/images.novelship.com\/product\/_women__a_ma_mani_re_x_air_jordan_air_4_retro__pha_0_43307.jpeg\"},{\"@type\":\"BreadcrumbList\",\"@id\":\"https:\/\/tourcruiser.com\/fr\/products\/women-a-ma-manire-x-air-jordan-air-4-retro-phantom-fz4810-001\/#breadcrumb\",\"itemListElement\":[{\"@type\":\"ListItem\",\"position\":1,\"name\":\"Home\",\"item\":\"https:\/\/tourcruiser.com\/fr\/\"},{\"@type\":\"ListItem\",\"position\":2,\"name\":\"Shop\",\"item\":\"https:\/\/tourcruiser.com\/fr\/shop\/\"},{\"@type\":\"ListItem\",\"position\":3,\"name\":\"(Women) A Ma Mani\u00c3\u00a9re x Air Jordan Air 4 Retro &#8216;Phantom&#8217; FZ4810-001\"}]},{\"@type\":\"WebSite\",\"@id\":\"\/#website\",\"url\":\"\/\",\"name\":\"Styloral Jewelry Shop\",\"description\":\"Tourcruiser Sneaker Store \u2014 L\u2019endroit o\u00f9 l\u2019univers rencontre votre singularit\u00e9.\",\"publisher\":{\"@id\":\"\/#organization\"},\"potentialAction\":[{\"@type\":\"SearchAction\",\"target\":{\"@type\":\"EntryPoint\",\"urlTemplate\":\"\/?s={search_term_string}\"},\"query-input\":{\"@type\":\"PropertyValueSpecification\",\"valueRequired\":true,\"valueName\":\"search_term_string\"}}],\"inLanguage\":\"fr-FR\"},{\"@type\":\"Organization\",\"@id\":\"\/#organization\",\"name\":\"STYLORAL PTE. LTD\",\"url\":\"\/\",\"logo\":{\"@type\":\"ImageObject\",\"inLanguage\":\"fr-FR\",\"@id\":\"\/#\/schema\/logo\/image\/\",\"url\":\"https:\/\/www.tourcruiser.com\/wp-content\/uploads\/2025\/12\/logo.png\",\"contentUrl\":\"https:\/\/www.tourcruiser.com\/wp-content\/uploads\/2025\/12\/logo.png\",\"width\":200,\"height\":65,\"caption\":\"STYLORAL PTE. LTD\"},\"image\":{\"@id\":\"\/#\/schema\/logo\/image\/\"}}]}<\/script>\n<!-- \/ Yoast SEO plugin. -->","yoast_head_json":{"title":"(Women) A Ma Mani\u00c3\u00a9re x Air Jordan Air 4 Retro 'Phantom' FZ4810-001 - TOURCRUISER PTE. LTD","robots":{"index":"index","follow":"follow","max-snippet":"max-snippet:-1","max-image-preview":"max-image-preview:large","max-video-preview":"max-video-preview:-1"},"canonical":"https:\/\/tourcruiser.com\/fr\/products\/women-a-ma-manire-x-air-jordan-air-4-retro-phantom-fz4810-001\/","og_locale":"fr_FR","og_type":"article","og_title":"(Women) A Ma Mani\u00c3\u00a9re x Air Jordan Air 4 Retro 'Phantom' FZ4810-001 - TOURCRUISER PTE. LTD","og_description":"Sublimez votre style sneakers avec la A Ma Mani\u00e9re x Air Jordan 4 Retro \u00ab Phantom \u00bb (FZ4810-001) pour femme. Ces chaussures exclusives arborent un design minimaliste et luxueux, avec une empeigne en daim premium dans une teinte Phantom sophistiqu\u00e9e. La doublure matelass\u00e9e signature A Ma Mani\u00e9re et les d\u00e9tails discrets du logo ajoutent une [&hellip;]","og_url":"https:\/\/tourcruiser.com\/fr\/products\/women-a-ma-manire-x-air-jordan-air-4-retro-phantom-fz4810-001\/","og_site_name":"Tourcruiser Sneaker Store","article_modified_time":"2026-04-17T16:12:53+00:00","twitter_card":"summary_large_image","twitter_image":"https:\/\/images.novelship.com\/product\/_women__a_ma_mani_re_x_air_jordan_air_4_retro__pha_0_43307.jpeg","twitter_misc":{"Dur\u00e9e de lecture estim\u00e9e":"1 minute"},"schema":{"@context":"https:\/\/schema.org","@graph":[{"@type":"WebPage","@id":"https:\/\/tourcruiser.com\/fr\/products\/women-a-ma-manire-x-air-jordan-air-4-retro-phantom-fz4810-001\/","url":"https:\/\/tourcruiser.com\/fr\/products\/women-a-ma-manire-x-air-jordan-air-4-retro-phantom-fz4810-001\/","name":"(Women) A Ma Mani\u00c3\u00a9re x Air Jordan Air 4 Retro 'Phantom' FZ4810-001 - TOURCRUISER PTE. LTD","isPartOf":{"@id":"\/#website"},"primaryImageOfPage":{"@id":"https:\/\/tourcruiser.com\/fr\/products\/women-a-ma-manire-x-air-jordan-air-4-retro-phantom-fz4810-001\/#primaryimage"},"image":{"@id":"https:\/\/tourcruiser.com\/fr\/products\/women-a-ma-manire-x-air-jordan-air-4-retro-phantom-fz4810-001\/#primaryimage"},"thumbnailUrl":"https:\/\/images.novelship.com\/product\/_women__a_ma_mani_re_x_air_jordan_air_4_retro__pha_0_43307.jpeg","datePublished":"2026-04-16T10:19:15+00:00","dateModified":"2026-04-17T16:12:53+00:00","breadcrumb":{"@id":"https:\/\/tourcruiser.com\/fr\/products\/women-a-ma-manire-x-air-jordan-air-4-retro-phantom-fz4810-001\/#breadcrumb"},"inLanguage":"fr-FR","potentialAction":[{"@type":"ReadAction","target":["https:\/\/tourcruiser.com\/fr\/products\/women-a-ma-manire-x-air-jordan-air-4-retro-phantom-fz4810-001\/"]}]},{"@type":"ImageObject","inLanguage":"fr-FR","@id":"https:\/\/tourcruiser.com\/fr\/products\/women-a-ma-manire-x-air-jordan-air-4-retro-phantom-fz4810-001\/#primaryimage","url":"https:\/\/images.novelship.com\/product\/_women__a_ma_mani_re_x_air_jordan_air_4_retro__pha_0_43307.jpeg","contentUrl":"https:\/\/images.novelship.com\/product\/_women__a_ma_mani_re_x_air_jordan_air_4_retro__pha_0_43307.jpeg"},{"@type":"BreadcrumbList","@id":"https:\/\/tourcruiser.com\/fr\/products\/women-a-ma-manire-x-air-jordan-air-4-retro-phantom-fz4810-001\/#breadcrumb","itemListElement":[{"@type":"ListItem","position":1,"name":"Home","item":"https:\/\/tourcruiser.com\/fr\/"},{"@type":"ListItem","position":2,"name":"Shop","item":"https:\/\/tourcruiser.com\/fr\/shop\/"},{"@type":"ListItem","position":3,"name":"(Women) A Ma Mani\u00c3\u00a9re x Air Jordan Air 4 Retro &#8216;Phantom&#8217; FZ4810-001"}]},{"@type":"WebSite","@id":"\/#website","url":"\/","name":"Styloral Jewelry Shop","description":"Tourcruiser Sneaker Store \u2014 L\u2019endroit o\u00f9 l\u2019univers rencontre votre singularit\u00e9.","publisher":{"@id":"\/#organization"},"potentialAction":[{"@type":"SearchAction","target":{"@type":"EntryPoint","urlTemplate":"\/?s={search_term_string}"},"query-input":{"@type":"PropertyValueSpecification","valueRequired":true,"valueName":"search_term_string"}}],"inLanguage":"fr-FR"},{"@type":"Organization","@id":"\/#organization","name":"STYLORAL PTE. LTD","url":"\/","logo":{"@type":"ImageObject","inLanguage":"fr-FR","@id":"\/#\/schema\/logo\/image\/","url":"https:\/\/www.tourcruiser.com\/wp-content\/uploads\/2025\/12\/logo.png","contentUrl":"https:\/\/www.tourcruiser.com\/wp-content\/uploads\/2025\/12\/logo.png","width":200,"height":65,"caption":"STYLORAL PTE. LTD"},"image":{"@id":"\/#\/schema\/logo\/image\/"}}]}},"_links":{"self":[{"href":"https:\/\/tourcruiser.com\/fr\/wp-json\/wp\/v2\/product\/777888","targetHints":{"allow":["GET"]}}],"collection":[{"href":"https:\/\/tourcruiser.com\/fr\/wp-json\/wp\/v2\/product"}],"about":[{"href":"https:\/\/tourcruiser.com\/fr\/wp-json\/wp\/v2\/types\/product"}],"replies":[{"embeddable":true,"href":"https:\/\/tourcruiser.com\/fr\/wp-json\/wp\/v2\/comments?post=777888"}],"wp:featuredmedia":[{"embeddable":true,"href":"https:\/\/tourcruiser.com\/fr\/wp-json\/wp\/v2\/media\/777889"}],"wp:attachment":[{"href":"https:\/\/tourcruiser.com\/fr\/wp-json\/wp\/v2\/media?parent=777888"}],"wp:term":[{"taxonomy":"product_brand","embeddable":true,"href":"https:\/\/tourcruiser.com\/fr\/wp-json\/wp\/v2\/product_brand?post=777888"},{"taxonomy":"product_cat","embeddable":true,"href":"https:\/\/tourcruiser.com\/fr\/wp-json\/wp\/v2\/product_cat?post=777888"},{"taxonomy":"product_tag","embeddable":true,"href":"https:\/\/tourcruiser.com\/fr\/wp-json\/wp\/v2\/product_tag?post=777888"}],"curies":[{"name":"wp","href":"https:\/\/api.w.org\/{rel}","templated":true}]}}