{"id":777877,"date":"2026-04-16T17:19:14","date_gmt":"2026-04-16T10:19:14","guid":{"rendered":"http:\/\/tourcruiser.com\/product\/youth-air-jordan-legacy-312-white-black-pink-foam-at4040-106"},"modified":"2026-04-17T23:12:52","modified_gmt":"2026-04-17T16:12:52","slug":"youth-air-jordan-legacy-312-white-black-pink-foam-at4040-106","status":"publish","type":"product","link":"https:\/\/tourcruiser.com\/fr\/products\/youth-air-jordan-legacy-312-white-black-pink-foam-at4040-106\/","title":{"rendered":"(Youth) Air Jordan Legacy 312 &lsquo;White Black Pink Foam&rsquo; AT4040-106"},"content":{"rendered":"<p>Coloris\u00a0: Blanc\/Noir-Rose<\/p>\n<p>R\u00e9f\u00e9rence\u00a0: AT4040-106<\/p>\n<p>Tige\u00a0: Cuir<\/p>\n<p>Semelle interm\u00e9diaire\u00a0: Air<\/p>\n<p>Couleur\u00a0: Blanc<\/p>\n<p>Cr\u00e9ateur\u00a0: Don C<\/p>\n<p>Saison\u00a0: Toute l\u2019ann\u00e9e<\/p>\n<p>Ann\u00e9e de sortie\u00a0: 2019<\/p>\n<p>\u00c2ge\u00a0: Adulte<\/p>\n<p>Couleurs\u00a0: Phantom\/\u00c9tain m\u00e9tallis\u00e9\/Moreau violet\/Moreau de fer clair\/Mousseline\/Bordeaux<\/p>\n<p>Genre\u00a0: Jeune<\/p>\n","protected":false},"excerpt":{"rendered":"<p>Coloris\u00a0: Blanc\/Noir-Rose R\u00e9f\u00e9rence\u00a0: AT4040-106 Tige\u00a0: Cuir Semelle interm\u00e9diaire\u00a0: Air Couleur\u00a0: Blanc Cr\u00e9ateur\u00a0: Don C Saison\u00a0: Toute l\u2019ann\u00e9e Ann\u00e9e de sortie\u00a0: 2019 \u00c2ge\u00a0: Adulte Couleurs\u00a0: Phantom\/\u00c9tain m\u00e9tallis\u00e9\/Moreau violet\/Moreau de fer clair\/Mousseline\/Bordeaux Genre\u00a0: Jeune<\/p>\n","protected":false},"featured_media":777878,"comment_status":"open","ping_status":"closed","template":"","meta":[],"product_brand":[],"product_cat":[38880],"product_tag":[38861,38962,38918,10776,10899],"class_list":{"0":"post-777877","1":"product","2":"type-product","3":"status-publish","4":"has-post-thumbnail","6":"product_cat-jordan","7":"product_tag-below-retail-price","8":"product_tag-children-s-casual-shoes","9":"product_tag-children-s-sneakers","10":"product_tag-jordan","11":"product_tag-lifestyle-shoes-basketball-inspired","13":"first","14":"instock","15":"taxable","16":"shipping-taxable","17":"purchasable","18":"product-type-simple"},"wcpa_form_fields":null,"yoast_head":"<!-- This site is optimized with the Yoast SEO plugin v26.5 - https:\/\/yoast.com\/wordpress\/plugins\/seo\/ -->\n<title>(Youth) Air Jordan Legacy 312 &#039;White Black Pink Foam&#039; AT4040-106 - TOURCRUISER PTE. LTD<\/title>\n<meta name=\"robots\" content=\"index, follow, max-snippet:-1, max-image-preview:large, max-video-preview:-1\" \/>\n<link rel=\"canonical\" href=\"https:\/\/tourcruiser.com\/fr\/products\/youth-air-jordan-legacy-312-white-black-pink-foam-at4040-106\/\" \/>\n<meta property=\"og:locale\" content=\"fr_FR\" \/>\n<meta property=\"og:type\" content=\"article\" \/>\n<meta property=\"og:title\" content=\"(Youth) Air Jordan Legacy 312 &#039;White Black Pink Foam&#039; AT4040-106 - TOURCRUISER PTE. LTD\" \/>\n<meta property=\"og:description\" content=\"Coloris\u00a0: Blanc\/Noir-Rose R\u00e9f\u00e9rence\u00a0: AT4040-106 Tige\u00a0: Cuir Semelle interm\u00e9diaire\u00a0: Air Couleur\u00a0: Blanc Cr\u00e9ateur\u00a0: Don C Saison\u00a0: Toute l\u2019ann\u00e9e Ann\u00e9e de sortie\u00a0: 2019 \u00c2ge\u00a0: Adulte Couleurs\u00a0: Phantom\/\u00c9tain m\u00e9tallis\u00e9\/Moreau violet\/Moreau de fer clair\/Mousseline\/Bordeaux Genre\u00a0: Jeune\" \/>\n<meta property=\"og:url\" content=\"https:\/\/tourcruiser.com\/fr\/products\/youth-air-jordan-legacy-312-white-black-pink-foam-at4040-106\/\" \/>\n<meta property=\"og:site_name\" content=\"Tourcruiser Sneaker Store\" \/>\n<meta property=\"article:modified_time\" content=\"2026-04-17T16:12:52+00:00\" \/>\n<meta name=\"twitter:card\" content=\"summary_large_image\" \/>\n<meta name=\"twitter:image\" content=\"https:\/\/images.novelship.com\/product\/_youth__air_jordan_legacy_312__white_black_pink_fo_0_76480.jpeg;https:\/\/images.novelship.com\/product\/_youth__air_jordan_legacy_312__white_black_pink_fo_1_76480.jpeg;https:\/\/images.novelship.com\/product\/_youth__air_jordan_legacy_312__white_black_pink_fo_2_76480.jpeg;https:\/\/images.novelship.com\/product\/_youth__air_jordan_legacy_312__white_black_pink_fo_3_76480.jpeg;https:\/\/images.novelship.com\/product\/_youth__air_jordan_legacy_312__white_black_pink_fo_4_76480.jpeg;https:\/\/images.novelship.com\/product\/_youth__air_jordan_legacy_312__white_black_pink_fo_5_76480.jpeg;https:\/\/images.novelship.com\/product\/_youth__air_jordan_legacy_312__white_black_pink_fo_6_76480.jpeg;https:\/\/images.novelship.com\/product\/_youth__air_jordan_legacy_312__white_black_pink_fo_7_76480.jpeg\" \/>\n<script type=\"application\/ld+json\" class=\"yoast-schema-graph\">{\"@context\":\"https:\/\/schema.org\",\"@graph\":[{\"@type\":\"WebPage\",\"@id\":\"https:\/\/tourcruiser.com\/fr\/products\/youth-air-jordan-legacy-312-white-black-pink-foam-at4040-106\/\",\"url\":\"https:\/\/tourcruiser.com\/fr\/products\/youth-air-jordan-legacy-312-white-black-pink-foam-at4040-106\/\",\"name\":\"(Youth) Air Jordan Legacy 312 'White Black Pink Foam' AT4040-106 - TOURCRUISER PTE. LTD\",\"isPartOf\":{\"@id\":\"\/#website\"},\"primaryImageOfPage\":{\"@id\":\"https:\/\/tourcruiser.com\/fr\/products\/youth-air-jordan-legacy-312-white-black-pink-foam-at4040-106\/#primaryimage\"},\"image\":{\"@id\":\"https:\/\/tourcruiser.com\/fr\/products\/youth-air-jordan-legacy-312-white-black-pink-foam-at4040-106\/#primaryimage\"},\"thumbnailUrl\":\"https:\/\/images.novelship.com\/product\/_youth__air_jordan_legacy_312__white_black_pink_fo_0_76480.jpeg;https:\/\/images.novelship.com\/product\/_youth__air_jordan_legacy_312__white_black_pink_fo_1_76480.jpeg;https:\/\/images.novelship.com\/product\/_youth__air_jordan_legacy_312__white_black_pink_fo_2_76480.jpeg;https:\/\/images.novelship.com\/product\/_youth__air_jordan_legacy_312__white_black_pink_fo_3_76480.jpeg;https:\/\/images.novelship.com\/product\/_youth__air_jordan_legacy_312__white_black_pink_fo_4_76480.jpeg;https:\/\/images.novelship.com\/product\/_youth__air_jordan_legacy_312__white_black_pink_fo_5_76480.jpeg;https:\/\/images.novelship.com\/product\/_youth__air_jordan_legacy_312__white_black_pink_fo_6_76480.jpeg;https:\/\/images.novelship.com\/product\/_youth__air_jordan_legacy_312__white_black_pink_fo_7_76480.jpeg\",\"datePublished\":\"2026-04-16T10:19:14+00:00\",\"dateModified\":\"2026-04-17T16:12:52+00:00\",\"breadcrumb\":{\"@id\":\"https:\/\/tourcruiser.com\/fr\/products\/youth-air-jordan-legacy-312-white-black-pink-foam-at4040-106\/#breadcrumb\"},\"inLanguage\":\"fr-FR\",\"potentialAction\":[{\"@type\":\"ReadAction\",\"target\":[\"https:\/\/tourcruiser.com\/fr\/products\/youth-air-jordan-legacy-312-white-black-pink-foam-at4040-106\/\"]}]},{\"@type\":\"ImageObject\",\"inLanguage\":\"fr-FR\",\"@id\":\"https:\/\/tourcruiser.com\/fr\/products\/youth-air-jordan-legacy-312-white-black-pink-foam-at4040-106\/#primaryimage\",\"url\":\"https:\/\/images.novelship.com\/product\/_youth__air_jordan_legacy_312__white_black_pink_fo_0_76480.jpeg;https:\/\/images.novelship.com\/product\/_youth__air_jordan_legacy_312__white_black_pink_fo_1_76480.jpeg;https:\/\/images.novelship.com\/product\/_youth__air_jordan_legacy_312__white_black_pink_fo_2_76480.jpeg;https:\/\/images.novelship.com\/product\/_youth__air_jordan_legacy_312__white_black_pink_fo_3_76480.jpeg;https:\/\/images.novelship.com\/product\/_youth__air_jordan_legacy_312__white_black_pink_fo_4_76480.jpeg;https:\/\/images.novelship.com\/product\/_youth__air_jordan_legacy_312__white_black_pink_fo_5_76480.jpeg;https:\/\/images.novelship.com\/product\/_youth__air_jordan_legacy_312__white_black_pink_fo_6_76480.jpeg;https:\/\/images.novelship.com\/product\/_youth__air_jordan_legacy_312__white_black_pink_fo_7_76480.jpeg\",\"contentUrl\":\"https:\/\/images.novelship.com\/product\/_youth__air_jordan_legacy_312__white_black_pink_fo_0_76480.jpeg;https:\/\/images.novelship.com\/product\/_youth__air_jordan_legacy_312__white_black_pink_fo_1_76480.jpeg;https:\/\/images.novelship.com\/product\/_youth__air_jordan_legacy_312__white_black_pink_fo_2_76480.jpeg;https:\/\/images.novelship.com\/product\/_youth__air_jordan_legacy_312__white_black_pink_fo_3_76480.jpeg;https:\/\/images.novelship.com\/product\/_youth__air_jordan_legacy_312__white_black_pink_fo_4_76480.jpeg;https:\/\/images.novelship.com\/product\/_youth__air_jordan_legacy_312__white_black_pink_fo_5_76480.jpeg;https:\/\/images.novelship.com\/product\/_youth__air_jordan_legacy_312__white_black_pink_fo_6_76480.jpeg;https:\/\/images.novelship.com\/product\/_youth__air_jordan_legacy_312__white_black_pink_fo_7_76480.jpeg\"},{\"@type\":\"BreadcrumbList\",\"@id\":\"https:\/\/tourcruiser.com\/fr\/products\/youth-air-jordan-legacy-312-white-black-pink-foam-at4040-106\/#breadcrumb\",\"itemListElement\":[{\"@type\":\"ListItem\",\"position\":1,\"name\":\"Home\",\"item\":\"https:\/\/tourcruiser.com\/fr\/\"},{\"@type\":\"ListItem\",\"position\":2,\"name\":\"Shop\",\"item\":\"https:\/\/tourcruiser.com\/fr\/shop\/\"},{\"@type\":\"ListItem\",\"position\":3,\"name\":\"(Youth) Air Jordan Legacy 312 &#8216;White Black Pink Foam&#8217; AT4040-106\"}]},{\"@type\":\"WebSite\",\"@id\":\"\/#website\",\"url\":\"\/\",\"name\":\"Styloral Jewelry Shop\",\"description\":\"Tourcruiser Sneaker Store \u2014 L\u2019endroit o\u00f9 l\u2019univers rencontre votre singularit\u00e9.\",\"publisher\":{\"@id\":\"\/#organization\"},\"potentialAction\":[{\"@type\":\"SearchAction\",\"target\":{\"@type\":\"EntryPoint\",\"urlTemplate\":\"\/?s={search_term_string}\"},\"query-input\":{\"@type\":\"PropertyValueSpecification\",\"valueRequired\":true,\"valueName\":\"search_term_string\"}}],\"inLanguage\":\"fr-FR\"},{\"@type\":\"Organization\",\"@id\":\"\/#organization\",\"name\":\"STYLORAL PTE. LTD\",\"url\":\"\/\",\"logo\":{\"@type\":\"ImageObject\",\"inLanguage\":\"fr-FR\",\"@id\":\"\/#\/schema\/logo\/image\/\",\"url\":\"https:\/\/www.tourcruiser.com\/wp-content\/uploads\/2025\/12\/logo.png\",\"contentUrl\":\"https:\/\/www.tourcruiser.com\/wp-content\/uploads\/2025\/12\/logo.png\",\"width\":200,\"height\":65,\"caption\":\"STYLORAL PTE. LTD\"},\"image\":{\"@id\":\"\/#\/schema\/logo\/image\/\"}}]}<\/script>\n<!-- \/ Yoast SEO plugin. -->","yoast_head_json":{"title":"(Youth) Air Jordan Legacy 312 'White Black Pink Foam' AT4040-106 - TOURCRUISER PTE. LTD","robots":{"index":"index","follow":"follow","max-snippet":"max-snippet:-1","max-image-preview":"max-image-preview:large","max-video-preview":"max-video-preview:-1"},"canonical":"https:\/\/tourcruiser.com\/fr\/products\/youth-air-jordan-legacy-312-white-black-pink-foam-at4040-106\/","og_locale":"fr_FR","og_type":"article","og_title":"(Youth) Air Jordan Legacy 312 'White Black Pink Foam' AT4040-106 - TOURCRUISER PTE. LTD","og_description":"Coloris\u00a0: Blanc\/Noir-Rose R\u00e9f\u00e9rence\u00a0: AT4040-106 Tige\u00a0: Cuir Semelle interm\u00e9diaire\u00a0: Air Couleur\u00a0: Blanc Cr\u00e9ateur\u00a0: Don C Saison\u00a0: Toute l\u2019ann\u00e9e Ann\u00e9e de sortie\u00a0: 2019 \u00c2ge\u00a0: Adulte Couleurs\u00a0: Phantom\/\u00c9tain m\u00e9tallis\u00e9\/Moreau violet\/Moreau de fer clair\/Mousseline\/Bordeaux Genre\u00a0: Jeune","og_url":"https:\/\/tourcruiser.com\/fr\/products\/youth-air-jordan-legacy-312-white-black-pink-foam-at4040-106\/","og_site_name":"Tourcruiser Sneaker Store","article_modified_time":"2026-04-17T16:12:52+00:00","twitter_card":"summary_large_image","twitter_image":"https:\/\/images.novelship.com\/product\/_youth__air_jordan_legacy_312__white_black_pink_fo_0_76480.jpeg;https:\/\/images.novelship.com\/product\/_youth__air_jordan_legacy_312__white_black_pink_fo_1_76480.jpeg;https:\/\/images.novelship.com\/product\/_youth__air_jordan_legacy_312__white_black_pink_fo_2_76480.jpeg;https:\/\/images.novelship.com\/product\/_youth__air_jordan_legacy_312__white_black_pink_fo_3_76480.jpeg;https:\/\/images.novelship.com\/product\/_youth__air_jordan_legacy_312__white_black_pink_fo_4_76480.jpeg;https:\/\/images.novelship.com\/product\/_youth__air_jordan_legacy_312__white_black_pink_fo_5_76480.jpeg;https:\/\/images.novelship.com\/product\/_youth__air_jordan_legacy_312__white_black_pink_fo_6_76480.jpeg;https:\/\/images.novelship.com\/product\/_youth__air_jordan_legacy_312__white_black_pink_fo_7_76480.jpeg","schema":{"@context":"https:\/\/schema.org","@graph":[{"@type":"WebPage","@id":"https:\/\/tourcruiser.com\/fr\/products\/youth-air-jordan-legacy-312-white-black-pink-foam-at4040-106\/","url":"https:\/\/tourcruiser.com\/fr\/products\/youth-air-jordan-legacy-312-white-black-pink-foam-at4040-106\/","name":"(Youth) Air Jordan Legacy 312 'White Black Pink Foam' AT4040-106 - TOURCRUISER PTE. LTD","isPartOf":{"@id":"\/#website"},"primaryImageOfPage":{"@id":"https:\/\/tourcruiser.com\/fr\/products\/youth-air-jordan-legacy-312-white-black-pink-foam-at4040-106\/#primaryimage"},"image":{"@id":"https:\/\/tourcruiser.com\/fr\/products\/youth-air-jordan-legacy-312-white-black-pink-foam-at4040-106\/#primaryimage"},"thumbnailUrl":"https:\/\/images.novelship.com\/product\/_youth__air_jordan_legacy_312__white_black_pink_fo_0_76480.jpeg;https:\/\/images.novelship.com\/product\/_youth__air_jordan_legacy_312__white_black_pink_fo_1_76480.jpeg;https:\/\/images.novelship.com\/product\/_youth__air_jordan_legacy_312__white_black_pink_fo_2_76480.jpeg;https:\/\/images.novelship.com\/product\/_youth__air_jordan_legacy_312__white_black_pink_fo_3_76480.jpeg;https:\/\/images.novelship.com\/product\/_youth__air_jordan_legacy_312__white_black_pink_fo_4_76480.jpeg;https:\/\/images.novelship.com\/product\/_youth__air_jordan_legacy_312__white_black_pink_fo_5_76480.jpeg;https:\/\/images.novelship.com\/product\/_youth__air_jordan_legacy_312__white_black_pink_fo_6_76480.jpeg;https:\/\/images.novelship.com\/product\/_youth__air_jordan_legacy_312__white_black_pink_fo_7_76480.jpeg","datePublished":"2026-04-16T10:19:14+00:00","dateModified":"2026-04-17T16:12:52+00:00","breadcrumb":{"@id":"https:\/\/tourcruiser.com\/fr\/products\/youth-air-jordan-legacy-312-white-black-pink-foam-at4040-106\/#breadcrumb"},"inLanguage":"fr-FR","potentialAction":[{"@type":"ReadAction","target":["https:\/\/tourcruiser.com\/fr\/products\/youth-air-jordan-legacy-312-white-black-pink-foam-at4040-106\/"]}]},{"@type":"ImageObject","inLanguage":"fr-FR","@id":"https:\/\/tourcruiser.com\/fr\/products\/youth-air-jordan-legacy-312-white-black-pink-foam-at4040-106\/#primaryimage","url":"https:\/\/images.novelship.com\/product\/_youth__air_jordan_legacy_312__white_black_pink_fo_0_76480.jpeg;https:\/\/images.novelship.com\/product\/_youth__air_jordan_legacy_312__white_black_pink_fo_1_76480.jpeg;https:\/\/images.novelship.com\/product\/_youth__air_jordan_legacy_312__white_black_pink_fo_2_76480.jpeg;https:\/\/images.novelship.com\/product\/_youth__air_jordan_legacy_312__white_black_pink_fo_3_76480.jpeg;https:\/\/images.novelship.com\/product\/_youth__air_jordan_legacy_312__white_black_pink_fo_4_76480.jpeg;https:\/\/images.novelship.com\/product\/_youth__air_jordan_legacy_312__white_black_pink_fo_5_76480.jpeg;https:\/\/images.novelship.com\/product\/_youth__air_jordan_legacy_312__white_black_pink_fo_6_76480.jpeg;https:\/\/images.novelship.com\/product\/_youth__air_jordan_legacy_312__white_black_pink_fo_7_76480.jpeg","contentUrl":"https:\/\/images.novelship.com\/product\/_youth__air_jordan_legacy_312__white_black_pink_fo_0_76480.jpeg;https:\/\/images.novelship.com\/product\/_youth__air_jordan_legacy_312__white_black_pink_fo_1_76480.jpeg;https:\/\/images.novelship.com\/product\/_youth__air_jordan_legacy_312__white_black_pink_fo_2_76480.jpeg;https:\/\/images.novelship.com\/product\/_youth__air_jordan_legacy_312__white_black_pink_fo_3_76480.jpeg;https:\/\/images.novelship.com\/product\/_youth__air_jordan_legacy_312__white_black_pink_fo_4_76480.jpeg;https:\/\/images.novelship.com\/product\/_youth__air_jordan_legacy_312__white_black_pink_fo_5_76480.jpeg;https:\/\/images.novelship.com\/product\/_youth__air_jordan_legacy_312__white_black_pink_fo_6_76480.jpeg;https:\/\/images.novelship.com\/product\/_youth__air_jordan_legacy_312__white_black_pink_fo_7_76480.jpeg"},{"@type":"BreadcrumbList","@id":"https:\/\/tourcruiser.com\/fr\/products\/youth-air-jordan-legacy-312-white-black-pink-foam-at4040-106\/#breadcrumb","itemListElement":[{"@type":"ListItem","position":1,"name":"Home","item":"https:\/\/tourcruiser.com\/fr\/"},{"@type":"ListItem","position":2,"name":"Shop","item":"https:\/\/tourcruiser.com\/fr\/shop\/"},{"@type":"ListItem","position":3,"name":"(Youth) Air Jordan Legacy 312 &#8216;White Black Pink Foam&#8217; AT4040-106"}]},{"@type":"WebSite","@id":"\/#website","url":"\/","name":"Styloral Jewelry Shop","description":"Tourcruiser Sneaker Store \u2014 L\u2019endroit o\u00f9 l\u2019univers rencontre votre singularit\u00e9.","publisher":{"@id":"\/#organization"},"potentialAction":[{"@type":"SearchAction","target":{"@type":"EntryPoint","urlTemplate":"\/?s={search_term_string}"},"query-input":{"@type":"PropertyValueSpecification","valueRequired":true,"valueName":"search_term_string"}}],"inLanguage":"fr-FR"},{"@type":"Organization","@id":"\/#organization","name":"STYLORAL PTE. LTD","url":"\/","logo":{"@type":"ImageObject","inLanguage":"fr-FR","@id":"\/#\/schema\/logo\/image\/","url":"https:\/\/www.tourcruiser.com\/wp-content\/uploads\/2025\/12\/logo.png","contentUrl":"https:\/\/www.tourcruiser.com\/wp-content\/uploads\/2025\/12\/logo.png","width":200,"height":65,"caption":"STYLORAL PTE. LTD"},"image":{"@id":"\/#\/schema\/logo\/image\/"}}]}},"_links":{"self":[{"href":"https:\/\/tourcruiser.com\/fr\/wp-json\/wp\/v2\/product\/777877","targetHints":{"allow":["GET"]}}],"collection":[{"href":"https:\/\/tourcruiser.com\/fr\/wp-json\/wp\/v2\/product"}],"about":[{"href":"https:\/\/tourcruiser.com\/fr\/wp-json\/wp\/v2\/types\/product"}],"replies":[{"embeddable":true,"href":"https:\/\/tourcruiser.com\/fr\/wp-json\/wp\/v2\/comments?post=777877"}],"wp:featuredmedia":[{"embeddable":true,"href":"https:\/\/tourcruiser.com\/fr\/wp-json\/wp\/v2\/media\/777878"}],"wp:attachment":[{"href":"https:\/\/tourcruiser.com\/fr\/wp-json\/wp\/v2\/media?parent=777877"}],"wp:term":[{"taxonomy":"product_brand","embeddable":true,"href":"https:\/\/tourcruiser.com\/fr\/wp-json\/wp\/v2\/product_brand?post=777877"},{"taxonomy":"product_cat","embeddable":true,"href":"https:\/\/tourcruiser.com\/fr\/wp-json\/wp\/v2\/product_cat?post=777877"},{"taxonomy":"product_tag","embeddable":true,"href":"https:\/\/tourcruiser.com\/fr\/wp-json\/wp\/v2\/product_tag?post=777877"}],"curies":[{"name":"wp","href":"https:\/\/api.w.org\/{rel}","templated":true}]}}