{"id":777271,"date":"2026-04-16T17:18:33","date_gmt":"2026-04-16T10:18:33","guid":{"rendered":"http:\/\/tourcruiser.com\/product\/youth-adidas-senseboost-j-eg4961"},"modified":"2026-04-17T23:11:39","modified_gmt":"2026-04-17T16:11:39","slug":"youth-adidas-senseboost-j-eg4961","status":"publish","type":"product","link":"https:\/\/tourcruiser.com\/fr\/products\/youth-adidas-senseboost-j-eg4961\/","title":{"rendered":"(Youth) adidas Senseboost J EG4961"},"content":{"rendered":"<p>Boostez les performances de votre jeune athl\u00e8te avec l&rsquo;adidas Senseboost J EG4961. Cette chaussure de running pour enfants et adolescents est dot\u00e9e de l&rsquo;amorti Boost, offrant un retour d&rsquo;\u00e9nergie exceptionnel et un maintien optimal \u00e0 chaque foul\u00e9e. Son empeigne en mesh respirant assure un confort optimal et une grande l\u00e9g\u00e8ret\u00e9, tandis que le syst\u00e8me de maintien adaptatif garantit un ajustement s\u00fbr et personnalis\u00e9. Gr\u00e2ce \u00e0 sa semelle ext\u00e9rieure en caoutchouc r\u00e9sistant, cette chaussure offre une excellente adh\u00e9rence et une grande stabilit\u00e9 sur toutes les surfaces. Aidez votre enfant \u00e0 dominer la piste ou le terrain de sport avec l&rsquo;adidas Senseboost J EG4961.<\/p>\n<p>Couleur : Marron<br \/>\nR\u00e9f\u00e9rence : EG4961<br \/>\nMati\u00e8re ext\u00e9rieure : Textile<\/p>\n<p>\u00c2ge : Adultes<br \/>\nCouleur : Noir\/Orange<br \/>\nGenre : Jeunes<\/p>\n","protected":false},"excerpt":{"rendered":"<p>Boostez les performances de votre jeune athl\u00e8te avec l&rsquo;adidas Senseboost J EG4961. Cette chaussure de running pour enfants et adolescents est dot\u00e9e de l&rsquo;amorti Boost, offrant un retour d&rsquo;\u00e9nergie exceptionnel et un maintien optimal \u00e0 chaque foul\u00e9e. Son empeigne en mesh respirant assure un confort optimal et une grande l\u00e9g\u00e8ret\u00e9, tandis que le syst\u00e8me de [&hellip;]<\/p>\n","protected":false},"featured_media":777272,"comment_status":"open","ping_status":"closed","template":"","meta":[],"product_brand":[],"product_cat":[10760],"product_tag":[10759,11010,39591,11053,10839,39052],"class_list":{"0":"post-777271","1":"product","2":"type-product","3":"status-publish","4":"has-post-thumbnail","6":"product_cat-adidas","7":"product_tag-adidas","8":"product_tag-adidas-running-shoes","9":"product_tag-children-s-running-shoes","10":"product_tag-lightweight-running-shoes","11":"product_tag-performance-running-shoes","12":"product_tag-sports-shoes-for-children","13":"wcpa_has_options","15":"first","16":"instock","17":"taxable","18":"shipping-taxable","19":"purchasable","20":"product-type-simple"},"wcpa_form_fields":{"rules":{"pric_overide_base_price":false,"pric_overide_base_price_if_gt_zero":false,"pric_overide_base_price_fully":false,"pric_cal_option_once":false,"pric_use_as_fee":false,"bind_quantity":false,"quantity_bind_formula":false},"fields":[{"type":"color-group","required":true,"elementId":"wcpa-color-group-66c4a7f817afe","label":"Taille","inline":true,"priceOptions":"different_for_all","pricingType":"fixed","className":"hassizechart product-shoes-size-eu product-shoes-size","name":"color-group-66c4a7f817b18","disp_type":"square","selection_type":"tick-border","disp_size":"50","show_label_inside":true,"adjust_width":true,"cart_display_type":"text","other_text":"Other","cl_rule":"show","col":6,"values":[{"label":"35","value":"EU 35","price":"","pimage":"","pimage_id":"","pthumb":"","color":""},{"label":"35.5","value":"EU 35.5","price":"","pimage":"","pimage_id":"","pthumb":"","color":""},{"label":"36","value":"EU 36","price":"","pimage":"","pimage_id":"","pthumb":"","color":"","selected":true},{"label":"36 2\/3","value":"EU 36 2\/3","price":"","pimage":"","pimage_id":"","pthumb":"","color":""},{"label":"37 1\/3","value":"EU 37 1\/3","price":"","pimage":"","pimage_id":"","pthumb":"","color":""},{"label":"38","value":"EU 38","price":"","pimage":"","pimage_id":"","pthumb":"","color":""},{"label":"38 2\/3","value":"EU 38 2\/3","price":"","pimage":"","pimage_id":"","pthumb":"","color":""},{"label":"39 1\/3","value":"EU 39 1\/3","price":"","pimage":"","pimage_id":"","pthumb":"","color":""},{"label":"40","value":"EU 40","price":"","pimage":"","pimage_id":"","pthumb":"","color":""},{"label":"40 2\/3","value":"EU 40 2\/3","price":"","pimage":"","pimage_id":"","pthumb":"","color":""},{"label":"41 1\/3","value":"EU 41 1\/3","price":"","pimage":"","pimage_id":"","pthumb":"","color":""},{"label":"42","value":"EU 42","price":"","pimage":"","pimage_id":"","pthumb":"","color":""},{"label":"42 2\/3","value":"EU 42 2\/3","price":"","pimage":"","pimage_id":"","pthumb":"","color":""},{"label":"43 1\/3","value":"EU 43 1\/3","price":"","pimage":"","pimage_id":"","pthumb":"","color":""},{"label":"44","value":"EU 44","price":"","pimage":"","pimage_id":"","pthumb":"","color":""},{"label":"44 2\/3","value":"EU 44 2\/3","price":"","pimage":"","pimage_id":"","pthumb":"","color":""},{"label":"45 1\/3","value":"EU 45 1\/3","price":"","pimage":"","pimage_id":"","pthumb":"","color":""},{"label":"46","value":"EU 46","price":"","pimage":"","pimage_id":"","pthumb":"","color":""},{"label":"46 2\/3","value":"EU 46 2\/3","price":"","pimage":"","pimage_id":"","pthumb":"","color":""},{"label":"47 1\/3","value":"EU 47 1\/3","price":"","pimage":"","pimage_id":"","pthumb":"","color":""}],"relations":[{"operator":false,"rules":[]}],"form_id":24802,"form_rules":{"pric_cal_option_once":false,"exclude_from_discount":false,"pric_use_as_fee":false,"fee_label":"Fee","render_after_acb":false,"disp_hide_options_price":false}}]},"yoast_head":"<!-- This site is optimized with the Yoast SEO plugin v26.5 - https:\/\/yoast.com\/wordpress\/plugins\/seo\/ -->\n<title>(Youth) adidas Senseboost J EG4961 - TOURCRUISER PTE. LTD<\/title>\n<meta name=\"robots\" content=\"index, follow, max-snippet:-1, max-image-preview:large, max-video-preview:-1\" \/>\n<link rel=\"canonical\" href=\"https:\/\/tourcruiser.com\/fr\/products\/youth-adidas-senseboost-j-eg4961\/\" \/>\n<meta property=\"og:locale\" content=\"fr_FR\" \/>\n<meta property=\"og:type\" content=\"article\" \/>\n<meta property=\"og:title\" content=\"(Youth) adidas Senseboost J EG4961 - TOURCRUISER PTE. LTD\" \/>\n<meta property=\"og:description\" content=\"Boostez les performances de votre jeune athl\u00e8te avec l&rsquo;adidas Senseboost J EG4961. Cette chaussure de running pour enfants et adolescents est dot\u00e9e de l&rsquo;amorti Boost, offrant un retour d&rsquo;\u00e9nergie exceptionnel et un maintien optimal \u00e0 chaque foul\u00e9e. Son empeigne en mesh respirant assure un confort optimal et une grande l\u00e9g\u00e8ret\u00e9, tandis que le syst\u00e8me de [&hellip;]\" \/>\n<meta property=\"og:url\" content=\"https:\/\/tourcruiser.com\/fr\/products\/youth-adidas-senseboost-j-eg4961\/\" \/>\n<meta property=\"og:site_name\" content=\"Tourcruiser Sneaker Store\" \/>\n<meta property=\"article:modified_time\" content=\"2026-04-17T16:11:39+00:00\" \/>\n<meta name=\"twitter:card\" content=\"summary_large_image\" \/>\n<meta name=\"twitter:image\" content=\"https:\/\/images.novelship.com\/product\/_preschool__adidas_senseboost_j_eg4961_0_23448.jpeg\" \/>\n<meta name=\"twitter:label1\" content=\"Dur\u00e9e de lecture estim\u00e9e\" \/>\n\t<meta name=\"twitter:data1\" content=\"1 minute\" \/>\n<script type=\"application\/ld+json\" class=\"yoast-schema-graph\">{\"@context\":\"https:\/\/schema.org\",\"@graph\":[{\"@type\":\"WebPage\",\"@id\":\"https:\/\/tourcruiser.com\/fr\/products\/youth-adidas-senseboost-j-eg4961\/\",\"url\":\"https:\/\/tourcruiser.com\/fr\/products\/youth-adidas-senseboost-j-eg4961\/\",\"name\":\"(Youth) adidas Senseboost J EG4961 - TOURCRUISER PTE. LTD\",\"isPartOf\":{\"@id\":\"\/#website\"},\"primaryImageOfPage\":{\"@id\":\"https:\/\/tourcruiser.com\/fr\/products\/youth-adidas-senseboost-j-eg4961\/#primaryimage\"},\"image\":{\"@id\":\"https:\/\/tourcruiser.com\/fr\/products\/youth-adidas-senseboost-j-eg4961\/#primaryimage\"},\"thumbnailUrl\":\"https:\/\/images.novelship.com\/product\/_preschool__adidas_senseboost_j_eg4961_0_23448.jpeg\",\"datePublished\":\"2026-04-16T10:18:33+00:00\",\"dateModified\":\"2026-04-17T16:11:39+00:00\",\"breadcrumb\":{\"@id\":\"https:\/\/tourcruiser.com\/fr\/products\/youth-adidas-senseboost-j-eg4961\/#breadcrumb\"},\"inLanguage\":\"fr-FR\",\"potentialAction\":[{\"@type\":\"ReadAction\",\"target\":[\"https:\/\/tourcruiser.com\/fr\/products\/youth-adidas-senseboost-j-eg4961\/\"]}]},{\"@type\":\"ImageObject\",\"inLanguage\":\"fr-FR\",\"@id\":\"https:\/\/tourcruiser.com\/fr\/products\/youth-adidas-senseboost-j-eg4961\/#primaryimage\",\"url\":\"https:\/\/images.novelship.com\/product\/_preschool__adidas_senseboost_j_eg4961_0_23448.jpeg\",\"contentUrl\":\"https:\/\/images.novelship.com\/product\/_preschool__adidas_senseboost_j_eg4961_0_23448.jpeg\"},{\"@type\":\"BreadcrumbList\",\"@id\":\"https:\/\/tourcruiser.com\/fr\/products\/youth-adidas-senseboost-j-eg4961\/#breadcrumb\",\"itemListElement\":[{\"@type\":\"ListItem\",\"position\":1,\"name\":\"Home\",\"item\":\"https:\/\/tourcruiser.com\/fr\/\"},{\"@type\":\"ListItem\",\"position\":2,\"name\":\"Shop\",\"item\":\"https:\/\/tourcruiser.com\/fr\/shop\/\"},{\"@type\":\"ListItem\",\"position\":3,\"name\":\"(Youth) adidas Senseboost J EG4961\"}]},{\"@type\":\"WebSite\",\"@id\":\"\/#website\",\"url\":\"\/\",\"name\":\"Styloral Jewelry Shop\",\"description\":\"Tourcruiser Sneaker Store \u2014 L\u2019endroit o\u00f9 l\u2019univers rencontre votre singularit\u00e9.\",\"publisher\":{\"@id\":\"\/#organization\"},\"potentialAction\":[{\"@type\":\"SearchAction\",\"target\":{\"@type\":\"EntryPoint\",\"urlTemplate\":\"\/?s={search_term_string}\"},\"query-input\":{\"@type\":\"PropertyValueSpecification\",\"valueRequired\":true,\"valueName\":\"search_term_string\"}}],\"inLanguage\":\"fr-FR\"},{\"@type\":\"Organization\",\"@id\":\"\/#organization\",\"name\":\"STYLORAL PTE. LTD\",\"url\":\"\/\",\"logo\":{\"@type\":\"ImageObject\",\"inLanguage\":\"fr-FR\",\"@id\":\"\/#\/schema\/logo\/image\/\",\"url\":\"https:\/\/www.tourcruiser.com\/wp-content\/uploads\/2025\/12\/logo.png\",\"contentUrl\":\"https:\/\/www.tourcruiser.com\/wp-content\/uploads\/2025\/12\/logo.png\",\"width\":200,\"height\":65,\"caption\":\"STYLORAL PTE. LTD\"},\"image\":{\"@id\":\"\/#\/schema\/logo\/image\/\"}}]}<\/script>\n<!-- \/ Yoast SEO plugin. -->","yoast_head_json":{"title":"(Youth) adidas Senseboost J EG4961 - TOURCRUISER PTE. LTD","robots":{"index":"index","follow":"follow","max-snippet":"max-snippet:-1","max-image-preview":"max-image-preview:large","max-video-preview":"max-video-preview:-1"},"canonical":"https:\/\/tourcruiser.com\/fr\/products\/youth-adidas-senseboost-j-eg4961\/","og_locale":"fr_FR","og_type":"article","og_title":"(Youth) adidas Senseboost J EG4961 - TOURCRUISER PTE. LTD","og_description":"Boostez les performances de votre jeune athl\u00e8te avec l&rsquo;adidas Senseboost J EG4961. Cette chaussure de running pour enfants et adolescents est dot\u00e9e de l&rsquo;amorti Boost, offrant un retour d&rsquo;\u00e9nergie exceptionnel et un maintien optimal \u00e0 chaque foul\u00e9e. Son empeigne en mesh respirant assure un confort optimal et une grande l\u00e9g\u00e8ret\u00e9, tandis que le syst\u00e8me de [&hellip;]","og_url":"https:\/\/tourcruiser.com\/fr\/products\/youth-adidas-senseboost-j-eg4961\/","og_site_name":"Tourcruiser Sneaker Store","article_modified_time":"2026-04-17T16:11:39+00:00","twitter_card":"summary_large_image","twitter_image":"https:\/\/images.novelship.com\/product\/_preschool__adidas_senseboost_j_eg4961_0_23448.jpeg","twitter_misc":{"Dur\u00e9e de lecture estim\u00e9e":"1 minute"},"schema":{"@context":"https:\/\/schema.org","@graph":[{"@type":"WebPage","@id":"https:\/\/tourcruiser.com\/fr\/products\/youth-adidas-senseboost-j-eg4961\/","url":"https:\/\/tourcruiser.com\/fr\/products\/youth-adidas-senseboost-j-eg4961\/","name":"(Youth) adidas Senseboost J EG4961 - TOURCRUISER PTE. LTD","isPartOf":{"@id":"\/#website"},"primaryImageOfPage":{"@id":"https:\/\/tourcruiser.com\/fr\/products\/youth-adidas-senseboost-j-eg4961\/#primaryimage"},"image":{"@id":"https:\/\/tourcruiser.com\/fr\/products\/youth-adidas-senseboost-j-eg4961\/#primaryimage"},"thumbnailUrl":"https:\/\/images.novelship.com\/product\/_preschool__adidas_senseboost_j_eg4961_0_23448.jpeg","datePublished":"2026-04-16T10:18:33+00:00","dateModified":"2026-04-17T16:11:39+00:00","breadcrumb":{"@id":"https:\/\/tourcruiser.com\/fr\/products\/youth-adidas-senseboost-j-eg4961\/#breadcrumb"},"inLanguage":"fr-FR","potentialAction":[{"@type":"ReadAction","target":["https:\/\/tourcruiser.com\/fr\/products\/youth-adidas-senseboost-j-eg4961\/"]}]},{"@type":"ImageObject","inLanguage":"fr-FR","@id":"https:\/\/tourcruiser.com\/fr\/products\/youth-adidas-senseboost-j-eg4961\/#primaryimage","url":"https:\/\/images.novelship.com\/product\/_preschool__adidas_senseboost_j_eg4961_0_23448.jpeg","contentUrl":"https:\/\/images.novelship.com\/product\/_preschool__adidas_senseboost_j_eg4961_0_23448.jpeg"},{"@type":"BreadcrumbList","@id":"https:\/\/tourcruiser.com\/fr\/products\/youth-adidas-senseboost-j-eg4961\/#breadcrumb","itemListElement":[{"@type":"ListItem","position":1,"name":"Home","item":"https:\/\/tourcruiser.com\/fr\/"},{"@type":"ListItem","position":2,"name":"Shop","item":"https:\/\/tourcruiser.com\/fr\/shop\/"},{"@type":"ListItem","position":3,"name":"(Youth) adidas Senseboost J EG4961"}]},{"@type":"WebSite","@id":"\/#website","url":"\/","name":"Styloral Jewelry Shop","description":"Tourcruiser Sneaker Store \u2014 L\u2019endroit o\u00f9 l\u2019univers rencontre votre singularit\u00e9.","publisher":{"@id":"\/#organization"},"potentialAction":[{"@type":"SearchAction","target":{"@type":"EntryPoint","urlTemplate":"\/?s={search_term_string}"},"query-input":{"@type":"PropertyValueSpecification","valueRequired":true,"valueName":"search_term_string"}}],"inLanguage":"fr-FR"},{"@type":"Organization","@id":"\/#organization","name":"STYLORAL PTE. LTD","url":"\/","logo":{"@type":"ImageObject","inLanguage":"fr-FR","@id":"\/#\/schema\/logo\/image\/","url":"https:\/\/www.tourcruiser.com\/wp-content\/uploads\/2025\/12\/logo.png","contentUrl":"https:\/\/www.tourcruiser.com\/wp-content\/uploads\/2025\/12\/logo.png","width":200,"height":65,"caption":"STYLORAL PTE. LTD"},"image":{"@id":"\/#\/schema\/logo\/image\/"}}]}},"_links":{"self":[{"href":"https:\/\/tourcruiser.com\/fr\/wp-json\/wp\/v2\/product\/777271","targetHints":{"allow":["GET"]}}],"collection":[{"href":"https:\/\/tourcruiser.com\/fr\/wp-json\/wp\/v2\/product"}],"about":[{"href":"https:\/\/tourcruiser.com\/fr\/wp-json\/wp\/v2\/types\/product"}],"replies":[{"embeddable":true,"href":"https:\/\/tourcruiser.com\/fr\/wp-json\/wp\/v2\/comments?post=777271"}],"wp:featuredmedia":[{"embeddable":true,"href":"https:\/\/tourcruiser.com\/fr\/wp-json\/wp\/v2\/media\/777272"}],"wp:attachment":[{"href":"https:\/\/tourcruiser.com\/fr\/wp-json\/wp\/v2\/media?parent=777271"}],"wp:term":[{"taxonomy":"product_brand","embeddable":true,"href":"https:\/\/tourcruiser.com\/fr\/wp-json\/wp\/v2\/product_brand?post=777271"},{"taxonomy":"product_cat","embeddable":true,"href":"https:\/\/tourcruiser.com\/fr\/wp-json\/wp\/v2\/product_cat?post=777271"},{"taxonomy":"product_tag","embeddable":true,"href":"https:\/\/tourcruiser.com\/fr\/wp-json\/wp\/v2\/product_tag?post=777271"}],"curies":[{"name":"wp","href":"https:\/\/api.w.org\/{rel}","templated":true}]}}