{"id":777095,"date":"2026-04-16T17:18:20","date_gmt":"2026-04-16T10:18:20","guid":{"rendered":"http:\/\/tourcruiser.com\/product\/air-jordan-travis-scott-x-fragment-design-x-1-low-white-green-black-dm7866-128"},"modified":"2026-04-17T23:11:17","modified_gmt":"2026-04-17T16:11:17","slug":"air-jordan-travis-scott-x-fragment-design-x-1-low-white-green-black-dm7866-128","status":"publish","type":"product","link":"https:\/\/tourcruiser.com\/fr\/products\/air-jordan-travis-scott-x-fragment-design-x-1-low-white-green-black-dm7866-128\/","title":{"rendered":"Air Jordan Travis Scott x Fragment Design x 1 Low &lsquo;White Green Black&rsquo; DM7866-128"},"content":{"rendered":"<p>Rehaussez votre style sneakers avec la Air Jordan Travis Scott x Fragment Design x 1 Low \u00ab\u00a0White Green Black\u00a0\u00bb DM7866-128. Cette collaboration allie des \u00e9l\u00e9ments iconiques \u00e0 une touche de modernit\u00e9, avec une empeigne en cuir blanc \u00e9l\u00e9gant, des accents verts \u00e9clatants et des empi\u00e8cements noirs contrastants. Id\u00e9ales pour les collectionneurs et les passionn\u00e9s de mode, ces sneakers offrent un style incomparable et un confort exceptionnel. Saisissez un morceau d&rsquo;histoire de la sneaker\u00a0: procurez-vous votre paire d\u00e8s aujourd&rsquo;hui et enrichissez votre collection.<\/p>\n<p>Code article\u00a0: DM7866-128<\/p>\n<p>Couleur\u00a0: Blanc<\/p>\n<p>\u00c2ge\u00a0: Adulte<\/p>\n<p>Couleur\u00a0: Multicolore<\/p>\n<p>Genre\u00a0: Unisexe<\/p>\n","protected":false},"excerpt":{"rendered":"<p>Rehaussez votre style sneakers avec la Air Jordan Travis Scott x Fragment Design x 1 Low \u00ab\u00a0White Green Black\u00a0\u00bb DM7866-128. Cette collaboration allie des \u00e9l\u00e9ments iconiques \u00e0 une touche de modernit\u00e9, avec une empeigne en cuir blanc \u00e9l\u00e9gant, des accents verts \u00e9clatants et des empi\u00e8cements noirs contrastants. Id\u00e9ales pour les collectionneurs et les passionn\u00e9s de [&hellip;]<\/p>\n","protected":false},"featured_media":777096,"comment_status":"open","ping_status":"closed","template":"","meta":[],"product_brand":[],"product_cat":[38880],"product_tag":[10750,38841,10776,10777,10756,11671,11672],"class_list":{"0":"post-777095","1":"product","2":"type-product","3":"status-publish","4":"has-post-thumbnail","6":"product_cat-jordan","7":"product_tag-athleisure-shoes","8":"product_tag-casual-shoes","9":"product_tag-jordan","10":"product_tag-lifestyle-shoes-basketball-inspired","11":"product_tag-retro-casual-shoes","12":"product_tag-travis-scott-collection","13":"product_tag-travis-scott-shoes","15":"first","16":"instock","17":"taxable","18":"shipping-taxable","19":"purchasable","20":"product-type-simple"},"wcpa_form_fields":null,"yoast_head":"<!-- This site is optimized with the Yoast SEO plugin v26.5 - https:\/\/yoast.com\/wordpress\/plugins\/seo\/ -->\n<title>Air Jordan Travis Scott x Fragment Design x 1 Low &#039;White Green Black&#039; DM7866-128 - TOURCRUISER PTE. LTD<\/title>\n<meta name=\"robots\" content=\"index, follow, max-snippet:-1, max-image-preview:large, max-video-preview:-1\" \/>\n<link rel=\"canonical\" href=\"https:\/\/tourcruiser.com\/fr\/products\/air-jordan-travis-scott-x-fragment-design-x-1-low-white-green-black-dm7866-128\/\" \/>\n<meta property=\"og:locale\" content=\"fr_FR\" \/>\n<meta property=\"og:type\" content=\"article\" \/>\n<meta property=\"og:title\" content=\"Air Jordan Travis Scott x Fragment Design x 1 Low &#039;White Green Black&#039; DM7866-128 - TOURCRUISER PTE. LTD\" \/>\n<meta property=\"og:description\" content=\"Rehaussez votre style sneakers avec la Air Jordan Travis Scott x Fragment Design x 1 Low \u00ab\u00a0White Green Black\u00a0\u00bb DM7866-128. Cette collaboration allie des \u00e9l\u00e9ments iconiques \u00e0 une touche de modernit\u00e9, avec une empeigne en cuir blanc \u00e9l\u00e9gant, des accents verts \u00e9clatants et des empi\u00e8cements noirs contrastants. Id\u00e9ales pour les collectionneurs et les passionn\u00e9s de [&hellip;]\" \/>\n<meta property=\"og:url\" content=\"https:\/\/tourcruiser.com\/fr\/products\/air-jordan-travis-scott-x-fragment-design-x-1-low-white-green-black-dm7866-128\/\" \/>\n<meta property=\"og:site_name\" content=\"Tourcruiser Sneaker Store\" \/>\n<meta property=\"article:modified_time\" content=\"2026-04-17T16:11:17+00:00\" \/>\n<meta name=\"twitter:card\" content=\"summary_large_image\" \/>\n<meta name=\"twitter:image\" content=\"https:\/\/images.novelship.com\/product\/air_jordan_travis_scott_x_fragment_design_x_1_low__0_10877.jpeg;https:\/\/images.novelship.com\/product\/air_jordan_travis_scott_x_fragment_design_x_1_low__1_10877.jpeg;https:\/\/images.novelship.com\/product\/air_jordan_travis_scott_x_fragment_design_x_1_low__2_10877.jpeg;https:\/\/images.novelship.com\/product\/air_jordan_travis_scott_x_fragment_design_x_1_low__3_10877.jpeg\" \/>\n<script type=\"application\/ld+json\" class=\"yoast-schema-graph\">{\"@context\":\"https:\/\/schema.org\",\"@graph\":[{\"@type\":\"WebPage\",\"@id\":\"https:\/\/tourcruiser.com\/fr\/products\/air-jordan-travis-scott-x-fragment-design-x-1-low-white-green-black-dm7866-128\/\",\"url\":\"https:\/\/tourcruiser.com\/fr\/products\/air-jordan-travis-scott-x-fragment-design-x-1-low-white-green-black-dm7866-128\/\",\"name\":\"Air Jordan Travis Scott x Fragment Design x 1 Low 'White Green Black' DM7866-128 - TOURCRUISER PTE. LTD\",\"isPartOf\":{\"@id\":\"\/#website\"},\"primaryImageOfPage\":{\"@id\":\"https:\/\/tourcruiser.com\/fr\/products\/air-jordan-travis-scott-x-fragment-design-x-1-low-white-green-black-dm7866-128\/#primaryimage\"},\"image\":{\"@id\":\"https:\/\/tourcruiser.com\/fr\/products\/air-jordan-travis-scott-x-fragment-design-x-1-low-white-green-black-dm7866-128\/#primaryimage\"},\"thumbnailUrl\":\"https:\/\/images.novelship.com\/product\/air_jordan_travis_scott_x_fragment_design_x_1_low__0_10877.jpeg;https:\/\/images.novelship.com\/product\/air_jordan_travis_scott_x_fragment_design_x_1_low__1_10877.jpeg;https:\/\/images.novelship.com\/product\/air_jordan_travis_scott_x_fragment_design_x_1_low__2_10877.jpeg;https:\/\/images.novelship.com\/product\/air_jordan_travis_scott_x_fragment_design_x_1_low__3_10877.jpeg\",\"datePublished\":\"2026-04-16T10:18:20+00:00\",\"dateModified\":\"2026-04-17T16:11:17+00:00\",\"breadcrumb\":{\"@id\":\"https:\/\/tourcruiser.com\/fr\/products\/air-jordan-travis-scott-x-fragment-design-x-1-low-white-green-black-dm7866-128\/#breadcrumb\"},\"inLanguage\":\"fr-FR\",\"potentialAction\":[{\"@type\":\"ReadAction\",\"target\":[\"https:\/\/tourcruiser.com\/fr\/products\/air-jordan-travis-scott-x-fragment-design-x-1-low-white-green-black-dm7866-128\/\"]}]},{\"@type\":\"ImageObject\",\"inLanguage\":\"fr-FR\",\"@id\":\"https:\/\/tourcruiser.com\/fr\/products\/air-jordan-travis-scott-x-fragment-design-x-1-low-white-green-black-dm7866-128\/#primaryimage\",\"url\":\"https:\/\/images.novelship.com\/product\/air_jordan_travis_scott_x_fragment_design_x_1_low__0_10877.jpeg;https:\/\/images.novelship.com\/product\/air_jordan_travis_scott_x_fragment_design_x_1_low__1_10877.jpeg;https:\/\/images.novelship.com\/product\/air_jordan_travis_scott_x_fragment_design_x_1_low__2_10877.jpeg;https:\/\/images.novelship.com\/product\/air_jordan_travis_scott_x_fragment_design_x_1_low__3_10877.jpeg\",\"contentUrl\":\"https:\/\/images.novelship.com\/product\/air_jordan_travis_scott_x_fragment_design_x_1_low__0_10877.jpeg;https:\/\/images.novelship.com\/product\/air_jordan_travis_scott_x_fragment_design_x_1_low__1_10877.jpeg;https:\/\/images.novelship.com\/product\/air_jordan_travis_scott_x_fragment_design_x_1_low__2_10877.jpeg;https:\/\/images.novelship.com\/product\/air_jordan_travis_scott_x_fragment_design_x_1_low__3_10877.jpeg\"},{\"@type\":\"BreadcrumbList\",\"@id\":\"https:\/\/tourcruiser.com\/fr\/products\/air-jordan-travis-scott-x-fragment-design-x-1-low-white-green-black-dm7866-128\/#breadcrumb\",\"itemListElement\":[{\"@type\":\"ListItem\",\"position\":1,\"name\":\"Home\",\"item\":\"https:\/\/tourcruiser.com\/fr\/\"},{\"@type\":\"ListItem\",\"position\":2,\"name\":\"Shop\",\"item\":\"https:\/\/tourcruiser.com\/fr\/shop\/\"},{\"@type\":\"ListItem\",\"position\":3,\"name\":\"Air Jordan Travis Scott x Fragment Design x 1 Low &#8216;White Green Black&#8217; DM7866-128\"}]},{\"@type\":\"WebSite\",\"@id\":\"\/#website\",\"url\":\"\/\",\"name\":\"Styloral Jewelry Shop\",\"description\":\"Tourcruiser Sneaker Store \u2014 L\u2019endroit o\u00f9 l\u2019univers rencontre votre singularit\u00e9.\",\"publisher\":{\"@id\":\"\/#organization\"},\"potentialAction\":[{\"@type\":\"SearchAction\",\"target\":{\"@type\":\"EntryPoint\",\"urlTemplate\":\"\/?s={search_term_string}\"},\"query-input\":{\"@type\":\"PropertyValueSpecification\",\"valueRequired\":true,\"valueName\":\"search_term_string\"}}],\"inLanguage\":\"fr-FR\"},{\"@type\":\"Organization\",\"@id\":\"\/#organization\",\"name\":\"STYLORAL PTE. LTD\",\"url\":\"\/\",\"logo\":{\"@type\":\"ImageObject\",\"inLanguage\":\"fr-FR\",\"@id\":\"\/#\/schema\/logo\/image\/\",\"url\":\"https:\/\/www.tourcruiser.com\/wp-content\/uploads\/2025\/12\/logo.png\",\"contentUrl\":\"https:\/\/www.tourcruiser.com\/wp-content\/uploads\/2025\/12\/logo.png\",\"width\":200,\"height\":65,\"caption\":\"STYLORAL PTE. LTD\"},\"image\":{\"@id\":\"\/#\/schema\/logo\/image\/\"}}]}<\/script>\n<!-- \/ Yoast SEO plugin. -->","yoast_head_json":{"title":"Air Jordan Travis Scott x Fragment Design x 1 Low 'White Green Black' DM7866-128 - TOURCRUISER PTE. LTD","robots":{"index":"index","follow":"follow","max-snippet":"max-snippet:-1","max-image-preview":"max-image-preview:large","max-video-preview":"max-video-preview:-1"},"canonical":"https:\/\/tourcruiser.com\/fr\/products\/air-jordan-travis-scott-x-fragment-design-x-1-low-white-green-black-dm7866-128\/","og_locale":"fr_FR","og_type":"article","og_title":"Air Jordan Travis Scott x Fragment Design x 1 Low 'White Green Black' DM7866-128 - TOURCRUISER PTE. LTD","og_description":"Rehaussez votre style sneakers avec la Air Jordan Travis Scott x Fragment Design x 1 Low \u00ab\u00a0White Green Black\u00a0\u00bb DM7866-128. Cette collaboration allie des \u00e9l\u00e9ments iconiques \u00e0 une touche de modernit\u00e9, avec une empeigne en cuir blanc \u00e9l\u00e9gant, des accents verts \u00e9clatants et des empi\u00e8cements noirs contrastants. Id\u00e9ales pour les collectionneurs et les passionn\u00e9s de [&hellip;]","og_url":"https:\/\/tourcruiser.com\/fr\/products\/air-jordan-travis-scott-x-fragment-design-x-1-low-white-green-black-dm7866-128\/","og_site_name":"Tourcruiser Sneaker Store","article_modified_time":"2026-04-17T16:11:17+00:00","twitter_card":"summary_large_image","twitter_image":"https:\/\/images.novelship.com\/product\/air_jordan_travis_scott_x_fragment_design_x_1_low__0_10877.jpeg;https:\/\/images.novelship.com\/product\/air_jordan_travis_scott_x_fragment_design_x_1_low__1_10877.jpeg;https:\/\/images.novelship.com\/product\/air_jordan_travis_scott_x_fragment_design_x_1_low__2_10877.jpeg;https:\/\/images.novelship.com\/product\/air_jordan_travis_scott_x_fragment_design_x_1_low__3_10877.jpeg","schema":{"@context":"https:\/\/schema.org","@graph":[{"@type":"WebPage","@id":"https:\/\/tourcruiser.com\/fr\/products\/air-jordan-travis-scott-x-fragment-design-x-1-low-white-green-black-dm7866-128\/","url":"https:\/\/tourcruiser.com\/fr\/products\/air-jordan-travis-scott-x-fragment-design-x-1-low-white-green-black-dm7866-128\/","name":"Air Jordan Travis Scott x Fragment Design x 1 Low 'White Green Black' DM7866-128 - TOURCRUISER PTE. LTD","isPartOf":{"@id":"\/#website"},"primaryImageOfPage":{"@id":"https:\/\/tourcruiser.com\/fr\/products\/air-jordan-travis-scott-x-fragment-design-x-1-low-white-green-black-dm7866-128\/#primaryimage"},"image":{"@id":"https:\/\/tourcruiser.com\/fr\/products\/air-jordan-travis-scott-x-fragment-design-x-1-low-white-green-black-dm7866-128\/#primaryimage"},"thumbnailUrl":"https:\/\/images.novelship.com\/product\/air_jordan_travis_scott_x_fragment_design_x_1_low__0_10877.jpeg;https:\/\/images.novelship.com\/product\/air_jordan_travis_scott_x_fragment_design_x_1_low__1_10877.jpeg;https:\/\/images.novelship.com\/product\/air_jordan_travis_scott_x_fragment_design_x_1_low__2_10877.jpeg;https:\/\/images.novelship.com\/product\/air_jordan_travis_scott_x_fragment_design_x_1_low__3_10877.jpeg","datePublished":"2026-04-16T10:18:20+00:00","dateModified":"2026-04-17T16:11:17+00:00","breadcrumb":{"@id":"https:\/\/tourcruiser.com\/fr\/products\/air-jordan-travis-scott-x-fragment-design-x-1-low-white-green-black-dm7866-128\/#breadcrumb"},"inLanguage":"fr-FR","potentialAction":[{"@type":"ReadAction","target":["https:\/\/tourcruiser.com\/fr\/products\/air-jordan-travis-scott-x-fragment-design-x-1-low-white-green-black-dm7866-128\/"]}]},{"@type":"ImageObject","inLanguage":"fr-FR","@id":"https:\/\/tourcruiser.com\/fr\/products\/air-jordan-travis-scott-x-fragment-design-x-1-low-white-green-black-dm7866-128\/#primaryimage","url":"https:\/\/images.novelship.com\/product\/air_jordan_travis_scott_x_fragment_design_x_1_low__0_10877.jpeg;https:\/\/images.novelship.com\/product\/air_jordan_travis_scott_x_fragment_design_x_1_low__1_10877.jpeg;https:\/\/images.novelship.com\/product\/air_jordan_travis_scott_x_fragment_design_x_1_low__2_10877.jpeg;https:\/\/images.novelship.com\/product\/air_jordan_travis_scott_x_fragment_design_x_1_low__3_10877.jpeg","contentUrl":"https:\/\/images.novelship.com\/product\/air_jordan_travis_scott_x_fragment_design_x_1_low__0_10877.jpeg;https:\/\/images.novelship.com\/product\/air_jordan_travis_scott_x_fragment_design_x_1_low__1_10877.jpeg;https:\/\/images.novelship.com\/product\/air_jordan_travis_scott_x_fragment_design_x_1_low__2_10877.jpeg;https:\/\/images.novelship.com\/product\/air_jordan_travis_scott_x_fragment_design_x_1_low__3_10877.jpeg"},{"@type":"BreadcrumbList","@id":"https:\/\/tourcruiser.com\/fr\/products\/air-jordan-travis-scott-x-fragment-design-x-1-low-white-green-black-dm7866-128\/#breadcrumb","itemListElement":[{"@type":"ListItem","position":1,"name":"Home","item":"https:\/\/tourcruiser.com\/fr\/"},{"@type":"ListItem","position":2,"name":"Shop","item":"https:\/\/tourcruiser.com\/fr\/shop\/"},{"@type":"ListItem","position":3,"name":"Air Jordan Travis Scott x Fragment Design x 1 Low &#8216;White Green Black&#8217; DM7866-128"}]},{"@type":"WebSite","@id":"\/#website","url":"\/","name":"Styloral Jewelry Shop","description":"Tourcruiser Sneaker Store \u2014 L\u2019endroit o\u00f9 l\u2019univers rencontre votre singularit\u00e9.","publisher":{"@id":"\/#organization"},"potentialAction":[{"@type":"SearchAction","target":{"@type":"EntryPoint","urlTemplate":"\/?s={search_term_string}"},"query-input":{"@type":"PropertyValueSpecification","valueRequired":true,"valueName":"search_term_string"}}],"inLanguage":"fr-FR"},{"@type":"Organization","@id":"\/#organization","name":"STYLORAL PTE. LTD","url":"\/","logo":{"@type":"ImageObject","inLanguage":"fr-FR","@id":"\/#\/schema\/logo\/image\/","url":"https:\/\/www.tourcruiser.com\/wp-content\/uploads\/2025\/12\/logo.png","contentUrl":"https:\/\/www.tourcruiser.com\/wp-content\/uploads\/2025\/12\/logo.png","width":200,"height":65,"caption":"STYLORAL PTE. LTD"},"image":{"@id":"\/#\/schema\/logo\/image\/"}}]}},"_links":{"self":[{"href":"https:\/\/tourcruiser.com\/fr\/wp-json\/wp\/v2\/product\/777095","targetHints":{"allow":["GET"]}}],"collection":[{"href":"https:\/\/tourcruiser.com\/fr\/wp-json\/wp\/v2\/product"}],"about":[{"href":"https:\/\/tourcruiser.com\/fr\/wp-json\/wp\/v2\/types\/product"}],"replies":[{"embeddable":true,"href":"https:\/\/tourcruiser.com\/fr\/wp-json\/wp\/v2\/comments?post=777095"}],"wp:featuredmedia":[{"embeddable":true,"href":"https:\/\/tourcruiser.com\/fr\/wp-json\/wp\/v2\/media\/777096"}],"wp:attachment":[{"href":"https:\/\/tourcruiser.com\/fr\/wp-json\/wp\/v2\/media?parent=777095"}],"wp:term":[{"taxonomy":"product_brand","embeddable":true,"href":"https:\/\/tourcruiser.com\/fr\/wp-json\/wp\/v2\/product_brand?post=777095"},{"taxonomy":"product_cat","embeddable":true,"href":"https:\/\/tourcruiser.com\/fr\/wp-json\/wp\/v2\/product_cat?post=777095"},{"taxonomy":"product_tag","embeddable":true,"href":"https:\/\/tourcruiser.com\/fr\/wp-json\/wp\/v2\/product_tag?post=777095"}],"curies":[{"name":"wp","href":"https:\/\/api.w.org\/{rel}","templated":true}]}}