{"id":777069,"date":"2026-04-16T17:18:18","date_gmt":"2026-04-16T10:18:18","guid":{"rendered":"http:\/\/tourcruiser.com\/product\/undefeated-x-jordan-x-air-jordan-4-retro-green-jbm351-m1"},"modified":"2026-04-17T23:11:13","modified_gmt":"2026-04-17T16:11:13","slug":"undefeated-x-jordan-x-air-jordan-4-retro-green-jbm351-m1","status":"publish","type":"product","link":"https:\/\/tourcruiser.com\/fr\/products\/undefeated-x-jordan-x-air-jordan-4-retro-green-jbm351-m1\/","title":{"rendered":"UNDEFEATED x Jordan x Air Jordan 4 Retro &lsquo;Green&rsquo; JBM351-M1"},"content":{"rendered":"<p>Affirmez votre style avec la UNDEFEATED x Jordan x Air Jordan 4 Retro \u00ab\u00a0Green\u00a0\u00bb. Cette silhouette iconique arbore une empeigne d&rsquo;un vert \u00e9clatant et le logo UNDEFEATED signature sur le talon et la semelle int\u00e9rieure. Avec son amorti confortable et son design l\u00e9gendaire, c&rsquo;est un incontournable pour les passionn\u00e9s de sneakers. Passez \u00e0 la vitesse sup\u00e9rieure avec cette collaboration en \u00e9dition limit\u00e9e \u2013 parfaite pour le terrain comme au quotidien.<\/p>\n<p>Coloris\u00a0: Daim vert olive \u2013 Flight Satin UNDFTD<\/p>\n<p>Code article\u00a0: JBM351-M1<\/p>\n<p>Empeigne\u00a0: Cuir nubuck<\/p>\n<p>Semelle interm\u00e9diaire\u00a0: Air<\/p>\n<p>Designer\u00a0: Tinker Hatfield<\/p>\n<p>Ann\u00e9e de sortie\u00a0: 2005<\/p>\n<p>\u00c2ge\u00a0: Adulte<\/p>\n<p>Couleur\u00a0: Noir\/Vert pin\/Blanc\/Rouge gym<br \/>\nGenre\u00a0: Homme<\/p>\n","protected":false},"excerpt":{"rendered":"<p>Affirmez votre style avec la UNDEFEATED x Jordan x Air Jordan 4 Retro \u00ab\u00a0Green\u00a0\u00bb. Cette silhouette iconique arbore une empeigne d&rsquo;un vert \u00e9clatant et le logo UNDEFEATED signature sur le talon et la semelle int\u00e9rieure. Avec son amorti confortable et son design l\u00e9gendaire, c&rsquo;est un incontournable pour les passionn\u00e9s de sneakers. Passez \u00e0 la vitesse [&hellip;]<\/p>\n","protected":false},"featured_media":777070,"comment_status":"open","ping_status":"closed","template":"","meta":[],"product_brand":[],"product_cat":[38880],"product_tag":[10750,38841,38842,10776,11349,38875,38886,10756],"class_list":{"0":"post-777069","1":"product","2":"type-product","3":"status-publish","4":"has-post-thumbnail","6":"product_cat-jordan","7":"product_tag-athleisure-shoes","8":"product_tag-casual-shoes","9":"product_tag-gift-idea-for-him","10":"product_tag-jordan","11":"product_tag-jordan-basketball-shoes","12":"product_tag-jordan-skateboard-shoes","13":"product_tag-lifestyle-shoes-inspired-by-basketball","14":"product_tag-retro-casual-shoes","16":"first","17":"instock","18":"taxable","19":"shipping-taxable","20":"purchasable","21":"product-type-simple"},"wcpa_form_fields":null,"yoast_head":"<!-- This site is optimized with the Yoast SEO plugin v26.5 - https:\/\/yoast.com\/wordpress\/plugins\/seo\/ -->\n<title>UNDEFEATED x Jordan x Air Jordan 4 Retro &#039;Green&#039; JBM351-M1 - TOURCRUISER PTE. LTD<\/title>\n<meta name=\"robots\" content=\"index, follow, max-snippet:-1, max-image-preview:large, max-video-preview:-1\" \/>\n<link rel=\"canonical\" href=\"https:\/\/tourcruiser.com\/fr\/products\/undefeated-x-jordan-x-air-jordan-4-retro-green-jbm351-m1\/\" \/>\n<meta property=\"og:locale\" content=\"fr_FR\" \/>\n<meta property=\"og:type\" content=\"article\" \/>\n<meta property=\"og:title\" content=\"UNDEFEATED x Jordan x Air Jordan 4 Retro &#039;Green&#039; JBM351-M1 - TOURCRUISER PTE. LTD\" \/>\n<meta property=\"og:description\" content=\"Affirmez votre style avec la UNDEFEATED x Jordan x Air Jordan 4 Retro \u00ab\u00a0Green\u00a0\u00bb. Cette silhouette iconique arbore une empeigne d&rsquo;un vert \u00e9clatant et le logo UNDEFEATED signature sur le talon et la semelle int\u00e9rieure. Avec son amorti confortable et son design l\u00e9gendaire, c&rsquo;est un incontournable pour les passionn\u00e9s de sneakers. Passez \u00e0 la vitesse [&hellip;]\" \/>\n<meta property=\"og:url\" content=\"https:\/\/tourcruiser.com\/fr\/products\/undefeated-x-jordan-x-air-jordan-4-retro-green-jbm351-m1\/\" \/>\n<meta property=\"og:site_name\" content=\"Tourcruiser Sneaker Store\" \/>\n<meta property=\"article:modified_time\" content=\"2026-04-17T16:11:13+00:00\" \/>\n<meta name=\"twitter:card\" content=\"summary_large_image\" \/>\n<meta name=\"twitter:image\" content=\"https:\/\/images.novelship.com\/product\/undefeated_x_jordan_x_air_jordan_4_retro__green__j_0_86288.jpeg;https:\/\/images.novelship.com\/product\/undefeated_x_jordan_x_air_jordan_4_retro__green__j_1_86288.jpeg;https:\/\/images.novelship.com\/product\/undefeated_x_jordan_x_air_jordan_4_retro__green__j_2_86288.jpeg;https:\/\/images.novelship.com\/product\/undefeated_x_jordan_x_air_jordan_4_retro__green__j_3_86288.jpeg;https:\/\/images.novelship.com\/product\/undefeated_x_jordan_x_air_jordan_4_retro__green__j_4_86288.jpeg;https:\/\/images.novelship.com\/product\/undefeated_x_jordan_x_air_jordan_4_retro__green__j_5_86288.jpeg;https:\/\/images.novelship.com\/product\/undefeated_x_jordan_x_air_jordan_4_retro__green__j_6_86288.jpeg;https:\/\/images.novelship.com\/product\/undefeated_x_jordan_x_air_jordan_4_retro__green__j_7_86288.jpeg\" \/>\n<meta name=\"twitter:label1\" content=\"Dur\u00e9e de lecture estim\u00e9e\" \/>\n\t<meta name=\"twitter:data1\" content=\"1 minute\" \/>\n<script type=\"application\/ld+json\" class=\"yoast-schema-graph\">{\"@context\":\"https:\/\/schema.org\",\"@graph\":[{\"@type\":\"WebPage\",\"@id\":\"https:\/\/tourcruiser.com\/fr\/products\/undefeated-x-jordan-x-air-jordan-4-retro-green-jbm351-m1\/\",\"url\":\"https:\/\/tourcruiser.com\/fr\/products\/undefeated-x-jordan-x-air-jordan-4-retro-green-jbm351-m1\/\",\"name\":\"UNDEFEATED x Jordan x Air Jordan 4 Retro 'Green' JBM351-M1 - TOURCRUISER PTE. LTD\",\"isPartOf\":{\"@id\":\"\/#website\"},\"primaryImageOfPage\":{\"@id\":\"https:\/\/tourcruiser.com\/fr\/products\/undefeated-x-jordan-x-air-jordan-4-retro-green-jbm351-m1\/#primaryimage\"},\"image\":{\"@id\":\"https:\/\/tourcruiser.com\/fr\/products\/undefeated-x-jordan-x-air-jordan-4-retro-green-jbm351-m1\/#primaryimage\"},\"thumbnailUrl\":\"https:\/\/images.novelship.com\/product\/undefeated_x_jordan_x_air_jordan_4_retro__green__j_0_86288.jpeg;https:\/\/images.novelship.com\/product\/undefeated_x_jordan_x_air_jordan_4_retro__green__j_1_86288.jpeg;https:\/\/images.novelship.com\/product\/undefeated_x_jordan_x_air_jordan_4_retro__green__j_2_86288.jpeg;https:\/\/images.novelship.com\/product\/undefeated_x_jordan_x_air_jordan_4_retro__green__j_3_86288.jpeg;https:\/\/images.novelship.com\/product\/undefeated_x_jordan_x_air_jordan_4_retro__green__j_4_86288.jpeg;https:\/\/images.novelship.com\/product\/undefeated_x_jordan_x_air_jordan_4_retro__green__j_5_86288.jpeg;https:\/\/images.novelship.com\/product\/undefeated_x_jordan_x_air_jordan_4_retro__green__j_6_86288.jpeg;https:\/\/images.novelship.com\/product\/undefeated_x_jordan_x_air_jordan_4_retro__green__j_7_86288.jpeg\",\"datePublished\":\"2026-04-16T10:18:18+00:00\",\"dateModified\":\"2026-04-17T16:11:13+00:00\",\"breadcrumb\":{\"@id\":\"https:\/\/tourcruiser.com\/fr\/products\/undefeated-x-jordan-x-air-jordan-4-retro-green-jbm351-m1\/#breadcrumb\"},\"inLanguage\":\"fr-FR\",\"potentialAction\":[{\"@type\":\"ReadAction\",\"target\":[\"https:\/\/tourcruiser.com\/fr\/products\/undefeated-x-jordan-x-air-jordan-4-retro-green-jbm351-m1\/\"]}]},{\"@type\":\"ImageObject\",\"inLanguage\":\"fr-FR\",\"@id\":\"https:\/\/tourcruiser.com\/fr\/products\/undefeated-x-jordan-x-air-jordan-4-retro-green-jbm351-m1\/#primaryimage\",\"url\":\"https:\/\/images.novelship.com\/product\/undefeated_x_jordan_x_air_jordan_4_retro__green__j_0_86288.jpeg;https:\/\/images.novelship.com\/product\/undefeated_x_jordan_x_air_jordan_4_retro__green__j_1_86288.jpeg;https:\/\/images.novelship.com\/product\/undefeated_x_jordan_x_air_jordan_4_retro__green__j_2_86288.jpeg;https:\/\/images.novelship.com\/product\/undefeated_x_jordan_x_air_jordan_4_retro__green__j_3_86288.jpeg;https:\/\/images.novelship.com\/product\/undefeated_x_jordan_x_air_jordan_4_retro__green__j_4_86288.jpeg;https:\/\/images.novelship.com\/product\/undefeated_x_jordan_x_air_jordan_4_retro__green__j_5_86288.jpeg;https:\/\/images.novelship.com\/product\/undefeated_x_jordan_x_air_jordan_4_retro__green__j_6_86288.jpeg;https:\/\/images.novelship.com\/product\/undefeated_x_jordan_x_air_jordan_4_retro__green__j_7_86288.jpeg\",\"contentUrl\":\"https:\/\/images.novelship.com\/product\/undefeated_x_jordan_x_air_jordan_4_retro__green__j_0_86288.jpeg;https:\/\/images.novelship.com\/product\/undefeated_x_jordan_x_air_jordan_4_retro__green__j_1_86288.jpeg;https:\/\/images.novelship.com\/product\/undefeated_x_jordan_x_air_jordan_4_retro__green__j_2_86288.jpeg;https:\/\/images.novelship.com\/product\/undefeated_x_jordan_x_air_jordan_4_retro__green__j_3_86288.jpeg;https:\/\/images.novelship.com\/product\/undefeated_x_jordan_x_air_jordan_4_retro__green__j_4_86288.jpeg;https:\/\/images.novelship.com\/product\/undefeated_x_jordan_x_air_jordan_4_retro__green__j_5_86288.jpeg;https:\/\/images.novelship.com\/product\/undefeated_x_jordan_x_air_jordan_4_retro__green__j_6_86288.jpeg;https:\/\/images.novelship.com\/product\/undefeated_x_jordan_x_air_jordan_4_retro__green__j_7_86288.jpeg\"},{\"@type\":\"BreadcrumbList\",\"@id\":\"https:\/\/tourcruiser.com\/fr\/products\/undefeated-x-jordan-x-air-jordan-4-retro-green-jbm351-m1\/#breadcrumb\",\"itemListElement\":[{\"@type\":\"ListItem\",\"position\":1,\"name\":\"Home\",\"item\":\"https:\/\/tourcruiser.com\/fr\/\"},{\"@type\":\"ListItem\",\"position\":2,\"name\":\"Shop\",\"item\":\"https:\/\/tourcruiser.com\/fr\/shop\/\"},{\"@type\":\"ListItem\",\"position\":3,\"name\":\"UNDEFEATED x Jordan x Air Jordan 4 Retro &#8216;Green&#8217; JBM351-M1\"}]},{\"@type\":\"WebSite\",\"@id\":\"\/#website\",\"url\":\"\/\",\"name\":\"Styloral Jewelry Shop\",\"description\":\"Tourcruiser Sneaker Store \u2014 L\u2019endroit o\u00f9 l\u2019univers rencontre votre singularit\u00e9.\",\"publisher\":{\"@id\":\"\/#organization\"},\"potentialAction\":[{\"@type\":\"SearchAction\",\"target\":{\"@type\":\"EntryPoint\",\"urlTemplate\":\"\/?s={search_term_string}\"},\"query-input\":{\"@type\":\"PropertyValueSpecification\",\"valueRequired\":true,\"valueName\":\"search_term_string\"}}],\"inLanguage\":\"fr-FR\"},{\"@type\":\"Organization\",\"@id\":\"\/#organization\",\"name\":\"STYLORAL PTE. LTD\",\"url\":\"\/\",\"logo\":{\"@type\":\"ImageObject\",\"inLanguage\":\"fr-FR\",\"@id\":\"\/#\/schema\/logo\/image\/\",\"url\":\"https:\/\/www.tourcruiser.com\/wp-content\/uploads\/2025\/12\/logo.png\",\"contentUrl\":\"https:\/\/www.tourcruiser.com\/wp-content\/uploads\/2025\/12\/logo.png\",\"width\":200,\"height\":65,\"caption\":\"STYLORAL PTE. LTD\"},\"image\":{\"@id\":\"\/#\/schema\/logo\/image\/\"}}]}<\/script>\n<!-- \/ Yoast SEO plugin. -->","yoast_head_json":{"title":"UNDEFEATED x Jordan x Air Jordan 4 Retro 'Green' JBM351-M1 - TOURCRUISER PTE. LTD","robots":{"index":"index","follow":"follow","max-snippet":"max-snippet:-1","max-image-preview":"max-image-preview:large","max-video-preview":"max-video-preview:-1"},"canonical":"https:\/\/tourcruiser.com\/fr\/products\/undefeated-x-jordan-x-air-jordan-4-retro-green-jbm351-m1\/","og_locale":"fr_FR","og_type":"article","og_title":"UNDEFEATED x Jordan x Air Jordan 4 Retro 'Green' JBM351-M1 - TOURCRUISER PTE. LTD","og_description":"Affirmez votre style avec la UNDEFEATED x Jordan x Air Jordan 4 Retro \u00ab\u00a0Green\u00a0\u00bb. Cette silhouette iconique arbore une empeigne d&rsquo;un vert \u00e9clatant et le logo UNDEFEATED signature sur le talon et la semelle int\u00e9rieure. Avec son amorti confortable et son design l\u00e9gendaire, c&rsquo;est un incontournable pour les passionn\u00e9s de sneakers. Passez \u00e0 la vitesse [&hellip;]","og_url":"https:\/\/tourcruiser.com\/fr\/products\/undefeated-x-jordan-x-air-jordan-4-retro-green-jbm351-m1\/","og_site_name":"Tourcruiser Sneaker Store","article_modified_time":"2026-04-17T16:11:13+00:00","twitter_card":"summary_large_image","twitter_image":"https:\/\/images.novelship.com\/product\/undefeated_x_jordan_x_air_jordan_4_retro__green__j_0_86288.jpeg;https:\/\/images.novelship.com\/product\/undefeated_x_jordan_x_air_jordan_4_retro__green__j_1_86288.jpeg;https:\/\/images.novelship.com\/product\/undefeated_x_jordan_x_air_jordan_4_retro__green__j_2_86288.jpeg;https:\/\/images.novelship.com\/product\/undefeated_x_jordan_x_air_jordan_4_retro__green__j_3_86288.jpeg;https:\/\/images.novelship.com\/product\/undefeated_x_jordan_x_air_jordan_4_retro__green__j_4_86288.jpeg;https:\/\/images.novelship.com\/product\/undefeated_x_jordan_x_air_jordan_4_retro__green__j_5_86288.jpeg;https:\/\/images.novelship.com\/product\/undefeated_x_jordan_x_air_jordan_4_retro__green__j_6_86288.jpeg;https:\/\/images.novelship.com\/product\/undefeated_x_jordan_x_air_jordan_4_retro__green__j_7_86288.jpeg","twitter_misc":{"Dur\u00e9e de lecture estim\u00e9e":"1 minute"},"schema":{"@context":"https:\/\/schema.org","@graph":[{"@type":"WebPage","@id":"https:\/\/tourcruiser.com\/fr\/products\/undefeated-x-jordan-x-air-jordan-4-retro-green-jbm351-m1\/","url":"https:\/\/tourcruiser.com\/fr\/products\/undefeated-x-jordan-x-air-jordan-4-retro-green-jbm351-m1\/","name":"UNDEFEATED x Jordan x Air Jordan 4 Retro 'Green' JBM351-M1 - TOURCRUISER PTE. LTD","isPartOf":{"@id":"\/#website"},"primaryImageOfPage":{"@id":"https:\/\/tourcruiser.com\/fr\/products\/undefeated-x-jordan-x-air-jordan-4-retro-green-jbm351-m1\/#primaryimage"},"image":{"@id":"https:\/\/tourcruiser.com\/fr\/products\/undefeated-x-jordan-x-air-jordan-4-retro-green-jbm351-m1\/#primaryimage"},"thumbnailUrl":"https:\/\/images.novelship.com\/product\/undefeated_x_jordan_x_air_jordan_4_retro__green__j_0_86288.jpeg;https:\/\/images.novelship.com\/product\/undefeated_x_jordan_x_air_jordan_4_retro__green__j_1_86288.jpeg;https:\/\/images.novelship.com\/product\/undefeated_x_jordan_x_air_jordan_4_retro__green__j_2_86288.jpeg;https:\/\/images.novelship.com\/product\/undefeated_x_jordan_x_air_jordan_4_retro__green__j_3_86288.jpeg;https:\/\/images.novelship.com\/product\/undefeated_x_jordan_x_air_jordan_4_retro__green__j_4_86288.jpeg;https:\/\/images.novelship.com\/product\/undefeated_x_jordan_x_air_jordan_4_retro__green__j_5_86288.jpeg;https:\/\/images.novelship.com\/product\/undefeated_x_jordan_x_air_jordan_4_retro__green__j_6_86288.jpeg;https:\/\/images.novelship.com\/product\/undefeated_x_jordan_x_air_jordan_4_retro__green__j_7_86288.jpeg","datePublished":"2026-04-16T10:18:18+00:00","dateModified":"2026-04-17T16:11:13+00:00","breadcrumb":{"@id":"https:\/\/tourcruiser.com\/fr\/products\/undefeated-x-jordan-x-air-jordan-4-retro-green-jbm351-m1\/#breadcrumb"},"inLanguage":"fr-FR","potentialAction":[{"@type":"ReadAction","target":["https:\/\/tourcruiser.com\/fr\/products\/undefeated-x-jordan-x-air-jordan-4-retro-green-jbm351-m1\/"]}]},{"@type":"ImageObject","inLanguage":"fr-FR","@id":"https:\/\/tourcruiser.com\/fr\/products\/undefeated-x-jordan-x-air-jordan-4-retro-green-jbm351-m1\/#primaryimage","url":"https:\/\/images.novelship.com\/product\/undefeated_x_jordan_x_air_jordan_4_retro__green__j_0_86288.jpeg;https:\/\/images.novelship.com\/product\/undefeated_x_jordan_x_air_jordan_4_retro__green__j_1_86288.jpeg;https:\/\/images.novelship.com\/product\/undefeated_x_jordan_x_air_jordan_4_retro__green__j_2_86288.jpeg;https:\/\/images.novelship.com\/product\/undefeated_x_jordan_x_air_jordan_4_retro__green__j_3_86288.jpeg;https:\/\/images.novelship.com\/product\/undefeated_x_jordan_x_air_jordan_4_retro__green__j_4_86288.jpeg;https:\/\/images.novelship.com\/product\/undefeated_x_jordan_x_air_jordan_4_retro__green__j_5_86288.jpeg;https:\/\/images.novelship.com\/product\/undefeated_x_jordan_x_air_jordan_4_retro__green__j_6_86288.jpeg;https:\/\/images.novelship.com\/product\/undefeated_x_jordan_x_air_jordan_4_retro__green__j_7_86288.jpeg","contentUrl":"https:\/\/images.novelship.com\/product\/undefeated_x_jordan_x_air_jordan_4_retro__green__j_0_86288.jpeg;https:\/\/images.novelship.com\/product\/undefeated_x_jordan_x_air_jordan_4_retro__green__j_1_86288.jpeg;https:\/\/images.novelship.com\/product\/undefeated_x_jordan_x_air_jordan_4_retro__green__j_2_86288.jpeg;https:\/\/images.novelship.com\/product\/undefeated_x_jordan_x_air_jordan_4_retro__green__j_3_86288.jpeg;https:\/\/images.novelship.com\/product\/undefeated_x_jordan_x_air_jordan_4_retro__green__j_4_86288.jpeg;https:\/\/images.novelship.com\/product\/undefeated_x_jordan_x_air_jordan_4_retro__green__j_5_86288.jpeg;https:\/\/images.novelship.com\/product\/undefeated_x_jordan_x_air_jordan_4_retro__green__j_6_86288.jpeg;https:\/\/images.novelship.com\/product\/undefeated_x_jordan_x_air_jordan_4_retro__green__j_7_86288.jpeg"},{"@type":"BreadcrumbList","@id":"https:\/\/tourcruiser.com\/fr\/products\/undefeated-x-jordan-x-air-jordan-4-retro-green-jbm351-m1\/#breadcrumb","itemListElement":[{"@type":"ListItem","position":1,"name":"Home","item":"https:\/\/tourcruiser.com\/fr\/"},{"@type":"ListItem","position":2,"name":"Shop","item":"https:\/\/tourcruiser.com\/fr\/shop\/"},{"@type":"ListItem","position":3,"name":"UNDEFEATED x Jordan x Air Jordan 4 Retro &#8216;Green&#8217; JBM351-M1"}]},{"@type":"WebSite","@id":"\/#website","url":"\/","name":"Styloral Jewelry Shop","description":"Tourcruiser Sneaker Store \u2014 L\u2019endroit o\u00f9 l\u2019univers rencontre votre singularit\u00e9.","publisher":{"@id":"\/#organization"},"potentialAction":[{"@type":"SearchAction","target":{"@type":"EntryPoint","urlTemplate":"\/?s={search_term_string}"},"query-input":{"@type":"PropertyValueSpecification","valueRequired":true,"valueName":"search_term_string"}}],"inLanguage":"fr-FR"},{"@type":"Organization","@id":"\/#organization","name":"STYLORAL PTE. LTD","url":"\/","logo":{"@type":"ImageObject","inLanguage":"fr-FR","@id":"\/#\/schema\/logo\/image\/","url":"https:\/\/www.tourcruiser.com\/wp-content\/uploads\/2025\/12\/logo.png","contentUrl":"https:\/\/www.tourcruiser.com\/wp-content\/uploads\/2025\/12\/logo.png","width":200,"height":65,"caption":"STYLORAL PTE. LTD"},"image":{"@id":"\/#\/schema\/logo\/image\/"}}]}},"_links":{"self":[{"href":"https:\/\/tourcruiser.com\/fr\/wp-json\/wp\/v2\/product\/777069","targetHints":{"allow":["GET"]}}],"collection":[{"href":"https:\/\/tourcruiser.com\/fr\/wp-json\/wp\/v2\/product"}],"about":[{"href":"https:\/\/tourcruiser.com\/fr\/wp-json\/wp\/v2\/types\/product"}],"replies":[{"embeddable":true,"href":"https:\/\/tourcruiser.com\/fr\/wp-json\/wp\/v2\/comments?post=777069"}],"wp:featuredmedia":[{"embeddable":true,"href":"https:\/\/tourcruiser.com\/fr\/wp-json\/wp\/v2\/media\/777070"}],"wp:attachment":[{"href":"https:\/\/tourcruiser.com\/fr\/wp-json\/wp\/v2\/media?parent=777069"}],"wp:term":[{"taxonomy":"product_brand","embeddable":true,"href":"https:\/\/tourcruiser.com\/fr\/wp-json\/wp\/v2\/product_brand?post=777069"},{"taxonomy":"product_cat","embeddable":true,"href":"https:\/\/tourcruiser.com\/fr\/wp-json\/wp\/v2\/product_cat?post=777069"},{"taxonomy":"product_tag","embeddable":true,"href":"https:\/\/tourcruiser.com\/fr\/wp-json\/wp\/v2\/product_tag?post=777069"}],"curies":[{"name":"wp","href":"https:\/\/api.w.org\/{rel}","templated":true}]}}