{"id":776989,"date":"2026-04-16T17:18:11","date_gmt":"2026-04-16T10:18:11","guid":{"rendered":"http:\/\/tourcruiser.com\/product\/youth-nike-air-force-1-low-premium-bronx-origins50th-anniversary-fn6977-010"},"modified":"2026-04-17T23:11:03","modified_gmt":"2026-04-17T16:11:03","slug":"youth-nike-air-force-1-low-premium-bronx-origins50th-anniversary-fn6977-010","status":"publish","type":"product","link":"https:\/\/tourcruiser.com\/fr\/products\/youth-nike-air-force-1-low-premium-bronx-origins50th-anniversary-fn6977-010\/","title":{"rendered":"(Youth) Nike Air Force 1 Low Premium &lsquo;Bronx Origins &#8211; 50th Anniversary&rsquo; FN6977-010"},"content":{"rendered":"<p>C\u00e9l\u00e9brez les 50 ans du Bronx avec la Nike Air Force 1 Low Premium \u00ab Bronx Origins \u00bb. Cette sneaker iconique rend hommage au berceau du hip-hop et arbore une empeigne en cuir premium aux couleurs et graphismes \u00e9clatants. Le bout perfor\u00e9 assure une respirabilit\u00e9 optimale, tandis que l&rsquo;unit\u00e9 Air encapsul\u00e9e offre amorti et maintien. La semelle ext\u00e9rieure en caoutchouc garantit une excellente adh\u00e9rence et le la\u00e7age assure un maintien s\u00fbr. Adoptez le style l\u00e9gendaire du Bronx avec ces Nike Air Force 1 exclusives.<\/p>\n<p>Coloris : Noir\/Or m\u00e9tallis\u00e9\/Blanc<\/p>\n<p>Code article : FN6977-010<br \/>\nEmpeigne : Cuir<br \/>\nSemelle interm\u00e9diaire : Air<\/p>\n<p>Designer : Bruce Kilgore<\/p>\n<p>Ann\u00e9e de sortie : 2023<\/p>\n<p>\u00c2ge : Adulte<br \/>\nCouleur : Noir\/Violet\/Jaune<br \/>\nGenre : Enfant<\/p>\n","protected":false},"excerpt":{"rendered":"<p>C\u00e9l\u00e9brez les 50 ans du Bronx avec la Nike Air Force 1 Low Premium \u00ab Bronx Origins \u00bb. Cette sneaker iconique rend hommage au berceau du hip-hop et arbore une empeigne en cuir premium aux couleurs et graphismes \u00e9clatants. Le bout perfor\u00e9 assure une respirabilit\u00e9 optimale, tandis que l&rsquo;unit\u00e9 Air encapsul\u00e9e offre amorti et maintien. [&hellip;]<\/p>\n","protected":false},"featured_media":776990,"comment_status":"open","ping_status":"closed","template":"","meta":[],"product_brand":[],"product_cat":[10803],"product_tag":[10750,38861,38917,38918,10801,10756],"class_list":{"0":"post-776989","1":"product","2":"type-product","3":"status-publish","4":"has-post-thumbnail","6":"product_cat-nike","7":"product_tag-athleisure-shoes","8":"product_tag-below-retail-price","9":"product_tag-casual-shoes-for-children","10":"product_tag-children-s-sneakers","11":"product_tag-nike","12":"product_tag-retro-casual-shoes","13":"wcpa_has_options","15":"first","16":"instock","17":"taxable","18":"shipping-taxable","19":"purchasable","20":"product-type-simple"},"wcpa_form_fields":{"rules":{"pric_overide_base_price":false,"pric_overide_base_price_if_gt_zero":false,"pric_overide_base_price_fully":false,"pric_cal_option_once":false,"pric_use_as_fee":false,"bind_quantity":false,"quantity_bind_formula":false},"fields":[{"type":"color-group","required":true,"elementId":"wcpa-color-group-66c4a75505e74","label":"Taille","inline":true,"priceOptions":"different_for_all","pricingType":"fixed","className":"hassizechart product-shoes-size-eu product-shoes-size","name":"color-group-66c4a75505e89","disp_type":"square","selection_type":"tick-border","disp_size":"44","show_label_inside":true,"adjust_width":true,"cart_display_type":"text","other_text":"Other","cl_rule":"show","col":6,"values":[{"label":"35.5","value":"EU 35.5","price":"","pimage":"","pimage_id":"","pthumb":"","color":""},{"label":"36","value":"EU 36","price":"","pimage":"","pimage_id":"","pthumb":"","color":"","selected":true},{"label":"36.5","value":"EU 36.5","price":"","pimage":"","pimage_id":"","pthumb":"","color":""},{"label":"37.5","value":"EU 37.5","price":"","pimage":"","pimage_id":"","pthumb":"","color":""},{"label":"38","value":"EU 38","price":"","pimage":"","pimage_id":"","pthumb":"","color":""},{"label":"38.5","value":"EU 38.5","price":"","pimage":"","pimage_id":"","pthumb":"","color":""},{"label":"39","value":"EU 39","price":"","pimage":"","pimage_id":"","pthumb":"","color":""},{"label":"40","value":"EU 40","price":"","pimage":"","pimage_id":"","pthumb":"","color":""},{"label":"40.5","value":"EU 40.5","price":"","pimage":"","pimage_id":"","pthumb":"","color":""},{"label":"41","value":"EU 41","price":"","pimage":"","pimage_id":"","pthumb":"","color":""},{"label":"42","value":"EU 42","price":"","pimage":"","pimage_id":"","pthumb":"","color":""},{"label":"42.5","value":"EU 42.5","price":"","pimage":"","pimage_id":"","pthumb":"","color":""},{"label":"43","value":"EU 43","price":"","pimage":"","pimage_id":"","pthumb":"","color":""},{"label":"44","value":"EU 44","price":"","pimage":"","pimage_id":"","pthumb":"","color":""},{"label":"44.5","value":"EU 44.5","price":"","pimage":"","pimage_id":"","pthumb":"","color":""},{"label":"45","value":"EU 45","price":"","pimage":"","pimage_id":"","pthumb":"","color":""},{"label":"45.5","value":"EU 45.5","price":"","pimage":"","pimage_id":"","pthumb":"","color":""},{"label":"46","value":"EU 46","price":"","pimage":"","pimage_id":"","pthumb":"","color":""},{"label":"47","value":"EU 47","price":"","pimage":"","pimage_id":"","pthumb":"","color":""},{"label":"47.5","value":"EU 47.5","price":"","pimage":"","pimage_id":"","pthumb":"","color":""},{"label":"48","value":"EU 48","price":"","pimage":"","pimage_id":"","pthumb":"","color":""}],"relations":[{"operator":false,"rules":[]}],"form_id":18106,"form_rules":{"pric_cal_option_once":false,"exclude_from_discount":false,"pric_use_as_fee":false,"fee_label":"Fee","render_after_acb":false,"disp_hide_options_price":false}}]},"yoast_head":"<!-- This site is optimized with the Yoast SEO plugin v26.5 - https:\/\/yoast.com\/wordpress\/plugins\/seo\/ -->\n<title>(Youth) Nike Air Force 1 Low Premium &#039;Bronx Origins - 50th Anniversary&#039; FN6977-010 - TOURCRUISER PTE. LTD<\/title>\n<meta name=\"robots\" content=\"index, follow, max-snippet:-1, max-image-preview:large, max-video-preview:-1\" \/>\n<link rel=\"canonical\" href=\"https:\/\/tourcruiser.com\/fr\/products\/youth-nike-air-force-1-low-premium-bronx-origins50th-anniversary-fn6977-010\/\" \/>\n<meta property=\"og:locale\" content=\"fr_FR\" \/>\n<meta property=\"og:type\" content=\"article\" \/>\n<meta property=\"og:title\" content=\"(Youth) Nike Air Force 1 Low Premium &#039;Bronx Origins - 50th Anniversary&#039; FN6977-010 - TOURCRUISER PTE. LTD\" \/>\n<meta property=\"og:description\" content=\"C\u00e9l\u00e9brez les 50 ans du Bronx avec la Nike Air Force 1 Low Premium \u00ab Bronx Origins \u00bb. Cette sneaker iconique rend hommage au berceau du hip-hop et arbore une empeigne en cuir premium aux couleurs et graphismes \u00e9clatants. Le bout perfor\u00e9 assure une respirabilit\u00e9 optimale, tandis que l&rsquo;unit\u00e9 Air encapsul\u00e9e offre amorti et maintien. [&hellip;]\" \/>\n<meta property=\"og:url\" content=\"https:\/\/tourcruiser.com\/fr\/products\/youth-nike-air-force-1-low-premium-bronx-origins50th-anniversary-fn6977-010\/\" \/>\n<meta property=\"og:site_name\" content=\"Tourcruiser Sneaker Store\" \/>\n<meta property=\"article:modified_time\" content=\"2026-04-17T16:11:03+00:00\" \/>\n<meta name=\"twitter:card\" content=\"summary_large_image\" \/>\n<meta name=\"twitter:image\" content=\"https:\/\/images.novelship.com\/product\/_youth__nike_air_force_1_low_premium__bronx_origin_0_81345.jpeg;https:\/\/images.novelship.com\/product\/_youth__nike_air_force_1_low_premium__bronx_origin_1_81345.jpeg;https:\/\/images.novelship.com\/product\/_youth__nike_air_force_1_low_premium__bronx_origin_2_81346.jpeg;https:\/\/images.novelship.com\/product\/_youth__nike_air_force_1_low_premium__bronx_origin_3_81346.jpeg;https:\/\/images.novelship.com\/product\/_youth__nike_air_force_1_low_premium__bronx_origin_4_81346.jpeg;https:\/\/images.novelship.com\/product\/_youth__nike_air_force_1_low_premium__bronx_origin_5_81346.jpeg\" \/>\n<meta name=\"twitter:label1\" content=\"Dur\u00e9e de lecture estim\u00e9e\" \/>\n\t<meta name=\"twitter:data1\" content=\"1 minute\" \/>\n<script type=\"application\/ld+json\" class=\"yoast-schema-graph\">{\"@context\":\"https:\/\/schema.org\",\"@graph\":[{\"@type\":\"WebPage\",\"@id\":\"https:\/\/tourcruiser.com\/fr\/products\/youth-nike-air-force-1-low-premium-bronx-origins50th-anniversary-fn6977-010\/\",\"url\":\"https:\/\/tourcruiser.com\/fr\/products\/youth-nike-air-force-1-low-premium-bronx-origins50th-anniversary-fn6977-010\/\",\"name\":\"(Youth) Nike Air Force 1 Low Premium 'Bronx Origins - 50th Anniversary' FN6977-010 - TOURCRUISER PTE. LTD\",\"isPartOf\":{\"@id\":\"\/#website\"},\"primaryImageOfPage\":{\"@id\":\"https:\/\/tourcruiser.com\/fr\/products\/youth-nike-air-force-1-low-premium-bronx-origins50th-anniversary-fn6977-010\/#primaryimage\"},\"image\":{\"@id\":\"https:\/\/tourcruiser.com\/fr\/products\/youth-nike-air-force-1-low-premium-bronx-origins50th-anniversary-fn6977-010\/#primaryimage\"},\"thumbnailUrl\":\"https:\/\/images.novelship.com\/product\/_youth__nike_air_force_1_low_premium__bronx_origin_0_81345.jpeg;https:\/\/images.novelship.com\/product\/_youth__nike_air_force_1_low_premium__bronx_origin_1_81345.jpeg;https:\/\/images.novelship.com\/product\/_youth__nike_air_force_1_low_premium__bronx_origin_2_81346.jpeg;https:\/\/images.novelship.com\/product\/_youth__nike_air_force_1_low_premium__bronx_origin_3_81346.jpeg;https:\/\/images.novelship.com\/product\/_youth__nike_air_force_1_low_premium__bronx_origin_4_81346.jpeg;https:\/\/images.novelship.com\/product\/_youth__nike_air_force_1_low_premium__bronx_origin_5_81346.jpeg\",\"datePublished\":\"2026-04-16T10:18:11+00:00\",\"dateModified\":\"2026-04-17T16:11:03+00:00\",\"breadcrumb\":{\"@id\":\"https:\/\/tourcruiser.com\/fr\/products\/youth-nike-air-force-1-low-premium-bronx-origins50th-anniversary-fn6977-010\/#breadcrumb\"},\"inLanguage\":\"fr-FR\",\"potentialAction\":[{\"@type\":\"ReadAction\",\"target\":[\"https:\/\/tourcruiser.com\/fr\/products\/youth-nike-air-force-1-low-premium-bronx-origins50th-anniversary-fn6977-010\/\"]}]},{\"@type\":\"ImageObject\",\"inLanguage\":\"fr-FR\",\"@id\":\"https:\/\/tourcruiser.com\/fr\/products\/youth-nike-air-force-1-low-premium-bronx-origins50th-anniversary-fn6977-010\/#primaryimage\",\"url\":\"https:\/\/images.novelship.com\/product\/_youth__nike_air_force_1_low_premium__bronx_origin_0_81345.jpeg;https:\/\/images.novelship.com\/product\/_youth__nike_air_force_1_low_premium__bronx_origin_1_81345.jpeg;https:\/\/images.novelship.com\/product\/_youth__nike_air_force_1_low_premium__bronx_origin_2_81346.jpeg;https:\/\/images.novelship.com\/product\/_youth__nike_air_force_1_low_premium__bronx_origin_3_81346.jpeg;https:\/\/images.novelship.com\/product\/_youth__nike_air_force_1_low_premium__bronx_origin_4_81346.jpeg;https:\/\/images.novelship.com\/product\/_youth__nike_air_force_1_low_premium__bronx_origin_5_81346.jpeg\",\"contentUrl\":\"https:\/\/images.novelship.com\/product\/_youth__nike_air_force_1_low_premium__bronx_origin_0_81345.jpeg;https:\/\/images.novelship.com\/product\/_youth__nike_air_force_1_low_premium__bronx_origin_1_81345.jpeg;https:\/\/images.novelship.com\/product\/_youth__nike_air_force_1_low_premium__bronx_origin_2_81346.jpeg;https:\/\/images.novelship.com\/product\/_youth__nike_air_force_1_low_premium__bronx_origin_3_81346.jpeg;https:\/\/images.novelship.com\/product\/_youth__nike_air_force_1_low_premium__bronx_origin_4_81346.jpeg;https:\/\/images.novelship.com\/product\/_youth__nike_air_force_1_low_premium__bronx_origin_5_81346.jpeg\"},{\"@type\":\"BreadcrumbList\",\"@id\":\"https:\/\/tourcruiser.com\/fr\/products\/youth-nike-air-force-1-low-premium-bronx-origins50th-anniversary-fn6977-010\/#breadcrumb\",\"itemListElement\":[{\"@type\":\"ListItem\",\"position\":1,\"name\":\"Home\",\"item\":\"https:\/\/tourcruiser.com\/fr\/\"},{\"@type\":\"ListItem\",\"position\":2,\"name\":\"Shop\",\"item\":\"https:\/\/tourcruiser.com\/fr\/shop\/\"},{\"@type\":\"ListItem\",\"position\":3,\"name\":\"(Youth) Nike Air Force 1 Low Premium &#8216;Bronx Origins &#8211; 50th Anniversary&#8217; FN6977-010\"}]},{\"@type\":\"WebSite\",\"@id\":\"\/#website\",\"url\":\"\/\",\"name\":\"Styloral Jewelry Shop\",\"description\":\"Tourcruiser Sneaker Store \u2014 L\u2019endroit o\u00f9 l\u2019univers rencontre votre singularit\u00e9.\",\"publisher\":{\"@id\":\"\/#organization\"},\"potentialAction\":[{\"@type\":\"SearchAction\",\"target\":{\"@type\":\"EntryPoint\",\"urlTemplate\":\"\/?s={search_term_string}\"},\"query-input\":{\"@type\":\"PropertyValueSpecification\",\"valueRequired\":true,\"valueName\":\"search_term_string\"}}],\"inLanguage\":\"fr-FR\"},{\"@type\":\"Organization\",\"@id\":\"\/#organization\",\"name\":\"STYLORAL PTE. LTD\",\"url\":\"\/\",\"logo\":{\"@type\":\"ImageObject\",\"inLanguage\":\"fr-FR\",\"@id\":\"\/#\/schema\/logo\/image\/\",\"url\":\"https:\/\/www.tourcruiser.com\/wp-content\/uploads\/2025\/12\/logo.png\",\"contentUrl\":\"https:\/\/www.tourcruiser.com\/wp-content\/uploads\/2025\/12\/logo.png\",\"width\":200,\"height\":65,\"caption\":\"STYLORAL PTE. LTD\"},\"image\":{\"@id\":\"\/#\/schema\/logo\/image\/\"}}]}<\/script>\n<!-- \/ Yoast SEO plugin. -->","yoast_head_json":{"title":"(Youth) Nike Air Force 1 Low Premium 'Bronx Origins - 50th Anniversary' FN6977-010 - TOURCRUISER PTE. LTD","robots":{"index":"index","follow":"follow","max-snippet":"max-snippet:-1","max-image-preview":"max-image-preview:large","max-video-preview":"max-video-preview:-1"},"canonical":"https:\/\/tourcruiser.com\/fr\/products\/youth-nike-air-force-1-low-premium-bronx-origins50th-anniversary-fn6977-010\/","og_locale":"fr_FR","og_type":"article","og_title":"(Youth) Nike Air Force 1 Low Premium 'Bronx Origins - 50th Anniversary' FN6977-010 - TOURCRUISER PTE. LTD","og_description":"C\u00e9l\u00e9brez les 50 ans du Bronx avec la Nike Air Force 1 Low Premium \u00ab Bronx Origins \u00bb. Cette sneaker iconique rend hommage au berceau du hip-hop et arbore une empeigne en cuir premium aux couleurs et graphismes \u00e9clatants. Le bout perfor\u00e9 assure une respirabilit\u00e9 optimale, tandis que l&rsquo;unit\u00e9 Air encapsul\u00e9e offre amorti et maintien. [&hellip;]","og_url":"https:\/\/tourcruiser.com\/fr\/products\/youth-nike-air-force-1-low-premium-bronx-origins50th-anniversary-fn6977-010\/","og_site_name":"Tourcruiser Sneaker Store","article_modified_time":"2026-04-17T16:11:03+00:00","twitter_card":"summary_large_image","twitter_image":"https:\/\/images.novelship.com\/product\/_youth__nike_air_force_1_low_premium__bronx_origin_0_81345.jpeg;https:\/\/images.novelship.com\/product\/_youth__nike_air_force_1_low_premium__bronx_origin_1_81345.jpeg;https:\/\/images.novelship.com\/product\/_youth__nike_air_force_1_low_premium__bronx_origin_2_81346.jpeg;https:\/\/images.novelship.com\/product\/_youth__nike_air_force_1_low_premium__bronx_origin_3_81346.jpeg;https:\/\/images.novelship.com\/product\/_youth__nike_air_force_1_low_premium__bronx_origin_4_81346.jpeg;https:\/\/images.novelship.com\/product\/_youth__nike_air_force_1_low_premium__bronx_origin_5_81346.jpeg","twitter_misc":{"Dur\u00e9e de lecture estim\u00e9e":"1 minute"},"schema":{"@context":"https:\/\/schema.org","@graph":[{"@type":"WebPage","@id":"https:\/\/tourcruiser.com\/fr\/products\/youth-nike-air-force-1-low-premium-bronx-origins50th-anniversary-fn6977-010\/","url":"https:\/\/tourcruiser.com\/fr\/products\/youth-nike-air-force-1-low-premium-bronx-origins50th-anniversary-fn6977-010\/","name":"(Youth) Nike Air Force 1 Low Premium 'Bronx Origins - 50th Anniversary' FN6977-010 - TOURCRUISER PTE. LTD","isPartOf":{"@id":"\/#website"},"primaryImageOfPage":{"@id":"https:\/\/tourcruiser.com\/fr\/products\/youth-nike-air-force-1-low-premium-bronx-origins50th-anniversary-fn6977-010\/#primaryimage"},"image":{"@id":"https:\/\/tourcruiser.com\/fr\/products\/youth-nike-air-force-1-low-premium-bronx-origins50th-anniversary-fn6977-010\/#primaryimage"},"thumbnailUrl":"https:\/\/images.novelship.com\/product\/_youth__nike_air_force_1_low_premium__bronx_origin_0_81345.jpeg;https:\/\/images.novelship.com\/product\/_youth__nike_air_force_1_low_premium__bronx_origin_1_81345.jpeg;https:\/\/images.novelship.com\/product\/_youth__nike_air_force_1_low_premium__bronx_origin_2_81346.jpeg;https:\/\/images.novelship.com\/product\/_youth__nike_air_force_1_low_premium__bronx_origin_3_81346.jpeg;https:\/\/images.novelship.com\/product\/_youth__nike_air_force_1_low_premium__bronx_origin_4_81346.jpeg;https:\/\/images.novelship.com\/product\/_youth__nike_air_force_1_low_premium__bronx_origin_5_81346.jpeg","datePublished":"2026-04-16T10:18:11+00:00","dateModified":"2026-04-17T16:11:03+00:00","breadcrumb":{"@id":"https:\/\/tourcruiser.com\/fr\/products\/youth-nike-air-force-1-low-premium-bronx-origins50th-anniversary-fn6977-010\/#breadcrumb"},"inLanguage":"fr-FR","potentialAction":[{"@type":"ReadAction","target":["https:\/\/tourcruiser.com\/fr\/products\/youth-nike-air-force-1-low-premium-bronx-origins50th-anniversary-fn6977-010\/"]}]},{"@type":"ImageObject","inLanguage":"fr-FR","@id":"https:\/\/tourcruiser.com\/fr\/products\/youth-nike-air-force-1-low-premium-bronx-origins50th-anniversary-fn6977-010\/#primaryimage","url":"https:\/\/images.novelship.com\/product\/_youth__nike_air_force_1_low_premium__bronx_origin_0_81345.jpeg;https:\/\/images.novelship.com\/product\/_youth__nike_air_force_1_low_premium__bronx_origin_1_81345.jpeg;https:\/\/images.novelship.com\/product\/_youth__nike_air_force_1_low_premium__bronx_origin_2_81346.jpeg;https:\/\/images.novelship.com\/product\/_youth__nike_air_force_1_low_premium__bronx_origin_3_81346.jpeg;https:\/\/images.novelship.com\/product\/_youth__nike_air_force_1_low_premium__bronx_origin_4_81346.jpeg;https:\/\/images.novelship.com\/product\/_youth__nike_air_force_1_low_premium__bronx_origin_5_81346.jpeg","contentUrl":"https:\/\/images.novelship.com\/product\/_youth__nike_air_force_1_low_premium__bronx_origin_0_81345.jpeg;https:\/\/images.novelship.com\/product\/_youth__nike_air_force_1_low_premium__bronx_origin_1_81345.jpeg;https:\/\/images.novelship.com\/product\/_youth__nike_air_force_1_low_premium__bronx_origin_2_81346.jpeg;https:\/\/images.novelship.com\/product\/_youth__nike_air_force_1_low_premium__bronx_origin_3_81346.jpeg;https:\/\/images.novelship.com\/product\/_youth__nike_air_force_1_low_premium__bronx_origin_4_81346.jpeg;https:\/\/images.novelship.com\/product\/_youth__nike_air_force_1_low_premium__bronx_origin_5_81346.jpeg"},{"@type":"BreadcrumbList","@id":"https:\/\/tourcruiser.com\/fr\/products\/youth-nike-air-force-1-low-premium-bronx-origins50th-anniversary-fn6977-010\/#breadcrumb","itemListElement":[{"@type":"ListItem","position":1,"name":"Home","item":"https:\/\/tourcruiser.com\/fr\/"},{"@type":"ListItem","position":2,"name":"Shop","item":"https:\/\/tourcruiser.com\/fr\/shop\/"},{"@type":"ListItem","position":3,"name":"(Youth) Nike Air Force 1 Low Premium &#8216;Bronx Origins &#8211; 50th Anniversary&#8217; FN6977-010"}]},{"@type":"WebSite","@id":"\/#website","url":"\/","name":"Styloral Jewelry Shop","description":"Tourcruiser Sneaker Store \u2014 L\u2019endroit o\u00f9 l\u2019univers rencontre votre singularit\u00e9.","publisher":{"@id":"\/#organization"},"potentialAction":[{"@type":"SearchAction","target":{"@type":"EntryPoint","urlTemplate":"\/?s={search_term_string}"},"query-input":{"@type":"PropertyValueSpecification","valueRequired":true,"valueName":"search_term_string"}}],"inLanguage":"fr-FR"},{"@type":"Organization","@id":"\/#organization","name":"STYLORAL PTE. LTD","url":"\/","logo":{"@type":"ImageObject","inLanguage":"fr-FR","@id":"\/#\/schema\/logo\/image\/","url":"https:\/\/www.tourcruiser.com\/wp-content\/uploads\/2025\/12\/logo.png","contentUrl":"https:\/\/www.tourcruiser.com\/wp-content\/uploads\/2025\/12\/logo.png","width":200,"height":65,"caption":"STYLORAL PTE. LTD"},"image":{"@id":"\/#\/schema\/logo\/image\/"}}]}},"_links":{"self":[{"href":"https:\/\/tourcruiser.com\/fr\/wp-json\/wp\/v2\/product\/776989","targetHints":{"allow":["GET"]}}],"collection":[{"href":"https:\/\/tourcruiser.com\/fr\/wp-json\/wp\/v2\/product"}],"about":[{"href":"https:\/\/tourcruiser.com\/fr\/wp-json\/wp\/v2\/types\/product"}],"replies":[{"embeddable":true,"href":"https:\/\/tourcruiser.com\/fr\/wp-json\/wp\/v2\/comments?post=776989"}],"wp:featuredmedia":[{"embeddable":true,"href":"https:\/\/tourcruiser.com\/fr\/wp-json\/wp\/v2\/media\/776990"}],"wp:attachment":[{"href":"https:\/\/tourcruiser.com\/fr\/wp-json\/wp\/v2\/media?parent=776989"}],"wp:term":[{"taxonomy":"product_brand","embeddable":true,"href":"https:\/\/tourcruiser.com\/fr\/wp-json\/wp\/v2\/product_brand?post=776989"},{"taxonomy":"product_cat","embeddable":true,"href":"https:\/\/tourcruiser.com\/fr\/wp-json\/wp\/v2\/product_cat?post=776989"},{"taxonomy":"product_tag","embeddable":true,"href":"https:\/\/tourcruiser.com\/fr\/wp-json\/wp\/v2\/product_tag?post=776989"}],"curies":[{"name":"wp","href":"https:\/\/api.w.org\/{rel}","templated":true}]}}