{"id":776615,"date":"2026-04-16T17:17:57","date_gmt":"2026-04-16T10:17:57","guid":{"rendered":"http:\/\/tourcruiser.com\/product\/grade-school-air-jordan-1-mid-orange-suede-dv1336-800"},"modified":"2026-04-17T23:10:42","modified_gmt":"2026-04-17T16:10:42","slug":"grade-school-air-jordan-1-mid-orange-suede-dv1336-800","status":"publish","type":"product","link":"https:\/\/tourcruiser.com\/fr\/products\/grade-school-air-jordan-1-mid-orange-suede-dv1336-800\/","title":{"rendered":"(Grade School) Air Jordan 1 Mid &lsquo;Orange Suede&rsquo; DV1336-800"},"content":{"rendered":"<p>Affirmez votre style avec la Air Jordan 1 Mid \u00ab\u00a0Orange Suede\u00a0\u00bb DV1336-800 pour enfants. Cette sneaker iconique arbore une empeigne en daim orange \u00e9clatante et est id\u00e9ale pour les jeunes influenceurs. Avec son logo Air Jordan classique et sa semelle ext\u00e9rieure en caoutchouc r\u00e9sistant, ce mod\u00e8le mi-montant offre confort et style incomparables. Sur le terrain comme dans la rue, ces chaussures allient \u00e0 la perfection tradition et modernit\u00e9. D\u00e9marquez-vous \u00e0 l&rsquo;\u00e9cole primaire avec une confiance en vous in\u00e9gal\u00e9e.<\/p>\n<p>Coloris\u00a0: Orange Team\/Noir-Voile-Blanc-Gris Fer<\/p>\n<p>R\u00e9f\u00e9rence\u00a0: DV1336-800<br \/>\nEmpeigne\u00a0: Daim<br \/>\nSemelle interm\u00e9diaire\u00a0: Air<\/p>\n<p>Couleur\u00a0: Orange<\/p>\n<p>Cr\u00e9ateur\u00a0: Peter Moore<\/p>\n<p>Saison\u00a0: Hiver<\/p>\n<p>Ann\u00e9e de sortie\u00a0: 2023<\/p>\n<p>\u00c2ge\u00a0: Adulte<br \/>\nCouleur\u00a0: Vert paillet\u00e9\/Jaune clair\/Blanc cr\u00e8me<\/p>\n<p>Genre\u00a0: Enfant<\/p>\n","protected":false},"excerpt":{"rendered":"<p>Affirmez votre style avec la Air Jordan 1 Mid \u00ab\u00a0Orange Suede\u00a0\u00bb DV1336-800 pour enfants. Cette sneaker iconique arbore une empeigne en daim orange \u00e9clatante et est id\u00e9ale pour les jeunes influenceurs. Avec son logo Air Jordan classique et sa semelle ext\u00e9rieure en caoutchouc r\u00e9sistant, ce mod\u00e8le mi-montant offre confort et style incomparables. Sur le terrain [&hellip;]<\/p>\n","protected":false},"featured_media":776616,"comment_status":"open","ping_status":"closed","template":"","meta":[],"product_brand":[],"product_cat":[38880],"product_tag":[10750,38861,38988,10776,11349,38875,39246,19426,10756],"class_list":{"0":"post-776615","1":"product","2":"type-product","3":"status-publish","4":"has-post-thumbnail","6":"product_cat-jordan","7":"product_tag-athleisure-shoes","8":"product_tag-below-retail-price","9":"product_tag-casual-shoes-for-kids","10":"product_tag-jordan","11":"product_tag-jordan-basketball-shoes","12":"product_tag-jordan-skateboard-shoes","13":"product_tag-kids-sneakers","14":"product_tag-peach-fuzz","15":"product_tag-retro-casual-shoes","17":"first","18":"instock","19":"taxable","20":"shipping-taxable","21":"purchasable","22":"product-type-simple"},"wcpa_form_fields":null,"yoast_head":"<!-- This site is optimized with the Yoast SEO plugin v26.5 - https:\/\/yoast.com\/wordpress\/plugins\/seo\/ -->\n<title>(Grade School) Air Jordan 1 Mid &#039;Orange Suede&#039; DV1336-800 - TOURCRUISER PTE. LTD<\/title>\n<meta name=\"robots\" content=\"index, follow, max-snippet:-1, max-image-preview:large, max-video-preview:-1\" \/>\n<link rel=\"canonical\" href=\"https:\/\/tourcruiser.com\/fr\/products\/grade-school-air-jordan-1-mid-orange-suede-dv1336-800\/\" \/>\n<meta property=\"og:locale\" content=\"fr_FR\" \/>\n<meta property=\"og:type\" content=\"article\" \/>\n<meta property=\"og:title\" content=\"(Grade School) Air Jordan 1 Mid &#039;Orange Suede&#039; DV1336-800 - TOURCRUISER PTE. LTD\" \/>\n<meta property=\"og:description\" content=\"Affirmez votre style avec la Air Jordan 1 Mid \u00ab\u00a0Orange Suede\u00a0\u00bb DV1336-800 pour enfants. Cette sneaker iconique arbore une empeigne en daim orange \u00e9clatante et est id\u00e9ale pour les jeunes influenceurs. Avec son logo Air Jordan classique et sa semelle ext\u00e9rieure en caoutchouc r\u00e9sistant, ce mod\u00e8le mi-montant offre confort et style incomparables. Sur le terrain [&hellip;]\" \/>\n<meta property=\"og:url\" content=\"https:\/\/tourcruiser.com\/fr\/products\/grade-school-air-jordan-1-mid-orange-suede-dv1336-800\/\" \/>\n<meta property=\"og:site_name\" content=\"Tourcruiser Sneaker Store\" \/>\n<meta property=\"article:modified_time\" content=\"2026-04-17T16:10:42+00:00\" \/>\n<meta name=\"twitter:card\" content=\"summary_large_image\" \/>\n<meta name=\"twitter:image\" content=\"https:\/\/images.novelship.com\/product\/_grade_school__air_jordan_1_mid__orange_suede__dv1_0_71565.jpeg;https:\/\/images.novelship.com\/product\/_grade_school__air_jordan_1_mid__orange_suede__dv1_1_71565.jpeg;https:\/\/images.novelship.com\/product\/_grade_school__air_jordan_1_mid__orange_suede__dv1_2_71565.jpeg;https:\/\/images.novelship.com\/product\/_grade_school__air_jordan_1_mid__orange_suede__dv1_3_71565.jpeg;https:\/\/images.novelship.com\/product\/_grade_school__air_jordan_1_mid__orange_suede__dv1_4_71565.jpeg;https:\/\/images.novelship.com\/product\/_grade_school__air_jordan_1_mid__orange_suede__dv1_5_71565.jpeg;https:\/\/images.novelship.com\/product\/_grade_school__air_jordan_1_mid__orange_suede__dv1_6_71565.jpeg;https:\/\/images.novelship.com\/product\/_grade_school__air_jordan_1_mid__orange_suede__dv1_7_71565.jpeg\" \/>\n<meta name=\"twitter:label1\" content=\"Dur\u00e9e de lecture estim\u00e9e\" \/>\n\t<meta name=\"twitter:data1\" content=\"1 minute\" \/>\n<script type=\"application\/ld+json\" class=\"yoast-schema-graph\">{\"@context\":\"https:\/\/schema.org\",\"@graph\":[{\"@type\":\"WebPage\",\"@id\":\"https:\/\/tourcruiser.com\/fr\/products\/grade-school-air-jordan-1-mid-orange-suede-dv1336-800\/\",\"url\":\"https:\/\/tourcruiser.com\/fr\/products\/grade-school-air-jordan-1-mid-orange-suede-dv1336-800\/\",\"name\":\"(Grade School) Air Jordan 1 Mid 'Orange Suede' DV1336-800 - TOURCRUISER PTE. LTD\",\"isPartOf\":{\"@id\":\"\/#website\"},\"primaryImageOfPage\":{\"@id\":\"https:\/\/tourcruiser.com\/fr\/products\/grade-school-air-jordan-1-mid-orange-suede-dv1336-800\/#primaryimage\"},\"image\":{\"@id\":\"https:\/\/tourcruiser.com\/fr\/products\/grade-school-air-jordan-1-mid-orange-suede-dv1336-800\/#primaryimage\"},\"thumbnailUrl\":\"https:\/\/images.novelship.com\/product\/_grade_school__air_jordan_1_mid__orange_suede__dv1_0_71565.jpeg;https:\/\/images.novelship.com\/product\/_grade_school__air_jordan_1_mid__orange_suede__dv1_1_71565.jpeg;https:\/\/images.novelship.com\/product\/_grade_school__air_jordan_1_mid__orange_suede__dv1_2_71565.jpeg;https:\/\/images.novelship.com\/product\/_grade_school__air_jordan_1_mid__orange_suede__dv1_3_71565.jpeg;https:\/\/images.novelship.com\/product\/_grade_school__air_jordan_1_mid__orange_suede__dv1_4_71565.jpeg;https:\/\/images.novelship.com\/product\/_grade_school__air_jordan_1_mid__orange_suede__dv1_5_71565.jpeg;https:\/\/images.novelship.com\/product\/_grade_school__air_jordan_1_mid__orange_suede__dv1_6_71565.jpeg;https:\/\/images.novelship.com\/product\/_grade_school__air_jordan_1_mid__orange_suede__dv1_7_71565.jpeg\",\"datePublished\":\"2026-04-16T10:17:57+00:00\",\"dateModified\":\"2026-04-17T16:10:42+00:00\",\"breadcrumb\":{\"@id\":\"https:\/\/tourcruiser.com\/fr\/products\/grade-school-air-jordan-1-mid-orange-suede-dv1336-800\/#breadcrumb\"},\"inLanguage\":\"fr-FR\",\"potentialAction\":[{\"@type\":\"ReadAction\",\"target\":[\"https:\/\/tourcruiser.com\/fr\/products\/grade-school-air-jordan-1-mid-orange-suede-dv1336-800\/\"]}]},{\"@type\":\"ImageObject\",\"inLanguage\":\"fr-FR\",\"@id\":\"https:\/\/tourcruiser.com\/fr\/products\/grade-school-air-jordan-1-mid-orange-suede-dv1336-800\/#primaryimage\",\"url\":\"https:\/\/images.novelship.com\/product\/_grade_school__air_jordan_1_mid__orange_suede__dv1_0_71565.jpeg;https:\/\/images.novelship.com\/product\/_grade_school__air_jordan_1_mid__orange_suede__dv1_1_71565.jpeg;https:\/\/images.novelship.com\/product\/_grade_school__air_jordan_1_mid__orange_suede__dv1_2_71565.jpeg;https:\/\/images.novelship.com\/product\/_grade_school__air_jordan_1_mid__orange_suede__dv1_3_71565.jpeg;https:\/\/images.novelship.com\/product\/_grade_school__air_jordan_1_mid__orange_suede__dv1_4_71565.jpeg;https:\/\/images.novelship.com\/product\/_grade_school__air_jordan_1_mid__orange_suede__dv1_5_71565.jpeg;https:\/\/images.novelship.com\/product\/_grade_school__air_jordan_1_mid__orange_suede__dv1_6_71565.jpeg;https:\/\/images.novelship.com\/product\/_grade_school__air_jordan_1_mid__orange_suede__dv1_7_71565.jpeg\",\"contentUrl\":\"https:\/\/images.novelship.com\/product\/_grade_school__air_jordan_1_mid__orange_suede__dv1_0_71565.jpeg;https:\/\/images.novelship.com\/product\/_grade_school__air_jordan_1_mid__orange_suede__dv1_1_71565.jpeg;https:\/\/images.novelship.com\/product\/_grade_school__air_jordan_1_mid__orange_suede__dv1_2_71565.jpeg;https:\/\/images.novelship.com\/product\/_grade_school__air_jordan_1_mid__orange_suede__dv1_3_71565.jpeg;https:\/\/images.novelship.com\/product\/_grade_school__air_jordan_1_mid__orange_suede__dv1_4_71565.jpeg;https:\/\/images.novelship.com\/product\/_grade_school__air_jordan_1_mid__orange_suede__dv1_5_71565.jpeg;https:\/\/images.novelship.com\/product\/_grade_school__air_jordan_1_mid__orange_suede__dv1_6_71565.jpeg;https:\/\/images.novelship.com\/product\/_grade_school__air_jordan_1_mid__orange_suede__dv1_7_71565.jpeg\"},{\"@type\":\"BreadcrumbList\",\"@id\":\"https:\/\/tourcruiser.com\/fr\/products\/grade-school-air-jordan-1-mid-orange-suede-dv1336-800\/#breadcrumb\",\"itemListElement\":[{\"@type\":\"ListItem\",\"position\":1,\"name\":\"Home\",\"item\":\"https:\/\/tourcruiser.com\/fr\/\"},{\"@type\":\"ListItem\",\"position\":2,\"name\":\"Shop\",\"item\":\"https:\/\/tourcruiser.com\/fr\/shop\/\"},{\"@type\":\"ListItem\",\"position\":3,\"name\":\"(Grade School) Air Jordan 1 Mid &#8216;Orange Suede&#8217; DV1336-800\"}]},{\"@type\":\"WebSite\",\"@id\":\"\/#website\",\"url\":\"\/\",\"name\":\"Styloral Jewelry Shop\",\"description\":\"Tourcruiser Sneaker Store \u2014 L\u2019endroit o\u00f9 l\u2019univers rencontre votre singularit\u00e9.\",\"publisher\":{\"@id\":\"\/#organization\"},\"potentialAction\":[{\"@type\":\"SearchAction\",\"target\":{\"@type\":\"EntryPoint\",\"urlTemplate\":\"\/?s={search_term_string}\"},\"query-input\":{\"@type\":\"PropertyValueSpecification\",\"valueRequired\":true,\"valueName\":\"search_term_string\"}}],\"inLanguage\":\"fr-FR\"},{\"@type\":\"Organization\",\"@id\":\"\/#organization\",\"name\":\"STYLORAL PTE. LTD\",\"url\":\"\/\",\"logo\":{\"@type\":\"ImageObject\",\"inLanguage\":\"fr-FR\",\"@id\":\"\/#\/schema\/logo\/image\/\",\"url\":\"https:\/\/www.tourcruiser.com\/wp-content\/uploads\/2025\/12\/logo.png\",\"contentUrl\":\"https:\/\/www.tourcruiser.com\/wp-content\/uploads\/2025\/12\/logo.png\",\"width\":200,\"height\":65,\"caption\":\"STYLORAL PTE. LTD\"},\"image\":{\"@id\":\"\/#\/schema\/logo\/image\/\"}}]}<\/script>\n<!-- \/ Yoast SEO plugin. -->","yoast_head_json":{"title":"(Grade School) Air Jordan 1 Mid 'Orange Suede' DV1336-800 - TOURCRUISER PTE. LTD","robots":{"index":"index","follow":"follow","max-snippet":"max-snippet:-1","max-image-preview":"max-image-preview:large","max-video-preview":"max-video-preview:-1"},"canonical":"https:\/\/tourcruiser.com\/fr\/products\/grade-school-air-jordan-1-mid-orange-suede-dv1336-800\/","og_locale":"fr_FR","og_type":"article","og_title":"(Grade School) Air Jordan 1 Mid 'Orange Suede' DV1336-800 - TOURCRUISER PTE. LTD","og_description":"Affirmez votre style avec la Air Jordan 1 Mid \u00ab\u00a0Orange Suede\u00a0\u00bb DV1336-800 pour enfants. Cette sneaker iconique arbore une empeigne en daim orange \u00e9clatante et est id\u00e9ale pour les jeunes influenceurs. Avec son logo Air Jordan classique et sa semelle ext\u00e9rieure en caoutchouc r\u00e9sistant, ce mod\u00e8le mi-montant offre confort et style incomparables. Sur le terrain [&hellip;]","og_url":"https:\/\/tourcruiser.com\/fr\/products\/grade-school-air-jordan-1-mid-orange-suede-dv1336-800\/","og_site_name":"Tourcruiser Sneaker Store","article_modified_time":"2026-04-17T16:10:42+00:00","twitter_card":"summary_large_image","twitter_image":"https:\/\/images.novelship.com\/product\/_grade_school__air_jordan_1_mid__orange_suede__dv1_0_71565.jpeg;https:\/\/images.novelship.com\/product\/_grade_school__air_jordan_1_mid__orange_suede__dv1_1_71565.jpeg;https:\/\/images.novelship.com\/product\/_grade_school__air_jordan_1_mid__orange_suede__dv1_2_71565.jpeg;https:\/\/images.novelship.com\/product\/_grade_school__air_jordan_1_mid__orange_suede__dv1_3_71565.jpeg;https:\/\/images.novelship.com\/product\/_grade_school__air_jordan_1_mid__orange_suede__dv1_4_71565.jpeg;https:\/\/images.novelship.com\/product\/_grade_school__air_jordan_1_mid__orange_suede__dv1_5_71565.jpeg;https:\/\/images.novelship.com\/product\/_grade_school__air_jordan_1_mid__orange_suede__dv1_6_71565.jpeg;https:\/\/images.novelship.com\/product\/_grade_school__air_jordan_1_mid__orange_suede__dv1_7_71565.jpeg","twitter_misc":{"Dur\u00e9e de lecture estim\u00e9e":"1 minute"},"schema":{"@context":"https:\/\/schema.org","@graph":[{"@type":"WebPage","@id":"https:\/\/tourcruiser.com\/fr\/products\/grade-school-air-jordan-1-mid-orange-suede-dv1336-800\/","url":"https:\/\/tourcruiser.com\/fr\/products\/grade-school-air-jordan-1-mid-orange-suede-dv1336-800\/","name":"(Grade School) Air Jordan 1 Mid 'Orange Suede' DV1336-800 - TOURCRUISER PTE. LTD","isPartOf":{"@id":"\/#website"},"primaryImageOfPage":{"@id":"https:\/\/tourcruiser.com\/fr\/products\/grade-school-air-jordan-1-mid-orange-suede-dv1336-800\/#primaryimage"},"image":{"@id":"https:\/\/tourcruiser.com\/fr\/products\/grade-school-air-jordan-1-mid-orange-suede-dv1336-800\/#primaryimage"},"thumbnailUrl":"https:\/\/images.novelship.com\/product\/_grade_school__air_jordan_1_mid__orange_suede__dv1_0_71565.jpeg;https:\/\/images.novelship.com\/product\/_grade_school__air_jordan_1_mid__orange_suede__dv1_1_71565.jpeg;https:\/\/images.novelship.com\/product\/_grade_school__air_jordan_1_mid__orange_suede__dv1_2_71565.jpeg;https:\/\/images.novelship.com\/product\/_grade_school__air_jordan_1_mid__orange_suede__dv1_3_71565.jpeg;https:\/\/images.novelship.com\/product\/_grade_school__air_jordan_1_mid__orange_suede__dv1_4_71565.jpeg;https:\/\/images.novelship.com\/product\/_grade_school__air_jordan_1_mid__orange_suede__dv1_5_71565.jpeg;https:\/\/images.novelship.com\/product\/_grade_school__air_jordan_1_mid__orange_suede__dv1_6_71565.jpeg;https:\/\/images.novelship.com\/product\/_grade_school__air_jordan_1_mid__orange_suede__dv1_7_71565.jpeg","datePublished":"2026-04-16T10:17:57+00:00","dateModified":"2026-04-17T16:10:42+00:00","breadcrumb":{"@id":"https:\/\/tourcruiser.com\/fr\/products\/grade-school-air-jordan-1-mid-orange-suede-dv1336-800\/#breadcrumb"},"inLanguage":"fr-FR","potentialAction":[{"@type":"ReadAction","target":["https:\/\/tourcruiser.com\/fr\/products\/grade-school-air-jordan-1-mid-orange-suede-dv1336-800\/"]}]},{"@type":"ImageObject","inLanguage":"fr-FR","@id":"https:\/\/tourcruiser.com\/fr\/products\/grade-school-air-jordan-1-mid-orange-suede-dv1336-800\/#primaryimage","url":"https:\/\/images.novelship.com\/product\/_grade_school__air_jordan_1_mid__orange_suede__dv1_0_71565.jpeg;https:\/\/images.novelship.com\/product\/_grade_school__air_jordan_1_mid__orange_suede__dv1_1_71565.jpeg;https:\/\/images.novelship.com\/product\/_grade_school__air_jordan_1_mid__orange_suede__dv1_2_71565.jpeg;https:\/\/images.novelship.com\/product\/_grade_school__air_jordan_1_mid__orange_suede__dv1_3_71565.jpeg;https:\/\/images.novelship.com\/product\/_grade_school__air_jordan_1_mid__orange_suede__dv1_4_71565.jpeg;https:\/\/images.novelship.com\/product\/_grade_school__air_jordan_1_mid__orange_suede__dv1_5_71565.jpeg;https:\/\/images.novelship.com\/product\/_grade_school__air_jordan_1_mid__orange_suede__dv1_6_71565.jpeg;https:\/\/images.novelship.com\/product\/_grade_school__air_jordan_1_mid__orange_suede__dv1_7_71565.jpeg","contentUrl":"https:\/\/images.novelship.com\/product\/_grade_school__air_jordan_1_mid__orange_suede__dv1_0_71565.jpeg;https:\/\/images.novelship.com\/product\/_grade_school__air_jordan_1_mid__orange_suede__dv1_1_71565.jpeg;https:\/\/images.novelship.com\/product\/_grade_school__air_jordan_1_mid__orange_suede__dv1_2_71565.jpeg;https:\/\/images.novelship.com\/product\/_grade_school__air_jordan_1_mid__orange_suede__dv1_3_71565.jpeg;https:\/\/images.novelship.com\/product\/_grade_school__air_jordan_1_mid__orange_suede__dv1_4_71565.jpeg;https:\/\/images.novelship.com\/product\/_grade_school__air_jordan_1_mid__orange_suede__dv1_5_71565.jpeg;https:\/\/images.novelship.com\/product\/_grade_school__air_jordan_1_mid__orange_suede__dv1_6_71565.jpeg;https:\/\/images.novelship.com\/product\/_grade_school__air_jordan_1_mid__orange_suede__dv1_7_71565.jpeg"},{"@type":"BreadcrumbList","@id":"https:\/\/tourcruiser.com\/fr\/products\/grade-school-air-jordan-1-mid-orange-suede-dv1336-800\/#breadcrumb","itemListElement":[{"@type":"ListItem","position":1,"name":"Home","item":"https:\/\/tourcruiser.com\/fr\/"},{"@type":"ListItem","position":2,"name":"Shop","item":"https:\/\/tourcruiser.com\/fr\/shop\/"},{"@type":"ListItem","position":3,"name":"(Grade School) Air Jordan 1 Mid &#8216;Orange Suede&#8217; DV1336-800"}]},{"@type":"WebSite","@id":"\/#website","url":"\/","name":"Styloral Jewelry Shop","description":"Tourcruiser Sneaker Store \u2014 L\u2019endroit o\u00f9 l\u2019univers rencontre votre singularit\u00e9.","publisher":{"@id":"\/#organization"},"potentialAction":[{"@type":"SearchAction","target":{"@type":"EntryPoint","urlTemplate":"\/?s={search_term_string}"},"query-input":{"@type":"PropertyValueSpecification","valueRequired":true,"valueName":"search_term_string"}}],"inLanguage":"fr-FR"},{"@type":"Organization","@id":"\/#organization","name":"STYLORAL PTE. LTD","url":"\/","logo":{"@type":"ImageObject","inLanguage":"fr-FR","@id":"\/#\/schema\/logo\/image\/","url":"https:\/\/www.tourcruiser.com\/wp-content\/uploads\/2025\/12\/logo.png","contentUrl":"https:\/\/www.tourcruiser.com\/wp-content\/uploads\/2025\/12\/logo.png","width":200,"height":65,"caption":"STYLORAL PTE. LTD"},"image":{"@id":"\/#\/schema\/logo\/image\/"}}]}},"_links":{"self":[{"href":"https:\/\/tourcruiser.com\/fr\/wp-json\/wp\/v2\/product\/776615","targetHints":{"allow":["GET"]}}],"collection":[{"href":"https:\/\/tourcruiser.com\/fr\/wp-json\/wp\/v2\/product"}],"about":[{"href":"https:\/\/tourcruiser.com\/fr\/wp-json\/wp\/v2\/types\/product"}],"replies":[{"embeddable":true,"href":"https:\/\/tourcruiser.com\/fr\/wp-json\/wp\/v2\/comments?post=776615"}],"wp:featuredmedia":[{"embeddable":true,"href":"https:\/\/tourcruiser.com\/fr\/wp-json\/wp\/v2\/media\/776616"}],"wp:attachment":[{"href":"https:\/\/tourcruiser.com\/fr\/wp-json\/wp\/v2\/media?parent=776615"}],"wp:term":[{"taxonomy":"product_brand","embeddable":true,"href":"https:\/\/tourcruiser.com\/fr\/wp-json\/wp\/v2\/product_brand?post=776615"},{"taxonomy":"product_cat","embeddable":true,"href":"https:\/\/tourcruiser.com\/fr\/wp-json\/wp\/v2\/product_cat?post=776615"},{"taxonomy":"product_tag","embeddable":true,"href":"https:\/\/tourcruiser.com\/fr\/wp-json\/wp\/v2\/product_tag?post=776615"}],"curies":[{"name":"wp","href":"https:\/\/api.w.org\/{rel}","templated":true}]}}