{"id":776541,"date":"2026-04-16T17:17:55","date_gmt":"2026-04-16T10:17:55","guid":{"rendered":"http:\/\/tourcruiser.com\/product\/women-air-jordan-1-mid-french-blue-bq6472-146"},"modified":"2026-04-17T23:10:38","modified_gmt":"2026-04-17T16:10:38","slug":"women-air-jordan-1-mid-french-blue-bq6472-146","status":"publish","type":"product","link":"https:\/\/tourcruiser.com\/fr\/products\/women-air-jordan-1-mid-french-blue-bq6472-146\/","title":{"rendered":"(Women) Air Jordan 1 Mid &lsquo;French Blue&rsquo; BQ6472-146"},"content":{"rendered":"<p>Les Air Jordan 1 Mid French Blue de Jordan sont un incontournable pour tous les fans de sneakers. Avec leur design iconique et leur qualit\u00e9 de fabrication exceptionnelle, elles sont parfaites pour les loisirs comme pour le sport. Leur coloris French Blue leur conf\u00e8re une touche unique et styl\u00e9e, les distinguant des autres. Pr\u00e9parez-vous \u00e0 faire sensation et \u00e0 affirmer votre style avec ces sneakers exceptionnelles.<\/p>\n<p>Coloris : Blanc\/Bleu French Blue-Rouge Gym-Gris Voile-Noir<\/p>\n<p>Code article : BQ6472-146<\/p>\n<p>Tige : Cuir<\/p>\n<p>Semelle interm\u00e9diaire : Air<\/p>\n<p>Couleur : Bleu<\/p>\n<p>Designer : Peter Moore<\/p>\n<p>Saison : Printemps<\/p>\n<p>Ann\u00e9e de sortie : 2023<\/p>\n<p>\u00c2ge : Adulte<br \/>\nCouleur : Blanc\/Bleu anthracite\/Blanc cass\u00e9<\/p>\n<p>Genre : Femme<\/p>\n","protected":false},"excerpt":{"rendered":"<p>Les Air Jordan 1 Mid French Blue de Jordan sont un incontournable pour tous les fans de sneakers. Avec leur design iconique et leur qualit\u00e9 de fabrication exceptionnelle, elles sont parfaites pour les loisirs comme pour le sport. Leur coloris French Blue leur conf\u00e8re une touche unique et styl\u00e9e, les distinguant des autres. Pr\u00e9parez-vous \u00e0 [&hellip;]<\/p>\n","protected":false},"featured_media":776542,"comment_status":"open","ping_status":"closed","template":"","meta":[],"product_brand":[],"product_cat":[38880],"product_tag":[10750,38861,38841,38872,10776,11349,38875,39723,10756],"class_list":{"0":"post-776541","1":"product","2":"type-product","3":"status-publish","4":"has-post-thumbnail","6":"product_cat-jordan","7":"product_tag-athleisure-shoes","8":"product_tag-below-retail-price","9":"product_tag-casual-shoes","10":"product_tag-gift-idea-for-her","11":"product_tag-jordan","12":"product_tag-jordan-basketball-shoes","13":"product_tag-jordan-skateboard-shoes","14":"product_tag-leisure-shoes-basketball-inspired","15":"product_tag-retro-casual-shoes","17":"first","18":"instock","19":"taxable","20":"shipping-taxable","21":"purchasable","22":"product-type-simple"},"wcpa_form_fields":null,"yoast_head":"<!-- This site is optimized with the Yoast SEO plugin v26.5 - https:\/\/yoast.com\/wordpress\/plugins\/seo\/ -->\n<title>(Women) Air Jordan 1 Mid &#039;French Blue&#039; BQ6472-146 - TOURCRUISER PTE. LTD<\/title>\n<meta name=\"robots\" content=\"index, follow, max-snippet:-1, max-image-preview:large, max-video-preview:-1\" \/>\n<link rel=\"canonical\" href=\"https:\/\/tourcruiser.com\/fr\/products\/women-air-jordan-1-mid-french-blue-bq6472-146\/\" \/>\n<meta property=\"og:locale\" content=\"fr_FR\" \/>\n<meta property=\"og:type\" content=\"article\" \/>\n<meta property=\"og:title\" content=\"(Women) Air Jordan 1 Mid &#039;French Blue&#039; BQ6472-146 - TOURCRUISER PTE. LTD\" \/>\n<meta property=\"og:description\" content=\"Les Air Jordan 1 Mid French Blue de Jordan sont un incontournable pour tous les fans de sneakers. Avec leur design iconique et leur qualit\u00e9 de fabrication exceptionnelle, elles sont parfaites pour les loisirs comme pour le sport. Leur coloris French Blue leur conf\u00e8re une touche unique et styl\u00e9e, les distinguant des autres. Pr\u00e9parez-vous \u00e0 [&hellip;]\" \/>\n<meta property=\"og:url\" content=\"https:\/\/tourcruiser.com\/fr\/products\/women-air-jordan-1-mid-french-blue-bq6472-146\/\" \/>\n<meta property=\"og:site_name\" content=\"Tourcruiser Sneaker Store\" \/>\n<meta property=\"article:modified_time\" content=\"2026-04-17T16:10:38+00:00\" \/>\n<meta name=\"twitter:card\" content=\"summary_large_image\" \/>\n<meta name=\"twitter:image\" content=\"https:\/\/images.novelship.com\/product\/_women__air_jordan_1_mid__french_blue__bq6472_146_0_77659.jpeg;https:\/\/images.novelship.com\/product\/_women__air_jordan_1_mid__french_blue__bq6472_146_1_77660.jpeg;https:\/\/images.novelship.com\/product\/_women__air_jordan_1_mid__french_blue__bq6472_146_2_77660.jpeg;https:\/\/images.novelship.com\/product\/_women__air_jordan_1_mid__french_blue__bq6472_146_3_77660.jpeg;https:\/\/images.novelship.com\/product\/_women__air_jordan_1_mid__french_blue__bq6472_146_4_77660.jpeg;https:\/\/images.novelship.com\/product\/_women__air_jordan_1_mid__french_blue__bq6472_146_5_77660.jpeg;https:\/\/images.novelship.com\/product\/_women__air_jordan_1_mid__french_blue__bq6472_146_6_77660.jpeg;https:\/\/images.novelship.com\/product\/_women__air_jordan_1_mid__french_blue__bq6472_146_7_77660.jpeg\" \/>\n<meta name=\"twitter:label1\" content=\"Dur\u00e9e de lecture estim\u00e9e\" \/>\n\t<meta name=\"twitter:data1\" content=\"1 minute\" \/>\n<script type=\"application\/ld+json\" class=\"yoast-schema-graph\">{\"@context\":\"https:\/\/schema.org\",\"@graph\":[{\"@type\":\"WebPage\",\"@id\":\"https:\/\/tourcruiser.com\/fr\/products\/women-air-jordan-1-mid-french-blue-bq6472-146\/\",\"url\":\"https:\/\/tourcruiser.com\/fr\/products\/women-air-jordan-1-mid-french-blue-bq6472-146\/\",\"name\":\"(Women) Air Jordan 1 Mid 'French Blue' BQ6472-146 - TOURCRUISER PTE. LTD\",\"isPartOf\":{\"@id\":\"\/#website\"},\"primaryImageOfPage\":{\"@id\":\"https:\/\/tourcruiser.com\/fr\/products\/women-air-jordan-1-mid-french-blue-bq6472-146\/#primaryimage\"},\"image\":{\"@id\":\"https:\/\/tourcruiser.com\/fr\/products\/women-air-jordan-1-mid-french-blue-bq6472-146\/#primaryimage\"},\"thumbnailUrl\":\"https:\/\/images.novelship.com\/product\/_women__air_jordan_1_mid__french_blue__bq6472_146_0_77659.jpeg;https:\/\/images.novelship.com\/product\/_women__air_jordan_1_mid__french_blue__bq6472_146_1_77660.jpeg;https:\/\/images.novelship.com\/product\/_women__air_jordan_1_mid__french_blue__bq6472_146_2_77660.jpeg;https:\/\/images.novelship.com\/product\/_women__air_jordan_1_mid__french_blue__bq6472_146_3_77660.jpeg;https:\/\/images.novelship.com\/product\/_women__air_jordan_1_mid__french_blue__bq6472_146_4_77660.jpeg;https:\/\/images.novelship.com\/product\/_women__air_jordan_1_mid__french_blue__bq6472_146_5_77660.jpeg;https:\/\/images.novelship.com\/product\/_women__air_jordan_1_mid__french_blue__bq6472_146_6_77660.jpeg;https:\/\/images.novelship.com\/product\/_women__air_jordan_1_mid__french_blue__bq6472_146_7_77660.jpeg\",\"datePublished\":\"2026-04-16T10:17:55+00:00\",\"dateModified\":\"2026-04-17T16:10:38+00:00\",\"breadcrumb\":{\"@id\":\"https:\/\/tourcruiser.com\/fr\/products\/women-air-jordan-1-mid-french-blue-bq6472-146\/#breadcrumb\"},\"inLanguage\":\"fr-FR\",\"potentialAction\":[{\"@type\":\"ReadAction\",\"target\":[\"https:\/\/tourcruiser.com\/fr\/products\/women-air-jordan-1-mid-french-blue-bq6472-146\/\"]}]},{\"@type\":\"ImageObject\",\"inLanguage\":\"fr-FR\",\"@id\":\"https:\/\/tourcruiser.com\/fr\/products\/women-air-jordan-1-mid-french-blue-bq6472-146\/#primaryimage\",\"url\":\"https:\/\/images.novelship.com\/product\/_women__air_jordan_1_mid__french_blue__bq6472_146_0_77659.jpeg;https:\/\/images.novelship.com\/product\/_women__air_jordan_1_mid__french_blue__bq6472_146_1_77660.jpeg;https:\/\/images.novelship.com\/product\/_women__air_jordan_1_mid__french_blue__bq6472_146_2_77660.jpeg;https:\/\/images.novelship.com\/product\/_women__air_jordan_1_mid__french_blue__bq6472_146_3_77660.jpeg;https:\/\/images.novelship.com\/product\/_women__air_jordan_1_mid__french_blue__bq6472_146_4_77660.jpeg;https:\/\/images.novelship.com\/product\/_women__air_jordan_1_mid__french_blue__bq6472_146_5_77660.jpeg;https:\/\/images.novelship.com\/product\/_women__air_jordan_1_mid__french_blue__bq6472_146_6_77660.jpeg;https:\/\/images.novelship.com\/product\/_women__air_jordan_1_mid__french_blue__bq6472_146_7_77660.jpeg\",\"contentUrl\":\"https:\/\/images.novelship.com\/product\/_women__air_jordan_1_mid__french_blue__bq6472_146_0_77659.jpeg;https:\/\/images.novelship.com\/product\/_women__air_jordan_1_mid__french_blue__bq6472_146_1_77660.jpeg;https:\/\/images.novelship.com\/product\/_women__air_jordan_1_mid__french_blue__bq6472_146_2_77660.jpeg;https:\/\/images.novelship.com\/product\/_women__air_jordan_1_mid__french_blue__bq6472_146_3_77660.jpeg;https:\/\/images.novelship.com\/product\/_women__air_jordan_1_mid__french_blue__bq6472_146_4_77660.jpeg;https:\/\/images.novelship.com\/product\/_women__air_jordan_1_mid__french_blue__bq6472_146_5_77660.jpeg;https:\/\/images.novelship.com\/product\/_women__air_jordan_1_mid__french_blue__bq6472_146_6_77660.jpeg;https:\/\/images.novelship.com\/product\/_women__air_jordan_1_mid__french_blue__bq6472_146_7_77660.jpeg\"},{\"@type\":\"BreadcrumbList\",\"@id\":\"https:\/\/tourcruiser.com\/fr\/products\/women-air-jordan-1-mid-french-blue-bq6472-146\/#breadcrumb\",\"itemListElement\":[{\"@type\":\"ListItem\",\"position\":1,\"name\":\"Home\",\"item\":\"https:\/\/tourcruiser.com\/fr\/\"},{\"@type\":\"ListItem\",\"position\":2,\"name\":\"Shop\",\"item\":\"https:\/\/tourcruiser.com\/fr\/shop\/\"},{\"@type\":\"ListItem\",\"position\":3,\"name\":\"(Women) Air Jordan 1 Mid &#8216;French Blue&#8217; BQ6472-146\"}]},{\"@type\":\"WebSite\",\"@id\":\"\/#website\",\"url\":\"\/\",\"name\":\"Styloral Jewelry Shop\",\"description\":\"Tourcruiser Sneaker Store \u2014 L\u2019endroit o\u00f9 l\u2019univers rencontre votre singularit\u00e9.\",\"publisher\":{\"@id\":\"\/#organization\"},\"potentialAction\":[{\"@type\":\"SearchAction\",\"target\":{\"@type\":\"EntryPoint\",\"urlTemplate\":\"\/?s={search_term_string}\"},\"query-input\":{\"@type\":\"PropertyValueSpecification\",\"valueRequired\":true,\"valueName\":\"search_term_string\"}}],\"inLanguage\":\"fr-FR\"},{\"@type\":\"Organization\",\"@id\":\"\/#organization\",\"name\":\"STYLORAL PTE. LTD\",\"url\":\"\/\",\"logo\":{\"@type\":\"ImageObject\",\"inLanguage\":\"fr-FR\",\"@id\":\"\/#\/schema\/logo\/image\/\",\"url\":\"https:\/\/www.tourcruiser.com\/wp-content\/uploads\/2025\/12\/logo.png\",\"contentUrl\":\"https:\/\/www.tourcruiser.com\/wp-content\/uploads\/2025\/12\/logo.png\",\"width\":200,\"height\":65,\"caption\":\"STYLORAL PTE. LTD\"},\"image\":{\"@id\":\"\/#\/schema\/logo\/image\/\"}}]}<\/script>\n<!-- \/ Yoast SEO plugin. -->","yoast_head_json":{"title":"(Women) Air Jordan 1 Mid 'French Blue' BQ6472-146 - TOURCRUISER PTE. LTD","robots":{"index":"index","follow":"follow","max-snippet":"max-snippet:-1","max-image-preview":"max-image-preview:large","max-video-preview":"max-video-preview:-1"},"canonical":"https:\/\/tourcruiser.com\/fr\/products\/women-air-jordan-1-mid-french-blue-bq6472-146\/","og_locale":"fr_FR","og_type":"article","og_title":"(Women) Air Jordan 1 Mid 'French Blue' BQ6472-146 - TOURCRUISER PTE. LTD","og_description":"Les Air Jordan 1 Mid French Blue de Jordan sont un incontournable pour tous les fans de sneakers. Avec leur design iconique et leur qualit\u00e9 de fabrication exceptionnelle, elles sont parfaites pour les loisirs comme pour le sport. Leur coloris French Blue leur conf\u00e8re une touche unique et styl\u00e9e, les distinguant des autres. Pr\u00e9parez-vous \u00e0 [&hellip;]","og_url":"https:\/\/tourcruiser.com\/fr\/products\/women-air-jordan-1-mid-french-blue-bq6472-146\/","og_site_name":"Tourcruiser Sneaker Store","article_modified_time":"2026-04-17T16:10:38+00:00","twitter_card":"summary_large_image","twitter_image":"https:\/\/images.novelship.com\/product\/_women__air_jordan_1_mid__french_blue__bq6472_146_0_77659.jpeg;https:\/\/images.novelship.com\/product\/_women__air_jordan_1_mid__french_blue__bq6472_146_1_77660.jpeg;https:\/\/images.novelship.com\/product\/_women__air_jordan_1_mid__french_blue__bq6472_146_2_77660.jpeg;https:\/\/images.novelship.com\/product\/_women__air_jordan_1_mid__french_blue__bq6472_146_3_77660.jpeg;https:\/\/images.novelship.com\/product\/_women__air_jordan_1_mid__french_blue__bq6472_146_4_77660.jpeg;https:\/\/images.novelship.com\/product\/_women__air_jordan_1_mid__french_blue__bq6472_146_5_77660.jpeg;https:\/\/images.novelship.com\/product\/_women__air_jordan_1_mid__french_blue__bq6472_146_6_77660.jpeg;https:\/\/images.novelship.com\/product\/_women__air_jordan_1_mid__french_blue__bq6472_146_7_77660.jpeg","twitter_misc":{"Dur\u00e9e de lecture estim\u00e9e":"1 minute"},"schema":{"@context":"https:\/\/schema.org","@graph":[{"@type":"WebPage","@id":"https:\/\/tourcruiser.com\/fr\/products\/women-air-jordan-1-mid-french-blue-bq6472-146\/","url":"https:\/\/tourcruiser.com\/fr\/products\/women-air-jordan-1-mid-french-blue-bq6472-146\/","name":"(Women) Air Jordan 1 Mid 'French Blue' BQ6472-146 - TOURCRUISER PTE. LTD","isPartOf":{"@id":"\/#website"},"primaryImageOfPage":{"@id":"https:\/\/tourcruiser.com\/fr\/products\/women-air-jordan-1-mid-french-blue-bq6472-146\/#primaryimage"},"image":{"@id":"https:\/\/tourcruiser.com\/fr\/products\/women-air-jordan-1-mid-french-blue-bq6472-146\/#primaryimage"},"thumbnailUrl":"https:\/\/images.novelship.com\/product\/_women__air_jordan_1_mid__french_blue__bq6472_146_0_77659.jpeg;https:\/\/images.novelship.com\/product\/_women__air_jordan_1_mid__french_blue__bq6472_146_1_77660.jpeg;https:\/\/images.novelship.com\/product\/_women__air_jordan_1_mid__french_blue__bq6472_146_2_77660.jpeg;https:\/\/images.novelship.com\/product\/_women__air_jordan_1_mid__french_blue__bq6472_146_3_77660.jpeg;https:\/\/images.novelship.com\/product\/_women__air_jordan_1_mid__french_blue__bq6472_146_4_77660.jpeg;https:\/\/images.novelship.com\/product\/_women__air_jordan_1_mid__french_blue__bq6472_146_5_77660.jpeg;https:\/\/images.novelship.com\/product\/_women__air_jordan_1_mid__french_blue__bq6472_146_6_77660.jpeg;https:\/\/images.novelship.com\/product\/_women__air_jordan_1_mid__french_blue__bq6472_146_7_77660.jpeg","datePublished":"2026-04-16T10:17:55+00:00","dateModified":"2026-04-17T16:10:38+00:00","breadcrumb":{"@id":"https:\/\/tourcruiser.com\/fr\/products\/women-air-jordan-1-mid-french-blue-bq6472-146\/#breadcrumb"},"inLanguage":"fr-FR","potentialAction":[{"@type":"ReadAction","target":["https:\/\/tourcruiser.com\/fr\/products\/women-air-jordan-1-mid-french-blue-bq6472-146\/"]}]},{"@type":"ImageObject","inLanguage":"fr-FR","@id":"https:\/\/tourcruiser.com\/fr\/products\/women-air-jordan-1-mid-french-blue-bq6472-146\/#primaryimage","url":"https:\/\/images.novelship.com\/product\/_women__air_jordan_1_mid__french_blue__bq6472_146_0_77659.jpeg;https:\/\/images.novelship.com\/product\/_women__air_jordan_1_mid__french_blue__bq6472_146_1_77660.jpeg;https:\/\/images.novelship.com\/product\/_women__air_jordan_1_mid__french_blue__bq6472_146_2_77660.jpeg;https:\/\/images.novelship.com\/product\/_women__air_jordan_1_mid__french_blue__bq6472_146_3_77660.jpeg;https:\/\/images.novelship.com\/product\/_women__air_jordan_1_mid__french_blue__bq6472_146_4_77660.jpeg;https:\/\/images.novelship.com\/product\/_women__air_jordan_1_mid__french_blue__bq6472_146_5_77660.jpeg;https:\/\/images.novelship.com\/product\/_women__air_jordan_1_mid__french_blue__bq6472_146_6_77660.jpeg;https:\/\/images.novelship.com\/product\/_women__air_jordan_1_mid__french_blue__bq6472_146_7_77660.jpeg","contentUrl":"https:\/\/images.novelship.com\/product\/_women__air_jordan_1_mid__french_blue__bq6472_146_0_77659.jpeg;https:\/\/images.novelship.com\/product\/_women__air_jordan_1_mid__french_blue__bq6472_146_1_77660.jpeg;https:\/\/images.novelship.com\/product\/_women__air_jordan_1_mid__french_blue__bq6472_146_2_77660.jpeg;https:\/\/images.novelship.com\/product\/_women__air_jordan_1_mid__french_blue__bq6472_146_3_77660.jpeg;https:\/\/images.novelship.com\/product\/_women__air_jordan_1_mid__french_blue__bq6472_146_4_77660.jpeg;https:\/\/images.novelship.com\/product\/_women__air_jordan_1_mid__french_blue__bq6472_146_5_77660.jpeg;https:\/\/images.novelship.com\/product\/_women__air_jordan_1_mid__french_blue__bq6472_146_6_77660.jpeg;https:\/\/images.novelship.com\/product\/_women__air_jordan_1_mid__french_blue__bq6472_146_7_77660.jpeg"},{"@type":"BreadcrumbList","@id":"https:\/\/tourcruiser.com\/fr\/products\/women-air-jordan-1-mid-french-blue-bq6472-146\/#breadcrumb","itemListElement":[{"@type":"ListItem","position":1,"name":"Home","item":"https:\/\/tourcruiser.com\/fr\/"},{"@type":"ListItem","position":2,"name":"Shop","item":"https:\/\/tourcruiser.com\/fr\/shop\/"},{"@type":"ListItem","position":3,"name":"(Women) Air Jordan 1 Mid &#8216;French Blue&#8217; BQ6472-146"}]},{"@type":"WebSite","@id":"\/#website","url":"\/","name":"Styloral Jewelry Shop","description":"Tourcruiser Sneaker Store \u2014 L\u2019endroit o\u00f9 l\u2019univers rencontre votre singularit\u00e9.","publisher":{"@id":"\/#organization"},"potentialAction":[{"@type":"SearchAction","target":{"@type":"EntryPoint","urlTemplate":"\/?s={search_term_string}"},"query-input":{"@type":"PropertyValueSpecification","valueRequired":true,"valueName":"search_term_string"}}],"inLanguage":"fr-FR"},{"@type":"Organization","@id":"\/#organization","name":"STYLORAL PTE. LTD","url":"\/","logo":{"@type":"ImageObject","inLanguage":"fr-FR","@id":"\/#\/schema\/logo\/image\/","url":"https:\/\/www.tourcruiser.com\/wp-content\/uploads\/2025\/12\/logo.png","contentUrl":"https:\/\/www.tourcruiser.com\/wp-content\/uploads\/2025\/12\/logo.png","width":200,"height":65,"caption":"STYLORAL PTE. LTD"},"image":{"@id":"\/#\/schema\/logo\/image\/"}}]}},"_links":{"self":[{"href":"https:\/\/tourcruiser.com\/fr\/wp-json\/wp\/v2\/product\/776541","targetHints":{"allow":["GET"]}}],"collection":[{"href":"https:\/\/tourcruiser.com\/fr\/wp-json\/wp\/v2\/product"}],"about":[{"href":"https:\/\/tourcruiser.com\/fr\/wp-json\/wp\/v2\/types\/product"}],"replies":[{"embeddable":true,"href":"https:\/\/tourcruiser.com\/fr\/wp-json\/wp\/v2\/comments?post=776541"}],"wp:featuredmedia":[{"embeddable":true,"href":"https:\/\/tourcruiser.com\/fr\/wp-json\/wp\/v2\/media\/776542"}],"wp:attachment":[{"href":"https:\/\/tourcruiser.com\/fr\/wp-json\/wp\/v2\/media?parent=776541"}],"wp:term":[{"taxonomy":"product_brand","embeddable":true,"href":"https:\/\/tourcruiser.com\/fr\/wp-json\/wp\/v2\/product_brand?post=776541"},{"taxonomy":"product_cat","embeddable":true,"href":"https:\/\/tourcruiser.com\/fr\/wp-json\/wp\/v2\/product_cat?post=776541"},{"taxonomy":"product_tag","embeddable":true,"href":"https:\/\/tourcruiser.com\/fr\/wp-json\/wp\/v2\/product_tag?post=776541"}],"curies":[{"name":"wp","href":"https:\/\/api.w.org\/{rel}","templated":true}]}}