{"id":776293,"date":"2026-04-16T17:17:45","date_gmt":"2026-04-16T10:17:45","guid":{"rendered":"http:\/\/tourcruiser.com\/product\/grade-school-air-jordan-1-low-ice-blue-554723-401"},"modified":"2026-04-17T23:10:19","modified_gmt":"2026-04-17T16:10:19","slug":"grade-school-air-jordan-1-low-ice-blue-554723-401","status":"publish","type":"product","link":"https:\/\/tourcruiser.com\/fr\/products\/grade-school-air-jordan-1-low-ice-blue-554723-401\/","title":{"rendered":"(Grade School) Air Jordan 1 Low &lsquo;Ice Blue&rsquo; 554723-401"},"content":{"rendered":"<p>La Air Jordan 1 Low Ice Blue (GS) de Jordan revisite la sneaker classique avec un design moderne et tendance. Avec son coloris bleu glacier saisissant et le logo embl\u00e9matique de Jordan, cette sneaker ne passera pas inaper\u00e7ue. Confectionn\u00e9e \u00e0 partir de mat\u00e9riaux haut de gamme pour une durabilit\u00e9 et un confort optimaux, cette Air Jordan est id\u00e9ale pour un look sportif ou d\u00e9contract\u00e9. Affirmez votre style avec la Air Jordan 1 Low Ice Blue (GS).<\/p>\n<p>Coloris : Bleu glacier\/Noir\/Voile\/Blanc<\/p>\n<p>Code article : 554723-401<\/p>\n<p>Tige : Cuir<\/p>\n<p>Semelle interm\u00e9diaire : Air<\/p>\n<p>Couleur : Bleu<\/p>\n<p>Designer : Peter Moore<\/p>\n<p>Ann\u00e9e de sortie : 2022<\/p>\n<p>\u00c2ge : Adulte<\/p>\n<p>Couleur : Noir\/Noir\/Gros<\/p>\n<p>Genre : Enfant<\/p>\n","protected":false},"excerpt":{"rendered":"<p>La Air Jordan 1 Low Ice Blue (GS) de Jordan revisite la sneaker classique avec un design moderne et tendance. Avec son coloris bleu glacier saisissant et le logo embl\u00e9matique de Jordan, cette sneaker ne passera pas inaper\u00e7ue. Confectionn\u00e9e \u00e0 partir de mat\u00e9riaux haut de gamme pour une durabilit\u00e9 et un confort optimaux, cette Air [&hellip;]<\/p>\n","protected":false},"featured_media":776294,"comment_status":"open","ping_status":"closed","template":"","meta":[],"product_brand":[],"product_cat":[38880],"product_tag":[10750,38988,38874,10776,11349,38875,10756,39039,38902,39636],"class_list":{"0":"post-776293","1":"product","2":"type-product","3":"status-publish","4":"has-post-thumbnail","6":"product_cat-jordan","7":"product_tag-athleisure-shoes","8":"product_tag-casual-shoes-for-kids","9":"product_tag-hari-raya-gs","10":"product_tag-jordan","11":"product_tag-jordan-basketball-shoes","12":"product_tag-jordan-skateboard-shoes","13":"product_tag-retro-casual-shoes","14":"product_tag-sneakers-for-kids","15":"product_tag-trendy-offers","16":"product_tag-trendy-offers-under-150","18":"first","19":"instock","20":"taxable","21":"shipping-taxable","22":"purchasable","23":"product-type-simple"},"wcpa_form_fields":null,"yoast_head":"<!-- This site is optimized with the Yoast SEO plugin v26.5 - https:\/\/yoast.com\/wordpress\/plugins\/seo\/ -->\n<title>(Grade School) Air Jordan 1 Low &#039;Ice Blue&#039; 554723-401 - TOURCRUISER PTE. LTD<\/title>\n<meta name=\"robots\" content=\"index, follow, max-snippet:-1, max-image-preview:large, max-video-preview:-1\" \/>\n<link rel=\"canonical\" href=\"https:\/\/tourcruiser.com\/fr\/products\/grade-school-air-jordan-1-low-ice-blue-554723-401\/\" \/>\n<meta property=\"og:locale\" content=\"fr_FR\" \/>\n<meta property=\"og:type\" content=\"article\" \/>\n<meta property=\"og:title\" content=\"(Grade School) Air Jordan 1 Low &#039;Ice Blue&#039; 554723-401 - TOURCRUISER PTE. LTD\" \/>\n<meta property=\"og:description\" content=\"La Air Jordan 1 Low Ice Blue (GS) de Jordan revisite la sneaker classique avec un design moderne et tendance. Avec son coloris bleu glacier saisissant et le logo embl\u00e9matique de Jordan, cette sneaker ne passera pas inaper\u00e7ue. Confectionn\u00e9e \u00e0 partir de mat\u00e9riaux haut de gamme pour une durabilit\u00e9 et un confort optimaux, cette Air [&hellip;]\" \/>\n<meta property=\"og:url\" content=\"https:\/\/tourcruiser.com\/fr\/products\/grade-school-air-jordan-1-low-ice-blue-554723-401\/\" \/>\n<meta property=\"og:site_name\" content=\"Tourcruiser Sneaker Store\" \/>\n<meta property=\"article:modified_time\" content=\"2026-04-17T16:10:19+00:00\" \/>\n<meta name=\"twitter:card\" content=\"summary_large_image\" \/>\n<meta name=\"twitter:image\" content=\"https:\/\/images.novelship.com\/product\/_grade_school__air_jordan_1_low__ice_blue__554723__0_91809.jpeg;https:\/\/images.novelship.com\/product\/_grade_school__air_jordan_1_low__ice_blue__554723__1_91809.jpeg;https:\/\/images.novelship.com\/product\/_grade_school__air_jordan_1_low__ice_blue__554723__2_91809.jpeg;https:\/\/images.novelship.com\/product\/_grade_school__air_jordan_1_low__ice_blue__554723__3_91809.jpeg;https:\/\/images.novelship.com\/product\/_grade_school__air_jordan_1_low__ice_blue__554723__4_91809.jpeg;https:\/\/images.novelship.com\/product\/_grade_school__air_jordan_1_low__ice_blue__554723__5_91809.jpeg;https:\/\/images.novelship.com\/product\/_grade_school__air_jordan_1_low__ice_blue__554723__6_91809.jpeg;https:\/\/images.novelship.com\/product\/_grade_school__air_jordan_1_low__ice_blue__554723__7_91809.jpeg\" \/>\n<meta name=\"twitter:label1\" content=\"Dur\u00e9e de lecture estim\u00e9e\" \/>\n\t<meta name=\"twitter:data1\" content=\"1 minute\" \/>\n<script type=\"application\/ld+json\" class=\"yoast-schema-graph\">{\"@context\":\"https:\/\/schema.org\",\"@graph\":[{\"@type\":\"WebPage\",\"@id\":\"https:\/\/tourcruiser.com\/fr\/products\/grade-school-air-jordan-1-low-ice-blue-554723-401\/\",\"url\":\"https:\/\/tourcruiser.com\/fr\/products\/grade-school-air-jordan-1-low-ice-blue-554723-401\/\",\"name\":\"(Grade School) Air Jordan 1 Low 'Ice Blue' 554723-401 - TOURCRUISER PTE. LTD\",\"isPartOf\":{\"@id\":\"\/#website\"},\"primaryImageOfPage\":{\"@id\":\"https:\/\/tourcruiser.com\/fr\/products\/grade-school-air-jordan-1-low-ice-blue-554723-401\/#primaryimage\"},\"image\":{\"@id\":\"https:\/\/tourcruiser.com\/fr\/products\/grade-school-air-jordan-1-low-ice-blue-554723-401\/#primaryimage\"},\"thumbnailUrl\":\"https:\/\/images.novelship.com\/product\/_grade_school__air_jordan_1_low__ice_blue__554723__0_91809.jpeg;https:\/\/images.novelship.com\/product\/_grade_school__air_jordan_1_low__ice_blue__554723__1_91809.jpeg;https:\/\/images.novelship.com\/product\/_grade_school__air_jordan_1_low__ice_blue__554723__2_91809.jpeg;https:\/\/images.novelship.com\/product\/_grade_school__air_jordan_1_low__ice_blue__554723__3_91809.jpeg;https:\/\/images.novelship.com\/product\/_grade_school__air_jordan_1_low__ice_blue__554723__4_91809.jpeg;https:\/\/images.novelship.com\/product\/_grade_school__air_jordan_1_low__ice_blue__554723__5_91809.jpeg;https:\/\/images.novelship.com\/product\/_grade_school__air_jordan_1_low__ice_blue__554723__6_91809.jpeg;https:\/\/images.novelship.com\/product\/_grade_school__air_jordan_1_low__ice_blue__554723__7_91809.jpeg\",\"datePublished\":\"2026-04-16T10:17:45+00:00\",\"dateModified\":\"2026-04-17T16:10:19+00:00\",\"breadcrumb\":{\"@id\":\"https:\/\/tourcruiser.com\/fr\/products\/grade-school-air-jordan-1-low-ice-blue-554723-401\/#breadcrumb\"},\"inLanguage\":\"fr-FR\",\"potentialAction\":[{\"@type\":\"ReadAction\",\"target\":[\"https:\/\/tourcruiser.com\/fr\/products\/grade-school-air-jordan-1-low-ice-blue-554723-401\/\"]}]},{\"@type\":\"ImageObject\",\"inLanguage\":\"fr-FR\",\"@id\":\"https:\/\/tourcruiser.com\/fr\/products\/grade-school-air-jordan-1-low-ice-blue-554723-401\/#primaryimage\",\"url\":\"https:\/\/images.novelship.com\/product\/_grade_school__air_jordan_1_low__ice_blue__554723__0_91809.jpeg;https:\/\/images.novelship.com\/product\/_grade_school__air_jordan_1_low__ice_blue__554723__1_91809.jpeg;https:\/\/images.novelship.com\/product\/_grade_school__air_jordan_1_low__ice_blue__554723__2_91809.jpeg;https:\/\/images.novelship.com\/product\/_grade_school__air_jordan_1_low__ice_blue__554723__3_91809.jpeg;https:\/\/images.novelship.com\/product\/_grade_school__air_jordan_1_low__ice_blue__554723__4_91809.jpeg;https:\/\/images.novelship.com\/product\/_grade_school__air_jordan_1_low__ice_blue__554723__5_91809.jpeg;https:\/\/images.novelship.com\/product\/_grade_school__air_jordan_1_low__ice_blue__554723__6_91809.jpeg;https:\/\/images.novelship.com\/product\/_grade_school__air_jordan_1_low__ice_blue__554723__7_91809.jpeg\",\"contentUrl\":\"https:\/\/images.novelship.com\/product\/_grade_school__air_jordan_1_low__ice_blue__554723__0_91809.jpeg;https:\/\/images.novelship.com\/product\/_grade_school__air_jordan_1_low__ice_blue__554723__1_91809.jpeg;https:\/\/images.novelship.com\/product\/_grade_school__air_jordan_1_low__ice_blue__554723__2_91809.jpeg;https:\/\/images.novelship.com\/product\/_grade_school__air_jordan_1_low__ice_blue__554723__3_91809.jpeg;https:\/\/images.novelship.com\/product\/_grade_school__air_jordan_1_low__ice_blue__554723__4_91809.jpeg;https:\/\/images.novelship.com\/product\/_grade_school__air_jordan_1_low__ice_blue__554723__5_91809.jpeg;https:\/\/images.novelship.com\/product\/_grade_school__air_jordan_1_low__ice_blue__554723__6_91809.jpeg;https:\/\/images.novelship.com\/product\/_grade_school__air_jordan_1_low__ice_blue__554723__7_91809.jpeg\"},{\"@type\":\"BreadcrumbList\",\"@id\":\"https:\/\/tourcruiser.com\/fr\/products\/grade-school-air-jordan-1-low-ice-blue-554723-401\/#breadcrumb\",\"itemListElement\":[{\"@type\":\"ListItem\",\"position\":1,\"name\":\"Home\",\"item\":\"https:\/\/tourcruiser.com\/fr\/\"},{\"@type\":\"ListItem\",\"position\":2,\"name\":\"Shop\",\"item\":\"https:\/\/tourcruiser.com\/fr\/shop\/\"},{\"@type\":\"ListItem\",\"position\":3,\"name\":\"(Grade School) Air Jordan 1 Low &#8216;Ice Blue&#8217; 554723-401\"}]},{\"@type\":\"WebSite\",\"@id\":\"\/#website\",\"url\":\"\/\",\"name\":\"Styloral Jewelry Shop\",\"description\":\"Tourcruiser Sneaker Store \u2014 L\u2019endroit o\u00f9 l\u2019univers rencontre votre singularit\u00e9.\",\"publisher\":{\"@id\":\"\/#organization\"},\"potentialAction\":[{\"@type\":\"SearchAction\",\"target\":{\"@type\":\"EntryPoint\",\"urlTemplate\":\"\/?s={search_term_string}\"},\"query-input\":{\"@type\":\"PropertyValueSpecification\",\"valueRequired\":true,\"valueName\":\"search_term_string\"}}],\"inLanguage\":\"fr-FR\"},{\"@type\":\"Organization\",\"@id\":\"\/#organization\",\"name\":\"STYLORAL PTE. LTD\",\"url\":\"\/\",\"logo\":{\"@type\":\"ImageObject\",\"inLanguage\":\"fr-FR\",\"@id\":\"\/#\/schema\/logo\/image\/\",\"url\":\"https:\/\/www.tourcruiser.com\/wp-content\/uploads\/2025\/12\/logo.png\",\"contentUrl\":\"https:\/\/www.tourcruiser.com\/wp-content\/uploads\/2025\/12\/logo.png\",\"width\":200,\"height\":65,\"caption\":\"STYLORAL PTE. LTD\"},\"image\":{\"@id\":\"\/#\/schema\/logo\/image\/\"}}]}<\/script>\n<!-- \/ Yoast SEO plugin. -->","yoast_head_json":{"title":"(Grade School) Air Jordan 1 Low 'Ice Blue' 554723-401 - TOURCRUISER PTE. LTD","robots":{"index":"index","follow":"follow","max-snippet":"max-snippet:-1","max-image-preview":"max-image-preview:large","max-video-preview":"max-video-preview:-1"},"canonical":"https:\/\/tourcruiser.com\/fr\/products\/grade-school-air-jordan-1-low-ice-blue-554723-401\/","og_locale":"fr_FR","og_type":"article","og_title":"(Grade School) Air Jordan 1 Low 'Ice Blue' 554723-401 - TOURCRUISER PTE. LTD","og_description":"La Air Jordan 1 Low Ice Blue (GS) de Jordan revisite la sneaker classique avec un design moderne et tendance. Avec son coloris bleu glacier saisissant et le logo embl\u00e9matique de Jordan, cette sneaker ne passera pas inaper\u00e7ue. Confectionn\u00e9e \u00e0 partir de mat\u00e9riaux haut de gamme pour une durabilit\u00e9 et un confort optimaux, cette Air [&hellip;]","og_url":"https:\/\/tourcruiser.com\/fr\/products\/grade-school-air-jordan-1-low-ice-blue-554723-401\/","og_site_name":"Tourcruiser Sneaker Store","article_modified_time":"2026-04-17T16:10:19+00:00","twitter_card":"summary_large_image","twitter_image":"https:\/\/images.novelship.com\/product\/_grade_school__air_jordan_1_low__ice_blue__554723__0_91809.jpeg;https:\/\/images.novelship.com\/product\/_grade_school__air_jordan_1_low__ice_blue__554723__1_91809.jpeg;https:\/\/images.novelship.com\/product\/_grade_school__air_jordan_1_low__ice_blue__554723__2_91809.jpeg;https:\/\/images.novelship.com\/product\/_grade_school__air_jordan_1_low__ice_blue__554723__3_91809.jpeg;https:\/\/images.novelship.com\/product\/_grade_school__air_jordan_1_low__ice_blue__554723__4_91809.jpeg;https:\/\/images.novelship.com\/product\/_grade_school__air_jordan_1_low__ice_blue__554723__5_91809.jpeg;https:\/\/images.novelship.com\/product\/_grade_school__air_jordan_1_low__ice_blue__554723__6_91809.jpeg;https:\/\/images.novelship.com\/product\/_grade_school__air_jordan_1_low__ice_blue__554723__7_91809.jpeg","twitter_misc":{"Dur\u00e9e de lecture estim\u00e9e":"1 minute"},"schema":{"@context":"https:\/\/schema.org","@graph":[{"@type":"WebPage","@id":"https:\/\/tourcruiser.com\/fr\/products\/grade-school-air-jordan-1-low-ice-blue-554723-401\/","url":"https:\/\/tourcruiser.com\/fr\/products\/grade-school-air-jordan-1-low-ice-blue-554723-401\/","name":"(Grade School) Air Jordan 1 Low 'Ice Blue' 554723-401 - TOURCRUISER PTE. LTD","isPartOf":{"@id":"\/#website"},"primaryImageOfPage":{"@id":"https:\/\/tourcruiser.com\/fr\/products\/grade-school-air-jordan-1-low-ice-blue-554723-401\/#primaryimage"},"image":{"@id":"https:\/\/tourcruiser.com\/fr\/products\/grade-school-air-jordan-1-low-ice-blue-554723-401\/#primaryimage"},"thumbnailUrl":"https:\/\/images.novelship.com\/product\/_grade_school__air_jordan_1_low__ice_blue__554723__0_91809.jpeg;https:\/\/images.novelship.com\/product\/_grade_school__air_jordan_1_low__ice_blue__554723__1_91809.jpeg;https:\/\/images.novelship.com\/product\/_grade_school__air_jordan_1_low__ice_blue__554723__2_91809.jpeg;https:\/\/images.novelship.com\/product\/_grade_school__air_jordan_1_low__ice_blue__554723__3_91809.jpeg;https:\/\/images.novelship.com\/product\/_grade_school__air_jordan_1_low__ice_blue__554723__4_91809.jpeg;https:\/\/images.novelship.com\/product\/_grade_school__air_jordan_1_low__ice_blue__554723__5_91809.jpeg;https:\/\/images.novelship.com\/product\/_grade_school__air_jordan_1_low__ice_blue__554723__6_91809.jpeg;https:\/\/images.novelship.com\/product\/_grade_school__air_jordan_1_low__ice_blue__554723__7_91809.jpeg","datePublished":"2026-04-16T10:17:45+00:00","dateModified":"2026-04-17T16:10:19+00:00","breadcrumb":{"@id":"https:\/\/tourcruiser.com\/fr\/products\/grade-school-air-jordan-1-low-ice-blue-554723-401\/#breadcrumb"},"inLanguage":"fr-FR","potentialAction":[{"@type":"ReadAction","target":["https:\/\/tourcruiser.com\/fr\/products\/grade-school-air-jordan-1-low-ice-blue-554723-401\/"]}]},{"@type":"ImageObject","inLanguage":"fr-FR","@id":"https:\/\/tourcruiser.com\/fr\/products\/grade-school-air-jordan-1-low-ice-blue-554723-401\/#primaryimage","url":"https:\/\/images.novelship.com\/product\/_grade_school__air_jordan_1_low__ice_blue__554723__0_91809.jpeg;https:\/\/images.novelship.com\/product\/_grade_school__air_jordan_1_low__ice_blue__554723__1_91809.jpeg;https:\/\/images.novelship.com\/product\/_grade_school__air_jordan_1_low__ice_blue__554723__2_91809.jpeg;https:\/\/images.novelship.com\/product\/_grade_school__air_jordan_1_low__ice_blue__554723__3_91809.jpeg;https:\/\/images.novelship.com\/product\/_grade_school__air_jordan_1_low__ice_blue__554723__4_91809.jpeg;https:\/\/images.novelship.com\/product\/_grade_school__air_jordan_1_low__ice_blue__554723__5_91809.jpeg;https:\/\/images.novelship.com\/product\/_grade_school__air_jordan_1_low__ice_blue__554723__6_91809.jpeg;https:\/\/images.novelship.com\/product\/_grade_school__air_jordan_1_low__ice_blue__554723__7_91809.jpeg","contentUrl":"https:\/\/images.novelship.com\/product\/_grade_school__air_jordan_1_low__ice_blue__554723__0_91809.jpeg;https:\/\/images.novelship.com\/product\/_grade_school__air_jordan_1_low__ice_blue__554723__1_91809.jpeg;https:\/\/images.novelship.com\/product\/_grade_school__air_jordan_1_low__ice_blue__554723__2_91809.jpeg;https:\/\/images.novelship.com\/product\/_grade_school__air_jordan_1_low__ice_blue__554723__3_91809.jpeg;https:\/\/images.novelship.com\/product\/_grade_school__air_jordan_1_low__ice_blue__554723__4_91809.jpeg;https:\/\/images.novelship.com\/product\/_grade_school__air_jordan_1_low__ice_blue__554723__5_91809.jpeg;https:\/\/images.novelship.com\/product\/_grade_school__air_jordan_1_low__ice_blue__554723__6_91809.jpeg;https:\/\/images.novelship.com\/product\/_grade_school__air_jordan_1_low__ice_blue__554723__7_91809.jpeg"},{"@type":"BreadcrumbList","@id":"https:\/\/tourcruiser.com\/fr\/products\/grade-school-air-jordan-1-low-ice-blue-554723-401\/#breadcrumb","itemListElement":[{"@type":"ListItem","position":1,"name":"Home","item":"https:\/\/tourcruiser.com\/fr\/"},{"@type":"ListItem","position":2,"name":"Shop","item":"https:\/\/tourcruiser.com\/fr\/shop\/"},{"@type":"ListItem","position":3,"name":"(Grade School) Air Jordan 1 Low &#8216;Ice Blue&#8217; 554723-401"}]},{"@type":"WebSite","@id":"\/#website","url":"\/","name":"Styloral Jewelry Shop","description":"Tourcruiser Sneaker Store \u2014 L\u2019endroit o\u00f9 l\u2019univers rencontre votre singularit\u00e9.","publisher":{"@id":"\/#organization"},"potentialAction":[{"@type":"SearchAction","target":{"@type":"EntryPoint","urlTemplate":"\/?s={search_term_string}"},"query-input":{"@type":"PropertyValueSpecification","valueRequired":true,"valueName":"search_term_string"}}],"inLanguage":"fr-FR"},{"@type":"Organization","@id":"\/#organization","name":"STYLORAL PTE. LTD","url":"\/","logo":{"@type":"ImageObject","inLanguage":"fr-FR","@id":"\/#\/schema\/logo\/image\/","url":"https:\/\/www.tourcruiser.com\/wp-content\/uploads\/2025\/12\/logo.png","contentUrl":"https:\/\/www.tourcruiser.com\/wp-content\/uploads\/2025\/12\/logo.png","width":200,"height":65,"caption":"STYLORAL PTE. LTD"},"image":{"@id":"\/#\/schema\/logo\/image\/"}}]}},"_links":{"self":[{"href":"https:\/\/tourcruiser.com\/fr\/wp-json\/wp\/v2\/product\/776293","targetHints":{"allow":["GET"]}}],"collection":[{"href":"https:\/\/tourcruiser.com\/fr\/wp-json\/wp\/v2\/product"}],"about":[{"href":"https:\/\/tourcruiser.com\/fr\/wp-json\/wp\/v2\/types\/product"}],"replies":[{"embeddable":true,"href":"https:\/\/tourcruiser.com\/fr\/wp-json\/wp\/v2\/comments?post=776293"}],"wp:featuredmedia":[{"embeddable":true,"href":"https:\/\/tourcruiser.com\/fr\/wp-json\/wp\/v2\/media\/776294"}],"wp:attachment":[{"href":"https:\/\/tourcruiser.com\/fr\/wp-json\/wp\/v2\/media?parent=776293"}],"wp:term":[{"taxonomy":"product_brand","embeddable":true,"href":"https:\/\/tourcruiser.com\/fr\/wp-json\/wp\/v2\/product_brand?post=776293"},{"taxonomy":"product_cat","embeddable":true,"href":"https:\/\/tourcruiser.com\/fr\/wp-json\/wp\/v2\/product_cat?post=776293"},{"taxonomy":"product_tag","embeddable":true,"href":"https:\/\/tourcruiser.com\/fr\/wp-json\/wp\/v2\/product_tag?post=776293"}],"curies":[{"name":"wp","href":"https:\/\/api.w.org\/{rel}","templated":true}]}}