{"id":776214,"date":"2026-04-16T17:17:42","date_gmt":"2026-04-16T10:17:42","guid":{"rendered":"http:\/\/tourcruiser.com\/product\/grade-school-air-jordan-1-mid-se-pink-oxford-dz5361-100"},"modified":"2026-04-17T23:10:14","modified_gmt":"2026-04-17T16:10:14","slug":"grade-school-air-jordan-1-mid-se-pink-oxford-dz5361-100","status":"publish","type":"product","link":"https:\/\/tourcruiser.com\/fr\/products\/grade-school-air-jordan-1-mid-se-pink-oxford-dz5361-100\/","title":{"rendered":"(Grade School) Air Jordan 1 Mid SE &lsquo;Pink Oxford&rsquo; DZ5361-100"},"content":{"rendered":"<p>Les sneakers Air Jordan 1 Mid SE Pink Oxford (GS) de Jordan sont un choix tendance et styl\u00e9 pour tous les fans de sneakers. Avec leur coloris Oxford rose unique, ces sneakers offrent un design \u00e0 la fois tendance et accrocheur. Gr\u00e2ce \u00e0 leurs mat\u00e9riaux de haute qualit\u00e9, elles sont confortables et r\u00e9sistantes. Ces sneakers Air Jordan sont parfaites pour les loisirs et le sport, apportant une touche de style tout en assurant un confort optimal \u00e0 vos pieds tout au long de la journ\u00e9e.<\/p>\n<p>Coloris : Blanc\/Rose Oxford-Jade Ice-Guava Ice<\/p>\n<p>Code article : DZ5361-100<\/p>\n<p>Tige : Daim<\/p>\n<p>Semelle interm\u00e9diaire : Air<\/p>\n<p>Couleur : Blanc<\/p>\n<p>Designer : Peter Moore<\/p>\n<p>Saison : Hiver<\/p>\n<p>Ann\u00e9e de sortie : 2023<\/p>\n<p>\u00c2ge : Adulte<br \/>\nCouleur : Rotin\/Voile\/Gris olive<\/p>\n<p>Genre : Jeune<\/p>\n","protected":false},"excerpt":{"rendered":"<p>Les sneakers Air Jordan 1 Mid SE Pink Oxford (GS) de Jordan sont un choix tendance et styl\u00e9 pour tous les fans de sneakers. Avec leur coloris Oxford rose unique, ces sneakers offrent un design \u00e0 la fois tendance et accrocheur. Gr\u00e2ce \u00e0 leurs mat\u00e9riaux de haute qualit\u00e9, elles sont confortables et r\u00e9sistantes. Ces sneakers [&hellip;]<\/p>\n","protected":false},"featured_media":776215,"comment_status":"open","ping_status":"closed","template":"","meta":[],"product_brand":[],"product_cat":[38880],"product_tag":[10750,38861,38988,10776,11349,38875,10756,39039],"class_list":{"0":"post-776214","1":"product","2":"type-product","3":"status-publish","4":"has-post-thumbnail","6":"product_cat-jordan","7":"product_tag-athleisure-shoes","8":"product_tag-below-retail-price","9":"product_tag-casual-shoes-for-kids","10":"product_tag-jordan","11":"product_tag-jordan-basketball-shoes","12":"product_tag-jordan-skateboard-shoes","13":"product_tag-retro-casual-shoes","14":"product_tag-sneakers-for-kids","16":"first","17":"instock","18":"taxable","19":"shipping-taxable","20":"purchasable","21":"product-type-simple"},"wcpa_form_fields":null,"yoast_head":"<!-- This site is optimized with the Yoast SEO plugin v26.5 - https:\/\/yoast.com\/wordpress\/plugins\/seo\/ -->\n<title>(Grade School) Air Jordan 1 Mid SE &#039;Pink Oxford&#039; DZ5361-100 - TOURCRUISER PTE. LTD<\/title>\n<meta name=\"robots\" content=\"index, follow, max-snippet:-1, max-image-preview:large, max-video-preview:-1\" \/>\n<link rel=\"canonical\" href=\"https:\/\/tourcruiser.com\/fr\/products\/grade-school-air-jordan-1-mid-se-pink-oxford-dz5361-100\/\" \/>\n<meta property=\"og:locale\" content=\"fr_FR\" \/>\n<meta property=\"og:type\" content=\"article\" \/>\n<meta property=\"og:title\" content=\"(Grade School) Air Jordan 1 Mid SE &#039;Pink Oxford&#039; DZ5361-100 - TOURCRUISER PTE. LTD\" \/>\n<meta property=\"og:description\" content=\"Les sneakers Air Jordan 1 Mid SE Pink Oxford (GS) de Jordan sont un choix tendance et styl\u00e9 pour tous les fans de sneakers. Avec leur coloris Oxford rose unique, ces sneakers offrent un design \u00e0 la fois tendance et accrocheur. Gr\u00e2ce \u00e0 leurs mat\u00e9riaux de haute qualit\u00e9, elles sont confortables et r\u00e9sistantes. Ces sneakers [&hellip;]\" \/>\n<meta property=\"og:url\" content=\"https:\/\/tourcruiser.com\/fr\/products\/grade-school-air-jordan-1-mid-se-pink-oxford-dz5361-100\/\" \/>\n<meta property=\"og:site_name\" content=\"Tourcruiser Sneaker Store\" \/>\n<meta property=\"article:modified_time\" content=\"2026-04-17T16:10:14+00:00\" \/>\n<meta name=\"twitter:card\" content=\"summary_large_image\" \/>\n<meta name=\"twitter:image\" content=\"https:\/\/images.novelship.com\/product\/_grade_school__air_jordan_1_mid_se__pink_oxford__d_0_57063.jpeg;https:\/\/images.novelship.com\/product\/_grade_school__air_jordan_1_mid_se__pink_oxford__d_1_57063.jpeg;https:\/\/images.novelship.com\/product\/_grade_school__air_jordan_1_mid_se__pink_oxford__d_2_57063.jpeg;https:\/\/images.novelship.com\/product\/_grade_school__air_jordan_1_mid_se__pink_oxford__d_3_57063.jpeg;https:\/\/images.novelship.com\/product\/_grade_school__air_jordan_1_mid_se__pink_oxford__d_4_57063.jpeg;https:\/\/images.novelship.com\/product\/_grade_school__air_jordan_1_mid_se__pink_oxford__d_5_57063.jpeg;https:\/\/images.novelship.com\/product\/_grade_school__air_jordan_1_mid_se__pink_oxford__d_6_57063.jpeg;https:\/\/images.novelship.com\/product\/_grade_school__air_jordan_1_mid_se__pink_oxford__d_7_57063.jpeg\" \/>\n<meta name=\"twitter:label1\" content=\"Dur\u00e9e de lecture estim\u00e9e\" \/>\n\t<meta name=\"twitter:data1\" content=\"1 minute\" \/>\n<script type=\"application\/ld+json\" class=\"yoast-schema-graph\">{\"@context\":\"https:\/\/schema.org\",\"@graph\":[{\"@type\":\"WebPage\",\"@id\":\"https:\/\/tourcruiser.com\/fr\/products\/grade-school-air-jordan-1-mid-se-pink-oxford-dz5361-100\/\",\"url\":\"https:\/\/tourcruiser.com\/fr\/products\/grade-school-air-jordan-1-mid-se-pink-oxford-dz5361-100\/\",\"name\":\"(Grade School) Air Jordan 1 Mid SE 'Pink Oxford' DZ5361-100 - TOURCRUISER PTE. LTD\",\"isPartOf\":{\"@id\":\"\/#website\"},\"primaryImageOfPage\":{\"@id\":\"https:\/\/tourcruiser.com\/fr\/products\/grade-school-air-jordan-1-mid-se-pink-oxford-dz5361-100\/#primaryimage\"},\"image\":{\"@id\":\"https:\/\/tourcruiser.com\/fr\/products\/grade-school-air-jordan-1-mid-se-pink-oxford-dz5361-100\/#primaryimage\"},\"thumbnailUrl\":\"https:\/\/images.novelship.com\/product\/_grade_school__air_jordan_1_mid_se__pink_oxford__d_0_57063.jpeg;https:\/\/images.novelship.com\/product\/_grade_school__air_jordan_1_mid_se__pink_oxford__d_1_57063.jpeg;https:\/\/images.novelship.com\/product\/_grade_school__air_jordan_1_mid_se__pink_oxford__d_2_57063.jpeg;https:\/\/images.novelship.com\/product\/_grade_school__air_jordan_1_mid_se__pink_oxford__d_3_57063.jpeg;https:\/\/images.novelship.com\/product\/_grade_school__air_jordan_1_mid_se__pink_oxford__d_4_57063.jpeg;https:\/\/images.novelship.com\/product\/_grade_school__air_jordan_1_mid_se__pink_oxford__d_5_57063.jpeg;https:\/\/images.novelship.com\/product\/_grade_school__air_jordan_1_mid_se__pink_oxford__d_6_57063.jpeg;https:\/\/images.novelship.com\/product\/_grade_school__air_jordan_1_mid_se__pink_oxford__d_7_57063.jpeg\",\"datePublished\":\"2026-04-16T10:17:42+00:00\",\"dateModified\":\"2026-04-17T16:10:14+00:00\",\"breadcrumb\":{\"@id\":\"https:\/\/tourcruiser.com\/fr\/products\/grade-school-air-jordan-1-mid-se-pink-oxford-dz5361-100\/#breadcrumb\"},\"inLanguage\":\"fr-FR\",\"potentialAction\":[{\"@type\":\"ReadAction\",\"target\":[\"https:\/\/tourcruiser.com\/fr\/products\/grade-school-air-jordan-1-mid-se-pink-oxford-dz5361-100\/\"]}]},{\"@type\":\"ImageObject\",\"inLanguage\":\"fr-FR\",\"@id\":\"https:\/\/tourcruiser.com\/fr\/products\/grade-school-air-jordan-1-mid-se-pink-oxford-dz5361-100\/#primaryimage\",\"url\":\"https:\/\/images.novelship.com\/product\/_grade_school__air_jordan_1_mid_se__pink_oxford__d_0_57063.jpeg;https:\/\/images.novelship.com\/product\/_grade_school__air_jordan_1_mid_se__pink_oxford__d_1_57063.jpeg;https:\/\/images.novelship.com\/product\/_grade_school__air_jordan_1_mid_se__pink_oxford__d_2_57063.jpeg;https:\/\/images.novelship.com\/product\/_grade_school__air_jordan_1_mid_se__pink_oxford__d_3_57063.jpeg;https:\/\/images.novelship.com\/product\/_grade_school__air_jordan_1_mid_se__pink_oxford__d_4_57063.jpeg;https:\/\/images.novelship.com\/product\/_grade_school__air_jordan_1_mid_se__pink_oxford__d_5_57063.jpeg;https:\/\/images.novelship.com\/product\/_grade_school__air_jordan_1_mid_se__pink_oxford__d_6_57063.jpeg;https:\/\/images.novelship.com\/product\/_grade_school__air_jordan_1_mid_se__pink_oxford__d_7_57063.jpeg\",\"contentUrl\":\"https:\/\/images.novelship.com\/product\/_grade_school__air_jordan_1_mid_se__pink_oxford__d_0_57063.jpeg;https:\/\/images.novelship.com\/product\/_grade_school__air_jordan_1_mid_se__pink_oxford__d_1_57063.jpeg;https:\/\/images.novelship.com\/product\/_grade_school__air_jordan_1_mid_se__pink_oxford__d_2_57063.jpeg;https:\/\/images.novelship.com\/product\/_grade_school__air_jordan_1_mid_se__pink_oxford__d_3_57063.jpeg;https:\/\/images.novelship.com\/product\/_grade_school__air_jordan_1_mid_se__pink_oxford__d_4_57063.jpeg;https:\/\/images.novelship.com\/product\/_grade_school__air_jordan_1_mid_se__pink_oxford__d_5_57063.jpeg;https:\/\/images.novelship.com\/product\/_grade_school__air_jordan_1_mid_se__pink_oxford__d_6_57063.jpeg;https:\/\/images.novelship.com\/product\/_grade_school__air_jordan_1_mid_se__pink_oxford__d_7_57063.jpeg\"},{\"@type\":\"BreadcrumbList\",\"@id\":\"https:\/\/tourcruiser.com\/fr\/products\/grade-school-air-jordan-1-mid-se-pink-oxford-dz5361-100\/#breadcrumb\",\"itemListElement\":[{\"@type\":\"ListItem\",\"position\":1,\"name\":\"Home\",\"item\":\"https:\/\/tourcruiser.com\/fr\/\"},{\"@type\":\"ListItem\",\"position\":2,\"name\":\"Shop\",\"item\":\"https:\/\/tourcruiser.com\/fr\/shop\/\"},{\"@type\":\"ListItem\",\"position\":3,\"name\":\"(Grade School) Air Jordan 1 Mid SE &#8216;Pink Oxford&#8217; DZ5361-100\"}]},{\"@type\":\"WebSite\",\"@id\":\"\/#website\",\"url\":\"\/\",\"name\":\"Styloral Jewelry Shop\",\"description\":\"Tourcruiser Sneaker Store \u2014 L\u2019endroit o\u00f9 l\u2019univers rencontre votre singularit\u00e9.\",\"publisher\":{\"@id\":\"\/#organization\"},\"potentialAction\":[{\"@type\":\"SearchAction\",\"target\":{\"@type\":\"EntryPoint\",\"urlTemplate\":\"\/?s={search_term_string}\"},\"query-input\":{\"@type\":\"PropertyValueSpecification\",\"valueRequired\":true,\"valueName\":\"search_term_string\"}}],\"inLanguage\":\"fr-FR\"},{\"@type\":\"Organization\",\"@id\":\"\/#organization\",\"name\":\"STYLORAL PTE. LTD\",\"url\":\"\/\",\"logo\":{\"@type\":\"ImageObject\",\"inLanguage\":\"fr-FR\",\"@id\":\"\/#\/schema\/logo\/image\/\",\"url\":\"https:\/\/www.tourcruiser.com\/wp-content\/uploads\/2025\/12\/logo.png\",\"contentUrl\":\"https:\/\/www.tourcruiser.com\/wp-content\/uploads\/2025\/12\/logo.png\",\"width\":200,\"height\":65,\"caption\":\"STYLORAL PTE. LTD\"},\"image\":{\"@id\":\"\/#\/schema\/logo\/image\/\"}}]}<\/script>\n<!-- \/ Yoast SEO plugin. -->","yoast_head_json":{"title":"(Grade School) Air Jordan 1 Mid SE 'Pink Oxford' DZ5361-100 - TOURCRUISER PTE. LTD","robots":{"index":"index","follow":"follow","max-snippet":"max-snippet:-1","max-image-preview":"max-image-preview:large","max-video-preview":"max-video-preview:-1"},"canonical":"https:\/\/tourcruiser.com\/fr\/products\/grade-school-air-jordan-1-mid-se-pink-oxford-dz5361-100\/","og_locale":"fr_FR","og_type":"article","og_title":"(Grade School) Air Jordan 1 Mid SE 'Pink Oxford' DZ5361-100 - TOURCRUISER PTE. LTD","og_description":"Les sneakers Air Jordan 1 Mid SE Pink Oxford (GS) de Jordan sont un choix tendance et styl\u00e9 pour tous les fans de sneakers. Avec leur coloris Oxford rose unique, ces sneakers offrent un design \u00e0 la fois tendance et accrocheur. Gr\u00e2ce \u00e0 leurs mat\u00e9riaux de haute qualit\u00e9, elles sont confortables et r\u00e9sistantes. Ces sneakers [&hellip;]","og_url":"https:\/\/tourcruiser.com\/fr\/products\/grade-school-air-jordan-1-mid-se-pink-oxford-dz5361-100\/","og_site_name":"Tourcruiser Sneaker Store","article_modified_time":"2026-04-17T16:10:14+00:00","twitter_card":"summary_large_image","twitter_image":"https:\/\/images.novelship.com\/product\/_grade_school__air_jordan_1_mid_se__pink_oxford__d_0_57063.jpeg;https:\/\/images.novelship.com\/product\/_grade_school__air_jordan_1_mid_se__pink_oxford__d_1_57063.jpeg;https:\/\/images.novelship.com\/product\/_grade_school__air_jordan_1_mid_se__pink_oxford__d_2_57063.jpeg;https:\/\/images.novelship.com\/product\/_grade_school__air_jordan_1_mid_se__pink_oxford__d_3_57063.jpeg;https:\/\/images.novelship.com\/product\/_grade_school__air_jordan_1_mid_se__pink_oxford__d_4_57063.jpeg;https:\/\/images.novelship.com\/product\/_grade_school__air_jordan_1_mid_se__pink_oxford__d_5_57063.jpeg;https:\/\/images.novelship.com\/product\/_grade_school__air_jordan_1_mid_se__pink_oxford__d_6_57063.jpeg;https:\/\/images.novelship.com\/product\/_grade_school__air_jordan_1_mid_se__pink_oxford__d_7_57063.jpeg","twitter_misc":{"Dur\u00e9e de lecture estim\u00e9e":"1 minute"},"schema":{"@context":"https:\/\/schema.org","@graph":[{"@type":"WebPage","@id":"https:\/\/tourcruiser.com\/fr\/products\/grade-school-air-jordan-1-mid-se-pink-oxford-dz5361-100\/","url":"https:\/\/tourcruiser.com\/fr\/products\/grade-school-air-jordan-1-mid-se-pink-oxford-dz5361-100\/","name":"(Grade School) Air Jordan 1 Mid SE 'Pink Oxford' DZ5361-100 - TOURCRUISER PTE. LTD","isPartOf":{"@id":"\/#website"},"primaryImageOfPage":{"@id":"https:\/\/tourcruiser.com\/fr\/products\/grade-school-air-jordan-1-mid-se-pink-oxford-dz5361-100\/#primaryimage"},"image":{"@id":"https:\/\/tourcruiser.com\/fr\/products\/grade-school-air-jordan-1-mid-se-pink-oxford-dz5361-100\/#primaryimage"},"thumbnailUrl":"https:\/\/images.novelship.com\/product\/_grade_school__air_jordan_1_mid_se__pink_oxford__d_0_57063.jpeg;https:\/\/images.novelship.com\/product\/_grade_school__air_jordan_1_mid_se__pink_oxford__d_1_57063.jpeg;https:\/\/images.novelship.com\/product\/_grade_school__air_jordan_1_mid_se__pink_oxford__d_2_57063.jpeg;https:\/\/images.novelship.com\/product\/_grade_school__air_jordan_1_mid_se__pink_oxford__d_3_57063.jpeg;https:\/\/images.novelship.com\/product\/_grade_school__air_jordan_1_mid_se__pink_oxford__d_4_57063.jpeg;https:\/\/images.novelship.com\/product\/_grade_school__air_jordan_1_mid_se__pink_oxford__d_5_57063.jpeg;https:\/\/images.novelship.com\/product\/_grade_school__air_jordan_1_mid_se__pink_oxford__d_6_57063.jpeg;https:\/\/images.novelship.com\/product\/_grade_school__air_jordan_1_mid_se__pink_oxford__d_7_57063.jpeg","datePublished":"2026-04-16T10:17:42+00:00","dateModified":"2026-04-17T16:10:14+00:00","breadcrumb":{"@id":"https:\/\/tourcruiser.com\/fr\/products\/grade-school-air-jordan-1-mid-se-pink-oxford-dz5361-100\/#breadcrumb"},"inLanguage":"fr-FR","potentialAction":[{"@type":"ReadAction","target":["https:\/\/tourcruiser.com\/fr\/products\/grade-school-air-jordan-1-mid-se-pink-oxford-dz5361-100\/"]}]},{"@type":"ImageObject","inLanguage":"fr-FR","@id":"https:\/\/tourcruiser.com\/fr\/products\/grade-school-air-jordan-1-mid-se-pink-oxford-dz5361-100\/#primaryimage","url":"https:\/\/images.novelship.com\/product\/_grade_school__air_jordan_1_mid_se__pink_oxford__d_0_57063.jpeg;https:\/\/images.novelship.com\/product\/_grade_school__air_jordan_1_mid_se__pink_oxford__d_1_57063.jpeg;https:\/\/images.novelship.com\/product\/_grade_school__air_jordan_1_mid_se__pink_oxford__d_2_57063.jpeg;https:\/\/images.novelship.com\/product\/_grade_school__air_jordan_1_mid_se__pink_oxford__d_3_57063.jpeg;https:\/\/images.novelship.com\/product\/_grade_school__air_jordan_1_mid_se__pink_oxford__d_4_57063.jpeg;https:\/\/images.novelship.com\/product\/_grade_school__air_jordan_1_mid_se__pink_oxford__d_5_57063.jpeg;https:\/\/images.novelship.com\/product\/_grade_school__air_jordan_1_mid_se__pink_oxford__d_6_57063.jpeg;https:\/\/images.novelship.com\/product\/_grade_school__air_jordan_1_mid_se__pink_oxford__d_7_57063.jpeg","contentUrl":"https:\/\/images.novelship.com\/product\/_grade_school__air_jordan_1_mid_se__pink_oxford__d_0_57063.jpeg;https:\/\/images.novelship.com\/product\/_grade_school__air_jordan_1_mid_se__pink_oxford__d_1_57063.jpeg;https:\/\/images.novelship.com\/product\/_grade_school__air_jordan_1_mid_se__pink_oxford__d_2_57063.jpeg;https:\/\/images.novelship.com\/product\/_grade_school__air_jordan_1_mid_se__pink_oxford__d_3_57063.jpeg;https:\/\/images.novelship.com\/product\/_grade_school__air_jordan_1_mid_se__pink_oxford__d_4_57063.jpeg;https:\/\/images.novelship.com\/product\/_grade_school__air_jordan_1_mid_se__pink_oxford__d_5_57063.jpeg;https:\/\/images.novelship.com\/product\/_grade_school__air_jordan_1_mid_se__pink_oxford__d_6_57063.jpeg;https:\/\/images.novelship.com\/product\/_grade_school__air_jordan_1_mid_se__pink_oxford__d_7_57063.jpeg"},{"@type":"BreadcrumbList","@id":"https:\/\/tourcruiser.com\/fr\/products\/grade-school-air-jordan-1-mid-se-pink-oxford-dz5361-100\/#breadcrumb","itemListElement":[{"@type":"ListItem","position":1,"name":"Home","item":"https:\/\/tourcruiser.com\/fr\/"},{"@type":"ListItem","position":2,"name":"Shop","item":"https:\/\/tourcruiser.com\/fr\/shop\/"},{"@type":"ListItem","position":3,"name":"(Grade School) Air Jordan 1 Mid SE &#8216;Pink Oxford&#8217; DZ5361-100"}]},{"@type":"WebSite","@id":"\/#website","url":"\/","name":"Styloral Jewelry Shop","description":"Tourcruiser Sneaker Store \u2014 L\u2019endroit o\u00f9 l\u2019univers rencontre votre singularit\u00e9.","publisher":{"@id":"\/#organization"},"potentialAction":[{"@type":"SearchAction","target":{"@type":"EntryPoint","urlTemplate":"\/?s={search_term_string}"},"query-input":{"@type":"PropertyValueSpecification","valueRequired":true,"valueName":"search_term_string"}}],"inLanguage":"fr-FR"},{"@type":"Organization","@id":"\/#organization","name":"STYLORAL PTE. LTD","url":"\/","logo":{"@type":"ImageObject","inLanguage":"fr-FR","@id":"\/#\/schema\/logo\/image\/","url":"https:\/\/www.tourcruiser.com\/wp-content\/uploads\/2025\/12\/logo.png","contentUrl":"https:\/\/www.tourcruiser.com\/wp-content\/uploads\/2025\/12\/logo.png","width":200,"height":65,"caption":"STYLORAL PTE. LTD"},"image":{"@id":"\/#\/schema\/logo\/image\/"}}]}},"_links":{"self":[{"href":"https:\/\/tourcruiser.com\/fr\/wp-json\/wp\/v2\/product\/776214","targetHints":{"allow":["GET"]}}],"collection":[{"href":"https:\/\/tourcruiser.com\/fr\/wp-json\/wp\/v2\/product"}],"about":[{"href":"https:\/\/tourcruiser.com\/fr\/wp-json\/wp\/v2\/types\/product"}],"replies":[{"embeddable":true,"href":"https:\/\/tourcruiser.com\/fr\/wp-json\/wp\/v2\/comments?post=776214"}],"wp:featuredmedia":[{"embeddable":true,"href":"https:\/\/tourcruiser.com\/fr\/wp-json\/wp\/v2\/media\/776215"}],"wp:attachment":[{"href":"https:\/\/tourcruiser.com\/fr\/wp-json\/wp\/v2\/media?parent=776214"}],"wp:term":[{"taxonomy":"product_brand","embeddable":true,"href":"https:\/\/tourcruiser.com\/fr\/wp-json\/wp\/v2\/product_brand?post=776214"},{"taxonomy":"product_cat","embeddable":true,"href":"https:\/\/tourcruiser.com\/fr\/wp-json\/wp\/v2\/product_cat?post=776214"},{"taxonomy":"product_tag","embeddable":true,"href":"https:\/\/tourcruiser.com\/fr\/wp-json\/wp\/v2\/product_tag?post=776214"}],"curies":[{"name":"wp","href":"https:\/\/api.w.org\/{rel}","templated":true}]}}