{"id":776183,"date":"2026-04-16T17:17:41","date_gmt":"2026-04-16T10:17:41","guid":{"rendered":"http:\/\/tourcruiser.com\/product\/preschool-air-jordan-4-retro-og-fire-red-2020-bq7669-160"},"modified":"2026-04-17T23:10:13","modified_gmt":"2026-04-17T16:10:13","slug":"preschool-air-jordan-4-retro-og-fire-red-2020-bq7669-160","status":"publish","type":"product","link":"https:\/\/tourcruiser.com\/fr\/products\/preschool-air-jordan-4-retro-og-fire-red-2020-bq7669-160\/","title":{"rendered":"(Preschool) Air Jordan 4 Retro OG &lsquo;Fire Red&rsquo; 2020 BQ7669-160"},"content":{"rendered":"<p>La Air Jordan 4 Retro OG Fire Red 2020 (PS) est une basket styl\u00e9e et embl\u00e9matique de la marque Jordan. Avec son coloris blanc immacul\u00e9 et son surnom \u00ab\u00a0Fire Red\u00a0\u00bb, elle est parfaite pour les enfants d&rsquo;\u00e2ge pr\u00e9scolaire. Son design r\u00e9tro et sa qualit\u00e9 de fabrication en font un incontournable pour tous les jeunes fans de sneakers. Avec la Air Jordan 4 Retro OG Fire Red 2020 (PS), soyez toujours styl\u00e9(e).<\/p>\n<p>Coloris\u00a0: Blanc\/Noir-Gris Tech-Rouge Feu<\/p>\n<p>Code article\u00a0: BQ7669-160<\/p>\n<p>Tige\u00a0: Cuir<\/p>\n<p>Semelle interm\u00e9diaire\u00a0: Air<\/p>\n<p>Couleur\u00a0: Blanc<\/p>\n<p>Designer\u00a0: Tinker Hatfield<\/p>\n<p>Saison\u00a0: Automne<\/p>\n<p>Ann\u00e9e de sortie\u00a0: 2020<\/p>\n<p>\u00c2ge\u00a0: Adulte<\/p>\n<p>Couleur\u00a0: Blanc nuage\/Argent m\u00e9tallis\u00e9\/Noir<\/p>\n<p>Genre\u00a0: PS<\/p>\n","protected":false},"excerpt":{"rendered":"<p>La Air Jordan 4 Retro OG Fire Red 2020 (PS) est une basket styl\u00e9e et embl\u00e9matique de la marque Jordan. Avec son coloris blanc immacul\u00e9 et son surnom \u00ab\u00a0Fire Red\u00a0\u00bb, elle est parfaite pour les enfants d&rsquo;\u00e2ge pr\u00e9scolaire. Son design r\u00e9tro et sa qualit\u00e9 de fabrication en font un incontournable pour tous les jeunes fans [&hellip;]<\/p>\n","protected":false},"featured_media":776184,"comment_status":"open","ping_status":"closed","template":"","meta":[],"product_brand":[],"product_cat":[38880],"product_tag":[10750,38988,10776,11349,38875,10756,39039],"class_list":{"0":"post-776183","1":"product","2":"type-product","3":"status-publish","4":"has-post-thumbnail","6":"product_cat-jordan","7":"product_tag-athleisure-shoes","8":"product_tag-casual-shoes-for-kids","9":"product_tag-jordan","10":"product_tag-jordan-basketball-shoes","11":"product_tag-jordan-skateboard-shoes","12":"product_tag-retro-casual-shoes","13":"product_tag-sneakers-for-kids","15":"first","16":"instock","17":"taxable","18":"shipping-taxable","19":"purchasable","20":"product-type-simple"},"wcpa_form_fields":null,"yoast_head":"<!-- This site is optimized with the Yoast SEO plugin v26.5 - https:\/\/yoast.com\/wordpress\/plugins\/seo\/ -->\n<title>(Preschool) Air Jordan 4 Retro OG &#039;Fire Red&#039; 2020 BQ7669-160 - TOURCRUISER PTE. LTD<\/title>\n<meta name=\"robots\" content=\"index, follow, max-snippet:-1, max-image-preview:large, max-video-preview:-1\" \/>\n<link rel=\"canonical\" href=\"https:\/\/tourcruiser.com\/fr\/products\/preschool-air-jordan-4-retro-og-fire-red-2020-bq7669-160\/\" \/>\n<meta property=\"og:locale\" content=\"fr_FR\" \/>\n<meta property=\"og:type\" content=\"article\" \/>\n<meta property=\"og:title\" content=\"(Preschool) Air Jordan 4 Retro OG &#039;Fire Red&#039; 2020 BQ7669-160 - TOURCRUISER PTE. LTD\" \/>\n<meta property=\"og:description\" content=\"La Air Jordan 4 Retro OG Fire Red 2020 (PS) est une basket styl\u00e9e et embl\u00e9matique de la marque Jordan. Avec son coloris blanc immacul\u00e9 et son surnom \u00ab\u00a0Fire Red\u00a0\u00bb, elle est parfaite pour les enfants d&rsquo;\u00e2ge pr\u00e9scolaire. Son design r\u00e9tro et sa qualit\u00e9 de fabrication en font un incontournable pour tous les jeunes fans [&hellip;]\" \/>\n<meta property=\"og:url\" content=\"https:\/\/tourcruiser.com\/fr\/products\/preschool-air-jordan-4-retro-og-fire-red-2020-bq7669-160\/\" \/>\n<meta property=\"og:site_name\" content=\"Tourcruiser Sneaker Store\" \/>\n<meta property=\"article:modified_time\" content=\"2026-04-17T16:10:13+00:00\" \/>\n<meta name=\"twitter:card\" content=\"summary_large_image\" \/>\n<meta name=\"twitter:image\" content=\"https:\/\/images.novelship.com\/product\/_preschool__air_jordan_4_retro_og__fire_red__2020__0_75874.jpeg;https:\/\/images.novelship.com\/product\/_preschool__air_jordan_4_retro_og__fire_red__2020__1_75874.jpeg;https:\/\/images.novelship.com\/product\/_preschool__air_jordan_4_retro_og__fire_red__2020__2_75874.jpeg;https:\/\/images.novelship.com\/product\/_preschool__air_jordan_4_retro_og__fire_red__2020__3_75874.jpeg;https:\/\/images.novelship.com\/product\/_preschool__air_jordan_4_retro_og__fire_red__2020__4_75874.jpeg;https:\/\/images.novelship.com\/product\/_preschool__air_jordan_4_retro_og__fire_red__2020__5_75874.jpeg;https:\/\/images.novelship.com\/product\/_preschool__air_jordan_4_retro_og__fire_red__2020__6_75874.jpeg;https:\/\/images.novelship.com\/product\/_preschool__air_jordan_4_retro_og__fire_red__2020__7_75874.jpeg\" \/>\n<meta name=\"twitter:label1\" content=\"Dur\u00e9e de lecture estim\u00e9e\" \/>\n\t<meta name=\"twitter:data1\" content=\"1 minute\" \/>\n<script type=\"application\/ld+json\" class=\"yoast-schema-graph\">{\"@context\":\"https:\/\/schema.org\",\"@graph\":[{\"@type\":\"WebPage\",\"@id\":\"https:\/\/tourcruiser.com\/fr\/products\/preschool-air-jordan-4-retro-og-fire-red-2020-bq7669-160\/\",\"url\":\"https:\/\/tourcruiser.com\/fr\/products\/preschool-air-jordan-4-retro-og-fire-red-2020-bq7669-160\/\",\"name\":\"(Preschool) Air Jordan 4 Retro OG 'Fire Red' 2020 BQ7669-160 - TOURCRUISER PTE. LTD\",\"isPartOf\":{\"@id\":\"\/#website\"},\"primaryImageOfPage\":{\"@id\":\"https:\/\/tourcruiser.com\/fr\/products\/preschool-air-jordan-4-retro-og-fire-red-2020-bq7669-160\/#primaryimage\"},\"image\":{\"@id\":\"https:\/\/tourcruiser.com\/fr\/products\/preschool-air-jordan-4-retro-og-fire-red-2020-bq7669-160\/#primaryimage\"},\"thumbnailUrl\":\"https:\/\/images.novelship.com\/product\/_preschool__air_jordan_4_retro_og__fire_red__2020__0_75874.jpeg;https:\/\/images.novelship.com\/product\/_preschool__air_jordan_4_retro_og__fire_red__2020__1_75874.jpeg;https:\/\/images.novelship.com\/product\/_preschool__air_jordan_4_retro_og__fire_red__2020__2_75874.jpeg;https:\/\/images.novelship.com\/product\/_preschool__air_jordan_4_retro_og__fire_red__2020__3_75874.jpeg;https:\/\/images.novelship.com\/product\/_preschool__air_jordan_4_retro_og__fire_red__2020__4_75874.jpeg;https:\/\/images.novelship.com\/product\/_preschool__air_jordan_4_retro_og__fire_red__2020__5_75874.jpeg;https:\/\/images.novelship.com\/product\/_preschool__air_jordan_4_retro_og__fire_red__2020__6_75874.jpeg;https:\/\/images.novelship.com\/product\/_preschool__air_jordan_4_retro_og__fire_red__2020__7_75874.jpeg\",\"datePublished\":\"2026-04-16T10:17:41+00:00\",\"dateModified\":\"2026-04-17T16:10:13+00:00\",\"breadcrumb\":{\"@id\":\"https:\/\/tourcruiser.com\/fr\/products\/preschool-air-jordan-4-retro-og-fire-red-2020-bq7669-160\/#breadcrumb\"},\"inLanguage\":\"fr-FR\",\"potentialAction\":[{\"@type\":\"ReadAction\",\"target\":[\"https:\/\/tourcruiser.com\/fr\/products\/preschool-air-jordan-4-retro-og-fire-red-2020-bq7669-160\/\"]}]},{\"@type\":\"ImageObject\",\"inLanguage\":\"fr-FR\",\"@id\":\"https:\/\/tourcruiser.com\/fr\/products\/preschool-air-jordan-4-retro-og-fire-red-2020-bq7669-160\/#primaryimage\",\"url\":\"https:\/\/images.novelship.com\/product\/_preschool__air_jordan_4_retro_og__fire_red__2020__0_75874.jpeg;https:\/\/images.novelship.com\/product\/_preschool__air_jordan_4_retro_og__fire_red__2020__1_75874.jpeg;https:\/\/images.novelship.com\/product\/_preschool__air_jordan_4_retro_og__fire_red__2020__2_75874.jpeg;https:\/\/images.novelship.com\/product\/_preschool__air_jordan_4_retro_og__fire_red__2020__3_75874.jpeg;https:\/\/images.novelship.com\/product\/_preschool__air_jordan_4_retro_og__fire_red__2020__4_75874.jpeg;https:\/\/images.novelship.com\/product\/_preschool__air_jordan_4_retro_og__fire_red__2020__5_75874.jpeg;https:\/\/images.novelship.com\/product\/_preschool__air_jordan_4_retro_og__fire_red__2020__6_75874.jpeg;https:\/\/images.novelship.com\/product\/_preschool__air_jordan_4_retro_og__fire_red__2020__7_75874.jpeg\",\"contentUrl\":\"https:\/\/images.novelship.com\/product\/_preschool__air_jordan_4_retro_og__fire_red__2020__0_75874.jpeg;https:\/\/images.novelship.com\/product\/_preschool__air_jordan_4_retro_og__fire_red__2020__1_75874.jpeg;https:\/\/images.novelship.com\/product\/_preschool__air_jordan_4_retro_og__fire_red__2020__2_75874.jpeg;https:\/\/images.novelship.com\/product\/_preschool__air_jordan_4_retro_og__fire_red__2020__3_75874.jpeg;https:\/\/images.novelship.com\/product\/_preschool__air_jordan_4_retro_og__fire_red__2020__4_75874.jpeg;https:\/\/images.novelship.com\/product\/_preschool__air_jordan_4_retro_og__fire_red__2020__5_75874.jpeg;https:\/\/images.novelship.com\/product\/_preschool__air_jordan_4_retro_og__fire_red__2020__6_75874.jpeg;https:\/\/images.novelship.com\/product\/_preschool__air_jordan_4_retro_og__fire_red__2020__7_75874.jpeg\"},{\"@type\":\"BreadcrumbList\",\"@id\":\"https:\/\/tourcruiser.com\/fr\/products\/preschool-air-jordan-4-retro-og-fire-red-2020-bq7669-160\/#breadcrumb\",\"itemListElement\":[{\"@type\":\"ListItem\",\"position\":1,\"name\":\"Home\",\"item\":\"https:\/\/tourcruiser.com\/fr\/\"},{\"@type\":\"ListItem\",\"position\":2,\"name\":\"Shop\",\"item\":\"https:\/\/tourcruiser.com\/fr\/shop\/\"},{\"@type\":\"ListItem\",\"position\":3,\"name\":\"(Preschool) Air Jordan 4 Retro OG &#8216;Fire Red&#8217; 2020 BQ7669-160\"}]},{\"@type\":\"WebSite\",\"@id\":\"\/#website\",\"url\":\"\/\",\"name\":\"Styloral Jewelry Shop\",\"description\":\"Tourcruiser Sneaker Store \u2014 L\u2019endroit o\u00f9 l\u2019univers rencontre votre singularit\u00e9.\",\"publisher\":{\"@id\":\"\/#organization\"},\"potentialAction\":[{\"@type\":\"SearchAction\",\"target\":{\"@type\":\"EntryPoint\",\"urlTemplate\":\"\/?s={search_term_string}\"},\"query-input\":{\"@type\":\"PropertyValueSpecification\",\"valueRequired\":true,\"valueName\":\"search_term_string\"}}],\"inLanguage\":\"fr-FR\"},{\"@type\":\"Organization\",\"@id\":\"\/#organization\",\"name\":\"STYLORAL PTE. LTD\",\"url\":\"\/\",\"logo\":{\"@type\":\"ImageObject\",\"inLanguage\":\"fr-FR\",\"@id\":\"\/#\/schema\/logo\/image\/\",\"url\":\"https:\/\/www.tourcruiser.com\/wp-content\/uploads\/2025\/12\/logo.png\",\"contentUrl\":\"https:\/\/www.tourcruiser.com\/wp-content\/uploads\/2025\/12\/logo.png\",\"width\":200,\"height\":65,\"caption\":\"STYLORAL PTE. LTD\"},\"image\":{\"@id\":\"\/#\/schema\/logo\/image\/\"}}]}<\/script>\n<!-- \/ Yoast SEO plugin. -->","yoast_head_json":{"title":"(Preschool) Air Jordan 4 Retro OG 'Fire Red' 2020 BQ7669-160 - TOURCRUISER PTE. LTD","robots":{"index":"index","follow":"follow","max-snippet":"max-snippet:-1","max-image-preview":"max-image-preview:large","max-video-preview":"max-video-preview:-1"},"canonical":"https:\/\/tourcruiser.com\/fr\/products\/preschool-air-jordan-4-retro-og-fire-red-2020-bq7669-160\/","og_locale":"fr_FR","og_type":"article","og_title":"(Preschool) Air Jordan 4 Retro OG 'Fire Red' 2020 BQ7669-160 - TOURCRUISER PTE. LTD","og_description":"La Air Jordan 4 Retro OG Fire Red 2020 (PS) est une basket styl\u00e9e et embl\u00e9matique de la marque Jordan. Avec son coloris blanc immacul\u00e9 et son surnom \u00ab\u00a0Fire Red\u00a0\u00bb, elle est parfaite pour les enfants d&rsquo;\u00e2ge pr\u00e9scolaire. Son design r\u00e9tro et sa qualit\u00e9 de fabrication en font un incontournable pour tous les jeunes fans [&hellip;]","og_url":"https:\/\/tourcruiser.com\/fr\/products\/preschool-air-jordan-4-retro-og-fire-red-2020-bq7669-160\/","og_site_name":"Tourcruiser Sneaker Store","article_modified_time":"2026-04-17T16:10:13+00:00","twitter_card":"summary_large_image","twitter_image":"https:\/\/images.novelship.com\/product\/_preschool__air_jordan_4_retro_og__fire_red__2020__0_75874.jpeg;https:\/\/images.novelship.com\/product\/_preschool__air_jordan_4_retro_og__fire_red__2020__1_75874.jpeg;https:\/\/images.novelship.com\/product\/_preschool__air_jordan_4_retro_og__fire_red__2020__2_75874.jpeg;https:\/\/images.novelship.com\/product\/_preschool__air_jordan_4_retro_og__fire_red__2020__3_75874.jpeg;https:\/\/images.novelship.com\/product\/_preschool__air_jordan_4_retro_og__fire_red__2020__4_75874.jpeg;https:\/\/images.novelship.com\/product\/_preschool__air_jordan_4_retro_og__fire_red__2020__5_75874.jpeg;https:\/\/images.novelship.com\/product\/_preschool__air_jordan_4_retro_og__fire_red__2020__6_75874.jpeg;https:\/\/images.novelship.com\/product\/_preschool__air_jordan_4_retro_og__fire_red__2020__7_75874.jpeg","twitter_misc":{"Dur\u00e9e de lecture estim\u00e9e":"1 minute"},"schema":{"@context":"https:\/\/schema.org","@graph":[{"@type":"WebPage","@id":"https:\/\/tourcruiser.com\/fr\/products\/preschool-air-jordan-4-retro-og-fire-red-2020-bq7669-160\/","url":"https:\/\/tourcruiser.com\/fr\/products\/preschool-air-jordan-4-retro-og-fire-red-2020-bq7669-160\/","name":"(Preschool) Air Jordan 4 Retro OG 'Fire Red' 2020 BQ7669-160 - TOURCRUISER PTE. LTD","isPartOf":{"@id":"\/#website"},"primaryImageOfPage":{"@id":"https:\/\/tourcruiser.com\/fr\/products\/preschool-air-jordan-4-retro-og-fire-red-2020-bq7669-160\/#primaryimage"},"image":{"@id":"https:\/\/tourcruiser.com\/fr\/products\/preschool-air-jordan-4-retro-og-fire-red-2020-bq7669-160\/#primaryimage"},"thumbnailUrl":"https:\/\/images.novelship.com\/product\/_preschool__air_jordan_4_retro_og__fire_red__2020__0_75874.jpeg;https:\/\/images.novelship.com\/product\/_preschool__air_jordan_4_retro_og__fire_red__2020__1_75874.jpeg;https:\/\/images.novelship.com\/product\/_preschool__air_jordan_4_retro_og__fire_red__2020__2_75874.jpeg;https:\/\/images.novelship.com\/product\/_preschool__air_jordan_4_retro_og__fire_red__2020__3_75874.jpeg;https:\/\/images.novelship.com\/product\/_preschool__air_jordan_4_retro_og__fire_red__2020__4_75874.jpeg;https:\/\/images.novelship.com\/product\/_preschool__air_jordan_4_retro_og__fire_red__2020__5_75874.jpeg;https:\/\/images.novelship.com\/product\/_preschool__air_jordan_4_retro_og__fire_red__2020__6_75874.jpeg;https:\/\/images.novelship.com\/product\/_preschool__air_jordan_4_retro_og__fire_red__2020__7_75874.jpeg","datePublished":"2026-04-16T10:17:41+00:00","dateModified":"2026-04-17T16:10:13+00:00","breadcrumb":{"@id":"https:\/\/tourcruiser.com\/fr\/products\/preschool-air-jordan-4-retro-og-fire-red-2020-bq7669-160\/#breadcrumb"},"inLanguage":"fr-FR","potentialAction":[{"@type":"ReadAction","target":["https:\/\/tourcruiser.com\/fr\/products\/preschool-air-jordan-4-retro-og-fire-red-2020-bq7669-160\/"]}]},{"@type":"ImageObject","inLanguage":"fr-FR","@id":"https:\/\/tourcruiser.com\/fr\/products\/preschool-air-jordan-4-retro-og-fire-red-2020-bq7669-160\/#primaryimage","url":"https:\/\/images.novelship.com\/product\/_preschool__air_jordan_4_retro_og__fire_red__2020__0_75874.jpeg;https:\/\/images.novelship.com\/product\/_preschool__air_jordan_4_retro_og__fire_red__2020__1_75874.jpeg;https:\/\/images.novelship.com\/product\/_preschool__air_jordan_4_retro_og__fire_red__2020__2_75874.jpeg;https:\/\/images.novelship.com\/product\/_preschool__air_jordan_4_retro_og__fire_red__2020__3_75874.jpeg;https:\/\/images.novelship.com\/product\/_preschool__air_jordan_4_retro_og__fire_red__2020__4_75874.jpeg;https:\/\/images.novelship.com\/product\/_preschool__air_jordan_4_retro_og__fire_red__2020__5_75874.jpeg;https:\/\/images.novelship.com\/product\/_preschool__air_jordan_4_retro_og__fire_red__2020__6_75874.jpeg;https:\/\/images.novelship.com\/product\/_preschool__air_jordan_4_retro_og__fire_red__2020__7_75874.jpeg","contentUrl":"https:\/\/images.novelship.com\/product\/_preschool__air_jordan_4_retro_og__fire_red__2020__0_75874.jpeg;https:\/\/images.novelship.com\/product\/_preschool__air_jordan_4_retro_og__fire_red__2020__1_75874.jpeg;https:\/\/images.novelship.com\/product\/_preschool__air_jordan_4_retro_og__fire_red__2020__2_75874.jpeg;https:\/\/images.novelship.com\/product\/_preschool__air_jordan_4_retro_og__fire_red__2020__3_75874.jpeg;https:\/\/images.novelship.com\/product\/_preschool__air_jordan_4_retro_og__fire_red__2020__4_75874.jpeg;https:\/\/images.novelship.com\/product\/_preschool__air_jordan_4_retro_og__fire_red__2020__5_75874.jpeg;https:\/\/images.novelship.com\/product\/_preschool__air_jordan_4_retro_og__fire_red__2020__6_75874.jpeg;https:\/\/images.novelship.com\/product\/_preschool__air_jordan_4_retro_og__fire_red__2020__7_75874.jpeg"},{"@type":"BreadcrumbList","@id":"https:\/\/tourcruiser.com\/fr\/products\/preschool-air-jordan-4-retro-og-fire-red-2020-bq7669-160\/#breadcrumb","itemListElement":[{"@type":"ListItem","position":1,"name":"Home","item":"https:\/\/tourcruiser.com\/fr\/"},{"@type":"ListItem","position":2,"name":"Shop","item":"https:\/\/tourcruiser.com\/fr\/shop\/"},{"@type":"ListItem","position":3,"name":"(Preschool) Air Jordan 4 Retro OG &#8216;Fire Red&#8217; 2020 BQ7669-160"}]},{"@type":"WebSite","@id":"\/#website","url":"\/","name":"Styloral Jewelry Shop","description":"Tourcruiser Sneaker Store \u2014 L\u2019endroit o\u00f9 l\u2019univers rencontre votre singularit\u00e9.","publisher":{"@id":"\/#organization"},"potentialAction":[{"@type":"SearchAction","target":{"@type":"EntryPoint","urlTemplate":"\/?s={search_term_string}"},"query-input":{"@type":"PropertyValueSpecification","valueRequired":true,"valueName":"search_term_string"}}],"inLanguage":"fr-FR"},{"@type":"Organization","@id":"\/#organization","name":"STYLORAL PTE. LTD","url":"\/","logo":{"@type":"ImageObject","inLanguage":"fr-FR","@id":"\/#\/schema\/logo\/image\/","url":"https:\/\/www.tourcruiser.com\/wp-content\/uploads\/2025\/12\/logo.png","contentUrl":"https:\/\/www.tourcruiser.com\/wp-content\/uploads\/2025\/12\/logo.png","width":200,"height":65,"caption":"STYLORAL PTE. LTD"},"image":{"@id":"\/#\/schema\/logo\/image\/"}}]}},"_links":{"self":[{"href":"https:\/\/tourcruiser.com\/fr\/wp-json\/wp\/v2\/product\/776183","targetHints":{"allow":["GET"]}}],"collection":[{"href":"https:\/\/tourcruiser.com\/fr\/wp-json\/wp\/v2\/product"}],"about":[{"href":"https:\/\/tourcruiser.com\/fr\/wp-json\/wp\/v2\/types\/product"}],"replies":[{"embeddable":true,"href":"https:\/\/tourcruiser.com\/fr\/wp-json\/wp\/v2\/comments?post=776183"}],"wp:featuredmedia":[{"embeddable":true,"href":"https:\/\/tourcruiser.com\/fr\/wp-json\/wp\/v2\/media\/776184"}],"wp:attachment":[{"href":"https:\/\/tourcruiser.com\/fr\/wp-json\/wp\/v2\/media?parent=776183"}],"wp:term":[{"taxonomy":"product_brand","embeddable":true,"href":"https:\/\/tourcruiser.com\/fr\/wp-json\/wp\/v2\/product_brand?post=776183"},{"taxonomy":"product_cat","embeddable":true,"href":"https:\/\/tourcruiser.com\/fr\/wp-json\/wp\/v2\/product_cat?post=776183"},{"taxonomy":"product_tag","embeddable":true,"href":"https:\/\/tourcruiser.com\/fr\/wp-json\/wp\/v2\/product_tag?post=776183"}],"curies":[{"name":"wp","href":"https:\/\/api.w.org\/{rel}","templated":true}]}}