{"id":776165,"date":"2026-04-16T17:17:41","date_gmt":"2026-04-16T10:17:41","guid":{"rendered":"http:\/\/tourcruiser.com\/product\/women-air-jordan-1-low-multi-color-black-toe-cz4776-101"},"modified":"2026-04-17T23:10:12","modified_gmt":"2026-04-17T16:10:12","slug":"women-air-jordan-1-low-multi-color-black-toe-cz4776-101","status":"publish","type":"product","link":"https:\/\/tourcruiser.com\/fr\/products\/women-air-jordan-1-low-multi-color-black-toe-cz4776-101\/","title":{"rendered":"(Women) Air Jordan 1 Low Multi-Color Black Toe CZ4776-101"},"content":{"rendered":"<p>La Air Jordan 1 Low Multi-Color Black Toe pour femme est une basket \u00e9l\u00e9gante au design vibrant et captivant. Gr\u00e2ce \u00e0 sa silhouette basse, elle allie style et confort. Parfaite au quotidien comme pour vos loisirs, elle ne manquera pas d&rsquo;attirer les regards.<\/p>\n<p>Coloris\u00a0: Blanc\/Bleu roi\/Rouge universitaire\/Blanc<\/p>\n<p>Code article\u00a0: CZ4776-101<\/p>\n<p>Tige\u00a0: Cuir<\/p>\n<p>Semelle interm\u00e9diaire\u00a0: Air<\/p>\n<p>Couleur\u00a0: Multicolore<\/p>\n<p>Cr\u00e9ateur\u00a0: Peter Moore<\/p>\n<p>Ann\u00e9e de sortie\u00a0: 2020<br \/>\n\u00c2ge\u00a0: Adulte<br \/>\nCouleur\u00a0: Blanc nuage\/Rouge\/Blanc nuage<br \/>\nGenre\u00a0: Femme<\/p>\n","protected":false},"excerpt":{"rendered":"<p>La Air Jordan 1 Low Multi-Color Black Toe pour femme est une basket \u00e9l\u00e9gante au design vibrant et captivant. Gr\u00e2ce \u00e0 sa silhouette basse, elle allie style et confort. Parfaite au quotidien comme pour vos loisirs, elle ne manquera pas d&rsquo;attirer les regards. Coloris\u00a0: Blanc\/Bleu roi\/Rouge universitaire\/Blanc Code article\u00a0: CZ4776-101 Tige\u00a0: Cuir Semelle interm\u00e9diaire\u00a0: Air [&hellip;]<\/p>\n","protected":false},"featured_media":776166,"comment_status":"open","ping_status":"closed","template":"","meta":[],"product_brand":[],"product_cat":[38880],"product_tag":[10750,38855,38841,38975,38872,10776,11349,38875,10756,38902,38936],"class_list":{"0":"post-776165","1":"product","2":"type-product","3":"status-publish","4":"has-post-thumbnail","6":"product_cat-jordan","7":"product_tag-athleisure-shoes","8":"product_tag-below-the-regular-retail-price","9":"product_tag-casual-shoes","10":"product_tag-casual-shoes-basketball-inspired","11":"product_tag-gift-idea-for-her","12":"product_tag-jordan","13":"product_tag-jordan-basketball-shoes","14":"product_tag-jordan-skateboard-shoes","15":"product_tag-retro-casual-shoes","16":"product_tag-trendy-offers","17":"product_tag-trendy-offers-under-a-150","19":"first","20":"instock","21":"taxable","22":"shipping-taxable","23":"purchasable","24":"product-type-simple"},"wcpa_form_fields":null,"yoast_head":"<!-- This site is optimized with the Yoast SEO plugin v26.5 - https:\/\/yoast.com\/wordpress\/plugins\/seo\/ -->\n<title>(Women) Air Jordan 1 Low Multi-Color Black Toe CZ4776-101 - TOURCRUISER PTE. LTD<\/title>\n<meta name=\"robots\" content=\"index, follow, max-snippet:-1, max-image-preview:large, max-video-preview:-1\" \/>\n<link rel=\"canonical\" href=\"https:\/\/tourcruiser.com\/fr\/products\/women-air-jordan-1-low-multi-color-black-toe-cz4776-101\/\" \/>\n<meta property=\"og:locale\" content=\"fr_FR\" \/>\n<meta property=\"og:type\" content=\"article\" \/>\n<meta property=\"og:title\" content=\"(Women) Air Jordan 1 Low Multi-Color Black Toe CZ4776-101 - TOURCRUISER PTE. LTD\" \/>\n<meta property=\"og:description\" content=\"La Air Jordan 1 Low Multi-Color Black Toe pour femme est une basket \u00e9l\u00e9gante au design vibrant et captivant. Gr\u00e2ce \u00e0 sa silhouette basse, elle allie style et confort. Parfaite au quotidien comme pour vos loisirs, elle ne manquera pas d&rsquo;attirer les regards. Coloris\u00a0: Blanc\/Bleu roi\/Rouge universitaire\/Blanc Code article\u00a0: CZ4776-101 Tige\u00a0: Cuir Semelle interm\u00e9diaire\u00a0: Air [&hellip;]\" \/>\n<meta property=\"og:url\" content=\"https:\/\/tourcruiser.com\/fr\/products\/women-air-jordan-1-low-multi-color-black-toe-cz4776-101\/\" \/>\n<meta property=\"og:site_name\" content=\"Tourcruiser Sneaker Store\" \/>\n<meta property=\"article:modified_time\" content=\"2026-04-17T16:10:12+00:00\" \/>\n<meta name=\"twitter:card\" content=\"summary_large_image\" \/>\n<meta name=\"twitter:image\" content=\"https:\/\/images.novelship.com\/product\/_women__air_jordan_1_low_multi_color_black_toe_cz4_0_60338.jpeg;https:\/\/images.novelship.com\/product\/_women__air_jordan_1_low_multi_color_black_toe_cz4_1_60338.jpeg;https:\/\/images.novelship.com\/product\/_women__air_jordan_1_low_multi_color_black_toe_cz4_2_60338.jpeg;https:\/\/images.novelship.com\/product\/_women__air_jordan_1_low_multi_color_black_toe_cz4_3_60338.jpeg;https:\/\/images.novelship.com\/product\/_women__air_jordan_1_low_multi_color_black_toe_cz4_4_60338.jpeg;https:\/\/images.novelship.com\/product\/_women__air_jordan_1_low_multi_color_black_toe_cz4_5_60338.jpeg;https:\/\/images.novelship.com\/product\/_women__air_jordan_1_low_multi_color_black_toe_cz4_6_60338.jpeg;https:\/\/images.novelship.com\/product\/_women__air_jordan_1_low_multi_color_black_toe_cz4_7_60338.jpeg\" \/>\n<script type=\"application\/ld+json\" class=\"yoast-schema-graph\">{\"@context\":\"https:\/\/schema.org\",\"@graph\":[{\"@type\":\"WebPage\",\"@id\":\"https:\/\/tourcruiser.com\/fr\/products\/women-air-jordan-1-low-multi-color-black-toe-cz4776-101\/\",\"url\":\"https:\/\/tourcruiser.com\/fr\/products\/women-air-jordan-1-low-multi-color-black-toe-cz4776-101\/\",\"name\":\"(Women) Air Jordan 1 Low Multi-Color Black Toe CZ4776-101 - TOURCRUISER PTE. LTD\",\"isPartOf\":{\"@id\":\"\/#website\"},\"primaryImageOfPage\":{\"@id\":\"https:\/\/tourcruiser.com\/fr\/products\/women-air-jordan-1-low-multi-color-black-toe-cz4776-101\/#primaryimage\"},\"image\":{\"@id\":\"https:\/\/tourcruiser.com\/fr\/products\/women-air-jordan-1-low-multi-color-black-toe-cz4776-101\/#primaryimage\"},\"thumbnailUrl\":\"https:\/\/images.novelship.com\/product\/_women__air_jordan_1_low_multi_color_black_toe_cz4_0_60338.jpeg;https:\/\/images.novelship.com\/product\/_women__air_jordan_1_low_multi_color_black_toe_cz4_1_60338.jpeg;https:\/\/images.novelship.com\/product\/_women__air_jordan_1_low_multi_color_black_toe_cz4_2_60338.jpeg;https:\/\/images.novelship.com\/product\/_women__air_jordan_1_low_multi_color_black_toe_cz4_3_60338.jpeg;https:\/\/images.novelship.com\/product\/_women__air_jordan_1_low_multi_color_black_toe_cz4_4_60338.jpeg;https:\/\/images.novelship.com\/product\/_women__air_jordan_1_low_multi_color_black_toe_cz4_5_60338.jpeg;https:\/\/images.novelship.com\/product\/_women__air_jordan_1_low_multi_color_black_toe_cz4_6_60338.jpeg;https:\/\/images.novelship.com\/product\/_women__air_jordan_1_low_multi_color_black_toe_cz4_7_60338.jpeg\",\"datePublished\":\"2026-04-16T10:17:41+00:00\",\"dateModified\":\"2026-04-17T16:10:12+00:00\",\"breadcrumb\":{\"@id\":\"https:\/\/tourcruiser.com\/fr\/products\/women-air-jordan-1-low-multi-color-black-toe-cz4776-101\/#breadcrumb\"},\"inLanguage\":\"fr-FR\",\"potentialAction\":[{\"@type\":\"ReadAction\",\"target\":[\"https:\/\/tourcruiser.com\/fr\/products\/women-air-jordan-1-low-multi-color-black-toe-cz4776-101\/\"]}]},{\"@type\":\"ImageObject\",\"inLanguage\":\"fr-FR\",\"@id\":\"https:\/\/tourcruiser.com\/fr\/products\/women-air-jordan-1-low-multi-color-black-toe-cz4776-101\/#primaryimage\",\"url\":\"https:\/\/images.novelship.com\/product\/_women__air_jordan_1_low_multi_color_black_toe_cz4_0_60338.jpeg;https:\/\/images.novelship.com\/product\/_women__air_jordan_1_low_multi_color_black_toe_cz4_1_60338.jpeg;https:\/\/images.novelship.com\/product\/_women__air_jordan_1_low_multi_color_black_toe_cz4_2_60338.jpeg;https:\/\/images.novelship.com\/product\/_women__air_jordan_1_low_multi_color_black_toe_cz4_3_60338.jpeg;https:\/\/images.novelship.com\/product\/_women__air_jordan_1_low_multi_color_black_toe_cz4_4_60338.jpeg;https:\/\/images.novelship.com\/product\/_women__air_jordan_1_low_multi_color_black_toe_cz4_5_60338.jpeg;https:\/\/images.novelship.com\/product\/_women__air_jordan_1_low_multi_color_black_toe_cz4_6_60338.jpeg;https:\/\/images.novelship.com\/product\/_women__air_jordan_1_low_multi_color_black_toe_cz4_7_60338.jpeg\",\"contentUrl\":\"https:\/\/images.novelship.com\/product\/_women__air_jordan_1_low_multi_color_black_toe_cz4_0_60338.jpeg;https:\/\/images.novelship.com\/product\/_women__air_jordan_1_low_multi_color_black_toe_cz4_1_60338.jpeg;https:\/\/images.novelship.com\/product\/_women__air_jordan_1_low_multi_color_black_toe_cz4_2_60338.jpeg;https:\/\/images.novelship.com\/product\/_women__air_jordan_1_low_multi_color_black_toe_cz4_3_60338.jpeg;https:\/\/images.novelship.com\/product\/_women__air_jordan_1_low_multi_color_black_toe_cz4_4_60338.jpeg;https:\/\/images.novelship.com\/product\/_women__air_jordan_1_low_multi_color_black_toe_cz4_5_60338.jpeg;https:\/\/images.novelship.com\/product\/_women__air_jordan_1_low_multi_color_black_toe_cz4_6_60338.jpeg;https:\/\/images.novelship.com\/product\/_women__air_jordan_1_low_multi_color_black_toe_cz4_7_60338.jpeg\"},{\"@type\":\"BreadcrumbList\",\"@id\":\"https:\/\/tourcruiser.com\/fr\/products\/women-air-jordan-1-low-multi-color-black-toe-cz4776-101\/#breadcrumb\",\"itemListElement\":[{\"@type\":\"ListItem\",\"position\":1,\"name\":\"Home\",\"item\":\"https:\/\/tourcruiser.com\/fr\/\"},{\"@type\":\"ListItem\",\"position\":2,\"name\":\"Shop\",\"item\":\"https:\/\/tourcruiser.com\/fr\/shop\/\"},{\"@type\":\"ListItem\",\"position\":3,\"name\":\"(Women) Air Jordan 1 Low Multi-Color Black Toe CZ4776-101\"}]},{\"@type\":\"WebSite\",\"@id\":\"\/#website\",\"url\":\"\/\",\"name\":\"Styloral Jewelry Shop\",\"description\":\"Tourcruiser Sneaker Store \u2014 L\u2019endroit o\u00f9 l\u2019univers rencontre votre singularit\u00e9.\",\"publisher\":{\"@id\":\"\/#organization\"},\"potentialAction\":[{\"@type\":\"SearchAction\",\"target\":{\"@type\":\"EntryPoint\",\"urlTemplate\":\"\/?s={search_term_string}\"},\"query-input\":{\"@type\":\"PropertyValueSpecification\",\"valueRequired\":true,\"valueName\":\"search_term_string\"}}],\"inLanguage\":\"fr-FR\"},{\"@type\":\"Organization\",\"@id\":\"\/#organization\",\"name\":\"STYLORAL PTE. LTD\",\"url\":\"\/\",\"logo\":{\"@type\":\"ImageObject\",\"inLanguage\":\"fr-FR\",\"@id\":\"\/#\/schema\/logo\/image\/\",\"url\":\"https:\/\/www.tourcruiser.com\/wp-content\/uploads\/2025\/12\/logo.png\",\"contentUrl\":\"https:\/\/www.tourcruiser.com\/wp-content\/uploads\/2025\/12\/logo.png\",\"width\":200,\"height\":65,\"caption\":\"STYLORAL PTE. LTD\"},\"image\":{\"@id\":\"\/#\/schema\/logo\/image\/\"}}]}<\/script>\n<!-- \/ Yoast SEO plugin. -->","yoast_head_json":{"title":"(Women) Air Jordan 1 Low Multi-Color Black Toe CZ4776-101 - TOURCRUISER PTE. LTD","robots":{"index":"index","follow":"follow","max-snippet":"max-snippet:-1","max-image-preview":"max-image-preview:large","max-video-preview":"max-video-preview:-1"},"canonical":"https:\/\/tourcruiser.com\/fr\/products\/women-air-jordan-1-low-multi-color-black-toe-cz4776-101\/","og_locale":"fr_FR","og_type":"article","og_title":"(Women) Air Jordan 1 Low Multi-Color Black Toe CZ4776-101 - TOURCRUISER PTE. LTD","og_description":"La Air Jordan 1 Low Multi-Color Black Toe pour femme est une basket \u00e9l\u00e9gante au design vibrant et captivant. Gr\u00e2ce \u00e0 sa silhouette basse, elle allie style et confort. Parfaite au quotidien comme pour vos loisirs, elle ne manquera pas d&rsquo;attirer les regards. Coloris\u00a0: Blanc\/Bleu roi\/Rouge universitaire\/Blanc Code article\u00a0: CZ4776-101 Tige\u00a0: Cuir Semelle interm\u00e9diaire\u00a0: Air [&hellip;]","og_url":"https:\/\/tourcruiser.com\/fr\/products\/women-air-jordan-1-low-multi-color-black-toe-cz4776-101\/","og_site_name":"Tourcruiser Sneaker Store","article_modified_time":"2026-04-17T16:10:12+00:00","twitter_card":"summary_large_image","twitter_image":"https:\/\/images.novelship.com\/product\/_women__air_jordan_1_low_multi_color_black_toe_cz4_0_60338.jpeg;https:\/\/images.novelship.com\/product\/_women__air_jordan_1_low_multi_color_black_toe_cz4_1_60338.jpeg;https:\/\/images.novelship.com\/product\/_women__air_jordan_1_low_multi_color_black_toe_cz4_2_60338.jpeg;https:\/\/images.novelship.com\/product\/_women__air_jordan_1_low_multi_color_black_toe_cz4_3_60338.jpeg;https:\/\/images.novelship.com\/product\/_women__air_jordan_1_low_multi_color_black_toe_cz4_4_60338.jpeg;https:\/\/images.novelship.com\/product\/_women__air_jordan_1_low_multi_color_black_toe_cz4_5_60338.jpeg;https:\/\/images.novelship.com\/product\/_women__air_jordan_1_low_multi_color_black_toe_cz4_6_60338.jpeg;https:\/\/images.novelship.com\/product\/_women__air_jordan_1_low_multi_color_black_toe_cz4_7_60338.jpeg","schema":{"@context":"https:\/\/schema.org","@graph":[{"@type":"WebPage","@id":"https:\/\/tourcruiser.com\/fr\/products\/women-air-jordan-1-low-multi-color-black-toe-cz4776-101\/","url":"https:\/\/tourcruiser.com\/fr\/products\/women-air-jordan-1-low-multi-color-black-toe-cz4776-101\/","name":"(Women) Air Jordan 1 Low Multi-Color Black Toe CZ4776-101 - TOURCRUISER PTE. LTD","isPartOf":{"@id":"\/#website"},"primaryImageOfPage":{"@id":"https:\/\/tourcruiser.com\/fr\/products\/women-air-jordan-1-low-multi-color-black-toe-cz4776-101\/#primaryimage"},"image":{"@id":"https:\/\/tourcruiser.com\/fr\/products\/women-air-jordan-1-low-multi-color-black-toe-cz4776-101\/#primaryimage"},"thumbnailUrl":"https:\/\/images.novelship.com\/product\/_women__air_jordan_1_low_multi_color_black_toe_cz4_0_60338.jpeg;https:\/\/images.novelship.com\/product\/_women__air_jordan_1_low_multi_color_black_toe_cz4_1_60338.jpeg;https:\/\/images.novelship.com\/product\/_women__air_jordan_1_low_multi_color_black_toe_cz4_2_60338.jpeg;https:\/\/images.novelship.com\/product\/_women__air_jordan_1_low_multi_color_black_toe_cz4_3_60338.jpeg;https:\/\/images.novelship.com\/product\/_women__air_jordan_1_low_multi_color_black_toe_cz4_4_60338.jpeg;https:\/\/images.novelship.com\/product\/_women__air_jordan_1_low_multi_color_black_toe_cz4_5_60338.jpeg;https:\/\/images.novelship.com\/product\/_women__air_jordan_1_low_multi_color_black_toe_cz4_6_60338.jpeg;https:\/\/images.novelship.com\/product\/_women__air_jordan_1_low_multi_color_black_toe_cz4_7_60338.jpeg","datePublished":"2026-04-16T10:17:41+00:00","dateModified":"2026-04-17T16:10:12+00:00","breadcrumb":{"@id":"https:\/\/tourcruiser.com\/fr\/products\/women-air-jordan-1-low-multi-color-black-toe-cz4776-101\/#breadcrumb"},"inLanguage":"fr-FR","potentialAction":[{"@type":"ReadAction","target":["https:\/\/tourcruiser.com\/fr\/products\/women-air-jordan-1-low-multi-color-black-toe-cz4776-101\/"]}]},{"@type":"ImageObject","inLanguage":"fr-FR","@id":"https:\/\/tourcruiser.com\/fr\/products\/women-air-jordan-1-low-multi-color-black-toe-cz4776-101\/#primaryimage","url":"https:\/\/images.novelship.com\/product\/_women__air_jordan_1_low_multi_color_black_toe_cz4_0_60338.jpeg;https:\/\/images.novelship.com\/product\/_women__air_jordan_1_low_multi_color_black_toe_cz4_1_60338.jpeg;https:\/\/images.novelship.com\/product\/_women__air_jordan_1_low_multi_color_black_toe_cz4_2_60338.jpeg;https:\/\/images.novelship.com\/product\/_women__air_jordan_1_low_multi_color_black_toe_cz4_3_60338.jpeg;https:\/\/images.novelship.com\/product\/_women__air_jordan_1_low_multi_color_black_toe_cz4_4_60338.jpeg;https:\/\/images.novelship.com\/product\/_women__air_jordan_1_low_multi_color_black_toe_cz4_5_60338.jpeg;https:\/\/images.novelship.com\/product\/_women__air_jordan_1_low_multi_color_black_toe_cz4_6_60338.jpeg;https:\/\/images.novelship.com\/product\/_women__air_jordan_1_low_multi_color_black_toe_cz4_7_60338.jpeg","contentUrl":"https:\/\/images.novelship.com\/product\/_women__air_jordan_1_low_multi_color_black_toe_cz4_0_60338.jpeg;https:\/\/images.novelship.com\/product\/_women__air_jordan_1_low_multi_color_black_toe_cz4_1_60338.jpeg;https:\/\/images.novelship.com\/product\/_women__air_jordan_1_low_multi_color_black_toe_cz4_2_60338.jpeg;https:\/\/images.novelship.com\/product\/_women__air_jordan_1_low_multi_color_black_toe_cz4_3_60338.jpeg;https:\/\/images.novelship.com\/product\/_women__air_jordan_1_low_multi_color_black_toe_cz4_4_60338.jpeg;https:\/\/images.novelship.com\/product\/_women__air_jordan_1_low_multi_color_black_toe_cz4_5_60338.jpeg;https:\/\/images.novelship.com\/product\/_women__air_jordan_1_low_multi_color_black_toe_cz4_6_60338.jpeg;https:\/\/images.novelship.com\/product\/_women__air_jordan_1_low_multi_color_black_toe_cz4_7_60338.jpeg"},{"@type":"BreadcrumbList","@id":"https:\/\/tourcruiser.com\/fr\/products\/women-air-jordan-1-low-multi-color-black-toe-cz4776-101\/#breadcrumb","itemListElement":[{"@type":"ListItem","position":1,"name":"Home","item":"https:\/\/tourcruiser.com\/fr\/"},{"@type":"ListItem","position":2,"name":"Shop","item":"https:\/\/tourcruiser.com\/fr\/shop\/"},{"@type":"ListItem","position":3,"name":"(Women) Air Jordan 1 Low Multi-Color Black Toe CZ4776-101"}]},{"@type":"WebSite","@id":"\/#website","url":"\/","name":"Styloral Jewelry Shop","description":"Tourcruiser Sneaker Store \u2014 L\u2019endroit o\u00f9 l\u2019univers rencontre votre singularit\u00e9.","publisher":{"@id":"\/#organization"},"potentialAction":[{"@type":"SearchAction","target":{"@type":"EntryPoint","urlTemplate":"\/?s={search_term_string}"},"query-input":{"@type":"PropertyValueSpecification","valueRequired":true,"valueName":"search_term_string"}}],"inLanguage":"fr-FR"},{"@type":"Organization","@id":"\/#organization","name":"STYLORAL PTE. LTD","url":"\/","logo":{"@type":"ImageObject","inLanguage":"fr-FR","@id":"\/#\/schema\/logo\/image\/","url":"https:\/\/www.tourcruiser.com\/wp-content\/uploads\/2025\/12\/logo.png","contentUrl":"https:\/\/www.tourcruiser.com\/wp-content\/uploads\/2025\/12\/logo.png","width":200,"height":65,"caption":"STYLORAL PTE. LTD"},"image":{"@id":"\/#\/schema\/logo\/image\/"}}]}},"_links":{"self":[{"href":"https:\/\/tourcruiser.com\/fr\/wp-json\/wp\/v2\/product\/776165","targetHints":{"allow":["GET"]}}],"collection":[{"href":"https:\/\/tourcruiser.com\/fr\/wp-json\/wp\/v2\/product"}],"about":[{"href":"https:\/\/tourcruiser.com\/fr\/wp-json\/wp\/v2\/types\/product"}],"replies":[{"embeddable":true,"href":"https:\/\/tourcruiser.com\/fr\/wp-json\/wp\/v2\/comments?post=776165"}],"wp:featuredmedia":[{"embeddable":true,"href":"https:\/\/tourcruiser.com\/fr\/wp-json\/wp\/v2\/media\/776166"}],"wp:attachment":[{"href":"https:\/\/tourcruiser.com\/fr\/wp-json\/wp\/v2\/media?parent=776165"}],"wp:term":[{"taxonomy":"product_brand","embeddable":true,"href":"https:\/\/tourcruiser.com\/fr\/wp-json\/wp\/v2\/product_brand?post=776165"},{"taxonomy":"product_cat","embeddable":true,"href":"https:\/\/tourcruiser.com\/fr\/wp-json\/wp\/v2\/product_cat?post=776165"},{"taxonomy":"product_tag","embeddable":true,"href":"https:\/\/tourcruiser.com\/fr\/wp-json\/wp\/v2\/product_tag?post=776165"}],"curies":[{"name":"wp","href":"https:\/\/api.w.org\/{rel}","templated":true}]}}