{"id":776156,"date":"2026-04-16T17:17:41","date_gmt":"2026-04-16T10:17:41","guid":{"rendered":"http:\/\/tourcruiser.com\/product\/air-jordan-1-low-cyber-ck3022-003"},"modified":"2026-04-17T23:10:11","modified_gmt":"2026-04-17T16:10:11","slug":"air-jordan-1-low-cyber-ck3022-003","status":"publish","type":"product","link":"https:\/\/tourcruiser.com\/fr\/products\/air-jordan-1-low-cyber-ck3022-003\/","title":{"rendered":"Air Jordan 1 Low &lsquo;Cyber&rsquo; CK3022-003"},"content":{"rendered":"<p>Affirmez votre style avec les Air Jordan 1 Low \u00ab\u00a0Cyber\u00a0\u00bb CK3022-003. Ces chaussures iconiques, aux couleurs vibrantes noir, vert fluo et blanc, promettent un style et un confort in\u00e9gal\u00e9s. Confectionn\u00e9es en cuir premium avec un embout perfor\u00e9, elles offrent durabilit\u00e9 et respirabilit\u00e9. La semelle interm\u00e9diaire amortissante assure un maintien optimal, tandis que le logo Wings et le Swoosh classiques signent le look Jordan inimitable. Les AJ1 Low \u00ab\u00a0Cyber\u00a0\u00bb sont parfaites pour un look d\u00e9contract\u00e9 comme pour le sport.<\/p>\n<p>Coloris\u00a0: Noir\/Cyber-Blanc-Noir<\/p>\n<p>R\u00e9f\u00e9rence\u00a0: CK3022-003<\/p>\n<p>Tige\u00a0: Flyknit<\/p>\n<p>Semelle interm\u00e9diaire\u00a0: Air<\/p>\n<p>Couleur\u00a0: Noir<\/p>\n<p>Designer\u00a0: Peter Moore<\/p>\n<p>Saison\u00a0: \u00c9t\u00e9<\/p>\n<p>Ann\u00e9e de sortie\u00a0: 2020<br \/>\n\u00c2ge\u00a0: Adulte<\/p>\n<p>Couleur\u00a0: Blanc\/Bleu roi-Rouge universitaire-Blanc<\/p>\n<p>Genre\u00a0: Homme<\/p>\n","protected":false},"excerpt":{"rendered":"<p>Affirmez votre style avec les Air Jordan 1 Low \u00ab\u00a0Cyber\u00a0\u00bb CK3022-003. Ces chaussures iconiques, aux couleurs vibrantes noir, vert fluo et blanc, promettent un style et un confort in\u00e9gal\u00e9s. Confectionn\u00e9es en cuir premium avec un embout perfor\u00e9, elles offrent durabilit\u00e9 et respirabilit\u00e9. La semelle interm\u00e9diaire amortissante assure un maintien optimal, tandis que le logo Wings [&hellip;]<\/p>\n","protected":false},"featured_media":776157,"comment_status":"open","ping_status":"closed","template":"","meta":[],"product_brand":[],"product_cat":[38880],"product_tag":[10750,38861,38841,38975,38842,10776,11349,38875,10756],"class_list":{"0":"post-776156","1":"product","2":"type-product","3":"status-publish","4":"has-post-thumbnail","6":"product_cat-jordan","7":"product_tag-athleisure-shoes","8":"product_tag-below-retail-price","9":"product_tag-casual-shoes","10":"product_tag-casual-shoes-basketball-inspired","11":"product_tag-gift-idea-for-him","12":"product_tag-jordan","13":"product_tag-jordan-basketball-shoes","14":"product_tag-jordan-skateboard-shoes","15":"product_tag-retro-casual-shoes","17":"first","18":"instock","19":"taxable","20":"shipping-taxable","21":"purchasable","22":"product-type-simple"},"wcpa_form_fields":null,"yoast_head":"<!-- This site is optimized with the Yoast SEO plugin v26.5 - https:\/\/yoast.com\/wordpress\/plugins\/seo\/ -->\n<title>Air Jordan 1 Low &#039;Cyber&#039; CK3022-003 - TOURCRUISER PTE. LTD<\/title>\n<meta name=\"robots\" content=\"index, follow, max-snippet:-1, max-image-preview:large, max-video-preview:-1\" \/>\n<link rel=\"canonical\" href=\"https:\/\/tourcruiser.com\/fr\/products\/air-jordan-1-low-cyber-ck3022-003\/\" \/>\n<meta property=\"og:locale\" content=\"fr_FR\" \/>\n<meta property=\"og:type\" content=\"article\" \/>\n<meta property=\"og:title\" content=\"Air Jordan 1 Low &#039;Cyber&#039; CK3022-003 - TOURCRUISER PTE. LTD\" \/>\n<meta property=\"og:description\" content=\"Affirmez votre style avec les Air Jordan 1 Low \u00ab\u00a0Cyber\u00a0\u00bb CK3022-003. Ces chaussures iconiques, aux couleurs vibrantes noir, vert fluo et blanc, promettent un style et un confort in\u00e9gal\u00e9s. Confectionn\u00e9es en cuir premium avec un embout perfor\u00e9, elles offrent durabilit\u00e9 et respirabilit\u00e9. La semelle interm\u00e9diaire amortissante assure un maintien optimal, tandis que le logo Wings [&hellip;]\" \/>\n<meta property=\"og:url\" content=\"https:\/\/tourcruiser.com\/fr\/products\/air-jordan-1-low-cyber-ck3022-003\/\" \/>\n<meta property=\"og:site_name\" content=\"Tourcruiser Sneaker Store\" \/>\n<meta property=\"article:modified_time\" content=\"2026-04-17T16:10:11+00:00\" \/>\n<meta name=\"twitter:card\" content=\"summary_large_image\" \/>\n<meta name=\"twitter:image\" content=\"https:\/\/images.novelship.com\/product\/air_jordan_1_low__cyber__ck3022_003_0_67367.jpeg;https:\/\/images.novelship.com\/product\/air_jordan_1_low__cyber__ck3022_003_1_67367.jpeg;https:\/\/images.novelship.com\/product\/air_jordan_1_low__cyber__ck3022_003_2_67367.jpeg;https:\/\/images.novelship.com\/product\/air_jordan_1_low__cyber__ck3022_003_3_67367.jpeg;https:\/\/images.novelship.com\/product\/air_jordan_1_low__cyber__ck3022_003_4_67367.jpeg;https:\/\/images.novelship.com\/product\/air_jordan_1_low__cyber__ck3022_003_5_67367.jpeg;https:\/\/images.novelship.com\/product\/air_jordan_1_low__cyber__ck3022_003_6_67367.jpeg;https:\/\/images.novelship.com\/product\/air_jordan_1_low__cyber__ck3022_003_7_67367.jpeg\" \/>\n<meta name=\"twitter:label1\" content=\"Dur\u00e9e de lecture estim\u00e9e\" \/>\n\t<meta name=\"twitter:data1\" content=\"1 minute\" \/>\n<script type=\"application\/ld+json\" class=\"yoast-schema-graph\">{\"@context\":\"https:\/\/schema.org\",\"@graph\":[{\"@type\":\"WebPage\",\"@id\":\"https:\/\/tourcruiser.com\/fr\/products\/air-jordan-1-low-cyber-ck3022-003\/\",\"url\":\"https:\/\/tourcruiser.com\/fr\/products\/air-jordan-1-low-cyber-ck3022-003\/\",\"name\":\"Air Jordan 1 Low 'Cyber' CK3022-003 - TOURCRUISER PTE. LTD\",\"isPartOf\":{\"@id\":\"\/#website\"},\"primaryImageOfPage\":{\"@id\":\"https:\/\/tourcruiser.com\/fr\/products\/air-jordan-1-low-cyber-ck3022-003\/#primaryimage\"},\"image\":{\"@id\":\"https:\/\/tourcruiser.com\/fr\/products\/air-jordan-1-low-cyber-ck3022-003\/#primaryimage\"},\"thumbnailUrl\":\"https:\/\/images.novelship.com\/product\/air_jordan_1_low__cyber__ck3022_003_0_67367.jpeg;https:\/\/images.novelship.com\/product\/air_jordan_1_low__cyber__ck3022_003_1_67367.jpeg;https:\/\/images.novelship.com\/product\/air_jordan_1_low__cyber__ck3022_003_2_67367.jpeg;https:\/\/images.novelship.com\/product\/air_jordan_1_low__cyber__ck3022_003_3_67367.jpeg;https:\/\/images.novelship.com\/product\/air_jordan_1_low__cyber__ck3022_003_4_67367.jpeg;https:\/\/images.novelship.com\/product\/air_jordan_1_low__cyber__ck3022_003_5_67367.jpeg;https:\/\/images.novelship.com\/product\/air_jordan_1_low__cyber__ck3022_003_6_67367.jpeg;https:\/\/images.novelship.com\/product\/air_jordan_1_low__cyber__ck3022_003_7_67367.jpeg\",\"datePublished\":\"2026-04-16T10:17:41+00:00\",\"dateModified\":\"2026-04-17T16:10:11+00:00\",\"breadcrumb\":{\"@id\":\"https:\/\/tourcruiser.com\/fr\/products\/air-jordan-1-low-cyber-ck3022-003\/#breadcrumb\"},\"inLanguage\":\"fr-FR\",\"potentialAction\":[{\"@type\":\"ReadAction\",\"target\":[\"https:\/\/tourcruiser.com\/fr\/products\/air-jordan-1-low-cyber-ck3022-003\/\"]}]},{\"@type\":\"ImageObject\",\"inLanguage\":\"fr-FR\",\"@id\":\"https:\/\/tourcruiser.com\/fr\/products\/air-jordan-1-low-cyber-ck3022-003\/#primaryimage\",\"url\":\"https:\/\/images.novelship.com\/product\/air_jordan_1_low__cyber__ck3022_003_0_67367.jpeg;https:\/\/images.novelship.com\/product\/air_jordan_1_low__cyber__ck3022_003_1_67367.jpeg;https:\/\/images.novelship.com\/product\/air_jordan_1_low__cyber__ck3022_003_2_67367.jpeg;https:\/\/images.novelship.com\/product\/air_jordan_1_low__cyber__ck3022_003_3_67367.jpeg;https:\/\/images.novelship.com\/product\/air_jordan_1_low__cyber__ck3022_003_4_67367.jpeg;https:\/\/images.novelship.com\/product\/air_jordan_1_low__cyber__ck3022_003_5_67367.jpeg;https:\/\/images.novelship.com\/product\/air_jordan_1_low__cyber__ck3022_003_6_67367.jpeg;https:\/\/images.novelship.com\/product\/air_jordan_1_low__cyber__ck3022_003_7_67367.jpeg\",\"contentUrl\":\"https:\/\/images.novelship.com\/product\/air_jordan_1_low__cyber__ck3022_003_0_67367.jpeg;https:\/\/images.novelship.com\/product\/air_jordan_1_low__cyber__ck3022_003_1_67367.jpeg;https:\/\/images.novelship.com\/product\/air_jordan_1_low__cyber__ck3022_003_2_67367.jpeg;https:\/\/images.novelship.com\/product\/air_jordan_1_low__cyber__ck3022_003_3_67367.jpeg;https:\/\/images.novelship.com\/product\/air_jordan_1_low__cyber__ck3022_003_4_67367.jpeg;https:\/\/images.novelship.com\/product\/air_jordan_1_low__cyber__ck3022_003_5_67367.jpeg;https:\/\/images.novelship.com\/product\/air_jordan_1_low__cyber__ck3022_003_6_67367.jpeg;https:\/\/images.novelship.com\/product\/air_jordan_1_low__cyber__ck3022_003_7_67367.jpeg\"},{\"@type\":\"BreadcrumbList\",\"@id\":\"https:\/\/tourcruiser.com\/fr\/products\/air-jordan-1-low-cyber-ck3022-003\/#breadcrumb\",\"itemListElement\":[{\"@type\":\"ListItem\",\"position\":1,\"name\":\"Home\",\"item\":\"https:\/\/tourcruiser.com\/fr\/\"},{\"@type\":\"ListItem\",\"position\":2,\"name\":\"Shop\",\"item\":\"https:\/\/tourcruiser.com\/fr\/shop\/\"},{\"@type\":\"ListItem\",\"position\":3,\"name\":\"Air Jordan 1 Low &#8216;Cyber&#8217; CK3022-003\"}]},{\"@type\":\"WebSite\",\"@id\":\"\/#website\",\"url\":\"\/\",\"name\":\"Styloral Jewelry Shop\",\"description\":\"Tourcruiser Sneaker Store \u2014 L\u2019endroit o\u00f9 l\u2019univers rencontre votre singularit\u00e9.\",\"publisher\":{\"@id\":\"\/#organization\"},\"potentialAction\":[{\"@type\":\"SearchAction\",\"target\":{\"@type\":\"EntryPoint\",\"urlTemplate\":\"\/?s={search_term_string}\"},\"query-input\":{\"@type\":\"PropertyValueSpecification\",\"valueRequired\":true,\"valueName\":\"search_term_string\"}}],\"inLanguage\":\"fr-FR\"},{\"@type\":\"Organization\",\"@id\":\"\/#organization\",\"name\":\"STYLORAL PTE. LTD\",\"url\":\"\/\",\"logo\":{\"@type\":\"ImageObject\",\"inLanguage\":\"fr-FR\",\"@id\":\"\/#\/schema\/logo\/image\/\",\"url\":\"https:\/\/www.tourcruiser.com\/wp-content\/uploads\/2025\/12\/logo.png\",\"contentUrl\":\"https:\/\/www.tourcruiser.com\/wp-content\/uploads\/2025\/12\/logo.png\",\"width\":200,\"height\":65,\"caption\":\"STYLORAL PTE. LTD\"},\"image\":{\"@id\":\"\/#\/schema\/logo\/image\/\"}}]}<\/script>\n<!-- \/ Yoast SEO plugin. -->","yoast_head_json":{"title":"Air Jordan 1 Low 'Cyber' CK3022-003 - TOURCRUISER PTE. LTD","robots":{"index":"index","follow":"follow","max-snippet":"max-snippet:-1","max-image-preview":"max-image-preview:large","max-video-preview":"max-video-preview:-1"},"canonical":"https:\/\/tourcruiser.com\/fr\/products\/air-jordan-1-low-cyber-ck3022-003\/","og_locale":"fr_FR","og_type":"article","og_title":"Air Jordan 1 Low 'Cyber' CK3022-003 - TOURCRUISER PTE. LTD","og_description":"Affirmez votre style avec les Air Jordan 1 Low \u00ab\u00a0Cyber\u00a0\u00bb CK3022-003. Ces chaussures iconiques, aux couleurs vibrantes noir, vert fluo et blanc, promettent un style et un confort in\u00e9gal\u00e9s. Confectionn\u00e9es en cuir premium avec un embout perfor\u00e9, elles offrent durabilit\u00e9 et respirabilit\u00e9. La semelle interm\u00e9diaire amortissante assure un maintien optimal, tandis que le logo Wings [&hellip;]","og_url":"https:\/\/tourcruiser.com\/fr\/products\/air-jordan-1-low-cyber-ck3022-003\/","og_site_name":"Tourcruiser Sneaker Store","article_modified_time":"2026-04-17T16:10:11+00:00","twitter_card":"summary_large_image","twitter_image":"https:\/\/images.novelship.com\/product\/air_jordan_1_low__cyber__ck3022_003_0_67367.jpeg;https:\/\/images.novelship.com\/product\/air_jordan_1_low__cyber__ck3022_003_1_67367.jpeg;https:\/\/images.novelship.com\/product\/air_jordan_1_low__cyber__ck3022_003_2_67367.jpeg;https:\/\/images.novelship.com\/product\/air_jordan_1_low__cyber__ck3022_003_3_67367.jpeg;https:\/\/images.novelship.com\/product\/air_jordan_1_low__cyber__ck3022_003_4_67367.jpeg;https:\/\/images.novelship.com\/product\/air_jordan_1_low__cyber__ck3022_003_5_67367.jpeg;https:\/\/images.novelship.com\/product\/air_jordan_1_low__cyber__ck3022_003_6_67367.jpeg;https:\/\/images.novelship.com\/product\/air_jordan_1_low__cyber__ck3022_003_7_67367.jpeg","twitter_misc":{"Dur\u00e9e de lecture estim\u00e9e":"1 minute"},"schema":{"@context":"https:\/\/schema.org","@graph":[{"@type":"WebPage","@id":"https:\/\/tourcruiser.com\/fr\/products\/air-jordan-1-low-cyber-ck3022-003\/","url":"https:\/\/tourcruiser.com\/fr\/products\/air-jordan-1-low-cyber-ck3022-003\/","name":"Air Jordan 1 Low 'Cyber' CK3022-003 - TOURCRUISER PTE. LTD","isPartOf":{"@id":"\/#website"},"primaryImageOfPage":{"@id":"https:\/\/tourcruiser.com\/fr\/products\/air-jordan-1-low-cyber-ck3022-003\/#primaryimage"},"image":{"@id":"https:\/\/tourcruiser.com\/fr\/products\/air-jordan-1-low-cyber-ck3022-003\/#primaryimage"},"thumbnailUrl":"https:\/\/images.novelship.com\/product\/air_jordan_1_low__cyber__ck3022_003_0_67367.jpeg;https:\/\/images.novelship.com\/product\/air_jordan_1_low__cyber__ck3022_003_1_67367.jpeg;https:\/\/images.novelship.com\/product\/air_jordan_1_low__cyber__ck3022_003_2_67367.jpeg;https:\/\/images.novelship.com\/product\/air_jordan_1_low__cyber__ck3022_003_3_67367.jpeg;https:\/\/images.novelship.com\/product\/air_jordan_1_low__cyber__ck3022_003_4_67367.jpeg;https:\/\/images.novelship.com\/product\/air_jordan_1_low__cyber__ck3022_003_5_67367.jpeg;https:\/\/images.novelship.com\/product\/air_jordan_1_low__cyber__ck3022_003_6_67367.jpeg;https:\/\/images.novelship.com\/product\/air_jordan_1_low__cyber__ck3022_003_7_67367.jpeg","datePublished":"2026-04-16T10:17:41+00:00","dateModified":"2026-04-17T16:10:11+00:00","breadcrumb":{"@id":"https:\/\/tourcruiser.com\/fr\/products\/air-jordan-1-low-cyber-ck3022-003\/#breadcrumb"},"inLanguage":"fr-FR","potentialAction":[{"@type":"ReadAction","target":["https:\/\/tourcruiser.com\/fr\/products\/air-jordan-1-low-cyber-ck3022-003\/"]}]},{"@type":"ImageObject","inLanguage":"fr-FR","@id":"https:\/\/tourcruiser.com\/fr\/products\/air-jordan-1-low-cyber-ck3022-003\/#primaryimage","url":"https:\/\/images.novelship.com\/product\/air_jordan_1_low__cyber__ck3022_003_0_67367.jpeg;https:\/\/images.novelship.com\/product\/air_jordan_1_low__cyber__ck3022_003_1_67367.jpeg;https:\/\/images.novelship.com\/product\/air_jordan_1_low__cyber__ck3022_003_2_67367.jpeg;https:\/\/images.novelship.com\/product\/air_jordan_1_low__cyber__ck3022_003_3_67367.jpeg;https:\/\/images.novelship.com\/product\/air_jordan_1_low__cyber__ck3022_003_4_67367.jpeg;https:\/\/images.novelship.com\/product\/air_jordan_1_low__cyber__ck3022_003_5_67367.jpeg;https:\/\/images.novelship.com\/product\/air_jordan_1_low__cyber__ck3022_003_6_67367.jpeg;https:\/\/images.novelship.com\/product\/air_jordan_1_low__cyber__ck3022_003_7_67367.jpeg","contentUrl":"https:\/\/images.novelship.com\/product\/air_jordan_1_low__cyber__ck3022_003_0_67367.jpeg;https:\/\/images.novelship.com\/product\/air_jordan_1_low__cyber__ck3022_003_1_67367.jpeg;https:\/\/images.novelship.com\/product\/air_jordan_1_low__cyber__ck3022_003_2_67367.jpeg;https:\/\/images.novelship.com\/product\/air_jordan_1_low__cyber__ck3022_003_3_67367.jpeg;https:\/\/images.novelship.com\/product\/air_jordan_1_low__cyber__ck3022_003_4_67367.jpeg;https:\/\/images.novelship.com\/product\/air_jordan_1_low__cyber__ck3022_003_5_67367.jpeg;https:\/\/images.novelship.com\/product\/air_jordan_1_low__cyber__ck3022_003_6_67367.jpeg;https:\/\/images.novelship.com\/product\/air_jordan_1_low__cyber__ck3022_003_7_67367.jpeg"},{"@type":"BreadcrumbList","@id":"https:\/\/tourcruiser.com\/fr\/products\/air-jordan-1-low-cyber-ck3022-003\/#breadcrumb","itemListElement":[{"@type":"ListItem","position":1,"name":"Home","item":"https:\/\/tourcruiser.com\/fr\/"},{"@type":"ListItem","position":2,"name":"Shop","item":"https:\/\/tourcruiser.com\/fr\/shop\/"},{"@type":"ListItem","position":3,"name":"Air Jordan 1 Low &#8216;Cyber&#8217; CK3022-003"}]},{"@type":"WebSite","@id":"\/#website","url":"\/","name":"Styloral Jewelry Shop","description":"Tourcruiser Sneaker Store \u2014 L\u2019endroit o\u00f9 l\u2019univers rencontre votre singularit\u00e9.","publisher":{"@id":"\/#organization"},"potentialAction":[{"@type":"SearchAction","target":{"@type":"EntryPoint","urlTemplate":"\/?s={search_term_string}"},"query-input":{"@type":"PropertyValueSpecification","valueRequired":true,"valueName":"search_term_string"}}],"inLanguage":"fr-FR"},{"@type":"Organization","@id":"\/#organization","name":"STYLORAL PTE. LTD","url":"\/","logo":{"@type":"ImageObject","inLanguage":"fr-FR","@id":"\/#\/schema\/logo\/image\/","url":"https:\/\/www.tourcruiser.com\/wp-content\/uploads\/2025\/12\/logo.png","contentUrl":"https:\/\/www.tourcruiser.com\/wp-content\/uploads\/2025\/12\/logo.png","width":200,"height":65,"caption":"STYLORAL PTE. LTD"},"image":{"@id":"\/#\/schema\/logo\/image\/"}}]}},"_links":{"self":[{"href":"https:\/\/tourcruiser.com\/fr\/wp-json\/wp\/v2\/product\/776156","targetHints":{"allow":["GET"]}}],"collection":[{"href":"https:\/\/tourcruiser.com\/fr\/wp-json\/wp\/v2\/product"}],"about":[{"href":"https:\/\/tourcruiser.com\/fr\/wp-json\/wp\/v2\/types\/product"}],"replies":[{"embeddable":true,"href":"https:\/\/tourcruiser.com\/fr\/wp-json\/wp\/v2\/comments?post=776156"}],"wp:featuredmedia":[{"embeddable":true,"href":"https:\/\/tourcruiser.com\/fr\/wp-json\/wp\/v2\/media\/776157"}],"wp:attachment":[{"href":"https:\/\/tourcruiser.com\/fr\/wp-json\/wp\/v2\/media?parent=776156"}],"wp:term":[{"taxonomy":"product_brand","embeddable":true,"href":"https:\/\/tourcruiser.com\/fr\/wp-json\/wp\/v2\/product_brand?post=776156"},{"taxonomy":"product_cat","embeddable":true,"href":"https:\/\/tourcruiser.com\/fr\/wp-json\/wp\/v2\/product_cat?post=776156"},{"taxonomy":"product_tag","embeddable":true,"href":"https:\/\/tourcruiser.com\/fr\/wp-json\/wp\/v2\/product_tag?post=776156"}],"curies":[{"name":"wp","href":"https:\/\/api.w.org\/{rel}","templated":true}]}}