{"id":776111,"date":"2026-04-16T17:17:40","date_gmt":"2026-04-16T10:17:40","guid":{"rendered":"http:\/\/tourcruiser.com\/product\/grade-school-air-jordan-1-mid-pink-quartz-555112-603"},"modified":"2026-04-17T23:10:09","modified_gmt":"2026-04-17T16:10:09","slug":"grade-school-air-jordan-1-mid-pink-quartz-555112-603","status":"publish","type":"product","link":"https:\/\/tourcruiser.com\/fr\/products\/grade-school-air-jordan-1-mid-pink-quartz-555112-603\/","title":{"rendered":"(Grade School) Air Jordan 1 Mid &lsquo;Pink Quartz&rsquo; 555112-603"},"content":{"rendered":"<p>La Air Jordan 1 Mid Pink Quartz (GS) est une basket tendance et styl\u00e9e, id\u00e9ale pour les jeunes. Con\u00e7ue par Jordan, cette chaussure se distingue par sa superbe couleur rose, lui conf\u00e9rant une touche f\u00e9minine. Avec sa silhouette \u00e9l\u00e9gante et son confort optimal, c&rsquo;est un incontournable pour tous les jeunes fans de sneakers. Affirmez votre style avec la Air Jordan 1 Mid Pink Quartz.<\/p>\n<p>Coloris : Pink Quartz\/Dark Smoke Grey-White<\/p>\n<p>Code article : 555112-603<\/p>\n<p>Tige : Cuir<\/p>\n<p>Semelle interm\u00e9diaire : Air<\/p>\n<p>Couleur : Rose<\/p>\n<p>Cr\u00e9ateur : Peter Moore<\/p>\n<p>Saison : Printemps<\/p>\n<p>Ann\u00e9e de sortie : 2020<\/p>\n<p>\u00c2ge : Adulte<br \/>\nCouleur : Wonder Silver\/Chalk White\/Off White<\/p>\n<p>Genre : Jeune<\/p>\n","protected":false},"excerpt":{"rendered":"<p>La Air Jordan 1 Mid Pink Quartz (GS) est une basket tendance et styl\u00e9e, id\u00e9ale pour les jeunes. Con\u00e7ue par Jordan, cette chaussure se distingue par sa superbe couleur rose, lui conf\u00e9rant une touche f\u00e9minine. Avec sa silhouette \u00e9l\u00e9gante et son confort optimal, c&rsquo;est un incontournable pour tous les jeunes fans de sneakers. Affirmez votre [&hellip;]<\/p>\n","protected":false},"featured_media":776112,"comment_status":"open","ping_status":"closed","template":"","meta":[],"product_brand":[],"product_cat":[38880],"product_tag":[10750,38841,10776,11349,38875,38886,10756],"class_list":{"0":"post-776111","1":"product","2":"type-product","3":"status-publish","4":"has-post-thumbnail","6":"product_cat-jordan","7":"product_tag-athleisure-shoes","8":"product_tag-casual-shoes","9":"product_tag-jordan","10":"product_tag-jordan-basketball-shoes","11":"product_tag-jordan-skateboard-shoes","12":"product_tag-lifestyle-shoes-inspired-by-basketball","13":"product_tag-retro-casual-shoes","15":"first","16":"instock","17":"taxable","18":"shipping-taxable","19":"purchasable","20":"product-type-simple"},"wcpa_form_fields":null,"yoast_head":"<!-- This site is optimized with the Yoast SEO plugin v26.5 - https:\/\/yoast.com\/wordpress\/plugins\/seo\/ -->\n<title>(Grade School) Air Jordan 1 Mid &#039;Pink Quartz&#039; 555112-603 - TOURCRUISER PTE. LTD<\/title>\n<meta name=\"robots\" content=\"index, follow, max-snippet:-1, max-image-preview:large, max-video-preview:-1\" \/>\n<link rel=\"canonical\" href=\"https:\/\/tourcruiser.com\/fr\/products\/grade-school-air-jordan-1-mid-pink-quartz-555112-603\/\" \/>\n<meta property=\"og:locale\" content=\"fr_FR\" \/>\n<meta property=\"og:type\" content=\"article\" \/>\n<meta property=\"og:title\" content=\"(Grade School) Air Jordan 1 Mid &#039;Pink Quartz&#039; 555112-603 - TOURCRUISER PTE. LTD\" \/>\n<meta property=\"og:description\" content=\"La Air Jordan 1 Mid Pink Quartz (GS) est une basket tendance et styl\u00e9e, id\u00e9ale pour les jeunes. Con\u00e7ue par Jordan, cette chaussure se distingue par sa superbe couleur rose, lui conf\u00e9rant une touche f\u00e9minine. Avec sa silhouette \u00e9l\u00e9gante et son confort optimal, c&rsquo;est un incontournable pour tous les jeunes fans de sneakers. Affirmez votre [&hellip;]\" \/>\n<meta property=\"og:url\" content=\"https:\/\/tourcruiser.com\/fr\/products\/grade-school-air-jordan-1-mid-pink-quartz-555112-603\/\" \/>\n<meta property=\"og:site_name\" content=\"Tourcruiser Sneaker Store\" \/>\n<meta property=\"article:modified_time\" content=\"2026-04-17T16:10:09+00:00\" \/>\n<meta name=\"twitter:card\" content=\"summary_large_image\" \/>\n<meta name=\"twitter:image\" content=\"https:\/\/images.novelship.com\/product\/_grade_school__air_jordan_1_mid__pink_quartz__5551_0_98515.jpeg;https:\/\/images.novelship.com\/product\/_grade_school__air_jordan_1_mid__pink_quartz__5551_1_98515.jpeg;https:\/\/images.novelship.com\/product\/_grade_school__air_jordan_1_mid__pink_quartz__5551_2_98515.jpeg;https:\/\/images.novelship.com\/product\/_grade_school__air_jordan_1_mid__pink_quartz__5551_3_98515.jpeg;https:\/\/images.novelship.com\/product\/_grade_school__air_jordan_1_mid__pink_quartz__5551_4_98515.jpeg;https:\/\/images.novelship.com\/product\/_grade_school__air_jordan_1_mid__pink_quartz__5551_5_98515.jpeg;https:\/\/images.novelship.com\/product\/_grade_school__air_jordan_1_mid__pink_quartz__5551_6_98515.jpeg;https:\/\/images.novelship.com\/product\/_grade_school__air_jordan_1_mid__pink_quartz__5551_7_98515.jpeg\" \/>\n<meta name=\"twitter:label1\" content=\"Dur\u00e9e de lecture estim\u00e9e\" \/>\n\t<meta name=\"twitter:data1\" content=\"1 minute\" \/>\n<script type=\"application\/ld+json\" class=\"yoast-schema-graph\">{\"@context\":\"https:\/\/schema.org\",\"@graph\":[{\"@type\":\"WebPage\",\"@id\":\"https:\/\/tourcruiser.com\/fr\/products\/grade-school-air-jordan-1-mid-pink-quartz-555112-603\/\",\"url\":\"https:\/\/tourcruiser.com\/fr\/products\/grade-school-air-jordan-1-mid-pink-quartz-555112-603\/\",\"name\":\"(Grade School) Air Jordan 1 Mid 'Pink Quartz' 555112-603 - TOURCRUISER PTE. LTD\",\"isPartOf\":{\"@id\":\"\/#website\"},\"primaryImageOfPage\":{\"@id\":\"https:\/\/tourcruiser.com\/fr\/products\/grade-school-air-jordan-1-mid-pink-quartz-555112-603\/#primaryimage\"},\"image\":{\"@id\":\"https:\/\/tourcruiser.com\/fr\/products\/grade-school-air-jordan-1-mid-pink-quartz-555112-603\/#primaryimage\"},\"thumbnailUrl\":\"https:\/\/images.novelship.com\/product\/_grade_school__air_jordan_1_mid__pink_quartz__5551_0_98515.jpeg;https:\/\/images.novelship.com\/product\/_grade_school__air_jordan_1_mid__pink_quartz__5551_1_98515.jpeg;https:\/\/images.novelship.com\/product\/_grade_school__air_jordan_1_mid__pink_quartz__5551_2_98515.jpeg;https:\/\/images.novelship.com\/product\/_grade_school__air_jordan_1_mid__pink_quartz__5551_3_98515.jpeg;https:\/\/images.novelship.com\/product\/_grade_school__air_jordan_1_mid__pink_quartz__5551_4_98515.jpeg;https:\/\/images.novelship.com\/product\/_grade_school__air_jordan_1_mid__pink_quartz__5551_5_98515.jpeg;https:\/\/images.novelship.com\/product\/_grade_school__air_jordan_1_mid__pink_quartz__5551_6_98515.jpeg;https:\/\/images.novelship.com\/product\/_grade_school__air_jordan_1_mid__pink_quartz__5551_7_98515.jpeg\",\"datePublished\":\"2026-04-16T10:17:40+00:00\",\"dateModified\":\"2026-04-17T16:10:09+00:00\",\"breadcrumb\":{\"@id\":\"https:\/\/tourcruiser.com\/fr\/products\/grade-school-air-jordan-1-mid-pink-quartz-555112-603\/#breadcrumb\"},\"inLanguage\":\"fr-FR\",\"potentialAction\":[{\"@type\":\"ReadAction\",\"target\":[\"https:\/\/tourcruiser.com\/fr\/products\/grade-school-air-jordan-1-mid-pink-quartz-555112-603\/\"]}]},{\"@type\":\"ImageObject\",\"inLanguage\":\"fr-FR\",\"@id\":\"https:\/\/tourcruiser.com\/fr\/products\/grade-school-air-jordan-1-mid-pink-quartz-555112-603\/#primaryimage\",\"url\":\"https:\/\/images.novelship.com\/product\/_grade_school__air_jordan_1_mid__pink_quartz__5551_0_98515.jpeg;https:\/\/images.novelship.com\/product\/_grade_school__air_jordan_1_mid__pink_quartz__5551_1_98515.jpeg;https:\/\/images.novelship.com\/product\/_grade_school__air_jordan_1_mid__pink_quartz__5551_2_98515.jpeg;https:\/\/images.novelship.com\/product\/_grade_school__air_jordan_1_mid__pink_quartz__5551_3_98515.jpeg;https:\/\/images.novelship.com\/product\/_grade_school__air_jordan_1_mid__pink_quartz__5551_4_98515.jpeg;https:\/\/images.novelship.com\/product\/_grade_school__air_jordan_1_mid__pink_quartz__5551_5_98515.jpeg;https:\/\/images.novelship.com\/product\/_grade_school__air_jordan_1_mid__pink_quartz__5551_6_98515.jpeg;https:\/\/images.novelship.com\/product\/_grade_school__air_jordan_1_mid__pink_quartz__5551_7_98515.jpeg\",\"contentUrl\":\"https:\/\/images.novelship.com\/product\/_grade_school__air_jordan_1_mid__pink_quartz__5551_0_98515.jpeg;https:\/\/images.novelship.com\/product\/_grade_school__air_jordan_1_mid__pink_quartz__5551_1_98515.jpeg;https:\/\/images.novelship.com\/product\/_grade_school__air_jordan_1_mid__pink_quartz__5551_2_98515.jpeg;https:\/\/images.novelship.com\/product\/_grade_school__air_jordan_1_mid__pink_quartz__5551_3_98515.jpeg;https:\/\/images.novelship.com\/product\/_grade_school__air_jordan_1_mid__pink_quartz__5551_4_98515.jpeg;https:\/\/images.novelship.com\/product\/_grade_school__air_jordan_1_mid__pink_quartz__5551_5_98515.jpeg;https:\/\/images.novelship.com\/product\/_grade_school__air_jordan_1_mid__pink_quartz__5551_6_98515.jpeg;https:\/\/images.novelship.com\/product\/_grade_school__air_jordan_1_mid__pink_quartz__5551_7_98515.jpeg\"},{\"@type\":\"BreadcrumbList\",\"@id\":\"https:\/\/tourcruiser.com\/fr\/products\/grade-school-air-jordan-1-mid-pink-quartz-555112-603\/#breadcrumb\",\"itemListElement\":[{\"@type\":\"ListItem\",\"position\":1,\"name\":\"Home\",\"item\":\"https:\/\/tourcruiser.com\/fr\/\"},{\"@type\":\"ListItem\",\"position\":2,\"name\":\"Shop\",\"item\":\"https:\/\/tourcruiser.com\/fr\/shop\/\"},{\"@type\":\"ListItem\",\"position\":3,\"name\":\"(Grade School) Air Jordan 1 Mid &#8216;Pink Quartz&#8217; 555112-603\"}]},{\"@type\":\"WebSite\",\"@id\":\"\/#website\",\"url\":\"\/\",\"name\":\"Styloral Jewelry Shop\",\"description\":\"Tourcruiser Sneaker Store \u2014 L\u2019endroit o\u00f9 l\u2019univers rencontre votre singularit\u00e9.\",\"publisher\":{\"@id\":\"\/#organization\"},\"potentialAction\":[{\"@type\":\"SearchAction\",\"target\":{\"@type\":\"EntryPoint\",\"urlTemplate\":\"\/?s={search_term_string}\"},\"query-input\":{\"@type\":\"PropertyValueSpecification\",\"valueRequired\":true,\"valueName\":\"search_term_string\"}}],\"inLanguage\":\"fr-FR\"},{\"@type\":\"Organization\",\"@id\":\"\/#organization\",\"name\":\"STYLORAL PTE. LTD\",\"url\":\"\/\",\"logo\":{\"@type\":\"ImageObject\",\"inLanguage\":\"fr-FR\",\"@id\":\"\/#\/schema\/logo\/image\/\",\"url\":\"https:\/\/www.tourcruiser.com\/wp-content\/uploads\/2025\/12\/logo.png\",\"contentUrl\":\"https:\/\/www.tourcruiser.com\/wp-content\/uploads\/2025\/12\/logo.png\",\"width\":200,\"height\":65,\"caption\":\"STYLORAL PTE. LTD\"},\"image\":{\"@id\":\"\/#\/schema\/logo\/image\/\"}}]}<\/script>\n<!-- \/ Yoast SEO plugin. -->","yoast_head_json":{"title":"(Grade School) Air Jordan 1 Mid 'Pink Quartz' 555112-603 - TOURCRUISER PTE. LTD","robots":{"index":"index","follow":"follow","max-snippet":"max-snippet:-1","max-image-preview":"max-image-preview:large","max-video-preview":"max-video-preview:-1"},"canonical":"https:\/\/tourcruiser.com\/fr\/products\/grade-school-air-jordan-1-mid-pink-quartz-555112-603\/","og_locale":"fr_FR","og_type":"article","og_title":"(Grade School) Air Jordan 1 Mid 'Pink Quartz' 555112-603 - TOURCRUISER PTE. LTD","og_description":"La Air Jordan 1 Mid Pink Quartz (GS) est une basket tendance et styl\u00e9e, id\u00e9ale pour les jeunes. Con\u00e7ue par Jordan, cette chaussure se distingue par sa superbe couleur rose, lui conf\u00e9rant une touche f\u00e9minine. Avec sa silhouette \u00e9l\u00e9gante et son confort optimal, c&rsquo;est un incontournable pour tous les jeunes fans de sneakers. Affirmez votre [&hellip;]","og_url":"https:\/\/tourcruiser.com\/fr\/products\/grade-school-air-jordan-1-mid-pink-quartz-555112-603\/","og_site_name":"Tourcruiser Sneaker Store","article_modified_time":"2026-04-17T16:10:09+00:00","twitter_card":"summary_large_image","twitter_image":"https:\/\/images.novelship.com\/product\/_grade_school__air_jordan_1_mid__pink_quartz__5551_0_98515.jpeg;https:\/\/images.novelship.com\/product\/_grade_school__air_jordan_1_mid__pink_quartz__5551_1_98515.jpeg;https:\/\/images.novelship.com\/product\/_grade_school__air_jordan_1_mid__pink_quartz__5551_2_98515.jpeg;https:\/\/images.novelship.com\/product\/_grade_school__air_jordan_1_mid__pink_quartz__5551_3_98515.jpeg;https:\/\/images.novelship.com\/product\/_grade_school__air_jordan_1_mid__pink_quartz__5551_4_98515.jpeg;https:\/\/images.novelship.com\/product\/_grade_school__air_jordan_1_mid__pink_quartz__5551_5_98515.jpeg;https:\/\/images.novelship.com\/product\/_grade_school__air_jordan_1_mid__pink_quartz__5551_6_98515.jpeg;https:\/\/images.novelship.com\/product\/_grade_school__air_jordan_1_mid__pink_quartz__5551_7_98515.jpeg","twitter_misc":{"Dur\u00e9e de lecture estim\u00e9e":"1 minute"},"schema":{"@context":"https:\/\/schema.org","@graph":[{"@type":"WebPage","@id":"https:\/\/tourcruiser.com\/fr\/products\/grade-school-air-jordan-1-mid-pink-quartz-555112-603\/","url":"https:\/\/tourcruiser.com\/fr\/products\/grade-school-air-jordan-1-mid-pink-quartz-555112-603\/","name":"(Grade School) Air Jordan 1 Mid 'Pink Quartz' 555112-603 - TOURCRUISER PTE. LTD","isPartOf":{"@id":"\/#website"},"primaryImageOfPage":{"@id":"https:\/\/tourcruiser.com\/fr\/products\/grade-school-air-jordan-1-mid-pink-quartz-555112-603\/#primaryimage"},"image":{"@id":"https:\/\/tourcruiser.com\/fr\/products\/grade-school-air-jordan-1-mid-pink-quartz-555112-603\/#primaryimage"},"thumbnailUrl":"https:\/\/images.novelship.com\/product\/_grade_school__air_jordan_1_mid__pink_quartz__5551_0_98515.jpeg;https:\/\/images.novelship.com\/product\/_grade_school__air_jordan_1_mid__pink_quartz__5551_1_98515.jpeg;https:\/\/images.novelship.com\/product\/_grade_school__air_jordan_1_mid__pink_quartz__5551_2_98515.jpeg;https:\/\/images.novelship.com\/product\/_grade_school__air_jordan_1_mid__pink_quartz__5551_3_98515.jpeg;https:\/\/images.novelship.com\/product\/_grade_school__air_jordan_1_mid__pink_quartz__5551_4_98515.jpeg;https:\/\/images.novelship.com\/product\/_grade_school__air_jordan_1_mid__pink_quartz__5551_5_98515.jpeg;https:\/\/images.novelship.com\/product\/_grade_school__air_jordan_1_mid__pink_quartz__5551_6_98515.jpeg;https:\/\/images.novelship.com\/product\/_grade_school__air_jordan_1_mid__pink_quartz__5551_7_98515.jpeg","datePublished":"2026-04-16T10:17:40+00:00","dateModified":"2026-04-17T16:10:09+00:00","breadcrumb":{"@id":"https:\/\/tourcruiser.com\/fr\/products\/grade-school-air-jordan-1-mid-pink-quartz-555112-603\/#breadcrumb"},"inLanguage":"fr-FR","potentialAction":[{"@type":"ReadAction","target":["https:\/\/tourcruiser.com\/fr\/products\/grade-school-air-jordan-1-mid-pink-quartz-555112-603\/"]}]},{"@type":"ImageObject","inLanguage":"fr-FR","@id":"https:\/\/tourcruiser.com\/fr\/products\/grade-school-air-jordan-1-mid-pink-quartz-555112-603\/#primaryimage","url":"https:\/\/images.novelship.com\/product\/_grade_school__air_jordan_1_mid__pink_quartz__5551_0_98515.jpeg;https:\/\/images.novelship.com\/product\/_grade_school__air_jordan_1_mid__pink_quartz__5551_1_98515.jpeg;https:\/\/images.novelship.com\/product\/_grade_school__air_jordan_1_mid__pink_quartz__5551_2_98515.jpeg;https:\/\/images.novelship.com\/product\/_grade_school__air_jordan_1_mid__pink_quartz__5551_3_98515.jpeg;https:\/\/images.novelship.com\/product\/_grade_school__air_jordan_1_mid__pink_quartz__5551_4_98515.jpeg;https:\/\/images.novelship.com\/product\/_grade_school__air_jordan_1_mid__pink_quartz__5551_5_98515.jpeg;https:\/\/images.novelship.com\/product\/_grade_school__air_jordan_1_mid__pink_quartz__5551_6_98515.jpeg;https:\/\/images.novelship.com\/product\/_grade_school__air_jordan_1_mid__pink_quartz__5551_7_98515.jpeg","contentUrl":"https:\/\/images.novelship.com\/product\/_grade_school__air_jordan_1_mid__pink_quartz__5551_0_98515.jpeg;https:\/\/images.novelship.com\/product\/_grade_school__air_jordan_1_mid__pink_quartz__5551_1_98515.jpeg;https:\/\/images.novelship.com\/product\/_grade_school__air_jordan_1_mid__pink_quartz__5551_2_98515.jpeg;https:\/\/images.novelship.com\/product\/_grade_school__air_jordan_1_mid__pink_quartz__5551_3_98515.jpeg;https:\/\/images.novelship.com\/product\/_grade_school__air_jordan_1_mid__pink_quartz__5551_4_98515.jpeg;https:\/\/images.novelship.com\/product\/_grade_school__air_jordan_1_mid__pink_quartz__5551_5_98515.jpeg;https:\/\/images.novelship.com\/product\/_grade_school__air_jordan_1_mid__pink_quartz__5551_6_98515.jpeg;https:\/\/images.novelship.com\/product\/_grade_school__air_jordan_1_mid__pink_quartz__5551_7_98515.jpeg"},{"@type":"BreadcrumbList","@id":"https:\/\/tourcruiser.com\/fr\/products\/grade-school-air-jordan-1-mid-pink-quartz-555112-603\/#breadcrumb","itemListElement":[{"@type":"ListItem","position":1,"name":"Home","item":"https:\/\/tourcruiser.com\/fr\/"},{"@type":"ListItem","position":2,"name":"Shop","item":"https:\/\/tourcruiser.com\/fr\/shop\/"},{"@type":"ListItem","position":3,"name":"(Grade School) Air Jordan 1 Mid &#8216;Pink Quartz&#8217; 555112-603"}]},{"@type":"WebSite","@id":"\/#website","url":"\/","name":"Styloral Jewelry Shop","description":"Tourcruiser Sneaker Store \u2014 L\u2019endroit o\u00f9 l\u2019univers rencontre votre singularit\u00e9.","publisher":{"@id":"\/#organization"},"potentialAction":[{"@type":"SearchAction","target":{"@type":"EntryPoint","urlTemplate":"\/?s={search_term_string}"},"query-input":{"@type":"PropertyValueSpecification","valueRequired":true,"valueName":"search_term_string"}}],"inLanguage":"fr-FR"},{"@type":"Organization","@id":"\/#organization","name":"STYLORAL PTE. LTD","url":"\/","logo":{"@type":"ImageObject","inLanguage":"fr-FR","@id":"\/#\/schema\/logo\/image\/","url":"https:\/\/www.tourcruiser.com\/wp-content\/uploads\/2025\/12\/logo.png","contentUrl":"https:\/\/www.tourcruiser.com\/wp-content\/uploads\/2025\/12\/logo.png","width":200,"height":65,"caption":"STYLORAL PTE. LTD"},"image":{"@id":"\/#\/schema\/logo\/image\/"}}]}},"_links":{"self":[{"href":"https:\/\/tourcruiser.com\/fr\/wp-json\/wp\/v2\/product\/776111","targetHints":{"allow":["GET"]}}],"collection":[{"href":"https:\/\/tourcruiser.com\/fr\/wp-json\/wp\/v2\/product"}],"about":[{"href":"https:\/\/tourcruiser.com\/fr\/wp-json\/wp\/v2\/types\/product"}],"replies":[{"embeddable":true,"href":"https:\/\/tourcruiser.com\/fr\/wp-json\/wp\/v2\/comments?post=776111"}],"wp:featuredmedia":[{"embeddable":true,"href":"https:\/\/tourcruiser.com\/fr\/wp-json\/wp\/v2\/media\/776112"}],"wp:attachment":[{"href":"https:\/\/tourcruiser.com\/fr\/wp-json\/wp\/v2\/media?parent=776111"}],"wp:term":[{"taxonomy":"product_brand","embeddable":true,"href":"https:\/\/tourcruiser.com\/fr\/wp-json\/wp\/v2\/product_brand?post=776111"},{"taxonomy":"product_cat","embeddable":true,"href":"https:\/\/tourcruiser.com\/fr\/wp-json\/wp\/v2\/product_cat?post=776111"},{"taxonomy":"product_tag","embeddable":true,"href":"https:\/\/tourcruiser.com\/fr\/wp-json\/wp\/v2\/product_tag?post=776111"}],"curies":[{"name":"wp","href":"https:\/\/api.w.org\/{rel}","templated":true}]}}