{"id":775945,"date":"2026-04-16T17:17:34","date_gmt":"2026-04-16T10:17:34","guid":{"rendered":"http:\/\/tourcruiser.com\/product\/preschool-air-jordan-1-retro-high-og-seafoam-cu0449-002"},"modified":"2026-04-17T23:09:55","modified_gmt":"2026-04-17T16:09:55","slug":"preschool-air-jordan-1-retro-high-og-seafoam-cu0449-002","status":"publish","type":"product","link":"https:\/\/tourcruiser.com\/fr\/products\/preschool-air-jordan-1-retro-high-og-seafoam-cu0449-002\/","title":{"rendered":"(Preschool) Air Jordan 1 Retro High OG &lsquo;Seafoam&rsquo; CU0449-002"},"content":{"rendered":"<p>Les sneakers Air Jordan 1 Retro High OG Seafoam (PS) de Jordan sont une pi\u00e8ce l\u00e9gendaire et exclusive, un incontournable de toute collection. Ces sneakers haut de gamme impressionnent par leur coloris Seafoam unique et leur design Air Jordan 1 classique. Gr\u00e2ce \u00e0 l&rsquo;utilisation de mat\u00e9riaux de premi\u00e8re qualit\u00e9, elles sont \u00e0 la fois \u00e9l\u00e9gantes et confortables, parfaites pour \u00eatre port\u00e9es toute la journ\u00e9e. Ces Air Jordan 1 Retro High OG Seafoam sont un must-have absolu pour tous les passionn\u00e9s de sneakers.<\/p>\n<p>Coloris : Seafoam\/Healing Orange\/Blanc<\/p>\n<p>Code article : CU0449-002<\/p>\n<p>Tige : Cuir<\/p>\n<p>Semelle interm\u00e9diaire : Air<\/p>\n<p>Couleur : Vert<\/p>\n<p>Designer : Peter Moore<\/p>\n<p>Saison : \u00c9t\u00e9<\/p>\n<p>Ann\u00e9e de sortie : 2021<\/p>\n<p>\u00c2ge : Adulte<\/p>\n<p>Couleur : Blanc\/Bleu clair<\/p>\n<p>Genre : PS<\/p>\n","protected":false},"excerpt":{"rendered":"<p>Les sneakers Air Jordan 1 Retro High OG Seafoam (PS) de Jordan sont une pi\u00e8ce l\u00e9gendaire et exclusive, un incontournable de toute collection. Ces sneakers haut de gamme impressionnent par leur coloris Seafoam unique et leur design Air Jordan 1 classique. Gr\u00e2ce \u00e0 l&rsquo;utilisation de mat\u00e9riaux de premi\u00e8re qualit\u00e9, elles sont \u00e0 la fois \u00e9l\u00e9gantes [&hellip;]<\/p>\n","protected":false},"featured_media":775946,"comment_status":"open","ping_status":"closed","template":"","meta":[],"product_brand":[],"product_cat":[38880],"product_tag":[10750,38917,38918,10776,10756],"class_list":{"0":"post-775945","1":"product","2":"type-product","3":"status-publish","4":"has-post-thumbnail","6":"product_cat-jordan","7":"product_tag-athleisure-shoes","8":"product_tag-casual-shoes-for-children","9":"product_tag-children-s-sneakers","10":"product_tag-jordan","11":"product_tag-retro-casual-shoes","13":"first","14":"instock","15":"taxable","16":"shipping-taxable","17":"purchasable","18":"product-type-simple"},"wcpa_form_fields":null,"yoast_head":"<!-- This site is optimized with the Yoast SEO plugin v26.5 - https:\/\/yoast.com\/wordpress\/plugins\/seo\/ -->\n<title>(Preschool) Air Jordan 1 Retro High OG &#039;Seafoam&#039; CU0449-002 - TOURCRUISER PTE. LTD<\/title>\n<meta name=\"robots\" content=\"index, follow, max-snippet:-1, max-image-preview:large, max-video-preview:-1\" \/>\n<link rel=\"canonical\" href=\"https:\/\/tourcruiser.com\/fr\/products\/preschool-air-jordan-1-retro-high-og-seafoam-cu0449-002\/\" \/>\n<meta property=\"og:locale\" content=\"fr_FR\" \/>\n<meta property=\"og:type\" content=\"article\" \/>\n<meta property=\"og:title\" content=\"(Preschool) Air Jordan 1 Retro High OG &#039;Seafoam&#039; CU0449-002 - TOURCRUISER PTE. LTD\" \/>\n<meta property=\"og:description\" content=\"Les sneakers Air Jordan 1 Retro High OG Seafoam (PS) de Jordan sont une pi\u00e8ce l\u00e9gendaire et exclusive, un incontournable de toute collection. Ces sneakers haut de gamme impressionnent par leur coloris Seafoam unique et leur design Air Jordan 1 classique. Gr\u00e2ce \u00e0 l&rsquo;utilisation de mat\u00e9riaux de premi\u00e8re qualit\u00e9, elles sont \u00e0 la fois \u00e9l\u00e9gantes [&hellip;]\" \/>\n<meta property=\"og:url\" content=\"https:\/\/tourcruiser.com\/fr\/products\/preschool-air-jordan-1-retro-high-og-seafoam-cu0449-002\/\" \/>\n<meta property=\"og:site_name\" content=\"Tourcruiser Sneaker Store\" \/>\n<meta property=\"article:modified_time\" content=\"2026-04-17T16:09:55+00:00\" \/>\n<meta name=\"twitter:card\" content=\"summary_large_image\" \/>\n<meta name=\"twitter:image\" content=\"https:\/\/images.novelship.com\/product\/_preschool__air_jordan_1_retro_high_og__seafoam__c_0_44629.jpeg;https:\/\/images.novelship.com\/product\/_preschool__air_jordan_1_retro_high_og__seafoam__c_1_44629.jpeg;https:\/\/images.novelship.com\/product\/_preschool__air_jordan_1_retro_high_og__seafoam__c_2_44629.jpeg;https:\/\/images.novelship.com\/product\/_preschool__air_jordan_1_retro_high_og__seafoam__c_3_44629.jpeg;https:\/\/images.novelship.com\/product\/_preschool__air_jordan_1_retro_high_og__seafoam__c_4_44629.jpeg;https:\/\/images.novelship.com\/product\/_preschool__air_jordan_1_retro_high_og__seafoam__c_5_44629.jpeg;https:\/\/images.novelship.com\/product\/_preschool__air_jordan_1_retro_high_og__seafoam__c_6_44629.jpeg;https:\/\/images.novelship.com\/product\/_preschool__air_jordan_1_retro_high_og__seafoam__c_7_44629.jpeg\" \/>\n<meta name=\"twitter:label1\" content=\"Dur\u00e9e de lecture estim\u00e9e\" \/>\n\t<meta name=\"twitter:data1\" content=\"1 minute\" \/>\n<script type=\"application\/ld+json\" class=\"yoast-schema-graph\">{\"@context\":\"https:\/\/schema.org\",\"@graph\":[{\"@type\":\"WebPage\",\"@id\":\"https:\/\/tourcruiser.com\/fr\/products\/preschool-air-jordan-1-retro-high-og-seafoam-cu0449-002\/\",\"url\":\"https:\/\/tourcruiser.com\/fr\/products\/preschool-air-jordan-1-retro-high-og-seafoam-cu0449-002\/\",\"name\":\"(Preschool) Air Jordan 1 Retro High OG 'Seafoam' CU0449-002 - TOURCRUISER PTE. LTD\",\"isPartOf\":{\"@id\":\"\/#website\"},\"primaryImageOfPage\":{\"@id\":\"https:\/\/tourcruiser.com\/fr\/products\/preschool-air-jordan-1-retro-high-og-seafoam-cu0449-002\/#primaryimage\"},\"image\":{\"@id\":\"https:\/\/tourcruiser.com\/fr\/products\/preschool-air-jordan-1-retro-high-og-seafoam-cu0449-002\/#primaryimage\"},\"thumbnailUrl\":\"https:\/\/images.novelship.com\/product\/_preschool__air_jordan_1_retro_high_og__seafoam__c_0_44629.jpeg;https:\/\/images.novelship.com\/product\/_preschool__air_jordan_1_retro_high_og__seafoam__c_1_44629.jpeg;https:\/\/images.novelship.com\/product\/_preschool__air_jordan_1_retro_high_og__seafoam__c_2_44629.jpeg;https:\/\/images.novelship.com\/product\/_preschool__air_jordan_1_retro_high_og__seafoam__c_3_44629.jpeg;https:\/\/images.novelship.com\/product\/_preschool__air_jordan_1_retro_high_og__seafoam__c_4_44629.jpeg;https:\/\/images.novelship.com\/product\/_preschool__air_jordan_1_retro_high_og__seafoam__c_5_44629.jpeg;https:\/\/images.novelship.com\/product\/_preschool__air_jordan_1_retro_high_og__seafoam__c_6_44629.jpeg;https:\/\/images.novelship.com\/product\/_preschool__air_jordan_1_retro_high_og__seafoam__c_7_44629.jpeg\",\"datePublished\":\"2026-04-16T10:17:34+00:00\",\"dateModified\":\"2026-04-17T16:09:55+00:00\",\"breadcrumb\":{\"@id\":\"https:\/\/tourcruiser.com\/fr\/products\/preschool-air-jordan-1-retro-high-og-seafoam-cu0449-002\/#breadcrumb\"},\"inLanguage\":\"fr-FR\",\"potentialAction\":[{\"@type\":\"ReadAction\",\"target\":[\"https:\/\/tourcruiser.com\/fr\/products\/preschool-air-jordan-1-retro-high-og-seafoam-cu0449-002\/\"]}]},{\"@type\":\"ImageObject\",\"inLanguage\":\"fr-FR\",\"@id\":\"https:\/\/tourcruiser.com\/fr\/products\/preschool-air-jordan-1-retro-high-og-seafoam-cu0449-002\/#primaryimage\",\"url\":\"https:\/\/images.novelship.com\/product\/_preschool__air_jordan_1_retro_high_og__seafoam__c_0_44629.jpeg;https:\/\/images.novelship.com\/product\/_preschool__air_jordan_1_retro_high_og__seafoam__c_1_44629.jpeg;https:\/\/images.novelship.com\/product\/_preschool__air_jordan_1_retro_high_og__seafoam__c_2_44629.jpeg;https:\/\/images.novelship.com\/product\/_preschool__air_jordan_1_retro_high_og__seafoam__c_3_44629.jpeg;https:\/\/images.novelship.com\/product\/_preschool__air_jordan_1_retro_high_og__seafoam__c_4_44629.jpeg;https:\/\/images.novelship.com\/product\/_preschool__air_jordan_1_retro_high_og__seafoam__c_5_44629.jpeg;https:\/\/images.novelship.com\/product\/_preschool__air_jordan_1_retro_high_og__seafoam__c_6_44629.jpeg;https:\/\/images.novelship.com\/product\/_preschool__air_jordan_1_retro_high_og__seafoam__c_7_44629.jpeg\",\"contentUrl\":\"https:\/\/images.novelship.com\/product\/_preschool__air_jordan_1_retro_high_og__seafoam__c_0_44629.jpeg;https:\/\/images.novelship.com\/product\/_preschool__air_jordan_1_retro_high_og__seafoam__c_1_44629.jpeg;https:\/\/images.novelship.com\/product\/_preschool__air_jordan_1_retro_high_og__seafoam__c_2_44629.jpeg;https:\/\/images.novelship.com\/product\/_preschool__air_jordan_1_retro_high_og__seafoam__c_3_44629.jpeg;https:\/\/images.novelship.com\/product\/_preschool__air_jordan_1_retro_high_og__seafoam__c_4_44629.jpeg;https:\/\/images.novelship.com\/product\/_preschool__air_jordan_1_retro_high_og__seafoam__c_5_44629.jpeg;https:\/\/images.novelship.com\/product\/_preschool__air_jordan_1_retro_high_og__seafoam__c_6_44629.jpeg;https:\/\/images.novelship.com\/product\/_preschool__air_jordan_1_retro_high_og__seafoam__c_7_44629.jpeg\"},{\"@type\":\"BreadcrumbList\",\"@id\":\"https:\/\/tourcruiser.com\/fr\/products\/preschool-air-jordan-1-retro-high-og-seafoam-cu0449-002\/#breadcrumb\",\"itemListElement\":[{\"@type\":\"ListItem\",\"position\":1,\"name\":\"Home\",\"item\":\"https:\/\/tourcruiser.com\/fr\/\"},{\"@type\":\"ListItem\",\"position\":2,\"name\":\"Shop\",\"item\":\"https:\/\/tourcruiser.com\/fr\/shop\/\"},{\"@type\":\"ListItem\",\"position\":3,\"name\":\"(Preschool) Air Jordan 1 Retro High OG &#8216;Seafoam&#8217; CU0449-002\"}]},{\"@type\":\"WebSite\",\"@id\":\"\/#website\",\"url\":\"\/\",\"name\":\"Styloral Jewelry Shop\",\"description\":\"Tourcruiser Sneaker Store \u2014 L\u2019endroit o\u00f9 l\u2019univers rencontre votre singularit\u00e9.\",\"publisher\":{\"@id\":\"\/#organization\"},\"potentialAction\":[{\"@type\":\"SearchAction\",\"target\":{\"@type\":\"EntryPoint\",\"urlTemplate\":\"\/?s={search_term_string}\"},\"query-input\":{\"@type\":\"PropertyValueSpecification\",\"valueRequired\":true,\"valueName\":\"search_term_string\"}}],\"inLanguage\":\"fr-FR\"},{\"@type\":\"Organization\",\"@id\":\"\/#organization\",\"name\":\"STYLORAL PTE. LTD\",\"url\":\"\/\",\"logo\":{\"@type\":\"ImageObject\",\"inLanguage\":\"fr-FR\",\"@id\":\"\/#\/schema\/logo\/image\/\",\"url\":\"https:\/\/www.tourcruiser.com\/wp-content\/uploads\/2025\/12\/logo.png\",\"contentUrl\":\"https:\/\/www.tourcruiser.com\/wp-content\/uploads\/2025\/12\/logo.png\",\"width\":200,\"height\":65,\"caption\":\"STYLORAL PTE. LTD\"},\"image\":{\"@id\":\"\/#\/schema\/logo\/image\/\"}}]}<\/script>\n<!-- \/ Yoast SEO plugin. -->","yoast_head_json":{"title":"(Preschool) Air Jordan 1 Retro High OG 'Seafoam' CU0449-002 - TOURCRUISER PTE. LTD","robots":{"index":"index","follow":"follow","max-snippet":"max-snippet:-1","max-image-preview":"max-image-preview:large","max-video-preview":"max-video-preview:-1"},"canonical":"https:\/\/tourcruiser.com\/fr\/products\/preschool-air-jordan-1-retro-high-og-seafoam-cu0449-002\/","og_locale":"fr_FR","og_type":"article","og_title":"(Preschool) Air Jordan 1 Retro High OG 'Seafoam' CU0449-002 - TOURCRUISER PTE. LTD","og_description":"Les sneakers Air Jordan 1 Retro High OG Seafoam (PS) de Jordan sont une pi\u00e8ce l\u00e9gendaire et exclusive, un incontournable de toute collection. Ces sneakers haut de gamme impressionnent par leur coloris Seafoam unique et leur design Air Jordan 1 classique. Gr\u00e2ce \u00e0 l&rsquo;utilisation de mat\u00e9riaux de premi\u00e8re qualit\u00e9, elles sont \u00e0 la fois \u00e9l\u00e9gantes [&hellip;]","og_url":"https:\/\/tourcruiser.com\/fr\/products\/preschool-air-jordan-1-retro-high-og-seafoam-cu0449-002\/","og_site_name":"Tourcruiser Sneaker Store","article_modified_time":"2026-04-17T16:09:55+00:00","twitter_card":"summary_large_image","twitter_image":"https:\/\/images.novelship.com\/product\/_preschool__air_jordan_1_retro_high_og__seafoam__c_0_44629.jpeg;https:\/\/images.novelship.com\/product\/_preschool__air_jordan_1_retro_high_og__seafoam__c_1_44629.jpeg;https:\/\/images.novelship.com\/product\/_preschool__air_jordan_1_retro_high_og__seafoam__c_2_44629.jpeg;https:\/\/images.novelship.com\/product\/_preschool__air_jordan_1_retro_high_og__seafoam__c_3_44629.jpeg;https:\/\/images.novelship.com\/product\/_preschool__air_jordan_1_retro_high_og__seafoam__c_4_44629.jpeg;https:\/\/images.novelship.com\/product\/_preschool__air_jordan_1_retro_high_og__seafoam__c_5_44629.jpeg;https:\/\/images.novelship.com\/product\/_preschool__air_jordan_1_retro_high_og__seafoam__c_6_44629.jpeg;https:\/\/images.novelship.com\/product\/_preschool__air_jordan_1_retro_high_og__seafoam__c_7_44629.jpeg","twitter_misc":{"Dur\u00e9e de lecture estim\u00e9e":"1 minute"},"schema":{"@context":"https:\/\/schema.org","@graph":[{"@type":"WebPage","@id":"https:\/\/tourcruiser.com\/fr\/products\/preschool-air-jordan-1-retro-high-og-seafoam-cu0449-002\/","url":"https:\/\/tourcruiser.com\/fr\/products\/preschool-air-jordan-1-retro-high-og-seafoam-cu0449-002\/","name":"(Preschool) Air Jordan 1 Retro High OG 'Seafoam' CU0449-002 - TOURCRUISER PTE. LTD","isPartOf":{"@id":"\/#website"},"primaryImageOfPage":{"@id":"https:\/\/tourcruiser.com\/fr\/products\/preschool-air-jordan-1-retro-high-og-seafoam-cu0449-002\/#primaryimage"},"image":{"@id":"https:\/\/tourcruiser.com\/fr\/products\/preschool-air-jordan-1-retro-high-og-seafoam-cu0449-002\/#primaryimage"},"thumbnailUrl":"https:\/\/images.novelship.com\/product\/_preschool__air_jordan_1_retro_high_og__seafoam__c_0_44629.jpeg;https:\/\/images.novelship.com\/product\/_preschool__air_jordan_1_retro_high_og__seafoam__c_1_44629.jpeg;https:\/\/images.novelship.com\/product\/_preschool__air_jordan_1_retro_high_og__seafoam__c_2_44629.jpeg;https:\/\/images.novelship.com\/product\/_preschool__air_jordan_1_retro_high_og__seafoam__c_3_44629.jpeg;https:\/\/images.novelship.com\/product\/_preschool__air_jordan_1_retro_high_og__seafoam__c_4_44629.jpeg;https:\/\/images.novelship.com\/product\/_preschool__air_jordan_1_retro_high_og__seafoam__c_5_44629.jpeg;https:\/\/images.novelship.com\/product\/_preschool__air_jordan_1_retro_high_og__seafoam__c_6_44629.jpeg;https:\/\/images.novelship.com\/product\/_preschool__air_jordan_1_retro_high_og__seafoam__c_7_44629.jpeg","datePublished":"2026-04-16T10:17:34+00:00","dateModified":"2026-04-17T16:09:55+00:00","breadcrumb":{"@id":"https:\/\/tourcruiser.com\/fr\/products\/preschool-air-jordan-1-retro-high-og-seafoam-cu0449-002\/#breadcrumb"},"inLanguage":"fr-FR","potentialAction":[{"@type":"ReadAction","target":["https:\/\/tourcruiser.com\/fr\/products\/preschool-air-jordan-1-retro-high-og-seafoam-cu0449-002\/"]}]},{"@type":"ImageObject","inLanguage":"fr-FR","@id":"https:\/\/tourcruiser.com\/fr\/products\/preschool-air-jordan-1-retro-high-og-seafoam-cu0449-002\/#primaryimage","url":"https:\/\/images.novelship.com\/product\/_preschool__air_jordan_1_retro_high_og__seafoam__c_0_44629.jpeg;https:\/\/images.novelship.com\/product\/_preschool__air_jordan_1_retro_high_og__seafoam__c_1_44629.jpeg;https:\/\/images.novelship.com\/product\/_preschool__air_jordan_1_retro_high_og__seafoam__c_2_44629.jpeg;https:\/\/images.novelship.com\/product\/_preschool__air_jordan_1_retro_high_og__seafoam__c_3_44629.jpeg;https:\/\/images.novelship.com\/product\/_preschool__air_jordan_1_retro_high_og__seafoam__c_4_44629.jpeg;https:\/\/images.novelship.com\/product\/_preschool__air_jordan_1_retro_high_og__seafoam__c_5_44629.jpeg;https:\/\/images.novelship.com\/product\/_preschool__air_jordan_1_retro_high_og__seafoam__c_6_44629.jpeg;https:\/\/images.novelship.com\/product\/_preschool__air_jordan_1_retro_high_og__seafoam__c_7_44629.jpeg","contentUrl":"https:\/\/images.novelship.com\/product\/_preschool__air_jordan_1_retro_high_og__seafoam__c_0_44629.jpeg;https:\/\/images.novelship.com\/product\/_preschool__air_jordan_1_retro_high_og__seafoam__c_1_44629.jpeg;https:\/\/images.novelship.com\/product\/_preschool__air_jordan_1_retro_high_og__seafoam__c_2_44629.jpeg;https:\/\/images.novelship.com\/product\/_preschool__air_jordan_1_retro_high_og__seafoam__c_3_44629.jpeg;https:\/\/images.novelship.com\/product\/_preschool__air_jordan_1_retro_high_og__seafoam__c_4_44629.jpeg;https:\/\/images.novelship.com\/product\/_preschool__air_jordan_1_retro_high_og__seafoam__c_5_44629.jpeg;https:\/\/images.novelship.com\/product\/_preschool__air_jordan_1_retro_high_og__seafoam__c_6_44629.jpeg;https:\/\/images.novelship.com\/product\/_preschool__air_jordan_1_retro_high_og__seafoam__c_7_44629.jpeg"},{"@type":"BreadcrumbList","@id":"https:\/\/tourcruiser.com\/fr\/products\/preschool-air-jordan-1-retro-high-og-seafoam-cu0449-002\/#breadcrumb","itemListElement":[{"@type":"ListItem","position":1,"name":"Home","item":"https:\/\/tourcruiser.com\/fr\/"},{"@type":"ListItem","position":2,"name":"Shop","item":"https:\/\/tourcruiser.com\/fr\/shop\/"},{"@type":"ListItem","position":3,"name":"(Preschool) Air Jordan 1 Retro High OG &#8216;Seafoam&#8217; CU0449-002"}]},{"@type":"WebSite","@id":"\/#website","url":"\/","name":"Styloral Jewelry Shop","description":"Tourcruiser Sneaker Store \u2014 L\u2019endroit o\u00f9 l\u2019univers rencontre votre singularit\u00e9.","publisher":{"@id":"\/#organization"},"potentialAction":[{"@type":"SearchAction","target":{"@type":"EntryPoint","urlTemplate":"\/?s={search_term_string}"},"query-input":{"@type":"PropertyValueSpecification","valueRequired":true,"valueName":"search_term_string"}}],"inLanguage":"fr-FR"},{"@type":"Organization","@id":"\/#organization","name":"STYLORAL PTE. LTD","url":"\/","logo":{"@type":"ImageObject","inLanguage":"fr-FR","@id":"\/#\/schema\/logo\/image\/","url":"https:\/\/www.tourcruiser.com\/wp-content\/uploads\/2025\/12\/logo.png","contentUrl":"https:\/\/www.tourcruiser.com\/wp-content\/uploads\/2025\/12\/logo.png","width":200,"height":65,"caption":"STYLORAL PTE. LTD"},"image":{"@id":"\/#\/schema\/logo\/image\/"}}]}},"_links":{"self":[{"href":"https:\/\/tourcruiser.com\/fr\/wp-json\/wp\/v2\/product\/775945","targetHints":{"allow":["GET"]}}],"collection":[{"href":"https:\/\/tourcruiser.com\/fr\/wp-json\/wp\/v2\/product"}],"about":[{"href":"https:\/\/tourcruiser.com\/fr\/wp-json\/wp\/v2\/types\/product"}],"replies":[{"embeddable":true,"href":"https:\/\/tourcruiser.com\/fr\/wp-json\/wp\/v2\/comments?post=775945"}],"wp:featuredmedia":[{"embeddable":true,"href":"https:\/\/tourcruiser.com\/fr\/wp-json\/wp\/v2\/media\/775946"}],"wp:attachment":[{"href":"https:\/\/tourcruiser.com\/fr\/wp-json\/wp\/v2\/media?parent=775945"}],"wp:term":[{"taxonomy":"product_brand","embeddable":true,"href":"https:\/\/tourcruiser.com\/fr\/wp-json\/wp\/v2\/product_brand?post=775945"},{"taxonomy":"product_cat","embeddable":true,"href":"https:\/\/tourcruiser.com\/fr\/wp-json\/wp\/v2\/product_cat?post=775945"},{"taxonomy":"product_tag","embeddable":true,"href":"https:\/\/tourcruiser.com\/fr\/wp-json\/wp\/v2\/product_tag?post=775945"}],"curies":[{"name":"wp","href":"https:\/\/api.w.org\/{rel}","templated":true}]}}