{"id":775890,"date":"2026-04-16T17:17:33","date_gmt":"2026-04-16T10:17:33","guid":{"rendered":"http:\/\/tourcruiser.com\/product\/preschool-air-jordan-11-retro-jubilee-25th-anniversary-378039-011"},"modified":"2026-04-17T23:09:52","modified_gmt":"2026-04-17T16:09:52","slug":"preschool-air-jordan-11-retro-jubilee-25th-anniversary-378039-011","status":"publish","type":"product","link":"https:\/\/tourcruiser.com\/fr\/products\/preschool-air-jordan-11-retro-jubilee-25th-anniversary-378039-011\/","title":{"rendered":"(Preschool) Air Jordan 11 Retro &lsquo;Jubilee \/ 25th Anniversary&rsquo; 378039-011"},"content":{"rendered":"<p>La Air Jordan 11 Retro Jubilee \/ 25e anniversaire (PS) de Jordan est une basket styl\u00e9e et iconique, id\u00e9ale pour les enfants d&rsquo;\u00e2ge pr\u00e9scolaire. Avec son coloris noir \u00e9l\u00e9gant et son nom unique \u00ab\u00a0Jubilee \/ 25e anniversaire\u00a0\u00bb, cette basket est un incontournable pour les jeunes passionn\u00e9s de sneakers. C\u00e9l\u00e9brez cet \u00e9v\u00e9nement sp\u00e9cial avec ces sneakers r\u00e9tro.<\/p>\n<p>Coloris\u00a0: Noir\/Multicolore-Blanc-Multicolore<\/p>\n<p>R\u00e9f\u00e9rence\u00a0: 378039-011<\/p>\n<p>Tige\u00a0: Cuir verni<\/p>\n<p>Semelle interm\u00e9diaire\u00a0: Air<\/p>\n<p>Couleur\u00a0: Noir<\/p>\n<p>Cr\u00e9ateur\u00a0: Tinker Hatfield<\/p>\n<p>Saison\u00a0: Hiver<\/p>\n<p>Ann\u00e9e de sortie\u00a0: 2020<\/p>\n<p>\u00c2ge\u00a0: Adulte<\/p>\n<p>Couleur\u00a0: Beige dor\u00e9\/Noir\/Beige dor\u00e9<\/p>\n<p>Genre\u00a0: PS<\/p>\n","protected":false},"excerpt":{"rendered":"<p>La Air Jordan 11 Retro Jubilee \/ 25e anniversaire (PS) de Jordan est une basket styl\u00e9e et iconique, id\u00e9ale pour les enfants d&rsquo;\u00e2ge pr\u00e9scolaire. Avec son coloris noir \u00e9l\u00e9gant et son nom unique \u00ab\u00a0Jubilee \/ 25e anniversaire\u00a0\u00bb, cette basket est un incontournable pour les jeunes passionn\u00e9s de sneakers. C\u00e9l\u00e9brez cet \u00e9v\u00e9nement sp\u00e9cial avec ces sneakers [&hellip;]<\/p>\n","protected":false},"featured_media":775891,"comment_status":"open","ping_status":"closed","template":"","meta":[],"product_brand":[],"product_cat":[38880],"product_tag":[10800,38876,38878,39683,10776,11349,38875,11129,38877],"class_list":{"0":"post-775890","1":"product","2":"type-product","3":"status-publish","4":"has-post-thumbnail","6":"product_cat-jordan","7":"product_tag-basketball-shoes","8":"product_tag-basketball-shoes-for-kids","9":"product_tag-current-offers","10":"product_tag-current-offers-under-a-150","11":"product_tag-jordan","12":"product_tag-jordan-basketball-shoes","13":"product_tag-jordan-skateboard-shoes","14":"product_tag-lightweight-basketball-shoes","15":"product_tag-sports-shoes-for-kids","17":"first","18":"instock","19":"taxable","20":"shipping-taxable","21":"purchasable","22":"product-type-simple"},"wcpa_form_fields":null,"yoast_head":"<!-- This site is optimized with the Yoast SEO plugin v26.5 - https:\/\/yoast.com\/wordpress\/plugins\/seo\/ -->\n<title>(Preschool) Air Jordan 11 Retro &#039;Jubilee \/ 25th Anniversary&#039; 378039-011 - TOURCRUISER PTE. LTD<\/title>\n<meta name=\"robots\" content=\"index, follow, max-snippet:-1, max-image-preview:large, max-video-preview:-1\" \/>\n<link rel=\"canonical\" href=\"https:\/\/tourcruiser.com\/fr\/products\/preschool-air-jordan-11-retro-jubilee-25th-anniversary-378039-011\/\" \/>\n<meta property=\"og:locale\" content=\"fr_FR\" \/>\n<meta property=\"og:type\" content=\"article\" \/>\n<meta property=\"og:title\" content=\"(Preschool) Air Jordan 11 Retro &#039;Jubilee \/ 25th Anniversary&#039; 378039-011 - TOURCRUISER PTE. LTD\" \/>\n<meta property=\"og:description\" content=\"La Air Jordan 11 Retro Jubilee \/ 25e anniversaire (PS) de Jordan est une basket styl\u00e9e et iconique, id\u00e9ale pour les enfants d&rsquo;\u00e2ge pr\u00e9scolaire. Avec son coloris noir \u00e9l\u00e9gant et son nom unique \u00ab\u00a0Jubilee \/ 25e anniversaire\u00a0\u00bb, cette basket est un incontournable pour les jeunes passionn\u00e9s de sneakers. C\u00e9l\u00e9brez cet \u00e9v\u00e9nement sp\u00e9cial avec ces sneakers [&hellip;]\" \/>\n<meta property=\"og:url\" content=\"https:\/\/tourcruiser.com\/fr\/products\/preschool-air-jordan-11-retro-jubilee-25th-anniversary-378039-011\/\" \/>\n<meta property=\"og:site_name\" content=\"Tourcruiser Sneaker Store\" \/>\n<meta property=\"article:modified_time\" content=\"2026-04-17T16:09:52+00:00\" \/>\n<meta name=\"twitter:card\" content=\"summary_large_image\" \/>\n<meta name=\"twitter:image\" content=\"https:\/\/images.novelship.com\/product\/_preschool__air_jordan_11_retro__jubilee___25th_an_0_71026.jpeg;https:\/\/images.novelship.com\/product\/_preschool__air_jordan_11_retro__jubilee___25th_an_1_71026.jpeg;https:\/\/images.novelship.com\/product\/_preschool__air_jordan_11_retro__jubilee___25th_an_2_71026.jpeg;https:\/\/images.novelship.com\/product\/_preschool__air_jordan_11_retro__jubilee___25th_an_3_71026.jpeg;https:\/\/images.novelship.com\/product\/_preschool__air_jordan_11_retro__jubilee___25th_an_4_71026.jpeg\" \/>\n<meta name=\"twitter:label1\" content=\"Dur\u00e9e de lecture estim\u00e9e\" \/>\n\t<meta name=\"twitter:data1\" content=\"1 minute\" \/>\n<script type=\"application\/ld+json\" class=\"yoast-schema-graph\">{\"@context\":\"https:\/\/schema.org\",\"@graph\":[{\"@type\":\"WebPage\",\"@id\":\"https:\/\/tourcruiser.com\/fr\/products\/preschool-air-jordan-11-retro-jubilee-25th-anniversary-378039-011\/\",\"url\":\"https:\/\/tourcruiser.com\/fr\/products\/preschool-air-jordan-11-retro-jubilee-25th-anniversary-378039-011\/\",\"name\":\"(Preschool) Air Jordan 11 Retro 'Jubilee \/ 25th Anniversary' 378039-011 - TOURCRUISER PTE. LTD\",\"isPartOf\":{\"@id\":\"\/#website\"},\"primaryImageOfPage\":{\"@id\":\"https:\/\/tourcruiser.com\/fr\/products\/preschool-air-jordan-11-retro-jubilee-25th-anniversary-378039-011\/#primaryimage\"},\"image\":{\"@id\":\"https:\/\/tourcruiser.com\/fr\/products\/preschool-air-jordan-11-retro-jubilee-25th-anniversary-378039-011\/#primaryimage\"},\"thumbnailUrl\":\"https:\/\/images.novelship.com\/product\/_preschool__air_jordan_11_retro__jubilee___25th_an_0_71026.jpeg;https:\/\/images.novelship.com\/product\/_preschool__air_jordan_11_retro__jubilee___25th_an_1_71026.jpeg;https:\/\/images.novelship.com\/product\/_preschool__air_jordan_11_retro__jubilee___25th_an_2_71026.jpeg;https:\/\/images.novelship.com\/product\/_preschool__air_jordan_11_retro__jubilee___25th_an_3_71026.jpeg;https:\/\/images.novelship.com\/product\/_preschool__air_jordan_11_retro__jubilee___25th_an_4_71026.jpeg\",\"datePublished\":\"2026-04-16T10:17:33+00:00\",\"dateModified\":\"2026-04-17T16:09:52+00:00\",\"breadcrumb\":{\"@id\":\"https:\/\/tourcruiser.com\/fr\/products\/preschool-air-jordan-11-retro-jubilee-25th-anniversary-378039-011\/#breadcrumb\"},\"inLanguage\":\"fr-FR\",\"potentialAction\":[{\"@type\":\"ReadAction\",\"target\":[\"https:\/\/tourcruiser.com\/fr\/products\/preschool-air-jordan-11-retro-jubilee-25th-anniversary-378039-011\/\"]}]},{\"@type\":\"ImageObject\",\"inLanguage\":\"fr-FR\",\"@id\":\"https:\/\/tourcruiser.com\/fr\/products\/preschool-air-jordan-11-retro-jubilee-25th-anniversary-378039-011\/#primaryimage\",\"url\":\"https:\/\/images.novelship.com\/product\/_preschool__air_jordan_11_retro__jubilee___25th_an_0_71026.jpeg;https:\/\/images.novelship.com\/product\/_preschool__air_jordan_11_retro__jubilee___25th_an_1_71026.jpeg;https:\/\/images.novelship.com\/product\/_preschool__air_jordan_11_retro__jubilee___25th_an_2_71026.jpeg;https:\/\/images.novelship.com\/product\/_preschool__air_jordan_11_retro__jubilee___25th_an_3_71026.jpeg;https:\/\/images.novelship.com\/product\/_preschool__air_jordan_11_retro__jubilee___25th_an_4_71026.jpeg\",\"contentUrl\":\"https:\/\/images.novelship.com\/product\/_preschool__air_jordan_11_retro__jubilee___25th_an_0_71026.jpeg;https:\/\/images.novelship.com\/product\/_preschool__air_jordan_11_retro__jubilee___25th_an_1_71026.jpeg;https:\/\/images.novelship.com\/product\/_preschool__air_jordan_11_retro__jubilee___25th_an_2_71026.jpeg;https:\/\/images.novelship.com\/product\/_preschool__air_jordan_11_retro__jubilee___25th_an_3_71026.jpeg;https:\/\/images.novelship.com\/product\/_preschool__air_jordan_11_retro__jubilee___25th_an_4_71026.jpeg\"},{\"@type\":\"BreadcrumbList\",\"@id\":\"https:\/\/tourcruiser.com\/fr\/products\/preschool-air-jordan-11-retro-jubilee-25th-anniversary-378039-011\/#breadcrumb\",\"itemListElement\":[{\"@type\":\"ListItem\",\"position\":1,\"name\":\"Home\",\"item\":\"https:\/\/tourcruiser.com\/fr\/\"},{\"@type\":\"ListItem\",\"position\":2,\"name\":\"Shop\",\"item\":\"https:\/\/tourcruiser.com\/fr\/shop\/\"},{\"@type\":\"ListItem\",\"position\":3,\"name\":\"(Preschool) Air Jordan 11 Retro &#8216;Jubilee \/ 25th Anniversary&#8217; 378039-011\"}]},{\"@type\":\"WebSite\",\"@id\":\"\/#website\",\"url\":\"\/\",\"name\":\"Styloral Jewelry Shop\",\"description\":\"Tourcruiser Sneaker Store \u2014 L\u2019endroit o\u00f9 l\u2019univers rencontre votre singularit\u00e9.\",\"publisher\":{\"@id\":\"\/#organization\"},\"potentialAction\":[{\"@type\":\"SearchAction\",\"target\":{\"@type\":\"EntryPoint\",\"urlTemplate\":\"\/?s={search_term_string}\"},\"query-input\":{\"@type\":\"PropertyValueSpecification\",\"valueRequired\":true,\"valueName\":\"search_term_string\"}}],\"inLanguage\":\"fr-FR\"},{\"@type\":\"Organization\",\"@id\":\"\/#organization\",\"name\":\"STYLORAL PTE. LTD\",\"url\":\"\/\",\"logo\":{\"@type\":\"ImageObject\",\"inLanguage\":\"fr-FR\",\"@id\":\"\/#\/schema\/logo\/image\/\",\"url\":\"https:\/\/www.tourcruiser.com\/wp-content\/uploads\/2025\/12\/logo.png\",\"contentUrl\":\"https:\/\/www.tourcruiser.com\/wp-content\/uploads\/2025\/12\/logo.png\",\"width\":200,\"height\":65,\"caption\":\"STYLORAL PTE. LTD\"},\"image\":{\"@id\":\"\/#\/schema\/logo\/image\/\"}}]}<\/script>\n<!-- \/ Yoast SEO plugin. -->","yoast_head_json":{"title":"(Preschool) Air Jordan 11 Retro 'Jubilee \/ 25th Anniversary' 378039-011 - TOURCRUISER PTE. LTD","robots":{"index":"index","follow":"follow","max-snippet":"max-snippet:-1","max-image-preview":"max-image-preview:large","max-video-preview":"max-video-preview:-1"},"canonical":"https:\/\/tourcruiser.com\/fr\/products\/preschool-air-jordan-11-retro-jubilee-25th-anniversary-378039-011\/","og_locale":"fr_FR","og_type":"article","og_title":"(Preschool) Air Jordan 11 Retro 'Jubilee \/ 25th Anniversary' 378039-011 - TOURCRUISER PTE. LTD","og_description":"La Air Jordan 11 Retro Jubilee \/ 25e anniversaire (PS) de Jordan est une basket styl\u00e9e et iconique, id\u00e9ale pour les enfants d&rsquo;\u00e2ge pr\u00e9scolaire. Avec son coloris noir \u00e9l\u00e9gant et son nom unique \u00ab\u00a0Jubilee \/ 25e anniversaire\u00a0\u00bb, cette basket est un incontournable pour les jeunes passionn\u00e9s de sneakers. C\u00e9l\u00e9brez cet \u00e9v\u00e9nement sp\u00e9cial avec ces sneakers [&hellip;]","og_url":"https:\/\/tourcruiser.com\/fr\/products\/preschool-air-jordan-11-retro-jubilee-25th-anniversary-378039-011\/","og_site_name":"Tourcruiser Sneaker Store","article_modified_time":"2026-04-17T16:09:52+00:00","twitter_card":"summary_large_image","twitter_image":"https:\/\/images.novelship.com\/product\/_preschool__air_jordan_11_retro__jubilee___25th_an_0_71026.jpeg;https:\/\/images.novelship.com\/product\/_preschool__air_jordan_11_retro__jubilee___25th_an_1_71026.jpeg;https:\/\/images.novelship.com\/product\/_preschool__air_jordan_11_retro__jubilee___25th_an_2_71026.jpeg;https:\/\/images.novelship.com\/product\/_preschool__air_jordan_11_retro__jubilee___25th_an_3_71026.jpeg;https:\/\/images.novelship.com\/product\/_preschool__air_jordan_11_retro__jubilee___25th_an_4_71026.jpeg","twitter_misc":{"Dur\u00e9e de lecture estim\u00e9e":"1 minute"},"schema":{"@context":"https:\/\/schema.org","@graph":[{"@type":"WebPage","@id":"https:\/\/tourcruiser.com\/fr\/products\/preschool-air-jordan-11-retro-jubilee-25th-anniversary-378039-011\/","url":"https:\/\/tourcruiser.com\/fr\/products\/preschool-air-jordan-11-retro-jubilee-25th-anniversary-378039-011\/","name":"(Preschool) Air Jordan 11 Retro 'Jubilee \/ 25th Anniversary' 378039-011 - TOURCRUISER PTE. LTD","isPartOf":{"@id":"\/#website"},"primaryImageOfPage":{"@id":"https:\/\/tourcruiser.com\/fr\/products\/preschool-air-jordan-11-retro-jubilee-25th-anniversary-378039-011\/#primaryimage"},"image":{"@id":"https:\/\/tourcruiser.com\/fr\/products\/preschool-air-jordan-11-retro-jubilee-25th-anniversary-378039-011\/#primaryimage"},"thumbnailUrl":"https:\/\/images.novelship.com\/product\/_preschool__air_jordan_11_retro__jubilee___25th_an_0_71026.jpeg;https:\/\/images.novelship.com\/product\/_preschool__air_jordan_11_retro__jubilee___25th_an_1_71026.jpeg;https:\/\/images.novelship.com\/product\/_preschool__air_jordan_11_retro__jubilee___25th_an_2_71026.jpeg;https:\/\/images.novelship.com\/product\/_preschool__air_jordan_11_retro__jubilee___25th_an_3_71026.jpeg;https:\/\/images.novelship.com\/product\/_preschool__air_jordan_11_retro__jubilee___25th_an_4_71026.jpeg","datePublished":"2026-04-16T10:17:33+00:00","dateModified":"2026-04-17T16:09:52+00:00","breadcrumb":{"@id":"https:\/\/tourcruiser.com\/fr\/products\/preschool-air-jordan-11-retro-jubilee-25th-anniversary-378039-011\/#breadcrumb"},"inLanguage":"fr-FR","potentialAction":[{"@type":"ReadAction","target":["https:\/\/tourcruiser.com\/fr\/products\/preschool-air-jordan-11-retro-jubilee-25th-anniversary-378039-011\/"]}]},{"@type":"ImageObject","inLanguage":"fr-FR","@id":"https:\/\/tourcruiser.com\/fr\/products\/preschool-air-jordan-11-retro-jubilee-25th-anniversary-378039-011\/#primaryimage","url":"https:\/\/images.novelship.com\/product\/_preschool__air_jordan_11_retro__jubilee___25th_an_0_71026.jpeg;https:\/\/images.novelship.com\/product\/_preschool__air_jordan_11_retro__jubilee___25th_an_1_71026.jpeg;https:\/\/images.novelship.com\/product\/_preschool__air_jordan_11_retro__jubilee___25th_an_2_71026.jpeg;https:\/\/images.novelship.com\/product\/_preschool__air_jordan_11_retro__jubilee___25th_an_3_71026.jpeg;https:\/\/images.novelship.com\/product\/_preschool__air_jordan_11_retro__jubilee___25th_an_4_71026.jpeg","contentUrl":"https:\/\/images.novelship.com\/product\/_preschool__air_jordan_11_retro__jubilee___25th_an_0_71026.jpeg;https:\/\/images.novelship.com\/product\/_preschool__air_jordan_11_retro__jubilee___25th_an_1_71026.jpeg;https:\/\/images.novelship.com\/product\/_preschool__air_jordan_11_retro__jubilee___25th_an_2_71026.jpeg;https:\/\/images.novelship.com\/product\/_preschool__air_jordan_11_retro__jubilee___25th_an_3_71026.jpeg;https:\/\/images.novelship.com\/product\/_preschool__air_jordan_11_retro__jubilee___25th_an_4_71026.jpeg"},{"@type":"BreadcrumbList","@id":"https:\/\/tourcruiser.com\/fr\/products\/preschool-air-jordan-11-retro-jubilee-25th-anniversary-378039-011\/#breadcrumb","itemListElement":[{"@type":"ListItem","position":1,"name":"Home","item":"https:\/\/tourcruiser.com\/fr\/"},{"@type":"ListItem","position":2,"name":"Shop","item":"https:\/\/tourcruiser.com\/fr\/shop\/"},{"@type":"ListItem","position":3,"name":"(Preschool) Air Jordan 11 Retro &#8216;Jubilee \/ 25th Anniversary&#8217; 378039-011"}]},{"@type":"WebSite","@id":"\/#website","url":"\/","name":"Styloral Jewelry Shop","description":"Tourcruiser Sneaker Store \u2014 L\u2019endroit o\u00f9 l\u2019univers rencontre votre singularit\u00e9.","publisher":{"@id":"\/#organization"},"potentialAction":[{"@type":"SearchAction","target":{"@type":"EntryPoint","urlTemplate":"\/?s={search_term_string}"},"query-input":{"@type":"PropertyValueSpecification","valueRequired":true,"valueName":"search_term_string"}}],"inLanguage":"fr-FR"},{"@type":"Organization","@id":"\/#organization","name":"STYLORAL PTE. LTD","url":"\/","logo":{"@type":"ImageObject","inLanguage":"fr-FR","@id":"\/#\/schema\/logo\/image\/","url":"https:\/\/www.tourcruiser.com\/wp-content\/uploads\/2025\/12\/logo.png","contentUrl":"https:\/\/www.tourcruiser.com\/wp-content\/uploads\/2025\/12\/logo.png","width":200,"height":65,"caption":"STYLORAL PTE. LTD"},"image":{"@id":"\/#\/schema\/logo\/image\/"}}]}},"_links":{"self":[{"href":"https:\/\/tourcruiser.com\/fr\/wp-json\/wp\/v2\/product\/775890","targetHints":{"allow":["GET"]}}],"collection":[{"href":"https:\/\/tourcruiser.com\/fr\/wp-json\/wp\/v2\/product"}],"about":[{"href":"https:\/\/tourcruiser.com\/fr\/wp-json\/wp\/v2\/types\/product"}],"replies":[{"embeddable":true,"href":"https:\/\/tourcruiser.com\/fr\/wp-json\/wp\/v2\/comments?post=775890"}],"wp:featuredmedia":[{"embeddable":true,"href":"https:\/\/tourcruiser.com\/fr\/wp-json\/wp\/v2\/media\/775891"}],"wp:attachment":[{"href":"https:\/\/tourcruiser.com\/fr\/wp-json\/wp\/v2\/media?parent=775890"}],"wp:term":[{"taxonomy":"product_brand","embeddable":true,"href":"https:\/\/tourcruiser.com\/fr\/wp-json\/wp\/v2\/product_brand?post=775890"},{"taxonomy":"product_cat","embeddable":true,"href":"https:\/\/tourcruiser.com\/fr\/wp-json\/wp\/v2\/product_cat?post=775890"},{"taxonomy":"product_tag","embeddable":true,"href":"https:\/\/tourcruiser.com\/fr\/wp-json\/wp\/v2\/product_tag?post=775890"}],"curies":[{"name":"wp","href":"https:\/\/api.w.org\/{rel}","templated":true}]}}