{"id":775398,"date":"2026-04-16T17:17:16","date_gmt":"2026-04-16T10:17:16","guid":{"rendered":"http:\/\/tourcruiser.com\/product\/grade-school-air-jordan-1-retro-high-og-pollen-575441-701"},"modified":"2026-04-17T23:09:19","modified_gmt":"2026-04-17T16:09:19","slug":"grade-school-air-jordan-1-retro-high-og-pollen-575441-701","status":"publish","type":"product","link":"https:\/\/tourcruiser.com\/fr\/products\/grade-school-air-jordan-1-retro-high-og-pollen-575441-701\/","title":{"rendered":"(Grade School) Air Jordan 1 Retro High OG &lsquo;Pollen&rsquo; 575441-701"},"content":{"rendered":"<p>La Air Jordan 1 Retro High OG \u00ab Pollen \u00bb revisite la silhouette iconique avec un look frais et dynamique. Son empeigne classique en cuir jaune et noir \u00e9clatant affirme un style audacieux. Gr\u00e2ce aux d\u00e9tails Air Jordan embl\u00e9matiques et \u00e0 un amorti confortable, elle offre style et performance aux enfants actifs du primaire. Enfilez ces Jordan qui ne passent pas inaper\u00e7ues et r\u00e9v\u00e9lez votre meilleur profil !<\/p>\n<p>Coloris : Pollen\/Noir\/Blanc<\/p>\n<p>R\u00e9f\u00e9rence : 575441-701<\/p>\n<p>Empeigne : Cuir<\/p>\n<p>Semelle interm\u00e9diaire : Air<\/p>\n<p>Couleur : Jaune<\/p>\n<p>Designer : Peter Moore<\/p>\n<p>Saison : \u00c9t\u00e9<\/p>\n<p>Ann\u00e9e de sortie : 2021<\/p>\n<p>\u00c2ge : Adulte<\/p>\n<p>Couleur : Gris Orbit\/Blanc Nuage\/Rouge vif<\/p>\n<p>Genre : Enfant<\/p>\n","protected":false},"excerpt":{"rendered":"<p>La Air Jordan 1 Retro High OG \u00ab Pollen \u00bb revisite la silhouette iconique avec un look frais et dynamique. Son empeigne classique en cuir jaune et noir \u00e9clatant affirme un style audacieux. Gr\u00e2ce aux d\u00e9tails Air Jordan embl\u00e9matiques et \u00e0 un amorti confortable, elle offre style et performance aux enfants actifs du primaire. Enfilez [&hellip;]<\/p>\n","protected":false},"featured_media":775399,"comment_status":"open","ping_status":"closed","template":"","meta":[],"product_brand":[],"product_cat":[38880],"product_tag":[10750,38861,38988,10776,11349,38875,10756,39039],"class_list":{"0":"post-775398","1":"product","2":"type-product","3":"status-publish","4":"has-post-thumbnail","6":"product_cat-jordan","7":"product_tag-athleisure-shoes","8":"product_tag-below-retail-price","9":"product_tag-casual-shoes-for-kids","10":"product_tag-jordan","11":"product_tag-jordan-basketball-shoes","12":"product_tag-jordan-skateboard-shoes","13":"product_tag-retro-casual-shoes","14":"product_tag-sneakers-for-kids","16":"first","17":"instock","18":"taxable","19":"shipping-taxable","20":"purchasable","21":"product-type-simple"},"wcpa_form_fields":null,"yoast_head":"<!-- This site is optimized with the Yoast SEO plugin v26.5 - https:\/\/yoast.com\/wordpress\/plugins\/seo\/ -->\n<title>(Grade School) Air Jordan 1 Retro High OG &#039;Pollen&#039; 575441-701 - TOURCRUISER PTE. LTD<\/title>\n<meta name=\"robots\" content=\"index, follow, max-snippet:-1, max-image-preview:large, max-video-preview:-1\" \/>\n<link rel=\"canonical\" href=\"https:\/\/tourcruiser.com\/fr\/products\/grade-school-air-jordan-1-retro-high-og-pollen-575441-701\/\" \/>\n<meta property=\"og:locale\" content=\"fr_FR\" \/>\n<meta property=\"og:type\" content=\"article\" \/>\n<meta property=\"og:title\" content=\"(Grade School) Air Jordan 1 Retro High OG &#039;Pollen&#039; 575441-701 - TOURCRUISER PTE. LTD\" \/>\n<meta property=\"og:description\" content=\"La Air Jordan 1 Retro High OG \u00ab Pollen \u00bb revisite la silhouette iconique avec un look frais et dynamique. Son empeigne classique en cuir jaune et noir \u00e9clatant affirme un style audacieux. Gr\u00e2ce aux d\u00e9tails Air Jordan embl\u00e9matiques et \u00e0 un amorti confortable, elle offre style et performance aux enfants actifs du primaire. Enfilez [&hellip;]\" \/>\n<meta property=\"og:url\" content=\"https:\/\/tourcruiser.com\/fr\/products\/grade-school-air-jordan-1-retro-high-og-pollen-575441-701\/\" \/>\n<meta property=\"og:site_name\" content=\"Tourcruiser Sneaker Store\" \/>\n<meta property=\"article:modified_time\" content=\"2026-04-17T16:09:19+00:00\" \/>\n<meta name=\"twitter:card\" content=\"summary_large_image\" \/>\n<meta name=\"twitter:image\" content=\"https:\/\/images.novelship.com\/product\/_grade_school__air_jordan_1_retro_high_og__pollen__0_53351.jpeg;https:\/\/images.novelship.com\/product\/_grade_school__air_jordan_1_retro_high_og__pollen__1_53351.jpeg;https:\/\/images.novelship.com\/product\/_grade_school__air_jordan_1_retro_high_og__pollen__2_53351.jpeg;https:\/\/images.novelship.com\/product\/_grade_school__air_jordan_1_retro_high_og__pollen__3_53351.jpeg;https:\/\/images.novelship.com\/product\/_grade_school__air_jordan_1_retro_high_og__pollen__4_53351.jpeg;https:\/\/images.novelship.com\/product\/_grade_school__air_jordan_1_retro_high_og__pollen__5_53351.jpeg;https:\/\/images.novelship.com\/product\/_grade_school__air_jordan_1_retro_high_og__pollen__6_53351.jpeg;https:\/\/images.novelship.com\/product\/_grade_school__air_jordan_1_retro_high_og__pollen__7_53351.jpeg\" \/>\n<meta name=\"twitter:label1\" content=\"Dur\u00e9e de lecture estim\u00e9e\" \/>\n\t<meta name=\"twitter:data1\" content=\"1 minute\" \/>\n<script type=\"application\/ld+json\" class=\"yoast-schema-graph\">{\"@context\":\"https:\/\/schema.org\",\"@graph\":[{\"@type\":\"WebPage\",\"@id\":\"https:\/\/tourcruiser.com\/fr\/products\/grade-school-air-jordan-1-retro-high-og-pollen-575441-701\/\",\"url\":\"https:\/\/tourcruiser.com\/fr\/products\/grade-school-air-jordan-1-retro-high-og-pollen-575441-701\/\",\"name\":\"(Grade School) Air Jordan 1 Retro High OG 'Pollen' 575441-701 - TOURCRUISER PTE. LTD\",\"isPartOf\":{\"@id\":\"\/#website\"},\"primaryImageOfPage\":{\"@id\":\"https:\/\/tourcruiser.com\/fr\/products\/grade-school-air-jordan-1-retro-high-og-pollen-575441-701\/#primaryimage\"},\"image\":{\"@id\":\"https:\/\/tourcruiser.com\/fr\/products\/grade-school-air-jordan-1-retro-high-og-pollen-575441-701\/#primaryimage\"},\"thumbnailUrl\":\"https:\/\/images.novelship.com\/product\/_grade_school__air_jordan_1_retro_high_og__pollen__0_53351.jpeg;https:\/\/images.novelship.com\/product\/_grade_school__air_jordan_1_retro_high_og__pollen__1_53351.jpeg;https:\/\/images.novelship.com\/product\/_grade_school__air_jordan_1_retro_high_og__pollen__2_53351.jpeg;https:\/\/images.novelship.com\/product\/_grade_school__air_jordan_1_retro_high_og__pollen__3_53351.jpeg;https:\/\/images.novelship.com\/product\/_grade_school__air_jordan_1_retro_high_og__pollen__4_53351.jpeg;https:\/\/images.novelship.com\/product\/_grade_school__air_jordan_1_retro_high_og__pollen__5_53351.jpeg;https:\/\/images.novelship.com\/product\/_grade_school__air_jordan_1_retro_high_og__pollen__6_53351.jpeg;https:\/\/images.novelship.com\/product\/_grade_school__air_jordan_1_retro_high_og__pollen__7_53351.jpeg\",\"datePublished\":\"2026-04-16T10:17:16+00:00\",\"dateModified\":\"2026-04-17T16:09:19+00:00\",\"breadcrumb\":{\"@id\":\"https:\/\/tourcruiser.com\/fr\/products\/grade-school-air-jordan-1-retro-high-og-pollen-575441-701\/#breadcrumb\"},\"inLanguage\":\"fr-FR\",\"potentialAction\":[{\"@type\":\"ReadAction\",\"target\":[\"https:\/\/tourcruiser.com\/fr\/products\/grade-school-air-jordan-1-retro-high-og-pollen-575441-701\/\"]}]},{\"@type\":\"ImageObject\",\"inLanguage\":\"fr-FR\",\"@id\":\"https:\/\/tourcruiser.com\/fr\/products\/grade-school-air-jordan-1-retro-high-og-pollen-575441-701\/#primaryimage\",\"url\":\"https:\/\/images.novelship.com\/product\/_grade_school__air_jordan_1_retro_high_og__pollen__0_53351.jpeg;https:\/\/images.novelship.com\/product\/_grade_school__air_jordan_1_retro_high_og__pollen__1_53351.jpeg;https:\/\/images.novelship.com\/product\/_grade_school__air_jordan_1_retro_high_og__pollen__2_53351.jpeg;https:\/\/images.novelship.com\/product\/_grade_school__air_jordan_1_retro_high_og__pollen__3_53351.jpeg;https:\/\/images.novelship.com\/product\/_grade_school__air_jordan_1_retro_high_og__pollen__4_53351.jpeg;https:\/\/images.novelship.com\/product\/_grade_school__air_jordan_1_retro_high_og__pollen__5_53351.jpeg;https:\/\/images.novelship.com\/product\/_grade_school__air_jordan_1_retro_high_og__pollen__6_53351.jpeg;https:\/\/images.novelship.com\/product\/_grade_school__air_jordan_1_retro_high_og__pollen__7_53351.jpeg\",\"contentUrl\":\"https:\/\/images.novelship.com\/product\/_grade_school__air_jordan_1_retro_high_og__pollen__0_53351.jpeg;https:\/\/images.novelship.com\/product\/_grade_school__air_jordan_1_retro_high_og__pollen__1_53351.jpeg;https:\/\/images.novelship.com\/product\/_grade_school__air_jordan_1_retro_high_og__pollen__2_53351.jpeg;https:\/\/images.novelship.com\/product\/_grade_school__air_jordan_1_retro_high_og__pollen__3_53351.jpeg;https:\/\/images.novelship.com\/product\/_grade_school__air_jordan_1_retro_high_og__pollen__4_53351.jpeg;https:\/\/images.novelship.com\/product\/_grade_school__air_jordan_1_retro_high_og__pollen__5_53351.jpeg;https:\/\/images.novelship.com\/product\/_grade_school__air_jordan_1_retro_high_og__pollen__6_53351.jpeg;https:\/\/images.novelship.com\/product\/_grade_school__air_jordan_1_retro_high_og__pollen__7_53351.jpeg\"},{\"@type\":\"BreadcrumbList\",\"@id\":\"https:\/\/tourcruiser.com\/fr\/products\/grade-school-air-jordan-1-retro-high-og-pollen-575441-701\/#breadcrumb\",\"itemListElement\":[{\"@type\":\"ListItem\",\"position\":1,\"name\":\"Home\",\"item\":\"https:\/\/tourcruiser.com\/fr\/\"},{\"@type\":\"ListItem\",\"position\":2,\"name\":\"Shop\",\"item\":\"https:\/\/tourcruiser.com\/fr\/shop\/\"},{\"@type\":\"ListItem\",\"position\":3,\"name\":\"(Grade School) Air Jordan 1 Retro High OG &#8216;Pollen&#8217; 575441-701\"}]},{\"@type\":\"WebSite\",\"@id\":\"\/#website\",\"url\":\"\/\",\"name\":\"Styloral Jewelry Shop\",\"description\":\"Tourcruiser Sneaker Store \u2014 L\u2019endroit o\u00f9 l\u2019univers rencontre votre singularit\u00e9.\",\"publisher\":{\"@id\":\"\/#organization\"},\"potentialAction\":[{\"@type\":\"SearchAction\",\"target\":{\"@type\":\"EntryPoint\",\"urlTemplate\":\"\/?s={search_term_string}\"},\"query-input\":{\"@type\":\"PropertyValueSpecification\",\"valueRequired\":true,\"valueName\":\"search_term_string\"}}],\"inLanguage\":\"fr-FR\"},{\"@type\":\"Organization\",\"@id\":\"\/#organization\",\"name\":\"STYLORAL PTE. LTD\",\"url\":\"\/\",\"logo\":{\"@type\":\"ImageObject\",\"inLanguage\":\"fr-FR\",\"@id\":\"\/#\/schema\/logo\/image\/\",\"url\":\"https:\/\/www.tourcruiser.com\/wp-content\/uploads\/2025\/12\/logo.png\",\"contentUrl\":\"https:\/\/www.tourcruiser.com\/wp-content\/uploads\/2025\/12\/logo.png\",\"width\":200,\"height\":65,\"caption\":\"STYLORAL PTE. LTD\"},\"image\":{\"@id\":\"\/#\/schema\/logo\/image\/\"}}]}<\/script>\n<!-- \/ Yoast SEO plugin. -->","yoast_head_json":{"title":"(Grade School) Air Jordan 1 Retro High OG 'Pollen' 575441-701 - TOURCRUISER PTE. LTD","robots":{"index":"index","follow":"follow","max-snippet":"max-snippet:-1","max-image-preview":"max-image-preview:large","max-video-preview":"max-video-preview:-1"},"canonical":"https:\/\/tourcruiser.com\/fr\/products\/grade-school-air-jordan-1-retro-high-og-pollen-575441-701\/","og_locale":"fr_FR","og_type":"article","og_title":"(Grade School) Air Jordan 1 Retro High OG 'Pollen' 575441-701 - TOURCRUISER PTE. LTD","og_description":"La Air Jordan 1 Retro High OG \u00ab Pollen \u00bb revisite la silhouette iconique avec un look frais et dynamique. Son empeigne classique en cuir jaune et noir \u00e9clatant affirme un style audacieux. Gr\u00e2ce aux d\u00e9tails Air Jordan embl\u00e9matiques et \u00e0 un amorti confortable, elle offre style et performance aux enfants actifs du primaire. Enfilez [&hellip;]","og_url":"https:\/\/tourcruiser.com\/fr\/products\/grade-school-air-jordan-1-retro-high-og-pollen-575441-701\/","og_site_name":"Tourcruiser Sneaker Store","article_modified_time":"2026-04-17T16:09:19+00:00","twitter_card":"summary_large_image","twitter_image":"https:\/\/images.novelship.com\/product\/_grade_school__air_jordan_1_retro_high_og__pollen__0_53351.jpeg;https:\/\/images.novelship.com\/product\/_grade_school__air_jordan_1_retro_high_og__pollen__1_53351.jpeg;https:\/\/images.novelship.com\/product\/_grade_school__air_jordan_1_retro_high_og__pollen__2_53351.jpeg;https:\/\/images.novelship.com\/product\/_grade_school__air_jordan_1_retro_high_og__pollen__3_53351.jpeg;https:\/\/images.novelship.com\/product\/_grade_school__air_jordan_1_retro_high_og__pollen__4_53351.jpeg;https:\/\/images.novelship.com\/product\/_grade_school__air_jordan_1_retro_high_og__pollen__5_53351.jpeg;https:\/\/images.novelship.com\/product\/_grade_school__air_jordan_1_retro_high_og__pollen__6_53351.jpeg;https:\/\/images.novelship.com\/product\/_grade_school__air_jordan_1_retro_high_og__pollen__7_53351.jpeg","twitter_misc":{"Dur\u00e9e de lecture estim\u00e9e":"1 minute"},"schema":{"@context":"https:\/\/schema.org","@graph":[{"@type":"WebPage","@id":"https:\/\/tourcruiser.com\/fr\/products\/grade-school-air-jordan-1-retro-high-og-pollen-575441-701\/","url":"https:\/\/tourcruiser.com\/fr\/products\/grade-school-air-jordan-1-retro-high-og-pollen-575441-701\/","name":"(Grade School) Air Jordan 1 Retro High OG 'Pollen' 575441-701 - TOURCRUISER PTE. LTD","isPartOf":{"@id":"\/#website"},"primaryImageOfPage":{"@id":"https:\/\/tourcruiser.com\/fr\/products\/grade-school-air-jordan-1-retro-high-og-pollen-575441-701\/#primaryimage"},"image":{"@id":"https:\/\/tourcruiser.com\/fr\/products\/grade-school-air-jordan-1-retro-high-og-pollen-575441-701\/#primaryimage"},"thumbnailUrl":"https:\/\/images.novelship.com\/product\/_grade_school__air_jordan_1_retro_high_og__pollen__0_53351.jpeg;https:\/\/images.novelship.com\/product\/_grade_school__air_jordan_1_retro_high_og__pollen__1_53351.jpeg;https:\/\/images.novelship.com\/product\/_grade_school__air_jordan_1_retro_high_og__pollen__2_53351.jpeg;https:\/\/images.novelship.com\/product\/_grade_school__air_jordan_1_retro_high_og__pollen__3_53351.jpeg;https:\/\/images.novelship.com\/product\/_grade_school__air_jordan_1_retro_high_og__pollen__4_53351.jpeg;https:\/\/images.novelship.com\/product\/_grade_school__air_jordan_1_retro_high_og__pollen__5_53351.jpeg;https:\/\/images.novelship.com\/product\/_grade_school__air_jordan_1_retro_high_og__pollen__6_53351.jpeg;https:\/\/images.novelship.com\/product\/_grade_school__air_jordan_1_retro_high_og__pollen__7_53351.jpeg","datePublished":"2026-04-16T10:17:16+00:00","dateModified":"2026-04-17T16:09:19+00:00","breadcrumb":{"@id":"https:\/\/tourcruiser.com\/fr\/products\/grade-school-air-jordan-1-retro-high-og-pollen-575441-701\/#breadcrumb"},"inLanguage":"fr-FR","potentialAction":[{"@type":"ReadAction","target":["https:\/\/tourcruiser.com\/fr\/products\/grade-school-air-jordan-1-retro-high-og-pollen-575441-701\/"]}]},{"@type":"ImageObject","inLanguage":"fr-FR","@id":"https:\/\/tourcruiser.com\/fr\/products\/grade-school-air-jordan-1-retro-high-og-pollen-575441-701\/#primaryimage","url":"https:\/\/images.novelship.com\/product\/_grade_school__air_jordan_1_retro_high_og__pollen__0_53351.jpeg;https:\/\/images.novelship.com\/product\/_grade_school__air_jordan_1_retro_high_og__pollen__1_53351.jpeg;https:\/\/images.novelship.com\/product\/_grade_school__air_jordan_1_retro_high_og__pollen__2_53351.jpeg;https:\/\/images.novelship.com\/product\/_grade_school__air_jordan_1_retro_high_og__pollen__3_53351.jpeg;https:\/\/images.novelship.com\/product\/_grade_school__air_jordan_1_retro_high_og__pollen__4_53351.jpeg;https:\/\/images.novelship.com\/product\/_grade_school__air_jordan_1_retro_high_og__pollen__5_53351.jpeg;https:\/\/images.novelship.com\/product\/_grade_school__air_jordan_1_retro_high_og__pollen__6_53351.jpeg;https:\/\/images.novelship.com\/product\/_grade_school__air_jordan_1_retro_high_og__pollen__7_53351.jpeg","contentUrl":"https:\/\/images.novelship.com\/product\/_grade_school__air_jordan_1_retro_high_og__pollen__0_53351.jpeg;https:\/\/images.novelship.com\/product\/_grade_school__air_jordan_1_retro_high_og__pollen__1_53351.jpeg;https:\/\/images.novelship.com\/product\/_grade_school__air_jordan_1_retro_high_og__pollen__2_53351.jpeg;https:\/\/images.novelship.com\/product\/_grade_school__air_jordan_1_retro_high_og__pollen__3_53351.jpeg;https:\/\/images.novelship.com\/product\/_grade_school__air_jordan_1_retro_high_og__pollen__4_53351.jpeg;https:\/\/images.novelship.com\/product\/_grade_school__air_jordan_1_retro_high_og__pollen__5_53351.jpeg;https:\/\/images.novelship.com\/product\/_grade_school__air_jordan_1_retro_high_og__pollen__6_53351.jpeg;https:\/\/images.novelship.com\/product\/_grade_school__air_jordan_1_retro_high_og__pollen__7_53351.jpeg"},{"@type":"BreadcrumbList","@id":"https:\/\/tourcruiser.com\/fr\/products\/grade-school-air-jordan-1-retro-high-og-pollen-575441-701\/#breadcrumb","itemListElement":[{"@type":"ListItem","position":1,"name":"Home","item":"https:\/\/tourcruiser.com\/fr\/"},{"@type":"ListItem","position":2,"name":"Shop","item":"https:\/\/tourcruiser.com\/fr\/shop\/"},{"@type":"ListItem","position":3,"name":"(Grade School) Air Jordan 1 Retro High OG &#8216;Pollen&#8217; 575441-701"}]},{"@type":"WebSite","@id":"\/#website","url":"\/","name":"Styloral Jewelry Shop","description":"Tourcruiser Sneaker Store \u2014 L\u2019endroit o\u00f9 l\u2019univers rencontre votre singularit\u00e9.","publisher":{"@id":"\/#organization"},"potentialAction":[{"@type":"SearchAction","target":{"@type":"EntryPoint","urlTemplate":"\/?s={search_term_string}"},"query-input":{"@type":"PropertyValueSpecification","valueRequired":true,"valueName":"search_term_string"}}],"inLanguage":"fr-FR"},{"@type":"Organization","@id":"\/#organization","name":"STYLORAL PTE. LTD","url":"\/","logo":{"@type":"ImageObject","inLanguage":"fr-FR","@id":"\/#\/schema\/logo\/image\/","url":"https:\/\/www.tourcruiser.com\/wp-content\/uploads\/2025\/12\/logo.png","contentUrl":"https:\/\/www.tourcruiser.com\/wp-content\/uploads\/2025\/12\/logo.png","width":200,"height":65,"caption":"STYLORAL PTE. LTD"},"image":{"@id":"\/#\/schema\/logo\/image\/"}}]}},"_links":{"self":[{"href":"https:\/\/tourcruiser.com\/fr\/wp-json\/wp\/v2\/product\/775398","targetHints":{"allow":["GET"]}}],"collection":[{"href":"https:\/\/tourcruiser.com\/fr\/wp-json\/wp\/v2\/product"}],"about":[{"href":"https:\/\/tourcruiser.com\/fr\/wp-json\/wp\/v2\/types\/product"}],"replies":[{"embeddable":true,"href":"https:\/\/tourcruiser.com\/fr\/wp-json\/wp\/v2\/comments?post=775398"}],"wp:featuredmedia":[{"embeddable":true,"href":"https:\/\/tourcruiser.com\/fr\/wp-json\/wp\/v2\/media\/775399"}],"wp:attachment":[{"href":"https:\/\/tourcruiser.com\/fr\/wp-json\/wp\/v2\/media?parent=775398"}],"wp:term":[{"taxonomy":"product_brand","embeddable":true,"href":"https:\/\/tourcruiser.com\/fr\/wp-json\/wp\/v2\/product_brand?post=775398"},{"taxonomy":"product_cat","embeddable":true,"href":"https:\/\/tourcruiser.com\/fr\/wp-json\/wp\/v2\/product_cat?post=775398"},{"taxonomy":"product_tag","embeddable":true,"href":"https:\/\/tourcruiser.com\/fr\/wp-json\/wp\/v2\/product_tag?post=775398"}],"curies":[{"name":"wp","href":"https:\/\/api.w.org\/{rel}","templated":true}]}}